{"id":12778,"date":"2024-11-09T22:42:55","date_gmt":"2024-11-09T20:42:55","guid":{"rendered":"https:\/\/nhkmachineryparts.com\/?post_type=product&#038;p=12778"},"modified":"2026-02-27T15:48:56","modified_gmt":"2026-02-27T13:48:56","slug":"higieniczne-nozki-maszyny-z-2-plytkami-blokujacymi-podloze-i-uszczelnionym-zabezpieczonym-wrzecionem","status":"publish","type":"product","link":"https:\/\/nhkmachineryparts.com\/pl\/product\/hygienic-machine-feet-with-2-floor-locking-plates-and-sealed-protected-spindle\/","title":{"rendered":"3-A machine feet with 2 floor locking plates\u00a0"},"content":{"rendered":"<section class=\"vc_row vc_custom_1662993827263 liquid-row-shadowbox-69d3ca47e24d0 vc_column-gap-0\"><div class=\"ld-container container\"><div class=\"row ld-row ld-row-outer\"><div class=\"wpb_column vc_column_container vc_col-sm-12 liquid-column-69d3ca47e26a7\"><div class=\"vc_column-inner\" ><div class=\"wpb_wrapper\"  >\n\t<div class=\"wpb_text_column wpb_content_element\" >\n\t\t<div class=\"wpb_wrapper\">\n\t\t\t<h2>Doskona\u0142o\u015b\u0107 na miar\u0119: Indywidualne rozwi\u0105zania przemys\u0142owe dla potrzeb sanitarnych<\/h2>\n<p><a href=\"https:\/\/nhkmachineryparts.com\/pl\/produkt\/301-stopy-maszyna-w-uszczelnionej-higienicznej-konstrukcji-shmf-z-plyta-blokujaca-podloge\/\" data-internallinksmanager029f6b8e52c=\"20\" title=\"stopy maszyny\">Stopy maszynowe<\/a> w szczelnej, higienicznej konstrukcji z gumow\u0105 podstaw\u0105 redukuj\u0105c\u0105 wibracje i zapewniaj\u0105c\u0105 w\u0142a\u015bciwo\u015bci antypo\u015blizgowe<br \/>\nNasze uszczelnione, higieniczne n\u00f3\u017cki maszynowe posiadaj\u0105 certyfikat FDA (FDA CFR 21 177 2600) z unikalnym numerem identyfikacyjnym partii umo\u017cliwiaj\u0105cym identyfikowalno\u015b\u0107 bezpiecze\u0144stwa \u017cywno\u015bci<\/p>\n<p><a href=\"https:\/\/nhkmachineryparts.com\/pl\/sklep\/linia-produkcyjna-2\/nozki-poziomujace-maszyne-o-higienicznej-konstrukcji\/sanitary-machine-feet-with-protected-spindle\/\">Wypr\u00f3buj nasz selektor produkt\u00f3w<\/a><\/p>\n<h3>Stopy maszynowe w szczelnej, higienicznej konstrukcji. Cechy i zalety<\/h3>\n<p>Uszczelnione, higieniczne n\u00f3\u017cki maszyny maj\u0105 zaokr\u0105glony, higieniczny kszta\u0142t, dzi\u0119ki czemu s\u0105 \u0142atwe do czyszczenia.<br \/>\nUszczelnione, higieniczne n\u00f3\u017cki maszyn wytrzymuj\u0105 nachylenie pod\u0142\u00f3g i urz\u0105dze\u0144 do 10 stopni.<\/p>\n<h3>Stopy maszynowe wykonane z uszczelnionych, higienicznych materia\u0142\u00f3w<\/h3>\n<p>Uszczelnione higieniczne n\u00f3\u017cki maszynowe wykonane z wulkanizowanej gumy z certyfikatem FDA zgodnym z FDA CFR 21 177 2600.<\/p>\n<p>Opis materia\u0142u p\u0142yty podstawy:<br \/>\nStal nierdzewna Aisi 304 lub Aisi 316<\/p>\n<p>Opis materia\u0142u wrzeciona:<br \/>\nStal nierdzewna A2-70 lub A4-70<\/p>\n<p>Opis materia\u0142u podstawy gumy:<br \/>\nKauczuk NBR (kauczuk nitrylowy nr CAS 9005-98-5)<br \/>\nCertyfikat FDA zgodny z FDA CFR 21 177 2600<\/p>\n<p>Wszystkie materia\u0142y charakteryzuj\u0105 si\u0119 wysok\u0105 odporno\u015bci\u0105 na chemikalia i powszechnie stosowane \u015brodki czyszcz\u0105ce oraz na odporne oleje i t\u0142uszcze.<\/p>\n<h3>Stopy maszynowe w szczelnych, higienicznych rozmiarach<\/h3>\n<p>Uszczelnione, higieniczne podstawy pod stopy maszyn s\u0105 dost\u0119pne w szerokiej gamie, zapewniaj\u0105c optymaln\u0105 elastyczno\u015b\u0107 i wyb\u00f3r.<\/p>\n<table class=\"dcf-table dcf-table-responsive dcf-table-bordered dcf-w-100%\">\n<thead>\n<tr>\n<th scope=\"col\">Typ bazowy<\/th>\n<th scope=\"col\">\u015arednica podstawy D<\/th>\n<th scope=\"col\">Nie m. Obci\u0105\u017cenie<\/th>\n<\/tr>\n<\/thead>\n<tbody>\n<tr>\n<td data-label=\"HMF Base Size\">HMF-62<\/td>\n<td data-label=\"Base Diameter D\">60mm<\/td>\n<td data-label=\"Nom. Load \">7.000 N<\/td>\n<\/tr>\n<tr>\n<td data-label=\"HMF Base Size\">HMF-82<\/td>\n<td data-label=\"Base Diameter D\">80mm<\/td>\n<td data-label=\"Nom. Load \">15.000 N<\/td>\n<\/tr>\n<tr>\n<td data-label=\"HMF Base Size\">HMF-102<\/td>\n<td data-label=\"Base Diameter D\">100mm<\/td>\n<td data-label=\"Nom. Load \">20.000 N<\/td>\n<\/tr>\n<tr>\n<td data-label=\"HMF Base Size\">HMF-122<\/td>\n<td data-label=\"Base Diameter D\">120mm<\/td>\n<td data-label=\"Nom. Load \">30 000 N<\/td>\n<\/tr>\n<\/tbody>\n<\/table>\n<p>Uszczelnione, higieniczne wrzeciona n\u00f3\u017cek maszynowych z tulej\u0105 ochronn\u0105 s\u0105 dost\u0119pne w szerokiej gamie, zapewniaj\u0105c optymaln\u0105 elastyczno\u015b\u0107 i wyb\u00f3r.<\/p>\n<div class=\"dcf-overflow-x-auto\" tabindex=\"0\">\n<table class=\"dcf-table dcf-table-bordered dcf-w-100%\">\n<caption>SHMF \u015arednica wrzeciona i tulei<\/caption>\n<tbody>\n<tr>\n<td>M16<\/td>\n<td>M20<\/td>\n<td>M24<\/td>\n<td>M30<\/td>\n<td>M36<\/td>\n<td>M42<\/td>\n<td>M48<\/td>\n<\/tr>\n<\/tbody>\n<\/table>\n<\/div>\n<div class=\"dcf-overflow-x-auto\" tabindex=\"0\">\n<table class=\"dcf-table dcf-table-bordered dcf-w-100%\">\n<caption>SHMF D\u0142ugo\u015b\u0107 wrzeciona (L) i d\u0142ugo\u015b\u0107 tulei (H)<\/caption>\n<tbody>\n<tr>\n<td>D\u0142.=135 mm Wys.=55 mm<\/td>\n<td>Min. 80 mm do maks. 120 mm<\/td>\n<\/tr>\n<tr>\n<td>D\u0142.=175 mm Wys.=75 mm<\/td>\n<td>Min. 100 mm do maks. 160 mm<\/td>\n<\/tr>\n<tr>\n<td>D\u0142.=215 mm Wys.=95 mm<\/td>\n<td>Min. 120 mm do maks. 200 mm<\/td>\n<\/tr>\n<tr>\n<td>D\u0142.=255 mm Wys.=115 mm<\/td>\n<td>Min. 140 mm do maks. 240 mm<\/td>\n<\/tr>\n<tr>\n<td>D\u0142.=295 mm Wys.=125 mm<\/td>\n<td>Min. 180 mm do maks. 280 mm<\/td>\n<\/tr>\n<\/tbody>\n<\/table>\n<\/div>\n<p>W przypadku innych d\u0142ugo\u015bci trzpienia gwintowanego (L) prosimy o kontakt<br \/>\nGwinty calowe dost\u0119pne s\u0105 na zam\u00f3wienie<br \/>\nGwint mo\u017cna r\u00f3wnie\u017c dostosowa\u0107 zgodnie z konkretnym \u017c\u0105daniem, np. gwintem trapezowym itp.<\/p>\n<h3>Stopy maszynowe w szczelnej, higienicznej wersji, opcja dostawy<\/h3>\n<p>W przypadku du\u017cych zam\u00f3wie\u0144 oferujemy dostaw\u0119 podstawy i wrzecion oddzielnie<br \/>\nZalet\u0105 jest elastyczno\u015b\u0107 dla klienta korzystaj\u0105cego z wielu r\u00f3\u017cnych rozmiar\u00f3w wrzecion.<\/p>\n<h2>Higieniczne n\u00f3\u017cki maszyny z 2 p\u0142ytkami blokuj\u0105cymi pod\u0142og\u0119 i uszczelnionym, zabezpieczonym wrzecionem<\/h2>\n<h3 data-start=\"59\" data-end=\"112\">Optymalna stabilno\u015b\u0107 dzi\u0119ki podw\u00f3jnym p\u0142ytom blokuj\u0105cym pod\u0142og\u0119<\/h3>\n<p data-start=\"113\" data-end=\"483\">Nasze innowacyjne higieniczne n\u00f3\u017cki maszynowe s\u0105 zaprojektowane z my\u015bl\u0105 o doskona\u0142ej stabilno\u015bci w wymagaj\u0105cych \u015brodowiskach przemys\u0142owych. Wyposa\u017cone w dwie solidne p\u0142yty blokuj\u0105ce pod\u0142og\u0119, te n\u00f3\u017cki maszynowe mocno trzymaj\u0105 ci\u0119\u017cki sprz\u0119t na miejscu. Podw\u00f3jny system blokowania r\u00f3wnomiernie rozk\u0142ada ci\u0119\u017car, minimalizuje wibracje i zapobiega niepo\u017c\u0105danym ruchom, zapewniaj\u0105c optymalne bezpiecze\u0144stwo operacyjne i wydajno\u015b\u0107.<\/p>\n<h3 data-start=\"485\" data-end=\"527\">Zwi\u0119kszona higiena i \u0142atwa konserwacja<\/h3>\n<p data-start=\"528\" data-end=\"944\">Zaprojektowane z my\u015bl\u0105 o czystych \u015brodowiskach, nasze higieniczne n\u00f3\u017cki maszynowe s\u0105 idealne do <a href=\"https:\/\/nhkmachineryparts.com\/pl\/our-industries\/\" data-internallinksmanager029f6b8e52c=\"4\" title=\"Nasze bran\u017ce\">bran\u017ce<\/a> wymagaj\u0105cych \u015bcis\u0142ych norm sanitarnych, takich jak przetw\u00f3rstwo \u017cywno\u015bci, farmaceutyka i pomieszczenia czyste. G\u0142adka, odporna na zanieczyszczenia powierzchnia nie tylko spe\u0142nia wymagania higieniczne, ale tak\u017ce upraszcza czyszczenie i konserwacj\u0119. Skr\u00f3cony czas przestoju i ni\u017csze koszty konserwacji to znacz\u0105ce zalety tej najnowocze\u015bniejszej konstrukcji.<\/p>\n<h3 data-start=\"946\" data-end=\"995\">Zaawansowana technologia uszczelnionego i chronionego wrzeciona<\/h3>\n<p data-start=\"996\" data-end=\"1377\">Kluczow\u0105 cech\u0105 naszego systemu jest uszczelniony, chroniony wrzeciono, kt\u00f3re jest zbudowane tak, aby wytrzyma\u0107 trudne warunki. Ta zaawansowana technologia zapobiega przedostawaniu si\u0119 kurzu, wilgoci i chemikali\u00f3w, zapewniaj\u0105c, \u017ce wrzeciono pozostaje w szczytowym stanie. Uszczelniona konstrukcja wyd\u0142u\u017ca \u017cywotno\u015b\u0107 sprz\u0119tu, utrzymuj\u0105c jednocze\u015bnie sta\u0142\u0105 wydajno\u015b\u0107 przy du\u017cym obci\u0105\u017ceniu i trudnych warunkach.<\/p>\n<h3 data-start=\"1379\" data-end=\"1438\">Indywidualne rozwi\u0105zania na zam\u00f3wienie dla doskona\u0142o\u015bci przemys\u0142owej<\/h3>\n<p data-start=\"1439\" data-end=\"1935\">Rozumiemy, \u017ce ka\u017cde zastosowanie przemys\u0142owe ma wyj\u0105tkowe wymagania. Dlatego nasze higieniczne stopy maszynowe s\u0105 dost\u0119pne jako rozwi\u0105zania szyte na miar\u0119, dostosowane do Twoich konkretnych potrzeb. Niezale\u017cnie od tego, czy potrzebujesz zwi\u0119kszonej stabilno\u015bci dla ci\u0119\u017ckich maszyn, czy zaawansowanych standard\u00f3w higieny dla wra\u017cliwych obszar\u00f3w produkcyjnych, nasze niestandardowe opcje zapewniaj\u0105 niezr\u00f3wnan\u0105 niezawodno\u015b\u0107. Zainwestuj w nasze innowacyjne stopy maszynowe, aby zwi\u0119kszy\u0107 wydajno\u015b\u0107 operacyjn\u0105, obni\u017cy\u0107 koszty konserwacji i osi\u0105gn\u0105\u0107 d\u0142ugoterminow\u0105 trwa\u0142o\u015b\u0107 w swoim zak\u0142adzie.<\/p>\n<h3 data-start=\"0\" data-end=\"57\">Innowacyjne higieniczne n\u00f3\u017cki maszynowe zapewniaj\u0105ce lepsz\u0105 stabilno\u015b\u0107<\/h3>\n<p data-start=\"1937\" data-end=\"2258\" data-is-last-node=\"\" data-is-only-node=\"\">Nasze zaanga\u017cowanie w jako\u015b\u0107 i precyzj\u0119 jest widoczne w ka\u017cdym aspekcie konstrukcji naszych st\u00f3p maszynowych. Dzi\u0119ki integracji in\u017cynierii, podw\u00f3jnych mechanizm\u00f3w blokuj\u0105cych i technologii uszczelnionego wrzeciona dostarczamy rozwi\u0105zania, kt\u00f3re spe\u0142niaj\u0105 najwy\u017csze standardy bran\u017cowe. Wybierz nasze higieniczne stopy maszynowe, aby zapewni\u0107 bezpieczniejsz\u0105, czystsz\u0105 i wydajniejsz\u0105 prac\u0119.<\/p>\n\n\t\t<\/div>\n\t<\/div>\n<\/div><\/div><\/div><\/div><\/div><\/section>","protected":false},"excerpt":{"rendered":"Tailored Excellence: Bespoke Industrial Solutions for Sanitary Need Machine feet in sealed hygienic design with rubber base for vibration reduction and anti-slip properties Our sealed hygienic machine feet are provided with FDA certificate (FDA CFR 21 177 2600) with unique batch ID number for food safety traceability Try our product selector Machine feet in sealed [...]","protected":false},"featured_media":12779,"template":"","meta":[],"product_brand":[],"product_cat":[98],"product_tag":[],"class_list":{"0":"post-12778","1":"product","2":"type-product","3":"status-publish","4":"has-post-thumbnail","6":"product_cat-ehedg-certified-3a-ssi-standard-components","8":"first","9":"instock","10":"shipping-taxable","11":"product-type-simple"},"yoast_head":"<!-- This site is optimized with the Yoast SEO plugin v27.3 - https:\/\/yoast.com\/product\/yoast-seo-wordpress\/ -->\n<title>3-A machine feet with 2 floor locking plates\u00a0 | NHK Machinery Parts<\/title>\n<meta name=\"description\" content=\"Revolutionize your operations with hygienic machine feet engineered for unmatched stability and protection. Unmatched Stability with Hygienic Machine Feet.\" \/>\n<meta name=\"robots\" content=\"index, follow, max-snippet:-1, max-image-preview:large, max-video-preview:-1\" \/>\n<link rel=\"canonical\" href=\"https:\/\/nhkmachineryparts.com\/pl\/produkt\/higieniczne-nozki-maszyny-z-2-plytkami-blokujacymi-podloze-i-uszczelnionym-zabezpieczonym-wrzecionem\/\" \/>\n<meta property=\"og:locale\" content=\"pl_PL\" \/>\n<meta property=\"og:type\" content=\"article\" \/>\n<meta property=\"og:title\" content=\"3-A machine feet with 2 floor locking plates\u00a0 | NHK Machinery Parts\" \/>\n<meta property=\"og:description\" content=\"Revolutionize your operations with hygienic machine feet engineered for unmatched stability and protection. Unmatched Stability with Hygienic Machine Feet.\" \/>\n<meta property=\"og:url\" content=\"https:\/\/nhkmachineryparts.com\/pl\/produkt\/higieniczne-nozki-maszyny-z-2-plytkami-blokujacymi-podloze-i-uszczelnionym-zabezpieczonym-wrzecionem\/\" \/>\n<meta property=\"og:site_name\" content=\"NHK Machinery Parts\" \/>\n<meta property=\"article:publisher\" content=\"https:\/\/www.facebook.com\/NHK.Group.aps\" \/>\n<meta property=\"article:modified_time\" content=\"2026-02-27T13:48:56+00:00\" \/>\n<meta property=\"og:image\" content=\"https:\/\/nhkmachineryparts.com\/wp-content\/uploads\/2024\/11\/HMF-x2-3A-1.jpg\" \/>\n\t<meta property=\"og:image:width\" content=\"1000\" \/>\n\t<meta property=\"og:image:height\" content=\"1006\" \/>\n\t<meta property=\"og:image:type\" content=\"image\/jpeg\" \/>\n<meta name=\"twitter:card\" content=\"summary_large_image\" \/>\n<meta name=\"twitter:label1\" content=\"Szacowany czas czytania\" \/>\n\t<meta name=\"twitter:data1\" content=\"4 minuty\" \/>\n<script type=\"application\/ld+json\" class=\"yoast-schema-graph\">{\"@context\":\"https:\\\/\\\/schema.org\",\"@graph\":[{\"@type\":\"WebPage\",\"@id\":\"https:\\\/\\\/nhkmachineryparts.com\\\/product\\\/hygienic-machine-feet-with-2-floor-locking-plates-and-sealed-protected-spindle\\\/\",\"url\":\"https:\\\/\\\/nhkmachineryparts.com\\\/product\\\/hygienic-machine-feet-with-2-floor-locking-plates-and-sealed-protected-spindle\\\/\",\"name\":\"3-A machine feet with 2 floor locking plates\u00a0 | NHK Machinery Parts\",\"isPartOf\":{\"@id\":\"https:\\\/\\\/nhkmachineryparts.com\\\/#website\"},\"primaryImageOfPage\":{\"@id\":\"https:\\\/\\\/nhkmachineryparts.com\\\/product\\\/hygienic-machine-feet-with-2-floor-locking-plates-and-sealed-protected-spindle\\\/#primaryimage\"},\"image\":{\"@id\":\"https:\\\/\\\/nhkmachineryparts.com\\\/product\\\/hygienic-machine-feet-with-2-floor-locking-plates-and-sealed-protected-spindle\\\/#primaryimage\"},\"thumbnailUrl\":\"https:\\\/\\\/nhkmachineryparts.com\\\/wp-content\\\/uploads\\\/2024\\\/11\\\/HMF-x2-3A-1.jpg\",\"datePublished\":\"2024-11-09T20:42:55+00:00\",\"dateModified\":\"2026-02-27T13:48:56+00:00\",\"description\":\"Revolutionize your operations with hygienic machine feet engineered for unmatched stability and protection. Unmatched Stability with Hygienic Machine Feet.\",\"breadcrumb\":{\"@id\":\"https:\\\/\\\/nhkmachineryparts.com\\\/product\\\/hygienic-machine-feet-with-2-floor-locking-plates-and-sealed-protected-spindle\\\/#breadcrumb\"},\"inLanguage\":\"pl-PL\",\"potentialAction\":[{\"@type\":\"ReadAction\",\"target\":[\"https:\\\/\\\/nhkmachineryparts.com\\\/product\\\/hygienic-machine-feet-with-2-floor-locking-plates-and-sealed-protected-spindle\\\/\"]}]},{\"@type\":\"ImageObject\",\"inLanguage\":\"pl-PL\",\"@id\":\"https:\\\/\\\/nhkmachineryparts.com\\\/product\\\/hygienic-machine-feet-with-2-floor-locking-plates-and-sealed-protected-spindle\\\/#primaryimage\",\"url\":\"https:\\\/\\\/nhkmachineryparts.com\\\/wp-content\\\/uploads\\\/2024\\\/11\\\/HMF-x2-3A-1.jpg\",\"contentUrl\":\"https:\\\/\\\/nhkmachineryparts.com\\\/wp-content\\\/uploads\\\/2024\\\/11\\\/HMF-x2-3A-1.jpg\",\"width\":1000,\"height\":1006,\"caption\":\"Hygienic machine feet with 2 floor locking plates\u00a0and sealed protected spindle\"},{\"@type\":\"BreadcrumbList\",\"@id\":\"https:\\\/\\\/nhkmachineryparts.com\\\/product\\\/hygienic-machine-feet-with-2-floor-locking-plates-and-sealed-protected-spindle\\\/#breadcrumb\",\"itemListElement\":[{\"@type\":\"ListItem\",\"position\":1,\"name\":\"Home\",\"item\":\"https:\\\/\\\/nhkmachineryparts.com\\\/\"},{\"@type\":\"ListItem\",\"position\":2,\"name\":\"Product line\",\"item\":\"https:\\\/\\\/nhkmachineryparts.com\\\/product-line\\\/\"},{\"@type\":\"ListItem\",\"position\":3,\"name\":\"Certified EHEDG standard components\",\"item\":\"https:\\\/\\\/nhkmachineryparts.com\\\/product-line\\\/ehedg-certified-3a-ssi-standard-components\\\/\"},{\"@type\":\"ListItem\",\"position\":4,\"name\":\"3-A machine feet with 2 floor locking plates\u00a0\"}]},{\"@type\":\"WebSite\",\"@id\":\"https:\\\/\\\/nhkmachineryparts.com\\\/#website\",\"url\":\"https:\\\/\\\/nhkmachineryparts.com\\\/\",\"name\":\"NHK Machinery Parts\",\"description\":\"Bearing Houses, seismic levelling feet and levelling castors\",\"publisher\":{\"@id\":\"https:\\\/\\\/nhkmachineryparts.com\\\/#organization\"},\"potentialAction\":[{\"@type\":\"SearchAction\",\"target\":{\"@type\":\"EntryPoint\",\"urlTemplate\":\"https:\\\/\\\/nhkmachineryparts.com\\\/?s={search_term_string}\"},\"query-input\":{\"@type\":\"PropertyValueSpecification\",\"valueRequired\":true,\"valueName\":\"search_term_string\"}}],\"inLanguage\":\"pl-PL\"},{\"@type\":\"Organization\",\"@id\":\"https:\\\/\\\/nhkmachineryparts.com\\\/#organization\",\"name\":\"Nhk Group ApS\",\"url\":\"https:\\\/\\\/nhkmachineryparts.com\\\/\",\"logo\":{\"@type\":\"ImageObject\",\"inLanguage\":\"pl-PL\",\"@id\":\"https:\\\/\\\/nhkmachineryparts.com\\\/#\\\/schema\\\/logo\\\/image\\\/\",\"url\":\"https:\\\/\\\/nhkmachineryparts.com\\\/wp-content\\\/uploads\\\/2022\\\/09\\\/NHKgroup_social.jpg\",\"contentUrl\":\"https:\\\/\\\/nhkmachineryparts.com\\\/wp-content\\\/uploads\\\/2022\\\/09\\\/NHKgroup_social.jpg\",\"width\":1200,\"height\":630,\"caption\":\"Nhk Group ApS\"},\"image\":{\"@id\":\"https:\\\/\\\/nhkmachineryparts.com\\\/#\\\/schema\\\/logo\\\/image\\\/\"},\"sameAs\":[\"https:\\\/\\\/www.facebook.com\\\/NHK.Group.aps\"]}]}<\/script>\n<!-- \/ Yoast SEO plugin. -->","yoast_head_json":{"title":"3-A machine feet with 2 floor locking plates\u00a0 | NHK Machinery Parts","description":"Zrewolucjonizuj swoje operacje dzi\u0119ki higienicznym stopkom maszynowym zaprojektowanym dla niezr\u00f3wnanej stabilno\u015bci i ochrony. Niezr\u00f3wnana stabilno\u015b\u0107 dzi\u0119ki higienicznym stopkom maszynowym.","robots":{"index":"index","follow":"follow","max-snippet":"max-snippet:-1","max-image-preview":"max-image-preview:large","max-video-preview":"max-video-preview:-1"},"canonical":"https:\/\/nhkmachineryparts.com\/pl\/produkt\/higieniczne-nozki-maszyny-z-2-plytkami-blokujacymi-podloze-i-uszczelnionym-zabezpieczonym-wrzecionem\/","og_locale":"pl_PL","og_type":"article","og_title":"3-A machine feet with 2 floor locking plates\u00a0 | NHK Machinery Parts","og_description":"Revolutionize your operations with hygienic machine feet engineered for unmatched stability and protection. Unmatched Stability with Hygienic Machine Feet.","og_url":"https:\/\/nhkmachineryparts.com\/pl\/produkt\/higieniczne-nozki-maszyny-z-2-plytkami-blokujacymi-podloze-i-uszczelnionym-zabezpieczonym-wrzecionem\/","og_site_name":"NHK Machinery Parts","article_publisher":"https:\/\/www.facebook.com\/NHK.Group.aps","article_modified_time":"2026-02-27T13:48:56+00:00","og_image":[{"width":1000,"height":1006,"url":"https:\/\/nhkmachineryparts.com\/wp-content\/uploads\/2024\/11\/HMF-x2-3A-1.jpg","type":"image\/jpeg"}],"twitter_card":"summary_large_image","twitter_misc":{"Szacowany czas czytania":"4 minuty"},"schema":{"@context":"https:\/\/schema.org","@graph":[{"@type":"WebPage","@id":"https:\/\/nhkmachineryparts.com\/product\/hygienic-machine-feet-with-2-floor-locking-plates-and-sealed-protected-spindle\/","url":"https:\/\/nhkmachineryparts.com\/product\/hygienic-machine-feet-with-2-floor-locking-plates-and-sealed-protected-spindle\/","name":"3-A machine feet with 2 floor locking plates\u00a0 | NHK Machinery Parts","isPartOf":{"@id":"https:\/\/nhkmachineryparts.com\/#website"},"primaryImageOfPage":{"@id":"https:\/\/nhkmachineryparts.com\/product\/hygienic-machine-feet-with-2-floor-locking-plates-and-sealed-protected-spindle\/#primaryimage"},"image":{"@id":"https:\/\/nhkmachineryparts.com\/product\/hygienic-machine-feet-with-2-floor-locking-plates-and-sealed-protected-spindle\/#primaryimage"},"thumbnailUrl":"https:\/\/nhkmachineryparts.com\/wp-content\/uploads\/2024\/11\/HMF-x2-3A-1.jpg","datePublished":"2024-11-09T20:42:55+00:00","dateModified":"2026-02-27T13:48:56+00:00","description":"Zrewolucjonizuj swoje operacje dzi\u0119ki higienicznym stopkom maszynowym zaprojektowanym dla niezr\u00f3wnanej stabilno\u015bci i ochrony. Niezr\u00f3wnana stabilno\u015b\u0107 dzi\u0119ki higienicznym stopkom maszynowym.","breadcrumb":{"@id":"https:\/\/nhkmachineryparts.com\/product\/hygienic-machine-feet-with-2-floor-locking-plates-and-sealed-protected-spindle\/#breadcrumb"},"inLanguage":"pl-PL","potentialAction":[{"@type":"ReadAction","target":["https:\/\/nhkmachineryparts.com\/product\/hygienic-machine-feet-with-2-floor-locking-plates-and-sealed-protected-spindle\/"]}]},{"@type":"ImageObject","inLanguage":"pl-PL","@id":"https:\/\/nhkmachineryparts.com\/product\/hygienic-machine-feet-with-2-floor-locking-plates-and-sealed-protected-spindle\/#primaryimage","url":"https:\/\/nhkmachineryparts.com\/wp-content\/uploads\/2024\/11\/HMF-x2-3A-1.jpg","contentUrl":"https:\/\/nhkmachineryparts.com\/wp-content\/uploads\/2024\/11\/HMF-x2-3A-1.jpg","width":1000,"height":1006,"caption":"Hygienic machine feet with 2 floor locking plates\u00a0and sealed protected spindle"},{"@type":"BreadcrumbList","@id":"https:\/\/nhkmachineryparts.com\/product\/hygienic-machine-feet-with-2-floor-locking-plates-and-sealed-protected-spindle\/#breadcrumb","itemListElement":[{"@type":"ListItem","position":1,"name":"Home","item":"https:\/\/nhkmachineryparts.com\/"},{"@type":"ListItem","position":2,"name":"Product line","item":"https:\/\/nhkmachineryparts.com\/product-line\/"},{"@type":"ListItem","position":3,"name":"Certified EHEDG standard components","item":"https:\/\/nhkmachineryparts.com\/product-line\/ehedg-certified-3a-ssi-standard-components\/"},{"@type":"ListItem","position":4,"name":"3-A machine feet with 2 floor locking plates\u00a0"}]},{"@type":"WebSite","@id":"https:\/\/nhkmachineryparts.com\/#website","url":"https:\/\/nhkmachineryparts.com\/","name":"Cz\u0119\u015bci maszyn NHK","description":"Obudowy \u0142o\u017cyskowe, sejsmiczne stopy poziomuj\u0105ce i k\u00f3\u0142ka poziomuj\u0105ce","publisher":{"@id":"https:\/\/nhkmachineryparts.com\/#organization"},"potentialAction":[{"@type":"SearchAction","target":{"@type":"EntryPoint","urlTemplate":"https:\/\/nhkmachineryparts.com\/?s={search_term_string}"},"query-input":{"@type":"PropertyValueSpecification","valueRequired":true,"valueName":"search_term_string"}}],"inLanguage":"pl-PL"},{"@type":"Organization","@id":"https:\/\/nhkmachineryparts.com\/#organization","name":"ApS Grupy Nhk","url":"https:\/\/nhkmachineryparts.com\/","logo":{"@type":"ImageObject","inLanguage":"pl-PL","@id":"https:\/\/nhkmachineryparts.com\/#\/schema\/logo\/image\/","url":"https:\/\/nhkmachineryparts.com\/wp-content\/uploads\/2022\/09\/NHKgroup_social.jpg","contentUrl":"https:\/\/nhkmachineryparts.com\/wp-content\/uploads\/2022\/09\/NHKgroup_social.jpg","width":1200,"height":630,"caption":"Nhk Group ApS"},"image":{"@id":"https:\/\/nhkmachineryparts.com\/#\/schema\/logo\/image\/"},"sameAs":["https:\/\/www.facebook.com\/NHK.Group.aps"]}]}},"_links":{"self":[{"href":"https:\/\/nhkmachineryparts.com\/pl\/wp-json\/wp\/v2\/product\/12778","targetHints":{"allow":["GET"]}}],"collection":[{"href":"https:\/\/nhkmachineryparts.com\/pl\/wp-json\/wp\/v2\/product"}],"about":[{"href":"https:\/\/nhkmachineryparts.com\/pl\/wp-json\/wp\/v2\/types\/product"}],"wp:featuredmedia":[{"embeddable":true,"href":"https:\/\/nhkmachineryparts.com\/pl\/wp-json\/wp\/v2\/media\/12779"}],"wp:attachment":[{"href":"https:\/\/nhkmachineryparts.com\/pl\/wp-json\/wp\/v2\/media?parent=12778"}],"wp:term":[{"taxonomy":"product_brand","embeddable":true,"href":"https:\/\/nhkmachineryparts.com\/pl\/wp-json\/wp\/v2\/product_brand?post=12778"},{"taxonomy":"product_cat","embeddable":true,"href":"https:\/\/nhkmachineryparts.com\/pl\/wp-json\/wp\/v2\/product_cat?post=12778"},{"taxonomy":"product_tag","embeddable":true,"href":"https:\/\/nhkmachineryparts.com\/pl\/wp-json\/wp\/v2\/product_tag?post=12778"}],"curies":[{"name":"wp","href":"https:\/\/api.w.org\/{rel}","templated":true}]}}