{"id":12776,"date":"2024-11-09T22:35:55","date_gmt":"2024-11-09T20:35:55","guid":{"rendered":"https:\/\/nhkmachineryparts.com\/?post_type=product&#038;p=12776"},"modified":"2026-02-27T16:03:33","modified_gmt":"2026-02-27T14:03:33","slug":"higieniczne-nozki-poziomujace-z-2-plytkami-blokujacymi-i-uszczelnionym-zabezpieczonym-wrzecionem","status":"publish","type":"product","link":"https:\/\/nhkmachineryparts.com\/pl\/product\/hygienic-levelling-feet-with-2-floor-locking-plates-and-sealed-protected-spindle\/","title":{"rendered":"3-A authorized levelling feet with 2 floor locking plates\u00a0"},"content":{"rendered":"<section class=\"vc_row vc_custom_1662993827263 liquid-row-shadowbox-69d3fb80e9816 vc_column-gap-0\"><div class=\"ld-container container\"><div class=\"row ld-row ld-row-outer\"><div class=\"wpb_column vc_column_container vc_col-sm-12 liquid-column-69d3fb80e9b14\"><div class=\"vc_column-inner\" ><div class=\"wpb_wrapper\"  >\n\t<div class=\"wpb_text_column wpb_content_element\" >\n\t\t<div class=\"wpb_wrapper\">\n\t\t\t<h2>Zwi\u0119ksz higien\u0119 obiektu dzi\u0119ki rozwi\u0105zaniom zaawansowanego systemu poziomowania<\/h2>\n<p><a href=\"https:\/\/nhkmachineryparts.com\/pl\/product-line\/stainless-steel-solid-base-feet\/\" data-internallinksmanager029f6b8e52c=\"7\" title=\"N\u00f3\u017cki poziomuj\u0105ce maszyn\u0119 z solidn\u0105 p\u0142yt\u0105 bazow\u0105\">Stopki poziomuj\u0105ce<\/a> w szczelnej, higienicznej konstrukcji z gumow\u0105 podstaw\u0105 redukuj\u0105c\u0105 wibracje i zapewniaj\u0105c\u0105 w\u0142a\u015bciwo\u015bci antypo\u015blizgowe<br \/>\nNasze zapiecz\u0119towane <a href=\"https:\/\/nhkmachineryparts.com\/pl\/product-line\/stainless-steel-solid-base-feet\/\" data-internallinksmanager029f6b8e52c=\"17\" title=\"N\u00f3\u017cki poziomuj\u0105ce maszyn\u0119 z solidn\u0105 p\u0142yt\u0105 bazow\u0105\">higieniczne n\u00f3\u017cki poziomuj\u0105ce<\/a> posiadaj\u0105 certyfikat FDA (FDA CFR 21 177 2600) z unikalnym numerem identyfikacyjnym partii umo\u017cliwiaj\u0105cym identyfikowalno\u015b\u0107 bezpiecze\u0144stwa \u017cywno\u015bci<\/p>\n<p><a href=\"https:\/\/nhkmachineryparts.com\/shop\/product-line\/machine-levelling-feet-in-a-hygienic-design\/levelling-feet-with-fully-threaded-spindle\/\">Wypr\u00f3buj nasz selektor produkt\u00f3w<\/a><\/p>\n<h3>N\u00f3\u017cki poziomuj\u0105ce w szczelnej, higienicznej konstrukcji. Cechy i zalety<\/h3>\n<p>Zapiecz\u0119towany <a href=\"https:\/\/nhkmachineryparts.com\/pl\/product-line\/stainless-steel-solid-base-feet\/\" data-internallinksmanager029f6b8e52c=\"17\" title=\"N\u00f3\u017cki poziomuj\u0105ce maszyn\u0119 z solidn\u0105 p\u0142yt\u0105 bazow\u0105\">higieniczne n\u00f3\u017cki poziomuj\u0105ce<\/a> maj\u0105 zaokr\u0105glon\u0105, higieniczn\u0105 konstrukcj\u0119, kt\u00f3ra u\u0142atwia czyszczenie.<br \/>\nZapiecz\u0119towany <a href=\"https:\/\/nhkmachineryparts.com\/pl\/product-line\/stainless-steel-solid-base-feet\/\" data-internallinksmanager029f6b8e52c=\"17\" title=\"N\u00f3\u017cki poziomuj\u0105ce maszyn\u0119 z solidn\u0105 p\u0142yt\u0105 bazow\u0105\">higieniczne n\u00f3\u017cki poziomuj\u0105ce<\/a> radzi sobie z nachyleniem pod\u0142\u00f3g i sprz\u0119tu do 10 stopni.<\/p>\n<h3>N\u00f3\u017cki poziomuj\u0105ce wykonane z uszczelnionych, higienicznych materia\u0142\u00f3w<\/h3>\n<p>Zapiecz\u0119towany <a href=\"https:\/\/nhkmachineryparts.com\/pl\/product-line\/stainless-steel-solid-base-feet\/\" data-internallinksmanager029f6b8e52c=\"17\" title=\"N\u00f3\u017cki poziomuj\u0105ce maszyn\u0119 z solidn\u0105 p\u0142yt\u0105 bazow\u0105\">higieniczne n\u00f3\u017cki poziomuj\u0105ce<\/a> wulkanizowana cz\u0119\u015b\u0107 gumowa z certyfikatem FDA zgodnie z FDA CFR 21 177 2600.<\/p>\n<p>Opis materia\u0142u p\u0142yty podstawy:<br \/>\nStal nierdzewna Aisi 304 lub Aisi 316<\/p>\n<p>Opis materia\u0142u wrzeciona:<br \/>\nStal nierdzewna A2-70 lub A4-70<\/p>\n<p>Opis materia\u0142u podstawy gumy:<br \/>\nKauczuk NBR (kauczuk nitrylowy nr CAS 9005-98-5)<br \/>\nCertyfikat FDA zgodny z FDA CFR 21 177 2600<\/p>\n<p>Wszystkie materia\u0142y charakteryzuj\u0105 si\u0119 wysok\u0105 odporno\u015bci\u0105 na chemikalia i powszechnie stosowane \u015brodki czyszcz\u0105ce oraz na odporne oleje i t\u0142uszcze.<\/p>\n<h3>N\u00f3\u017cki poziomuj\u0105ce w szczelnych, higienicznych rozmiarach<\/h3>\n<p>Uszczelnione higienicznie <a href=\"https:\/\/nhkmachineryparts.com\/pl\/produkt\/301-stopy-maszyna-w-uszczelnionej-higienicznej-konstrukcji-shmf-z-plyta-blokujaca-podloge\/\" data-internallinksmanager029f6b8e52c=\"20\" title=\"stopy maszyny\">stopy maszyny<\/a> bazowe dost\u0119pne s\u0105 w szerokiej gamie, co daje optymaln\u0105 elastyczno\u015b\u0107 i wyb\u00f3r.<\/p>\n<table class=\"dcf-table dcf-table-responsive dcf-table-bordered dcf-w-100%\">\n<thead>\n<tr>\n<th scope=\"col\">Typ bazowy<\/th>\n<th scope=\"col\">\u015arednica podstawy D<\/th>\n<th scope=\"col\">Nie m. Obci\u0105\u017cenie<\/th>\n<\/tr>\n<\/thead>\n<tbody>\n<tr>\n<td data-label=\"HMF Base Size\">HLF62<\/td>\n<td data-label=\"Base Diameter D\">60mm<\/td>\n<td data-label=\"Nom. Load \">7.000 N<\/td>\n<\/tr>\n<tr>\n<td data-label=\"HMF Base Size\">HLF82<\/td>\n<td data-label=\"Base Diameter D\">80mm<\/td>\n<td data-label=\"Nom. Load \">15.000 N<\/td>\n<\/tr>\n<tr>\n<td data-label=\"HMF Base Size\">HLF102<\/td>\n<td data-label=\"Base Diameter D\">100mm<\/td>\n<td data-label=\"Nom. Load \">20.000 N<\/td>\n<\/tr>\n<tr>\n<td data-label=\"HMF Base Size\">HLF122<\/td>\n<td data-label=\"Base Diameter D\">120mm<\/td>\n<td data-label=\"Nom. Load \">30 000 N<\/td>\n<\/tr>\n<\/tbody>\n<\/table>\n<p>Zapiecz\u0119towany <a href=\"https:\/\/nhkmachineryparts.com\/pl\/product-line\/stainless-steel-solid-base-feet\/\" data-internallinksmanager029f6b8e52c=\"17\" title=\"N\u00f3\u017cki poziomuj\u0105ce maszyn\u0119 z solidn\u0105 p\u0142yt\u0105 bazow\u0105\">higieniczne n\u00f3\u017cki poziomuj\u0105ce<\/a> wrzeciona z tulej\u0105 zabezpieczaj\u0105c\u0105 dost\u0119pne s\u0105 w szerokiej gamie, co zapewnia optymaln\u0105 elastyczno\u015b\u0107 i wyb\u00f3r.<\/p>\n<div class=\"dcf-overflow-x-auto\" tabindex=\"0\">\n<table class=\"dcf-table dcf-table-bordered dcf-w-100%\">\n<caption>SHLF \u015arednica wrzeciona i tulei<\/caption>\n<tbody>\n<tr>\n<td>M16<\/td>\n<td>M20<\/td>\n<td>M24<\/td>\n<td>M30<\/td>\n<td>M36<\/td>\n<td>M42<\/td>\n<td>M48<\/td>\n<\/tr>\n<\/tbody>\n<\/table>\n<\/div>\n<div class=\"dcf-overflow-x-auto\" tabindex=\"0\">\n<table class=\"dcf-table dcf-table-bordered dcf-w-100%\">\n<caption>SHLF D\u0142ugo\u015b\u0107 trzpienia (L) i d\u0142ugo\u015b\u0107 tulei (H)<\/caption>\n<tbody>\n<tr>\n<td>D\u0142.=135 mm Wys.=55 mm<\/td>\n<td>Min. 80 mm do maks. 120 mm<\/td>\n<\/tr>\n<tr>\n<td>D\u0142.=175 mm Wys.=75 mm<\/td>\n<td>Min. 100 mm do maks. 160 mm<\/td>\n<\/tr>\n<tr>\n<td>D\u0142.=215 mm Wys.=95 mm<\/td>\n<td>Min. 120 mm do maks. 200 mm<\/td>\n<\/tr>\n<tr>\n<td>D\u0142.=255 mm Wys.=115 mm<\/td>\n<td>Min. 140 mm do maks. 240 mm<\/td>\n<\/tr>\n<tr>\n<td>D\u0142.=295 mm Wys.=125 mm<\/td>\n<td>Min. 180 mm do maks. 280 mm<\/td>\n<\/tr>\n<\/tbody>\n<\/table>\n<\/div>\n<p>W przypadku innych d\u0142ugo\u015bci trzpienia gwintowanego (L) prosimy o kontakt<br \/>\nGwinty calowe dost\u0119pne s\u0105 na zam\u00f3wienie<br \/>\nGwint mo\u017cna r\u00f3wnie\u017c dostosowa\u0107 zgodnie z konkretnym \u017c\u0105daniem, np. gwintem trapezowym itp.<\/p>\n<h3>N\u00f3\u017cki poziomuj\u0105ce w szczelnej, higienicznej wersji, opcja dostawy<\/h3>\n<p>W przypadku du\u017cych zam\u00f3wie\u0144 oferujemy dostaw\u0119 podstawy i wrzecion oddzielnie<br \/>\nZalet\u0105 jest elastyczno\u015b\u0107 dla klienta korzystaj\u0105cego z wielu r\u00f3\u017cnych rozmiar\u00f3w wrzecion.<\/p>\n<h2 data-start=\"0\" data-end=\"84\">Higieniczne n\u00f3\u017cki poziomuj\u0105ce z 2 p\u0142ytkami blokuj\u0105cymi pod\u0142og\u0119 i uszczelnionym, zabezpieczonym wrzecionem<\/h2>\n<h3 data-start=\"86\" data-end=\"154\">Znaczenie higienicznych n\u00f3\u017cek poziomuj\u0105cych w czystych \u015brodowiskach<\/h3>\n<p data-start=\"155\" data-end=\"457\"><a href=\"https:\/\/nhkmachineryparts.com\/pl\/product-line\/stainless-steel-solid-base-feet\/\" data-internallinksmanager029f6b8e52c=\"17\" title=\"N\u00f3\u017cki poziomuj\u0105ce maszyn\u0119 z solidn\u0105 p\u0142yt\u0105 bazow\u0105\">Higieniczne n\u00f3\u017cki poziomuj\u0105ce<\/a> odgrywa\u0107 kluczow\u0105 rol\u0119 w <a href=\"https:\/\/nhkmachineryparts.com\/pl\/our-industries\/\" data-internallinksmanager029f6b8e52c=\"4\" title=\"Nasze bran\u017ce\">bran\u017ce<\/a> gdzie czysto\u015b\u0107 i bezpiecze\u0144stwo s\u0105 priorytetami, takimi jak przetw\u00f3rstwo \u017cywno\u015bci, farmaceutyka i biotechnologia. Zaprojektowane, aby zapewni\u0107 stabilne wsparcie przy jednoczesnym zminimalizowaniu ryzyka ska\u017cenia, te komponenty zapewniaj\u0105, \u017ce maszyny pozostaj\u0105 poziome i bezpieczne.<\/p>\n<h3 data-start=\"459\" data-end=\"503\">Zalety podw\u00f3jnych p\u0142yt blokuj\u0105cych pod\u0142og\u0119<\/h3>\n<p data-start=\"504\" data-end=\"885\">N\u00f3\u017cki poziomuj\u0105ce z <strong data-start=\"524\" data-end=\"552\">dwie p\u0142yty blokuj\u0105ce pod\u0142og\u0119<\/strong> zwi\u0119kszy\u0107 stabilno\u015b\u0107 i zapobiec niechcianym ruchom lub wibracjom. Ta konstrukcja jest szczeg\u00f3lnie korzystna w \u015brodowiskach o du\u017cym nat\u0119\u017ceniu ruchu, w kt\u00f3rych maszyny musz\u0105 pozosta\u0107 w sta\u0142ej pozycji, aby unikn\u0105\u0107 zak\u0142\u00f3ce\u0144 operacyjnych. Ponadto system podw\u00f3jnego blokowania wzmacnia higien\u0119, eliminuj\u0105c szczeliny, w kt\u00f3rych m\u00f3g\u0142by gromadzi\u0107 si\u0119 brud i bakterie.<\/p>\n<h3 data-start=\"887\" data-end=\"936\">Uszczelniony, chroniony wrzeciono dla maksymalnej higieny<\/h3>\n<p data-start=\"937\" data-end=\"1310\">A <strong data-start=\"939\" data-end=\"967\">uszczelniony, zabezpieczony wrzeciono<\/strong> zapobiega przedostawaniu si\u0119 brudu, wilgoci i zanieczyszcze\u0144 do krytycznych podzespo\u0142\u00f3w. Ta funkcja znacznie zmniejsza nak\u0142ady na konserwacj\u0119 i wyd\u0142u\u017ca \u017cywotno\u015b\u0107 n\u00f3\u017cki poziomuj\u0105cej. W bran\u017cach, w kt\u00f3rych higiena ma pierwszorz\u0119dne znaczenie, ca\u0142kowicie zamkni\u0119ta wrzeciono zapewnia zgodno\u015b\u0107 z surowymi przepisami higienicznymi, w tym <a href=\"https:\/\/nhkmachineryparts.com\/pl\/jaka-jest-roznica-miedzy-3a-a-ehedg\/\" data-internallinksmanager029f6b8e52c=\"2\" title=\"Cz\u0119\u015bci maszyn z certyfikatem EHEDG\">EHEDG<\/a> i normy 3-A.<\/p>\n<h3 data-start=\"1312\" data-end=\"1364\">Zastosowania w sektorach higienicznym i przemys\u0142owym<\/h3>\n<p data-start=\"1365\" data-end=\"1641\">Te zaawansowane n\u00f3\u017cki poziomuj\u0105ce s\u0105 szeroko stosowane w liniach przetw\u00f3rstwa \u017cywno\u015bci, zak\u0142adach produkcji farmaceutycznej i maszynach pakuj\u0105cych. Ich higieniczna konstrukcja zapewnia zgodno\u015b\u0107 z wymogami regulacyjnymi, co czyni je zaufanym wyborem do pomieszcze\u0144 czystych i sterylnych \u015brodowisk.<\/p>\n<h3 data-start=\"1643\" data-end=\"1696\">Optymalizacja wydajno\u015bci przy u\u017cyciu certyfikowanych komponent\u00f3w<\/h3>\n<p data-start=\"1697\" data-end=\"1994\">Wyb\u00f3r n\u00f3\u017cek poziomuj\u0105cych wykonanych z wysokiej jako\u015bci <strong data-start=\"1742\" data-end=\"1761\">Stal nierdzewna<\/strong> z higienicznymi materia\u0142ami uszczelniaj\u0105cymi zapewnia trwa\u0142o\u015b\u0107 i odporno\u015b\u0107 na korozj\u0119. W po\u0142\u0105czeniu z odpowiednimi protoko\u0142ami kotwiczenia i czyszczenia pod\u0142ogi, te komponenty pomagaj\u0105 utrzyma\u0107 wydajne, wolne od zanieczyszcze\u0144 \u015brodowisko produkcyjne.<\/p>\n<h3 data-start=\"1697\" data-end=\"1994\">Indywidualnie dostosowane higieniczne n\u00f3\u017cki poziomuj\u0105ce zapewniaj\u0105ce optymaln\u0105 wydajno\u015b\u0107 operacyjn\u0105<\/h3>\n<p data-start=\"1697\" data-end=\"1994\">Korzy\u015bci z <a href=\"https:\/\/nhkmachineryparts.com\/pl\/product-line\/stainless-steel-solid-base-feet\/\" data-internallinksmanager029f6b8e52c=\"17\" title=\"N\u00f3\u017cki poziomuj\u0105ce maszyn\u0119 z solidn\u0105 p\u0142yt\u0105 bazow\u0105\">higieniczne n\u00f3\u017cki poziomuj\u0105ce<\/a> z 2 p\u0142ytami blokuj\u0105cymi pod\u0142o\u017ce i uszczelnionym, zabezpieczonym wrzecionem, co gwarantuje stabilno\u015b\u0107, trwa\u0142o\u015b\u0107 i zgodno\u015b\u0107 z normami w czystych \u015brodowiskach i ga\u0142\u0119ziach przemys\u0142u.<\/p>\n\n\t\t<\/div>\n\t<\/div>\n<\/div><\/div><\/div><\/div><\/div><\/section>","protected":false},"excerpt":{"rendered":"Boost Facility Hygiene with Advanced Levelling System Solutions Levelling feet in sealed hygienic design with rubber base for vibration reduction and anti-slip properties Our sealed hygienic levelling feet are provided with FDA certificate (FDA CFR 21 177 2600) with unique batch ID number for food safety traceability Try our product selector Levelling feet in sealed [...]","protected":false},"featured_media":12777,"template":"","meta":[],"product_brand":[],"product_cat":[98],"product_tag":[],"class_list":{"0":"post-12776","1":"product","2":"type-product","3":"status-publish","4":"has-post-thumbnail","6":"product_cat-ehedg-certified-3a-ssi-standard-components","8":"first","9":"instock","10":"shipping-taxable","11":"product-type-simple"},"yoast_head":"<!-- This site is optimized with the Yoast SEO plugin v27.3 - https:\/\/yoast.com\/product\/yoast-seo-wordpress\/ -->\n<title>3-A authorized levelling feet with 2 floor locking plates\u00a0<\/title>\n<meta name=\"description\" content=\"Elevate your facility\u2019s hygiene with precision-engineered levelling feet. Designed for maximum stability and performance. Ensure contamination control.\" \/>\n<meta name=\"robots\" content=\"index, follow, max-snippet:-1, max-image-preview:large, max-video-preview:-1\" \/>\n<link rel=\"canonical\" href=\"https:\/\/nhkmachineryparts.com\/pl\/produkt\/higieniczne-nozki-poziomujace-z-2-plytkami-blokujacymi-i-uszczelnionym-zabezpieczonym-wrzecionem\/\" \/>\n<meta property=\"og:locale\" content=\"pl_PL\" \/>\n<meta property=\"og:type\" content=\"article\" \/>\n<meta property=\"og:title\" content=\"3-A authorized levelling feet with 2 floor locking plates\u00a0\" \/>\n<meta property=\"og:description\" content=\"Elevate your facility\u2019s hygiene with precision-engineered levelling feet. Designed for maximum stability and performance. Ensure contamination control.\" \/>\n<meta property=\"og:url\" content=\"https:\/\/nhkmachineryparts.com\/pl\/produkt\/higieniczne-nozki-poziomujace-z-2-plytkami-blokujacymi-i-uszczelnionym-zabezpieczonym-wrzecionem\/\" \/>\n<meta property=\"og:site_name\" content=\"NHK Machinery Parts\" \/>\n<meta property=\"article:publisher\" content=\"https:\/\/www.facebook.com\/NHK.Group.aps\" \/>\n<meta property=\"article:modified_time\" content=\"2026-02-27T14:03:33+00:00\" \/>\n<meta property=\"og:image\" content=\"https:\/\/nhkmachineryparts.com\/wp-content\/uploads\/2024\/11\/HLF-x2-3A-1.jpg\" \/>\n\t<meta property=\"og:image:width\" content=\"1000\" \/>\n\t<meta property=\"og:image:height\" content=\"1000\" \/>\n\t<meta property=\"og:image:type\" content=\"image\/jpeg\" \/>\n<meta name=\"twitter:card\" content=\"summary_large_image\" \/>\n<meta name=\"twitter:label1\" content=\"Szacowany czas czytania\" \/>\n\t<meta name=\"twitter:data1\" content=\"4 minuty\" \/>\n<script type=\"application\/ld+json\" class=\"yoast-schema-graph\">{\"@context\":\"https:\\\/\\\/schema.org\",\"@graph\":[{\"@type\":\"WebPage\",\"@id\":\"https:\\\/\\\/nhkmachineryparts.com\\\/product\\\/hygienic-levelling-feet-with-2-floor-locking-plates-and-sealed-protected-spindle\\\/\",\"url\":\"https:\\\/\\\/nhkmachineryparts.com\\\/product\\\/hygienic-levelling-feet-with-2-floor-locking-plates-and-sealed-protected-spindle\\\/\",\"name\":\"3-A authorized levelling feet with 2 floor locking plates\u00a0\",\"isPartOf\":{\"@id\":\"https:\\\/\\\/nhkmachineryparts.com\\\/#website\"},\"primaryImageOfPage\":{\"@id\":\"https:\\\/\\\/nhkmachineryparts.com\\\/product\\\/hygienic-levelling-feet-with-2-floor-locking-plates-and-sealed-protected-spindle\\\/#primaryimage\"},\"image\":{\"@id\":\"https:\\\/\\\/nhkmachineryparts.com\\\/product\\\/hygienic-levelling-feet-with-2-floor-locking-plates-and-sealed-protected-spindle\\\/#primaryimage\"},\"thumbnailUrl\":\"https:\\\/\\\/nhkmachineryparts.com\\\/wp-content\\\/uploads\\\/2024\\\/11\\\/HLF-x2-3A-1.jpg\",\"datePublished\":\"2024-11-09T20:35:55+00:00\",\"dateModified\":\"2026-02-27T14:03:33+00:00\",\"description\":\"Elevate your facility\u2019s hygiene with precision-engineered levelling feet. Designed for maximum stability and performance. Ensure contamination control.\",\"breadcrumb\":{\"@id\":\"https:\\\/\\\/nhkmachineryparts.com\\\/product\\\/hygienic-levelling-feet-with-2-floor-locking-plates-and-sealed-protected-spindle\\\/#breadcrumb\"},\"inLanguage\":\"pl-PL\",\"potentialAction\":[{\"@type\":\"ReadAction\",\"target\":[\"https:\\\/\\\/nhkmachineryparts.com\\\/product\\\/hygienic-levelling-feet-with-2-floor-locking-plates-and-sealed-protected-spindle\\\/\"]}]},{\"@type\":\"ImageObject\",\"inLanguage\":\"pl-PL\",\"@id\":\"https:\\\/\\\/nhkmachineryparts.com\\\/product\\\/hygienic-levelling-feet-with-2-floor-locking-plates-and-sealed-protected-spindle\\\/#primaryimage\",\"url\":\"https:\\\/\\\/nhkmachineryparts.com\\\/wp-content\\\/uploads\\\/2024\\\/11\\\/HLF-x2-3A-1.jpg\",\"contentUrl\":\"https:\\\/\\\/nhkmachineryparts.com\\\/wp-content\\\/uploads\\\/2024\\\/11\\\/HLF-x2-3A-1.jpg\",\"width\":1000,\"height\":1000,\"caption\":\"Hygienic levelling feet with 2 floor locking plates\u00a0and sealed protected spindle\"},{\"@type\":\"BreadcrumbList\",\"@id\":\"https:\\\/\\\/nhkmachineryparts.com\\\/product\\\/hygienic-levelling-feet-with-2-floor-locking-plates-and-sealed-protected-spindle\\\/#breadcrumb\",\"itemListElement\":[{\"@type\":\"ListItem\",\"position\":1,\"name\":\"Home\",\"item\":\"https:\\\/\\\/nhkmachineryparts.com\\\/\"},{\"@type\":\"ListItem\",\"position\":2,\"name\":\"Product line\",\"item\":\"https:\\\/\\\/nhkmachineryparts.com\\\/product-line\\\/\"},{\"@type\":\"ListItem\",\"position\":3,\"name\":\"Certified EHEDG standard components\",\"item\":\"https:\\\/\\\/nhkmachineryparts.com\\\/product-line\\\/ehedg-certified-3a-ssi-standard-components\\\/\"},{\"@type\":\"ListItem\",\"position\":4,\"name\":\"3-A authorized levelling feet with 2 floor locking plates\u00a0\"}]},{\"@type\":\"WebSite\",\"@id\":\"https:\\\/\\\/nhkmachineryparts.com\\\/#website\",\"url\":\"https:\\\/\\\/nhkmachineryparts.com\\\/\",\"name\":\"NHK Machinery Parts\",\"description\":\"Bearing Houses, seismic levelling feet and levelling castors\",\"publisher\":{\"@id\":\"https:\\\/\\\/nhkmachineryparts.com\\\/#organization\"},\"potentialAction\":[{\"@type\":\"SearchAction\",\"target\":{\"@type\":\"EntryPoint\",\"urlTemplate\":\"https:\\\/\\\/nhkmachineryparts.com\\\/?s={search_term_string}\"},\"query-input\":{\"@type\":\"PropertyValueSpecification\",\"valueRequired\":true,\"valueName\":\"search_term_string\"}}],\"inLanguage\":\"pl-PL\"},{\"@type\":\"Organization\",\"@id\":\"https:\\\/\\\/nhkmachineryparts.com\\\/#organization\",\"name\":\"Nhk Group ApS\",\"url\":\"https:\\\/\\\/nhkmachineryparts.com\\\/\",\"logo\":{\"@type\":\"ImageObject\",\"inLanguage\":\"pl-PL\",\"@id\":\"https:\\\/\\\/nhkmachineryparts.com\\\/#\\\/schema\\\/logo\\\/image\\\/\",\"url\":\"https:\\\/\\\/nhkmachineryparts.com\\\/wp-content\\\/uploads\\\/2022\\\/09\\\/NHKgroup_social.jpg\",\"contentUrl\":\"https:\\\/\\\/nhkmachineryparts.com\\\/wp-content\\\/uploads\\\/2022\\\/09\\\/NHKgroup_social.jpg\",\"width\":1200,\"height\":630,\"caption\":\"Nhk Group ApS\"},\"image\":{\"@id\":\"https:\\\/\\\/nhkmachineryparts.com\\\/#\\\/schema\\\/logo\\\/image\\\/\"},\"sameAs\":[\"https:\\\/\\\/www.facebook.com\\\/NHK.Group.aps\"]}]}<\/script>\n<!-- \/ Yoast SEO plugin. -->","yoast_head_json":{"title":"3-A authorized levelling feet with 2 floor locking plates\u00a0","description":"Podnie\u015b poziom higieny w swoim obiekcie dzi\u0119ki precyzyjnie zaprojektowanym n\u00f3\u017ckom poziomuj\u0105cym. Zaprojektowane dla maksymalnej stabilno\u015bci i wydajno\u015bci. Zapewnij kontrol\u0119 zanieczyszcze\u0144.","robots":{"index":"index","follow":"follow","max-snippet":"max-snippet:-1","max-image-preview":"max-image-preview:large","max-video-preview":"max-video-preview:-1"},"canonical":"https:\/\/nhkmachineryparts.com\/pl\/produkt\/higieniczne-nozki-poziomujace-z-2-plytkami-blokujacymi-i-uszczelnionym-zabezpieczonym-wrzecionem\/","og_locale":"pl_PL","og_type":"article","og_title":"3-A authorized levelling feet with 2 floor locking plates\u00a0","og_description":"Elevate your facility\u2019s hygiene with precision-engineered levelling feet. Designed for maximum stability and performance. Ensure contamination control.","og_url":"https:\/\/nhkmachineryparts.com\/pl\/produkt\/higieniczne-nozki-poziomujace-z-2-plytkami-blokujacymi-i-uszczelnionym-zabezpieczonym-wrzecionem\/","og_site_name":"NHK Machinery Parts","article_publisher":"https:\/\/www.facebook.com\/NHK.Group.aps","article_modified_time":"2026-02-27T14:03:33+00:00","og_image":[{"width":1000,"height":1000,"url":"https:\/\/nhkmachineryparts.com\/wp-content\/uploads\/2024\/11\/HLF-x2-3A-1.jpg","type":"image\/jpeg"}],"twitter_card":"summary_large_image","twitter_misc":{"Szacowany czas czytania":"4 minuty"},"schema":{"@context":"https:\/\/schema.org","@graph":[{"@type":"WebPage","@id":"https:\/\/nhkmachineryparts.com\/product\/hygienic-levelling-feet-with-2-floor-locking-plates-and-sealed-protected-spindle\/","url":"https:\/\/nhkmachineryparts.com\/product\/hygienic-levelling-feet-with-2-floor-locking-plates-and-sealed-protected-spindle\/","name":"3-A authorized levelling feet with 2 floor locking plates\u00a0","isPartOf":{"@id":"https:\/\/nhkmachineryparts.com\/#website"},"primaryImageOfPage":{"@id":"https:\/\/nhkmachineryparts.com\/product\/hygienic-levelling-feet-with-2-floor-locking-plates-and-sealed-protected-spindle\/#primaryimage"},"image":{"@id":"https:\/\/nhkmachineryparts.com\/product\/hygienic-levelling-feet-with-2-floor-locking-plates-and-sealed-protected-spindle\/#primaryimage"},"thumbnailUrl":"https:\/\/nhkmachineryparts.com\/wp-content\/uploads\/2024\/11\/HLF-x2-3A-1.jpg","datePublished":"2024-11-09T20:35:55+00:00","dateModified":"2026-02-27T14:03:33+00:00","description":"Podnie\u015b poziom higieny w swoim obiekcie dzi\u0119ki precyzyjnie zaprojektowanym n\u00f3\u017ckom poziomuj\u0105cym. Zaprojektowane dla maksymalnej stabilno\u015bci i wydajno\u015bci. Zapewnij kontrol\u0119 zanieczyszcze\u0144.","breadcrumb":{"@id":"https:\/\/nhkmachineryparts.com\/product\/hygienic-levelling-feet-with-2-floor-locking-plates-and-sealed-protected-spindle\/#breadcrumb"},"inLanguage":"pl-PL","potentialAction":[{"@type":"ReadAction","target":["https:\/\/nhkmachineryparts.com\/product\/hygienic-levelling-feet-with-2-floor-locking-plates-and-sealed-protected-spindle\/"]}]},{"@type":"ImageObject","inLanguage":"pl-PL","@id":"https:\/\/nhkmachineryparts.com\/product\/hygienic-levelling-feet-with-2-floor-locking-plates-and-sealed-protected-spindle\/#primaryimage","url":"https:\/\/nhkmachineryparts.com\/wp-content\/uploads\/2024\/11\/HLF-x2-3A-1.jpg","contentUrl":"https:\/\/nhkmachineryparts.com\/wp-content\/uploads\/2024\/11\/HLF-x2-3A-1.jpg","width":1000,"height":1000,"caption":"Hygienic levelling feet with 2 floor locking plates\u00a0and sealed protected spindle"},{"@type":"BreadcrumbList","@id":"https:\/\/nhkmachineryparts.com\/product\/hygienic-levelling-feet-with-2-floor-locking-plates-and-sealed-protected-spindle\/#breadcrumb","itemListElement":[{"@type":"ListItem","position":1,"name":"Home","item":"https:\/\/nhkmachineryparts.com\/"},{"@type":"ListItem","position":2,"name":"Product line","item":"https:\/\/nhkmachineryparts.com\/product-line\/"},{"@type":"ListItem","position":3,"name":"Certified EHEDG standard components","item":"https:\/\/nhkmachineryparts.com\/product-line\/ehedg-certified-3a-ssi-standard-components\/"},{"@type":"ListItem","position":4,"name":"3-A authorized levelling feet with 2 floor locking plates\u00a0"}]},{"@type":"WebSite","@id":"https:\/\/nhkmachineryparts.com\/#website","url":"https:\/\/nhkmachineryparts.com\/","name":"Cz\u0119\u015bci maszyn NHK","description":"Obudowy \u0142o\u017cyskowe, sejsmiczne stopy poziomuj\u0105ce i k\u00f3\u0142ka poziomuj\u0105ce","publisher":{"@id":"https:\/\/nhkmachineryparts.com\/#organization"},"potentialAction":[{"@type":"SearchAction","target":{"@type":"EntryPoint","urlTemplate":"https:\/\/nhkmachineryparts.com\/?s={search_term_string}"},"query-input":{"@type":"PropertyValueSpecification","valueRequired":true,"valueName":"search_term_string"}}],"inLanguage":"pl-PL"},{"@type":"Organization","@id":"https:\/\/nhkmachineryparts.com\/#organization","name":"ApS Grupy Nhk","url":"https:\/\/nhkmachineryparts.com\/","logo":{"@type":"ImageObject","inLanguage":"pl-PL","@id":"https:\/\/nhkmachineryparts.com\/#\/schema\/logo\/image\/","url":"https:\/\/nhkmachineryparts.com\/wp-content\/uploads\/2022\/09\/NHKgroup_social.jpg","contentUrl":"https:\/\/nhkmachineryparts.com\/wp-content\/uploads\/2022\/09\/NHKgroup_social.jpg","width":1200,"height":630,"caption":"Nhk Group ApS"},"image":{"@id":"https:\/\/nhkmachineryparts.com\/#\/schema\/logo\/image\/"},"sameAs":["https:\/\/www.facebook.com\/NHK.Group.aps"]}]}},"_links":{"self":[{"href":"https:\/\/nhkmachineryparts.com\/pl\/wp-json\/wp\/v2\/product\/12776","targetHints":{"allow":["GET"]}}],"collection":[{"href":"https:\/\/nhkmachineryparts.com\/pl\/wp-json\/wp\/v2\/product"}],"about":[{"href":"https:\/\/nhkmachineryparts.com\/pl\/wp-json\/wp\/v2\/types\/product"}],"wp:featuredmedia":[{"embeddable":true,"href":"https:\/\/nhkmachineryparts.com\/pl\/wp-json\/wp\/v2\/media\/12777"}],"wp:attachment":[{"href":"https:\/\/nhkmachineryparts.com\/pl\/wp-json\/wp\/v2\/media?parent=12776"}],"wp:term":[{"taxonomy":"product_brand","embeddable":true,"href":"https:\/\/nhkmachineryparts.com\/pl\/wp-json\/wp\/v2\/product_brand?post=12776"},{"taxonomy":"product_cat","embeddable":true,"href":"https:\/\/nhkmachineryparts.com\/pl\/wp-json\/wp\/v2\/product_cat?post=12776"},{"taxonomy":"product_tag","embeddable":true,"href":"https:\/\/nhkmachineryparts.com\/pl\/wp-json\/wp\/v2\/product_tag?post=12776"}],"curies":[{"name":"wp","href":"https:\/\/api.w.org\/{rel}","templated":true}]}}