{"id":12768,"date":"2024-11-09T22:00:04","date_gmt":"2024-11-09T20:00:04","guid":{"rendered":"https:\/\/nhkmachineryparts.com\/?post_type=product&#038;p=12768"},"modified":"2026-02-23T13:34:38","modified_gmt":"2026-02-23T11:34:38","slug":"nozki-poziomujace-z-2-plytkami-blokujacymi-podloge-i-wrzecionem-z-pelnym-gwintem","status":"publish","type":"product","link":"https:\/\/nhkmachineryparts.com\/pl\/product\/levelling-feet-with-2-floor-locking-plates-and-fully-threaded-spindle\/","title":{"rendered":"N\u00f3\u017cki poziomuj\u0105ce z 2 p\u0142ytkami blokuj\u0105cymi pod\u0142og\u0119 i wrzecionem z pe\u0142nym gwintem"},"content":{"rendered":"<section class=\"vc_row vc_custom_1662993827263 liquid-row-shadowbox-69d43d139cfd9 vc_column-gap-0\"><div class=\"ld-container container\"><div class=\"row ld-row ld-row-outer\"><div class=\"wpb_column vc_column_container vc_col-sm-12 liquid-column-69d43d139d3a6\"><div class=\"vc_column-inner\" ><div class=\"wpb_wrapper\"  >\n\t<div class=\"wpb_text_column wpb_content_element\" >\n\t\t<div class=\"wpb_wrapper\">\n\t\t\t<h2 data-start=\"3\" data-end=\"114\"><strong data-start=\"3\" data-end=\"112\" data-is-only-node=\"\">Zmaksymalizuj stabilno\u015b\u0107 maszyn i <\/strong><strong data-start=\"119\" data-end=\"204\" data-is-last-node=\"\" data-is-only-node=\"\">Zwi\u0119ksz wydajno\u015b\u0107 sprz\u0119tu<\/strong><\/h2>\n<p><a href=\"https:\/\/nhkmachineryparts.com\/pl\/product-line\/stainless-steel-solid-base-feet\/\" data-internallinksmanager029f6b8e52c=\"7\" title=\"N\u00f3\u017cki poziomuj\u0105ce maszyn\u0119 z solidn\u0105 p\u0142yt\u0105 bazow\u0105\">Stopki poziomuj\u0105ce<\/a> z gumow\u0105 podstaw\u0105 redukuj\u0105c\u0105 wibracje i posiadaj\u0105c\u0105 w\u0142a\u015bciwo\u015bci antypo\u015blizgowe<br \/>\nNasze n\u00f3\u017cki poziomuj\u0105ce posiadaj\u0105 certyfikat FDA (FDA CFR 21 177 2600) z unikalnym numerem identyfikacyjnym partii, umo\u017cliwiaj\u0105cym \u015bledzenie bezpiecze\u0144stwa \u017cywno\u015bci<\/p>\n<p><a href=\"https:\/\/nhkmachineryparts.com\/shop\/product-line\/machine-levelling-feet-in-a-hygienic-design\/levelling-feet-with-fully-threaded-spindle\/\">Wypr\u00f3buj nasz selektor produkt\u00f3w<\/a><\/p>\n<h3>Cechy i zalety n\u00f3\u017cek poziomuj\u0105cych<\/h3>\n<p>N\u00f3\u017cki poziomuj\u0105ce maj\u0105 zaokr\u0105glony, higieniczny kszta\u0142t, dzi\u0119ki czemu s\u0105 \u0142atwe do czyszczenia.<br \/>\nN\u00f3\u017cki poziomuj\u0105ce wytrzymuj\u0105 nachylenie pod\u0142\u00f3g i urz\u0105dze\u0144 do 10 stopni.<\/p>\n<h3>Materia\u0142y na n\u00f3\u017cki poziomuj\u0105ce<\/h3>\n<p>N\u00f3\u017cki poziomuj\u0105ce wykonane z wulkanizowanej gumy z certyfikatem FDA zgodnym z FDA CFR 21 177 2600.<\/p>\n<p>Opis materia\u0142u p\u0142yty podstawy:<br \/>\nStal nierdzewna Aisi 304 lub Aisi 316<\/p>\n<p>Opis materia\u0142u wrzeciona:<br \/>\nStal nierdzewna A2-70 lub A4-70<\/p>\n<p>Opis materia\u0142u podstawy gumy:<br \/>\nKauczuk NBR (kauczuk nitrylowy nr CAS 9005-98-5)<br \/>\nCertyfikat FDA zgodny z FDA CFR 21 177 2600<\/p>\n<p>Wszystkie materia\u0142y charakteryzuj\u0105 si\u0119 wysok\u0105 odporno\u015bci\u0105 na chemikalia i powszechnie stosowane \u015brodki czyszcz\u0105ce oraz na odporne oleje i t\u0142uszcze.<\/p>\n<h3>Rozmiary n\u00f3\u017cek poziomuj\u0105cych<\/h3>\n<p>Podstawy n\u00f3\u017cek poziomuj\u0105cych dost\u0119pne s\u0105 w szerokiej gamie, co zapewnia optymaln\u0105 elastyczno\u015b\u0107 i wyb\u00f3r.<\/p>\n<div class=\"dcf-overflow-x-auto\" tabindex=\"0\">\n<table class=\"dcf-table dcf-table-responsive dcf-table-bordered dcf-w-100%\">\n<thead>\n<tr>\n<th scope=\"col\">Typ bazowy<\/th>\n<th scope=\"col\">\u015arednica podstawy D<\/th>\n<th scope=\"col\">Nie m. Obci\u0105\u017cenie<\/th>\n<\/tr>\n<\/thead>\n<tbody>\n<tr>\n<td data-label=\"HMF Base Size\">HLF62<\/td>\n<td data-label=\"Base Diameter D\">60mm<\/td>\n<td data-label=\"Nom. Load \">7.000 N<\/td>\n<\/tr>\n<tr>\n<td data-label=\"HMF Base Size\">HLF82<\/td>\n<td data-label=\"Base Diameter D\">80mm<\/td>\n<td data-label=\"Nom. Load \">15.000 N<\/td>\n<\/tr>\n<tr>\n<td data-label=\"HMF Base Size\">HLF102<\/td>\n<td data-label=\"Base Diameter D\">100mm<\/td>\n<td data-label=\"Nom. Load \">20.000 N<\/td>\n<\/tr>\n<tr>\n<td data-label=\"HMF Base Size\">HLF122<\/td>\n<td data-label=\"Base Diameter D\">120mm<\/td>\n<td data-label=\"Nom. Load \">30 000 N<\/td>\n<\/tr>\n<\/tbody>\n<\/table>\n<\/div>\n<p>Wrzeciona n\u00f3\u017cek poziomuj\u0105cych dost\u0119pne s\u0105 w szerokiej gamie, co zapewnia optymaln\u0105 elastyczno\u015b\u0107 i wyb\u00f3r.<\/p>\n<div class=\"dcf-overflow-x-auto\" tabindex=\"0\">\n<table class=\"dcf-table dcf-table-responsive dcf-table-bordered dcf-w-100%\">\n<caption>HLF Gwinty wrzeciona<\/caption>\n<tbody>\n<tr>\n<td>M12<\/td>\n<td>M16<\/td>\n<td>M20<\/td>\n<td>M24<\/td>\n<td>M30<\/td>\n<td>M36<\/td>\n<td>M42<\/td>\n<td>M48<\/td>\n<\/tr>\n<\/tbody>\n<\/table>\n<\/div>\n<div class=\"dcf-overflow-x-auto\" tabindex=\"0\">\n<table class=\"dcf-table dcf-table-responsive dcf-table-bordered dcf-w-100%\">\n<caption>HLF D\u0142ugo\u015b\u0107 wrzeciona (L)<\/caption>\n<tbody>\n<tr>\n<td>50mm<\/td>\n<td>70mm<\/td>\n<td>100mm<\/td>\n<td>120mm<\/td>\n<td>150mm<\/td>\n<td>180mm<\/td>\n<td>200mm<\/td>\n<td>230mm<\/td>\n<td>280mm<\/td>\n<td>330 mm<\/td>\n<\/tr>\n<\/tbody>\n<\/table>\n<\/div>\n<p>W przypadku innych d\u0142ugo\u015bci trzpienia gwintowanego (L) prosimy o kontakt<br \/>\nGwinty calowe dost\u0119pne s\u0105 na zam\u00f3wienie<br \/>\nGwint mo\u017cna r\u00f3wnie\u017c dostosowa\u0107 zgodnie z konkretnym \u017c\u0105daniem, np. gwintem trapezowym itp.<\/p>\n<h3>Opcja dostawy n\u00f3\u017cek poziomuj\u0105cych<\/h3>\n<p>W przypadku du\u017cych zam\u00f3wie\u0144 oferujemy dostaw\u0119 podstawy i wrzecion oddzielnie<br \/>\nZalet\u0105 jest elastyczno\u015b\u0107 dla klienta korzystaj\u0105cego z wielu r\u00f3\u017cnych rozmiar\u00f3w wrzecion.<\/p>\n<h2 data-start=\"0\" data-end=\"81\"><strong data-start=\"4\" data-end=\"79\">N\u00f3\u017cki poziomuj\u0105ce z dwiema p\u0142ytkami blokuj\u0105cymi pod\u0142og\u0119 i wrzecionem z pe\u0142nym gwintem<\/strong><\/h2>\n<h3 data-start=\"83\" data-end=\"150\"><strong data-start=\"88\" data-end=\"148\">Zwi\u0119kszona stabilno\u015b\u0107 i precyzja w sprz\u0119cie przemys\u0142owym<\/strong><\/h3>\n<p data-start=\"151\" data-end=\"533\">Stopki poziomuj\u0105ce z dwiema p\u0142ytkami blokuj\u0105cymi pod\u0142og\u0119 i w pe\u0142ni gwintowanym wrzecionem s\u0105 niezb\u0119dnymi elementami maszyn przemys\u0142owych, oferuj\u0105c zwi\u0119kszon\u0105 stabilno\u015b\u0107 i precyzyjn\u0105 regulacj\u0119 wysoko\u015bci. Dwie p\u0142ytki blokuj\u0105ce bezpiecznie mocuj\u0105 sprz\u0119t do pod\u0142ogi, minimalizuj\u0105c wibracje i zapewniaj\u0105c optymaln\u0105 wydajno\u015b\u0107, szczeg\u00f3lnie w \u015brodowiskach wymagaj\u0105cych \u015bcis\u0142ych norm higieny i bezpiecze\u0144stwa.<\/p>\n<h3 data-start=\"535\" data-end=\"601\"><strong data-start=\"540\" data-end=\"599\">G\u0142\u00f3wne cechy n\u00f3\u017cek poziomuj\u0105cych z 2 p\u0142ytkami blokuj\u0105cymi<\/strong><\/h3>\n<p data-start=\"602\" data-end=\"1008\">Te n\u00f3\u017cki poziomuj\u0105ce s\u0105 zaprojektowane z wrzecionem z pe\u0142nym gwintem, co umo\u017cliwia \u0142atw\u0105 i dok\u0142adn\u0105 regulacj\u0119 wysoko\u015bci. Dwie p\u0142yty blokuj\u0105ce pod\u0142og\u0119 zapewniaj\u0105 dodatkow\u0105 stabilno\u015b\u0107, zapobiegaj\u0105c przemieszczaniu si\u0119 i zmniejszaj\u0105c zu\u017cycie <a href=\"https:\/\/nhkmachineryparts.com\/pl\/\" data-internallinksmanager029f6b8e52c=\"14\" title=\"elementy maszyn\">elementy maszyn<\/a>. Zazwyczaj wykonane ze stali nierdzewnej, s\u0105 odporne na korozj\u0119 i idealne do przetw\u00f3rstwa \u017cywno\u015bci, przemys\u0142u farmaceutycznego i pakowania. <a href=\"https:\/\/nhkmachineryparts.com\/pl\/our-industries\/\" data-internallinksmanager029f6b8e52c=\"4\" title=\"Nasze bran\u017ce\">bran\u017ce<\/a> gdzie czysto\u015b\u0107 jest najwa\u017cniejsza.<\/p>\n<h3 data-start=\"1010\" data-end=\"1076\"><strong data-start=\"1015\" data-end=\"1074\">Korzy\u015bci ze stosowania n\u00f3\u017cek poziomuj\u0105cych z pe\u0142nym gwintem wrzeciona<\/strong><\/h3>\n<p data-start=\"1077\" data-end=\"1474\">W pe\u0142ni gwintowana konstrukcja wrzeciona zapewnia precyzyjne regulacje, dzi\u0119ki czemu maszyny pozostaj\u0105 wypoziomowane nawet na nier\u00f3wnych powierzchniach. Ta precyzyjna kontrola pomaga utrzyma\u0107 wydajno\u015b\u0107 sprz\u0119tu i wyd\u0142u\u017ca \u017cywotno\u015b\u0107 maszyn poprzez redukcj\u0119 napr\u0119\u017ce\u0144 i niewsp\u00f3\u0142osiowo\u015bci. Ponadto 2 p\u0142yty blokuj\u0105ce r\u00f3wnomiernie rozk\u0142adaj\u0105 ci\u0119\u017car, zwi\u0119kszaj\u0105c bezpiecze\u0144stwo i zmniejszaj\u0105c ryzyko przewr\u00f3cenia si\u0119 lub przesuni\u0119cia sprz\u0119tu.<\/p>\n<h3 data-start=\"1476\" data-end=\"1521\"><strong data-start=\"1481\" data-end=\"1519\">Zastosowania w r\u00f3\u017cnych ga\u0142\u0119ziach przemys\u0142u<\/strong><\/h3>\n<p data-start=\"1522\" data-end=\"1956\">Te n\u00f3\u017cki poziomuj\u0105ce s\u0105 szeroko stosowane w sektorach takich jak przetw\u00f3rstwo \u017cywno\u015bci, farmaceutyka, biotechnologia i pakowanie. Ich solidna konstrukcja i niezawodna wydajno\u015b\u0107 sprawiaj\u0105, \u017ce idealnie nadaj\u0105 si\u0119 do urz\u0105dze\u0144 takich jak przeno\u015bniki, miksery, maszyny nape\u0142niaj\u0105ce i linie produkcyjne o du\u017cej wytrzyma\u0142o\u015bci. Konstrukcja ze stali nierdzewnej zapewnia zgodno\u015b\u0107 z przepisami bran\u017cowymi, dzi\u0119ki czemu nadaj\u0105 si\u0119 do \u015brodowisk czystych pomieszcze\u0144 i higienicznych zak\u0142ad\u00f3w przetw\u00f3rczych.<\/p>\n<h3 data-start=\"3\" data-end=\"114\"><strong data-start=\"3\" data-end=\"112\" data-is-only-node=\"\">Maksymalizuj maszyny <\/strong><strong data-start=\"119\" data-end=\"204\" data-is-last-node=\"\" data-is-only-node=\"\"> Wydajno\u015b\u0107 i bezpiecze\u0144stwo<\/strong><\/h3>\n<p data-start=\"1958\" data-end=\"2154\" data-is-last-node=\"\" data-is-only-node=\"\">Aby zapewni\u0107 niezawodne i stabilne podparcie maszyn, wybierz n\u00f3\u017cki poziomuj\u0105ce z dwiema p\u0142ytkami blokuj\u0105cymi i wrzecionem z pe\u0142nym gwintem. Gwarantuj\u0105 one precyzj\u0119, trwa\u0142o\u015b\u0107 i bezpiecze\u0144stwo w ka\u017cdych warunkach przemys\u0142owych.<\/p>\n\n\t\t<\/div>\n\t<\/div>\n<\/div><\/div><\/div><\/div><\/div><\/section>","protected":false},"excerpt":{"rendered":"Maximize Machinery Stability and Enhance Equipment Performance Levelling feet with rubber base for vibration reduction and anti-slip properties Our levelling feet are provided with FDA certificate (FDA CFR 21 177 2600) with unique batch ID number for food safety traceability Try our product selector Levelling feet features and advantages Levelling feet have a rounded, hygienic [...]","protected":false},"featured_media":12769,"template":"","meta":[],"product_brand":[],"product_cat":[18],"product_tag":[],"class_list":{"0":"post-12768","1":"product","2":"type-product","3":"status-publish","4":"has-post-thumbnail","6":"product_cat-stainless-steel-machine-levelling-feet","8":"first","9":"instock","10":"shipping-taxable","11":"product-type-simple"},"yoast_head":"<!-- This site is optimized with the Yoast SEO plugin v27.3 - https:\/\/yoast.com\/product\/yoast-seo-wordpress\/ -->\n<title>Levelling feet with 2 floor locking plates and fully-threaded spindle | NHK Machinery Parts<\/title>\n<meta name=\"description\" content=\"Ensure optimal performance and safety in demanding environments using levelling feet engineered for secure anchoring and fine-tuned adjustments.\" \/>\n<meta name=\"robots\" content=\"index, follow, max-snippet:-1, max-image-preview:large, max-video-preview:-1\" \/>\n<link rel=\"canonical\" href=\"https:\/\/nhkmachineryparts.com\/pl\/produkt\/nozki-poziomujace-z-2-plytkami-blokujacymi-podloge-i-wrzecionem-z-pelnym-gwintem\/\" \/>\n<meta property=\"og:locale\" content=\"pl_PL\" \/>\n<meta property=\"og:type\" content=\"article\" \/>\n<meta property=\"og:title\" content=\"Levelling feet with 2 floor locking plates and fully-threaded spindle | NHK Machinery Parts\" \/>\n<meta property=\"og:description\" content=\"Ensure optimal performance and safety in demanding environments using levelling feet engineered for secure anchoring and fine-tuned adjustments.\" \/>\n<meta property=\"og:url\" content=\"https:\/\/nhkmachineryparts.com\/pl\/produkt\/nozki-poziomujace-z-2-plytkami-blokujacymi-podloge-i-wrzecionem-z-pelnym-gwintem\/\" \/>\n<meta property=\"og:site_name\" content=\"NHK Machinery Parts\" \/>\n<meta property=\"article:publisher\" content=\"https:\/\/www.facebook.com\/NHK.Group.aps\" \/>\n<meta property=\"article:modified_time\" content=\"2026-02-23T11:34:38+00:00\" \/>\n<meta property=\"og:image\" content=\"https:\/\/nhkmachineryparts.com\/wp-content\/uploads\/2024\/11\/HLF-x2-1.jpg\" \/>\n\t<meta property=\"og:image:width\" content=\"1000\" \/>\n\t<meta property=\"og:image:height\" content=\"1000\" \/>\n\t<meta property=\"og:image:type\" content=\"image\/jpeg\" \/>\n<meta name=\"twitter:card\" content=\"summary_large_image\" \/>\n<meta name=\"twitter:label1\" content=\"Szacowany czas czytania\" \/>\n\t<meta name=\"twitter:data1\" content=\"3 minuty\" \/>\n<script type=\"application\/ld+json\" class=\"yoast-schema-graph\">{\"@context\":\"https:\\\/\\\/schema.org\",\"@graph\":[{\"@type\":\"WebPage\",\"@id\":\"https:\\\/\\\/nhkmachineryparts.com\\\/product\\\/levelling-feet-with-2-floor-locking-plates-and-fully-threaded-spindle\\\/\",\"url\":\"https:\\\/\\\/nhkmachineryparts.com\\\/product\\\/levelling-feet-with-2-floor-locking-plates-and-fully-threaded-spindle\\\/\",\"name\":\"Levelling feet with 2 floor locking plates and fully-threaded spindle | NHK Machinery Parts\",\"isPartOf\":{\"@id\":\"https:\\\/\\\/nhkmachineryparts.com\\\/#website\"},\"primaryImageOfPage\":{\"@id\":\"https:\\\/\\\/nhkmachineryparts.com\\\/product\\\/levelling-feet-with-2-floor-locking-plates-and-fully-threaded-spindle\\\/#primaryimage\"},\"image\":{\"@id\":\"https:\\\/\\\/nhkmachineryparts.com\\\/product\\\/levelling-feet-with-2-floor-locking-plates-and-fully-threaded-spindle\\\/#primaryimage\"},\"thumbnailUrl\":\"https:\\\/\\\/nhkmachineryparts.com\\\/wp-content\\\/uploads\\\/2024\\\/11\\\/HLF-x2-1.jpg\",\"datePublished\":\"2024-11-09T20:00:04+00:00\",\"dateModified\":\"2026-02-23T11:34:38+00:00\",\"description\":\"Ensure optimal performance and safety in demanding environments using levelling feet engineered for secure anchoring and fine-tuned adjustments.\",\"breadcrumb\":{\"@id\":\"https:\\\/\\\/nhkmachineryparts.com\\\/product\\\/levelling-feet-with-2-floor-locking-plates-and-fully-threaded-spindle\\\/#breadcrumb\"},\"inLanguage\":\"pl-PL\",\"potentialAction\":[{\"@type\":\"ReadAction\",\"target\":[\"https:\\\/\\\/nhkmachineryparts.com\\\/product\\\/levelling-feet-with-2-floor-locking-plates-and-fully-threaded-spindle\\\/\"]}]},{\"@type\":\"ImageObject\",\"inLanguage\":\"pl-PL\",\"@id\":\"https:\\\/\\\/nhkmachineryparts.com\\\/product\\\/levelling-feet-with-2-floor-locking-plates-and-fully-threaded-spindle\\\/#primaryimage\",\"url\":\"https:\\\/\\\/nhkmachineryparts.com\\\/wp-content\\\/uploads\\\/2024\\\/11\\\/HLF-x2-1.jpg\",\"contentUrl\":\"https:\\\/\\\/nhkmachineryparts.com\\\/wp-content\\\/uploads\\\/2024\\\/11\\\/HLF-x2-1.jpg\",\"width\":1000,\"height\":1000,\"caption\":\"Levelling feet with 2 floor locking plates and fully-threaded spindle\"},{\"@type\":\"BreadcrumbList\",\"@id\":\"https:\\\/\\\/nhkmachineryparts.com\\\/product\\\/levelling-feet-with-2-floor-locking-plates-and-fully-threaded-spindle\\\/#breadcrumb\",\"itemListElement\":[{\"@type\":\"ListItem\",\"position\":1,\"name\":\"Home\",\"item\":\"https:\\\/\\\/nhkmachineryparts.com\\\/\"},{\"@type\":\"ListItem\",\"position\":2,\"name\":\"Product line\",\"item\":\"https:\\\/\\\/nhkmachineryparts.com\\\/product-line\\\/\"},{\"@type\":\"ListItem\",\"position\":3,\"name\":\"Industrial machine leveling feet in stainless steel\",\"item\":\"https:\\\/\\\/nhkmachineryparts.com\\\/product-line\\\/stainless-steel-machine-levelling-feet\\\/\"},{\"@type\":\"ListItem\",\"position\":4,\"name\":\"Levelling feet with 2 floor locking plates and fully-threaded spindle\"}]},{\"@type\":\"WebSite\",\"@id\":\"https:\\\/\\\/nhkmachineryparts.com\\\/#website\",\"url\":\"https:\\\/\\\/nhkmachineryparts.com\\\/\",\"name\":\"NHK Machinery Parts\",\"description\":\"Bearing Houses, seismic levelling feet and levelling castors\",\"publisher\":{\"@id\":\"https:\\\/\\\/nhkmachineryparts.com\\\/#organization\"},\"potentialAction\":[{\"@type\":\"SearchAction\",\"target\":{\"@type\":\"EntryPoint\",\"urlTemplate\":\"https:\\\/\\\/nhkmachineryparts.com\\\/?s={search_term_string}\"},\"query-input\":{\"@type\":\"PropertyValueSpecification\",\"valueRequired\":true,\"valueName\":\"search_term_string\"}}],\"inLanguage\":\"pl-PL\"},{\"@type\":\"Organization\",\"@id\":\"https:\\\/\\\/nhkmachineryparts.com\\\/#organization\",\"name\":\"Nhk Group ApS\",\"url\":\"https:\\\/\\\/nhkmachineryparts.com\\\/\",\"logo\":{\"@type\":\"ImageObject\",\"inLanguage\":\"pl-PL\",\"@id\":\"https:\\\/\\\/nhkmachineryparts.com\\\/#\\\/schema\\\/logo\\\/image\\\/\",\"url\":\"https:\\\/\\\/nhkmachineryparts.com\\\/wp-content\\\/uploads\\\/2022\\\/09\\\/NHKgroup_social.jpg\",\"contentUrl\":\"https:\\\/\\\/nhkmachineryparts.com\\\/wp-content\\\/uploads\\\/2022\\\/09\\\/NHKgroup_social.jpg\",\"width\":1200,\"height\":630,\"caption\":\"Nhk Group ApS\"},\"image\":{\"@id\":\"https:\\\/\\\/nhkmachineryparts.com\\\/#\\\/schema\\\/logo\\\/image\\\/\"},\"sameAs\":[\"https:\\\/\\\/www.facebook.com\\\/NHK.Group.aps\"]}]}<\/script>\n<!-- \/ Yoast SEO plugin. -->","yoast_head_json":{"title":"N\u00f3\u017cki poziomuj\u0105ce z 2 p\u0142ytkami blokuj\u0105cymi pod\u0142og\u0119 i wrzecionem z pe\u0142nym gwintem | NHK Machinery Parts","description":"Zapewnij optymaln\u0105 wydajno\u015b\u0107 i bezpiecze\u0144stwo w wymagaj\u0105cych \u015brodowiskach, korzystaj\u0105c ze stopek poziomuj\u0105cych zaprojektowanych do bezpiecznego zakotwiczenia i precyzyjnych regulacji.","robots":{"index":"index","follow":"follow","max-snippet":"max-snippet:-1","max-image-preview":"max-image-preview:large","max-video-preview":"max-video-preview:-1"},"canonical":"https:\/\/nhkmachineryparts.com\/pl\/produkt\/nozki-poziomujace-z-2-plytkami-blokujacymi-podloge-i-wrzecionem-z-pelnym-gwintem\/","og_locale":"pl_PL","og_type":"article","og_title":"Levelling feet with 2 floor locking plates and fully-threaded spindle | NHK Machinery Parts","og_description":"Ensure optimal performance and safety in demanding environments using levelling feet engineered for secure anchoring and fine-tuned adjustments.","og_url":"https:\/\/nhkmachineryparts.com\/pl\/produkt\/nozki-poziomujace-z-2-plytkami-blokujacymi-podloge-i-wrzecionem-z-pelnym-gwintem\/","og_site_name":"NHK Machinery Parts","article_publisher":"https:\/\/www.facebook.com\/NHK.Group.aps","article_modified_time":"2026-02-23T11:34:38+00:00","og_image":[{"width":1000,"height":1000,"url":"https:\/\/nhkmachineryparts.com\/wp-content\/uploads\/2024\/11\/HLF-x2-1.jpg","type":"image\/jpeg"}],"twitter_card":"summary_large_image","twitter_misc":{"Szacowany czas czytania":"3 minuty"},"schema":{"@context":"https:\/\/schema.org","@graph":[{"@type":"WebPage","@id":"https:\/\/nhkmachineryparts.com\/product\/levelling-feet-with-2-floor-locking-plates-and-fully-threaded-spindle\/","url":"https:\/\/nhkmachineryparts.com\/product\/levelling-feet-with-2-floor-locking-plates-and-fully-threaded-spindle\/","name":"N\u00f3\u017cki poziomuj\u0105ce z 2 p\u0142ytkami blokuj\u0105cymi pod\u0142og\u0119 i wrzecionem z pe\u0142nym gwintem | NHK Machinery Parts","isPartOf":{"@id":"https:\/\/nhkmachineryparts.com\/#website"},"primaryImageOfPage":{"@id":"https:\/\/nhkmachineryparts.com\/product\/levelling-feet-with-2-floor-locking-plates-and-fully-threaded-spindle\/#primaryimage"},"image":{"@id":"https:\/\/nhkmachineryparts.com\/product\/levelling-feet-with-2-floor-locking-plates-and-fully-threaded-spindle\/#primaryimage"},"thumbnailUrl":"https:\/\/nhkmachineryparts.com\/wp-content\/uploads\/2024\/11\/HLF-x2-1.jpg","datePublished":"2024-11-09T20:00:04+00:00","dateModified":"2026-02-23T11:34:38+00:00","description":"Zapewnij optymaln\u0105 wydajno\u015b\u0107 i bezpiecze\u0144stwo w wymagaj\u0105cych \u015brodowiskach, korzystaj\u0105c ze stopek poziomuj\u0105cych zaprojektowanych do bezpiecznego zakotwiczenia i precyzyjnych regulacji.","breadcrumb":{"@id":"https:\/\/nhkmachineryparts.com\/product\/levelling-feet-with-2-floor-locking-plates-and-fully-threaded-spindle\/#breadcrumb"},"inLanguage":"pl-PL","potentialAction":[{"@type":"ReadAction","target":["https:\/\/nhkmachineryparts.com\/product\/levelling-feet-with-2-floor-locking-plates-and-fully-threaded-spindle\/"]}]},{"@type":"ImageObject","inLanguage":"pl-PL","@id":"https:\/\/nhkmachineryparts.com\/product\/levelling-feet-with-2-floor-locking-plates-and-fully-threaded-spindle\/#primaryimage","url":"https:\/\/nhkmachineryparts.com\/wp-content\/uploads\/2024\/11\/HLF-x2-1.jpg","contentUrl":"https:\/\/nhkmachineryparts.com\/wp-content\/uploads\/2024\/11\/HLF-x2-1.jpg","width":1000,"height":1000,"caption":"Levelling feet with 2 floor locking plates and fully-threaded spindle"},{"@type":"BreadcrumbList","@id":"https:\/\/nhkmachineryparts.com\/product\/levelling-feet-with-2-floor-locking-plates-and-fully-threaded-spindle\/#breadcrumb","itemListElement":[{"@type":"ListItem","position":1,"name":"Home","item":"https:\/\/nhkmachineryparts.com\/"},{"@type":"ListItem","position":2,"name":"Product line","item":"https:\/\/nhkmachineryparts.com\/product-line\/"},{"@type":"ListItem","position":3,"name":"Industrial machine leveling feet in stainless steel","item":"https:\/\/nhkmachineryparts.com\/product-line\/stainless-steel-machine-levelling-feet\/"},{"@type":"ListItem","position":4,"name":"Levelling feet with 2 floor locking plates and fully-threaded spindle"}]},{"@type":"WebSite","@id":"https:\/\/nhkmachineryparts.com\/#website","url":"https:\/\/nhkmachineryparts.com\/","name":"Cz\u0119\u015bci maszyn NHK","description":"Obudowy \u0142o\u017cyskowe, sejsmiczne stopy poziomuj\u0105ce i k\u00f3\u0142ka poziomuj\u0105ce","publisher":{"@id":"https:\/\/nhkmachineryparts.com\/#organization"},"potentialAction":[{"@type":"SearchAction","target":{"@type":"EntryPoint","urlTemplate":"https:\/\/nhkmachineryparts.com\/?s={search_term_string}"},"query-input":{"@type":"PropertyValueSpecification","valueRequired":true,"valueName":"search_term_string"}}],"inLanguage":"pl-PL"},{"@type":"Organization","@id":"https:\/\/nhkmachineryparts.com\/#organization","name":"ApS Grupy Nhk","url":"https:\/\/nhkmachineryparts.com\/","logo":{"@type":"ImageObject","inLanguage":"pl-PL","@id":"https:\/\/nhkmachineryparts.com\/#\/schema\/logo\/image\/","url":"https:\/\/nhkmachineryparts.com\/wp-content\/uploads\/2022\/09\/NHKgroup_social.jpg","contentUrl":"https:\/\/nhkmachineryparts.com\/wp-content\/uploads\/2022\/09\/NHKgroup_social.jpg","width":1200,"height":630,"caption":"Nhk Group ApS"},"image":{"@id":"https:\/\/nhkmachineryparts.com\/#\/schema\/logo\/image\/"},"sameAs":["https:\/\/www.facebook.com\/NHK.Group.aps"]}]}},"_links":{"self":[{"href":"https:\/\/nhkmachineryparts.com\/pl\/wp-json\/wp\/v2\/product\/12768","targetHints":{"allow":["GET"]}}],"collection":[{"href":"https:\/\/nhkmachineryparts.com\/pl\/wp-json\/wp\/v2\/product"}],"about":[{"href":"https:\/\/nhkmachineryparts.com\/pl\/wp-json\/wp\/v2\/types\/product"}],"wp:featuredmedia":[{"embeddable":true,"href":"https:\/\/nhkmachineryparts.com\/pl\/wp-json\/wp\/v2\/media\/12769"}],"wp:attachment":[{"href":"https:\/\/nhkmachineryparts.com\/pl\/wp-json\/wp\/v2\/media?parent=12768"}],"wp:term":[{"taxonomy":"product_brand","embeddable":true,"href":"https:\/\/nhkmachineryparts.com\/pl\/wp-json\/wp\/v2\/product_brand?post=12768"},{"taxonomy":"product_cat","embeddable":true,"href":"https:\/\/nhkmachineryparts.com\/pl\/wp-json\/wp\/v2\/product_cat?post=12768"},{"taxonomy":"product_tag","embeddable":true,"href":"https:\/\/nhkmachineryparts.com\/pl\/wp-json\/wp\/v2\/product_tag?post=12768"}],"curies":[{"name":"wp","href":"https:\/\/api.w.org\/{rel}","templated":true}]}}