{"id":12765,"date":"2024-11-09T21:50:11","date_gmt":"2024-11-09T19:50:11","guid":{"rendered":"https:\/\/nhkmachineryparts.com\/?post_type=product&#038;p=12765"},"modified":"2026-02-23T13:34:11","modified_gmt":"2026-02-23T11:34:11","slug":"stopki-maszyny-z-2-plytkami-blokujacymi-podloge-i-wrzecionem-z-pelnym-gwintem","status":"publish","type":"product","link":"https:\/\/nhkmachineryparts.com\/pl\/product\/machine-feet-with-2-floor-locking-plates-and-fully-threaded-spindle\/","title":{"rendered":"Stopy maszyny z 2 p\u0142ytkami blokuj\u0105cymi pod\u0142o\u017ce i wrzecionem z pe\u0142nym gwintem"},"content":{"rendered":"<section class=\"vc_row vc_custom_1662993827263 liquid-row-shadowbox-69d411f41e7d5 vc_column-gap-0\"><div class=\"ld-container container\"><div class=\"row ld-row ld-row-outer\"><div class=\"wpb_column vc_column_container vc_col-sm-12 liquid-column-69d411f41e976\"><div class=\"vc_column-inner\" ><div class=\"wpb_wrapper\"  >\n\t<div class=\"wpb_text_column wpb_content_element\" >\n\t\t<div class=\"wpb_wrapper\">\n\t\t\t<h2>Stabilno\u015b\u0107 i precyzja w zastosowaniach przemys\u0142owych<\/h2>\n<p><a href=\"https:\/\/nhkmachineryparts.com\/pl\/produkt\/301-stopy-maszyna-w-uszczelnionej-higienicznej-konstrukcji-shmf-z-plyta-blokujaca-podloge\/\" data-internallinksmanager029f6b8e52c=\"20\" title=\"stopy maszyny\">Stopy maszynowe<\/a> z gumow\u0105 podstaw\u0105 redukuj\u0105c\u0105 wibracje i posiadaj\u0105c\u0105 w\u0142a\u015bciwo\u015bci antypo\u015blizgowe<br \/>\nNasze n\u00f3\u017cki maszynowe posiadaj\u0105 certyfikat FDA (FDA CFR 21 177 2600) z unikalnym numerem identyfikacyjnym partii, umo\u017cliwiaj\u0105cym \u015bledzenie bezpiecze\u0144stwa \u017cywno\u015bci<\/p>\n<p><a href=\"https:\/\/nhkmachineryparts.com\/pl\/sklep\/linia-produkcyjna-2\/nozki-poziomujace-maszyne-o-higienicznej-konstrukcji\/stopy-maszyny-z-w-pelni-gwintowanym-wrzecionem\/\">Wypr\u00f3buj nasz selektor produkt\u00f3w<\/a><\/p>\n<h3>Cechy i zalety n\u00f3\u017cek maszynowych<\/h3>\n<p>N\u00f3\u017cki maszyny maj\u0105 zaokr\u0105glony, higieniczny kszta\u0142t, dzi\u0119ki czemu s\u0105 \u0142atwe do czyszczenia.<br \/>\nStopy maszynowe wytrzymuj\u0105 nachylenie pod\u0142\u00f3g i sprz\u0119tu do 10 stopni.<\/p>\n<h3>Materia\u0142y konstrukcyjne st\u00f3p maszynowych<\/h3>\n<p>N\u00f3\u017cki maszynowe wykonane z wulkanizowanej gumy z certyfikatem FDA zgodnym z FDA CFR 21 177 2600.<\/p>\n<p>Opis materia\u0142u p\u0142yty podstawy:<br \/>\nStal nierdzewna Aisi 304 lub Aisi 316<\/p>\n<p>Opis materia\u0142u wrzeciona:<br \/>\nStal nierdzewna A2-70 lub A4-70<\/p>\n<p>Opis materia\u0142u podstawy gumy:<br \/>\nKauczuk NBR (kauczuk nitrylowy nr CAS 9005-98-5)<br \/>\nCertyfikat FDA zgodny z FDA CFR 21 177 2600<\/p>\n<p>Wszystkie materia\u0142y charakteryzuj\u0105 si\u0119 wysok\u0105 odporno\u015bci\u0105 na chemikalia i powszechnie stosowane \u015brodki czyszcz\u0105ce oraz na odporne oleje i t\u0142uszcze.<\/p>\n<h3>Rozmiary st\u00f3p maszynowych<\/h3>\n<p>Podstawy st\u00f3p maszynowych dost\u0119pne s\u0105 w szerokiej gamie, co zapewnia optymaln\u0105 elastyczno\u015b\u0107 i wyb\u00f3r.<\/p>\n<div class=\"dcf-overflow-x-auto\" tabindex=\"0\">\n<table class=\"dcf-table dcf-table-responsive dcf-table-bordered dcf-w-100%\">\n<thead>\n<tr>\n<th scope=\"col\">Baza HMF<\/th>\n<th scope=\"col\">\u015arednica podstawy D<\/th>\n<th scope=\"col\">Nie m. Obci\u0105\u017cenie<\/th>\n<\/tr>\n<\/thead>\n<tbody>\n<tr>\n<td data-label=\"HMF Base Size\">HMF-62<\/td>\n<td data-label=\"Base Diameter D\">60mm<\/td>\n<td data-label=\"Nom. Load \">7.000 N<\/td>\n<\/tr>\n<tr>\n<td data-label=\"HMF Base Size\">HMF-82<\/td>\n<td data-label=\"Base Diameter D\">80mm<\/td>\n<td data-label=\"Nom. Load \">15.000 N<\/td>\n<\/tr>\n<tr>\n<td data-label=\"HMF Base Size\">HMF-102<\/td>\n<td data-label=\"Base Diameter D\">100mm<\/td>\n<td data-label=\"Nom. Load \">20.000 N<\/td>\n<\/tr>\n<tr>\n<td data-label=\"HMF Base Size\">HMF-122<\/td>\n<td data-label=\"Base Diameter D\">120mm<\/td>\n<td data-label=\"Nom. Load \">30 000 N<\/td>\n<\/tr>\n<\/tbody>\n<\/table>\n<\/div>\n<p>Wrzeciona st\u00f3p maszynowych dost\u0119pne s\u0105 w szerokiej gamie, co zapewnia optymaln\u0105 elastyczno\u015b\u0107 i wyb\u00f3r.<\/p>\n<div class=\"dcf-overflow-x-auto\" tabindex=\"0\">\n<table class=\"dcf-table dcf-table-responsive dcf-table-bordered dcf-w-100%\">\n<caption>Gwinty wrzeciona HMF<\/caption>\n<tbody>\n<tr>\n<td>M12<\/td>\n<td>M16<\/td>\n<td>M20<\/td>\n<td>M24<\/td>\n<td>M30<\/td>\n<td>M36<\/td>\n<td>M42<\/td>\n<td>M48<\/td>\n<\/tr>\n<\/tbody>\n<\/table>\n<\/div>\n<div class=\"dcf-overflow-x-auto\" tabindex=\"0\">\n<table class=\"dcf-table dcf-table-responsive dcf-table-bordered dcf-w-100%\">\n<caption>HMF D\u0142ugo\u015b\u0107 wrzeciona (L)<\/caption>\n<tbody>\n<tr>\n<td>50mm<\/td>\n<td>70mm<\/td>\n<td>100mm<\/td>\n<td>120mm<\/td>\n<td>150mm<\/td>\n<td>180mm<\/td>\n<td>200mm<\/td>\n<td>230mm<\/td>\n<td>280mm<\/td>\n<td>330 mm<\/td>\n<\/tr>\n<\/tbody>\n<\/table>\n<\/div>\n<p>W przypadku innych d\u0142ugo\u015bci trzpienia gwintowanego (L) prosimy o kontakt<br \/>\nGwinty calowe dost\u0119pne s\u0105 na zam\u00f3wienie<br \/>\nGwint mo\u017cna r\u00f3wnie\u017c dostosowa\u0107 zgodnie z konkretnym \u017c\u0105daniem, np. gwintem trapezowym itp.<\/p>\n<h3>Opcja dostawy st\u00f3p maszynowych<\/h3>\n<p>W przypadku du\u017cych zam\u00f3wie\u0144 oferujemy dostaw\u0119 podstawy i wrzecion oddzielnie<br \/>\nZalet\u0105 jest elastyczno\u015b\u0107 dla klienta korzystaj\u0105cego z wielu r\u00f3\u017cnych rozmiar\u00f3w wrzecion.<\/p>\n<h2 data-start=\"0\" data-end=\"127\"><strong data-start=\"0\" data-end=\"125\">Stopy maszyny z dwiema p\u0142ytami blokuj\u0105cymi pod\u0142og\u0119 i wrzecionem z pe\u0142nym gwintem<\/strong><\/h2>\n<h3 data-start=\"129\" data-end=\"184\">Zwi\u0119kszona stabilno\u015b\u0107 dzi\u0119ki 2 p\u0142ytom blokuj\u0105cym pod\u0142og\u0119<\/h3>\n<p data-start=\"185\" data-end=\"520\">Stopy maszyny wyposa\u017cone w dwie p\u0142yty blokuj\u0105ce pod\u0142og\u0119 zapewniaj\u0105 doskona\u0142\u0105 stabilno\u015b\u0107 poprzez bezpieczne zakotwiczenie sprz\u0119tu do pod\u0142ogi. Ta konstrukcja minimalizuje wibracje, zapewniaj\u0105c optymaln\u0105 wydajno\u015b\u0107 i zmniejszaj\u0105c zu\u017cycie maszyn. Dwie p\u0142yty rozk\u0142adaj\u0105 ci\u0119\u017car bardziej r\u00f3wnomiernie, dzi\u0119ki czemu idealnie nadaj\u0105 si\u0119 do ci\u0119\u017ckich warunk\u00f3w przemys\u0142owych.<\/p>\n<h3 data-start=\"522\" data-end=\"574\">Wrzeciono z pe\u0142nym gwintem umo\u017cliwiaj\u0105ce precyzyjn\u0105 regulacj\u0119<\/h3>\n<p data-start=\"575\" data-end=\"917\">W pe\u0142ni gwintowany wrzeciono oferuje precyzyjn\u0105 regulacj\u0119 wysoko\u015bci, umo\u017cliwiaj\u0105c operatorom \u0142atwe poziomowanie maszyn. Jego gwintowana konstrukcja zapewnia bezpieczne pozycjonowanie, zapobiegaj\u0105c niezamierzonym przesuni\u0119ciom podczas pracy. Ten poziom regulacji jest kluczowy dla utrzymania dok\u0142adno\u015bci maszyn, szczeg\u00f3lnie w <a href=\"https:\/\/nhkmachineryparts.com\/pl\/our-industries\/\" data-internallinksmanager029f6b8e52c=\"4\" title=\"Nasze bran\u017ce\">bran\u017ce<\/a> gdzie precyzja ma pierwszorz\u0119dne znaczenie.<\/p>\n<h3 data-start=\"919\" data-end=\"963\">Higieniczna konstrukcja zapewniaj\u0105ca czyste \u015brodowisko<\/h3>\n<p data-start=\"964\" data-end=\"1339\">W przypadku zastosowa\u0144 w przetw\u00f3rstwie \u017cywno\u015bci, przemy\u015ble farmaceutycznym i pomieszczeniach czystych niezb\u0119dne s\u0105 n\u00f3\u017cki maszynowe ze stali nierdzewnej i g\u0142adkimi powierzchniami. Ich \u0142atwa do czyszczenia konstrukcja zapobiega gromadzeniu si\u0119 brudu i bakterii, zapewniaj\u0105c zgodno\u015b\u0107 z przepisami higienicznymi. Materia\u0142y odporne na korozj\u0119 wyd\u0142u\u017caj\u0105 r\u00f3wnie\u017c \u017cywotno\u015b\u0107 podzespo\u0142\u00f3w, zmniejszaj\u0105c koszty konserwacji.<\/p>\n<h3 data-start=\"1341\" data-end=\"1387\">Wszechstronne zastosowania w r\u00f3\u017cnych bran\u017cach<\/h3>\n<p data-start=\"1388\" data-end=\"1763\">Te n\u00f3\u017cki maszynowe s\u0105 szeroko stosowane w przemy\u015ble opakowaniowym, przetw\u00f3rstwie \u017cywno\u015bci i biotechnologicznym, gdzie stabilno\u015b\u0107 i higiena s\u0105 krytyczne. Ich solidna konstrukcja obs\u0142uguje ci\u0119\u017ckie maszyny, a regulowany wrzeciono zapewnia precyzyjne poziomowanie na nier\u00f3wnych powierzchniach. To po\u0142\u0105czenie wytrzyma\u0142o\u015bci i precyzji zwi\u0119ksza wydajno\u015b\u0107 i zapewnia sta\u0142\u0105 jako\u015b\u0107 produktu.<\/p>\n<h3 data-start=\"3\" data-end=\"120\"><strong data-start=\"3\" data-end=\"118\" data-is-only-node=\"\">Zwi\u0119ksz stabilno\u015b\u0107 i precyzj\u0119<\/strong><strong data-start=\"125\" data-end=\"226\" data-is-last-node=\"\" data-is-only-node=\"\">\u00a0Zastosowania przemys\u0142owe<\/strong><\/h3>\n<p data-start=\"1765\" data-end=\"2013\" data-is-last-node=\"\" data-is-only-node=\"\">Odkryj n\u00f3\u017cki do maszyn z dwiema p\u0142ytkami blokuj\u0105cymi i wrzecionem z pe\u0142nym gwintem, kt\u00f3re zapewniaj\u0105 wi\u0119ksz\u0105 stabilno\u015b\u0107, precyzyjn\u0105 regulacj\u0119 wysoko\u015bci i higieniczn\u0105 konstrukcj\u0119 do zastosowa\u0144 w przetw\u00f3rstwie \u017cywno\u015bci, farmacji i przemy\u015ble.<\/p>\n\n\t\t<\/div>\n\t<\/div>\n<\/div><\/div><\/div><\/div><\/div><\/section>","protected":false},"excerpt":{"rendered":"Stability and Precision in Industrial Applications Machine feet with rubber base for vibration reduction and anti-slip properties Our machine feet are provided with FDA certificate (FDA CFR 21 177 2600) with unique batch ID number for food safety traceability Try our product selector Machine feet features and advantages Machine feet have a rounded, hygienic design [...]","protected":false},"featured_media":12704,"template":"","meta":[],"product_brand":[],"product_cat":[18],"product_tag":[],"class_list":{"0":"post-12765","1":"product","2":"type-product","3":"status-publish","4":"has-post-thumbnail","6":"product_cat-stainless-steel-machine-levelling-feet","8":"first","9":"instock","10":"shipping-taxable","11":"product-type-simple"},"yoast_head":"<!-- This site is optimized with the Yoast SEO plugin v27.3 - https:\/\/yoast.com\/product\/yoast-seo-wordpress\/ -->\n<title>Machine feet with 2 floor locking plates and fully-threaded spindle | NHK Machinery Parts<\/title>\n<meta name=\"description\" content=\"Achieve optimal machine performance and reduce vibrations with robust machine feet that offer secure floor anchoring and easy height adjustments.\" \/>\n<meta name=\"robots\" content=\"index, follow, max-snippet:-1, max-image-preview:large, max-video-preview:-1\" \/>\n<link rel=\"canonical\" href=\"https:\/\/nhkmachineryparts.com\/pl\/produkt\/stopki-maszyny-z-2-plytkami-blokujacymi-podloge-i-wrzecionem-z-pelnym-gwintem\/\" \/>\n<meta property=\"og:locale\" content=\"pl_PL\" \/>\n<meta property=\"og:type\" content=\"article\" \/>\n<meta property=\"og:title\" content=\"Machine feet with 2 floor locking plates and fully-threaded spindle | NHK Machinery Parts\" \/>\n<meta property=\"og:description\" content=\"Achieve optimal machine performance and reduce vibrations with robust machine feet that offer secure floor anchoring and easy height adjustments.\" \/>\n<meta property=\"og:url\" content=\"https:\/\/nhkmachineryparts.com\/pl\/produkt\/stopki-maszyny-z-2-plytkami-blokujacymi-podloge-i-wrzecionem-z-pelnym-gwintem\/\" \/>\n<meta property=\"og:site_name\" content=\"NHK Machinery Parts\" \/>\n<meta property=\"article:publisher\" content=\"https:\/\/www.facebook.com\/NHK.Group.aps\" \/>\n<meta property=\"article:modified_time\" content=\"2026-02-23T11:34:11+00:00\" \/>\n<meta property=\"og:image\" content=\"https:\/\/nhkmachineryparts.com\/wp-content\/uploads\/2024\/11\/Hygienic-machine-feet-with-2-locking-plates-and-vulcanized-black-FDA-rubber-base-and-full-threaded-spindle.jpg\" \/>\n\t<meta property=\"og:image:width\" content=\"1000\" \/>\n\t<meta property=\"og:image:height\" content=\"1000\" \/>\n\t<meta property=\"og:image:type\" content=\"image\/jpeg\" \/>\n<meta name=\"twitter:card\" content=\"summary_large_image\" \/>\n<meta name=\"twitter:label1\" content=\"Szacowany czas czytania\" \/>\n\t<meta name=\"twitter:data1\" content=\"3 minuty\" \/>\n<script type=\"application\/ld+json\" class=\"yoast-schema-graph\">{\"@context\":\"https:\\\/\\\/schema.org\",\"@graph\":[{\"@type\":\"WebPage\",\"@id\":\"https:\\\/\\\/nhkmachineryparts.com\\\/product\\\/machine-feet-with-2-floor-locking-plates-and-fully-threaded-spindle\\\/\",\"url\":\"https:\\\/\\\/nhkmachineryparts.com\\\/product\\\/machine-feet-with-2-floor-locking-plates-and-fully-threaded-spindle\\\/\",\"name\":\"Machine feet with 2 floor locking plates and fully-threaded spindle | NHK Machinery Parts\",\"isPartOf\":{\"@id\":\"https:\\\/\\\/nhkmachineryparts.com\\\/#website\"},\"primaryImageOfPage\":{\"@id\":\"https:\\\/\\\/nhkmachineryparts.com\\\/product\\\/machine-feet-with-2-floor-locking-plates-and-fully-threaded-spindle\\\/#primaryimage\"},\"image\":{\"@id\":\"https:\\\/\\\/nhkmachineryparts.com\\\/product\\\/machine-feet-with-2-floor-locking-plates-and-fully-threaded-spindle\\\/#primaryimage\"},\"thumbnailUrl\":\"https:\\\/\\\/nhkmachineryparts.com\\\/wp-content\\\/uploads\\\/2024\\\/11\\\/Hygienic-machine-feet-with-2-locking-plates-and-vulcanized-black-FDA-rubber-base-and-full-threaded-spindle.jpg\",\"datePublished\":\"2024-11-09T19:50:11+00:00\",\"dateModified\":\"2026-02-23T11:34:11+00:00\",\"description\":\"Achieve optimal machine performance and reduce vibrations with robust machine feet that offer secure floor anchoring and easy height adjustments.\",\"breadcrumb\":{\"@id\":\"https:\\\/\\\/nhkmachineryparts.com\\\/product\\\/machine-feet-with-2-floor-locking-plates-and-fully-threaded-spindle\\\/#breadcrumb\"},\"inLanguage\":\"pl-PL\",\"potentialAction\":[{\"@type\":\"ReadAction\",\"target\":[\"https:\\\/\\\/nhkmachineryparts.com\\\/product\\\/machine-feet-with-2-floor-locking-plates-and-fully-threaded-spindle\\\/\"]}]},{\"@type\":\"ImageObject\",\"inLanguage\":\"pl-PL\",\"@id\":\"https:\\\/\\\/nhkmachineryparts.com\\\/product\\\/machine-feet-with-2-floor-locking-plates-and-fully-threaded-spindle\\\/#primaryimage\",\"url\":\"https:\\\/\\\/nhkmachineryparts.com\\\/wp-content\\\/uploads\\\/2024\\\/11\\\/Hygienic-machine-feet-with-2-locking-plates-and-vulcanized-black-FDA-rubber-base-and-full-threaded-spindle.jpg\",\"contentUrl\":\"https:\\\/\\\/nhkmachineryparts.com\\\/wp-content\\\/uploads\\\/2024\\\/11\\\/Hygienic-machine-feet-with-2-locking-plates-and-vulcanized-black-FDA-rubber-base-and-full-threaded-spindle.jpg\",\"width\":1000,\"height\":1000,\"caption\":\"Hygienic machine feet with 2 locking plates and vulcanized black FDA rubber base and full threaded spindle\"},{\"@type\":\"BreadcrumbList\",\"@id\":\"https:\\\/\\\/nhkmachineryparts.com\\\/product\\\/machine-feet-with-2-floor-locking-plates-and-fully-threaded-spindle\\\/#breadcrumb\",\"itemListElement\":[{\"@type\":\"ListItem\",\"position\":1,\"name\":\"Home\",\"item\":\"https:\\\/\\\/nhkmachineryparts.com\\\/\"},{\"@type\":\"ListItem\",\"position\":2,\"name\":\"Product line\",\"item\":\"https:\\\/\\\/nhkmachineryparts.com\\\/product-line\\\/\"},{\"@type\":\"ListItem\",\"position\":3,\"name\":\"Industrial machine leveling feet in stainless steel\",\"item\":\"https:\\\/\\\/nhkmachineryparts.com\\\/product-line\\\/stainless-steel-machine-levelling-feet\\\/\"},{\"@type\":\"ListItem\",\"position\":4,\"name\":\"Machine feet with 2 floor locking plates and fully-threaded spindle\"}]},{\"@type\":\"WebSite\",\"@id\":\"https:\\\/\\\/nhkmachineryparts.com\\\/#website\",\"url\":\"https:\\\/\\\/nhkmachineryparts.com\\\/\",\"name\":\"NHK Machinery Parts\",\"description\":\"Bearing Houses, seismic levelling feet and levelling castors\",\"publisher\":{\"@id\":\"https:\\\/\\\/nhkmachineryparts.com\\\/#organization\"},\"potentialAction\":[{\"@type\":\"SearchAction\",\"target\":{\"@type\":\"EntryPoint\",\"urlTemplate\":\"https:\\\/\\\/nhkmachineryparts.com\\\/?s={search_term_string}\"},\"query-input\":{\"@type\":\"PropertyValueSpecification\",\"valueRequired\":true,\"valueName\":\"search_term_string\"}}],\"inLanguage\":\"pl-PL\"},{\"@type\":\"Organization\",\"@id\":\"https:\\\/\\\/nhkmachineryparts.com\\\/#organization\",\"name\":\"Nhk Group ApS\",\"url\":\"https:\\\/\\\/nhkmachineryparts.com\\\/\",\"logo\":{\"@type\":\"ImageObject\",\"inLanguage\":\"pl-PL\",\"@id\":\"https:\\\/\\\/nhkmachineryparts.com\\\/#\\\/schema\\\/logo\\\/image\\\/\",\"url\":\"https:\\\/\\\/nhkmachineryparts.com\\\/wp-content\\\/uploads\\\/2022\\\/09\\\/NHKgroup_social.jpg\",\"contentUrl\":\"https:\\\/\\\/nhkmachineryparts.com\\\/wp-content\\\/uploads\\\/2022\\\/09\\\/NHKgroup_social.jpg\",\"width\":1200,\"height\":630,\"caption\":\"Nhk Group ApS\"},\"image\":{\"@id\":\"https:\\\/\\\/nhkmachineryparts.com\\\/#\\\/schema\\\/logo\\\/image\\\/\"},\"sameAs\":[\"https:\\\/\\\/www.facebook.com\\\/NHK.Group.aps\"]}]}<\/script>\n<!-- \/ Yoast SEO plugin. -->","yoast_head_json":{"title":"Stopy maszyny z 2 p\u0142ytkami blokuj\u0105cymi pod\u0142og\u0119 i wrzecionem z pe\u0142nym gwintem | NHK Machinery Parts","description":"Osi\u0105gnij optymaln\u0105 wydajno\u015b\u0107 maszyny i zredukuj drgania dzi\u0119ki solidnym n\u00f3\u017ckom maszyny, kt\u00f3re zapewniaj\u0105 bezpieczne zakotwiczenie w pod\u0142o\u017cu i \u0142atw\u0105 regulacj\u0119 wysoko\u015bci.","robots":{"index":"index","follow":"follow","max-snippet":"max-snippet:-1","max-image-preview":"max-image-preview:large","max-video-preview":"max-video-preview:-1"},"canonical":"https:\/\/nhkmachineryparts.com\/pl\/produkt\/stopki-maszyny-z-2-plytkami-blokujacymi-podloge-i-wrzecionem-z-pelnym-gwintem\/","og_locale":"pl_PL","og_type":"article","og_title":"Machine feet with 2 floor locking plates and fully-threaded spindle | NHK Machinery Parts","og_description":"Achieve optimal machine performance and reduce vibrations with robust machine feet that offer secure floor anchoring and easy height adjustments.","og_url":"https:\/\/nhkmachineryparts.com\/pl\/produkt\/stopki-maszyny-z-2-plytkami-blokujacymi-podloge-i-wrzecionem-z-pelnym-gwintem\/","og_site_name":"NHK Machinery Parts","article_publisher":"https:\/\/www.facebook.com\/NHK.Group.aps","article_modified_time":"2026-02-23T11:34:11+00:00","og_image":[{"width":1000,"height":1000,"url":"https:\/\/nhkmachineryparts.com\/wp-content\/uploads\/2024\/11\/Hygienic-machine-feet-with-2-locking-plates-and-vulcanized-black-FDA-rubber-base-and-full-threaded-spindle.jpg","type":"image\/jpeg"}],"twitter_card":"summary_large_image","twitter_misc":{"Szacowany czas czytania":"3 minuty"},"schema":{"@context":"https:\/\/schema.org","@graph":[{"@type":"WebPage","@id":"https:\/\/nhkmachineryparts.com\/product\/machine-feet-with-2-floor-locking-plates-and-fully-threaded-spindle\/","url":"https:\/\/nhkmachineryparts.com\/product\/machine-feet-with-2-floor-locking-plates-and-fully-threaded-spindle\/","name":"Stopy maszyny z 2 p\u0142ytkami blokuj\u0105cymi pod\u0142og\u0119 i wrzecionem z pe\u0142nym gwintem | NHK Machinery Parts","isPartOf":{"@id":"https:\/\/nhkmachineryparts.com\/#website"},"primaryImageOfPage":{"@id":"https:\/\/nhkmachineryparts.com\/product\/machine-feet-with-2-floor-locking-plates-and-fully-threaded-spindle\/#primaryimage"},"image":{"@id":"https:\/\/nhkmachineryparts.com\/product\/machine-feet-with-2-floor-locking-plates-and-fully-threaded-spindle\/#primaryimage"},"thumbnailUrl":"https:\/\/nhkmachineryparts.com\/wp-content\/uploads\/2024\/11\/Hygienic-machine-feet-with-2-locking-plates-and-vulcanized-black-FDA-rubber-base-and-full-threaded-spindle.jpg","datePublished":"2024-11-09T19:50:11+00:00","dateModified":"2026-02-23T11:34:11+00:00","description":"Osi\u0105gnij optymaln\u0105 wydajno\u015b\u0107 maszyny i zredukuj drgania dzi\u0119ki solidnym n\u00f3\u017ckom maszyny, kt\u00f3re zapewniaj\u0105 bezpieczne zakotwiczenie w pod\u0142o\u017cu i \u0142atw\u0105 regulacj\u0119 wysoko\u015bci.","breadcrumb":{"@id":"https:\/\/nhkmachineryparts.com\/product\/machine-feet-with-2-floor-locking-plates-and-fully-threaded-spindle\/#breadcrumb"},"inLanguage":"pl-PL","potentialAction":[{"@type":"ReadAction","target":["https:\/\/nhkmachineryparts.com\/product\/machine-feet-with-2-floor-locking-plates-and-fully-threaded-spindle\/"]}]},{"@type":"ImageObject","inLanguage":"pl-PL","@id":"https:\/\/nhkmachineryparts.com\/product\/machine-feet-with-2-floor-locking-plates-and-fully-threaded-spindle\/#primaryimage","url":"https:\/\/nhkmachineryparts.com\/wp-content\/uploads\/2024\/11\/Hygienic-machine-feet-with-2-locking-plates-and-vulcanized-black-FDA-rubber-base-and-full-threaded-spindle.jpg","contentUrl":"https:\/\/nhkmachineryparts.com\/wp-content\/uploads\/2024\/11\/Hygienic-machine-feet-with-2-locking-plates-and-vulcanized-black-FDA-rubber-base-and-full-threaded-spindle.jpg","width":1000,"height":1000,"caption":"Hygienic machine feet with 2 locking plates and vulcanized black FDA rubber base and full threaded spindle"},{"@type":"BreadcrumbList","@id":"https:\/\/nhkmachineryparts.com\/product\/machine-feet-with-2-floor-locking-plates-and-fully-threaded-spindle\/#breadcrumb","itemListElement":[{"@type":"ListItem","position":1,"name":"Home","item":"https:\/\/nhkmachineryparts.com\/"},{"@type":"ListItem","position":2,"name":"Product line","item":"https:\/\/nhkmachineryparts.com\/product-line\/"},{"@type":"ListItem","position":3,"name":"Industrial machine leveling feet in stainless steel","item":"https:\/\/nhkmachineryparts.com\/product-line\/stainless-steel-machine-levelling-feet\/"},{"@type":"ListItem","position":4,"name":"Machine feet with 2 floor locking plates and fully-threaded spindle"}]},{"@type":"WebSite","@id":"https:\/\/nhkmachineryparts.com\/#website","url":"https:\/\/nhkmachineryparts.com\/","name":"Cz\u0119\u015bci maszyn NHK","description":"Obudowy \u0142o\u017cyskowe, sejsmiczne stopy poziomuj\u0105ce i k\u00f3\u0142ka poziomuj\u0105ce","publisher":{"@id":"https:\/\/nhkmachineryparts.com\/#organization"},"potentialAction":[{"@type":"SearchAction","target":{"@type":"EntryPoint","urlTemplate":"https:\/\/nhkmachineryparts.com\/?s={search_term_string}"},"query-input":{"@type":"PropertyValueSpecification","valueRequired":true,"valueName":"search_term_string"}}],"inLanguage":"pl-PL"},{"@type":"Organization","@id":"https:\/\/nhkmachineryparts.com\/#organization","name":"ApS Grupy Nhk","url":"https:\/\/nhkmachineryparts.com\/","logo":{"@type":"ImageObject","inLanguage":"pl-PL","@id":"https:\/\/nhkmachineryparts.com\/#\/schema\/logo\/image\/","url":"https:\/\/nhkmachineryparts.com\/wp-content\/uploads\/2022\/09\/NHKgroup_social.jpg","contentUrl":"https:\/\/nhkmachineryparts.com\/wp-content\/uploads\/2022\/09\/NHKgroup_social.jpg","width":1200,"height":630,"caption":"Nhk Group ApS"},"image":{"@id":"https:\/\/nhkmachineryparts.com\/#\/schema\/logo\/image\/"},"sameAs":["https:\/\/www.facebook.com\/NHK.Group.aps"]}]}},"_links":{"self":[{"href":"https:\/\/nhkmachineryparts.com\/pl\/wp-json\/wp\/v2\/product\/12765","targetHints":{"allow":["GET"]}}],"collection":[{"href":"https:\/\/nhkmachineryparts.com\/pl\/wp-json\/wp\/v2\/product"}],"about":[{"href":"https:\/\/nhkmachineryparts.com\/pl\/wp-json\/wp\/v2\/types\/product"}],"wp:featuredmedia":[{"embeddable":true,"href":"https:\/\/nhkmachineryparts.com\/pl\/wp-json\/wp\/v2\/media\/12704"}],"wp:attachment":[{"href":"https:\/\/nhkmachineryparts.com\/pl\/wp-json\/wp\/v2\/media?parent=12765"}],"wp:term":[{"taxonomy":"product_brand","embeddable":true,"href":"https:\/\/nhkmachineryparts.com\/pl\/wp-json\/wp\/v2\/product_brand?post=12765"},{"taxonomy":"product_cat","embeddable":true,"href":"https:\/\/nhkmachineryparts.com\/pl\/wp-json\/wp\/v2\/product_cat?post=12765"},{"taxonomy":"product_tag","embeddable":true,"href":"https:\/\/nhkmachineryparts.com\/pl\/wp-json\/wp\/v2\/product_tag?post=12765"}],"curies":[{"name":"wp","href":"https:\/\/api.w.org\/{rel}","templated":true}]}}