{"id":1137,"date":"2022-09-19T14:06:11","date_gmt":"2022-09-19T14:06:11","guid":{"rendered":"https:\/\/nhkmachineryparts.pawsfabrik.dk\/?post_type=product&#038;p=1137"},"modified":"2026-02-23T15:12:43","modified_gmt":"2026-02-23T13:12:43","slug":"223-jednostka-poduszek-blok-ppl","status":"publish","type":"product","link":"https:\/\/nhkmachineryparts.com\/pl\/product\/223-pillow-block-unit-ppl\/","title":{"rendered":"Zesp\u00f3\u0142 \u0142o\u017cyska kulkowego PPL z blokiem poduszki"},"content":{"rendered":"<section class=\"vc_row vc_custom_1662993827263 liquid-row-shadowbox-69d3b2579dec2 vc_column-gap-0\"><div class=\"ld-container container\"><div class=\"row ld-row ld-row-outer\"><div class=\"wpb_column vc_column_container vc_col-sm-12 liquid-column-69d3b2579e047\"><div class=\"vc_column-inner\" ><div class=\"wpb_wrapper\"  >\n\t<div class=\"wpb_text_column wpb_content_element\" >\n\t\t<div class=\"wpb_wrapper\">\n\t\t\t<h2>Wydajno\u015b\u0107 i trwa\u0142o\u015b\u0107 w zastosowaniach przemys\u0142owych<\/h2>\n<p>Obudowa \u0142o\u017cyska IP54 wykonana z polipropylenu. (Kolor czarny, bia\u0142y lub niebieski)<br \/>\nObudowa \u0142o\u017cyska IP54 posiada regulowane, wst\u0119pnie nasmarowane \u0142o\u017cysko kulkowe ze stali chromowanej lub wst\u0119pnie nasmarowane \u0142o\u017cysko kulkowe ze stali nierdzewnej.<br \/>\n\u0141o\u017cysko mo\u017cna nasmarowa\u0107 za pomoc\u0105 smarowniczki lub szybkoz\u0142\u0105cza.<br \/>\nObudowa \u0142o\u017cyska IP54 jest wyposa\u017cona w zatrzaskow\u0105 nasadk\u0119 zabezpieczaj\u0105c\u0105.<br \/>\nPier\u015bcie\u0144 uszczelniaj\u0105cy wa\u0142u obrotowego (TC) z dodatkow\u0105 warg\u0105 przeciwpy\u0142ow\u0105 z gumy NBR.<\/p>\n<h2>Cechy i zalety<\/h2>\n<ul>\n<li>Temperatura pracy od -20\u00b0C do +100\u00b0C.<\/li>\n<li>Ekonomiczna eksploatacja.<\/li>\n<li>Wk\u0142adka \u0142o\u017cyskowa o d\u0142ugiej \u017cywotno\u015bci.<\/li>\n<li>Koncepcja i projekt spe\u0142niaj\u0105cy wszelkie wymogi bezpiecze\u0144stwa.<\/li>\n<li>Wymienne ze standardowymi \u017celiwnymi wspornikami \u0142o\u017cysk ko\u0142nierzowych.<\/li>\n<li>Maksymalna niewsp\u00f3\u0142osiowo\u015b\u0107 pomi\u0119dzy wa\u0142em a obudow\u0105: 3 stopnie.<\/li>\n<li>Ca\u0142kowicie uszczelnione jednostki.<\/li>\n<li>Smarowniczki ze stali nierdzewnej AISI304 M6x1mm<\/li>\n<li>\u0141o\u017cyska ze stali nierdzewnej AISI 440C (wst\u0119pnie nasmarowane)<\/li>\n<li>\u0141o\u017cysko kulkowe wst\u0119pnie nasmarowane smarem d\u0142ugotrwa\u0142ym, kt\u00f3ry idealnie nadaje si\u0119 do zastosowa\u0144 w wilgotnych warunkach, z wod\u0105, roztworami zasadowymi lub kwasowymi.<\/li>\n<\/ul>\n<h2>Dost\u0119pne rozmiary<\/h2>\n<div class=\"dcf-overflow-x-auto\" tabindex=\"0\">\n<table class=\"dcf-table dcf-table-bordered dcf-w-100%\">\n<thead>\n<tr>\n<th scope=\"col\">\u015arednica wa\u0142u<\/th>\n<th scope=\"col\">Nr katalogowy<\/th>\n<\/tr>\n<\/thead>\n<tbody>\n<tr>\n<td data-label=\"Shaft Diameter\">\u015820 mm<\/td>\n<td data-label=\"Catalog No.\">PPL 204<\/td>\n<\/tr>\n<tr>\n<td data-label=\"Shaft Diameter\">\u015825 mm<\/td>\n<td data-label=\"Catalog No.\">PPL 205<\/td>\n<\/tr>\n<tr>\n<td data-label=\"Shaft Diameter\">\u015830 mm<\/td>\n<td data-label=\"Catalog No.\">PPL 206<\/td>\n<\/tr>\n<tr>\n<td data-label=\"Shaft Diameter\">\u015835 mm<\/td>\n<td data-label=\"Catalog No.\">PPL 207<\/td>\n<\/tr>\n<tr>\n<td data-label=\"Shaft Diameter\">\u015840 mm<\/td>\n<td data-label=\"Catalog No.\">PPL 208<\/td>\n<\/tr>\n<tr>\n<td data-label=\"Shaft Diameter\">\u015845 mm<\/td>\n<td data-label=\"Catalog No.\">PPL 209<\/td>\n<\/tr>\n<tr>\n<td data-label=\"Shaft Diameter\">\u015850 mm<\/td>\n<td data-label=\"Catalog No.\">PPL 210<\/td>\n<\/tr>\n<tr>\n<td data-label=\"Shaft Diameter\">\u015855 mm<\/td>\n<td data-label=\"Catalog No.\">PPL 211<\/td>\n<\/tr>\n<tr>\n<td data-label=\"Shaft Diameter\">\u015860 mm<\/td>\n<td data-label=\"Catalog No.\">PPL 212<\/td>\n<\/tr>\n<\/tbody>\n<\/table>\n<\/div>\n<p>PPL20x mo\u017ce by\u0107 dostarczony z otwart\u0105 lub zamkni\u0119t\u0105 pokryw\u0105.<br \/>\nOtwarta pokrywa, do numer\u00f3w \u0142o\u017cysk dodawany jest przyrostek \u201eOC\u201d. np.: PPL204OC.<br \/>\nPokrywa zamkni\u0119ta, do numer\u00f3w \u0142o\u017cysk dodawany jest przyrostek \u201eCC\u201d. np.: PPL204CC.<\/p>\n<h2 data-start=\"0\" data-end=\"93\">Jednostka \u0142o\u017cyska kulkowego PPL z blokiem poduszkowym<\/h2>\n<h3 data-start=\"0\" data-end=\"93\">Wydajno\u015b\u0107 i trwa\u0142o\u015b\u0107 w zastosowaniach przemys\u0142owych<\/h3>\n<p data-start=\"115\" data-end=\"508\">A <strong data-start=\"117\" data-end=\"155\">Jednostka \u0142o\u017cyska kulkowego PPL z blokiem poduszkowym<\/strong> jest krytycznym elementem w r\u00f3\u017cnych zastosowaniach przemys\u0142owych, oferuj\u0105cym niezawodne wsparcie i p\u0142ynny ruch dla obracaj\u0105cych si\u0119 wa\u0142\u00f3w. Zaprojektowane z my\u015bl\u0105 o wydajno\u015bci i trwa\u0142o\u015bci \u0142o\u017cyska \u015blizgowe PPL zapewniaj\u0105 bezpieczn\u0105 obudow\u0119 dla \u0142o\u017cysk kulkowych, gwarantuj\u0105c optymaln\u0105 wydajno\u015b\u0107 w trudnych warunkach, takich jak przetw\u00f3rstwo \u017cywno\u015bci, farmaceutyka i ci\u0119\u017cki sprz\u0119t.<\/p>\n<h3 data-start=\"510\" data-end=\"541\">G\u0142\u00f3wne cechy i korzy\u015bci<\/h3>\n<ul data-start=\"543\" data-end=\"1302\">\n<li data-start=\"543\" data-end=\"775\"><strong data-start=\"545\" data-end=\"570\">Odporno\u015b\u0107 na korozj\u0119:<\/strong> Wiele <strong data-start=\"576\" data-end=\"602\">Jednostki \u0142o\u017cysk kulkowych PPL<\/strong> s\u0105 zrobione z <strong data-start=\"617\" data-end=\"636\">Stal nierdzewna<\/strong> Lub <strong data-start=\"640\" data-end=\"661\">materia\u0142y polimerowe<\/strong>zapewniaj\u0105c doskona\u0142\u0105 odporno\u015b\u0107 na korozj\u0119 i dzia\u0142anie chemikali\u00f3w, dzi\u0119ki czemu idealnie nadaj\u0105 si\u0119 do pomieszcze\u0144 o wysokiej wra\u017cliwo\u015bci higienicznej <a href=\"https:\/\/nhkmachineryparts.com\/pl\/our-industries\/\" data-internallinksmanager029f6b8e52c=\"4\" title=\"Nasze bran\u017ce\">bran\u017ce<\/a>.<\/li>\n<li data-start=\"776\" data-end=\"926\"><strong data-start=\"778\" data-end=\"807\">Mo\u017cliwo\u015b\u0107 samonastawnego ustawienia:<\/strong> Urz\u0105dzenia te kompensuj\u0105 niewielkie odchylenia wa\u0142\u00f3w, zmniejszaj\u0105c zu\u017cycie i wyd\u0142u\u017caj\u0105c \u017cywotno\u015b\u0107 maszyn.<\/li>\n<li data-start=\"927\" data-end=\"1121\"><strong data-start=\"929\" data-end=\"955\">Zapiecz\u0119towane dla ochrony:<\/strong> Posiada wysokiej jako\u015bci uszczelki, <strong data-start=\"986\" data-end=\"1015\">\u0141o\u017cyska \u015blizgowe PPL<\/strong> zapobiegaj\u0105 zanieczyszczeniom spowodowanym kurzem, wod\u0105 i chemikaliami, zwi\u0119kszaj\u0105c niezawodno\u015b\u0107 w wymagaj\u0105cych warunkach.<\/li>\n<li data-start=\"1122\" data-end=\"1302\"><strong data-start=\"1124\" data-end=\"1162\">\u0141atwa instalacja i konserwacja:<\/strong> Zaprojektowany dla <strong data-start=\"1176\" data-end=\"1211\">prosty monta\u017c i demonta\u017c<\/strong>\u0141o\u017cyska te minimalizuj\u0105 przestoje i koszty konserwacji, co przek\u0142ada si\u0119 na popraw\u0119 og\u00f3lnej wydajno\u015bci.<\/li>\n<\/ul>\n<h3 data-start=\"1304\" data-end=\"1361\">Zastosowania \u0142o\u017cysk kulkowych PPL z blokiem poduszkowym<\/h3>\n<ol data-start=\"1363\" data-end=\"1793\">\n<li data-start=\"1363\" data-end=\"1483\"><strong data-start=\"1366\" data-end=\"1385\">Przetw\u00f3rstwo spo\u017cywcze<\/strong> \u2013 Stosowane w przeno\u015bnikach, mikserach i urz\u0105dzeniach myj\u0105cych, zapewniaj\u0105 higieniczn\u0105 i wydajn\u0105 prac\u0119.<\/li>\n<li data-start=\"1484\" data-end=\"1589\"><strong data-start=\"1487\" data-end=\"1514\">Przemys\u0142 farmaceutyczny<\/strong> \u2013 Wspomaga precyzyjny ruch w systemach produkcji i pakowania lek\u00f3w.<\/li>\n<li data-start=\"1590\" data-end=\"1691\"><strong data-start=\"1593\" data-end=\"1619\">Maszyny rolnicze<\/strong> \u2013 Umo\u017cliwia p\u0142ynn\u0105 rotacj\u0119 sprz\u0119tu do zbioru i przetwarzania.<\/li>\n<li data-start=\"1692\" data-end=\"1793\"><strong data-start=\"1695\" data-end=\"1716\">Obs\u0142uga materia\u0142\u00f3w<\/strong> \u2013 Niezb\u0119dne w przeno\u015bnikach ta\u015bmowych i systemach zautomatyzowanych, zwi\u0119kszaj\u0105 wydajno\u015b\u0107.<\/li>\n<\/ol>\n<h2 data-start=\"1795\" data-end=\"1811\">Niezawodne, trwa\u0142e i wydajne do zastosowa\u0144 przemys\u0142owych<\/h2>\n<p data-start=\"1813\" data-end=\"2109\">The <strong data-start=\"1817\" data-end=\"1855\">Jednostka \u0142o\u017cyska kulkowego PPL z blokiem poduszkowym<\/strong> jest <strong data-start=\"1861\" data-end=\"1886\">wszechstronny i trwa\u0142y<\/strong> rozwi\u0105zanie dla bran\u017c wymagaj\u0105cych <strong data-start=\"1921\" data-end=\"1957\">wysokowydajne \u0142o\u017cysko podporowe<\/strong>. Jego solidna konstrukcja, w\u0142a\u015bciwo\u015bci samonastawne i <strong data-start=\"2014\" data-end=\"2047\">materia\u0142y odporne na korozj\u0119<\/strong> czyni\u0105 go idealnym wyborem do wielu wymagaj\u0105cych zastosowa\u0144.<\/p>\n<p>Jeste\u015bmy gotowi dostarczy\u0107 higieniczne rozwi\u0105zania dla Ciebie i Twojej firmy, niezale\u017cnie od tego, czy tego potrzebujesz <a href=\"https:\/\/nhkmachineryparts.com\/pl\/linia-produkcyjna-2\/stopki-do-maszyn-w-higienicznej-konstrukcji-ze-stali-nierdzewnej\/\">stopy maszyn<\/a>, <a href=\"https:\/\/nhkmachineryparts.com\/pl\/linia-produkcyjna-2\/wodoodporny-dom-lozyskowy-ip67-wodoodporne-jednostki-lozyskowe\/\">wodoodporne \u0142o\u017cyska IP67<\/a> Lub <a href=\"https:\/\/nhkmachineryparts.com\/pl\/linia-produkcyjna-2\/jednostki-lozyskowe-ze-stali-nierdzewnej\/\">zespo\u0142y \u0142o\u017cyskowe ze stali nierdzewnej<\/a>, mamy to wszystko.<\/p>\n\n\t\t<\/div>\n\t<\/div>\n<\/div><\/div><\/div><\/div><\/div><\/section>","protected":false},"excerpt":{"rendered":"Efficiency and Durability in Industrial Applications IP54 bearing housing in Polypropylene. (Colour in Black, White or Blue) IP54 bearing housing has adjustable pre-lubricated chrome steel or pre-lubricated stainless steel ball bearing. The bearing can be re-lubricated by means of grease-nipple or a quick coupler. IP54 bearing housing is fitted with clip-on safety cap. Rotary shaft [...]","protected":false},"featured_media":11651,"template":"","meta":[],"product_brand":[],"product_cat":[52],"product_tag":[],"class_list":{"0":"post-1137","1":"product","2":"type-product","3":"status-publish","4":"has-post-thumbnail","6":"product_cat-bearing-units-in-ip54-thermo-plastic-housing","8":"first","9":"instock","10":"shipping-taxable","11":"product-type-simple"},"yoast_head":"<!-- This site is optimized with the Yoast SEO plugin v27.3 - https:\/\/yoast.com\/product\/yoast-seo-wordpress\/ -->\n<title>Pillow block PPL ball bearing unit | Durable and Efficient | NHK Machinery Parts<\/title>\n<meta name=\"description\" content=\"Maintenance free pillow block bearing units are resistant to all cleaning agents and chemicals, hygienic design, easy-to-clean. Durable and Efficient\" \/>\n<meta name=\"robots\" content=\"index, follow, max-snippet:-1, max-image-preview:large, max-video-preview:-1\" \/>\n<link rel=\"canonical\" href=\"https:\/\/nhkmachineryparts.com\/pl\/produkt\/223-jednostka-poduszek-blok-ppl\/\" \/>\n<meta property=\"og:locale\" content=\"pl_PL\" \/>\n<meta property=\"og:type\" content=\"article\" \/>\n<meta property=\"og:title\" content=\"Pillow block PPL ball bearing unit | Durable and Efficient | NHK Machinery Parts\" \/>\n<meta property=\"og:description\" content=\"Maintenance free pillow block bearing units are resistant to all cleaning agents and chemicals, hygienic design, easy-to-clean. Durable and Efficient\" \/>\n<meta property=\"og:url\" content=\"https:\/\/nhkmachineryparts.com\/pl\/produkt\/223-jednostka-poduszek-blok-ppl\/\" \/>\n<meta property=\"og:site_name\" content=\"NHK Machinery Parts\" \/>\n<meta property=\"article:publisher\" content=\"https:\/\/www.facebook.com\/NHK.Group.aps\" \/>\n<meta property=\"article:modified_time\" content=\"2026-02-23T13:12:43+00:00\" \/>\n<meta property=\"og:image\" content=\"https:\/\/nhkmachineryparts.com\/wp-content\/uploads\/2022\/09\/Pillow-block-PPL-ball-bearing-unit-3.jpg\" \/>\n\t<meta property=\"og:image:width\" content=\"1000\" \/>\n\t<meta property=\"og:image:height\" content=\"1000\" \/>\n\t<meta property=\"og:image:type\" content=\"image\/jpeg\" \/>\n<meta name=\"twitter:card\" content=\"summary_large_image\" \/>\n<meta name=\"twitter:label1\" content=\"Szacowany czas czytania\" \/>\n\t<meta name=\"twitter:data1\" content=\"3 minuty\" \/>\n<script type=\"application\/ld+json\" class=\"yoast-schema-graph\">{\"@context\":\"https:\\\/\\\/schema.org\",\"@graph\":[{\"@type\":\"WebPage\",\"@id\":\"https:\\\/\\\/nhkmachineryparts.com\\\/product\\\/223-pillow-block-unit-ppl\\\/\",\"url\":\"https:\\\/\\\/nhkmachineryparts.com\\\/product\\\/223-pillow-block-unit-ppl\\\/\",\"name\":\"Pillow block PPL ball bearing unit | Durable and Efficient | NHK Machinery Parts\",\"isPartOf\":{\"@id\":\"https:\\\/\\\/nhkmachineryparts.com\\\/#website\"},\"primaryImageOfPage\":{\"@id\":\"https:\\\/\\\/nhkmachineryparts.com\\\/product\\\/223-pillow-block-unit-ppl\\\/#primaryimage\"},\"image\":{\"@id\":\"https:\\\/\\\/nhkmachineryparts.com\\\/product\\\/223-pillow-block-unit-ppl\\\/#primaryimage\"},\"thumbnailUrl\":\"https:\\\/\\\/nhkmachineryparts.com\\\/wp-content\\\/uploads\\\/2022\\\/09\\\/Pillow-block-PPL-ball-bearing-unit-3.jpg\",\"datePublished\":\"2022-09-19T14:06:11+00:00\",\"dateModified\":\"2026-02-23T13:12:43+00:00\",\"description\":\"Maintenance free pillow block bearing units are resistant to all cleaning agents and chemicals, hygienic design, easy-to-clean. Durable and Efficient\",\"breadcrumb\":{\"@id\":\"https:\\\/\\\/nhkmachineryparts.com\\\/product\\\/223-pillow-block-unit-ppl\\\/#breadcrumb\"},\"inLanguage\":\"pl-PL\",\"potentialAction\":[{\"@type\":\"ReadAction\",\"target\":[\"https:\\\/\\\/nhkmachineryparts.com\\\/product\\\/223-pillow-block-unit-ppl\\\/\"]}]},{\"@type\":\"ImageObject\",\"inLanguage\":\"pl-PL\",\"@id\":\"https:\\\/\\\/nhkmachineryparts.com\\\/product\\\/223-pillow-block-unit-ppl\\\/#primaryimage\",\"url\":\"https:\\\/\\\/nhkmachineryparts.com\\\/wp-content\\\/uploads\\\/2022\\\/09\\\/Pillow-block-PPL-ball-bearing-unit-3.jpg\",\"contentUrl\":\"https:\\\/\\\/nhkmachineryparts.com\\\/wp-content\\\/uploads\\\/2022\\\/09\\\/Pillow-block-PPL-ball-bearing-unit-3.jpg\",\"width\":1000,\"height\":1000,\"caption\":\"Pillow block PPL ball bearing unit\"},{\"@type\":\"BreadcrumbList\",\"@id\":\"https:\\\/\\\/nhkmachineryparts.com\\\/product\\\/223-pillow-block-unit-ppl\\\/#breadcrumb\",\"itemListElement\":[{\"@type\":\"ListItem\",\"position\":1,\"name\":\"Home\",\"item\":\"https:\\\/\\\/nhkmachineryparts.com\\\/\"},{\"@type\":\"ListItem\",\"position\":2,\"name\":\"Product line\",\"item\":\"https:\\\/\\\/nhkmachineryparts.com\\\/product-line\\\/\"},{\"@type\":\"ListItem\",\"position\":3,\"name\":\"Bearing units in IP54\u00a0composite housing\",\"item\":\"https:\\\/\\\/nhkmachineryparts.com\\\/product-line\\\/bearing-units-in-ip54-thermo-plastic-housing\\\/\"},{\"@type\":\"ListItem\",\"position\":4,\"name\":\"Pillow block PPL ball bearing unit\"}]},{\"@type\":\"WebSite\",\"@id\":\"https:\\\/\\\/nhkmachineryparts.com\\\/#website\",\"url\":\"https:\\\/\\\/nhkmachineryparts.com\\\/\",\"name\":\"NHK Machinery Parts\",\"description\":\"Bearing Houses, seismic levelling feet and levelling castors\",\"publisher\":{\"@id\":\"https:\\\/\\\/nhkmachineryparts.com\\\/#organization\"},\"potentialAction\":[{\"@type\":\"SearchAction\",\"target\":{\"@type\":\"EntryPoint\",\"urlTemplate\":\"https:\\\/\\\/nhkmachineryparts.com\\\/?s={search_term_string}\"},\"query-input\":{\"@type\":\"PropertyValueSpecification\",\"valueRequired\":true,\"valueName\":\"search_term_string\"}}],\"inLanguage\":\"pl-PL\"},{\"@type\":\"Organization\",\"@id\":\"https:\\\/\\\/nhkmachineryparts.com\\\/#organization\",\"name\":\"Nhk Group ApS\",\"url\":\"https:\\\/\\\/nhkmachineryparts.com\\\/\",\"logo\":{\"@type\":\"ImageObject\",\"inLanguage\":\"pl-PL\",\"@id\":\"https:\\\/\\\/nhkmachineryparts.com\\\/#\\\/schema\\\/logo\\\/image\\\/\",\"url\":\"https:\\\/\\\/nhkmachineryparts.com\\\/wp-content\\\/uploads\\\/2022\\\/09\\\/NHKgroup_social.jpg\",\"contentUrl\":\"https:\\\/\\\/nhkmachineryparts.com\\\/wp-content\\\/uploads\\\/2022\\\/09\\\/NHKgroup_social.jpg\",\"width\":1200,\"height\":630,\"caption\":\"Nhk Group ApS\"},\"image\":{\"@id\":\"https:\\\/\\\/nhkmachineryparts.com\\\/#\\\/schema\\\/logo\\\/image\\\/\"},\"sameAs\":[\"https:\\\/\\\/www.facebook.com\\\/NHK.Group.aps\"]}]}<\/script>\n<!-- \/ Yoast SEO plugin. -->","yoast_head_json":{"title":"Jednostka \u0142o\u017cyska kulkowego PPL z blokiem poduszkowym | Trwa\u0142a i wydajna | NHK Machinery Parts","description":"Bezobs\u0142ugowe \u0142o\u017cyska \u015blizgowe s\u0105 odporne na wszystkie \u015brodki czyszcz\u0105ce i chemikalia, higieniczna konstrukcja, \u0142atwe do czyszczenia. Trwa\u0142e i wydajne","robots":{"index":"index","follow":"follow","max-snippet":"max-snippet:-1","max-image-preview":"max-image-preview:large","max-video-preview":"max-video-preview:-1"},"canonical":"https:\/\/nhkmachineryparts.com\/pl\/produkt\/223-jednostka-poduszek-blok-ppl\/","og_locale":"pl_PL","og_type":"article","og_title":"Pillow block PPL ball bearing unit | Durable and Efficient | NHK Machinery Parts","og_description":"Maintenance free pillow block bearing units are resistant to all cleaning agents and chemicals, hygienic design, easy-to-clean. Durable and Efficient","og_url":"https:\/\/nhkmachineryparts.com\/pl\/produkt\/223-jednostka-poduszek-blok-ppl\/","og_site_name":"NHK Machinery Parts","article_publisher":"https:\/\/www.facebook.com\/NHK.Group.aps","article_modified_time":"2026-02-23T13:12:43+00:00","og_image":[{"width":1000,"height":1000,"url":"https:\/\/nhkmachineryparts.com\/wp-content\/uploads\/2022\/09\/Pillow-block-PPL-ball-bearing-unit-3.jpg","type":"image\/jpeg"}],"twitter_card":"summary_large_image","twitter_misc":{"Szacowany czas czytania":"3 minuty"},"schema":{"@context":"https:\/\/schema.org","@graph":[{"@type":"WebPage","@id":"https:\/\/nhkmachineryparts.com\/product\/223-pillow-block-unit-ppl\/","url":"https:\/\/nhkmachineryparts.com\/product\/223-pillow-block-unit-ppl\/","name":"Jednostka \u0142o\u017cyska kulkowego PPL z blokiem poduszkowym | Trwa\u0142a i wydajna | NHK Machinery Parts","isPartOf":{"@id":"https:\/\/nhkmachineryparts.com\/#website"},"primaryImageOfPage":{"@id":"https:\/\/nhkmachineryparts.com\/product\/223-pillow-block-unit-ppl\/#primaryimage"},"image":{"@id":"https:\/\/nhkmachineryparts.com\/product\/223-pillow-block-unit-ppl\/#primaryimage"},"thumbnailUrl":"https:\/\/nhkmachineryparts.com\/wp-content\/uploads\/2022\/09\/Pillow-block-PPL-ball-bearing-unit-3.jpg","datePublished":"2022-09-19T14:06:11+00:00","dateModified":"2026-02-23T13:12:43+00:00","description":"Bezobs\u0142ugowe \u0142o\u017cyska \u015blizgowe s\u0105 odporne na wszystkie \u015brodki czyszcz\u0105ce i chemikalia, higieniczna konstrukcja, \u0142atwe do czyszczenia. Trwa\u0142e i wydajne","breadcrumb":{"@id":"https:\/\/nhkmachineryparts.com\/product\/223-pillow-block-unit-ppl\/#breadcrumb"},"inLanguage":"pl-PL","potentialAction":[{"@type":"ReadAction","target":["https:\/\/nhkmachineryparts.com\/product\/223-pillow-block-unit-ppl\/"]}]},{"@type":"ImageObject","inLanguage":"pl-PL","@id":"https:\/\/nhkmachineryparts.com\/product\/223-pillow-block-unit-ppl\/#primaryimage","url":"https:\/\/nhkmachineryparts.com\/wp-content\/uploads\/2022\/09\/Pillow-block-PPL-ball-bearing-unit-3.jpg","contentUrl":"https:\/\/nhkmachineryparts.com\/wp-content\/uploads\/2022\/09\/Pillow-block-PPL-ball-bearing-unit-3.jpg","width":1000,"height":1000,"caption":"Pillow block PPL ball bearing unit"},{"@type":"BreadcrumbList","@id":"https:\/\/nhkmachineryparts.com\/product\/223-pillow-block-unit-ppl\/#breadcrumb","itemListElement":[{"@type":"ListItem","position":1,"name":"Home","item":"https:\/\/nhkmachineryparts.com\/"},{"@type":"ListItem","position":2,"name":"Product line","item":"https:\/\/nhkmachineryparts.com\/product-line\/"},{"@type":"ListItem","position":3,"name":"Bearing units in IP54\u00a0composite housing","item":"https:\/\/nhkmachineryparts.com\/product-line\/bearing-units-in-ip54-thermo-plastic-housing\/"},{"@type":"ListItem","position":4,"name":"Pillow block PPL ball bearing unit"}]},{"@type":"WebSite","@id":"https:\/\/nhkmachineryparts.com\/#website","url":"https:\/\/nhkmachineryparts.com\/","name":"Cz\u0119\u015bci maszyn NHK","description":"Obudowy \u0142o\u017cyskowe, sejsmiczne stopy poziomuj\u0105ce i k\u00f3\u0142ka poziomuj\u0105ce","publisher":{"@id":"https:\/\/nhkmachineryparts.com\/#organization"},"potentialAction":[{"@type":"SearchAction","target":{"@type":"EntryPoint","urlTemplate":"https:\/\/nhkmachineryparts.com\/?s={search_term_string}"},"query-input":{"@type":"PropertyValueSpecification","valueRequired":true,"valueName":"search_term_string"}}],"inLanguage":"pl-PL"},{"@type":"Organization","@id":"https:\/\/nhkmachineryparts.com\/#organization","name":"ApS Grupy Nhk","url":"https:\/\/nhkmachineryparts.com\/","logo":{"@type":"ImageObject","inLanguage":"pl-PL","@id":"https:\/\/nhkmachineryparts.com\/#\/schema\/logo\/image\/","url":"https:\/\/nhkmachineryparts.com\/wp-content\/uploads\/2022\/09\/NHKgroup_social.jpg","contentUrl":"https:\/\/nhkmachineryparts.com\/wp-content\/uploads\/2022\/09\/NHKgroup_social.jpg","width":1200,"height":630,"caption":"Nhk Group ApS"},"image":{"@id":"https:\/\/nhkmachineryparts.com\/#\/schema\/logo\/image\/"},"sameAs":["https:\/\/www.facebook.com\/NHK.Group.aps"]}]}},"_links":{"self":[{"href":"https:\/\/nhkmachineryparts.com\/pl\/wp-json\/wp\/v2\/product\/1137","targetHints":{"allow":["GET"]}}],"collection":[{"href":"https:\/\/nhkmachineryparts.com\/pl\/wp-json\/wp\/v2\/product"}],"about":[{"href":"https:\/\/nhkmachineryparts.com\/pl\/wp-json\/wp\/v2\/types\/product"}],"wp:featuredmedia":[{"embeddable":true,"href":"https:\/\/nhkmachineryparts.com\/pl\/wp-json\/wp\/v2\/media\/11651"}],"wp:attachment":[{"href":"https:\/\/nhkmachineryparts.com\/pl\/wp-json\/wp\/v2\/media?parent=1137"}],"wp:term":[{"taxonomy":"product_brand","embeddable":true,"href":"https:\/\/nhkmachineryparts.com\/pl\/wp-json\/wp\/v2\/product_brand?post=1137"},{"taxonomy":"product_cat","embeddable":true,"href":"https:\/\/nhkmachineryparts.com\/pl\/wp-json\/wp\/v2\/product_cat?post=1137"},{"taxonomy":"product_tag","embeddable":true,"href":"https:\/\/nhkmachineryparts.com\/pl\/wp-json\/wp\/v2\/product_tag?post=1137"}],"curies":[{"name":"wp","href":"https:\/\/api.w.org\/{rel}","templated":true}]}}