{"id":8027,"date":"2024-01-08T05:12:26","date_gmt":"2024-01-08T03:12:26","guid":{"rendered":"https:\/\/nhkmachineryparts.com\/?post_type=product&#038;p=8027"},"modified":"2026-02-23T13:47:40","modified_gmt":"2026-02-23T11:47:40","slug":"hygienische-afstandsmoer","status":"publish","type":"product","link":"https:\/\/nhkmachineryparts.com\/nl\/product\/hygienic-spacer-nut\/","title":{"rendered":"Afstandsmoer van roestvrij staal"},"content":{"rendered":"<section class=\"vc_row liquid-row-shadowbox-69d4a7edb616f\"><div class=\"ld-container container\"><div class=\"row ld-row ld-row-outer\"><div class=\"wpb_column vc_column_container vc_col-sm-12 liquid-column-69d4a7edb6372\"><div class=\"vc_column-inner\" ><div class=\"wpb_wrapper\"  >\n\t<div class=\"wpb_text_column wpb_content_element\" >\n\t\t<div class=\"wpb_wrapper\">\n\t\t\t<h2>Afstandsmoer in roestvrij staal (Aisi 1.4301)<\/h2>\n<p>RVS afstandsmoer met schroefdraad (Aisi 1.4301)<br \/>\nAfstandsmoer M8-16-9 \u2013 ID=8,2 \u2013 OD=16,0 \u2013 L=9 \u2013 L1=6<br \/>\nAfstandsmoer M8-16-18 \u2013 ID=8,2 \u2013 OD=16,0 \u2013 L=18 \u2013 L1=12<br \/>\nAfstandsmoer M10-18-9 \u2013 ID=10,2 \u2013 OD=18,0 \u2013 L=9 \u2013 L1=6<br \/>\nAfstandsmoer M10-18-18 \u2013 ID=10,2 \u2013 OD=18,0 \u2013 L=18 \u2013 L1=12<br \/>\nAfstandsmoer M12-22-9 \u2013 ID=12,2 \u2013 OD=22,0 \u2013 L=9 \u2013 L1=6<br \/>\nAfstandsmoer M12-22-18 \u2013 ID=12,2 \u2013 OD=22,0 \u2013 L=18 \u2013 L1=12<br \/>\nAfstandsmoer M16-26-9 \u2013 ID=16,2 \u2013 OD=26,0 \u2013 L=9 \u2013 L1=6<br \/>\nAfstandsmoer M16-26-18 \u2013 ID=16,2 \u2013 OD=26,0 \u2013 L=18 \u2013 L1=12<\/p>\n<h2>Afstandshouder in roestvrij staal (Aisi 1.4301)<\/h2>\n<p>Afstandsstuk 8-16-9 \u2013 ID=8,2 \u2013 OD=16,0 \u2013 L=9<br \/>\nAfstandsstuk 8-16-18 \u2013 ID=8,2 \u2013 OD=16,0 \u2013 L=18<br \/>\nAfstandsstuk 10-18-9 \u2013 ID=10,2 \u2013 OD=18,0 \u2013 L=9<br \/>\nAfstandsstuk 10-18-18 \u2013 ID=10,2 \u2013 OD=18,0 \u2013 L=18<br \/>\nAfstandsstuk 12-22-9 \u2013 ID=12,2 \u2013 OD=22,0 \u2013 L=9<br \/>\nAfstandsstuk 12-22-18 \u2013 ID=12,2 \u2013 OD=22,0 \u2013 L=18<br \/>\nAfstandsstuk 16-26-9 \u2013 ID=16,2 \u2013 OD=26,0 \u2013 L=9<br \/>\nAfstandsstuk 16-26-18 \u2013 ID=16,2 \u2013 OD=26,0 \u2013 L=18<\/p>\n<h2>RVS afstandshouder voor draadsnijden (Aisi 1.4301)<\/h2>\n<p>De binnendiameter is klaar voor het maken van schroefdraad na het lassen<br \/>\nAfstandsstuk voor schroefdraad 6.8-16-15 \u2013 ID=6.8 \u2013 OD=16.0 \u2013 L=9<br \/>\nAfstandsstuk voor schroefdraad 6.8-16-25 \u2013 ID=6.8 \u2013 OD=16.0 \u2013 L=18<br \/>\nAfstandsstuk voor schroefdraad 8.5-18-15 \u2013 ID=8.5 \u2013 OD=18.0 \u2013 L=9<br \/>\nAfstandsstuk voor schroefdraad 8.5-18-25 \u2013 ID=8.5 \u2013 OD=18.0 \u2013 L=18<br \/>\nAfstandsstuk voor schroefdraad 10.2-22-15 \u2013 ID=10.2 \u2013 OD=22.0 \u2013 L=9<br \/>\nAfstandsstuk voor schroefdraad 10.2-22-25 \u2013 ID=10.2 \u2013 OD=22.0 \u2013 L=18<br \/>\nAfstandsstuk voor schroefdraad 14.0-26-15 \u2013 ID=14.0 \u2013 OD=26.0 \u2013 L=9<br \/>\nAfstandsstuk voor schroefdraad 14.0-26-25 \u2013 ID=14.0 \u2013 OD=26.0 \u2013 L=18<\/p>\n<p><a href=\"https:\/\/nhkmachineryparts.com\/nl\/productlijn\/categorie\/50-hygienische-transportbandonderdelen-in-roestvrijstalen-uitvoering\/\">Machinecomponenten in hygi\u00ebnisch ontwerp<\/a><\/p>\n<p><a href=\"https:\/\/nhkmachineryparts.com\/nl\/contact\/\">Voor andere afmetingen kunt u contact met ons opnemen.<\/a><\/p>\n<div class=\"flex-1 overflow-hidden @container\/thread\">\n<div class=\"h-full\">\n<div class=\"react-scroll-to-bottom--css-wjprm-79elbk h-full\">\n<div class=\"react-scroll-to-bottom--css-wjprm-1n7m0yu\">\n<div class=\"flex flex-col text-sm md:pb-9\">\n<article class=\"w-full scroll-mb-&#091;var(--thread-trailing-height,150px)&#093; text-token-text-primary focus-visible:outline-2 focus-visible:outline-offset-&#091;-4px&#093;\" dir=\"auto\" data-testid=\"conversation-turn-3\" data-scroll-anchor=\"true\">\n<div class=\"m-auto text-base py-&#091;18px&#093; px-3 md:px-4 w-full md:px-5 lg:px-4 xl:px-5\">\n<div class=\"mx-auto flex flex-1 gap-4 text-base md:gap-5 lg:gap-6 md:max-w-3xl lg:max-w-&#091;40rem&#093; xl:max-w-&#091;48rem&#093;\">\n<div class=\"group\/conversation-turn relative flex w-full min-w-0 flex-col agent-turn\">\n<div class=\"flex-col gap-1 md:gap-3\">\n<div class=\"flex max-w-full flex-col flex-grow\">\n<div class=\"min-h-8 text-message flex w-full flex-col items-end gap-2 whitespace-normal break-words text-start &#091;.text-message+&amp;&#093;:mt-5\" dir=\"auto\" data-message-author-role=\"assistant\" data-message-id=\"dcf8b918-0536-46f8-8dfe-35edc7431667\" data-message-model-slug=\"gpt-4o\">\n<div class=\"flex w-full flex-col gap-1 empty:hidden first:pt-&#091;3px&#093;\">\n<div class=\"markdown prose w-full break-words dark:prose-invert light\">\n<h2>Afstandsmoer in roestvrij staal<\/h2>\n<h3>Verminder uitvaltijd en onderhoudskosten<\/h3>\n<p>In <a href=\"https:\/\/nhkmachineryparts.com\/nl\/our-industries\/\" data-internallinksmanager029f6b8e52c=\"4\" title=\"Onze industrie\u00ebn\">industrie\u00ebn<\/a> waar de prestaties van apparatuur cruciaal zijn, kan het kiezen van de juiste componenten een aanzienlijke impact hebben op de effici\u00ebntie en het onderhoud. RVS-afstandsmoeren zijn zo&#039;n essentieel onderdeel dat is ontworpen om de operationele betrouwbaarheid te verbeteren en tegelijkertijd de uitvaltijd en bijbehorende kosten te verminderen. Hun duurzaamheid en precisie maken ze onmisbaar in verschillende industrie\u00ebn, van voedselverwerking tot farmaceutica.<\/p>\n<hr \/>\n<h2>Wat zijn afstandsmoeren?<\/h2>\n<p>Afstandsmoeren zijn gespecialiseerde bevestigingsmiddelen die worden gebruikt om een precieze afstand tussen componenten te behouden, wat stabiliteit en uitlijning in machines garandeert. In tegenstelling tot traditionele moeren zijn afstandsmoeren ontworpen om een dubbele functie te vervullen: bevestiging en afstand. Wanneer ze van roestvrij staal zijn gemaakt, krijgen ze extra voordelen, zoals corrosiebestendigheid, sterkte en hygi\u00ebne.<\/p>\n<hr \/>\n<h2>Voordelen van roestvrijstalen afstandsmoeren<\/h2>\n<h3>1. <strong>Corrosieweerstand<\/strong><\/h3>\n<p>Roestvrij staal staat bekend om zijn vermogen om zware omstandigheden te weerstaan, waaronder blootstelling aan vocht, chemicali\u00ebn en extreme temperaturen. Dit maakt roestvrijstalen afstandsmoeren ideaal voor industrie\u00ebn zoals voedselverwerking en farmaceutica, waar hygi\u00ebne en duurzaamheid van het grootste belang zijn.<\/p>\n<h3>2. <strong>Duurzaamheid en sterkte<\/strong><\/h3>\n<p>De robuuste constructie van roestvrijstalen afstandsmoeren zorgt ervoor dat ze bestand zijn tegen hoge belastingen en spanningen, waardoor de kans op mechanische storingen afneemt. Deze duurzaamheid leidt tot een langere levensduur en lagere vervangingskosten.<\/p>\n<h3>3. <strong>Hygi\u00ebnisch ontwerp<\/strong><\/h3>\n<p>Voor industrie\u00ebn die strikte naleving van hygi\u00ebnenormen vereisen, zoals de productie van voedingsmiddelen en farmaceutische producten, voldoen roestvrijstalen afstandsmoeren aan de sanitaire vereisten. Hun gladde oppervlak is bestand tegen bacteri\u00eble opbouw en is eenvoudig schoon te maken, wat de naleving van <a href=\"https:\/\/nhkmachineryparts.com\/nl\/wat-is-het-verschil-tussen-3a-en-ehedg\/\" data-internallinksmanager029f6b8e52c=\"2\" title=\"EHEDG-gecertificeerde machineonderdelen\">EHEDG<\/a> en 3-A-normen.<\/p>\n<h3>4. <strong>Kosteneffectief onderhoud<\/strong><\/h3>\n<p>Door de uitlijning en stabiliteit van machines te behouden, verminderen roestvrijstalen afstandsmoeren slijtage van apparatuur. Dit resulteert in minder storingen, minimaliseert downtime en reparatiekosten.<\/p>\n<h3>5. <strong>Veelzijdigheid in alle sectoren<\/strong><\/h3>\n<p>Afstandsmoeren zijn compatibel met een breed scala aan machines en toepassingen. Of ze nu worden gebruikt in transportbanden, pompen of robotsystemen, ze leveren consistente prestaties.<\/p>\n<hr \/>\n<h2>Belangrijkste toepassingen van roestvrijstalen afstandsmoeren<\/h2>\n<h3>Voedselverwerkende industrie<\/h3>\n<p>In de voedselproductie is het handhaven van hygi\u00ebne cruciaal. RVS-afstandsmoeren worden veel gebruikt in apparatuur zoals transportbanden en mixers, waar nauwkeurige afstand en hygi\u00ebne essentieel zijn. Hun corrosiebestendige eigenschappen zorgen ervoor dat ze bestand zijn tegen regelmatige reiniging en ontsmetting.<\/p>\n<h3>Farmaceutische en biotechnologische industrie<\/h3>\n<p>Afstandsmoeren van roestvrij staal voldoen aan de strenge normen die vereist zijn in farmaceutische omgevingen. Hun vermogen om chemische blootstelling te weerstaan en de structurele integriteit te behouden, zorgt voor betrouwbare prestaties in cleanrooms en laboratoria.<\/p>\n<h3>Verpakkingsindustrie<\/h3>\n<p>RVS afstandsmoeren zijn integraal voor hogesnelheidsverpakkingsmachines, en zorgen voor stabiliteit en uitlijning voor een soepele werking. Hun duurzaamheid vermindert de noodzaak voor frequente aanpassingen, waardoor de productiviteit behouden blijft.<\/p>\n<h3>Automobiel- en lucht- en ruimtevaartsectoren<\/h3>\n<p>In automobiel- en lucht- en ruimtevaarttoepassingen zijn precisie en betrouwbaarheid niet onderhandelbaar. RVS-afstandsmoeren bieden de nodige stabiliteit en sterkte om componenten uitgelijnd te houden in high-performance machines.<\/p>\n<hr \/>\n<h2>De juiste roestvrijstalen afstandsmoer kiezen<\/h2>\n<p>Bij het selecteren van afstandsmoeren voor uw werkzaamheden, dient u rekening te houden met factoren zoals:<\/p>\n<ul>\n<li><strong>Materiaalkwaliteit:<\/strong> Kies voor roestvrij staal van klasse 304 of 316 voor een superieure corrosiebestendigheid.<\/li>\n<li><strong>Ontwerpspecificaties:<\/strong> Zorg ervoor dat de afmetingen en schroefdraad voldoen aan de vereisten van uw toepassing.<\/li>\n<li><strong>Certificeringen:<\/strong> Kies voor afstandsmoeren die voldoen aan de industrienormen, zoals ISO of EHEDG.<\/li>\n<\/ul>\n<hr \/>\n<h2>RVS afstandsmoeren: de sleutel tot het verminderen van uitvaltijd en onderhoudskosten<\/h2>\n<p>Investeren in roestvrijstalen afstandsmoeren is een strategische beslissing voor industrie\u00ebn die downtime en onderhoudskosten willen minimaliseren. Hun corrosiebestendigheid, duurzaamheid en hygi\u00ebnisch ontwerp maken ze een waardevolle aanvulling op verschillende toepassingen. Door te kiezen voor hoogwaardige afstandsmoeren kunnen bedrijven operationele effici\u00ebntie garanderen, de productiviteit verbeteren en op de lange termijn kostenbesparingen realiseren.<\/p>\n<p>Upgrade uw machines vandaag nog met roestvrijstalen afstandsmoeren en ervaar de voordelen van minder onderhoud, minder uitvaltijd en een grotere betrouwbaarheid.<\/p>\n<\/div>\n<\/div>\n<\/div>\n<\/div>\n<\/div>\n<\/div>\n<\/div>\n<\/div>\n<\/article>\n<\/div>\n<\/div>\n<\/div>\n<\/div>\n<\/div>\n\n\t\t<\/div>\n\t<\/div>\n<\/div><\/div><\/div><\/div><\/div><\/section>","protected":false},"excerpt":{"rendered":"Spacer nut in stainless steel\u00a0 (Aisi 1.4301) Threaded stainless steel\u00a0spacer nut\u00a0(Aisi 1.4301) Spacer nut M8-16-9 - ID=8.2 \u2013 OD=16.0 \u2013 L=9 \u2013 L1=6 Spacer nut M8-16-18 - ID=8.2 \u2013 OD=16.0 \u2013 L=18 \u2013 L1=12 Spacer nut M10-18-9 - ID=10.2 \u2013 OD=18.0 \u2013 L=9 \u2013 L1=6 Spacer nut M10-18-18 - ID=10.2 \u2013 OD=18.0 \u2013 L=18 \u2013 [...]","protected":false},"featured_media":8564,"template":"","meta":[],"product_brand":[],"product_cat":[64],"product_tag":[],"class_list":{"0":"post-8027","1":"product","2":"type-product","3":"status-publish","4":"has-post-thumbnail","6":"product_cat-hygienic-machinery-components-in-stainless-steel","8":"first","9":"instock","10":"shipping-taxable","11":"product-type-simple"},"yoast_head":"<!-- This site is optimized with the Yoast SEO plugin v27.3 - https:\/\/yoast.com\/product\/yoast-seo-wordpress\/ -->\n<title>Spacer nut in stainless steel | NHK Machinery Parts<\/title>\n<meta name=\"description\" content=\"Threaded stainless steel\u00a0spacer nut\u00a0(Aisi 1.4301), components in hygienic design for the manufacture and processing of food and pharmaceutical products.\" \/>\n<meta name=\"robots\" content=\"index, follow, max-snippet:-1, max-image-preview:large, max-video-preview:-1\" \/>\n<link rel=\"canonical\" href=\"https:\/\/nhkmachineryparts.com\/nl\/product\/hygienische-afstandsmoer\/\" \/>\n<meta property=\"og:locale\" content=\"nl_NL\" \/>\n<meta property=\"og:type\" content=\"article\" \/>\n<meta property=\"og:title\" content=\"Spacer nut in stainless steel | NHK Machinery Parts\" \/>\n<meta property=\"og:description\" content=\"Threaded stainless steel\u00a0spacer nut\u00a0(Aisi 1.4301), components in hygienic design for the manufacture and processing of food and pharmaceutical products.\" \/>\n<meta property=\"og:url\" content=\"https:\/\/nhkmachineryparts.com\/nl\/product\/hygienische-afstandsmoer\/\" \/>\n<meta property=\"og:site_name\" content=\"NHK Machinery Parts\" \/>\n<meta property=\"article:publisher\" content=\"https:\/\/www.facebook.com\/NHK.Group.aps\" \/>\n<meta property=\"article:modified_time\" content=\"2026-02-23T11:47:40+00:00\" \/>\n<meta property=\"og:image\" content=\"https:\/\/nhkmachineryparts.com\/wp-content\/uploads\/2024\/01\/Hygienic-spacer-nut.jpg\" \/>\n\t<meta property=\"og:image:width\" content=\"1000\" \/>\n\t<meta property=\"og:image:height\" content=\"1000\" \/>\n\t<meta property=\"og:image:type\" content=\"image\/jpeg\" \/>\n<meta name=\"twitter:card\" content=\"summary_large_image\" \/>\n<meta name=\"twitter:label1\" content=\"Geschatte leestijd\" \/>\n\t<meta name=\"twitter:data1\" content=\"4 minuten\" \/>\n<script type=\"application\/ld+json\" class=\"yoast-schema-graph\">{\"@context\":\"https:\\\/\\\/schema.org\",\"@graph\":[{\"@type\":\"WebPage\",\"@id\":\"https:\\\/\\\/nhkmachineryparts.com\\\/product\\\/hygienic-spacer-nut\\\/\",\"url\":\"https:\\\/\\\/nhkmachineryparts.com\\\/product\\\/hygienic-spacer-nut\\\/\",\"name\":\"Spacer nut in stainless steel | NHK Machinery Parts\",\"isPartOf\":{\"@id\":\"https:\\\/\\\/nhkmachineryparts.com\\\/#website\"},\"primaryImageOfPage\":{\"@id\":\"https:\\\/\\\/nhkmachineryparts.com\\\/product\\\/hygienic-spacer-nut\\\/#primaryimage\"},\"image\":{\"@id\":\"https:\\\/\\\/nhkmachineryparts.com\\\/product\\\/hygienic-spacer-nut\\\/#primaryimage\"},\"thumbnailUrl\":\"https:\\\/\\\/nhkmachineryparts.com\\\/wp-content\\\/uploads\\\/2024\\\/01\\\/Hygienic-spacer-nut.jpg\",\"datePublished\":\"2024-01-08T03:12:26+00:00\",\"dateModified\":\"2026-02-23T11:47:40+00:00\",\"description\":\"Threaded stainless steel\u00a0spacer nut\u00a0(Aisi 1.4301), components in hygienic design for the manufacture and processing of food and pharmaceutical products.\",\"breadcrumb\":{\"@id\":\"https:\\\/\\\/nhkmachineryparts.com\\\/product\\\/hygienic-spacer-nut\\\/#breadcrumb\"},\"inLanguage\":\"nl-NL\",\"potentialAction\":[{\"@type\":\"ReadAction\",\"target\":[\"https:\\\/\\\/nhkmachineryparts.com\\\/product\\\/hygienic-spacer-nut\\\/\"]}]},{\"@type\":\"ImageObject\",\"inLanguage\":\"nl-NL\",\"@id\":\"https:\\\/\\\/nhkmachineryparts.com\\\/product\\\/hygienic-spacer-nut\\\/#primaryimage\",\"url\":\"https:\\\/\\\/nhkmachineryparts.com\\\/wp-content\\\/uploads\\\/2024\\\/01\\\/Hygienic-spacer-nut.jpg\",\"contentUrl\":\"https:\\\/\\\/nhkmachineryparts.com\\\/wp-content\\\/uploads\\\/2024\\\/01\\\/Hygienic-spacer-nut.jpg\",\"width\":1000,\"height\":1000,\"caption\":\"Hygienic spacer nut\"},{\"@type\":\"BreadcrumbList\",\"@id\":\"https:\\\/\\\/nhkmachineryparts.com\\\/product\\\/hygienic-spacer-nut\\\/#breadcrumb\",\"itemListElement\":[{\"@type\":\"ListItem\",\"position\":1,\"name\":\"Home\",\"item\":\"https:\\\/\\\/nhkmachineryparts.com\\\/\"},{\"@type\":\"ListItem\",\"position\":2,\"name\":\"Product line\",\"item\":\"https:\\\/\\\/nhkmachineryparts.com\\\/product-line\\\/\"},{\"@type\":\"ListItem\",\"position\":3,\"name\":\"Hygienic machinery components in stainless steel\",\"item\":\"https:\\\/\\\/nhkmachineryparts.com\\\/product-line\\\/hygienic-machinery-components-in-stainless-steel\\\/\"},{\"@type\":\"ListItem\",\"position\":4,\"name\":\"Spacer nut in stainless steel\"}]},{\"@type\":\"WebSite\",\"@id\":\"https:\\\/\\\/nhkmachineryparts.com\\\/#website\",\"url\":\"https:\\\/\\\/nhkmachineryparts.com\\\/\",\"name\":\"NHK Machinery Parts\",\"description\":\"Bearing Houses, seismic levelling feet and levelling castors\",\"publisher\":{\"@id\":\"https:\\\/\\\/nhkmachineryparts.com\\\/#organization\"},\"potentialAction\":[{\"@type\":\"SearchAction\",\"target\":{\"@type\":\"EntryPoint\",\"urlTemplate\":\"https:\\\/\\\/nhkmachineryparts.com\\\/?s={search_term_string}\"},\"query-input\":{\"@type\":\"PropertyValueSpecification\",\"valueRequired\":true,\"valueName\":\"search_term_string\"}}],\"inLanguage\":\"nl-NL\"},{\"@type\":\"Organization\",\"@id\":\"https:\\\/\\\/nhkmachineryparts.com\\\/#organization\",\"name\":\"Nhk Group ApS\",\"url\":\"https:\\\/\\\/nhkmachineryparts.com\\\/\",\"logo\":{\"@type\":\"ImageObject\",\"inLanguage\":\"nl-NL\",\"@id\":\"https:\\\/\\\/nhkmachineryparts.com\\\/#\\\/schema\\\/logo\\\/image\\\/\",\"url\":\"https:\\\/\\\/nhkmachineryparts.com\\\/wp-content\\\/uploads\\\/2022\\\/09\\\/NHKgroup_social.jpg\",\"contentUrl\":\"https:\\\/\\\/nhkmachineryparts.com\\\/wp-content\\\/uploads\\\/2022\\\/09\\\/NHKgroup_social.jpg\",\"width\":1200,\"height\":630,\"caption\":\"Nhk Group ApS\"},\"image\":{\"@id\":\"https:\\\/\\\/nhkmachineryparts.com\\\/#\\\/schema\\\/logo\\\/image\\\/\"},\"sameAs\":[\"https:\\\/\\\/www.facebook.com\\\/NHK.Group.aps\"]}]}<\/script>\n<!-- \/ Yoast SEO plugin. -->","yoast_head_json":{"title":"Afstandsmoer van roestvrij staal | NHK-machineonderdelen","description":"Roestvrijstalen afstandsmoer met schroefdraad (Aisi 1.4301), componenten in hygi\u00ebnisch ontwerp voor de productie en verwerking van voedingsmiddelen en farmaceutische producten.","robots":{"index":"index","follow":"follow","max-snippet":"max-snippet:-1","max-image-preview":"max-image-preview:large","max-video-preview":"max-video-preview:-1"},"canonical":"https:\/\/nhkmachineryparts.com\/nl\/product\/hygienische-afstandsmoer\/","og_locale":"nl_NL","og_type":"article","og_title":"Spacer nut in stainless steel | NHK Machinery Parts","og_description":"Threaded stainless steel\u00a0spacer nut\u00a0(Aisi 1.4301), components in hygienic design for the manufacture and processing of food and pharmaceutical products.","og_url":"https:\/\/nhkmachineryparts.com\/nl\/product\/hygienische-afstandsmoer\/","og_site_name":"NHK Machinery Parts","article_publisher":"https:\/\/www.facebook.com\/NHK.Group.aps","article_modified_time":"2026-02-23T11:47:40+00:00","og_image":[{"width":1000,"height":1000,"url":"https:\/\/nhkmachineryparts.com\/wp-content\/uploads\/2024\/01\/Hygienic-spacer-nut.jpg","type":"image\/jpeg"}],"twitter_card":"summary_large_image","twitter_misc":{"Geschatte leestijd":"4 minuten"},"schema":{"@context":"https:\/\/schema.org","@graph":[{"@type":"WebPage","@id":"https:\/\/nhkmachineryparts.com\/product\/hygienic-spacer-nut\/","url":"https:\/\/nhkmachineryparts.com\/product\/hygienic-spacer-nut\/","name":"Afstandsmoer van roestvrij staal | NHK-machineonderdelen","isPartOf":{"@id":"https:\/\/nhkmachineryparts.com\/#website"},"primaryImageOfPage":{"@id":"https:\/\/nhkmachineryparts.com\/product\/hygienic-spacer-nut\/#primaryimage"},"image":{"@id":"https:\/\/nhkmachineryparts.com\/product\/hygienic-spacer-nut\/#primaryimage"},"thumbnailUrl":"https:\/\/nhkmachineryparts.com\/wp-content\/uploads\/2024\/01\/Hygienic-spacer-nut.jpg","datePublished":"2024-01-08T03:12:26+00:00","dateModified":"2026-02-23T11:47:40+00:00","description":"Roestvrijstalen afstandsmoer met schroefdraad (Aisi 1.4301), componenten in hygi\u00ebnisch ontwerp voor de productie en verwerking van voedingsmiddelen en farmaceutische producten.","breadcrumb":{"@id":"https:\/\/nhkmachineryparts.com\/product\/hygienic-spacer-nut\/#breadcrumb"},"inLanguage":"nl-NL","potentialAction":[{"@type":"ReadAction","target":["https:\/\/nhkmachineryparts.com\/product\/hygienic-spacer-nut\/"]}]},{"@type":"ImageObject","inLanguage":"nl-NL","@id":"https:\/\/nhkmachineryparts.com\/product\/hygienic-spacer-nut\/#primaryimage","url":"https:\/\/nhkmachineryparts.com\/wp-content\/uploads\/2024\/01\/Hygienic-spacer-nut.jpg","contentUrl":"https:\/\/nhkmachineryparts.com\/wp-content\/uploads\/2024\/01\/Hygienic-spacer-nut.jpg","width":1000,"height":1000,"caption":"Hygienic spacer nut"},{"@type":"BreadcrumbList","@id":"https:\/\/nhkmachineryparts.com\/product\/hygienic-spacer-nut\/#breadcrumb","itemListElement":[{"@type":"ListItem","position":1,"name":"Home","item":"https:\/\/nhkmachineryparts.com\/"},{"@type":"ListItem","position":2,"name":"Product line","item":"https:\/\/nhkmachineryparts.com\/product-line\/"},{"@type":"ListItem","position":3,"name":"Hygienic machinery components in stainless steel","item":"https:\/\/nhkmachineryparts.com\/product-line\/hygienic-machinery-components-in-stainless-steel\/"},{"@type":"ListItem","position":4,"name":"Spacer nut in stainless steel"}]},{"@type":"WebSite","@id":"https:\/\/nhkmachineryparts.com\/#website","url":"https:\/\/nhkmachineryparts.com\/","name":"NHK-machineonderdelen","description":"Lagerhuizen, seismische stelvoeten en stelwielen","publisher":{"@id":"https:\/\/nhkmachineryparts.com\/#organization"},"potentialAction":[{"@type":"SearchAction","target":{"@type":"EntryPoint","urlTemplate":"https:\/\/nhkmachineryparts.com\/?s={search_term_string}"},"query-input":{"@type":"PropertyValueSpecification","valueRequired":true,"valueName":"search_term_string"}}],"inLanguage":"nl-NL"},{"@type":"Organization","@id":"https:\/\/nhkmachineryparts.com\/#organization","name":"Nhk Groep ApS","url":"https:\/\/nhkmachineryparts.com\/","logo":{"@type":"ImageObject","inLanguage":"nl-NL","@id":"https:\/\/nhkmachineryparts.com\/#\/schema\/logo\/image\/","url":"https:\/\/nhkmachineryparts.com\/wp-content\/uploads\/2022\/09\/NHKgroup_social.jpg","contentUrl":"https:\/\/nhkmachineryparts.com\/wp-content\/uploads\/2022\/09\/NHKgroup_social.jpg","width":1200,"height":630,"caption":"Nhk Group ApS"},"image":{"@id":"https:\/\/nhkmachineryparts.com\/#\/schema\/logo\/image\/"},"sameAs":["https:\/\/www.facebook.com\/NHK.Group.aps"]}]}},"_links":{"self":[{"href":"https:\/\/nhkmachineryparts.com\/nl\/wp-json\/wp\/v2\/product\/8027","targetHints":{"allow":["GET"]}}],"collection":[{"href":"https:\/\/nhkmachineryparts.com\/nl\/wp-json\/wp\/v2\/product"}],"about":[{"href":"https:\/\/nhkmachineryparts.com\/nl\/wp-json\/wp\/v2\/types\/product"}],"wp:featuredmedia":[{"embeddable":true,"href":"https:\/\/nhkmachineryparts.com\/nl\/wp-json\/wp\/v2\/media\/8564"}],"wp:attachment":[{"href":"https:\/\/nhkmachineryparts.com\/nl\/wp-json\/wp\/v2\/media?parent=8027"}],"wp:term":[{"taxonomy":"product_brand","embeddable":true,"href":"https:\/\/nhkmachineryparts.com\/nl\/wp-json\/wp\/v2\/product_brand?post=8027"},{"taxonomy":"product_cat","embeddable":true,"href":"https:\/\/nhkmachineryparts.com\/nl\/wp-json\/wp\/v2\/product_cat?post=8027"},{"taxonomy":"product_tag","embeddable":true,"href":"https:\/\/nhkmachineryparts.com\/nl\/wp-json\/wp\/v2\/product_tag?post=8027"}],"curies":[{"name":"wp","href":"https:\/\/api.w.org\/{rel}","templated":true}]}}