{"id":5510,"date":"2023-07-13T15:02:52","date_gmt":"2023-07-13T13:02:52","guid":{"rendered":"https:\/\/nhkmachineryparts.com\/?post_type=product&#038;p=5510"},"modified":"2026-02-27T16:00:17","modified_gmt":"2026-02-27T14:00:17","slug":"ehedg-hygienische-3a-afstandshouder-in-roestvrij-staal","status":"publish","type":"product","link":"https:\/\/nhkmachineryparts.com\/nl\/product\/ehedg-hygienic-3a-spacer-in-stainless-steel\/","title":{"rendered":"EHEDG-certified spacer"},"content":{"rendered":"<section class=\"vc_row liquid-row-shadowbox-69d0e26e71785\"><div class=\"ld-container container\"><div class=\"row ld-row ld-row-outer\"><div class=\"wpb_column vc_column_container vc_col-sm-12 liquid-column-69d0e26e719a5\"><div class=\"vc_column-inner\" ><div class=\"wpb_wrapper\"  >\n\t<div class=\"wpb_text_column wpb_content_element\" >\n\t\t<div class=\"wpb_wrapper\">\n\t\t\t<h3>Een essentieel onderdeel voor hygi\u00ebne en prestaties<\/h3>\n<p>Deze accessoires zijn de optimale keuze voor apparatuur die aan strenge hygi\u00ebne-eisen moet voldoen.<\/p>\n<p>De afdichting blokkeert water en bacteri\u00ebn en voorkomt bovendien een niet-hygi\u00ebnische metaal-op-metaal montage.<\/p>\n<p>Zelflozende oppervlakken met een maximale ruwheid van 0,8 \u00b5m Ra.<br \/>\nMateriaal Roestvrij staal 1.4301 en siliconen afdichting.<\/p>\n<h2>EHEDG Hygi\u00ebnische Afstandhouder<\/h2>\n<p>3A SB I\u00d85-L10 \u00d812<br \/>\n3A SB I\u00d85-L20 \u00d812<br \/>\n3A SB I\u00d85-L30 \u00d812<\/p>\n<p>3A SB I\u00d86-L10 \u00d812<br \/>\n3A SB I\u00d86-L20 \u00d812<br \/>\n3A SB I\u00d86-L30 \u00d812<\/p>\n<p>3A SB I\u00d88-L10 \u00d815<br \/>\n3A SB I\u00d88-L20 \u00d815<br \/>\n3A SB I\u00d88-L30 \u00d815<\/p>\n<p>3A SB I\u00d810-L10 \u00d820<br \/>\n3A SB I\u00d810-L20 \u00d820<br \/>\n3A SB I\u00d810-L30 \u00d820<\/p>\n<p>3A SB I\u00d812-L10 \u00d822<br \/>\n3A SB I\u00d812-L20 \u00d822<br \/>\n3A SB I\u00d812-L30 \u00d822<\/p>\n<p>3A SB I\u00d816-L10 \u00d828<br \/>\n3A SB I\u00d816-L20 \u00d828<br \/>\n3A SB I\u00d816-L30 \u00d828<\/p>\n<p>3A SB I\u00d820-L10 \u00d832<br \/>\n3A SB I\u00d820-L20 \u00d832<br \/>\n3A SB I\u00d820-L30 \u00d832<\/p>\n<p>3A SB I\u00d824-L20 \u00d836<br \/>\n3A SB I\u00d824-L30 \u00d836<br \/>\n3A SB I\u00d824-L40 \u00d836<\/p>\n<p>3A SB I\u00d830-L20 \u00d846<br \/>\n3A SB I\u00d830-L30 \u00d846<br \/>\n3A SB I\u00d830-L40 \u00d846<\/p>\n<p><a href=\"https:\/\/nhkmachineryparts.com\/nl\/productlijn\/\">Bekijk hier onze producten die de onderhoudskosten verlagen<\/a><\/p>\n<p><a href=\"https:\/\/nhkmachineryparts.com\/nl\/contact\/\">Neem contact met ons op voor een hygi\u00ebnische oplossing<\/a><\/p>\n<p><a class=\"btn btn-default btn-sm btn-bordered border-thick btn-bordered-gradient btn-has-label ld_button_659f848cbf99c vc_custom_1695064545432\" href=\"https:\/\/nhkmachineryparts.com\/nl\/catalogus-2\/#modal-box\" data-lity=\"#modal-box\"><span class=\"btn-txt\" data-text=\"Get our catalogue here\">Bestel hier onze catalogus<\/span><\/a><\/p>\n<h2>EHEDG Hygi\u00ebnische afstandhouder in roestvrij staal<\/h2>\n<h3>Zorgen voor hygi\u00ebne en prestaties<\/h3>\n<p>In <a href=\"https:\/\/nhkmachineryparts.com\/nl\/our-industries\/\" data-internallinksmanager029f6b8e52c=\"4\" title=\"Onze industrie\u00ebn\">industrie\u00ebn<\/a> waar hygi\u00ebne van het grootste belang is, met name in de voedselverwerking, farmaceutica en biotechnologie, is het gebruik van gecertificeerde componenten cruciaal. <strong><a href=\"https:\/\/nhkmachineryparts.com\/nl\/wat-is-het-verschil-tussen-3a-en-ehedg\/\" data-internallinksmanager029f6b8e52c=\"2\" title=\"EHEDG-gecertificeerde machineonderdelen\">EHEDG<\/a> hygi\u00ebnische afstandhouder in roestvrij staal<\/strong> springt eruit als een belangrijk onderdeel om de hoogste normen van netheid, veiligheid en prestaties te bereiken. Dit artikel onderzoekt de essenti\u00eble rol van deze afstandhouders, hun kenmerken en de industrie\u00ebn die profiteren van hun gebruik.<\/p>\n<h2>Wat is een EHEDG hygi\u00ebnische spacer?<\/h2>\n<p>Een <strong>EHEDG hygi\u00ebnische afstandhouder<\/strong> is een hoogwaardig onderdeel van roestvrij staal, ontworpen om te voldoen aan de strenge hygi\u00ebnenormen die door zowel de <strong>EHEDG (Europese Hygi\u00ebnische Engineering &amp; Design Groep)<\/strong> En <strong>Sanitaire normen<\/strong>Deze afstandhouders zijn ontworpen om ervoor te zorgen dat machines en apparatuur vrij blijven van verontreinigingen, waardoor de ophoping van vuil, bacteri\u00ebn of andere schadelijke stoffen die de productkwaliteit of -veiligheid in gevaar kunnen brengen, wordt voorkomen.<\/p>\n<p>Het ontwerp van de spacer richt zich op gladde oppervlakken, eenvoudig te reinigen randen en niet-poreuze materialen die de ophoping van verontreinigingen voorkomen. Door het gebruik van roestvrij staal, dat bestand is tegen corrosie, biedt de spacer duurzaamheid en betrouwbaarheid in zware werkomgevingen.<\/p>\n<h2>Kenmerken en voordelen van EHEDG hygi\u00ebnische afstandhouders<\/h2>\n<h3>1. <strong>Corrosieweerstand<\/strong><\/h3>\n<p>Roestvrij staal staat bekend om zijn corrosiebestendigheid, waardoor het ideaal is voor gebruik in omgevingen waar reinigingsmiddelen, vocht en extreme temperaturen veel voorkomen. Of ze nu worden gebruikt in de voedselverwerkende industrie of de farmaceutische sector, deze afstandhouders behouden hun integriteit in de loop van de tijd, wat zorgt voor consistente prestaties.<\/p>\n<h3>2. <strong>Makkelijk schoon te maken<\/strong><\/h3>\n<p>Een van de belangrijkste voordelen van de EHEDG hygi\u00ebnische afstandhouder is het reinigingsgemak. Het gladde oppervlak voorkomt kieren of groeven waar vuil of bacteri\u00ebn zich kunnen ophopen, waardoor de afstandhouder geschikt is voor industrie\u00ebn die frequente en strenge reinigingsprotocollen vereisen.<\/p>\n<h3>3. <strong>Hygi\u00ebnisch ontwerp<\/strong><\/h3>\n<p>Het hygi\u00ebnische ontwerp van de afstandhouder voldoet aan beide <strong>EHEDG<\/strong> En <strong>Sanitaire normen<\/strong>, die wereldwijd erkende certificeringen zijn voor hygi\u00ebnische apparatuur die wordt gebruikt in de verwerking van voedsel en dranken, evenals farmaceutische producten. Dit zorgt ervoor dat de spacer bijdraagt aan de algehele hygi\u00ebne en veiligheid tijdens productieprocessen.<\/p>\n<h3>4. <strong>Duurzaamheid<\/strong><\/h3>\n<p>De roestvrijstalen constructie van de EHEDG-afstandhouder garandeert duurzaamheid onder zware werkomstandigheden. De afstandhouder is bestand tegen slijtage, mechanische belasting en hoge temperaturen en behoudt zijn functionele integriteit, waardoor frequente vervanging minder vaak nodig is en de operationele effici\u00ebntie verbetert.<\/p>\n<h3>5. <strong>Naleving van industrienormen<\/strong><\/h3>\n<p><strong>EHEDG<\/strong> En <strong>Sanitaire normen<\/strong> Certificeringen geven aan dat deze afstandhouders voldoen aan de strenge hygi\u00ebnenormen die in kritieke industrie\u00ebn gelden. Deze certificeringen garanderen dat de afstandhouder niet alleen voldoet aan de regelgeving, maar ook bijdraagt aan een veiligere en effici\u00ebntere werking door besmettingsrisico&#039;s te voorkomen.<\/p>\n<h2>Toepassingen van EHEDG hygi\u00ebnische afstandhouders<\/h2>\n<h3>1. <strong>Voedselverwerking<\/strong><\/h3>\n<p>In de voedselproductie is het voorkomen van besmetting een topprioriteit. EHEDG hygi\u00ebnische afstandhouders worden gebruikt in diverse toepassingen in de voedselverwerking, waaronder: <strong>zuivel<\/strong>, <strong>vlees<\/strong>, <strong>drank<\/strong>, En <strong>productie van snacks<\/strong>Deze afstandhouders zijn essentieel om ervoor te zorgen dat apparatuur schoon en veilig blijft voor contact met voedsel, en dat deze voldoet aan de strenge hygi\u00ebnevereisten.<\/p>\n<h3>2. <strong>Farmaceutische productie<\/strong><\/h3>\n<p>De farmaceutische industrie hanteert enkele van de hoogste hygi\u00ebnenormen ter wereld. Hygi\u00ebnische spacers van EHEDG zorgen ervoor dat farmaceutische productielijnen aan deze eisen voldoen, voorkomen kruisbesmetting en garanderen de integriteit van de eindproducten. Ze worden veel gebruikt in processen zoals tabletproductie, het afvullen van vloeistoffen en aseptische productie.<\/p>\n<h3>3. <strong>Biotechnologie<\/strong><\/h3>\n<p>In de biotechnologie, waar contaminatie waardevolle onderzoeks- of medische producten in gevaar kan brengen, spelen hygi\u00ebnische EHEDG-spacers een cruciale rol bij het handhaven van een contaminatievrije omgeving. Deze spacers zorgen ervoor dat machines die worden gebruikt in gevoelige processen, zoals de productie van vaccins of biologische geneesmiddelen, onder strenge hygi\u00ebnische omstandigheden werken.<\/p>\n<h2>Waarom kiest u voor hygi\u00ebnische roestvrijstalen afstandhouders van EHEDG?<\/h2>\n<p>De keuze voor hygi\u00ebnische afstandhouders van EHEDG in roestvrij staal biedt verschillende voordelen, met name voor sectoren waar contaminatie ernstige gevolgen kan hebben. Deze afstandhouders verhogen de veiligheid, effici\u00ebntie en betrouwbaarheid van de werkzaamheden en verminderen tegelijkertijd het risico op niet-naleving van hygi\u00ebnevoorschriften.<\/p>\n<p>Bovendien zorgt de duurzaamheid van roestvrij staal ervoor dat deze afstandhouders een duurzame oplossing bieden om besmetting te voorkomen, wat uiteindelijk op de lange termijn tot kostenbesparingen leidt. Voor bedrijven die willen voldoen aan zowel lokale als internationale hygi\u00ebnenormen, zijn hygi\u00ebnische afstandhouders van EHEDG een verstandige investering.<\/p>\n<h2>Verbetering van de effici\u00ebntie met EHEDG hygi\u00ebnische afstandhouders in roestvrij staal<\/h2>\n<p>De <strong>EHEDG hygi\u00ebnische afstandhouder in roestvrij staal<\/strong> is een cruciaal onderdeel voor bedrijven die prioriteit geven aan hygi\u00ebne en veiligheid. De corrosiebestendigheid, het gemak van schoonmaken en de naleving van industrienormen maken het een essenti\u00eble keuze voor de voedselverwerkende, farmaceutische en biotechnologische industrie. Door deze afstandhouders in productielijnen op te nemen, kunnen bedrijven een hoger niveau van hygi\u00ebne garanderen, besmettingsrisico&#039;s verminderen en de operationele effici\u00ebntie verbeteren.<\/p>\n\n\t\t<\/div>\n\t<\/div>\n<\/div><\/div><\/div><\/div><\/div><\/section>","protected":false},"excerpt":{"rendered":"A Vital Component for Hygiene and Performance These accessories are the optimal choice for equipment that must comply with strict hygiene requirements. The seal blocks out water and bacteria and also prevents a non-hygienic metal-to-metal assembly. Self-draining surfaces with a maximal roughness of 0.8 \u00b5m Ra. Material Stainless steel 1.4301 and silicon sealing. EHEDG Hygienic [...]","protected":false},"featured_media":8494,"template":"","meta":[],"product_brand":[],"product_cat":[98],"product_tag":[],"class_list":{"0":"post-5510","1":"product","2":"type-product","3":"status-publish","4":"has-post-thumbnail","6":"product_cat-ehedg-certified-3a-ssi-standard-components","8":"first","9":"instock","10":"shipping-taxable","11":"product-type-simple"},"yoast_head":"<!-- This site is optimized with the Yoast SEO plugin v27.2 - https:\/\/yoast.com\/product\/yoast-seo-wordpress\/ -->\n<title>EHEDG-certified spacer | NHK Machinery Parts<\/title>\n<meta name=\"description\" content=\"The benefits of EHEDG hygienic spacers in stainless steel. Certified components enhance hygiene standards in sanitary sensitive industries.\" \/>\n<meta name=\"robots\" content=\"index, follow, max-snippet:-1, max-image-preview:large, max-video-preview:-1\" \/>\n<link rel=\"canonical\" href=\"https:\/\/nhkmachineryparts.com\/nl\/product\/ehedg-hygienische-3a-afstandshouder-in-roestvrij-staal\/\" \/>\n<meta property=\"og:locale\" content=\"nl_NL\" \/>\n<meta property=\"og:type\" content=\"article\" \/>\n<meta property=\"og:title\" content=\"EHEDG-certified spacer | NHK Machinery Parts\" \/>\n<meta property=\"og:description\" content=\"The benefits of EHEDG hygienic spacers in stainless steel. Certified components enhance hygiene standards in sanitary sensitive industries.\" \/>\n<meta property=\"og:url\" content=\"https:\/\/nhkmachineryparts.com\/nl\/product\/ehedg-hygienische-3a-afstandshouder-in-roestvrij-staal\/\" \/>\n<meta property=\"og:site_name\" content=\"NHK Machinery Parts\" \/>\n<meta property=\"article:publisher\" content=\"https:\/\/www.facebook.com\/NHK.Group.aps\" \/>\n<meta property=\"article:modified_time\" content=\"2026-02-27T14:00:17+00:00\" \/>\n<meta property=\"og:image\" content=\"https:\/\/nhkmachineryparts.com\/wp-content\/uploads\/2023\/07\/EHEDG-Hygienic-3A-spacer-in-stainless-steel-2.jpg\" \/>\n\t<meta property=\"og:image:width\" content=\"1000\" \/>\n\t<meta property=\"og:image:height\" content=\"1000\" \/>\n\t<meta property=\"og:image:type\" content=\"image\/jpeg\" \/>\n<meta name=\"twitter:card\" content=\"summary_large_image\" \/>\n<meta name=\"twitter:label1\" content=\"Geschatte leestijd\" \/>\n\t<meta name=\"twitter:data1\" content=\"5 minuten\" \/>\n<script type=\"application\/ld+json\" class=\"yoast-schema-graph\">{\"@context\":\"https:\/\/schema.org\",\"@graph\":[{\"@type\":\"WebPage\",\"@id\":\"https:\/\/nhkmachineryparts.com\/product\/ehedg-hygienic-3a-spacer-in-stainless-steel\/\",\"url\":\"https:\/\/nhkmachineryparts.com\/product\/ehedg-hygienic-3a-spacer-in-stainless-steel\/\",\"name\":\"EHEDG-certified spacer | NHK Machinery Parts\",\"isPartOf\":{\"@id\":\"https:\/\/nhkmachineryparts.com\/#website\"},\"primaryImageOfPage\":{\"@id\":\"https:\/\/nhkmachineryparts.com\/product\/ehedg-hygienic-3a-spacer-in-stainless-steel\/#primaryimage\"},\"image\":{\"@id\":\"https:\/\/nhkmachineryparts.com\/product\/ehedg-hygienic-3a-spacer-in-stainless-steel\/#primaryimage\"},\"thumbnailUrl\":\"https:\/\/nhkmachineryparts.com\/wp-content\/uploads\/2023\/07\/EHEDG-Hygienic-3A-spacer-in-stainless-steel-2.jpg\",\"datePublished\":\"2023-07-13T13:02:52+00:00\",\"dateModified\":\"2026-02-27T14:00:17+00:00\",\"description\":\"The benefits of EHEDG hygienic spacers in stainless steel. Certified components enhance hygiene standards in sanitary sensitive industries.\",\"breadcrumb\":{\"@id\":\"https:\/\/nhkmachineryparts.com\/product\/ehedg-hygienic-3a-spacer-in-stainless-steel\/#breadcrumb\"},\"inLanguage\":\"nl-NL\",\"potentialAction\":[{\"@type\":\"ReadAction\",\"target\":[\"https:\/\/nhkmachineryparts.com\/product\/ehedg-hygienic-3a-spacer-in-stainless-steel\/\"]}]},{\"@type\":\"ImageObject\",\"inLanguage\":\"nl-NL\",\"@id\":\"https:\/\/nhkmachineryparts.com\/product\/ehedg-hygienic-3a-spacer-in-stainless-steel\/#primaryimage\",\"url\":\"https:\/\/nhkmachineryparts.com\/wp-content\/uploads\/2023\/07\/EHEDG-Hygienic-3A-spacer-in-stainless-steel-2.jpg\",\"contentUrl\":\"https:\/\/nhkmachineryparts.com\/wp-content\/uploads\/2023\/07\/EHEDG-Hygienic-3A-spacer-in-stainless-steel-2.jpg\",\"width\":1000,\"height\":1000,\"caption\":\"EHEDG Hygienic 3A welded spacer in stainless steel\"},{\"@type\":\"BreadcrumbList\",\"@id\":\"https:\/\/nhkmachineryparts.com\/product\/ehedg-hygienic-3a-spacer-in-stainless-steel\/#breadcrumb\",\"itemListElement\":[{\"@type\":\"ListItem\",\"position\":1,\"name\":\"Home\",\"item\":\"https:\/\/nhkmachineryparts.com\/\"},{\"@type\":\"ListItem\",\"position\":2,\"name\":\"Product line\",\"item\":\"https:\/\/nhkmachineryparts.com\/product-line\/\"},{\"@type\":\"ListItem\",\"position\":3,\"name\":\"Certified EHEDG standard components\",\"item\":\"https:\/\/nhkmachineryparts.com\/product-line\/ehedg-certified-3a-ssi-standard-components\/\"},{\"@type\":\"ListItem\",\"position\":4,\"name\":\"EHEDG-certified spacer\"}]},{\"@type\":\"WebSite\",\"@id\":\"https:\/\/nhkmachineryparts.com\/#website\",\"url\":\"https:\/\/nhkmachineryparts.com\/\",\"name\":\"NHK Machinery Parts\",\"description\":\"Bearing Houses, seismic levelling feet and levelling castors\",\"publisher\":{\"@id\":\"https:\/\/nhkmachineryparts.com\/#organization\"},\"potentialAction\":[{\"@type\":\"SearchAction\",\"target\":{\"@type\":\"EntryPoint\",\"urlTemplate\":\"https:\/\/nhkmachineryparts.com\/?s={search_term_string}\"},\"query-input\":{\"@type\":\"PropertyValueSpecification\",\"valueRequired\":true,\"valueName\":\"search_term_string\"}}],\"inLanguage\":\"nl-NL\"},{\"@type\":\"Organization\",\"@id\":\"https:\/\/nhkmachineryparts.com\/#organization\",\"name\":\"Nhk Group ApS\",\"url\":\"https:\/\/nhkmachineryparts.com\/\",\"logo\":{\"@type\":\"ImageObject\",\"inLanguage\":\"nl-NL\",\"@id\":\"https:\/\/nhkmachineryparts.com\/#\/schema\/logo\/image\/\",\"url\":\"https:\/\/nhkmachineryparts.com\/wp-content\/uploads\/2022\/09\/NHKgroup_social.jpg\",\"contentUrl\":\"https:\/\/nhkmachineryparts.com\/wp-content\/uploads\/2022\/09\/NHKgroup_social.jpg\",\"width\":1200,\"height\":630,\"caption\":\"Nhk Group ApS\"},\"image\":{\"@id\":\"https:\/\/nhkmachineryparts.com\/#\/schema\/logo\/image\/\"},\"sameAs\":[\"https:\/\/www.facebook.com\/NHK.Group.aps\"]}]}<\/script>\n<!-- \/ Yoast SEO plugin. -->","yoast_head_json":{"title":"EHEDG-certified spacer | NHK Machinery Parts","description":"De voordelen van EHEDG hygi\u00ebnische afstandhouders in roestvrij staal. Gecertificeerde componenten verbeteren de hygi\u00ebnenormen in sanitairgevoelige industrie\u00ebn.","robots":{"index":"index","follow":"follow","max-snippet":"max-snippet:-1","max-image-preview":"max-image-preview:large","max-video-preview":"max-video-preview:-1"},"canonical":"https:\/\/nhkmachineryparts.com\/nl\/product\/ehedg-hygienische-3a-afstandshouder-in-roestvrij-staal\/","og_locale":"nl_NL","og_type":"article","og_title":"EHEDG-certified spacer | NHK Machinery Parts","og_description":"The benefits of EHEDG hygienic spacers in stainless steel. Certified components enhance hygiene standards in sanitary sensitive industries.","og_url":"https:\/\/nhkmachineryparts.com\/nl\/product\/ehedg-hygienische-3a-afstandshouder-in-roestvrij-staal\/","og_site_name":"NHK Machinery Parts","article_publisher":"https:\/\/www.facebook.com\/NHK.Group.aps","article_modified_time":"2026-02-27T14:00:17+00:00","og_image":[{"width":1000,"height":1000,"url":"https:\/\/nhkmachineryparts.com\/wp-content\/uploads\/2023\/07\/EHEDG-Hygienic-3A-spacer-in-stainless-steel-2.jpg","type":"image\/jpeg"}],"twitter_card":"summary_large_image","twitter_misc":{"Geschatte leestijd":"5 minuten"},"schema":{"@context":"https:\/\/schema.org","@graph":[{"@type":"WebPage","@id":"https:\/\/nhkmachineryparts.com\/product\/ehedg-hygienic-3a-spacer-in-stainless-steel\/","url":"https:\/\/nhkmachineryparts.com\/product\/ehedg-hygienic-3a-spacer-in-stainless-steel\/","name":"EHEDG-certified spacer | NHK Machinery Parts","isPartOf":{"@id":"https:\/\/nhkmachineryparts.com\/#website"},"primaryImageOfPage":{"@id":"https:\/\/nhkmachineryparts.com\/product\/ehedg-hygienic-3a-spacer-in-stainless-steel\/#primaryimage"},"image":{"@id":"https:\/\/nhkmachineryparts.com\/product\/ehedg-hygienic-3a-spacer-in-stainless-steel\/#primaryimage"},"thumbnailUrl":"https:\/\/nhkmachineryparts.com\/wp-content\/uploads\/2023\/07\/EHEDG-Hygienic-3A-spacer-in-stainless-steel-2.jpg","datePublished":"2023-07-13T13:02:52+00:00","dateModified":"2026-02-27T14:00:17+00:00","description":"De voordelen van EHEDG hygi\u00ebnische afstandhouders in roestvrij staal. Gecertificeerde componenten verbeteren de hygi\u00ebnenormen in sanitairgevoelige industrie\u00ebn.","breadcrumb":{"@id":"https:\/\/nhkmachineryparts.com\/product\/ehedg-hygienic-3a-spacer-in-stainless-steel\/#breadcrumb"},"inLanguage":"nl-NL","potentialAction":[{"@type":"ReadAction","target":["https:\/\/nhkmachineryparts.com\/product\/ehedg-hygienic-3a-spacer-in-stainless-steel\/"]}]},{"@type":"ImageObject","inLanguage":"nl-NL","@id":"https:\/\/nhkmachineryparts.com\/product\/ehedg-hygienic-3a-spacer-in-stainless-steel\/#primaryimage","url":"https:\/\/nhkmachineryparts.com\/wp-content\/uploads\/2023\/07\/EHEDG-Hygienic-3A-spacer-in-stainless-steel-2.jpg","contentUrl":"https:\/\/nhkmachineryparts.com\/wp-content\/uploads\/2023\/07\/EHEDG-Hygienic-3A-spacer-in-stainless-steel-2.jpg","width":1000,"height":1000,"caption":"EHEDG Hygienic 3A welded spacer in stainless steel"},{"@type":"BreadcrumbList","@id":"https:\/\/nhkmachineryparts.com\/product\/ehedg-hygienic-3a-spacer-in-stainless-steel\/#breadcrumb","itemListElement":[{"@type":"ListItem","position":1,"name":"Home","item":"https:\/\/nhkmachineryparts.com\/"},{"@type":"ListItem","position":2,"name":"Product line","item":"https:\/\/nhkmachineryparts.com\/product-line\/"},{"@type":"ListItem","position":3,"name":"Certified EHEDG standard components","item":"https:\/\/nhkmachineryparts.com\/product-line\/ehedg-certified-3a-ssi-standard-components\/"},{"@type":"ListItem","position":4,"name":"EHEDG-certified spacer"}]},{"@type":"WebSite","@id":"https:\/\/nhkmachineryparts.com\/#website","url":"https:\/\/nhkmachineryparts.com\/","name":"NHK-machineonderdelen","description":"Lagerhuizen, seismische stelvoeten en stelwielen","publisher":{"@id":"https:\/\/nhkmachineryparts.com\/#organization"},"potentialAction":[{"@type":"SearchAction","target":{"@type":"EntryPoint","urlTemplate":"https:\/\/nhkmachineryparts.com\/?s={search_term_string}"},"query-input":{"@type":"PropertyValueSpecification","valueRequired":true,"valueName":"search_term_string"}}],"inLanguage":"nl-NL"},{"@type":"Organization","@id":"https:\/\/nhkmachineryparts.com\/#organization","name":"Nhk Groep ApS","url":"https:\/\/nhkmachineryparts.com\/","logo":{"@type":"ImageObject","inLanguage":"nl-NL","@id":"https:\/\/nhkmachineryparts.com\/#\/schema\/logo\/image\/","url":"https:\/\/nhkmachineryparts.com\/wp-content\/uploads\/2022\/09\/NHKgroup_social.jpg","contentUrl":"https:\/\/nhkmachineryparts.com\/wp-content\/uploads\/2022\/09\/NHKgroup_social.jpg","width":1200,"height":630,"caption":"Nhk Group ApS"},"image":{"@id":"https:\/\/nhkmachineryparts.com\/#\/schema\/logo\/image\/"},"sameAs":["https:\/\/www.facebook.com\/NHK.Group.aps"]}]}},"_links":{"self":[{"href":"https:\/\/nhkmachineryparts.com\/nl\/wp-json\/wp\/v2\/product\/5510","targetHints":{"allow":["GET"]}}],"collection":[{"href":"https:\/\/nhkmachineryparts.com\/nl\/wp-json\/wp\/v2\/product"}],"about":[{"href":"https:\/\/nhkmachineryparts.com\/nl\/wp-json\/wp\/v2\/types\/product"}],"wp:featuredmedia":[{"embeddable":true,"href":"https:\/\/nhkmachineryparts.com\/nl\/wp-json\/wp\/v2\/media\/8494"}],"wp:attachment":[{"href":"https:\/\/nhkmachineryparts.com\/nl\/wp-json\/wp\/v2\/media?parent=5510"}],"wp:term":[{"taxonomy":"product_brand","embeddable":true,"href":"https:\/\/nhkmachineryparts.com\/nl\/wp-json\/wp\/v2\/product_brand?post=5510"},{"taxonomy":"product_cat","embeddable":true,"href":"https:\/\/nhkmachineryparts.com\/nl\/wp-json\/wp\/v2\/product_cat?post=5510"},{"taxonomy":"product_tag","embeddable":true,"href":"https:\/\/nhkmachineryparts.com\/nl\/wp-json\/wp\/v2\/product_tag?post=5510"}],"curies":[{"name":"wp","href":"https:\/\/api.w.org\/{rel}","templated":true}]}}