{"id":5483,"date":"2023-07-13T14:06:01","date_gmt":"2023-07-13T12:06:01","guid":{"rendered":"https:\/\/nhkmachineryparts.com\/?post_type=product&#038;p=5483"},"modified":"2026-02-27T16:01:06","modified_gmt":"2026-02-27T14:01:06","slug":"ehedg-hygienische-3a-afstandsmoer-gelast-in-roestvrij-staal","status":"publish","type":"product","link":"https:\/\/nhkmachineryparts.com\/nl\/product\/ehedg-hygienic-3a-spacer-nut-welded-in-stainless-steel\/","title":{"rendered":"EHEDG-certified spacer nut welded"},"content":{"rendered":"<section class=\"vc_row liquid-row-shadowbox-69d0f26572285\"><div class=\"ld-container container\"><div class=\"row ld-row ld-row-outer\"><div class=\"wpb_column vc_column_container vc_col-sm-12 liquid-column-69d0f26572473\"><div class=\"vc_column-inner\" ><div class=\"wpb_wrapper\"  >\n\t<div class=\"wpb_text_column wpb_content_element\" >\n\t\t<div class=\"wpb_wrapper\">\n\t\t\t<h3>Een kritisch onderdeel voor sanitaire machines<\/h3>\n<p>Deze accessoires zijn de optimale keuze voor apparatuur die aan strenge hygi\u00ebne-eisen moet voldoen.<\/p>\n<p>De afdichting blokkeert water en bacteri\u00ebn en voorkomt bovendien een niet-hygi\u00ebnische metaal-op-metaal montage.<\/p>\n<p>Zelflozende oppervlakken met een maximale ruwheid van 0,8 \u00b5m Ra.<\/p>\n<h2>EHEDG Hygi\u00ebnische afstandsmoer las<\/h2>\n<p>3A SNW M5-L10 \u00d812<br \/>\n3A SNW M5-L20 \u00d812<br \/>\n3A SNW M5-L30 \u00d812<\/p>\n<p>3A SNW M6-L10 \u00d812<br \/>\n3A SNW M6-L20 \u00d812<br \/>\n3A SNW M6-L30 \u00d812<\/p>\n<p>3A SNW M8-L10 \u00d815<br \/>\n3A SNW M8-L20 \u00d815<br \/>\n3A SNW M8-L30 \u00d815<\/p>\n<p>3A SNW M10-L10 \u00d820<br \/>\n3A SNW M10-L20 \u00d820<br \/>\n3A SNW M10-L30 \u00d820<\/p>\n<p>3A SNW M12-L10 \u00d822<br \/>\n3A SNW M12-L20 \u00d822<br \/>\n3A SNW M12-L30 \u00d822<\/p>\n<p>3A SNW M16-L10 \u00d828<br \/>\n3A SNW M16-L20 \u00d828<br \/>\n3A SNW M16-L30 \u00d828<\/p>\n<p>3A SNW M20-L10 \u00d832<br \/>\n3A SNW M20-L20 \u00d832<br \/>\n3A SNW M20-L30 \u00d832<\/p>\n<p>3A SNW M24-L20 \u00d836<br \/>\n3A SNW M24-L30 \u00d836<br \/>\n3A SNW M24-L40 \u00d836<\/p>\n<p>3A SNW M30-L20 \u00d846<br \/>\n3A SNW M30-L30 \u00d846<br \/>\n3A SNW M30-L40 \u00d846<\/p>\n<p><a href=\"https:\/\/nhkmachineryparts.com\/nl\/productlijn\/\">Bekijk hier onze producten die de uitvaltijd en onderhoudskosten verminderen<\/a><\/p>\n<p><a href=\"https:\/\/nhkmachineryparts.com\/nl\/contact\/\">Neem contact met ons op voor een hygi\u00ebnische oplossing<\/a><\/p>\n<p><a class=\"btn btn-default btn-sm btn-bordered border-thick btn-bordered-gradient btn-has-label ld_button_659f848cbf99c vc_custom_1695064545432\" href=\"https:\/\/nhkmachineryparts.com\/nl\/catalogus-2\/#modal-box\" data-lity=\"#modal-box\"><span class=\"btn-txt\" data-text=\"Get our catalogue here\">Bestel hier onze catalogus<\/span><\/a><\/p>\n<h2>EHEDG Hygi\u00ebnische afstandsmoer gelast in roestvrij staal<\/h2>\n<h3>Het essenti\u00eble onderdeel voor sanitaire machines<\/h3>\n<p>In <a href=\"https:\/\/nhkmachineryparts.com\/nl\/our-industries\/\" data-internallinksmanager029f6b8e52c=\"4\" title=\"Onze industrie\u00ebn\">industrie\u00ebn<\/a> zoals voedselverwerking, farmaceutica en biotechnologie, is het handhaven van strikte hygi\u00ebnenormen van het grootste belang. Dit is waar <a href=\"https:\/\/nhkmachineryparts.com\/nl\/wat-is-het-verschil-tussen-3a-en-ehedg\/\" data-internallinksmanager029f6b8e52c=\"2\" title=\"EHEDG-gecertificeerde machineonderdelen\">EHEDG<\/a> (European Hygienic Engineering &amp; Design Group) en Sanitary Standards-gecertificeerde componenten spelen hierbij een rol. Onder deze componenten valt de in roestvrij staal gelaste EHEDG Hygienic afstandsmoer op als een cruciaal element voor het garanderen van hygi\u00ebnische omstandigheden en betrouwbare machineprestaties.<\/p>\n<h2>Wat is een EHEDG hygi\u00ebnische afstandsmoer?<\/h2>\n<p>Een EHEDG hygi\u00ebnische afstandsmoer, gelast in roestvrij staal, is een speciaal onderdeel dat wordt gebruikt om machineonderdelen te bevestigen en te voldoen aan strenge hygi\u00ebnenormen. Deze afstandsmoeren worden direct in het machineframe gelast, waardoor de ophoping van bacteri\u00ebn, vuil en andere verontreinigingen wordt voorkomen. Dankzij hun hygi\u00ebnische ontwerp zijn ze ideaal voor gebruik in omgevingen die strenge hygi\u00ebne vereisen, zoals productielijnen voor voedingsmiddelen en dranken, farmaceutische productie en biotechnologische faciliteiten.<\/p>\n<p>EHEDG- en Sanitary Standards-certificeringen garanderen dat deze afstandsmoeren voldoen aan hoge hygi\u00ebne- en veiligheidsnormen. Het belangrijkste kenmerk van deze afstandsmoeren is het gladde, spleetvrije oppervlak. Deze is ontworpen om de kans op bacteriegroei te minimaliseren, waardoor ze gemakkelijk te reinigen en te onderhouden zijn.<\/p>\n<h2>Voordelen van EHEDG hygi\u00ebnische afstandsmoeren<\/h2>\n<h3>1. <strong>Hygi\u00ebnisch ontwerp<\/strong><\/h3>\n<p>Het belangrijkste voordeel van de EHEDG Hygienic afstandsmoer is het hygi\u00ebnische ontwerp. Het gladde, gelaste oppervlak zorgt ervoor dat er geen groeven of spleten zijn waar voedseldeeltjes of bacteri\u00ebn zich kunnen ophopen. Dit vermindert het risico op besmetting, wat cruciaal is voor sectoren zoals de voedselverwerking, waar kruisbesmetting de productkwaliteit en -veiligheid in gevaar kan brengen.<\/p>\n<h3>2. <strong>Corrosieweerstand<\/strong><\/h3>\n<p>Deze afstandsmoeren zijn gemaakt van hoogwaardig roestvrij staal en bieden uitstekende corrosiebestendigheid. Roestvrij staal staat bekend om zijn duurzaamheid, waardoor het het perfecte materiaal is voor machines die worden gebruikt in zware omgevingen zoals productielijnen voor levensmiddelen met veel vocht of gebieden die worden blootgesteld aan chemicali\u00ebn in farmaceutische en biotechnologische toepassingen. Deze bestendigheid helpt de levensduur van het onderdeel te garanderen, waardoor de noodzaak voor frequente vervangingen wordt verminderd.<\/p>\n<h3>3. <strong>Gemakkelijk schoon te maken en te onderhouden<\/strong><\/h3>\n<p>Gezien het belang van netheid in hygi\u00ebnische industrie\u00ebn, speelt het ontwerp van de afstandsmoer een belangrijke rol bij het verzekeren van eenvoudige reiniging. Omdat deze moeren geen openingen of draden hebben die vuil kunnen vasthouden, zijn ze eenvoudig te wassen en te desinfecteren, wat in lijn is met de strikte hygi\u00ebneprotocollen die vereist zijn in de voedselverwerking, farmaceutica en biotechnologie.<\/p>\n<h3>4. <strong>Naleving van industrienormen<\/strong><\/h3>\n<p>EHEDG- en Sanitary Standards-certificeringen bieden de zekerheid dat de afstandsmoeren voldoen aan de hoogste hygi\u00ebne- en veiligheidsnormen. Deze certificeringen worden wereldwijd erkend en helpen bedrijven te voldoen aan de wettelijke eisen, waardoor... <a href=\"https:\/\/nhkmachineryparts.com\/nl\/\" data-internallinksmanager029f6b8e52c=\"14\" title=\"machineonderdelen\">machineonderdelen<\/a> zijn geschikt voor gebruik in sanitaire omgevingen.<\/p>\n<h3>5. <strong>Veelzijdigheid in alle sectoren<\/strong><\/h3>\n<p>Hoewel de EHEDG Hygienic afstandsmoer, gelast in roestvrij staal, het meest wordt gebruikt in de voedselverwerking, is deze ook essentieel in andere sectoren, zoals de farmaceutische industrie, biotechnologie en persoonlijke verzorging. Deze afstandsmoeren worden gebruikt in een breed scala aan apparatuur, van transportbanden tot mengers en verpakkingssystemen.<\/p>\n<h2>Toepassingen in belangrijke industrie\u00ebn<\/h2>\n<h3>Voedselverwerking<\/h3>\n<p>In de voedselverwerking is het waarborgen van de veiligheid en kwaliteit van producten van het grootste belang. De hygi\u00ebnische afstandsmoeren van EHEDG helpen besmetting tijdens productieprocessen te voorkomen door een veilige en eenvoudig te reinigen oplossing te bieden voor machineonderdelen. Of ze nu worden gebruikt in drankenproductielijnen, zuivelverwerking of de productie van zoetwaren, deze afstandsmoeren dragen bij aan een veilige en hygi\u00ebnische omgeving.<\/p>\n<h3>Farmaceutische en biotechnologische industrie<\/h3>\n<p>De farmaceutische en biotechnologische industrie heeft te maken met strenge regelgeving met betrekking tot de reinheid van apparatuur. De hygi\u00ebnische afstandsmoeren van EHEDG voldoen aan deze normen en zijn daardoor ideaal voor gebruik bij de productie van medicijnen, vaccins en laboratoriumapparatuur. Ze bieden de betrouwbaarheid en hygi\u00ebne die nodig zijn in deze gevoelige omgevingen.<\/p>\n<h3>Persoonlijke verzorgings- en huishoudelijke producten<\/h3>\n<p>Bij de productie van persoonlijke verzorgingsproducten zoals shampoos, lotions en cosmetica is het handhaven van hygi\u00ebne cruciaal. EHEDG Hygienic spacer nuts zorgen ervoor dat productieapparatuur voldoet aan de vereiste hygi\u00ebnenormen, waardoor het risico op besmetting wordt geminimaliseerd en een hoogwaardige output wordt gegarandeerd.<\/p>\n<h3><a href=\"https:\/\/nhkmachineryparts.com\/nl\/lange-termijn-kostenbesparingen-en-verbetering-van-het-concurrentievoordeel\/\">Zorgen voor <strong>Kostenbesparingen op lange termijn en verbetering van de concurrentiepositie<\/strong><\/a><\/h3>\n<p>De EHEDG Hygienic afstandsmoer, gelast in roestvrij staal, is een onmisbaar onderdeel voor industrie\u00ebn die een hoge mate van hygi\u00ebne en sanitatie vereisen. Het hygi\u00ebnische ontwerp, de corrosiebestendigheid en het onderhoudsgemak maken het een cruciaal onderdeel van machines die worden gebruikt in de voedselverwerking, farmaceutische industrie, biotechnologie en meer. Door gebruik te maken van deze gecertificeerde componenten kunnen bedrijven ervoor zorgen dat hun apparatuur voldoet aan de wereldwijde hygi\u00ebnenormen en bijdraagt aan veilige en effici\u00ebnte productieprocessen.<\/p>\n\n\t\t<\/div>\n\t<\/div>\n<\/div><\/div><\/div><\/div><\/div><\/section>","protected":false},"excerpt":{"rendered":"A Critical Component for Sanitary Machinery These accessories are the optimal choice for equipment that must comply with strict hygiene requirements. The seal blocks out water and bacteria and also prevents a non-hygienic metal-to-metal assembly. Self-draining surfaces with a maximal roughness of 0.8 \u00b5m Ra. EHEDG Hygienic spacer nut weld 3A SNW M5-L10\u00a0\u00a0 \u00d812 3A [...]","protected":false},"featured_media":8495,"template":"","meta":[],"product_brand":[],"product_cat":[98],"product_tag":[],"class_list":{"0":"post-5483","1":"product","2":"type-product","3":"status-publish","4":"has-post-thumbnail","6":"product_cat-ehedg-certified-3a-ssi-standard-components","8":"first","9":"instock","10":"shipping-taxable","11":"product-type-simple"},"yoast_head":"<!-- This site is optimized with the Yoast SEO plugin v27.2 - https:\/\/yoast.com\/product\/yoast-seo-wordpress\/ -->\n<title>EHEDG-certified spacer nut welded | NHK Machinery Parts<\/title>\n<meta name=\"description\" content=\"EHEDG Hygienic spacer nuts welded in stainless steel has a crucial role in ensuring sanitary conditions in the medical and biotechnology industries.\" \/>\n<meta name=\"robots\" content=\"index, follow, max-snippet:-1, max-image-preview:large, max-video-preview:-1\" \/>\n<link rel=\"canonical\" href=\"https:\/\/nhkmachineryparts.com\/nl\/product\/ehedg-hygienische-3a-afstandsmoer-gelast-in-roestvrij-staal\/\" \/>\n<meta property=\"og:locale\" content=\"nl_NL\" \/>\n<meta property=\"og:type\" content=\"article\" \/>\n<meta property=\"og:title\" content=\"EHEDG-certified spacer nut welded | NHK Machinery Parts\" \/>\n<meta property=\"og:description\" content=\"EHEDG Hygienic spacer nuts welded in stainless steel has a crucial role in ensuring sanitary conditions in the medical and biotechnology industries.\" \/>\n<meta property=\"og:url\" content=\"https:\/\/nhkmachineryparts.com\/nl\/product\/ehedg-hygienische-3a-afstandsmoer-gelast-in-roestvrij-staal\/\" \/>\n<meta property=\"og:site_name\" content=\"NHK Machinery Parts\" \/>\n<meta property=\"article:publisher\" content=\"https:\/\/www.facebook.com\/NHK.Group.aps\" \/>\n<meta property=\"article:modified_time\" content=\"2026-02-27T14:01:06+00:00\" \/>\n<meta property=\"og:image\" content=\"https:\/\/nhkmachineryparts.com\/wp-content\/uploads\/2023\/07\/EHEDG-Hygienic-3A-welded-spacer-in-stainless-steel.jpg\" \/>\n\t<meta property=\"og:image:width\" content=\"1000\" \/>\n\t<meta property=\"og:image:height\" content=\"1000\" \/>\n\t<meta property=\"og:image:type\" content=\"image\/jpeg\" \/>\n<meta name=\"twitter:card\" content=\"summary_large_image\" \/>\n<meta name=\"twitter:label1\" content=\"Geschatte leestijd\" \/>\n\t<meta name=\"twitter:data1\" content=\"5 minuten\" \/>\n<script type=\"application\/ld+json\" class=\"yoast-schema-graph\">{\"@context\":\"https:\/\/schema.org\",\"@graph\":[{\"@type\":\"WebPage\",\"@id\":\"https:\/\/nhkmachineryparts.com\/product\/ehedg-hygienic-3a-spacer-nut-welded-in-stainless-steel\/\",\"url\":\"https:\/\/nhkmachineryparts.com\/product\/ehedg-hygienic-3a-spacer-nut-welded-in-stainless-steel\/\",\"name\":\"EHEDG-certified spacer nut welded | NHK Machinery Parts\",\"isPartOf\":{\"@id\":\"https:\/\/nhkmachineryparts.com\/#website\"},\"primaryImageOfPage\":{\"@id\":\"https:\/\/nhkmachineryparts.com\/product\/ehedg-hygienic-3a-spacer-nut-welded-in-stainless-steel\/#primaryimage\"},\"image\":{\"@id\":\"https:\/\/nhkmachineryparts.com\/product\/ehedg-hygienic-3a-spacer-nut-welded-in-stainless-steel\/#primaryimage\"},\"thumbnailUrl\":\"https:\/\/nhkmachineryparts.com\/wp-content\/uploads\/2023\/07\/EHEDG-Hygienic-3A-welded-spacer-in-stainless-steel.jpg\",\"datePublished\":\"2023-07-13T12:06:01+00:00\",\"dateModified\":\"2026-02-27T14:01:06+00:00\",\"description\":\"EHEDG Hygienic spacer nuts welded in stainless steel has a crucial role in ensuring sanitary conditions in the medical and biotechnology industries.\",\"breadcrumb\":{\"@id\":\"https:\/\/nhkmachineryparts.com\/product\/ehedg-hygienic-3a-spacer-nut-welded-in-stainless-steel\/#breadcrumb\"},\"inLanguage\":\"nl-NL\",\"potentialAction\":[{\"@type\":\"ReadAction\",\"target\":[\"https:\/\/nhkmachineryparts.com\/product\/ehedg-hygienic-3a-spacer-nut-welded-in-stainless-steel\/\"]}]},{\"@type\":\"ImageObject\",\"inLanguage\":\"nl-NL\",\"@id\":\"https:\/\/nhkmachineryparts.com\/product\/ehedg-hygienic-3a-spacer-nut-welded-in-stainless-steel\/#primaryimage\",\"url\":\"https:\/\/nhkmachineryparts.com\/wp-content\/uploads\/2023\/07\/EHEDG-Hygienic-3A-welded-spacer-in-stainless-steel.jpg\",\"contentUrl\":\"https:\/\/nhkmachineryparts.com\/wp-content\/uploads\/2023\/07\/EHEDG-Hygienic-3A-welded-spacer-in-stainless-steel.jpg\",\"width\":1000,\"height\":1000,\"caption\":\"EHEDG Hygienic 3A welded spacer in stainless steel\"},{\"@type\":\"BreadcrumbList\",\"@id\":\"https:\/\/nhkmachineryparts.com\/product\/ehedg-hygienic-3a-spacer-nut-welded-in-stainless-steel\/#breadcrumb\",\"itemListElement\":[{\"@type\":\"ListItem\",\"position\":1,\"name\":\"Home\",\"item\":\"https:\/\/nhkmachineryparts.com\/\"},{\"@type\":\"ListItem\",\"position\":2,\"name\":\"Product line\",\"item\":\"https:\/\/nhkmachineryparts.com\/product-line\/\"},{\"@type\":\"ListItem\",\"position\":3,\"name\":\"Certified EHEDG standard components\",\"item\":\"https:\/\/nhkmachineryparts.com\/product-line\/ehedg-certified-3a-ssi-standard-components\/\"},{\"@type\":\"ListItem\",\"position\":4,\"name\":\"EHEDG-certified spacer nut welded\"}]},{\"@type\":\"WebSite\",\"@id\":\"https:\/\/nhkmachineryparts.com\/#website\",\"url\":\"https:\/\/nhkmachineryparts.com\/\",\"name\":\"NHK Machinery Parts\",\"description\":\"Bearing Houses, seismic levelling feet and levelling castors\",\"publisher\":{\"@id\":\"https:\/\/nhkmachineryparts.com\/#organization\"},\"potentialAction\":[{\"@type\":\"SearchAction\",\"target\":{\"@type\":\"EntryPoint\",\"urlTemplate\":\"https:\/\/nhkmachineryparts.com\/?s={search_term_string}\"},\"query-input\":{\"@type\":\"PropertyValueSpecification\",\"valueRequired\":true,\"valueName\":\"search_term_string\"}}],\"inLanguage\":\"nl-NL\"},{\"@type\":\"Organization\",\"@id\":\"https:\/\/nhkmachineryparts.com\/#organization\",\"name\":\"Nhk Group ApS\",\"url\":\"https:\/\/nhkmachineryparts.com\/\",\"logo\":{\"@type\":\"ImageObject\",\"inLanguage\":\"nl-NL\",\"@id\":\"https:\/\/nhkmachineryparts.com\/#\/schema\/logo\/image\/\",\"url\":\"https:\/\/nhkmachineryparts.com\/wp-content\/uploads\/2022\/09\/NHKgroup_social.jpg\",\"contentUrl\":\"https:\/\/nhkmachineryparts.com\/wp-content\/uploads\/2022\/09\/NHKgroup_social.jpg\",\"width\":1200,\"height\":630,\"caption\":\"Nhk Group ApS\"},\"image\":{\"@id\":\"https:\/\/nhkmachineryparts.com\/#\/schema\/logo\/image\/\"},\"sameAs\":[\"https:\/\/www.facebook.com\/NHK.Group.aps\"]}]}<\/script>\n<!-- \/ Yoast SEO plugin. -->","yoast_head_json":{"title":"EHEDG-certified spacer nut welded | NHK Machinery Parts","description":"EHEDG hygi\u00ebnische afstandsmoeren gelast in roestvrij staal spelen een cruciale rol bij het waarborgen van hygi\u00ebnische omstandigheden in de medische en biotechnologische industrie.","robots":{"index":"index","follow":"follow","max-snippet":"max-snippet:-1","max-image-preview":"max-image-preview:large","max-video-preview":"max-video-preview:-1"},"canonical":"https:\/\/nhkmachineryparts.com\/nl\/product\/ehedg-hygienische-3a-afstandsmoer-gelast-in-roestvrij-staal\/","og_locale":"nl_NL","og_type":"article","og_title":"EHEDG-certified spacer nut welded | NHK Machinery Parts","og_description":"EHEDG Hygienic spacer nuts welded in stainless steel has a crucial role in ensuring sanitary conditions in the medical and biotechnology industries.","og_url":"https:\/\/nhkmachineryparts.com\/nl\/product\/ehedg-hygienische-3a-afstandsmoer-gelast-in-roestvrij-staal\/","og_site_name":"NHK Machinery Parts","article_publisher":"https:\/\/www.facebook.com\/NHK.Group.aps","article_modified_time":"2026-02-27T14:01:06+00:00","og_image":[{"width":1000,"height":1000,"url":"https:\/\/nhkmachineryparts.com\/wp-content\/uploads\/2023\/07\/EHEDG-Hygienic-3A-welded-spacer-in-stainless-steel.jpg","type":"image\/jpeg"}],"twitter_card":"summary_large_image","twitter_misc":{"Geschatte leestijd":"5 minuten"},"schema":{"@context":"https:\/\/schema.org","@graph":[{"@type":"WebPage","@id":"https:\/\/nhkmachineryparts.com\/product\/ehedg-hygienic-3a-spacer-nut-welded-in-stainless-steel\/","url":"https:\/\/nhkmachineryparts.com\/product\/ehedg-hygienic-3a-spacer-nut-welded-in-stainless-steel\/","name":"EHEDG-certified spacer nut welded | NHK Machinery Parts","isPartOf":{"@id":"https:\/\/nhkmachineryparts.com\/#website"},"primaryImageOfPage":{"@id":"https:\/\/nhkmachineryparts.com\/product\/ehedg-hygienic-3a-spacer-nut-welded-in-stainless-steel\/#primaryimage"},"image":{"@id":"https:\/\/nhkmachineryparts.com\/product\/ehedg-hygienic-3a-spacer-nut-welded-in-stainless-steel\/#primaryimage"},"thumbnailUrl":"https:\/\/nhkmachineryparts.com\/wp-content\/uploads\/2023\/07\/EHEDG-Hygienic-3A-welded-spacer-in-stainless-steel.jpg","datePublished":"2023-07-13T12:06:01+00:00","dateModified":"2026-02-27T14:01:06+00:00","description":"EHEDG hygi\u00ebnische afstandsmoeren gelast in roestvrij staal spelen een cruciale rol bij het waarborgen van hygi\u00ebnische omstandigheden in de medische en biotechnologische industrie.","breadcrumb":{"@id":"https:\/\/nhkmachineryparts.com\/product\/ehedg-hygienic-3a-spacer-nut-welded-in-stainless-steel\/#breadcrumb"},"inLanguage":"nl-NL","potentialAction":[{"@type":"ReadAction","target":["https:\/\/nhkmachineryparts.com\/product\/ehedg-hygienic-3a-spacer-nut-welded-in-stainless-steel\/"]}]},{"@type":"ImageObject","inLanguage":"nl-NL","@id":"https:\/\/nhkmachineryparts.com\/product\/ehedg-hygienic-3a-spacer-nut-welded-in-stainless-steel\/#primaryimage","url":"https:\/\/nhkmachineryparts.com\/wp-content\/uploads\/2023\/07\/EHEDG-Hygienic-3A-welded-spacer-in-stainless-steel.jpg","contentUrl":"https:\/\/nhkmachineryparts.com\/wp-content\/uploads\/2023\/07\/EHEDG-Hygienic-3A-welded-spacer-in-stainless-steel.jpg","width":1000,"height":1000,"caption":"EHEDG Hygienic 3A welded spacer in stainless steel"},{"@type":"BreadcrumbList","@id":"https:\/\/nhkmachineryparts.com\/product\/ehedg-hygienic-3a-spacer-nut-welded-in-stainless-steel\/#breadcrumb","itemListElement":[{"@type":"ListItem","position":1,"name":"Home","item":"https:\/\/nhkmachineryparts.com\/"},{"@type":"ListItem","position":2,"name":"Product line","item":"https:\/\/nhkmachineryparts.com\/product-line\/"},{"@type":"ListItem","position":3,"name":"Certified EHEDG standard components","item":"https:\/\/nhkmachineryparts.com\/product-line\/ehedg-certified-3a-ssi-standard-components\/"},{"@type":"ListItem","position":4,"name":"EHEDG-certified spacer nut welded"}]},{"@type":"WebSite","@id":"https:\/\/nhkmachineryparts.com\/#website","url":"https:\/\/nhkmachineryparts.com\/","name":"NHK-machineonderdelen","description":"Lagerhuizen, seismische stelvoeten en stelwielen","publisher":{"@id":"https:\/\/nhkmachineryparts.com\/#organization"},"potentialAction":[{"@type":"SearchAction","target":{"@type":"EntryPoint","urlTemplate":"https:\/\/nhkmachineryparts.com\/?s={search_term_string}"},"query-input":{"@type":"PropertyValueSpecification","valueRequired":true,"valueName":"search_term_string"}}],"inLanguage":"nl-NL"},{"@type":"Organization","@id":"https:\/\/nhkmachineryparts.com\/#organization","name":"Nhk Groep ApS","url":"https:\/\/nhkmachineryparts.com\/","logo":{"@type":"ImageObject","inLanguage":"nl-NL","@id":"https:\/\/nhkmachineryparts.com\/#\/schema\/logo\/image\/","url":"https:\/\/nhkmachineryparts.com\/wp-content\/uploads\/2022\/09\/NHKgroup_social.jpg","contentUrl":"https:\/\/nhkmachineryparts.com\/wp-content\/uploads\/2022\/09\/NHKgroup_social.jpg","width":1200,"height":630,"caption":"Nhk Group ApS"},"image":{"@id":"https:\/\/nhkmachineryparts.com\/#\/schema\/logo\/image\/"},"sameAs":["https:\/\/www.facebook.com\/NHK.Group.aps"]}]}},"_links":{"self":[{"href":"https:\/\/nhkmachineryparts.com\/nl\/wp-json\/wp\/v2\/product\/5483","targetHints":{"allow":["GET"]}}],"collection":[{"href":"https:\/\/nhkmachineryparts.com\/nl\/wp-json\/wp\/v2\/product"}],"about":[{"href":"https:\/\/nhkmachineryparts.com\/nl\/wp-json\/wp\/v2\/types\/product"}],"wp:featuredmedia":[{"embeddable":true,"href":"https:\/\/nhkmachineryparts.com\/nl\/wp-json\/wp\/v2\/media\/8495"}],"wp:attachment":[{"href":"https:\/\/nhkmachineryparts.com\/nl\/wp-json\/wp\/v2\/media?parent=5483"}],"wp:term":[{"taxonomy":"product_brand","embeddable":true,"href":"https:\/\/nhkmachineryparts.com\/nl\/wp-json\/wp\/v2\/product_brand?post=5483"},{"taxonomy":"product_cat","embeddable":true,"href":"https:\/\/nhkmachineryparts.com\/nl\/wp-json\/wp\/v2\/product_cat?post=5483"},{"taxonomy":"product_tag","embeddable":true,"href":"https:\/\/nhkmachineryparts.com\/nl\/wp-json\/wp\/v2\/product_tag?post=5483"}],"curies":[{"name":"wp","href":"https:\/\/api.w.org\/{rel}","templated":true}]}}