{"id":2920,"date":"2023-01-07T20:48:15","date_gmt":"2023-01-07T20:48:15","guid":{"rendered":"https:\/\/nhkmachineryparts.com\/?post_type=product&#038;p=2920"},"modified":"2026-02-27T16:03:54","modified_gmt":"2026-02-27T14:03:54","slug":"stelvoeten-in-gesloten-hygienische-designplank-met-vloerborgplaat-met-spindel-met-beschermhuls","status":"publish","type":"product","link":"https:\/\/nhkmachineryparts.com\/nl\/product\/levelling-feet-in-sealed-hygienic-design-shlf-with-floor-lock-plate-with-spindle-with-protecting-sleeve\/","title":{"rendered":"3-A authorized levelling feet with floor lock plate\u00a0"},"content":{"rendered":"<section class=\"vc_row vc_custom_1662993827263 liquid-row-shadowbox-69d3fb7e61938 vc_column-gap-0\"><div class=\"ld-container container\"><div class=\"row ld-row ld-row-outer\"><div class=\"wpb_column vc_column_container vc_col-sm-12 liquid-column-69d3fb7e61afe\"><div class=\"vc_column-inner\" ><div class=\"wpb_wrapper\"  >\n\t<div class=\"wpb_text_column wpb_content_element\" >\n\t\t<div class=\"wpb_wrapper\">\n\t\t\t<h2>Verbeter de prestaties van machines met een geavanceerd hygi\u00ebnisch ontwerp<\/h2>\n<p><a href=\"https:\/\/nhkmachineryparts.com\/nl\/product-line\/stainless-steel-solid-base-feet\/\" data-internallinksmanager029f6b8e52c=\"7\" title=\"Machine-nivelleringsvoeten met massieve bodemplaat\">Stelpoten<\/a> in afgesloten hygi\u00ebnisch ontwerp met rubberen onderkant voor trillingsreductie en antislipeigenschappen<br \/>\nOnze verzegelde <a href=\"https:\/\/nhkmachineryparts.com\/nl\/product-line\/stainless-steel-solid-base-feet\/\" data-internallinksmanager029f6b8e52c=\"17\" title=\"Machine-nivelleringsvoeten met massieve bodemplaat\">hygi\u00ebnische stelvoeten<\/a> zijn voorzien van FDA-certificaat (FDA CFR 21 177 2600) met uniek batch-ID-nummer voor traceerbaarheid van de voedselveiligheid<\/p>\n<p><a href=\"https:\/\/nhkmachineryparts.com\/shop\/product-line\/machine-levelling-feet-in-a-hygienic-design\/levelling-feet-with-fully-threaded-spindle\/\">Probeer onze productselector<\/a><\/p>\n<h3>Stelvoeten in afgedicht hygi\u00ebnisch ontwerp en voordelen<\/h3>\n<p>Verzegeld <a href=\"https:\/\/nhkmachineryparts.com\/nl\/product-line\/stainless-steel-solid-base-feet\/\" data-internallinksmanager029f6b8e52c=\"17\" title=\"Machine-nivelleringsvoeten met massieve bodemplaat\">hygi\u00ebnische stelvoeten<\/a> hebben een afgerond, hygi\u00ebnisch ontwerp waardoor ze gemakkelijk schoon te maken zijn.<br \/>\nVerzegeld <a href=\"https:\/\/nhkmachineryparts.com\/nl\/product-line\/stainless-steel-solid-base-feet\/\" data-internallinksmanager029f6b8e52c=\"17\" title=\"Machine-nivelleringsvoeten met massieve bodemplaat\">hygi\u00ebnische stelvoeten<\/a> kan omgaan met hellingen tot 10 graden op vloeren en apparatuur.<\/p>\n<h3>Stelvoeten van verzegelde hygi\u00ebnische designmaterialen<\/h3>\n<p>Verzegeld <a href=\"https:\/\/nhkmachineryparts.com\/nl\/product-line\/stainless-steel-solid-base-feet\/\" data-internallinksmanager029f6b8e52c=\"17\" title=\"Machine-nivelleringsvoeten met massieve bodemplaat\">hygi\u00ebnische stelvoeten<\/a> gevulkaniseerd rubberen onderdeel met FDA-certificaat volgens FDA CFR 21 177 2600.<\/p>\n<p>Materiaalbeschrijving bodemplaat:<br \/>\nRVS Aisi 304 of Aisi 316<\/p>\n<p>Materiaalbeschrijving spindel:<br \/>\nRVS A2-70 of A4-70<\/p>\n<p>Beschrijving van het rubberbasismateriaal:<br \/>\nNBR-rubber (Nitrilrubber CAS nr. 9005-98-5)<br \/>\nFDA-certificaat volgens FDA CFR 21 177 2600<\/p>\n<p>Alle materialen zijn zeer goed bestand tegen chemicali\u00ebn en gangbare reinigingsmiddelen en tegen resistente oli\u00ebn en vetten.<\/p>\n<h3>Stelvoeten in afgedichte hygi\u00ebnische ontwerpmaten<\/h3>\n<p>Verzegeld hygi\u00ebnisch <a href=\"https:\/\/nhkmachineryparts.com\/nl\/product\/301-machinevoeten-in-gesloten-hygienisch-ontwerp-shmf-met-vloerborgplaat\/\" data-internallinksmanager029f6b8e52c=\"20\" title=\"machinevoeten\">machinevoeten<\/a> base zijn verkrijgbaar in een breed assortiment, wat optimale flexibiliteit en keuze biedt.<\/p>\n<table class=\"dcf-table dcf-table-responsive dcf-table-bordered dcf-w-100%\">\n<thead>\n<tr>\n<th scope=\"col\">Basistype<\/th>\n<th scope=\"col\">Basisdiameter D<\/th>\n<th scope=\"col\">Nom. Laden<\/th>\n<\/tr>\n<\/thead>\n<tbody>\n<tr>\n<td data-label=\"HMF Base Size\">HLF 61<\/td>\n<td data-label=\"Base Diameter D\">60 mm<\/td>\n<td data-label=\"Nom. Load \">7.000 N<\/td>\n<\/tr>\n<tr>\n<td data-label=\"HMF Base Size\">HLF 81<\/td>\n<td data-label=\"Base Diameter D\">80 mm<\/td>\n<td data-label=\"Nom. Load \">15.000 N<\/td>\n<\/tr>\n<tr>\n<td data-label=\"HMF Base Size\">HLF 101<\/td>\n<td data-label=\"Base Diameter D\">100 mm<\/td>\n<td data-label=\"Nom. Load \">20.000 N<\/td>\n<\/tr>\n<tr>\n<td data-label=\"HMF Base Size\">HLF 121<\/td>\n<td data-label=\"Base Diameter D\">120 mm<\/td>\n<td data-label=\"Nom. Load \">30.000 N<\/td>\n<\/tr>\n<\/tbody>\n<\/table>\n<p>Verzegeld <a href=\"https:\/\/nhkmachineryparts.com\/nl\/product-line\/stainless-steel-solid-base-feet\/\" data-internallinksmanager029f6b8e52c=\"17\" title=\"Machine-nivelleringsvoeten met massieve bodemplaat\">hygi\u00ebnische stelvoeten<\/a> spindel met beschermhuls zijn verkrijgbaar in een breed assortiment, wat optimale flexibiliteit en keuze biedt.<\/p>\n<div class=\"dcf-overflow-x-auto\" tabindex=\"0\">\n<table class=\"dcf-table dcf-table-bordered dcf-w-100%\">\n<caption>SHLF Spindel- en hulsdiameter<\/caption>\n<tbody>\n<tr>\n<td>M16<\/td>\n<td>M20<\/td>\n<td>M24<\/td>\n<td>M30<\/td>\n<td>M36<\/td>\n<td>M42<\/td>\n<td>M48<\/td>\n<\/tr>\n<\/tbody>\n<\/table>\n<\/div>\n<div class=\"dcf-overflow-x-auto\" tabindex=\"0\">\n<table class=\"dcf-table dcf-table-bordered dcf-w-100%\">\n<caption>SHLF Spindellengte (L) en Mouwlengte (H)<\/caption>\n<tbody>\n<tr>\n<td>L=135mm H=55mm<\/td>\n<td>Min. 80 mm tot max. 120 mm<\/td>\n<\/tr>\n<tr>\n<td>L=175mm H=75mm<\/td>\n<td>Min. 100 mm tot max. 160 mm<\/td>\n<\/tr>\n<tr>\n<td>L=215mm H=95mm<\/td>\n<td>Min. 120 mm tot max. 200 mm<\/td>\n<\/tr>\n<tr>\n<td>L=255mm H=115mm<\/td>\n<td>Min. 140 mm tot max. 240 mm<\/td>\n<\/tr>\n<tr>\n<td>L=295mm H=125mm<\/td>\n<td>Min. 180 mm tot max. 280 mm<\/td>\n<\/tr>\n<\/tbody>\n<\/table>\n<\/div>\n<p>Voor andere draadspindellengtes (L) kunt u contact met ons opnemen<br \/>\nSchroefdraad in inch is op aanvraag verkrijgbaar<br \/>\nDe draad kan ook worden aangepast volgens specifiek verzoek, ex-trapeziumdraad enz.<\/p>\n<h3>Stelvoeten in afgedicht hygi\u00ebnisch ontwerp. Leveringsoptie<\/h3>\n<p>Voor grote bestellingen bieden wij aan om de basis en spindels apart te leveren<br \/>\nHet voordeel is de flexibiliteit voor de klant, die veel verschillende maten spindels gebruikt.<\/p>\n<h2 data-start=\"0\" data-end=\"84\"><strong data-start=\"4\" data-end=\"82\">Hygi\u00ebnische stelvoeten met vloervergrendelingsplaat en afgedichte beschermde spindel<\/strong><\/h2>\n<p data-start=\"86\" data-end=\"423\"><a href=\"https:\/\/nhkmachineryparts.com\/nl\/product-line\/stainless-steel-solid-base-feet\/\" data-internallinksmanager029f6b8e52c=\"17\" title=\"Machine-nivelleringsvoeten met massieve bodemplaat\">Hygi\u00ebnische stelvoeten<\/a> spelen een cruciale rol in voedselverwerking, farmaceutische en cleanroomomgevingen waar netheid en stabiliteit van het grootste belang zijn. Met een vloervergrendelingsplaat en een verzegelde beschermde spindel zorgen deze geavanceerde componenten voor een veilige, besmettingsvrije opstelling en verbeteren ze de stabiliteit en prestaties van de machine.<\/p>\n<h3 data-start=\"425\" data-end=\"468\"><strong data-start=\"428\" data-end=\"466\">Waarom hygi\u00ebnische nivelleringsvoeten belangrijk zijn<\/strong><\/h3>\n<p data-start=\"469\" data-end=\"848\">In <a href=\"https:\/\/nhkmachineryparts.com\/nl\/our-industries\/\" data-internallinksmanager029f6b8e52c=\"4\" title=\"Onze industrie\u00ebn\">industrie\u00ebn<\/a> Omdat er strenge hygi\u00ebnenormen gelden, moet de apparatuur voldoen aan hoge sanitaire eisen. <a href=\"https:\/\/nhkmachineryparts.com\/nl\/product-line\/stainless-steel-solid-base-feet\/\" data-internallinksmanager029f6b8e52c=\"17\" title=\"Machine-nivelleringsvoeten met massieve bodemplaat\">Hygi\u00ebnische stelvoeten<\/a> met een verzegelde spindel voorkomt de ophoping van vuil, vocht en bacteri\u00ebn, waardoor naleving van de <a href=\"https:\/\/nhkmachineryparts.com\/nl\/wat-is-het-verschil-tussen-3a-en-ehedg\/\" data-internallinksmanager029f6b8e52c=\"2\" title=\"EHEDG-gecertificeerde machineonderdelen\">EHEDG<\/a> en 3A sanitaire richtlijnen. Dit maakt ze ideaal voor de voedselverwerkende, farmaceutische en biotechnologische industrie waar hygi\u00ebne niet onderhandelbaar is.<\/p>\n<h3 data-start=\"850\" data-end=\"891\"><strong data-start=\"853\" data-end=\"889\">Voordelen van een vloersluitplaat<\/strong><\/h3>\n<p data-start=\"892\" data-end=\"1223\">Een vloervergrendelingsplaat houdt machines op hun plaats en voorkomt ongewenste bewegingen en trillingen. Dit is met name gunstig in productielijnen met hoge snelheden, waar stabiliteit essentieel is om effici\u00ebntie en precisie te behouden. Bovendien helpt de vloervergrendelingsplaat de impact van dynamische krachten te verminderen, waardoor de levensduur van de apparatuur wordt verlengd.<\/p>\n<h3 data-start=\"1225\" data-end=\"1282\"><strong data-start=\"1228\" data-end=\"1280\">Afgedichte beschermde spindel voor maximale reinheid<\/strong><\/h3>\n<p data-start=\"1283\" data-end=\"1546\">De verzegelde beschermde spindel voorkomt het binnendringen van water, stof en vuil, wat de levensduur en optimale werking van de nivelleringsvoeten verzekert. Dit ontwerp vermindert de onderhoudsfrequentie en verbetert de operationele effici\u00ebntie door potenti\u00eble contaminatiepunten te elimineren.<\/p>\n<h3 data-start=\"1548\" data-end=\"1592\"><strong data-start=\"1551\" data-end=\"1590\">Toepassingen in de hygi\u00ebnische industrie<\/strong><\/h3>\n<p data-start=\"1593\" data-end=\"1903\"><a href=\"https:\/\/nhkmachineryparts.com\/nl\/product-line\/stainless-steel-solid-base-feet\/\" data-internallinksmanager029f6b8e52c=\"17\" title=\"Machine-nivelleringsvoeten met massieve bodemplaat\">Hygi\u00ebnische stelvoeten<\/a> met vloervergrendelingsplaten en verzegelde spindels worden veel gebruikt in de voedselverwerking, farmaceutische productie en laboratoriumomgevingen. Ze bieden stabiliteit voor transportsystemen, vullijnen en zware verwerkingsapparatuur, en zorgen voor een veilige en besmettingsvrije werkruimte.<\/p>\n<h3 data-start=\"1593\" data-end=\"1903\">Verhoog de stabiliteit van uw apparatuur met innovatieve vloervergrendelingsplaatoplossingen<\/h3>\n<p data-start=\"1905\" data-end=\"2110\" data-is-last-node=\"\" data-is-only-node=\"\">Door het integreren van deze geavanceerde stelvoeten kunnen industrie\u00ebn de stabiliteit van hun apparatuur verbeteren en tegelijkertijd de hoogste hygi\u00ebnenormen handhaven. Zo garanderen ze naleving en effici\u00ebntie in hun productieprocessen.<\/p>\n\n\t\t<\/div>\n\t<\/div>\n<\/div><\/div><\/div><\/div><\/div><\/section>","protected":false},"excerpt":{"rendered":"Enhance machinery performance with state-of-the-art hygienic design Levelling feet in sealed hygienic design with rubber base for vibration reduction and anti-slip properties Our sealed hygienic levelling feet are provided with FDA certificate (FDA CFR 21 177 2600) with unique batch ID number for food safety traceability Try our product selector Levelling feet in sealed hygienic [...]","protected":false},"featured_media":8508,"template":"","meta":[],"product_brand":[],"product_cat":[98],"product_tag":[],"class_list":{"0":"post-2920","1":"product","2":"type-product","3":"status-publish","4":"has-post-thumbnail","6":"product_cat-ehedg-certified-3a-ssi-standard-components","8":"first","9":"instock","10":"shipping-taxable","11":"product-type-simple"},"yoast_head":"<!-- This site is optimized with the Yoast SEO plugin v27.3 - https:\/\/yoast.com\/product\/yoast-seo-wordpress\/ -->\n<title>3-A authorized levelling feet with floor lock plate\u00a0 | NHK Machinery Parts<\/title>\n<meta name=\"description\" content=\"Experience the perfect synergy of stability and sanitation in high-demand environments. Levelling feet guarantee precision and compliance in application.\" \/>\n<meta name=\"robots\" content=\"index, follow, max-snippet:-1, max-image-preview:large, max-video-preview:-1\" \/>\n<link rel=\"canonical\" href=\"https:\/\/nhkmachineryparts.com\/nl\/product\/stelvoeten-in-gesloten-hygienische-designplank-met-vloerborgplaat-met-spindel-met-beschermhuls\/\" \/>\n<meta property=\"og:locale\" content=\"nl_NL\" \/>\n<meta property=\"og:type\" content=\"article\" \/>\n<meta property=\"og:title\" content=\"3-A authorized levelling feet with floor lock plate\u00a0 | NHK Machinery Parts\" \/>\n<meta property=\"og:description\" content=\"Experience the perfect synergy of stability and sanitation in high-demand environments. Levelling feet guarantee precision and compliance in application.\" \/>\n<meta property=\"og:url\" content=\"https:\/\/nhkmachineryparts.com\/nl\/product\/stelvoeten-in-gesloten-hygienische-designplank-met-vloerborgplaat-met-spindel-met-beschermhuls\/\" \/>\n<meta property=\"og:site_name\" content=\"NHK Machinery Parts\" \/>\n<meta property=\"article:publisher\" content=\"https:\/\/www.facebook.com\/NHK.Group.aps\" \/>\n<meta property=\"article:modified_time\" content=\"2026-02-27T14:03:54+00:00\" \/>\n<meta property=\"og:image\" content=\"https:\/\/nhkmachineryparts.com\/wp-content\/uploads\/2023\/01\/Levelling-feet-in-sealed-hygienic-design-SHLF-with-floor-lock-plate-and-spindle-with-protecting-sleeve-1.jpg\" \/>\n\t<meta property=\"og:image:width\" content=\"1000\" \/>\n\t<meta property=\"og:image:height\" content=\"1000\" \/>\n\t<meta property=\"og:image:type\" content=\"image\/jpeg\" \/>\n<meta name=\"twitter:card\" content=\"summary_large_image\" \/>\n<meta name=\"twitter:label1\" content=\"Geschatte leestijd\" \/>\n\t<meta name=\"twitter:data1\" content=\"4 minuten\" \/>\n<script type=\"application\/ld+json\" class=\"yoast-schema-graph\">{\"@context\":\"https:\\\/\\\/schema.org\",\"@graph\":[{\"@type\":\"WebPage\",\"@id\":\"https:\\\/\\\/nhkmachineryparts.com\\\/product\\\/levelling-feet-in-sealed-hygienic-design-shlf-with-floor-lock-plate-with-spindle-with-protecting-sleeve\\\/\",\"url\":\"https:\\\/\\\/nhkmachineryparts.com\\\/product\\\/levelling-feet-in-sealed-hygienic-design-shlf-with-floor-lock-plate-with-spindle-with-protecting-sleeve\\\/\",\"name\":\"3-A authorized levelling feet with floor lock plate\u00a0 | NHK Machinery Parts\",\"isPartOf\":{\"@id\":\"https:\\\/\\\/nhkmachineryparts.com\\\/#website\"},\"primaryImageOfPage\":{\"@id\":\"https:\\\/\\\/nhkmachineryparts.com\\\/product\\\/levelling-feet-in-sealed-hygienic-design-shlf-with-floor-lock-plate-with-spindle-with-protecting-sleeve\\\/#primaryimage\"},\"image\":{\"@id\":\"https:\\\/\\\/nhkmachineryparts.com\\\/product\\\/levelling-feet-in-sealed-hygienic-design-shlf-with-floor-lock-plate-with-spindle-with-protecting-sleeve\\\/#primaryimage\"},\"thumbnailUrl\":\"https:\\\/\\\/nhkmachineryparts.com\\\/wp-content\\\/uploads\\\/2023\\\/01\\\/Levelling-feet-in-sealed-hygienic-design-SHLF-with-floor-lock-plate-and-spindle-with-protecting-sleeve-1.jpg\",\"datePublished\":\"2023-01-07T20:48:15+00:00\",\"dateModified\":\"2026-02-27T14:03:54+00:00\",\"description\":\"Experience the perfect synergy of stability and sanitation in high-demand environments. Levelling feet guarantee precision and compliance in application.\",\"breadcrumb\":{\"@id\":\"https:\\\/\\\/nhkmachineryparts.com\\\/product\\\/levelling-feet-in-sealed-hygienic-design-shlf-with-floor-lock-plate-with-spindle-with-protecting-sleeve\\\/#breadcrumb\"},\"inLanguage\":\"nl-NL\",\"potentialAction\":[{\"@type\":\"ReadAction\",\"target\":[\"https:\\\/\\\/nhkmachineryparts.com\\\/product\\\/levelling-feet-in-sealed-hygienic-design-shlf-with-floor-lock-plate-with-spindle-with-protecting-sleeve\\\/\"]}]},{\"@type\":\"ImageObject\",\"inLanguage\":\"nl-NL\",\"@id\":\"https:\\\/\\\/nhkmachineryparts.com\\\/product\\\/levelling-feet-in-sealed-hygienic-design-shlf-with-floor-lock-plate-with-spindle-with-protecting-sleeve\\\/#primaryimage\",\"url\":\"https:\\\/\\\/nhkmachineryparts.com\\\/wp-content\\\/uploads\\\/2023\\\/01\\\/Levelling-feet-in-sealed-hygienic-design-SHLF-with-floor-lock-plate-and-spindle-with-protecting-sleeve-1.jpg\",\"contentUrl\":\"https:\\\/\\\/nhkmachineryparts.com\\\/wp-content\\\/uploads\\\/2023\\\/01\\\/Levelling-feet-in-sealed-hygienic-design-SHLF-with-floor-lock-plate-and-spindle-with-protecting-sleeve-1.jpg\",\"width\":1000,\"height\":1000,\"caption\":\"Levelling feet in sealed hygienic design SHLF with floor lock plate and spindle with protecting sleeve\"},{\"@type\":\"BreadcrumbList\",\"@id\":\"https:\\\/\\\/nhkmachineryparts.com\\\/product\\\/levelling-feet-in-sealed-hygienic-design-shlf-with-floor-lock-plate-with-spindle-with-protecting-sleeve\\\/#breadcrumb\",\"itemListElement\":[{\"@type\":\"ListItem\",\"position\":1,\"name\":\"Home\",\"item\":\"https:\\\/\\\/nhkmachineryparts.com\\\/\"},{\"@type\":\"ListItem\",\"position\":2,\"name\":\"Product line\",\"item\":\"https:\\\/\\\/nhkmachineryparts.com\\\/product-line\\\/\"},{\"@type\":\"ListItem\",\"position\":3,\"name\":\"Certified EHEDG standard components\",\"item\":\"https:\\\/\\\/nhkmachineryparts.com\\\/product-line\\\/ehedg-certified-3a-ssi-standard-components\\\/\"},{\"@type\":\"ListItem\",\"position\":4,\"name\":\"3-A authorized levelling feet with floor lock plate\u00a0\"}]},{\"@type\":\"WebSite\",\"@id\":\"https:\\\/\\\/nhkmachineryparts.com\\\/#website\",\"url\":\"https:\\\/\\\/nhkmachineryparts.com\\\/\",\"name\":\"NHK Machinery Parts\",\"description\":\"Bearing Houses, seismic levelling feet and levelling castors\",\"publisher\":{\"@id\":\"https:\\\/\\\/nhkmachineryparts.com\\\/#organization\"},\"potentialAction\":[{\"@type\":\"SearchAction\",\"target\":{\"@type\":\"EntryPoint\",\"urlTemplate\":\"https:\\\/\\\/nhkmachineryparts.com\\\/?s={search_term_string}\"},\"query-input\":{\"@type\":\"PropertyValueSpecification\",\"valueRequired\":true,\"valueName\":\"search_term_string\"}}],\"inLanguage\":\"nl-NL\"},{\"@type\":\"Organization\",\"@id\":\"https:\\\/\\\/nhkmachineryparts.com\\\/#organization\",\"name\":\"Nhk Group ApS\",\"url\":\"https:\\\/\\\/nhkmachineryparts.com\\\/\",\"logo\":{\"@type\":\"ImageObject\",\"inLanguage\":\"nl-NL\",\"@id\":\"https:\\\/\\\/nhkmachineryparts.com\\\/#\\\/schema\\\/logo\\\/image\\\/\",\"url\":\"https:\\\/\\\/nhkmachineryparts.com\\\/wp-content\\\/uploads\\\/2022\\\/09\\\/NHKgroup_social.jpg\",\"contentUrl\":\"https:\\\/\\\/nhkmachineryparts.com\\\/wp-content\\\/uploads\\\/2022\\\/09\\\/NHKgroup_social.jpg\",\"width\":1200,\"height\":630,\"caption\":\"Nhk Group ApS\"},\"image\":{\"@id\":\"https:\\\/\\\/nhkmachineryparts.com\\\/#\\\/schema\\\/logo\\\/image\\\/\"},\"sameAs\":[\"https:\\\/\\\/www.facebook.com\\\/NHK.Group.aps\"]}]}<\/script>\n<!-- \/ Yoast SEO plugin. -->","yoast_head_json":{"title":"3-A authorized levelling feet with floor lock plate\u00a0 | NHK Machinery Parts","description":"Ervaar de perfecte synergie van stabiliteit en hygi\u00ebne in veeleisende omgevingen. Stelvoeten garanderen precisie en naleving bij toepassing.","robots":{"index":"index","follow":"follow","max-snippet":"max-snippet:-1","max-image-preview":"max-image-preview:large","max-video-preview":"max-video-preview:-1"},"canonical":"https:\/\/nhkmachineryparts.com\/nl\/product\/stelvoeten-in-gesloten-hygienische-designplank-met-vloerborgplaat-met-spindel-met-beschermhuls\/","og_locale":"nl_NL","og_type":"article","og_title":"3-A authorized levelling feet with floor lock plate\u00a0 | NHK Machinery Parts","og_description":"Experience the perfect synergy of stability and sanitation in high-demand environments. Levelling feet guarantee precision and compliance in application.","og_url":"https:\/\/nhkmachineryparts.com\/nl\/product\/stelvoeten-in-gesloten-hygienische-designplank-met-vloerborgplaat-met-spindel-met-beschermhuls\/","og_site_name":"NHK Machinery Parts","article_publisher":"https:\/\/www.facebook.com\/NHK.Group.aps","article_modified_time":"2026-02-27T14:03:54+00:00","og_image":[{"width":1000,"height":1000,"url":"https:\/\/nhkmachineryparts.com\/wp-content\/uploads\/2023\/01\/Levelling-feet-in-sealed-hygienic-design-SHLF-with-floor-lock-plate-and-spindle-with-protecting-sleeve-1.jpg","type":"image\/jpeg"}],"twitter_card":"summary_large_image","twitter_misc":{"Geschatte leestijd":"4 minuten"},"schema":{"@context":"https:\/\/schema.org","@graph":[{"@type":"WebPage","@id":"https:\/\/nhkmachineryparts.com\/product\/levelling-feet-in-sealed-hygienic-design-shlf-with-floor-lock-plate-with-spindle-with-protecting-sleeve\/","url":"https:\/\/nhkmachineryparts.com\/product\/levelling-feet-in-sealed-hygienic-design-shlf-with-floor-lock-plate-with-spindle-with-protecting-sleeve\/","name":"3-A authorized levelling feet with floor lock plate\u00a0 | NHK Machinery Parts","isPartOf":{"@id":"https:\/\/nhkmachineryparts.com\/#website"},"primaryImageOfPage":{"@id":"https:\/\/nhkmachineryparts.com\/product\/levelling-feet-in-sealed-hygienic-design-shlf-with-floor-lock-plate-with-spindle-with-protecting-sleeve\/#primaryimage"},"image":{"@id":"https:\/\/nhkmachineryparts.com\/product\/levelling-feet-in-sealed-hygienic-design-shlf-with-floor-lock-plate-with-spindle-with-protecting-sleeve\/#primaryimage"},"thumbnailUrl":"https:\/\/nhkmachineryparts.com\/wp-content\/uploads\/2023\/01\/Levelling-feet-in-sealed-hygienic-design-SHLF-with-floor-lock-plate-and-spindle-with-protecting-sleeve-1.jpg","datePublished":"2023-01-07T20:48:15+00:00","dateModified":"2026-02-27T14:03:54+00:00","description":"Ervaar de perfecte synergie van stabiliteit en hygi\u00ebne in veeleisende omgevingen. Stelvoeten garanderen precisie en naleving bij toepassing.","breadcrumb":{"@id":"https:\/\/nhkmachineryparts.com\/product\/levelling-feet-in-sealed-hygienic-design-shlf-with-floor-lock-plate-with-spindle-with-protecting-sleeve\/#breadcrumb"},"inLanguage":"nl-NL","potentialAction":[{"@type":"ReadAction","target":["https:\/\/nhkmachineryparts.com\/product\/levelling-feet-in-sealed-hygienic-design-shlf-with-floor-lock-plate-with-spindle-with-protecting-sleeve\/"]}]},{"@type":"ImageObject","inLanguage":"nl-NL","@id":"https:\/\/nhkmachineryparts.com\/product\/levelling-feet-in-sealed-hygienic-design-shlf-with-floor-lock-plate-with-spindle-with-protecting-sleeve\/#primaryimage","url":"https:\/\/nhkmachineryparts.com\/wp-content\/uploads\/2023\/01\/Levelling-feet-in-sealed-hygienic-design-SHLF-with-floor-lock-plate-and-spindle-with-protecting-sleeve-1.jpg","contentUrl":"https:\/\/nhkmachineryparts.com\/wp-content\/uploads\/2023\/01\/Levelling-feet-in-sealed-hygienic-design-SHLF-with-floor-lock-plate-and-spindle-with-protecting-sleeve-1.jpg","width":1000,"height":1000,"caption":"Levelling feet in sealed hygienic design SHLF with floor lock plate and spindle with protecting sleeve"},{"@type":"BreadcrumbList","@id":"https:\/\/nhkmachineryparts.com\/product\/levelling-feet-in-sealed-hygienic-design-shlf-with-floor-lock-plate-with-spindle-with-protecting-sleeve\/#breadcrumb","itemListElement":[{"@type":"ListItem","position":1,"name":"Home","item":"https:\/\/nhkmachineryparts.com\/"},{"@type":"ListItem","position":2,"name":"Product line","item":"https:\/\/nhkmachineryparts.com\/product-line\/"},{"@type":"ListItem","position":3,"name":"Certified EHEDG standard components","item":"https:\/\/nhkmachineryparts.com\/product-line\/ehedg-certified-3a-ssi-standard-components\/"},{"@type":"ListItem","position":4,"name":"3-A authorized levelling feet with floor lock plate\u00a0"}]},{"@type":"WebSite","@id":"https:\/\/nhkmachineryparts.com\/#website","url":"https:\/\/nhkmachineryparts.com\/","name":"NHK-machineonderdelen","description":"Lagerhuizen, seismische stelvoeten en stelwielen","publisher":{"@id":"https:\/\/nhkmachineryparts.com\/#organization"},"potentialAction":[{"@type":"SearchAction","target":{"@type":"EntryPoint","urlTemplate":"https:\/\/nhkmachineryparts.com\/?s={search_term_string}"},"query-input":{"@type":"PropertyValueSpecification","valueRequired":true,"valueName":"search_term_string"}}],"inLanguage":"nl-NL"},{"@type":"Organization","@id":"https:\/\/nhkmachineryparts.com\/#organization","name":"Nhk Groep ApS","url":"https:\/\/nhkmachineryparts.com\/","logo":{"@type":"ImageObject","inLanguage":"nl-NL","@id":"https:\/\/nhkmachineryparts.com\/#\/schema\/logo\/image\/","url":"https:\/\/nhkmachineryparts.com\/wp-content\/uploads\/2022\/09\/NHKgroup_social.jpg","contentUrl":"https:\/\/nhkmachineryparts.com\/wp-content\/uploads\/2022\/09\/NHKgroup_social.jpg","width":1200,"height":630,"caption":"Nhk Group ApS"},"image":{"@id":"https:\/\/nhkmachineryparts.com\/#\/schema\/logo\/image\/"},"sameAs":["https:\/\/www.facebook.com\/NHK.Group.aps"]}]}},"_links":{"self":[{"href":"https:\/\/nhkmachineryparts.com\/nl\/wp-json\/wp\/v2\/product\/2920","targetHints":{"allow":["GET"]}}],"collection":[{"href":"https:\/\/nhkmachineryparts.com\/nl\/wp-json\/wp\/v2\/product"}],"about":[{"href":"https:\/\/nhkmachineryparts.com\/nl\/wp-json\/wp\/v2\/types\/product"}],"wp:featuredmedia":[{"embeddable":true,"href":"https:\/\/nhkmachineryparts.com\/nl\/wp-json\/wp\/v2\/media\/8508"}],"wp:attachment":[{"href":"https:\/\/nhkmachineryparts.com\/nl\/wp-json\/wp\/v2\/media?parent=2920"}],"wp:term":[{"taxonomy":"product_brand","embeddable":true,"href":"https:\/\/nhkmachineryparts.com\/nl\/wp-json\/wp\/v2\/product_brand?post=2920"},{"taxonomy":"product_cat","embeddable":true,"href":"https:\/\/nhkmachineryparts.com\/nl\/wp-json\/wp\/v2\/product_cat?post=2920"},{"taxonomy":"product_tag","embeddable":true,"href":"https:\/\/nhkmachineryparts.com\/nl\/wp-json\/wp\/v2\/product_tag?post=2920"}],"curies":[{"name":"wp","href":"https:\/\/api.w.org\/{rel}","templated":true}]}}