{"id":1904,"date":"2022-09-26T19:44:23","date_gmt":"2022-09-26T19:44:23","guid":{"rendered":"https:\/\/nhkmachineryparts.pawsfabrik.dk\/?post_type=product&#038;p=1904"},"modified":"2026-02-23T14:49:28","modified_gmt":"2026-02-23T12:49:28","slug":"295-rugafdichting-voor-mini-roestvrijstalen-lagereenheid","status":"publish","type":"product","link":"https:\/\/nhkmachineryparts.com\/nl\/product\/295-back-seal-for-mini-stainless-bearing-unit\/","title":{"rendered":"Achterafdichting voor mini roestvrijstalen lagereenheid"},"content":{"rendered":"<section class=\"vc_row vc_custom_1662993827263 liquid-row-shadowbox-69d510438a793 vc_column-gap-0\"><div class=\"ld-container container\"><div class=\"row ld-row ld-row-outer\"><div class=\"wpb_column vc_column_container vc_col-sm-12 liquid-column-69d510438a8fd\"><div class=\"vc_column-inner\" ><div class=\"wpb_wrapper\"  >\n\t<div class=\"wpb_text_column wpb_content_element\" >\n\t\t<div class=\"wpb_wrapper\">\n\t\t\t<h2>Mini roestvrijstalen lagereenheid achterafdichting (BS)<\/h2>\n<ul>\n<li>Roestvrije lagerunit-achterafdichting in zwart<\/li>\n<li>Materiaal rugafdichting: NBR-rubber<\/li>\n<li>Achterafdichting TC (dubbele lip)<\/li>\n<li>Achterafdichting met roestvrijstalen veer<\/li>\n<\/ul>\n<h2>Achterafdichting voor mini roestvrijstalen lagereenheid (BS) beschikbare maten<\/h2>\n<table width=\"236\">\n<tbody>\n<tr>\n<td width=\"118\">Asdiameter<\/td>\n<td width=\"118\">Catalogusnr.<\/td>\n<\/tr>\n<tr>\n<td width=\"118\" data-label=\"Shaft Diameter\">\u00d810mm<\/td>\n<td width=\"118\" data-label=\"Catalog No.\">BS 200<\/td>\n<\/tr>\n<tr>\n<td width=\"118\" data-label=\"Shaft Diameter\">\u00d812 mm<\/td>\n<td width=\"118\" data-label=\"Catalog No.\">BS 201<\/td>\n<\/tr>\n<tr>\n<td width=\"118\" data-label=\"Shaft Diameter\">\u00d815mm<\/td>\n<td width=\"118\" data-label=\"Catalog No.\">BS 202<\/td>\n<\/tr>\n<tr>\n<td width=\"118\" data-label=\"Shaft Diameter\">\u00d817 mm<\/td>\n<td width=\"118\" data-label=\"Catalog No.\">BS 203<\/td>\n<\/tr>\n<tr>\n<td width=\"118\" data-label=\"Shaft Diameter\">\u00d820mm<\/td>\n<td width=\"118\" data-label=\"Catalog No.\">BS 204<\/td>\n<\/tr>\n<tr>\n<td width=\"118\" data-label=\"Shaft Diameter\">\u00d825 mm<\/td>\n<td width=\"118\" data-label=\"Catalog No.\">BS 205<\/td>\n<\/tr>\n<tr>\n<td width=\"118\" data-label=\"Shaft Diameter\">\u00d830mm<\/td>\n<td width=\"118\" data-label=\"Catalog No.\">BS 206<\/td>\n<\/tr>\n<tr>\n<td width=\"118\" data-label=\"Shaft Diameter\">\u00d835mm<\/td>\n<td width=\"118\" data-label=\"Catalog No.\">BS 207<\/td>\n<\/tr>\n<\/tbody>\n<\/table>\n\n\t\t<\/div>\n\t<\/div>\n<\/div><\/div><\/div><\/div><\/div><\/section>","protected":false},"excerpt":{"rendered":"Mini stainless steel bearing unit back seal (BS) Stainless bearing unit back seal in black Back seal material: NBR Rubber Back seal TC (Double lip) Back seal with stainless steel spring Back seal for mini stainless steel bearing unit (BS) available sizes Shaft Diameter Catalog No. \u00d810 mm BS 200 \u00d812 mm BS 201 \u00d815 [...]","protected":false},"featured_media":11568,"template":"","meta":[],"product_brand":[],"product_cat":[55],"product_tag":[],"class_list":{"0":"post-1904","1":"product","2":"type-product","3":"status-publish","4":"has-post-thumbnail","6":"product_cat-mini-bearing-units-in-stainless-steel","8":"first","9":"instock","10":"shipping-taxable","11":"product-type-simple"},"yoast_head":"<!-- This site is optimized with the Yoast SEO plugin v27.3 - https:\/\/yoast.com\/product\/yoast-seo-wordpress\/ -->\n<title>Back seal for mini stainless steel bearing unit | NHK Machinery Parts<\/title>\n<meta name=\"description\" content=\"The back seal for mini stainless steel bearing unit is suitable for the food industry and other demanding environments, due to the hygienic design\" \/>\n<meta name=\"robots\" content=\"index, follow, max-snippet:-1, max-image-preview:large, max-video-preview:-1\" \/>\n<link rel=\"canonical\" href=\"https:\/\/nhkmachineryparts.com\/nl\/product\/295-rugafdichting-voor-mini-roestvrijstalen-lagereenheid\/\" \/>\n<meta property=\"og:locale\" content=\"nl_NL\" \/>\n<meta property=\"og:type\" content=\"article\" \/>\n<meta property=\"og:title\" content=\"Back seal for mini stainless steel bearing unit | NHK Machinery Parts\" \/>\n<meta property=\"og:description\" content=\"The back seal for mini stainless steel bearing unit is suitable for the food industry and other demanding environments, due to the hygienic design\" \/>\n<meta property=\"og:url\" content=\"https:\/\/nhkmachineryparts.com\/nl\/product\/295-rugafdichting-voor-mini-roestvrijstalen-lagereenheid\/\" \/>\n<meta property=\"og:site_name\" content=\"NHK Machinery Parts\" \/>\n<meta property=\"article:publisher\" content=\"https:\/\/www.facebook.com\/NHK.Group.aps\" \/>\n<meta property=\"article:modified_time\" content=\"2026-02-23T12:49:28+00:00\" \/>\n<meta property=\"og:image\" content=\"https:\/\/nhkmachineryparts.com\/wp-content\/uploads\/2022\/09\/Blue-back-seal-for-stainless-bearing-unit.jpg\" \/>\n\t<meta property=\"og:image:width\" content=\"1000\" \/>\n\t<meta property=\"og:image:height\" content=\"1000\" \/>\n\t<meta property=\"og:image:type\" content=\"image\/jpeg\" \/>\n<meta name=\"twitter:card\" content=\"summary_large_image\" \/>\n<meta name=\"twitter:label1\" content=\"Geschatte leestijd\" \/>\n\t<meta name=\"twitter:data1\" content=\"1 minuut\" \/>\n<script type=\"application\/ld+json\" class=\"yoast-schema-graph\">{\"@context\":\"https:\\\/\\\/schema.org\",\"@graph\":[{\"@type\":\"WebPage\",\"@id\":\"https:\\\/\\\/nhkmachineryparts.com\\\/product\\\/295-back-seal-for-mini-stainless-bearing-unit\\\/\",\"url\":\"https:\\\/\\\/nhkmachineryparts.com\\\/product\\\/295-back-seal-for-mini-stainless-bearing-unit\\\/\",\"name\":\"Back seal for mini stainless steel bearing unit | NHK Machinery Parts\",\"isPartOf\":{\"@id\":\"https:\\\/\\\/nhkmachineryparts.com\\\/#website\"},\"primaryImageOfPage\":{\"@id\":\"https:\\\/\\\/nhkmachineryparts.com\\\/product\\\/295-back-seal-for-mini-stainless-bearing-unit\\\/#primaryimage\"},\"image\":{\"@id\":\"https:\\\/\\\/nhkmachineryparts.com\\\/product\\\/295-back-seal-for-mini-stainless-bearing-unit\\\/#primaryimage\"},\"thumbnailUrl\":\"https:\\\/\\\/nhkmachineryparts.com\\\/wp-content\\\/uploads\\\/2022\\\/09\\\/Blue-back-seal-for-stainless-bearing-unit.jpg\",\"datePublished\":\"2022-09-26T19:44:23+00:00\",\"dateModified\":\"2026-02-23T12:49:28+00:00\",\"description\":\"The back seal for mini stainless steel bearing unit is suitable for the food industry and other demanding environments, due to the hygienic design\",\"breadcrumb\":{\"@id\":\"https:\\\/\\\/nhkmachineryparts.com\\\/product\\\/295-back-seal-for-mini-stainless-bearing-unit\\\/#breadcrumb\"},\"inLanguage\":\"nl-NL\",\"potentialAction\":[{\"@type\":\"ReadAction\",\"target\":[\"https:\\\/\\\/nhkmachineryparts.com\\\/product\\\/295-back-seal-for-mini-stainless-bearing-unit\\\/\"]}]},{\"@type\":\"ImageObject\",\"inLanguage\":\"nl-NL\",\"@id\":\"https:\\\/\\\/nhkmachineryparts.com\\\/product\\\/295-back-seal-for-mini-stainless-bearing-unit\\\/#primaryimage\",\"url\":\"https:\\\/\\\/nhkmachineryparts.com\\\/wp-content\\\/uploads\\\/2022\\\/09\\\/Blue-back-seal-for-stainless-bearing-unit.jpg\",\"contentUrl\":\"https:\\\/\\\/nhkmachineryparts.com\\\/wp-content\\\/uploads\\\/2022\\\/09\\\/Blue-back-seal-for-stainless-bearing-unit.jpg\",\"width\":1000,\"height\":1000,\"caption\":\"Blue back seal for stainless bearing unit\"},{\"@type\":\"BreadcrumbList\",\"@id\":\"https:\\\/\\\/nhkmachineryparts.com\\\/product\\\/295-back-seal-for-mini-stainless-bearing-unit\\\/#breadcrumb\",\"itemListElement\":[{\"@type\":\"ListItem\",\"position\":1,\"name\":\"Home\",\"item\":\"https:\\\/\\\/nhkmachineryparts.com\\\/\"},{\"@type\":\"ListItem\",\"position\":2,\"name\":\"Product line\",\"item\":\"https:\\\/\\\/nhkmachineryparts.com\\\/product-line\\\/\"},{\"@type\":\"ListItem\",\"position\":3,\"name\":\"Mini Bearing Units in Stainless Steel\",\"item\":\"https:\\\/\\\/nhkmachineryparts.com\\\/product-line\\\/mini-bearing-units-in-stainless-steel\\\/\"},{\"@type\":\"ListItem\",\"position\":4,\"name\":\"Back seal for mini stainless steel bearing unit\"}]},{\"@type\":\"WebSite\",\"@id\":\"https:\\\/\\\/nhkmachineryparts.com\\\/#website\",\"url\":\"https:\\\/\\\/nhkmachineryparts.com\\\/\",\"name\":\"NHK Machinery Parts\",\"description\":\"Bearing Houses, seismic levelling feet and levelling castors\",\"publisher\":{\"@id\":\"https:\\\/\\\/nhkmachineryparts.com\\\/#organization\"},\"potentialAction\":[{\"@type\":\"SearchAction\",\"target\":{\"@type\":\"EntryPoint\",\"urlTemplate\":\"https:\\\/\\\/nhkmachineryparts.com\\\/?s={search_term_string}\"},\"query-input\":{\"@type\":\"PropertyValueSpecification\",\"valueRequired\":true,\"valueName\":\"search_term_string\"}}],\"inLanguage\":\"nl-NL\"},{\"@type\":\"Organization\",\"@id\":\"https:\\\/\\\/nhkmachineryparts.com\\\/#organization\",\"name\":\"Nhk Group ApS\",\"url\":\"https:\\\/\\\/nhkmachineryparts.com\\\/\",\"logo\":{\"@type\":\"ImageObject\",\"inLanguage\":\"nl-NL\",\"@id\":\"https:\\\/\\\/nhkmachineryparts.com\\\/#\\\/schema\\\/logo\\\/image\\\/\",\"url\":\"https:\\\/\\\/nhkmachineryparts.com\\\/wp-content\\\/uploads\\\/2022\\\/09\\\/NHKgroup_social.jpg\",\"contentUrl\":\"https:\\\/\\\/nhkmachineryparts.com\\\/wp-content\\\/uploads\\\/2022\\\/09\\\/NHKgroup_social.jpg\",\"width\":1200,\"height\":630,\"caption\":\"Nhk Group ApS\"},\"image\":{\"@id\":\"https:\\\/\\\/nhkmachineryparts.com\\\/#\\\/schema\\\/logo\\\/image\\\/\"},\"sameAs\":[\"https:\\\/\\\/www.facebook.com\\\/NHK.Group.aps\"]}]}<\/script>\n<!-- \/ Yoast SEO plugin. -->","yoast_head_json":{"title":"Rugafdichting voor mini roestvrijstalen lagereenheid | NHK-machineonderdelen","description":"De rugafdichting voor mini RVS lagerunit is vanwege het hygi\u00ebnische ontwerp geschikt voor de voedingsmiddelenindustrie en andere veeleisende omgevingen","robots":{"index":"index","follow":"follow","max-snippet":"max-snippet:-1","max-image-preview":"max-image-preview:large","max-video-preview":"max-video-preview:-1"},"canonical":"https:\/\/nhkmachineryparts.com\/nl\/product\/295-rugafdichting-voor-mini-roestvrijstalen-lagereenheid\/","og_locale":"nl_NL","og_type":"article","og_title":"Back seal for mini stainless steel bearing unit | NHK Machinery Parts","og_description":"The back seal for mini stainless steel bearing unit is suitable for the food industry and other demanding environments, due to the hygienic design","og_url":"https:\/\/nhkmachineryparts.com\/nl\/product\/295-rugafdichting-voor-mini-roestvrijstalen-lagereenheid\/","og_site_name":"NHK Machinery Parts","article_publisher":"https:\/\/www.facebook.com\/NHK.Group.aps","article_modified_time":"2026-02-23T12:49:28+00:00","og_image":[{"width":1000,"height":1000,"url":"https:\/\/nhkmachineryparts.com\/wp-content\/uploads\/2022\/09\/Blue-back-seal-for-stainless-bearing-unit.jpg","type":"image\/jpeg"}],"twitter_card":"summary_large_image","twitter_misc":{"Geschatte leestijd":"1 minuut"},"schema":{"@context":"https:\/\/schema.org","@graph":[{"@type":"WebPage","@id":"https:\/\/nhkmachineryparts.com\/product\/295-back-seal-for-mini-stainless-bearing-unit\/","url":"https:\/\/nhkmachineryparts.com\/product\/295-back-seal-for-mini-stainless-bearing-unit\/","name":"Rugafdichting voor mini roestvrijstalen lagereenheid | NHK-machineonderdelen","isPartOf":{"@id":"https:\/\/nhkmachineryparts.com\/#website"},"primaryImageOfPage":{"@id":"https:\/\/nhkmachineryparts.com\/product\/295-back-seal-for-mini-stainless-bearing-unit\/#primaryimage"},"image":{"@id":"https:\/\/nhkmachineryparts.com\/product\/295-back-seal-for-mini-stainless-bearing-unit\/#primaryimage"},"thumbnailUrl":"https:\/\/nhkmachineryparts.com\/wp-content\/uploads\/2022\/09\/Blue-back-seal-for-stainless-bearing-unit.jpg","datePublished":"2022-09-26T19:44:23+00:00","dateModified":"2026-02-23T12:49:28+00:00","description":"De rugafdichting voor mini RVS lagerunit is vanwege het hygi\u00ebnische ontwerp geschikt voor de voedingsmiddelenindustrie en andere veeleisende omgevingen","breadcrumb":{"@id":"https:\/\/nhkmachineryparts.com\/product\/295-back-seal-for-mini-stainless-bearing-unit\/#breadcrumb"},"inLanguage":"nl-NL","potentialAction":[{"@type":"ReadAction","target":["https:\/\/nhkmachineryparts.com\/product\/295-back-seal-for-mini-stainless-bearing-unit\/"]}]},{"@type":"ImageObject","inLanguage":"nl-NL","@id":"https:\/\/nhkmachineryparts.com\/product\/295-back-seal-for-mini-stainless-bearing-unit\/#primaryimage","url":"https:\/\/nhkmachineryparts.com\/wp-content\/uploads\/2022\/09\/Blue-back-seal-for-stainless-bearing-unit.jpg","contentUrl":"https:\/\/nhkmachineryparts.com\/wp-content\/uploads\/2022\/09\/Blue-back-seal-for-stainless-bearing-unit.jpg","width":1000,"height":1000,"caption":"Blue back seal for stainless bearing unit"},{"@type":"BreadcrumbList","@id":"https:\/\/nhkmachineryparts.com\/product\/295-back-seal-for-mini-stainless-bearing-unit\/#breadcrumb","itemListElement":[{"@type":"ListItem","position":1,"name":"Home","item":"https:\/\/nhkmachineryparts.com\/"},{"@type":"ListItem","position":2,"name":"Product line","item":"https:\/\/nhkmachineryparts.com\/product-line\/"},{"@type":"ListItem","position":3,"name":"Mini Bearing Units in Stainless Steel","item":"https:\/\/nhkmachineryparts.com\/product-line\/mini-bearing-units-in-stainless-steel\/"},{"@type":"ListItem","position":4,"name":"Back seal for mini stainless steel bearing unit"}]},{"@type":"WebSite","@id":"https:\/\/nhkmachineryparts.com\/#website","url":"https:\/\/nhkmachineryparts.com\/","name":"NHK-machineonderdelen","description":"Lagerhuizen, seismische stelvoeten en stelwielen","publisher":{"@id":"https:\/\/nhkmachineryparts.com\/#organization"},"potentialAction":[{"@type":"SearchAction","target":{"@type":"EntryPoint","urlTemplate":"https:\/\/nhkmachineryparts.com\/?s={search_term_string}"},"query-input":{"@type":"PropertyValueSpecification","valueRequired":true,"valueName":"search_term_string"}}],"inLanguage":"nl-NL"},{"@type":"Organization","@id":"https:\/\/nhkmachineryparts.com\/#organization","name":"Nhk Groep ApS","url":"https:\/\/nhkmachineryparts.com\/","logo":{"@type":"ImageObject","inLanguage":"nl-NL","@id":"https:\/\/nhkmachineryparts.com\/#\/schema\/logo\/image\/","url":"https:\/\/nhkmachineryparts.com\/wp-content\/uploads\/2022\/09\/NHKgroup_social.jpg","contentUrl":"https:\/\/nhkmachineryparts.com\/wp-content\/uploads\/2022\/09\/NHKgroup_social.jpg","width":1200,"height":630,"caption":"Nhk Group ApS"},"image":{"@id":"https:\/\/nhkmachineryparts.com\/#\/schema\/logo\/image\/"},"sameAs":["https:\/\/www.facebook.com\/NHK.Group.aps"]}]}},"_links":{"self":[{"href":"https:\/\/nhkmachineryparts.com\/nl\/wp-json\/wp\/v2\/product\/1904","targetHints":{"allow":["GET"]}}],"collection":[{"href":"https:\/\/nhkmachineryparts.com\/nl\/wp-json\/wp\/v2\/product"}],"about":[{"href":"https:\/\/nhkmachineryparts.com\/nl\/wp-json\/wp\/v2\/types\/product"}],"wp:featuredmedia":[{"embeddable":true,"href":"https:\/\/nhkmachineryparts.com\/nl\/wp-json\/wp\/v2\/media\/11568"}],"wp:attachment":[{"href":"https:\/\/nhkmachineryparts.com\/nl\/wp-json\/wp\/v2\/media?parent=1904"}],"wp:term":[{"taxonomy":"product_brand","embeddable":true,"href":"https:\/\/nhkmachineryparts.com\/nl\/wp-json\/wp\/v2\/product_brand?post=1904"},{"taxonomy":"product_cat","embeddable":true,"href":"https:\/\/nhkmachineryparts.com\/nl\/wp-json\/wp\/v2\/product_cat?post=1904"},{"taxonomy":"product_tag","embeddable":true,"href":"https:\/\/nhkmachineryparts.com\/nl\/wp-json\/wp\/v2\/product_tag?post=1904"}],"curies":[{"name":"wp","href":"https:\/\/api.w.org\/{rel}","templated":true}]}}