{"id":1859,"date":"2022-09-26T10:47:48","date_gmt":"2022-09-26T10:47:48","guid":{"rendered":"https:\/\/nhkmachineryparts.pawsfabrik.dk\/?post_type=product&#038;p=1859"},"modified":"2025-02-15T19:16:39","modified_gmt":"2025-02-15T17:16:39","slug":"231-thermoplastische-rugafdichting-unit","status":"publish","type":"product","link":"https:\/\/nhkmachineryparts.com\/nl\/product\/231-thermo-plastic-unit-back-seal\/","title":{"rendered":"Achterafdichting van thermoplastische lagereenheid"},"content":{"rendered":"<section class=\"vc_row vc_custom_1662993827263 liquid-row-shadowbox-69d3ca8173bb2 vc_column-gap-0\"><div class=\"ld-container container\"><div class=\"row ld-row ld-row-outer\"><div class=\"wpb_column vc_column_container vc_col-sm-12 liquid-column-69d3ca8173d38\"><div class=\"vc_column-inner\" ><div class=\"wpb_wrapper\"  >\n\t<div class=\"wpb_text_column wpb_content_element\" >\n\t\t<div class=\"wpb_wrapper\">\n\t\t\t<h2>Geoptimaliseerde afdichtingsoplossingen voor verbeterde bescherming<\/h2>\n<ul>\n<li>Thermoplastische behuizingen met achterafdichting in zwart of blauw<\/li>\n<li>Materiaal rugafdichting: NBR-rubber<\/li>\n<li>Achterafdichting TC (dubbele lip)<\/li>\n<li>Achterafdichting met roestvrijstalen veer<\/li>\n<\/ul>\n<h2>Beschikbare maten<\/h2>\n<div class=\"dcf-overflow-x-auto\" tabindex=\"0\">\n<table class=\"dcf-table dcf-table-bordered dcf-w-100%\">\n<thead>\n<tr>\n<th scope=\"col\">Asdiameter<\/th>\n<th scope=\"col\">Catalogusnr.<\/th>\n<\/tr>\n<\/thead>\n<tbody>\n<tr>\n<td data-label=\"Shaft Diameter\">\u00d820mm<\/td>\n<td data-label=\"Catalog No.\">BS 204<\/td>\n<\/tr>\n<tr>\n<td data-label=\"Shaft Diameter\">\u00d825 mm<\/td>\n<td data-label=\"Catalog No.\">BS 205<\/td>\n<\/tr>\n<tr>\n<td data-label=\"Shaft Diameter\">\u00d830mm<\/td>\n<td data-label=\"Catalog No.\">BS 206<\/td>\n<\/tr>\n<tr>\n<td data-label=\"Shaft Diameter\">\u00d835mm<\/td>\n<td data-label=\"Catalog No.\">BS 207<\/td>\n<\/tr>\n<tr>\n<td data-label=\"Shaft Diameter\">\u00d840mm<\/td>\n<td data-label=\"Catalog No.\">BS 208<\/td>\n<\/tr>\n<tr>\n<td data-label=\"Shaft Diameter\">\u00d845 mm<\/td>\n<td data-label=\"Catalog No.\">BS 209<\/td>\n<\/tr>\n<tr>\n<td data-label=\"Shaft Diameter\">\u00d850mm<\/td>\n<td data-label=\"Catalog No.\">BS 210<\/td>\n<\/tr>\n<tr>\n<td data-label=\"Shaft Diameter\">\u00d855mm<\/td>\n<td data-label=\"Catalog No.\">BS 211<\/td>\n<\/tr>\n<tr>\n<td data-label=\"Shaft Diameter\">\u00d860mm<\/td>\n<td data-label=\"Catalog No.\">BS 212<\/td>\n<\/tr>\n<\/tbody>\n<\/table>\n<h2 data-start=\"0\" data-end=\"81\"><strong data-start=\"4\" data-end=\"79\">Geoptimaliseerde afdichtingsoplossingen voor lagereenheden in IP54-composietbehuizingen<\/strong><\/h2>\n<p data-start=\"83\" data-end=\"369\">In industri\u00eble toepassingen, <strong data-start=\"111\" data-end=\"156\">lagerunits met IP54 composietbehuizing<\/strong> een cruciale rol spelen bij het garanderen van soepele en effici\u00ebnte operaties. Een van de belangrijkste aspecten van hun prestaties is <strong data-start=\"269\" data-end=\"291\">afdichtingstechnologie<\/strong>, die beschermt tegen verontreinigingen en tegelijkertijd een optimale smering behoudt.<\/p>\n<h3 data-start=\"371\" data-end=\"424\"><strong data-start=\"376\" data-end=\"422\">Het belang van afdichting in lagerunits<\/strong><\/h3>\n<p data-start=\"426\" data-end=\"761\">Afdichtingssystemen in <strong data-start=\"445\" data-end=\"486\">IP54-geclassificeerde composietlagerbehuizingen<\/strong> zijn ontworpen om te voorzien in <strong data-start=\"511\" data-end=\"558\">bescherming tegen stof en spatwater<\/strong>, waardoor ze ideaal zijn voor gematigde omgevingsomstandigheden. Deze afdichtingen voorkomen het binnendringen van <strong data-start=\"652\" data-end=\"680\">stof, vuil en vocht<\/strong>waardoor de levensduur van lagers wordt verlengd en de onderhoudsvereisten worden verminderd.<\/p>\n<h3 data-start=\"763\" data-end=\"824\"><strong data-start=\"768\" data-end=\"822\">Soorten afdichtingen voor IP54-composietlagerbehuizingen<\/strong><\/h3>\n<ol data-start=\"826\" data-end=\"1157\">\n<li data-start=\"826\" data-end=\"931\"><strong data-start=\"829\" data-end=\"846\">Contact Zeehonden<\/strong> \u2013 Biedt een betere bescherming tegen verontreinigingen, terwijl de wrijving laag blijft.<\/li>\n<li data-start=\"932\" data-end=\"1039\"><strong data-start=\"935\" data-end=\"954\">Labyrint zeehonden<\/strong> \u2013 Gebruik een contactloos ontwerp om een kronkelig pad te cre\u00ebren dat voorkomt dat deeltjes binnendringen.<\/li>\n<li data-start=\"1040\" data-end=\"1157\"><strong data-start=\"1043\" data-end=\"1056\">Lipafdichtingen<\/strong> \u2013 Gemaakt van <strong data-start=\"1069\" data-end=\"1100\">hoogwaardige elastomeren<\/strong>, wat zorgt voor een goede afdichting en een soepele rotatie.<\/li>\n<\/ol>\n<h3 data-start=\"1159\" data-end=\"1209\"><strong data-start=\"1164\" data-end=\"1207\">Voordelen van geoptimaliseerde afdichtingsoplossingen<\/strong><\/h3>\n<ul data-start=\"1211\" data-end=\"1519\">\n<li data-start=\"1211\" data-end=\"1293\"><strong data-start=\"1213\" data-end=\"1238\">Verlengde levensduur van lagers<\/strong> \u2013 Vermindert slijtage door verontreinigingen buiten te houden.<\/li>\n<li data-start=\"1294\" data-end=\"1391\"><strong data-start=\"1296\" data-end=\"1323\">Lagere onderhoudskosten<\/strong> \u2013 Minimaliseert het verlies van smeermiddel en de noodzaak van frequent onderhoud.<\/li>\n<li data-start=\"1392\" data-end=\"1519\"><strong data-start=\"1394\" data-end=\"1418\">Verbeterde prestaties<\/strong> \u2013 Zorgt voor een consistente werking in <strong data-start=\"1453\" data-end=\"1516\">voedselverwerking, transportsystemen en industri\u00eble machines<\/strong>.<\/li>\n<\/ul>\n<p data-start=\"1521\" data-end=\"1686\">De juiste keuze maken <strong data-start=\"1540\" data-end=\"1594\">afdichtingssysteem voor IP54 composiet lagerhuizen<\/strong> verbetert de duurzaamheid en effici\u00ebntie, waardoor ze een betrouwbare keuze zijn voor verschillende <a href=\"https:\/\/nhkmachineryparts.com\/nl\/our-industries\/\" data-internallinksmanager029f6b8e52c=\"4\" title=\"Onze industrie\u00ebn\">industrie\u00ebn<\/a>.<\/p>\n<\/div>\n<h2>Thermoplastische achterafdichting lagereenheid (BS)<\/h2>\n<p><a href=\"https:\/\/nhkmachineryparts.com\/nl\/product\/223-kussenblokeenheid-ppl\/\">Kussenblok PPL kogellagereenheid<\/a><br \/>\n<a href=\"https:\/\/nhkmachineryparts.com\/nl\/product\/222-vierkante-4-bouts-flenseenheid-fpl\/\">Vierkante FPL-kogellagereenheid met 4 boutenflens<\/a><br \/>\n<a href=\"https:\/\/nhkmachineryparts.com\/nl\/product\/224-ovale-2-bouts-flenseenheid-flpl\/\">Ovale FLPL-kogellagereenheid met 2 boutenflens<\/a><br \/>\n<a href=\"https:\/\/nhkmachineryparts.com\/nl\/product\/225-getapte-basiskussenblokeenheid-papl\/\">Kussenblok met getapte basis PAPL-kogellagereenheid<\/a><br \/>\n<a href=\"https:\/\/nhkmachineryparts.com\/nl\/product\/226-flenseenheid-3-bout-een-zijde-fbpl\/\">FBPL-kogellagereenheid met 3 bouten en \u00e9\u00e9n zijflens<\/a><br \/>\n<a href=\"https:\/\/nhkmachineryparts.com\/nl\/product\/292-cartridge-4-bouts-flenseenheid-fcpl\/\">Patroonflenseenheid met 4 bouten FCPL<\/a><br \/>\n<a href=\"https:\/\/nhkmachineryparts.com\/nl\/product\/227-ophangunit-hppl\/\">Blue Hanger HPPL kogellagerunit<\/a><br \/>\n<a href=\"https:\/\/nhkmachineryparts.com\/nl\/product\/228-opname-eenheid-tpl\/\">Blauwe Take-up TPL kogellagereenheid<\/a><\/p>\n\n\t\t<\/div>\n\t<\/div>\n<\/div><\/div><\/div><\/div><\/div><\/section>","protected":false},"excerpt":{"rendered":"Optimized Sealing Solutions for Enhanced Protection Thermoplastic housings back seal in black or blue Back seal material: NBR Rubber Back seal TC (Double lip) Back seal with stainless steel spring Available sizes Shaft Diameter Catalog No. \u00d820 mm BS 204 \u00d825 mm BS 205 \u00d830 mm BS 206 \u00d835 mm BS 207 \u00d840 mm BS [...]","protected":false},"featured_media":11568,"template":"","meta":[],"product_brand":[],"product_cat":[52],"product_tag":[],"class_list":{"0":"post-1859","1":"product","2":"type-product","3":"status-publish","4":"has-post-thumbnail","6":"product_cat-bearing-units-in-ip54-thermo-plastic-housing","8":"first","9":"instock","10":"shipping-taxable","11":"product-type-simple"},"yoast_head":"<!-- This site is optimized with the Yoast SEO plugin v27.3 - https:\/\/yoast.com\/product\/yoast-seo-wordpress\/ -->\n<title>Thermo plastic bearing unit back seal | Optimized Sealing Solutions | NHK Machinery Parts<\/title>\n<meta name=\"description\" content=\"The back seal for thermo plastic bearing unit is suitable for the food industry and other demanding environments, due to the hygienic design\" \/>\n<meta name=\"robots\" content=\"index, follow, max-snippet:-1, max-image-preview:large, max-video-preview:-1\" \/>\n<link rel=\"canonical\" href=\"https:\/\/nhkmachineryparts.com\/nl\/product\/231-thermoplastische-rugafdichting-unit\/\" \/>\n<meta property=\"og:locale\" content=\"nl_NL\" \/>\n<meta property=\"og:type\" content=\"article\" \/>\n<meta property=\"og:title\" content=\"Thermo plastic bearing unit back seal | Optimized Sealing Solutions | NHK Machinery Parts\" \/>\n<meta property=\"og:description\" content=\"The back seal for thermo plastic bearing unit is suitable for the food industry and other demanding environments, due to the hygienic design\" \/>\n<meta property=\"og:url\" content=\"https:\/\/nhkmachineryparts.com\/nl\/product\/231-thermoplastische-rugafdichting-unit\/\" \/>\n<meta property=\"og:site_name\" content=\"NHK Machinery Parts\" \/>\n<meta property=\"article:publisher\" content=\"https:\/\/www.facebook.com\/NHK.Group.aps\" \/>\n<meta property=\"article:modified_time\" content=\"2025-02-15T17:16:39+00:00\" \/>\n<meta property=\"og:image\" content=\"https:\/\/nhkmachineryparts.com\/wp-content\/uploads\/2022\/09\/Blue-back-seal-for-stainless-bearing-unit.jpg\" \/>\n\t<meta property=\"og:image:width\" content=\"1000\" \/>\n\t<meta property=\"og:image:height\" content=\"1000\" \/>\n\t<meta property=\"og:image:type\" content=\"image\/jpeg\" \/>\n<meta name=\"twitter:card\" content=\"summary_large_image\" \/>\n<meta name=\"twitter:label1\" content=\"Geschatte leestijd\" \/>\n\t<meta name=\"twitter:data1\" content=\"2 minuten\" \/>\n<script type=\"application\/ld+json\" class=\"yoast-schema-graph\">{\"@context\":\"https:\\\/\\\/schema.org\",\"@graph\":[{\"@type\":\"WebPage\",\"@id\":\"https:\\\/\\\/nhkmachineryparts.com\\\/product\\\/231-thermo-plastic-unit-back-seal\\\/\",\"url\":\"https:\\\/\\\/nhkmachineryparts.com\\\/product\\\/231-thermo-plastic-unit-back-seal\\\/\",\"name\":\"Thermo plastic bearing unit back seal | Optimized Sealing Solutions | NHK Machinery Parts\",\"isPartOf\":{\"@id\":\"https:\\\/\\\/nhkmachineryparts.com\\\/#website\"},\"primaryImageOfPage\":{\"@id\":\"https:\\\/\\\/nhkmachineryparts.com\\\/product\\\/231-thermo-plastic-unit-back-seal\\\/#primaryimage\"},\"image\":{\"@id\":\"https:\\\/\\\/nhkmachineryparts.com\\\/product\\\/231-thermo-plastic-unit-back-seal\\\/#primaryimage\"},\"thumbnailUrl\":\"https:\\\/\\\/nhkmachineryparts.com\\\/wp-content\\\/uploads\\\/2022\\\/09\\\/Blue-back-seal-for-stainless-bearing-unit.jpg\",\"datePublished\":\"2022-09-26T10:47:48+00:00\",\"dateModified\":\"2025-02-15T17:16:39+00:00\",\"description\":\"The back seal for thermo plastic bearing unit is suitable for the food industry and other demanding environments, due to the hygienic design\",\"breadcrumb\":{\"@id\":\"https:\\\/\\\/nhkmachineryparts.com\\\/product\\\/231-thermo-plastic-unit-back-seal\\\/#breadcrumb\"},\"inLanguage\":\"nl-NL\",\"potentialAction\":[{\"@type\":\"ReadAction\",\"target\":[\"https:\\\/\\\/nhkmachineryparts.com\\\/product\\\/231-thermo-plastic-unit-back-seal\\\/\"]}]},{\"@type\":\"ImageObject\",\"inLanguage\":\"nl-NL\",\"@id\":\"https:\\\/\\\/nhkmachineryparts.com\\\/product\\\/231-thermo-plastic-unit-back-seal\\\/#primaryimage\",\"url\":\"https:\\\/\\\/nhkmachineryparts.com\\\/wp-content\\\/uploads\\\/2022\\\/09\\\/Blue-back-seal-for-stainless-bearing-unit.jpg\",\"contentUrl\":\"https:\\\/\\\/nhkmachineryparts.com\\\/wp-content\\\/uploads\\\/2022\\\/09\\\/Blue-back-seal-for-stainless-bearing-unit.jpg\",\"width\":1000,\"height\":1000,\"caption\":\"Blue back seal for stainless bearing unit\"},{\"@type\":\"BreadcrumbList\",\"@id\":\"https:\\\/\\\/nhkmachineryparts.com\\\/product\\\/231-thermo-plastic-unit-back-seal\\\/#breadcrumb\",\"itemListElement\":[{\"@type\":\"ListItem\",\"position\":1,\"name\":\"Home\",\"item\":\"https:\\\/\\\/nhkmachineryparts.com\\\/\"},{\"@type\":\"ListItem\",\"position\":2,\"name\":\"Product line\",\"item\":\"https:\\\/\\\/nhkmachineryparts.com\\\/product-line\\\/\"},{\"@type\":\"ListItem\",\"position\":3,\"name\":\"Bearing units in IP54\u00a0composite housing\",\"item\":\"https:\\\/\\\/nhkmachineryparts.com\\\/product-line\\\/bearing-units-in-ip54-thermo-plastic-housing\\\/\"},{\"@type\":\"ListItem\",\"position\":4,\"name\":\"Thermo plastic bearing unit back seal\"}]},{\"@type\":\"WebSite\",\"@id\":\"https:\\\/\\\/nhkmachineryparts.com\\\/#website\",\"url\":\"https:\\\/\\\/nhkmachineryparts.com\\\/\",\"name\":\"NHK Machinery Parts\",\"description\":\"Bearing Houses, seismic levelling feet and levelling castors\",\"publisher\":{\"@id\":\"https:\\\/\\\/nhkmachineryparts.com\\\/#organization\"},\"potentialAction\":[{\"@type\":\"SearchAction\",\"target\":{\"@type\":\"EntryPoint\",\"urlTemplate\":\"https:\\\/\\\/nhkmachineryparts.com\\\/?s={search_term_string}\"},\"query-input\":{\"@type\":\"PropertyValueSpecification\",\"valueRequired\":true,\"valueName\":\"search_term_string\"}}],\"inLanguage\":\"nl-NL\"},{\"@type\":\"Organization\",\"@id\":\"https:\\\/\\\/nhkmachineryparts.com\\\/#organization\",\"name\":\"Nhk Group ApS\",\"url\":\"https:\\\/\\\/nhkmachineryparts.com\\\/\",\"logo\":{\"@type\":\"ImageObject\",\"inLanguage\":\"nl-NL\",\"@id\":\"https:\\\/\\\/nhkmachineryparts.com\\\/#\\\/schema\\\/logo\\\/image\\\/\",\"url\":\"https:\\\/\\\/nhkmachineryparts.com\\\/wp-content\\\/uploads\\\/2022\\\/09\\\/NHKgroup_social.jpg\",\"contentUrl\":\"https:\\\/\\\/nhkmachineryparts.com\\\/wp-content\\\/uploads\\\/2022\\\/09\\\/NHKgroup_social.jpg\",\"width\":1200,\"height\":630,\"caption\":\"Nhk Group ApS\"},\"image\":{\"@id\":\"https:\\\/\\\/nhkmachineryparts.com\\\/#\\\/schema\\\/logo\\\/image\\\/\"},\"sameAs\":[\"https:\\\/\\\/www.facebook.com\\\/NHK.Group.aps\"]}]}<\/script>\n<!-- \/ Yoast SEO plugin. -->","yoast_head_json":{"title":"Thermoplastische lagereenheid achterafdichting | Geoptimaliseerde afdichtingsoplossingen | NHK Machinery Parts","description":"De rugafdichting voor thermoplastische lagerunit is vanwege het hygi\u00ebnische ontwerp geschikt voor de voedingsmiddelenindustrie en andere veeleisende omgevingen","robots":{"index":"index","follow":"follow","max-snippet":"max-snippet:-1","max-image-preview":"max-image-preview:large","max-video-preview":"max-video-preview:-1"},"canonical":"https:\/\/nhkmachineryparts.com\/nl\/product\/231-thermoplastische-rugafdichting-unit\/","og_locale":"nl_NL","og_type":"article","og_title":"Thermo plastic bearing unit back seal | Optimized Sealing Solutions | NHK Machinery Parts","og_description":"The back seal for thermo plastic bearing unit is suitable for the food industry and other demanding environments, due to the hygienic design","og_url":"https:\/\/nhkmachineryparts.com\/nl\/product\/231-thermoplastische-rugafdichting-unit\/","og_site_name":"NHK Machinery Parts","article_publisher":"https:\/\/www.facebook.com\/NHK.Group.aps","article_modified_time":"2025-02-15T17:16:39+00:00","og_image":[{"width":1000,"height":1000,"url":"https:\/\/nhkmachineryparts.com\/wp-content\/uploads\/2022\/09\/Blue-back-seal-for-stainless-bearing-unit.jpg","type":"image\/jpeg"}],"twitter_card":"summary_large_image","twitter_misc":{"Geschatte leestijd":"2 minuten"},"schema":{"@context":"https:\/\/schema.org","@graph":[{"@type":"WebPage","@id":"https:\/\/nhkmachineryparts.com\/product\/231-thermo-plastic-unit-back-seal\/","url":"https:\/\/nhkmachineryparts.com\/product\/231-thermo-plastic-unit-back-seal\/","name":"Thermoplastische lagereenheid achterafdichting | Geoptimaliseerde afdichtingsoplossingen | NHK Machinery Parts","isPartOf":{"@id":"https:\/\/nhkmachineryparts.com\/#website"},"primaryImageOfPage":{"@id":"https:\/\/nhkmachineryparts.com\/product\/231-thermo-plastic-unit-back-seal\/#primaryimage"},"image":{"@id":"https:\/\/nhkmachineryparts.com\/product\/231-thermo-plastic-unit-back-seal\/#primaryimage"},"thumbnailUrl":"https:\/\/nhkmachineryparts.com\/wp-content\/uploads\/2022\/09\/Blue-back-seal-for-stainless-bearing-unit.jpg","datePublished":"2022-09-26T10:47:48+00:00","dateModified":"2025-02-15T17:16:39+00:00","description":"De rugafdichting voor thermoplastische lagerunit is vanwege het hygi\u00ebnische ontwerp geschikt voor de voedingsmiddelenindustrie en andere veeleisende omgevingen","breadcrumb":{"@id":"https:\/\/nhkmachineryparts.com\/product\/231-thermo-plastic-unit-back-seal\/#breadcrumb"},"inLanguage":"nl-NL","potentialAction":[{"@type":"ReadAction","target":["https:\/\/nhkmachineryparts.com\/product\/231-thermo-plastic-unit-back-seal\/"]}]},{"@type":"ImageObject","inLanguage":"nl-NL","@id":"https:\/\/nhkmachineryparts.com\/product\/231-thermo-plastic-unit-back-seal\/#primaryimage","url":"https:\/\/nhkmachineryparts.com\/wp-content\/uploads\/2022\/09\/Blue-back-seal-for-stainless-bearing-unit.jpg","contentUrl":"https:\/\/nhkmachineryparts.com\/wp-content\/uploads\/2022\/09\/Blue-back-seal-for-stainless-bearing-unit.jpg","width":1000,"height":1000,"caption":"Blue back seal for stainless bearing unit"},{"@type":"BreadcrumbList","@id":"https:\/\/nhkmachineryparts.com\/product\/231-thermo-plastic-unit-back-seal\/#breadcrumb","itemListElement":[{"@type":"ListItem","position":1,"name":"Home","item":"https:\/\/nhkmachineryparts.com\/"},{"@type":"ListItem","position":2,"name":"Product line","item":"https:\/\/nhkmachineryparts.com\/product-line\/"},{"@type":"ListItem","position":3,"name":"Bearing units in IP54\u00a0composite housing","item":"https:\/\/nhkmachineryparts.com\/product-line\/bearing-units-in-ip54-thermo-plastic-housing\/"},{"@type":"ListItem","position":4,"name":"Thermo plastic bearing unit back seal"}]},{"@type":"WebSite","@id":"https:\/\/nhkmachineryparts.com\/#website","url":"https:\/\/nhkmachineryparts.com\/","name":"NHK-machineonderdelen","description":"Lagerhuizen, seismische stelvoeten en stelwielen","publisher":{"@id":"https:\/\/nhkmachineryparts.com\/#organization"},"potentialAction":[{"@type":"SearchAction","target":{"@type":"EntryPoint","urlTemplate":"https:\/\/nhkmachineryparts.com\/?s={search_term_string}"},"query-input":{"@type":"PropertyValueSpecification","valueRequired":true,"valueName":"search_term_string"}}],"inLanguage":"nl-NL"},{"@type":"Organization","@id":"https:\/\/nhkmachineryparts.com\/#organization","name":"Nhk Groep ApS","url":"https:\/\/nhkmachineryparts.com\/","logo":{"@type":"ImageObject","inLanguage":"nl-NL","@id":"https:\/\/nhkmachineryparts.com\/#\/schema\/logo\/image\/","url":"https:\/\/nhkmachineryparts.com\/wp-content\/uploads\/2022\/09\/NHKgroup_social.jpg","contentUrl":"https:\/\/nhkmachineryparts.com\/wp-content\/uploads\/2022\/09\/NHKgroup_social.jpg","width":1200,"height":630,"caption":"Nhk Group ApS"},"image":{"@id":"https:\/\/nhkmachineryparts.com\/#\/schema\/logo\/image\/"},"sameAs":["https:\/\/www.facebook.com\/NHK.Group.aps"]}]}},"_links":{"self":[{"href":"https:\/\/nhkmachineryparts.com\/nl\/wp-json\/wp\/v2\/product\/1859","targetHints":{"allow":["GET"]}}],"collection":[{"href":"https:\/\/nhkmachineryparts.com\/nl\/wp-json\/wp\/v2\/product"}],"about":[{"href":"https:\/\/nhkmachineryparts.com\/nl\/wp-json\/wp\/v2\/types\/product"}],"wp:featuredmedia":[{"embeddable":true,"href":"https:\/\/nhkmachineryparts.com\/nl\/wp-json\/wp\/v2\/media\/11568"}],"wp:attachment":[{"href":"https:\/\/nhkmachineryparts.com\/nl\/wp-json\/wp\/v2\/media?parent=1859"}],"wp:term":[{"taxonomy":"product_brand","embeddable":true,"href":"https:\/\/nhkmachineryparts.com\/nl\/wp-json\/wp\/v2\/product_brand?post=1859"},{"taxonomy":"product_cat","embeddable":true,"href":"https:\/\/nhkmachineryparts.com\/nl\/wp-json\/wp\/v2\/product_cat?post=1859"},{"taxonomy":"product_tag","embeddable":true,"href":"https:\/\/nhkmachineryparts.com\/nl\/wp-json\/wp\/v2\/product_tag?post=1859"}],"curies":[{"name":"wp","href":"https:\/\/api.w.org\/{rel}","templated":true}]}}