{"id":1832,"date":"2022-09-26T10:10:50","date_gmt":"2022-09-26T10:10:50","guid":{"rendered":"https:\/\/nhkmachineryparts.pawsfabrik.dk\/?post_type=product&#038;p=1832"},"modified":"2026-02-23T14:54:05","modified_gmt":"2026-02-23T12:54:05","slug":"230-thermoplastische-eenheid-gesloten-deksel","status":"publish","type":"product","link":"https:\/\/nhkmachineryparts.com\/nl\/product\/230-thermo-plastic-unit-closed-cover\/","title":{"rendered":"Thermo-kunststof lagereenheid gesloten deksel"},"content":{"rendered":"<section class=\"vc_row vc_custom_1662993827263 liquid-row-shadowbox-69d3fb7ebf4b4 vc_column-gap-0\"><div class=\"ld-container container\"><div class=\"row ld-row ld-row-outer\"><div class=\"wpb_column vc_column_container vc_col-sm-12 liquid-column-69d3fb7ebf677\"><div class=\"vc_column-inner\" ><div class=\"wpb_wrapper\"  >\n\t<div class=\"wpb_text_column wpb_content_element\" >\n\t\t<div class=\"wpb_wrapper\">\n\t\t\t<h2>Maximale bescherming en prestaties<\/h2>\n<p>\u2013 Thermoplastische behuizingen in zwart, wit of blauw<br \/>\n\u2013 Materiaal deksel: polypropyleen<\/p>\n<h2>Beschikbare maten<\/h2>\n<div class=\"dcf-overflow-x-auto\" tabindex=\"0\">\n<table class=\"dcf-table dcf-table-bordered dcf-w-100%\">\n<thead>\n<tr>\n<th scope=\"col\">Asdiameter<\/th>\n<th scope=\"col\">Catalogusnr.<\/th>\n<\/tr>\n<\/thead>\n<tbody>\n<tr>\n<td data-label=\"Shaft Diameter\">\u00d820mm<\/td>\n<td data-label=\"Catalog No.\">CC 204<\/td>\n<\/tr>\n<tr>\n<td data-label=\"Shaft Diameter\">\u00d825 mm<\/td>\n<td data-label=\"Catalog No.\">CC 205<\/td>\n<\/tr>\n<tr>\n<td data-label=\"Shaft Diameter\">\u00d830mm<\/td>\n<td data-label=\"Catalog No.\">CC 206<\/td>\n<\/tr>\n<tr>\n<td data-label=\"Shaft Diameter\">\u00d835mm<\/td>\n<td data-label=\"Catalog No.\">CC 207<\/td>\n<\/tr>\n<tr>\n<td data-label=\"Shaft Diameter\">\u00d840mm<\/td>\n<td data-label=\"Catalog No.\">CC 208<\/td>\n<\/tr>\n<tr>\n<td data-label=\"Shaft Diameter\">\u00d845 mm<\/td>\n<td data-label=\"Catalog No.\">CC 209<\/td>\n<\/tr>\n<tr>\n<td data-label=\"Shaft Diameter\">\u00d850mm<\/td>\n<td data-label=\"Catalog No.\">CC 210<\/td>\n<\/tr>\n<tr>\n<td data-label=\"Shaft Diameter\">\u00d855mm<\/td>\n<td data-label=\"Catalog No.\">CC 211<\/td>\n<\/tr>\n<tr>\n<td data-label=\"Shaft Diameter\">\u00d860mm<\/td>\n<td data-label=\"Catalog No.\">CC 212<\/td>\n<\/tr>\n<\/tbody>\n<\/table>\n<\/div>\n<h2 data-start=\"0\" data-end=\"110\">Lagerunits in IP54-composietbehuizing met gesloten deksel<\/h2>\n<h3 data-start=\"0\" data-end=\"110\">De ideale oplossing voor industri\u00eble toepassingen<\/h3>\n<p data-start=\"112\" data-end=\"527\">Lagerunits spelen een cruciale rol bij het garanderen van soepele en effici\u00ebnte werking in industri\u00eble omgevingen. <strong data-start=\"223\" data-end=\"281\">IP54 composiet behuizing lagerunits met gesloten deksel<\/strong> bieden verbeterde bescherming, duurzaamheid en effici\u00ebntie in verschillende toepassingen. Deze units zijn ontworpen om veeleisende omstandigheden te weerstaan, waardoor ze ideaal zijn voor voedselverwerking, farmaceutica, verpakking en algemene productie <a href=\"https:\/\/nhkmachineryparts.com\/nl\/our-industries\/\" data-internallinksmanager029f6b8e52c=\"4\" title=\"Onze industrie\u00ebn\">industrie\u00ebn<\/a>.<\/p>\n<h3 data-start=\"529\" data-end=\"591\"><strong data-start=\"533\" data-end=\"589\">Belangrijkste voordelen van IP54-composietbehuizinglagerunits<\/strong><\/h3>\n<ol data-start=\"593\" data-end=\"1472\">\n<li data-start=\"593\" data-end=\"751\"><strong data-start=\"596\" data-end=\"620\">Superieure bescherming:<\/strong> De behuizing met IP54-classificatie beschermt tegen het binnendringen van stof en waterspatten, waardoor de levensduur van de lagers wordt verlengd en er minder onderhoud nodig is.<\/li>\n<li data-start=\"752\" data-end=\"919\"><strong data-start=\"755\" data-end=\"785\">Duurzame composietbehuizing:<\/strong> Composietbehuizingen zijn gemaakt van zeer sterke materialen en bieden een uitstekende weerstand tegen corrosie, chemicali\u00ebn en extreme temperaturen.<\/li>\n<li data-start=\"920\" data-end=\"1101\"><strong data-start=\"923\" data-end=\"947\">Gesloten dekselontwerp:<\/strong> De afgesloten kap voorkomt dat verontreinigingen binnendringen, waardoor het risico op voortijdige uitval wordt verkleind en een hygi\u00ebnische werking in gevoelige omgevingen wordt gewaarborgd.<\/li>\n<li data-start=\"1102\" data-end=\"1286\"><strong data-start=\"1105\" data-end=\"1142\">Lichtgewicht en stootvast:<\/strong> Vergeleken met traditionele metalen behuizingen zijn composietmaterialen lichter, terwijl ze toch een superieure mechanische sterkte en slagvastheid behouden.<\/li>\n<li data-start=\"1287\" data-end=\"1472\"><strong data-start=\"1290\" data-end=\"1318\">Kosteneffectieve oplossing:<\/strong> Dankzij hun langere levensduur en minimale onderhoudsvereisten vormen deze lagereenheden een kosteneffectief alternatief voor conventionele metalen behuizingen.<\/li>\n<\/ol>\n<h3 data-start=\"1474\" data-end=\"1518\"><strong data-start=\"1478\" data-end=\"1516\">Toepassingen in verschillende industrie\u00ebn<\/strong><\/h3>\n<ul data-start=\"1520\" data-end=\"1913\">\n<li data-start=\"1520\" data-end=\"1614\"><strong data-start=\"1522\" data-end=\"1555\">Voedsel- en drankenverwerking:<\/strong> Zorgt voor hygi\u00ebnische werkzaamheden door besmetting te voorkomen.<\/li>\n<li data-start=\"1615\" data-end=\"1706\"><strong data-start=\"1617\" data-end=\"1645\">Farmaceutische industrie:<\/strong> Behoudt de steriliteit en voldoet aan de strenge industri\u00eble regelgeving.<\/li>\n<li data-start=\"1707\" data-end=\"1814\"><strong data-start=\"1709\" data-end=\"1743\">Verpakking en materiaalbehandeling:<\/strong> Biedt soepele en betrouwbare prestaties in hogesnelheidstoepassingen.<\/li>\n<li data-start=\"1815\" data-end=\"1913\"><strong data-start=\"1817\" data-end=\"1846\">Landbouw &amp; Automatisering:<\/strong> Bestand tegen stof, vocht en wisselende temperaturen.<\/li>\n<\/ul>\n<h2 data-start=\"1915\" data-end=\"1935\"><strong data-start=\"1919\" data-end=\"1933\">Verbeter de duurzaamheid en effici\u00ebntie<\/strong><\/h2>\n<p data-start=\"1937\" data-end=\"2242\">IP54-composietbehuizingen met gesloten deksels zijn de perfecte keuze voor industrie\u00ebn die <strong data-start=\"2044\" data-end=\"2094\">duurzaamheid, hygi\u00ebne en betrouwbaarheid op lange termijn<\/strong>. Hun <strong data-start=\"2102\" data-end=\"2181\">afgedicht ontwerp, lichtgewicht constructie en corrosiebestendige eigenschappen<\/strong> maken ze onmisbaar in moderne industri\u00eble toepassingen.<\/p>\n<div class=\"dcf-overflow-x-auto\" tabindex=\"0\">\n<h2>Thermokunststof unit gesloten deksel \/ gesloten kap (CC)<\/h2>\n<p><a href=\"https:\/\/nhkmachineryparts.com\/nl\/product\/223-kussenblokeenheid-ppl\/\">Kussenblok PPL kogellagereenheid<\/a><br \/>\n<a href=\"https:\/\/nhkmachineryparts.com\/nl\/product\/222-vierkante-4-bouts-flenseenheid-fpl\/\">Vierkante FPL-kogellagereenheid met 4 boutenflens<\/a><br \/>\n<a href=\"https:\/\/nhkmachineryparts.com\/nl\/product\/224-ovale-2-bouts-flenseenheid-flpl\/\">Ovale FLPL-kogellagereenheid met 2 boutenflens<\/a><br \/>\n<a href=\"https:\/\/nhkmachineryparts.com\/nl\/product\/225-getapte-basiskussenblokeenheid-papl\/\">Kussenblok met getapte basis PAPL-kogellagereenheid<\/a><br \/>\n<a href=\"https:\/\/nhkmachineryparts.com\/nl\/product\/226-flenseenheid-3-bout-een-zijde-fbpl\/\">FBPL-kogellagereenheid met 3 bouten en \u00e9\u00e9n zijflens<\/a><br \/>\n<a href=\"https:\/\/nhkmachineryparts.com\/nl\/product\/292-cartridge-4-bouts-flenseenheid-fcpl\/\">Patroonflenseenheid met 4 bouten FCPL<\/a><br \/>\n<a href=\"https:\/\/nhkmachineryparts.com\/nl\/product\/227-ophangunit-hppl\/\">Blue Hanger HPPL kogellagerunit<\/a><br \/>\n<a href=\"https:\/\/nhkmachineryparts.com\/nl\/product\/228-opname-eenheid-tpl\/\">Blauwe Take-up TPL kogellagereenheid<\/a><\/p>\n<\/div>\n\n\t\t<\/div>\n\t<\/div>\n<\/div><\/div><\/div><\/div><\/div><\/section>","protected":false},"excerpt":{"rendered":"Maximum Protection and Performance - Thermoplastic housings cover in Black, White or Blue - Cover material: Polypropylene Available sizes Shaft Diameter Catalog No. \u00d820 mm CC 204 \u00d825 mm CC 205 \u00d830 mm CC 206 \u00d835 mm CC 207 \u00d840 mm CC 208 \u00d845 mm CC 209 \u00d850 mm CC 210 \u00d855 mm CC 211 [...]","protected":false},"featured_media":9080,"template":"","meta":[],"product_brand":[],"product_cat":[52],"product_tag":[],"class_list":{"0":"post-1832","1":"product","2":"type-product","3":"status-publish","4":"has-post-thumbnail","6":"product_cat-bearing-units-in-ip54-thermo-plastic-housing","8":"first","9":"instock","10":"shipping-taxable","11":"product-type-simple"},"yoast_head":"<!-- This site is optimized with the Yoast SEO plugin v27.3 - https:\/\/yoast.com\/product\/yoast-seo-wordpress\/ -->\n<title>Thermo plastic bearing unit closed cover | Maximum Protection | NHK Machinery Parts<\/title>\n<meta name=\"description\" content=\"The closed cover for thermo plastic bearing unit is suitable for the food industry and other demanding environments, due to the hygienic design\" \/>\n<meta name=\"robots\" content=\"index, follow, max-snippet:-1, max-image-preview:large, max-video-preview:-1\" \/>\n<link rel=\"canonical\" href=\"https:\/\/nhkmachineryparts.com\/nl\/product\/230-thermoplastische-eenheid-gesloten-deksel\/\" \/>\n<meta property=\"og:locale\" content=\"nl_NL\" \/>\n<meta property=\"og:type\" content=\"article\" \/>\n<meta property=\"og:title\" content=\"Thermo plastic bearing unit closed cover | Maximum Protection | NHK Machinery Parts\" \/>\n<meta property=\"og:description\" content=\"The closed cover for thermo plastic bearing unit is suitable for the food industry and other demanding environments, due to the hygienic design\" \/>\n<meta property=\"og:url\" content=\"https:\/\/nhkmachineryparts.com\/nl\/product\/230-thermoplastische-eenheid-gesloten-deksel\/\" \/>\n<meta property=\"og:site_name\" content=\"NHK Machinery Parts\" \/>\n<meta property=\"article:publisher\" content=\"https:\/\/www.facebook.com\/NHK.Group.aps\" \/>\n<meta property=\"article:modified_time\" content=\"2026-02-23T12:54:05+00:00\" \/>\n<meta property=\"og:image\" content=\"https:\/\/nhkmachineryparts.com\/wp-content\/uploads\/2022\/09\/Closed-blue-cover-for-stainless-bearing-unit.jpg\" \/>\n\t<meta property=\"og:image:width\" content=\"1000\" \/>\n\t<meta property=\"og:image:height\" content=\"1000\" \/>\n\t<meta property=\"og:image:type\" content=\"image\/jpeg\" \/>\n<meta name=\"twitter:card\" content=\"summary_large_image\" \/>\n<meta name=\"twitter:label1\" content=\"Geschatte leestijd\" \/>\n\t<meta name=\"twitter:data1\" content=\"2 minuten\" \/>\n<script type=\"application\/ld+json\" class=\"yoast-schema-graph\">{\"@context\":\"https:\\\/\\\/schema.org\",\"@graph\":[{\"@type\":\"WebPage\",\"@id\":\"https:\\\/\\\/nhkmachineryparts.com\\\/product\\\/230-thermo-plastic-unit-closed-cover\\\/\",\"url\":\"https:\\\/\\\/nhkmachineryparts.com\\\/product\\\/230-thermo-plastic-unit-closed-cover\\\/\",\"name\":\"Thermo plastic bearing unit closed cover | Maximum Protection | NHK Machinery Parts\",\"isPartOf\":{\"@id\":\"https:\\\/\\\/nhkmachineryparts.com\\\/#website\"},\"primaryImageOfPage\":{\"@id\":\"https:\\\/\\\/nhkmachineryparts.com\\\/product\\\/230-thermo-plastic-unit-closed-cover\\\/#primaryimage\"},\"image\":{\"@id\":\"https:\\\/\\\/nhkmachineryparts.com\\\/product\\\/230-thermo-plastic-unit-closed-cover\\\/#primaryimage\"},\"thumbnailUrl\":\"https:\\\/\\\/nhkmachineryparts.com\\\/wp-content\\\/uploads\\\/2022\\\/09\\\/Closed-blue-cover-for-stainless-bearing-unit.jpg\",\"datePublished\":\"2022-09-26T10:10:50+00:00\",\"dateModified\":\"2026-02-23T12:54:05+00:00\",\"description\":\"The closed cover for thermo plastic bearing unit is suitable for the food industry and other demanding environments, due to the hygienic design\",\"breadcrumb\":{\"@id\":\"https:\\\/\\\/nhkmachineryparts.com\\\/product\\\/230-thermo-plastic-unit-closed-cover\\\/#breadcrumb\"},\"inLanguage\":\"nl-NL\",\"potentialAction\":[{\"@type\":\"ReadAction\",\"target\":[\"https:\\\/\\\/nhkmachineryparts.com\\\/product\\\/230-thermo-plastic-unit-closed-cover\\\/\"]}]},{\"@type\":\"ImageObject\",\"inLanguage\":\"nl-NL\",\"@id\":\"https:\\\/\\\/nhkmachineryparts.com\\\/product\\\/230-thermo-plastic-unit-closed-cover\\\/#primaryimage\",\"url\":\"https:\\\/\\\/nhkmachineryparts.com\\\/wp-content\\\/uploads\\\/2022\\\/09\\\/Closed-blue-cover-for-stainless-bearing-unit.jpg\",\"contentUrl\":\"https:\\\/\\\/nhkmachineryparts.com\\\/wp-content\\\/uploads\\\/2022\\\/09\\\/Closed-blue-cover-for-stainless-bearing-unit.jpg\",\"width\":1000,\"height\":1000,\"caption\":\"Closed blue cover for stainless bearing unit\"},{\"@type\":\"BreadcrumbList\",\"@id\":\"https:\\\/\\\/nhkmachineryparts.com\\\/product\\\/230-thermo-plastic-unit-closed-cover\\\/#breadcrumb\",\"itemListElement\":[{\"@type\":\"ListItem\",\"position\":1,\"name\":\"Home\",\"item\":\"https:\\\/\\\/nhkmachineryparts.com\\\/\"},{\"@type\":\"ListItem\",\"position\":2,\"name\":\"Product line\",\"item\":\"https:\\\/\\\/nhkmachineryparts.com\\\/product-line\\\/\"},{\"@type\":\"ListItem\",\"position\":3,\"name\":\"Bearing units in IP54\u00a0composite housing\",\"item\":\"https:\\\/\\\/nhkmachineryparts.com\\\/product-line\\\/bearing-units-in-ip54-thermo-plastic-housing\\\/\"},{\"@type\":\"ListItem\",\"position\":4,\"name\":\"Thermo plastic bearing unit closed cover\"}]},{\"@type\":\"WebSite\",\"@id\":\"https:\\\/\\\/nhkmachineryparts.com\\\/#website\",\"url\":\"https:\\\/\\\/nhkmachineryparts.com\\\/\",\"name\":\"NHK Machinery Parts\",\"description\":\"Bearing Houses, seismic levelling feet and levelling castors\",\"publisher\":{\"@id\":\"https:\\\/\\\/nhkmachineryparts.com\\\/#organization\"},\"potentialAction\":[{\"@type\":\"SearchAction\",\"target\":{\"@type\":\"EntryPoint\",\"urlTemplate\":\"https:\\\/\\\/nhkmachineryparts.com\\\/?s={search_term_string}\"},\"query-input\":{\"@type\":\"PropertyValueSpecification\",\"valueRequired\":true,\"valueName\":\"search_term_string\"}}],\"inLanguage\":\"nl-NL\"},{\"@type\":\"Organization\",\"@id\":\"https:\\\/\\\/nhkmachineryparts.com\\\/#organization\",\"name\":\"Nhk Group ApS\",\"url\":\"https:\\\/\\\/nhkmachineryparts.com\\\/\",\"logo\":{\"@type\":\"ImageObject\",\"inLanguage\":\"nl-NL\",\"@id\":\"https:\\\/\\\/nhkmachineryparts.com\\\/#\\\/schema\\\/logo\\\/image\\\/\",\"url\":\"https:\\\/\\\/nhkmachineryparts.com\\\/wp-content\\\/uploads\\\/2022\\\/09\\\/NHKgroup_social.jpg\",\"contentUrl\":\"https:\\\/\\\/nhkmachineryparts.com\\\/wp-content\\\/uploads\\\/2022\\\/09\\\/NHKgroup_social.jpg\",\"width\":1200,\"height\":630,\"caption\":\"Nhk Group ApS\"},\"image\":{\"@id\":\"https:\\\/\\\/nhkmachineryparts.com\\\/#\\\/schema\\\/logo\\\/image\\\/\"},\"sameAs\":[\"https:\\\/\\\/www.facebook.com\\\/NHK.Group.aps\"]}]}<\/script>\n<!-- \/ Yoast SEO plugin. -->","yoast_head_json":{"title":"Thermoplastische lagereenheid gesloten deksel | Maximale bescherming | NHK Machinery Parts","description":"Het gesloten deksel voor thermoplastische lagerunit is vanwege het hygi\u00ebnische ontwerp geschikt voor de voedingsmiddelenindustrie en andere veeleisende omgevingen","robots":{"index":"index","follow":"follow","max-snippet":"max-snippet:-1","max-image-preview":"max-image-preview:large","max-video-preview":"max-video-preview:-1"},"canonical":"https:\/\/nhkmachineryparts.com\/nl\/product\/230-thermoplastische-eenheid-gesloten-deksel\/","og_locale":"nl_NL","og_type":"article","og_title":"Thermo plastic bearing unit closed cover | Maximum Protection | NHK Machinery Parts","og_description":"The closed cover for thermo plastic bearing unit is suitable for the food industry and other demanding environments, due to the hygienic design","og_url":"https:\/\/nhkmachineryparts.com\/nl\/product\/230-thermoplastische-eenheid-gesloten-deksel\/","og_site_name":"NHK Machinery Parts","article_publisher":"https:\/\/www.facebook.com\/NHK.Group.aps","article_modified_time":"2026-02-23T12:54:05+00:00","og_image":[{"width":1000,"height":1000,"url":"https:\/\/nhkmachineryparts.com\/wp-content\/uploads\/2022\/09\/Closed-blue-cover-for-stainless-bearing-unit.jpg","type":"image\/jpeg"}],"twitter_card":"summary_large_image","twitter_misc":{"Geschatte leestijd":"2 minuten"},"schema":{"@context":"https:\/\/schema.org","@graph":[{"@type":"WebPage","@id":"https:\/\/nhkmachineryparts.com\/product\/230-thermo-plastic-unit-closed-cover\/","url":"https:\/\/nhkmachineryparts.com\/product\/230-thermo-plastic-unit-closed-cover\/","name":"Thermoplastische lagereenheid gesloten deksel | Maximale bescherming | NHK Machinery Parts","isPartOf":{"@id":"https:\/\/nhkmachineryparts.com\/#website"},"primaryImageOfPage":{"@id":"https:\/\/nhkmachineryparts.com\/product\/230-thermo-plastic-unit-closed-cover\/#primaryimage"},"image":{"@id":"https:\/\/nhkmachineryparts.com\/product\/230-thermo-plastic-unit-closed-cover\/#primaryimage"},"thumbnailUrl":"https:\/\/nhkmachineryparts.com\/wp-content\/uploads\/2022\/09\/Closed-blue-cover-for-stainless-bearing-unit.jpg","datePublished":"2022-09-26T10:10:50+00:00","dateModified":"2026-02-23T12:54:05+00:00","description":"Het gesloten deksel voor thermoplastische lagerunit is vanwege het hygi\u00ebnische ontwerp geschikt voor de voedingsmiddelenindustrie en andere veeleisende omgevingen","breadcrumb":{"@id":"https:\/\/nhkmachineryparts.com\/product\/230-thermo-plastic-unit-closed-cover\/#breadcrumb"},"inLanguage":"nl-NL","potentialAction":[{"@type":"ReadAction","target":["https:\/\/nhkmachineryparts.com\/product\/230-thermo-plastic-unit-closed-cover\/"]}]},{"@type":"ImageObject","inLanguage":"nl-NL","@id":"https:\/\/nhkmachineryparts.com\/product\/230-thermo-plastic-unit-closed-cover\/#primaryimage","url":"https:\/\/nhkmachineryparts.com\/wp-content\/uploads\/2022\/09\/Closed-blue-cover-for-stainless-bearing-unit.jpg","contentUrl":"https:\/\/nhkmachineryparts.com\/wp-content\/uploads\/2022\/09\/Closed-blue-cover-for-stainless-bearing-unit.jpg","width":1000,"height":1000,"caption":"Closed blue cover for stainless bearing unit"},{"@type":"BreadcrumbList","@id":"https:\/\/nhkmachineryparts.com\/product\/230-thermo-plastic-unit-closed-cover\/#breadcrumb","itemListElement":[{"@type":"ListItem","position":1,"name":"Home","item":"https:\/\/nhkmachineryparts.com\/"},{"@type":"ListItem","position":2,"name":"Product line","item":"https:\/\/nhkmachineryparts.com\/product-line\/"},{"@type":"ListItem","position":3,"name":"Bearing units in IP54\u00a0composite housing","item":"https:\/\/nhkmachineryparts.com\/product-line\/bearing-units-in-ip54-thermo-plastic-housing\/"},{"@type":"ListItem","position":4,"name":"Thermo plastic bearing unit closed cover"}]},{"@type":"WebSite","@id":"https:\/\/nhkmachineryparts.com\/#website","url":"https:\/\/nhkmachineryparts.com\/","name":"NHK-machineonderdelen","description":"Lagerhuizen, seismische stelvoeten en stelwielen","publisher":{"@id":"https:\/\/nhkmachineryparts.com\/#organization"},"potentialAction":[{"@type":"SearchAction","target":{"@type":"EntryPoint","urlTemplate":"https:\/\/nhkmachineryparts.com\/?s={search_term_string}"},"query-input":{"@type":"PropertyValueSpecification","valueRequired":true,"valueName":"search_term_string"}}],"inLanguage":"nl-NL"},{"@type":"Organization","@id":"https:\/\/nhkmachineryparts.com\/#organization","name":"Nhk Groep ApS","url":"https:\/\/nhkmachineryparts.com\/","logo":{"@type":"ImageObject","inLanguage":"nl-NL","@id":"https:\/\/nhkmachineryparts.com\/#\/schema\/logo\/image\/","url":"https:\/\/nhkmachineryparts.com\/wp-content\/uploads\/2022\/09\/NHKgroup_social.jpg","contentUrl":"https:\/\/nhkmachineryparts.com\/wp-content\/uploads\/2022\/09\/NHKgroup_social.jpg","width":1200,"height":630,"caption":"Nhk Group ApS"},"image":{"@id":"https:\/\/nhkmachineryparts.com\/#\/schema\/logo\/image\/"},"sameAs":["https:\/\/www.facebook.com\/NHK.Group.aps"]}]}},"_links":{"self":[{"href":"https:\/\/nhkmachineryparts.com\/nl\/wp-json\/wp\/v2\/product\/1832","targetHints":{"allow":["GET"]}}],"collection":[{"href":"https:\/\/nhkmachineryparts.com\/nl\/wp-json\/wp\/v2\/product"}],"about":[{"href":"https:\/\/nhkmachineryparts.com\/nl\/wp-json\/wp\/v2\/types\/product"}],"wp:featuredmedia":[{"embeddable":true,"href":"https:\/\/nhkmachineryparts.com\/nl\/wp-json\/wp\/v2\/media\/9080"}],"wp:attachment":[{"href":"https:\/\/nhkmachineryparts.com\/nl\/wp-json\/wp\/v2\/media?parent=1832"}],"wp:term":[{"taxonomy":"product_brand","embeddable":true,"href":"https:\/\/nhkmachineryparts.com\/nl\/wp-json\/wp\/v2\/product_brand?post=1832"},{"taxonomy":"product_cat","embeddable":true,"href":"https:\/\/nhkmachineryparts.com\/nl\/wp-json\/wp\/v2\/product_cat?post=1832"},{"taxonomy":"product_tag","embeddable":true,"href":"https:\/\/nhkmachineryparts.com\/nl\/wp-json\/wp\/v2\/product_tag?post=1832"}],"curies":[{"name":"wp","href":"https:\/\/api.w.org\/{rel}","templated":true}]}}