{"id":12778,"date":"2024-11-09T22:42:55","date_gmt":"2024-11-09T20:42:55","guid":{"rendered":"https:\/\/nhkmachineryparts.com\/?post_type=product&#038;p=12778"},"modified":"2026-02-27T15:48:56","modified_gmt":"2026-02-27T13:48:56","slug":"hygienische-machinevoeten-met-2-vloervergrendelingsplaten-en-afgedichte-beschermde-spindel","status":"publish","type":"product","link":"https:\/\/nhkmachineryparts.com\/nl\/product\/hygienic-machine-feet-with-2-floor-locking-plates-and-sealed-protected-spindle\/","title":{"rendered":"3-A machine feet with 2 floor locking plates\u00a0"},"content":{"rendered":"<section class=\"vc_row vc_custom_1662993827263 liquid-row-shadowbox-69d3ca7fc9eaf vc_column-gap-0\"><div class=\"ld-container container\"><div class=\"row ld-row ld-row-outer\"><div class=\"wpb_column vc_column_container vc_col-sm-12 liquid-column-69d3ca7fca044\"><div class=\"vc_column-inner\" ><div class=\"wpb_wrapper\"  >\n\t<div class=\"wpb_text_column wpb_content_element\" >\n\t\t<div class=\"wpb_wrapper\">\n\t\t\t<h2>Op maat gemaakte excellentie: op maat gemaakte industri\u00eble oplossingen voor sanitaire behoeften<\/h2>\n<p><a href=\"https:\/\/nhkmachineryparts.com\/nl\/product\/301-machinevoeten-in-gesloten-hygienisch-ontwerp-shmf-met-vloerborgplaat\/\" data-internallinksmanager029f6b8e52c=\"20\" title=\"machinevoeten\">Machinevoeten<\/a> in afgesloten hygi\u00ebnisch ontwerp met rubberen onderkant voor trillingsreductie en antislipeigenschappen<br \/>\nOnze verzegelde hygi\u00ebnische machinevoeten zijn voorzien van FDA-certificaat (FDA CFR 21 177 2600) met uniek batch-ID-nummer voor traceerbaarheid van de voedselveiligheid<\/p>\n<p><a href=\"https:\/\/nhkmachineryparts.com\/nl\/winkel\/productlijn\/machine-levelling-feet-in-a-hygienic-design\/sanitary-machine-feet-with-protected-spindle\/\">Probeer onze productselector<\/a><\/p>\n<h3>Machinevoeten in afgedichte hygi\u00ebnische constructiekenmerken en voordelen<\/h3>\n<p>De afgesloten, hygi\u00ebnische machinevoetjes hebben een afgerond, hygi\u00ebnisch ontwerp en zijn daardoor eenvoudig te reinigen.<br \/>\nAfgedichte, hygi\u00ebnische machinevoeten zijn bestand tegen hellingen tot 10 graden op vloeren en apparatuur.<\/p>\n<h3>Machinevoeten van verzegelde hygi\u00ebnische designmaterialen<\/h3>\n<p>Afgedichte hygi\u00ebnische machinevoeten van gevulkaniseerd rubber met FDA-certificaat volgens FDA CFR 21 177 2600.<\/p>\n<p>Materiaalbeschrijving bodemplaat:<br \/>\nRVS Aisi 304 of Aisi 316<\/p>\n<p>Materiaalbeschrijving spindel:<br \/>\nRVS A2-70 of A4-70<\/p>\n<p>Beschrijving van het rubberbasismateriaal:<br \/>\nNBR-rubber (Nitrilrubber CAS nr. 9005-98-5)<br \/>\nFDA-certificaat volgens FDA CFR 21 177 2600<\/p>\n<p>Alle materialen zijn zeer goed bestand tegen chemicali\u00ebn en gangbare reinigingsmiddelen en tegen resistente oli\u00ebn en vetten.<\/p>\n<h3>Machinevoeten in afgedichte hygi\u00ebnische ontwerpmaten<\/h3>\n<p>Er is een breed assortiment verzegelde, hygi\u00ebnische machinevoeten verkrijgbaar, waardoor u de optimale flexibiliteit en keuze krijgt.<\/p>\n<table class=\"dcf-table dcf-table-responsive dcf-table-bordered dcf-w-100%\">\n<thead>\n<tr>\n<th scope=\"col\">Basistype<\/th>\n<th scope=\"col\">Basisdiameter D<\/th>\n<th scope=\"col\">Nom. Laden<\/th>\n<\/tr>\n<\/thead>\n<tbody>\n<tr>\n<td data-label=\"HMF Base Size\">HMF-62<\/td>\n<td data-label=\"Base Diameter D\">60 mm<\/td>\n<td data-label=\"Nom. Load \">7.000 N<\/td>\n<\/tr>\n<tr>\n<td data-label=\"HMF Base Size\">HMF-82<\/td>\n<td data-label=\"Base Diameter D\">80 mm<\/td>\n<td data-label=\"Nom. Load \">15.000 N<\/td>\n<\/tr>\n<tr>\n<td data-label=\"HMF Base Size\">HMF-102<\/td>\n<td data-label=\"Base Diameter D\">100 mm<\/td>\n<td data-label=\"Nom. Load \">20.000 N<\/td>\n<\/tr>\n<tr>\n<td data-label=\"HMF Base Size\">HMF-122<\/td>\n<td data-label=\"Base Diameter D\">120 mm<\/td>\n<td data-label=\"Nom. Load \">30.000 N<\/td>\n<\/tr>\n<\/tbody>\n<\/table>\n<p>De hygi\u00ebnische, afgesloten machinevoeten en spindels met beschermhoes zijn in een breed assortiment verkrijgbaar, wat optimale flexibiliteit en keuze biedt.<\/p>\n<div class=\"dcf-overflow-x-auto\" tabindex=\"0\">\n<table class=\"dcf-table dcf-table-bordered dcf-w-100%\">\n<caption>SHMF Spindel- en hulsdiameter<\/caption>\n<tbody>\n<tr>\n<td>M16<\/td>\n<td>M20<\/td>\n<td>M24<\/td>\n<td>M30<\/td>\n<td>M36<\/td>\n<td>M42<\/td>\n<td>M48<\/td>\n<\/tr>\n<\/tbody>\n<\/table>\n<\/div>\n<div class=\"dcf-overflow-x-auto\" tabindex=\"0\">\n<table class=\"dcf-table dcf-table-bordered dcf-w-100%\">\n<caption>SHMF Spindellengte (L) en Mouwlengte (H)<\/caption>\n<tbody>\n<tr>\n<td>L=135mm H=55mm<\/td>\n<td>Min. 80 mm tot max. 120 mm<\/td>\n<\/tr>\n<tr>\n<td>L=175mm H=75mm<\/td>\n<td>Min. 100 mm tot max. 160 mm<\/td>\n<\/tr>\n<tr>\n<td>L=215mm H=95mm<\/td>\n<td>Min. 120 mm tot max. 200 mm<\/td>\n<\/tr>\n<tr>\n<td>L=255mm H=115mm<\/td>\n<td>Min. 140 mm tot max. 240 mm<\/td>\n<\/tr>\n<tr>\n<td>L=295mm H=125mm<\/td>\n<td>Min. 180 mm tot max. 280 mm<\/td>\n<\/tr>\n<\/tbody>\n<\/table>\n<\/div>\n<p>Voor andere draadspindellengtes (L) kunt u contact met ons opnemen<br \/>\nSchroefdraad in inch is op aanvraag verkrijgbaar<br \/>\nDe draad kan ook worden aangepast volgens specifiek verzoek, ex-trapeziumdraad enz.<\/p>\n<h3>Machinevoeten in gesloten hygi\u00ebnisch ontwerp. Leveringsoptie<\/h3>\n<p>Voor grote bestellingen bieden wij aan om de basis en spindels apart te leveren<br \/>\nHet voordeel is de flexibiliteit voor de klant, die veel verschillende maten spindels gebruikt.<\/p>\n<h2>Hygi\u00ebnische machinevoeten met 2 vloervergrendelingsplaten en afgedichte beschermde spindel<\/h2>\n<h3 data-start=\"59\" data-end=\"112\">Optimale stabiliteit met dubbele vloervergrendelingsplaten<\/h3>\n<p data-start=\"113\" data-end=\"483\">Onze innovatieve hygi\u00ebnische machinevoeten zijn ontworpen voor superieure stabiliteit in veeleisende industri\u00eble omgevingen. Met twee robuuste vloervergrendelingsplaten houden deze machinevoeten zware apparatuur stevig op hun plaats. Het dubbele vergrendelingssysteem verdeelt het gewicht gelijkmatig, minimaliseert trillingen en voorkomt ongewenste bewegingen, wat zorgt voor optimale operationele veiligheid en prestaties.<\/p>\n<h3 data-start=\"485\" data-end=\"527\">Verbeterde hygi\u00ebne en eenvoudig onderhoud<\/h3>\n<p data-start=\"528\" data-end=\"944\">Onze hygi\u00ebnische machinevoeten zijn ontworpen voor schone omgevingen en zijn ideaal voor <a href=\"https:\/\/nhkmachineryparts.com\/nl\/our-industries\/\" data-internallinksmanager029f6b8e52c=\"4\" title=\"Onze industrie\u00ebn\">industrie\u00ebn<\/a> die strenge hygi\u00ebnenormen vereisen, zoals voedselverwerking, farmaceutica en cleanrooms. Het gladde, verontreinigingsbestendige oppervlakteontwerp voldoet niet alleen aan hygi\u00ebnevereisten, maar vereenvoudigt ook reiniging en onderhoud. Minder uitvaltijd en lagere onderhoudskosten zijn belangrijke voordelen van dit state-of-the-art ontwerp.<\/p>\n<h3 data-start=\"946\" data-end=\"995\">Geavanceerde afgedichte beschermde spindeltechnologie<\/h3>\n<p data-start=\"996\" data-end=\"1377\">Een belangrijk kenmerk van ons systeem is de verzegelde beschermde spindel, die is gebouwd om zware omstandigheden te doorstaan. Deze geavanceerde technologie voorkomt het binnendringen van stof, vocht en chemicali\u00ebn, waardoor de spindel in topconditie blijft. Het verzegelde ontwerp verlengt de levensduur van de apparatuur en zorgt voor consistente prestaties onder hoge stress en uitdagende omgevingen.<\/p>\n<h3 data-start=\"1379\" data-end=\"1438\">Op maat gemaakte oplossingen voor industri\u00eble excellentie<\/h3>\n<p data-start=\"1439\" data-end=\"1935\">Wij begrijpen dat elke industri\u00eble toepassing unieke eisen heeft. Daarom zijn onze hygi\u00ebnische machinevoeten beschikbaar als op maat gemaakte oplossingen die zijn afgestemd op uw specifieke behoeften. Of u nu verbeterde stabiliteit voor zware machines of geavanceerde hygi\u00ebnenormen voor gevoelige productiegebieden nodig hebt, onze op maat gemaakte opties leveren onge\u00ebvenaarde betrouwbaarheid. Investeer in onze innovatieve machinevoeten om de operationele effici\u00ebntie te verhogen, onderhoudskosten te verlagen en een lange termijn duurzaamheid in uw faciliteit te bereiken.<\/p>\n<h3 data-start=\"0\" data-end=\"57\">Innovatieve hygi\u00ebnische machinevoeten voor verbeterde stabiliteit<\/h3>\n<p data-start=\"1937\" data-end=\"2258\" data-is-last-node=\"\" data-is-only-node=\"\">Onze toewijding aan kwaliteit en precisie is duidelijk zichtbaar in elk aspect van ons machinevoetontwerp. Door engineering, dubbele vergrendelingsmechanismen en verzegelde spindeltechnologie te integreren, leveren we oplossingen die voldoen aan de hoogste industrienormen. Kies onze hygi\u00ebnische machinevoeten voor een veiligere, schonere en effici\u00ebntere werking.<\/p>\n\n\t\t<\/div>\n\t<\/div>\n<\/div><\/div><\/div><\/div><\/div><\/section>","protected":false},"excerpt":{"rendered":"Tailored Excellence: Bespoke Industrial Solutions for Sanitary Need Machine feet in sealed hygienic design with rubber base for vibration reduction and anti-slip properties Our sealed hygienic machine feet are provided with FDA certificate (FDA CFR 21 177 2600) with unique batch ID number for food safety traceability Try our product selector Machine feet in sealed [...]","protected":false},"featured_media":12779,"template":"","meta":[],"product_brand":[],"product_cat":[98],"product_tag":[],"class_list":{"0":"post-12778","1":"product","2":"type-product","3":"status-publish","4":"has-post-thumbnail","6":"product_cat-ehedg-certified-3a-ssi-standard-components","8":"first","9":"instock","10":"shipping-taxable","11":"product-type-simple"},"yoast_head":"<!-- This site is optimized with the Yoast SEO plugin v27.3 - https:\/\/yoast.com\/product\/yoast-seo-wordpress\/ -->\n<title>3-A machine feet with 2 floor locking plates\u00a0 | NHK Machinery Parts<\/title>\n<meta name=\"description\" content=\"Revolutionize your operations with hygienic machine feet engineered for unmatched stability and protection. Unmatched Stability with Hygienic Machine Feet.\" \/>\n<meta name=\"robots\" content=\"index, follow, max-snippet:-1, max-image-preview:large, max-video-preview:-1\" \/>\n<link rel=\"canonical\" href=\"https:\/\/nhkmachineryparts.com\/nl\/product\/hygienische-machinevoeten-met-2-vloervergrendelingsplaten-en-afgedichte-beschermde-spindel\/\" \/>\n<meta property=\"og:locale\" content=\"nl_NL\" \/>\n<meta property=\"og:type\" content=\"article\" \/>\n<meta property=\"og:title\" content=\"3-A machine feet with 2 floor locking plates\u00a0 | NHK Machinery Parts\" \/>\n<meta property=\"og:description\" content=\"Revolutionize your operations with hygienic machine feet engineered for unmatched stability and protection. Unmatched Stability with Hygienic Machine Feet.\" \/>\n<meta property=\"og:url\" content=\"https:\/\/nhkmachineryparts.com\/nl\/product\/hygienische-machinevoeten-met-2-vloervergrendelingsplaten-en-afgedichte-beschermde-spindel\/\" \/>\n<meta property=\"og:site_name\" content=\"NHK Machinery Parts\" \/>\n<meta property=\"article:publisher\" content=\"https:\/\/www.facebook.com\/NHK.Group.aps\" \/>\n<meta property=\"article:modified_time\" content=\"2026-02-27T13:48:56+00:00\" \/>\n<meta property=\"og:image\" content=\"https:\/\/nhkmachineryparts.com\/wp-content\/uploads\/2024\/11\/HMF-x2-3A-1.jpg\" \/>\n\t<meta property=\"og:image:width\" content=\"1000\" \/>\n\t<meta property=\"og:image:height\" content=\"1006\" \/>\n\t<meta property=\"og:image:type\" content=\"image\/jpeg\" \/>\n<meta name=\"twitter:card\" content=\"summary_large_image\" \/>\n<meta name=\"twitter:label1\" content=\"Geschatte leestijd\" \/>\n\t<meta name=\"twitter:data1\" content=\"4 minuten\" \/>\n<script type=\"application\/ld+json\" class=\"yoast-schema-graph\">{\"@context\":\"https:\\\/\\\/schema.org\",\"@graph\":[{\"@type\":\"WebPage\",\"@id\":\"https:\\\/\\\/nhkmachineryparts.com\\\/product\\\/hygienic-machine-feet-with-2-floor-locking-plates-and-sealed-protected-spindle\\\/\",\"url\":\"https:\\\/\\\/nhkmachineryparts.com\\\/product\\\/hygienic-machine-feet-with-2-floor-locking-plates-and-sealed-protected-spindle\\\/\",\"name\":\"3-A machine feet with 2 floor locking plates\u00a0 | NHK Machinery Parts\",\"isPartOf\":{\"@id\":\"https:\\\/\\\/nhkmachineryparts.com\\\/#website\"},\"primaryImageOfPage\":{\"@id\":\"https:\\\/\\\/nhkmachineryparts.com\\\/product\\\/hygienic-machine-feet-with-2-floor-locking-plates-and-sealed-protected-spindle\\\/#primaryimage\"},\"image\":{\"@id\":\"https:\\\/\\\/nhkmachineryparts.com\\\/product\\\/hygienic-machine-feet-with-2-floor-locking-plates-and-sealed-protected-spindle\\\/#primaryimage\"},\"thumbnailUrl\":\"https:\\\/\\\/nhkmachineryparts.com\\\/wp-content\\\/uploads\\\/2024\\\/11\\\/HMF-x2-3A-1.jpg\",\"datePublished\":\"2024-11-09T20:42:55+00:00\",\"dateModified\":\"2026-02-27T13:48:56+00:00\",\"description\":\"Revolutionize your operations with hygienic machine feet engineered for unmatched stability and protection. Unmatched Stability with Hygienic Machine Feet.\",\"breadcrumb\":{\"@id\":\"https:\\\/\\\/nhkmachineryparts.com\\\/product\\\/hygienic-machine-feet-with-2-floor-locking-plates-and-sealed-protected-spindle\\\/#breadcrumb\"},\"inLanguage\":\"nl-NL\",\"potentialAction\":[{\"@type\":\"ReadAction\",\"target\":[\"https:\\\/\\\/nhkmachineryparts.com\\\/product\\\/hygienic-machine-feet-with-2-floor-locking-plates-and-sealed-protected-spindle\\\/\"]}]},{\"@type\":\"ImageObject\",\"inLanguage\":\"nl-NL\",\"@id\":\"https:\\\/\\\/nhkmachineryparts.com\\\/product\\\/hygienic-machine-feet-with-2-floor-locking-plates-and-sealed-protected-spindle\\\/#primaryimage\",\"url\":\"https:\\\/\\\/nhkmachineryparts.com\\\/wp-content\\\/uploads\\\/2024\\\/11\\\/HMF-x2-3A-1.jpg\",\"contentUrl\":\"https:\\\/\\\/nhkmachineryparts.com\\\/wp-content\\\/uploads\\\/2024\\\/11\\\/HMF-x2-3A-1.jpg\",\"width\":1000,\"height\":1006,\"caption\":\"Hygienic machine feet with 2 floor locking plates\u00a0and sealed protected spindle\"},{\"@type\":\"BreadcrumbList\",\"@id\":\"https:\\\/\\\/nhkmachineryparts.com\\\/product\\\/hygienic-machine-feet-with-2-floor-locking-plates-and-sealed-protected-spindle\\\/#breadcrumb\",\"itemListElement\":[{\"@type\":\"ListItem\",\"position\":1,\"name\":\"Home\",\"item\":\"https:\\\/\\\/nhkmachineryparts.com\\\/\"},{\"@type\":\"ListItem\",\"position\":2,\"name\":\"Product line\",\"item\":\"https:\\\/\\\/nhkmachineryparts.com\\\/product-line\\\/\"},{\"@type\":\"ListItem\",\"position\":3,\"name\":\"Certified EHEDG standard components\",\"item\":\"https:\\\/\\\/nhkmachineryparts.com\\\/product-line\\\/ehedg-certified-3a-ssi-standard-components\\\/\"},{\"@type\":\"ListItem\",\"position\":4,\"name\":\"3-A machine feet with 2 floor locking plates\u00a0\"}]},{\"@type\":\"WebSite\",\"@id\":\"https:\\\/\\\/nhkmachineryparts.com\\\/#website\",\"url\":\"https:\\\/\\\/nhkmachineryparts.com\\\/\",\"name\":\"NHK Machinery Parts\",\"description\":\"Bearing Houses, seismic levelling feet and levelling castors\",\"publisher\":{\"@id\":\"https:\\\/\\\/nhkmachineryparts.com\\\/#organization\"},\"potentialAction\":[{\"@type\":\"SearchAction\",\"target\":{\"@type\":\"EntryPoint\",\"urlTemplate\":\"https:\\\/\\\/nhkmachineryparts.com\\\/?s={search_term_string}\"},\"query-input\":{\"@type\":\"PropertyValueSpecification\",\"valueRequired\":true,\"valueName\":\"search_term_string\"}}],\"inLanguage\":\"nl-NL\"},{\"@type\":\"Organization\",\"@id\":\"https:\\\/\\\/nhkmachineryparts.com\\\/#organization\",\"name\":\"Nhk Group ApS\",\"url\":\"https:\\\/\\\/nhkmachineryparts.com\\\/\",\"logo\":{\"@type\":\"ImageObject\",\"inLanguage\":\"nl-NL\",\"@id\":\"https:\\\/\\\/nhkmachineryparts.com\\\/#\\\/schema\\\/logo\\\/image\\\/\",\"url\":\"https:\\\/\\\/nhkmachineryparts.com\\\/wp-content\\\/uploads\\\/2022\\\/09\\\/NHKgroup_social.jpg\",\"contentUrl\":\"https:\\\/\\\/nhkmachineryparts.com\\\/wp-content\\\/uploads\\\/2022\\\/09\\\/NHKgroup_social.jpg\",\"width\":1200,\"height\":630,\"caption\":\"Nhk Group ApS\"},\"image\":{\"@id\":\"https:\\\/\\\/nhkmachineryparts.com\\\/#\\\/schema\\\/logo\\\/image\\\/\"},\"sameAs\":[\"https:\\\/\\\/www.facebook.com\\\/NHK.Group.aps\"]}]}<\/script>\n<!-- \/ Yoast SEO plugin. -->","yoast_head_json":{"title":"3-A machine feet with 2 floor locking plates\u00a0 | NHK Machinery Parts","description":"Revolutioneer uw werkzaamheden met hygi\u00ebnische machinevoeten die zijn ontworpen voor onge\u00ebvenaarde stabiliteit en bescherming. Onge\u00ebvenaarde stabiliteit met hygi\u00ebnische machinevoeten.","robots":{"index":"index","follow":"follow","max-snippet":"max-snippet:-1","max-image-preview":"max-image-preview:large","max-video-preview":"max-video-preview:-1"},"canonical":"https:\/\/nhkmachineryparts.com\/nl\/product\/hygienische-machinevoeten-met-2-vloervergrendelingsplaten-en-afgedichte-beschermde-spindel\/","og_locale":"nl_NL","og_type":"article","og_title":"3-A machine feet with 2 floor locking plates\u00a0 | NHK Machinery Parts","og_description":"Revolutionize your operations with hygienic machine feet engineered for unmatched stability and protection. Unmatched Stability with Hygienic Machine Feet.","og_url":"https:\/\/nhkmachineryparts.com\/nl\/product\/hygienische-machinevoeten-met-2-vloervergrendelingsplaten-en-afgedichte-beschermde-spindel\/","og_site_name":"NHK Machinery Parts","article_publisher":"https:\/\/www.facebook.com\/NHK.Group.aps","article_modified_time":"2026-02-27T13:48:56+00:00","og_image":[{"width":1000,"height":1006,"url":"https:\/\/nhkmachineryparts.com\/wp-content\/uploads\/2024\/11\/HMF-x2-3A-1.jpg","type":"image\/jpeg"}],"twitter_card":"summary_large_image","twitter_misc":{"Geschatte leestijd":"4 minuten"},"schema":{"@context":"https:\/\/schema.org","@graph":[{"@type":"WebPage","@id":"https:\/\/nhkmachineryparts.com\/product\/hygienic-machine-feet-with-2-floor-locking-plates-and-sealed-protected-spindle\/","url":"https:\/\/nhkmachineryparts.com\/product\/hygienic-machine-feet-with-2-floor-locking-plates-and-sealed-protected-spindle\/","name":"3-A machine feet with 2 floor locking plates\u00a0 | NHK Machinery Parts","isPartOf":{"@id":"https:\/\/nhkmachineryparts.com\/#website"},"primaryImageOfPage":{"@id":"https:\/\/nhkmachineryparts.com\/product\/hygienic-machine-feet-with-2-floor-locking-plates-and-sealed-protected-spindle\/#primaryimage"},"image":{"@id":"https:\/\/nhkmachineryparts.com\/product\/hygienic-machine-feet-with-2-floor-locking-plates-and-sealed-protected-spindle\/#primaryimage"},"thumbnailUrl":"https:\/\/nhkmachineryparts.com\/wp-content\/uploads\/2024\/11\/HMF-x2-3A-1.jpg","datePublished":"2024-11-09T20:42:55+00:00","dateModified":"2026-02-27T13:48:56+00:00","description":"Revolutioneer uw werkzaamheden met hygi\u00ebnische machinevoeten die zijn ontworpen voor onge\u00ebvenaarde stabiliteit en bescherming. Onge\u00ebvenaarde stabiliteit met hygi\u00ebnische machinevoeten.","breadcrumb":{"@id":"https:\/\/nhkmachineryparts.com\/product\/hygienic-machine-feet-with-2-floor-locking-plates-and-sealed-protected-spindle\/#breadcrumb"},"inLanguage":"nl-NL","potentialAction":[{"@type":"ReadAction","target":["https:\/\/nhkmachineryparts.com\/product\/hygienic-machine-feet-with-2-floor-locking-plates-and-sealed-protected-spindle\/"]}]},{"@type":"ImageObject","inLanguage":"nl-NL","@id":"https:\/\/nhkmachineryparts.com\/product\/hygienic-machine-feet-with-2-floor-locking-plates-and-sealed-protected-spindle\/#primaryimage","url":"https:\/\/nhkmachineryparts.com\/wp-content\/uploads\/2024\/11\/HMF-x2-3A-1.jpg","contentUrl":"https:\/\/nhkmachineryparts.com\/wp-content\/uploads\/2024\/11\/HMF-x2-3A-1.jpg","width":1000,"height":1006,"caption":"Hygienic machine feet with 2 floor locking plates\u00a0and sealed protected spindle"},{"@type":"BreadcrumbList","@id":"https:\/\/nhkmachineryparts.com\/product\/hygienic-machine-feet-with-2-floor-locking-plates-and-sealed-protected-spindle\/#breadcrumb","itemListElement":[{"@type":"ListItem","position":1,"name":"Home","item":"https:\/\/nhkmachineryparts.com\/"},{"@type":"ListItem","position":2,"name":"Product line","item":"https:\/\/nhkmachineryparts.com\/product-line\/"},{"@type":"ListItem","position":3,"name":"Certified EHEDG standard components","item":"https:\/\/nhkmachineryparts.com\/product-line\/ehedg-certified-3a-ssi-standard-components\/"},{"@type":"ListItem","position":4,"name":"3-A machine feet with 2 floor locking plates\u00a0"}]},{"@type":"WebSite","@id":"https:\/\/nhkmachineryparts.com\/#website","url":"https:\/\/nhkmachineryparts.com\/","name":"NHK-machineonderdelen","description":"Lagerhuizen, seismische stelvoeten en stelwielen","publisher":{"@id":"https:\/\/nhkmachineryparts.com\/#organization"},"potentialAction":[{"@type":"SearchAction","target":{"@type":"EntryPoint","urlTemplate":"https:\/\/nhkmachineryparts.com\/?s={search_term_string}"},"query-input":{"@type":"PropertyValueSpecification","valueRequired":true,"valueName":"search_term_string"}}],"inLanguage":"nl-NL"},{"@type":"Organization","@id":"https:\/\/nhkmachineryparts.com\/#organization","name":"Nhk Groep ApS","url":"https:\/\/nhkmachineryparts.com\/","logo":{"@type":"ImageObject","inLanguage":"nl-NL","@id":"https:\/\/nhkmachineryparts.com\/#\/schema\/logo\/image\/","url":"https:\/\/nhkmachineryparts.com\/wp-content\/uploads\/2022\/09\/NHKgroup_social.jpg","contentUrl":"https:\/\/nhkmachineryparts.com\/wp-content\/uploads\/2022\/09\/NHKgroup_social.jpg","width":1200,"height":630,"caption":"Nhk Group ApS"},"image":{"@id":"https:\/\/nhkmachineryparts.com\/#\/schema\/logo\/image\/"},"sameAs":["https:\/\/www.facebook.com\/NHK.Group.aps"]}]}},"_links":{"self":[{"href":"https:\/\/nhkmachineryparts.com\/nl\/wp-json\/wp\/v2\/product\/12778","targetHints":{"allow":["GET"]}}],"collection":[{"href":"https:\/\/nhkmachineryparts.com\/nl\/wp-json\/wp\/v2\/product"}],"about":[{"href":"https:\/\/nhkmachineryparts.com\/nl\/wp-json\/wp\/v2\/types\/product"}],"wp:featuredmedia":[{"embeddable":true,"href":"https:\/\/nhkmachineryparts.com\/nl\/wp-json\/wp\/v2\/media\/12779"}],"wp:attachment":[{"href":"https:\/\/nhkmachineryparts.com\/nl\/wp-json\/wp\/v2\/media?parent=12778"}],"wp:term":[{"taxonomy":"product_brand","embeddable":true,"href":"https:\/\/nhkmachineryparts.com\/nl\/wp-json\/wp\/v2\/product_brand?post=12778"},{"taxonomy":"product_cat","embeddable":true,"href":"https:\/\/nhkmachineryparts.com\/nl\/wp-json\/wp\/v2\/product_cat?post=12778"},{"taxonomy":"product_tag","embeddable":true,"href":"https:\/\/nhkmachineryparts.com\/nl\/wp-json\/wp\/v2\/product_tag?post=12778"}],"curies":[{"name":"wp","href":"https:\/\/api.w.org\/{rel}","templated":true}]}}