{"id":12776,"date":"2024-11-09T22:35:55","date_gmt":"2024-11-09T20:35:55","guid":{"rendered":"https:\/\/nhkmachineryparts.com\/?post_type=product&#038;p=12776"},"modified":"2026-02-27T16:03:33","modified_gmt":"2026-02-27T14:03:33","slug":"hygienische-stelvoeten-met-2-vloerborgplaten-en-afgedichte-beschermde-spindel","status":"publish","type":"product","link":"https:\/\/nhkmachineryparts.com\/nl\/product\/hygienic-levelling-feet-with-2-floor-locking-plates-and-sealed-protected-spindle\/","title":{"rendered":"3-A authorized levelling feet with 2 floor locking plates\u00a0"},"content":{"rendered":"<section class=\"vc_row vc_custom_1662993827263 liquid-row-shadowbox-69d3fb8be12ac vc_column-gap-0\"><div class=\"ld-container container\"><div class=\"row ld-row ld-row-outer\"><div class=\"wpb_column vc_column_container vc_col-sm-12 liquid-column-69d3fb8be1450\"><div class=\"vc_column-inner\" ><div class=\"wpb_wrapper\"  >\n\t<div class=\"wpb_text_column wpb_content_element\" >\n\t\t<div class=\"wpb_wrapper\">\n\t\t\t<h2>Verbeter de hygi\u00ebne van uw faciliteit met geavanceerde oplossingen voor nivelleringssystemen<\/h2>\n<p><a href=\"https:\/\/nhkmachineryparts.com\/nl\/product-line\/stainless-steel-solid-base-feet\/\" data-internallinksmanager029f6b8e52c=\"7\" title=\"Machine-nivelleringsvoeten met massieve bodemplaat\">Stelpoten<\/a> in afgesloten hygi\u00ebnisch ontwerp met rubberen onderkant voor trillingsreductie en antislipeigenschappen<br \/>\nOnze verzegelde <a href=\"https:\/\/nhkmachineryparts.com\/nl\/product-line\/stainless-steel-solid-base-feet\/\" data-internallinksmanager029f6b8e52c=\"17\" title=\"Machine-nivelleringsvoeten met massieve bodemplaat\">hygi\u00ebnische stelvoeten<\/a> zijn voorzien van FDA-certificaat (FDA CFR 21 177 2600) met uniek batch-ID-nummer voor traceerbaarheid van de voedselveiligheid<\/p>\n<p><a href=\"https:\/\/nhkmachineryparts.com\/shop\/product-line\/machine-levelling-feet-in-a-hygienic-design\/levelling-feet-with-fully-threaded-spindle\/\">Probeer onze productselector<\/a><\/p>\n<h3>Stelvoeten in afgedicht hygi\u00ebnisch ontwerp en voordelen<\/h3>\n<p>Verzegeld <a href=\"https:\/\/nhkmachineryparts.com\/nl\/product-line\/stainless-steel-solid-base-feet\/\" data-internallinksmanager029f6b8e52c=\"17\" title=\"Machine-nivelleringsvoeten met massieve bodemplaat\">hygi\u00ebnische stelvoeten<\/a> hebben een afgerond, hygi\u00ebnisch ontwerp waardoor ze gemakkelijk schoon te maken zijn.<br \/>\nVerzegeld <a href=\"https:\/\/nhkmachineryparts.com\/nl\/product-line\/stainless-steel-solid-base-feet\/\" data-internallinksmanager029f6b8e52c=\"17\" title=\"Machine-nivelleringsvoeten met massieve bodemplaat\">hygi\u00ebnische stelvoeten<\/a> kan omgaan met hellingen tot 10 graden op vloeren en apparatuur.<\/p>\n<h3>Stelvoeten van verzegelde hygi\u00ebnische designmaterialen<\/h3>\n<p>Verzegeld <a href=\"https:\/\/nhkmachineryparts.com\/nl\/product-line\/stainless-steel-solid-base-feet\/\" data-internallinksmanager029f6b8e52c=\"17\" title=\"Machine-nivelleringsvoeten met massieve bodemplaat\">hygi\u00ebnische stelvoeten<\/a> gevulkaniseerd rubberen onderdeel met FDA-certificaat volgens FDA CFR 21 177 2600.<\/p>\n<p>Materiaalbeschrijving bodemplaat:<br \/>\nRVS Aisi 304 of Aisi 316<\/p>\n<p>Materiaalbeschrijving spindel:<br \/>\nRVS A2-70 of A4-70<\/p>\n<p>Beschrijving van het rubberbasismateriaal:<br \/>\nNBR-rubber (Nitrilrubber CAS nr. 9005-98-5)<br \/>\nFDA-certificaat volgens FDA CFR 21 177 2600<\/p>\n<p>Alle materialen zijn zeer goed bestand tegen chemicali\u00ebn en gangbare reinigingsmiddelen en tegen resistente oli\u00ebn en vetten.<\/p>\n<h3>Stelvoeten in afgedichte hygi\u00ebnische ontwerpmaten<\/h3>\n<p>Verzegeld hygi\u00ebnisch <a href=\"https:\/\/nhkmachineryparts.com\/nl\/product\/301-machinevoeten-in-gesloten-hygienisch-ontwerp-shmf-met-vloerborgplaat\/\" data-internallinksmanager029f6b8e52c=\"20\" title=\"machinevoeten\">machinevoeten<\/a> base zijn verkrijgbaar in een breed assortiment, wat optimale flexibiliteit en keuze biedt.<\/p>\n<table class=\"dcf-table dcf-table-responsive dcf-table-bordered dcf-w-100%\">\n<thead>\n<tr>\n<th scope=\"col\">Basistype<\/th>\n<th scope=\"col\">Basisdiameter D<\/th>\n<th scope=\"col\">Nom. Laden<\/th>\n<\/tr>\n<\/thead>\n<tbody>\n<tr>\n<td data-label=\"HMF Base Size\">HLF-62<\/td>\n<td data-label=\"Base Diameter D\">60 mm<\/td>\n<td data-label=\"Nom. Load \">7.000 N<\/td>\n<\/tr>\n<tr>\n<td data-label=\"HMF Base Size\">HLF-82<\/td>\n<td data-label=\"Base Diameter D\">80 mm<\/td>\n<td data-label=\"Nom. Load \">15.000 N<\/td>\n<\/tr>\n<tr>\n<td data-label=\"HMF Base Size\">HLF-102<\/td>\n<td data-label=\"Base Diameter D\">100 mm<\/td>\n<td data-label=\"Nom. Load \">20.000 N<\/td>\n<\/tr>\n<tr>\n<td data-label=\"HMF Base Size\">HLF-122<\/td>\n<td data-label=\"Base Diameter D\">120 mm<\/td>\n<td data-label=\"Nom. Load \">30.000 N<\/td>\n<\/tr>\n<\/tbody>\n<\/table>\n<p>Verzegeld <a href=\"https:\/\/nhkmachineryparts.com\/nl\/product-line\/stainless-steel-solid-base-feet\/\" data-internallinksmanager029f6b8e52c=\"17\" title=\"Machine-nivelleringsvoeten met massieve bodemplaat\">hygi\u00ebnische stelvoeten<\/a> spindel met beschermhuls zijn verkrijgbaar in een breed assortiment, wat optimale flexibiliteit en keuze biedt.<\/p>\n<div class=\"dcf-overflow-x-auto\" tabindex=\"0\">\n<table class=\"dcf-table dcf-table-bordered dcf-w-100%\">\n<caption>SHLF Spindel- en hulsdiameter<\/caption>\n<tbody>\n<tr>\n<td>M16<\/td>\n<td>M20<\/td>\n<td>M24<\/td>\n<td>M30<\/td>\n<td>M36<\/td>\n<td>M42<\/td>\n<td>M48<\/td>\n<\/tr>\n<\/tbody>\n<\/table>\n<\/div>\n<div class=\"dcf-overflow-x-auto\" tabindex=\"0\">\n<table class=\"dcf-table dcf-table-bordered dcf-w-100%\">\n<caption>SHLF Spindellengte (L) en Mouwlengte (H)<\/caption>\n<tbody>\n<tr>\n<td>L=135mm H=55mm<\/td>\n<td>Min. 80 mm tot max. 120 mm<\/td>\n<\/tr>\n<tr>\n<td>L=175mm H=75mm<\/td>\n<td>Min. 100 mm tot max. 160 mm<\/td>\n<\/tr>\n<tr>\n<td>L=215mm H=95mm<\/td>\n<td>Min. 120 mm tot max. 200 mm<\/td>\n<\/tr>\n<tr>\n<td>L=255mm H=115mm<\/td>\n<td>Min. 140 mm tot max. 240 mm<\/td>\n<\/tr>\n<tr>\n<td>L=295mm H=125mm<\/td>\n<td>Min. 180 mm tot max. 280 mm<\/td>\n<\/tr>\n<\/tbody>\n<\/table>\n<\/div>\n<p>Voor andere draadspindellengtes (L) kunt u contact met ons opnemen<br \/>\nSchroefdraad in inch is op aanvraag verkrijgbaar<br \/>\nDe draad kan ook worden aangepast volgens specifiek verzoek, ex-trapeziumdraad enz.<\/p>\n<h3>Stelvoeten in afgedicht hygi\u00ebnisch ontwerp. Leveringsoptie<\/h3>\n<p>Voor grote bestellingen bieden wij aan om de basis en spindels apart te leveren<br \/>\nHet voordeel is de flexibiliteit voor de klant, die veel verschillende maten spindels gebruikt.<\/p>\n<h2 data-start=\"0\" data-end=\"84\">Hygi\u00ebnische stelvoeten met 2 vloervergrendelingsplaten en afgedichte beschermde spindel<\/h2>\n<h3 data-start=\"86\" data-end=\"154\">Het belang van hygi\u00ebnische nivelleringsvoeten in schone omgevingen<\/h3>\n<p data-start=\"155\" data-end=\"457\"><a href=\"https:\/\/nhkmachineryparts.com\/nl\/product-line\/stainless-steel-solid-base-feet\/\" data-internallinksmanager029f6b8e52c=\"17\" title=\"Machine-nivelleringsvoeten met massieve bodemplaat\">Hygi\u00ebnische stelvoeten<\/a> een cruciale rol spelen in <a href=\"https:\/\/nhkmachineryparts.com\/nl\/our-industries\/\" data-internallinksmanager029f6b8e52c=\"4\" title=\"Onze industrie\u00ebn\">industrie\u00ebn<\/a> waar netheid en veiligheid topprioriteiten zijn, zoals voedselverwerking, farmaceutica en biotechnologie. Deze componenten zijn ontworpen om stabiele ondersteuning te bieden en tegelijkertijd besmettingsrisico&#039;s te minimaliseren, en zorgen ervoor dat machines waterpas en veilig blijven.<\/p>\n<h3 data-start=\"459\" data-end=\"503\">Voordelen van dubbele vloervergrendelingsplaten<\/h3>\n<p data-start=\"504\" data-end=\"885\">Stelvoeten met <strong data-start=\"524\" data-end=\"552\">twee vloervergrendelingsplaten<\/strong> stabiliteit verbeteren en ongewenste bewegingen of trillingen voorkomen. Dit ontwerp is met name gunstig in omgevingen met veel verkeer, waar machines op een vaste positie moeten blijven om operationele verstoringen te voorkomen. Bovendien versterkt het dubbele vergrendelingssysteem de hygi\u00ebne door openingen te elimineren waar vuil en bacteri\u00ebn zich kunnen ophopen.<\/p>\n<h3 data-start=\"887\" data-end=\"936\">Afgedichte beschermde spindel voor maximale hygi\u00ebne<\/h3>\n<p data-start=\"937\" data-end=\"1310\">A <strong data-start=\"939\" data-end=\"967\">verzegelde beschermde spindel<\/strong> voorkomt dat vuil, vocht en verontreinigingen kritische componenten binnendringen. Deze functie vermindert de onderhoudsinspanningen aanzienlijk en verlengt de levensduur van de nivelleervoet. In industrie\u00ebn waar hygi\u00ebne van het grootste belang is, zorgt een volledig omsloten spindel voor naleving van strikte hygi\u00ebnevoorschriften, waaronder <a href=\"https:\/\/nhkmachineryparts.com\/nl\/wat-is-het-verschil-tussen-3a-en-ehedg\/\" data-internallinksmanager029f6b8e52c=\"2\" title=\"EHEDG-gecertificeerde machineonderdelen\">EHEDG<\/a> en 3-A-normen.<\/p>\n<h3 data-start=\"1312\" data-end=\"1364\">Toepassingen in de hygi\u00ebnische en industri\u00eble sector<\/h3>\n<p data-start=\"1365\" data-end=\"1641\">Deze geavanceerde nivelleringsvoeten worden veel gebruikt in voedselverwerkingslijnen, farmaceutische productiefaciliteiten en verpakkingsmachines. Hun hygi\u00ebnische ontwerp zorgt voor naleving van wettelijke vereisten, waardoor ze een vertrouwde keuze zijn voor cleanroom- en steriele omgevingen.<\/p>\n<h3 data-start=\"1643\" data-end=\"1696\">Optimaliseren van prestaties met gecertificeerde componenten<\/h3>\n<p data-start=\"1697\" data-end=\"1994\">Kies voor stelvoeten van hoogwaardig materiaal <strong data-start=\"1742\" data-end=\"1761\">roestvrij staal<\/strong> met hygi\u00ebnische afdichtingsmaterialen zorgt voor duurzaamheid en corrosiebestendigheid. In combinatie met de juiste vloerverankering en reinigingsprotocollen helpen deze componenten een effici\u00ebnte, besmettingsvrije productieomgeving te behouden.<\/p>\n<h3 data-start=\"1697\" data-end=\"1994\">Op maat gemaakte hygi\u00ebnische stelvoeten voor optimale operationele effici\u00ebntie<\/h3>\n<p data-start=\"1697\" data-end=\"1994\">De voordelen van <a href=\"https:\/\/nhkmachineryparts.com\/nl\/product-line\/stainless-steel-solid-base-feet\/\" data-internallinksmanager029f6b8e52c=\"17\" title=\"Machine-nivelleringsvoeten met massieve bodemplaat\">hygi\u00ebnische stelvoeten<\/a> met 2 vloervergrendelingsplaten en een afgedichte beschermde spindel, wat stabiliteit, duurzaamheid en conformiteit in schone omgevingen en industrie\u00ebn garandeert.<\/p>\n\n\t\t<\/div>\n\t<\/div>\n<\/div><\/div><\/div><\/div><\/div><\/section>","protected":false},"excerpt":{"rendered":"Boost Facility Hygiene with Advanced Levelling System Solutions Levelling feet in sealed hygienic design with rubber base for vibration reduction and anti-slip properties Our sealed hygienic levelling feet are provided with FDA certificate (FDA CFR 21 177 2600) with unique batch ID number for food safety traceability Try our product selector Levelling feet in sealed [...]","protected":false},"featured_media":12777,"template":"","meta":[],"product_brand":[],"product_cat":[98],"product_tag":[],"class_list":{"0":"post-12776","1":"product","2":"type-product","3":"status-publish","4":"has-post-thumbnail","6":"product_cat-ehedg-certified-3a-ssi-standard-components","8":"first","9":"instock","10":"shipping-taxable","11":"product-type-simple"},"yoast_head":"<!-- This site is optimized with the Yoast SEO plugin v27.3 - https:\/\/yoast.com\/product\/yoast-seo-wordpress\/ -->\n<title>3-A authorized levelling feet with 2 floor locking plates\u00a0<\/title>\n<meta name=\"description\" content=\"Elevate your facility\u2019s hygiene with precision-engineered levelling feet. Designed for maximum stability and performance. Ensure contamination control.\" \/>\n<meta name=\"robots\" content=\"index, follow, max-snippet:-1, max-image-preview:large, max-video-preview:-1\" \/>\n<link rel=\"canonical\" href=\"https:\/\/nhkmachineryparts.com\/nl\/product\/hygienische-stelvoeten-met-2-vloerborgplaten-en-afgedichte-beschermde-spindel\/\" \/>\n<meta property=\"og:locale\" content=\"nl_NL\" \/>\n<meta property=\"og:type\" content=\"article\" \/>\n<meta property=\"og:title\" content=\"3-A authorized levelling feet with 2 floor locking plates\u00a0\" \/>\n<meta property=\"og:description\" content=\"Elevate your facility\u2019s hygiene with precision-engineered levelling feet. Designed for maximum stability and performance. Ensure contamination control.\" \/>\n<meta property=\"og:url\" content=\"https:\/\/nhkmachineryparts.com\/nl\/product\/hygienische-stelvoeten-met-2-vloerborgplaten-en-afgedichte-beschermde-spindel\/\" \/>\n<meta property=\"og:site_name\" content=\"NHK Machinery Parts\" \/>\n<meta property=\"article:publisher\" content=\"https:\/\/www.facebook.com\/NHK.Group.aps\" \/>\n<meta property=\"article:modified_time\" content=\"2026-02-27T14:03:33+00:00\" \/>\n<meta property=\"og:image\" content=\"https:\/\/nhkmachineryparts.com\/wp-content\/uploads\/2024\/11\/HLF-x2-3A-1.jpg\" \/>\n\t<meta property=\"og:image:width\" content=\"1000\" \/>\n\t<meta property=\"og:image:height\" content=\"1000\" \/>\n\t<meta property=\"og:image:type\" content=\"image\/jpeg\" \/>\n<meta name=\"twitter:card\" content=\"summary_large_image\" \/>\n<meta name=\"twitter:label1\" content=\"Geschatte leestijd\" \/>\n\t<meta name=\"twitter:data1\" content=\"4 minuten\" \/>\n<script type=\"application\/ld+json\" class=\"yoast-schema-graph\">{\"@context\":\"https:\\\/\\\/schema.org\",\"@graph\":[{\"@type\":\"WebPage\",\"@id\":\"https:\\\/\\\/nhkmachineryparts.com\\\/product\\\/hygienic-levelling-feet-with-2-floor-locking-plates-and-sealed-protected-spindle\\\/\",\"url\":\"https:\\\/\\\/nhkmachineryparts.com\\\/product\\\/hygienic-levelling-feet-with-2-floor-locking-plates-and-sealed-protected-spindle\\\/\",\"name\":\"3-A authorized levelling feet with 2 floor locking plates\u00a0\",\"isPartOf\":{\"@id\":\"https:\\\/\\\/nhkmachineryparts.com\\\/#website\"},\"primaryImageOfPage\":{\"@id\":\"https:\\\/\\\/nhkmachineryparts.com\\\/product\\\/hygienic-levelling-feet-with-2-floor-locking-plates-and-sealed-protected-spindle\\\/#primaryimage\"},\"image\":{\"@id\":\"https:\\\/\\\/nhkmachineryparts.com\\\/product\\\/hygienic-levelling-feet-with-2-floor-locking-plates-and-sealed-protected-spindle\\\/#primaryimage\"},\"thumbnailUrl\":\"https:\\\/\\\/nhkmachineryparts.com\\\/wp-content\\\/uploads\\\/2024\\\/11\\\/HLF-x2-3A-1.jpg\",\"datePublished\":\"2024-11-09T20:35:55+00:00\",\"dateModified\":\"2026-02-27T14:03:33+00:00\",\"description\":\"Elevate your facility\u2019s hygiene with precision-engineered levelling feet. Designed for maximum stability and performance. Ensure contamination control.\",\"breadcrumb\":{\"@id\":\"https:\\\/\\\/nhkmachineryparts.com\\\/product\\\/hygienic-levelling-feet-with-2-floor-locking-plates-and-sealed-protected-spindle\\\/#breadcrumb\"},\"inLanguage\":\"nl-NL\",\"potentialAction\":[{\"@type\":\"ReadAction\",\"target\":[\"https:\\\/\\\/nhkmachineryparts.com\\\/product\\\/hygienic-levelling-feet-with-2-floor-locking-plates-and-sealed-protected-spindle\\\/\"]}]},{\"@type\":\"ImageObject\",\"inLanguage\":\"nl-NL\",\"@id\":\"https:\\\/\\\/nhkmachineryparts.com\\\/product\\\/hygienic-levelling-feet-with-2-floor-locking-plates-and-sealed-protected-spindle\\\/#primaryimage\",\"url\":\"https:\\\/\\\/nhkmachineryparts.com\\\/wp-content\\\/uploads\\\/2024\\\/11\\\/HLF-x2-3A-1.jpg\",\"contentUrl\":\"https:\\\/\\\/nhkmachineryparts.com\\\/wp-content\\\/uploads\\\/2024\\\/11\\\/HLF-x2-3A-1.jpg\",\"width\":1000,\"height\":1000,\"caption\":\"Hygienic levelling feet with 2 floor locking plates\u00a0and sealed protected spindle\"},{\"@type\":\"BreadcrumbList\",\"@id\":\"https:\\\/\\\/nhkmachineryparts.com\\\/product\\\/hygienic-levelling-feet-with-2-floor-locking-plates-and-sealed-protected-spindle\\\/#breadcrumb\",\"itemListElement\":[{\"@type\":\"ListItem\",\"position\":1,\"name\":\"Home\",\"item\":\"https:\\\/\\\/nhkmachineryparts.com\\\/\"},{\"@type\":\"ListItem\",\"position\":2,\"name\":\"Product line\",\"item\":\"https:\\\/\\\/nhkmachineryparts.com\\\/product-line\\\/\"},{\"@type\":\"ListItem\",\"position\":3,\"name\":\"Certified EHEDG standard components\",\"item\":\"https:\\\/\\\/nhkmachineryparts.com\\\/product-line\\\/ehedg-certified-3a-ssi-standard-components\\\/\"},{\"@type\":\"ListItem\",\"position\":4,\"name\":\"3-A authorized levelling feet with 2 floor locking plates\u00a0\"}]},{\"@type\":\"WebSite\",\"@id\":\"https:\\\/\\\/nhkmachineryparts.com\\\/#website\",\"url\":\"https:\\\/\\\/nhkmachineryparts.com\\\/\",\"name\":\"NHK Machinery Parts\",\"description\":\"Bearing Houses, seismic levelling feet and levelling castors\",\"publisher\":{\"@id\":\"https:\\\/\\\/nhkmachineryparts.com\\\/#organization\"},\"potentialAction\":[{\"@type\":\"SearchAction\",\"target\":{\"@type\":\"EntryPoint\",\"urlTemplate\":\"https:\\\/\\\/nhkmachineryparts.com\\\/?s={search_term_string}\"},\"query-input\":{\"@type\":\"PropertyValueSpecification\",\"valueRequired\":true,\"valueName\":\"search_term_string\"}}],\"inLanguage\":\"nl-NL\"},{\"@type\":\"Organization\",\"@id\":\"https:\\\/\\\/nhkmachineryparts.com\\\/#organization\",\"name\":\"Nhk Group ApS\",\"url\":\"https:\\\/\\\/nhkmachineryparts.com\\\/\",\"logo\":{\"@type\":\"ImageObject\",\"inLanguage\":\"nl-NL\",\"@id\":\"https:\\\/\\\/nhkmachineryparts.com\\\/#\\\/schema\\\/logo\\\/image\\\/\",\"url\":\"https:\\\/\\\/nhkmachineryparts.com\\\/wp-content\\\/uploads\\\/2022\\\/09\\\/NHKgroup_social.jpg\",\"contentUrl\":\"https:\\\/\\\/nhkmachineryparts.com\\\/wp-content\\\/uploads\\\/2022\\\/09\\\/NHKgroup_social.jpg\",\"width\":1200,\"height\":630,\"caption\":\"Nhk Group ApS\"},\"image\":{\"@id\":\"https:\\\/\\\/nhkmachineryparts.com\\\/#\\\/schema\\\/logo\\\/image\\\/\"},\"sameAs\":[\"https:\\\/\\\/www.facebook.com\\\/NHK.Group.aps\"]}]}<\/script>\n<!-- \/ Yoast SEO plugin. -->","yoast_head_json":{"title":"3-A authorized levelling feet with 2 floor locking plates\u00a0","description":"Verbeter de hygi\u00ebne van uw faciliteit met nauwkeurig ontworpen nivelleringsvoeten. Ontworpen voor maximale stabiliteit en prestaties. Zorg voor besmettingscontrole.","robots":{"index":"index","follow":"follow","max-snippet":"max-snippet:-1","max-image-preview":"max-image-preview:large","max-video-preview":"max-video-preview:-1"},"canonical":"https:\/\/nhkmachineryparts.com\/nl\/product\/hygienische-stelvoeten-met-2-vloerborgplaten-en-afgedichte-beschermde-spindel\/","og_locale":"nl_NL","og_type":"article","og_title":"3-A authorized levelling feet with 2 floor locking plates\u00a0","og_description":"Elevate your facility\u2019s hygiene with precision-engineered levelling feet. Designed for maximum stability and performance. Ensure contamination control.","og_url":"https:\/\/nhkmachineryparts.com\/nl\/product\/hygienische-stelvoeten-met-2-vloerborgplaten-en-afgedichte-beschermde-spindel\/","og_site_name":"NHK Machinery Parts","article_publisher":"https:\/\/www.facebook.com\/NHK.Group.aps","article_modified_time":"2026-02-27T14:03:33+00:00","og_image":[{"width":1000,"height":1000,"url":"https:\/\/nhkmachineryparts.com\/wp-content\/uploads\/2024\/11\/HLF-x2-3A-1.jpg","type":"image\/jpeg"}],"twitter_card":"summary_large_image","twitter_misc":{"Geschatte leestijd":"4 minuten"},"schema":{"@context":"https:\/\/schema.org","@graph":[{"@type":"WebPage","@id":"https:\/\/nhkmachineryparts.com\/product\/hygienic-levelling-feet-with-2-floor-locking-plates-and-sealed-protected-spindle\/","url":"https:\/\/nhkmachineryparts.com\/product\/hygienic-levelling-feet-with-2-floor-locking-plates-and-sealed-protected-spindle\/","name":"3-A authorized levelling feet with 2 floor locking plates\u00a0","isPartOf":{"@id":"https:\/\/nhkmachineryparts.com\/#website"},"primaryImageOfPage":{"@id":"https:\/\/nhkmachineryparts.com\/product\/hygienic-levelling-feet-with-2-floor-locking-plates-and-sealed-protected-spindle\/#primaryimage"},"image":{"@id":"https:\/\/nhkmachineryparts.com\/product\/hygienic-levelling-feet-with-2-floor-locking-plates-and-sealed-protected-spindle\/#primaryimage"},"thumbnailUrl":"https:\/\/nhkmachineryparts.com\/wp-content\/uploads\/2024\/11\/HLF-x2-3A-1.jpg","datePublished":"2024-11-09T20:35:55+00:00","dateModified":"2026-02-27T14:03:33+00:00","description":"Verbeter de hygi\u00ebne van uw faciliteit met nauwkeurig ontworpen nivelleringsvoeten. Ontworpen voor maximale stabiliteit en prestaties. Zorg voor besmettingscontrole.","breadcrumb":{"@id":"https:\/\/nhkmachineryparts.com\/product\/hygienic-levelling-feet-with-2-floor-locking-plates-and-sealed-protected-spindle\/#breadcrumb"},"inLanguage":"nl-NL","potentialAction":[{"@type":"ReadAction","target":["https:\/\/nhkmachineryparts.com\/product\/hygienic-levelling-feet-with-2-floor-locking-plates-and-sealed-protected-spindle\/"]}]},{"@type":"ImageObject","inLanguage":"nl-NL","@id":"https:\/\/nhkmachineryparts.com\/product\/hygienic-levelling-feet-with-2-floor-locking-plates-and-sealed-protected-spindle\/#primaryimage","url":"https:\/\/nhkmachineryparts.com\/wp-content\/uploads\/2024\/11\/HLF-x2-3A-1.jpg","contentUrl":"https:\/\/nhkmachineryparts.com\/wp-content\/uploads\/2024\/11\/HLF-x2-3A-1.jpg","width":1000,"height":1000,"caption":"Hygienic levelling feet with 2 floor locking plates\u00a0and sealed protected spindle"},{"@type":"BreadcrumbList","@id":"https:\/\/nhkmachineryparts.com\/product\/hygienic-levelling-feet-with-2-floor-locking-plates-and-sealed-protected-spindle\/#breadcrumb","itemListElement":[{"@type":"ListItem","position":1,"name":"Home","item":"https:\/\/nhkmachineryparts.com\/"},{"@type":"ListItem","position":2,"name":"Product line","item":"https:\/\/nhkmachineryparts.com\/product-line\/"},{"@type":"ListItem","position":3,"name":"Certified EHEDG standard components","item":"https:\/\/nhkmachineryparts.com\/product-line\/ehedg-certified-3a-ssi-standard-components\/"},{"@type":"ListItem","position":4,"name":"3-A authorized levelling feet with 2 floor locking plates\u00a0"}]},{"@type":"WebSite","@id":"https:\/\/nhkmachineryparts.com\/#website","url":"https:\/\/nhkmachineryparts.com\/","name":"NHK-machineonderdelen","description":"Lagerhuizen, seismische stelvoeten en stelwielen","publisher":{"@id":"https:\/\/nhkmachineryparts.com\/#organization"},"potentialAction":[{"@type":"SearchAction","target":{"@type":"EntryPoint","urlTemplate":"https:\/\/nhkmachineryparts.com\/?s={search_term_string}"},"query-input":{"@type":"PropertyValueSpecification","valueRequired":true,"valueName":"search_term_string"}}],"inLanguage":"nl-NL"},{"@type":"Organization","@id":"https:\/\/nhkmachineryparts.com\/#organization","name":"Nhk Groep ApS","url":"https:\/\/nhkmachineryparts.com\/","logo":{"@type":"ImageObject","inLanguage":"nl-NL","@id":"https:\/\/nhkmachineryparts.com\/#\/schema\/logo\/image\/","url":"https:\/\/nhkmachineryparts.com\/wp-content\/uploads\/2022\/09\/NHKgroup_social.jpg","contentUrl":"https:\/\/nhkmachineryparts.com\/wp-content\/uploads\/2022\/09\/NHKgroup_social.jpg","width":1200,"height":630,"caption":"Nhk Group ApS"},"image":{"@id":"https:\/\/nhkmachineryparts.com\/#\/schema\/logo\/image\/"},"sameAs":["https:\/\/www.facebook.com\/NHK.Group.aps"]}]}},"_links":{"self":[{"href":"https:\/\/nhkmachineryparts.com\/nl\/wp-json\/wp\/v2\/product\/12776","targetHints":{"allow":["GET"]}}],"collection":[{"href":"https:\/\/nhkmachineryparts.com\/nl\/wp-json\/wp\/v2\/product"}],"about":[{"href":"https:\/\/nhkmachineryparts.com\/nl\/wp-json\/wp\/v2\/types\/product"}],"wp:featuredmedia":[{"embeddable":true,"href":"https:\/\/nhkmachineryparts.com\/nl\/wp-json\/wp\/v2\/media\/12777"}],"wp:attachment":[{"href":"https:\/\/nhkmachineryparts.com\/nl\/wp-json\/wp\/v2\/media?parent=12776"}],"wp:term":[{"taxonomy":"product_brand","embeddable":true,"href":"https:\/\/nhkmachineryparts.com\/nl\/wp-json\/wp\/v2\/product_brand?post=12776"},{"taxonomy":"product_cat","embeddable":true,"href":"https:\/\/nhkmachineryparts.com\/nl\/wp-json\/wp\/v2\/product_cat?post=12776"},{"taxonomy":"product_tag","embeddable":true,"href":"https:\/\/nhkmachineryparts.com\/nl\/wp-json\/wp\/v2\/product_tag?post=12776"}],"curies":[{"name":"wp","href":"https:\/\/api.w.org\/{rel}","templated":true}]}}