{"id":1859,"date":"2022-09-26T10:47:48","date_gmt":"2022-09-26T10:47:48","guid":{"rendered":"https:\/\/nhkmachineryparts.pawsfabrik.dk\/?post_type=product&#038;p=1859"},"modified":"2025-02-15T19:16:39","modified_gmt":"2025-02-15T17:16:39","slug":"231-%e7%86%b1%e5%8f%af%e5%a1%91%e6%80%a7%e3%83%97%e3%83%a9%e3%82%b9%e3%83%81%e3%83%83%e3%82%af%e3%83%a6%e3%83%8b%e3%83%83%e3%83%88%e3%83%90%e3%83%83%e3%82%af%e3%82%b7%e3%83%bc%e3%83%ab","status":"publish","type":"product","link":"https:\/\/nhkmachineryparts.com\/jp\/product\/231-thermo-plastic-unit-back-seal\/","title":{"rendered":"\u71b1\u53ef\u5851\u6027\u6a39\u8102\u30d9\u30a2\u30ea\u30f3\u30b0\u30e6\u30cb\u30c3\u30c8\u30d0\u30c3\u30af\u30b7\u30fc\u30eb"},"content":{"rendered":"<section class=\"vc_row vc_custom_1662993827263 liquid-row-shadowbox-69d3e0b191359 vc_column-gap-0\"><div class=\"ld-container container\"><div class=\"row ld-row ld-row-outer\"><div class=\"wpb_column vc_column_container vc_col-sm-12 liquid-column-69d3e0b19150c\"><div class=\"vc_column-inner\" ><div class=\"wpb_wrapper\"  >\n\t<div class=\"wpb_text_column wpb_content_element\" >\n\t\t<div class=\"wpb_wrapper\">\n\t\t\t<h2>\u4fdd\u8b77\u3092\u5f37\u5316\u3059\u308b\u305f\u3081\u306e\u6700\u9069\u5316\u3055\u308c\u305f\u30b7\u30fc\u30ea\u30f3\u30b0\u30bd\u30ea\u30e5\u30fc\u30b7\u30e7\u30f3<\/h2>\n<ul>\n<li>\u71b1\u53ef\u5851\u6027\u30cf\u30a6\u30b8\u30f3\u30b0\u306e\u30d0\u30c3\u30af\u30b7\u30fc\u30eb\u306f\u9ed2\u307e\u305f\u306f\u9752<\/li>\n<li>\u30d0\u30c3\u30af\u30b7\u30fc\u30eb\u6750\u8cea\uff1aNBR\u30b4\u30e0<\/li>\n<li>\u30d0\u30c3\u30af\u30b7\u30fc\u30eb TC\uff08\u30c0\u30d6\u30eb\u30ea\u30c3\u30d7\uff09<\/li>\n<li>\u30b9\u30c6\u30f3\u30ec\u30b9\u88fd\u30b9\u30d7\u30ea\u30f3\u30b0\u4ed8\u304d\u30d0\u30c3\u30af\u30b7\u30fc\u30eb<\/li>\n<\/ul>\n<h2>\u5229\u7528\u53ef\u80fd\u306a\u30b5\u30a4\u30ba<\/h2>\n<div class=\"dcf-overflow-x-auto\" tabindex=\"0\">\n<table class=\"dcf-table dcf-table-bordered dcf-w-100%\">\n<thead>\n<tr>\n<th scope=\"col\">\u30b7\u30e3\u30d5\u30c8\u306e\u76f4\u5f84<\/th>\n<th scope=\"col\">\u30ab\u30bf\u30ed\u30b0No.<\/th>\n<\/tr>\n<\/thead>\n<tbody>\n<tr>\n<td data-label=\"Shaft Diameter\">\u00d820mm<\/td>\n<td data-label=\"Catalog No.\">BS204<\/td>\n<\/tr>\n<tr>\n<td data-label=\"Shaft Diameter\">\u00d825mm<\/td>\n<td data-label=\"Catalog No.\">BS205<\/td>\n<\/tr>\n<tr>\n<td data-label=\"Shaft Diameter\">\u00d830mm<\/td>\n<td data-label=\"Catalog No.\">BS206<\/td>\n<\/tr>\n<tr>\n<td data-label=\"Shaft Diameter\">\u00d835mm<\/td>\n<td data-label=\"Catalog No.\">BS207<\/td>\n<\/tr>\n<tr>\n<td data-label=\"Shaft Diameter\">\u00d840mm<\/td>\n<td data-label=\"Catalog No.\">BS208<\/td>\n<\/tr>\n<tr>\n<td data-label=\"Shaft Diameter\">\u00d845mm<\/td>\n<td data-label=\"Catalog No.\">BS209<\/td>\n<\/tr>\n<tr>\n<td data-label=\"Shaft Diameter\">\u00d850mm<\/td>\n<td data-label=\"Catalog No.\">BS210<\/td>\n<\/tr>\n<tr>\n<td data-label=\"Shaft Diameter\">\u00d855mm<\/td>\n<td data-label=\"Catalog No.\">BS211<\/td>\n<\/tr>\n<tr>\n<td data-label=\"Shaft Diameter\">\u00d860mm<\/td>\n<td data-label=\"Catalog No.\">BS212<\/td>\n<\/tr>\n<\/tbody>\n<\/table>\n<h2 data-start=\"0\" data-end=\"81\"><strong data-start=\"4\" data-end=\"79\">IP54\u8907\u5408\u30cf\u30a6\u30b8\u30f3\u30b0\u5185\u306e\u30d9\u30a2\u30ea\u30f3\u30b0\u30e6\u30cb\u30c3\u30c8\u306b\u6700\u9069\u306a\u30b7\u30fc\u30ea\u30f3\u30b0\u30bd\u30ea\u30e5\u30fc\u30b7\u30e7\u30f3<\/strong><\/h2>\n<p data-start=\"83\" data-end=\"369\">\u7523\u696d\u7528\u9014\u3067\u306f\u3001 <strong data-start=\"111\" data-end=\"156\">IP54\u8907\u5408\u30cf\u30a6\u30b8\u30f3\u30b0\u4ed8\u304d\u30d9\u30a2\u30ea\u30f3\u30b0\u30e6\u30cb\u30c3\u30c8<\/strong> \u5186\u6ed1\u3067\u52b9\u7387\u7684\u306a\u904b\u55b6\u3092\u78ba\u4fdd\u3059\u308b\u4e0a\u3067\u91cd\u8981\u306a\u5f79\u5272\u3092\u679c\u305f\u3057\u307e\u3059\u3002\u305d\u306e\u30d1\u30d5\u30a9\u30fc\u30de\u30f3\u30b9\u306e\u91cd\u8981\u306a\u5074\u9762\u306e1\u3064\u306f <strong data-start=\"269\" data-end=\"291\">\u30b7\u30fc\u30ea\u30f3\u30b0\u6280\u8853<\/strong>\u6700\u9069\u306a\u6f64\u6ed1\u3092\u7dad\u6301\u3057\u306a\u304c\u3089\u6c5a\u67d3\u7269\u8cea\u304b\u3089\u4fdd\u8b77\u3057\u307e\u3059\u3002<\/p>\n<h3 data-start=\"371\" data-end=\"424\"><strong data-start=\"376\" data-end=\"422\">\u30d9\u30a2\u30ea\u30f3\u30b0\u30e6\u30cb\u30c3\u30c8\u306b\u304a\u3051\u308b\u30b7\u30fc\u30eb\u306e\u91cd\u8981\u6027<\/strong><\/h3>\n<p data-start=\"426\" data-end=\"761\">\u30b7\u30fc\u30ea\u30f3\u30b0\u30b7\u30b9\u30c6\u30e0 <strong data-start=\"445\" data-end=\"486\">IP54\u5b9a\u683c\u306e\u8907\u5408\u30d9\u30a2\u30ea\u30f3\u30b0\u30cf\u30a6\u30b8\u30f3\u30b0<\/strong> \u63d0\u4f9b\u3059\u308b\u3088\u3046\u306b\u8a2d\u8a08\u3055\u308c\u3066\u3044\u307e\u3059 <strong data-start=\"511\" data-end=\"558\">\u307b\u3053\u308a\u3084\u6c34\u3057\u3076\u304d\u304b\u3089\u306e\u4fdd\u8b77<\/strong>\u4e2d\u7a0b\u5ea6\u306e\u74b0\u5883\u6761\u4ef6\u306b\u6700\u9069\u3067\u3059\u3002\u3053\u308c\u3089\u306e\u30b7\u30fc\u30eb\u306f\u3001 <strong data-start=\"652\" data-end=\"680\">\u307b\u3053\u308a\u3001\u6c5a\u308c\u3001\u6e7f\u6c17<\/strong>\u30d9\u30a2\u30ea\u30f3\u30b0\u306e\u8010\u7528\u5e74\u6570\u3092\u5ef6\u3070\u3057\u3001\u30e1\u30f3\u30c6\u30ca\u30f3\u30b9\u306e\u5fc5\u8981\u6027\u3092\u6e1b\u3089\u3057\u307e\u3059\u3002<\/p>\n<h3 data-start=\"763\" data-end=\"824\"><strong data-start=\"768\" data-end=\"822\">IP54 \u8907\u5408\u30d9\u30a2\u30ea\u30f3\u30b0\u30cf\u30a6\u30b8\u30f3\u30b0\u7528\u30b7\u30fc\u30eb\u306e\u7a2e\u985e<\/strong><\/h3>\n<ol data-start=\"826\" data-end=\"1157\">\n<li data-start=\"826\" data-end=\"931\"><strong data-start=\"829\" data-end=\"846\">\u30b3\u30f3\u30bf\u30af\u30c8\u30b7\u30fc\u30eb<\/strong> \u2013 \u4f4e\u6469\u64e6\u3092\u7dad\u6301\u3057\u306a\u304c\u3089\u3001\u6c5a\u67d3\u7269\u8cea\u306b\u5bfe\u3059\u308b\u4fdd\u8b77\u3092\u5f37\u5316\u3057\u307e\u3059\u3002<\/li>\n<li data-start=\"932\" data-end=\"1039\"><strong data-start=\"935\" data-end=\"954\">\u30e9\u30d3\u30ea\u30f3\u30b9\u30b7\u30fc\u30eb<\/strong> \u2013 \u975e\u63a5\u89e6\u8a2d\u8a08\u3092\u4f7f\u7528\u3057\u3066\u3001\u7c92\u5b50\u306e\u4fb5\u5165\u3092\u9632\u3050\u66f2\u304c\u308a\u304f\u306d\u3063\u305f\u7d4c\u8def\u3092\u4f5c\u6210\u3057\u307e\u3059\u3002<\/li>\n<li data-start=\"1040\" data-end=\"1157\"><strong data-start=\"1043\" data-end=\"1056\">\u30ea\u30c3\u30d7\u30b7\u30fc\u30eb<\/strong> \u2013 \u7d20\u6750 <strong data-start=\"1069\" data-end=\"1100\">\u9ad8\u6027\u80fd\u30a8\u30e9\u30b9\u30c8\u30de\u30fc<\/strong>\u30b9\u30e0\u30fc\u30ba\u306a\u56de\u8ee2\u3092\u53ef\u80fd\u306b\u3057\u306a\u304c\u3089\u3001\u3057\u3063\u304b\u308a\u3068\u5bc6\u9589\u3057\u307e\u3059\u3002<\/li>\n<\/ol>\n<h3 data-start=\"1159\" data-end=\"1209\"><strong data-start=\"1164\" data-end=\"1207\">\u6700\u9069\u5316\u3055\u308c\u305f\u30b7\u30fc\u30ea\u30f3\u30b0\u30bd\u30ea\u30e5\u30fc\u30b7\u30e7\u30f3\u306e\u5229\u70b9<\/strong><\/h3>\n<ul data-start=\"1211\" data-end=\"1519\">\n<li data-start=\"1211\" data-end=\"1293\"><strong data-start=\"1213\" data-end=\"1238\">\u30d9\u30a2\u30ea\u30f3\u30b0\u5bff\u547d\u306e\u5ef6\u9577<\/strong> \u2013 \u6c5a\u67d3\u7269\u8cea\u3092\u906e\u65ad\u3059\u308b\u3053\u3068\u3067\u6469\u8017\u3092\u8efd\u6e1b\u3057\u307e\u3059\u3002<\/li>\n<li data-start=\"1294\" data-end=\"1391\"><strong data-start=\"1296\" data-end=\"1323\">\u30e1\u30f3\u30c6\u30ca\u30f3\u30b9\u30b3\u30b9\u30c8\u306e\u524a\u6e1b<\/strong> \u2013 \u6f64\u6ed1\u6cb9\u306e\u640d\u5931\u3068\u983b\u7e41\u306a\u30e1\u30f3\u30c6\u30ca\u30f3\u30b9\u306e\u5fc5\u8981\u6027\u3092\u6700\u5c0f\u9650\u306b\u6291\u3048\u307e\u3059\u3002<\/li>\n<li data-start=\"1392\" data-end=\"1519\"><strong data-start=\"1394\" data-end=\"1418\">\u30d1\u30d5\u30a9\u30fc\u30de\u30f3\u30b9\u306e\u5411\u4e0a<\/strong> \u2013 \u4e00\u8cab\u3057\u305f\u64cd\u4f5c\u3092\u4fdd\u8a3c <strong data-start=\"1453\" data-end=\"1516\">\u98df\u54c1\u52a0\u5de5\u3001\u30b3\u30f3\u30d9\u30a2\u30b7\u30b9\u30c6\u30e0\u3001\u7523\u696d\u6a5f\u68b0<\/strong>.<\/li>\n<\/ul>\n<p data-start=\"1521\" data-end=\"1686\">\u6b63\u3057\u3044\u9078\u629e <strong data-start=\"1540\" data-end=\"1594\">IP54\u8907\u5408\u30d9\u30a2\u30ea\u30f3\u30b0\u30cf\u30a6\u30b8\u30f3\u30b0\u7528\u30b7\u30fc\u30ea\u30f3\u30b0\u30b7\u30b9\u30c6\u30e0<\/strong> \u8010\u4e45\u6027\u3068\u52b9\u7387\u6027\u3092\u9ad8\u3081\u3001\u3055\u307e\u3056\u307e\u306a\u7528\u9014\u306b\u4fe1\u983c\u3067\u304d\u308b\u9078\u629e\u80a2\u3068\u306a\u308a\u307e\u3059\u3002 <a href=\"https:\/\/nhkmachineryparts.com\/jp\/our-industries\/\" data-internallinksmanager029f6b8e52c=\"4\" title=\"\u79c1\u305f\u3061\u306e\u696d\u754c\">\u7523\u696d<\/a>.<\/p>\n<\/div>\n<h2>\u71b1\u53ef\u5851\u6027\u6a39\u8102\u8ef8\u53d7\u30e6\u30cb\u30c3\u30c8\u30d0\u30c3\u30af\u30b7\u30fc\u30eb\uff08BS\uff09<\/h2>\n<p><a href=\"https:\/\/nhkmachineryparts.com\/jp\/%e8%a3%bd%e5%93%81\/223-%e3%83%94%e3%83%ad%e3%83%bc%e3%83%96%e3%83%ad%e3%83%83%e3%82%af%e3%83%a6%e3%83%8b%e3%83%83%e3%83%88-ppl\/\">\u30d4\u30ed\u30fc\u30d6\u30ed\u30c3\u30afPPL\u7389\u8ef8\u53d7\u30e6\u30cb\u30c3\u30c8<\/a><br \/>\n<a href=\"https:\/\/nhkmachineryparts.com\/jp\/%e8%a3%bd%e5%93%81\/222-%e5%b9%b3%e6%96%b9-4-%e3%83%9c%e3%83%ab%e3%83%88-%e3%83%95%e3%83%a9%e3%83%b3%e3%82%b8-%e3%83%a6%e3%83%8b%e3%83%83%e3%83%88-fpl\/\">\u89d24\u30dc\u30eb\u30c8\u30d5\u30e9\u30f3\u30b8FPL\u30dc\u30fc\u30eb\u30d9\u30a2\u30ea\u30f3\u30b0\u30e6\u30cb\u30c3\u30c8<\/a><br \/>\n<a href=\"https:\/\/nhkmachineryparts.com\/jp\/%e8%a3%bd%e5%93%81\/224-%e6%a5%95%e5%86%86-2-%e3%83%9c%e3%83%ab%e3%83%88-%e3%83%95%e3%83%a9%e3%83%b3%e3%82%b8-%e3%83%a6%e3%83%8b%e3%83%83%e3%83%88-flpl\/\">\u30aa\u30fc\u30d0\u30eb2\u30dc\u30eb\u30c8\u30d5\u30e9\u30f3\u30b8FLPL\u30dc\u30fc\u30eb\u30d9\u30a2\u30ea\u30f3\u30b0\u30e6\u30cb\u30c3\u30c8<\/a><br \/>\n<a href=\"https:\/\/nhkmachineryparts.com\/jp\/%e8%a3%bd%e5%93%81\/225-%e3%82%bf%e3%83%83%e3%83%97%e3%83%99%e3%83%bc%e3%82%b9%e3%83%94%e3%83%ad%e3%83%bc%e3%83%96%e3%83%ad%e3%83%83%e3%82%af%e3%83%a6%e3%83%8b%e3%83%83%e3%83%88%e3%83%91%e3%83%97%e3%83%ab\/\">\u30bf\u30c3\u30d7\u30d9\u30fc\u30b9\u30d4\u30ed\u30fc\u30d6\u30ed\u30c3\u30afPAPL\u30dc\u30fc\u30eb\u30d9\u30a2\u30ea\u30f3\u30b0\u30e6\u30cb\u30c3\u30c8<\/a><br \/>\n<a href=\"https:\/\/nhkmachineryparts.com\/jp\/%e8%a3%bd%e5%93%81\/226-%e3%83%95%e3%83%a9%e3%83%b3%e3%82%b8%e3%83%a6%e3%83%8b%e3%83%83%e3%83%88-3-%e3%83%9c%e3%83%ab%e3%83%88-%e7%89%87%e5%81%b4-fbpl\/\">3\u30dc\u30eb\u30c8\u7247\u5074\u30d5\u30e9\u30f3\u30b8FBPL\u30dc\u30fc\u30eb\u30d9\u30a2\u30ea\u30f3\u30b0\u30e6\u30cb\u30c3\u30c8<\/a><br \/>\n<a href=\"https:\/\/nhkmachineryparts.com\/jp\/%e8%a3%bd%e5%93%81\/292-%e3%82%ab%e3%83%bc%e3%83%88%e3%83%aa%e3%83%83%e3%82%b8-4-%e3%83%9c%e3%83%ab%e3%83%88-%e3%83%95%e3%83%a9%e3%83%b3%e3%82%b8-%e3%83%a6%e3%83%8b%e3%83%83%e3%83%88-fcpl\/\">\u30ab\u30fc\u30c8\u30ea\u30c3\u30b84\u30dc\u30eb\u30c8\u30d5\u30e9\u30f3\u30b8\u30e6\u30cb\u30c3\u30c8 FCPL<\/a><br \/>\n<a href=\"https:\/\/nhkmachineryparts.com\/jp\/%e8%a3%bd%e5%93%81\/227-%e3%83%8f%e3%83%b3%e3%82%ac%e3%83%bc%e3%83%a6%e3%83%8b%e3%83%83%e3%83%88-hppl\/\">\u30d6\u30eb\u30fc\u30cf\u30f3\u30ac\u30fc HPPL \u30dc\u30fc\u30eb\u30d9\u30a2\u30ea\u30f3\u30b0\u30e6\u30cb\u30c3\u30c8<\/a><br \/>\n<a href=\"https:\/\/nhkmachineryparts.com\/jp\/%e8%a3%bd%e5%93%81\/228-%e3%83%86%e3%82%a4%e3%82%af%e3%82%a2%e3%83%83%e3%83%97%e3%83%a6%e3%83%8b%e3%83%83%e3%83%88-tpl\/\">\u30d6\u30eb\u30fc \u30c6\u30a4\u30af\u30a2\u30c3\u30d7 TPL \u30dc\u30fc\u30eb \u30d9\u30a2\u30ea\u30f3\u30b0 \u30e6\u30cb\u30c3\u30c8<\/a><\/p>\n\n\t\t<\/div>\n\t<\/div>\n<\/div><\/div><\/div><\/div><\/div><\/section>","protected":false},"excerpt":{"rendered":"Optimized Sealing Solutions for Enhanced Protection Thermoplastic housings back seal in black or blue Back seal material: NBR Rubber Back seal TC (Double lip) Back seal with stainless steel spring Available sizes Shaft Diameter Catalog No. \u00d820 mm BS 204 \u00d825 mm BS 205 \u00d830 mm BS 206 \u00d835 mm BS 207 \u00d840 mm BS [...]","protected":false},"featured_media":11568,"template":"","meta":[],"product_brand":[],"product_cat":[52],"product_tag":[],"class_list":{"0":"post-1859","1":"product","2":"type-product","3":"status-publish","4":"has-post-thumbnail","6":"product_cat-bearing-units-in-ip54-thermo-plastic-housing","8":"first","9":"instock","10":"shipping-taxable","11":"product-type-simple"},"yoast_head":"<!-- This site is optimized with the Yoast SEO plugin v27.3 - https:\/\/yoast.com\/product\/yoast-seo-wordpress\/ -->\n<title>Thermo plastic bearing unit back seal | Optimized Sealing Solutions | NHK Machinery Parts<\/title>\n<meta name=\"description\" content=\"The back seal for thermo plastic bearing unit is suitable for the food industry and other demanding environments, due to the hygienic design\" \/>\n<meta name=\"robots\" content=\"index, follow, max-snippet:-1, max-image-preview:large, max-video-preview:-1\" \/>\n<link rel=\"canonical\" href=\"https:\/\/nhkmachineryparts.com\/jp\/\u88fd\u54c1\/231-\u71b1\u53ef\u5851\u6027\u30d7\u30e9\u30b9\u30c1\u30c3\u30af\u30e6\u30cb\u30c3\u30c8\u30d0\u30c3\u30af\u30b7\u30fc\u30eb\/\" \/>\n<meta property=\"og:locale\" content=\"ja_JP\" \/>\n<meta property=\"og:type\" content=\"article\" \/>\n<meta property=\"og:title\" content=\"Thermo plastic bearing unit back seal | Optimized Sealing Solutions | NHK Machinery Parts\" \/>\n<meta property=\"og:description\" content=\"The back seal for thermo plastic bearing unit is suitable for the food industry and other demanding environments, due to the hygienic design\" \/>\n<meta property=\"og:url\" content=\"https:\/\/nhkmachineryparts.com\/jp\/\u88fd\u54c1\/231-\u71b1\u53ef\u5851\u6027\u30d7\u30e9\u30b9\u30c1\u30c3\u30af\u30e6\u30cb\u30c3\u30c8\u30d0\u30c3\u30af\u30b7\u30fc\u30eb\/\" \/>\n<meta property=\"og:site_name\" content=\"NHK Machinery Parts\" \/>\n<meta property=\"article:publisher\" content=\"https:\/\/www.facebook.com\/NHK.Group.aps\" \/>\n<meta property=\"article:modified_time\" content=\"2025-02-15T17:16:39+00:00\" \/>\n<meta property=\"og:image\" content=\"https:\/\/nhkmachineryparts.com\/wp-content\/uploads\/2022\/09\/Blue-back-seal-for-stainless-bearing-unit.jpg\" \/>\n\t<meta property=\"og:image:width\" content=\"1000\" \/>\n\t<meta property=\"og:image:height\" content=\"1000\" \/>\n\t<meta property=\"og:image:type\" content=\"image\/jpeg\" \/>\n<meta name=\"twitter:card\" content=\"summary_large_image\" \/>\n<meta name=\"twitter:label1\" content=\"\u63a8\u5b9a\u8aad\u307f\u53d6\u308a\u6642\u9593\" \/>\n\t<meta name=\"twitter:data1\" content=\"2\u5206\" \/>\n<script type=\"application\/ld+json\" class=\"yoast-schema-graph\">{\"@context\":\"https:\\\/\\\/schema.org\",\"@graph\":[{\"@type\":\"WebPage\",\"@id\":\"https:\\\/\\\/nhkmachineryparts.com\\\/product\\\/231-thermo-plastic-unit-back-seal\\\/\",\"url\":\"https:\\\/\\\/nhkmachineryparts.com\\\/product\\\/231-thermo-plastic-unit-back-seal\\\/\",\"name\":\"Thermo plastic bearing unit back seal | Optimized Sealing Solutions | NHK Machinery Parts\",\"isPartOf\":{\"@id\":\"https:\\\/\\\/nhkmachineryparts.com\\\/#website\"},\"primaryImageOfPage\":{\"@id\":\"https:\\\/\\\/nhkmachineryparts.com\\\/product\\\/231-thermo-plastic-unit-back-seal\\\/#primaryimage\"},\"image\":{\"@id\":\"https:\\\/\\\/nhkmachineryparts.com\\\/product\\\/231-thermo-plastic-unit-back-seal\\\/#primaryimage\"},\"thumbnailUrl\":\"https:\\\/\\\/nhkmachineryparts.com\\\/wp-content\\\/uploads\\\/2022\\\/09\\\/Blue-back-seal-for-stainless-bearing-unit.jpg\",\"datePublished\":\"2022-09-26T10:47:48+00:00\",\"dateModified\":\"2025-02-15T17:16:39+00:00\",\"description\":\"The back seal for thermo plastic bearing unit is suitable for the food industry and other demanding environments, due to the hygienic design\",\"breadcrumb\":{\"@id\":\"https:\\\/\\\/nhkmachineryparts.com\\\/product\\\/231-thermo-plastic-unit-back-seal\\\/#breadcrumb\"},\"inLanguage\":\"ja\",\"potentialAction\":[{\"@type\":\"ReadAction\",\"target\":[\"https:\\\/\\\/nhkmachineryparts.com\\\/product\\\/231-thermo-plastic-unit-back-seal\\\/\"]}]},{\"@type\":\"ImageObject\",\"inLanguage\":\"ja\",\"@id\":\"https:\\\/\\\/nhkmachineryparts.com\\\/product\\\/231-thermo-plastic-unit-back-seal\\\/#primaryimage\",\"url\":\"https:\\\/\\\/nhkmachineryparts.com\\\/wp-content\\\/uploads\\\/2022\\\/09\\\/Blue-back-seal-for-stainless-bearing-unit.jpg\",\"contentUrl\":\"https:\\\/\\\/nhkmachineryparts.com\\\/wp-content\\\/uploads\\\/2022\\\/09\\\/Blue-back-seal-for-stainless-bearing-unit.jpg\",\"width\":1000,\"height\":1000,\"caption\":\"Blue back seal for stainless bearing unit\"},{\"@type\":\"BreadcrumbList\",\"@id\":\"https:\\\/\\\/nhkmachineryparts.com\\\/product\\\/231-thermo-plastic-unit-back-seal\\\/#breadcrumb\",\"itemListElement\":[{\"@type\":\"ListItem\",\"position\":1,\"name\":\"Home\",\"item\":\"https:\\\/\\\/nhkmachineryparts.com\\\/\"},{\"@type\":\"ListItem\",\"position\":2,\"name\":\"Product line\",\"item\":\"https:\\\/\\\/nhkmachineryparts.com\\\/product-line\\\/\"},{\"@type\":\"ListItem\",\"position\":3,\"name\":\"Bearing units in IP54\u00a0composite housing\",\"item\":\"https:\\\/\\\/nhkmachineryparts.com\\\/product-line\\\/bearing-units-in-ip54-thermo-plastic-housing\\\/\"},{\"@type\":\"ListItem\",\"position\":4,\"name\":\"Thermo plastic bearing unit back seal\"}]},{\"@type\":\"WebSite\",\"@id\":\"https:\\\/\\\/nhkmachineryparts.com\\\/#website\",\"url\":\"https:\\\/\\\/nhkmachineryparts.com\\\/\",\"name\":\"NHK Machinery Parts\",\"description\":\"Bearing Houses, seismic levelling feet and levelling castors\",\"publisher\":{\"@id\":\"https:\\\/\\\/nhkmachineryparts.com\\\/#organization\"},\"potentialAction\":[{\"@type\":\"SearchAction\",\"target\":{\"@type\":\"EntryPoint\",\"urlTemplate\":\"https:\\\/\\\/nhkmachineryparts.com\\\/?s={search_term_string}\"},\"query-input\":{\"@type\":\"PropertyValueSpecification\",\"valueRequired\":true,\"valueName\":\"search_term_string\"}}],\"inLanguage\":\"ja\"},{\"@type\":\"Organization\",\"@id\":\"https:\\\/\\\/nhkmachineryparts.com\\\/#organization\",\"name\":\"Nhk Group ApS\",\"url\":\"https:\\\/\\\/nhkmachineryparts.com\\\/\",\"logo\":{\"@type\":\"ImageObject\",\"inLanguage\":\"ja\",\"@id\":\"https:\\\/\\\/nhkmachineryparts.com\\\/#\\\/schema\\\/logo\\\/image\\\/\",\"url\":\"https:\\\/\\\/nhkmachineryparts.com\\\/wp-content\\\/uploads\\\/2022\\\/09\\\/NHKgroup_social.jpg\",\"contentUrl\":\"https:\\\/\\\/nhkmachineryparts.com\\\/wp-content\\\/uploads\\\/2022\\\/09\\\/NHKgroup_social.jpg\",\"width\":1200,\"height\":630,\"caption\":\"Nhk Group ApS\"},\"image\":{\"@id\":\"https:\\\/\\\/nhkmachineryparts.com\\\/#\\\/schema\\\/logo\\\/image\\\/\"},\"sameAs\":[\"https:\\\/\\\/www.facebook.com\\\/NHK.Group.aps\"]}]}<\/script>\n<!-- \/ Yoast SEO plugin. -->","yoast_head_json":{"title":"\u71b1\u53ef\u5851\u6027\u30d9\u30a2\u30ea\u30f3\u30b0\u30e6\u30cb\u30c3\u30c8\u30d0\u30c3\u30af\u30b7\u30fc\u30eb | \u6700\u9069\u5316\u3055\u308c\u305f\u30b7\u30fc\u30ea\u30f3\u30b0\u30bd\u30ea\u30e5\u30fc\u30b7\u30e7\u30f3 | NHK \u30de\u30b7\u30ca\u30ea\u30fc\u30d1\u30fc\u30c4","description":"\u71b1\u53ef\u5851\u6027\u30d7\u30e9\u30b9\u30c1\u30c3\u30af\u30d9\u30a2\u30ea\u30f3\u30b0\u30e6\u30cb\u30c3\u30c8\u306e\u30d0\u30c3\u30af\u30b7\u30fc\u30eb\u306f\u3001\u885b\u751f\u7684\u306a\u8a2d\u8a08\u306b\u3088\u308a\u3001\u98df\u54c1\u7523\u696d\u3084\u305d\u306e\u4ed6\u306e\u8981\u6c42\u306e\u53b3\u3057\u3044\u74b0\u5883\u306b\u9069\u3057\u3066\u3044\u307e\u3059\u3002","robots":{"index":"index","follow":"follow","max-snippet":"max-snippet:-1","max-image-preview":"max-image-preview:large","max-video-preview":"max-video-preview:-1"},"canonical":"https:\/\/nhkmachineryparts.com\/jp\/\u88fd\u54c1\/231-\u71b1\u53ef\u5851\u6027\u30d7\u30e9\u30b9\u30c1\u30c3\u30af\u30e6\u30cb\u30c3\u30c8\u30d0\u30c3\u30af\u30b7\u30fc\u30eb\/","og_locale":"ja_JP","og_type":"article","og_title":"Thermo plastic bearing unit back seal | Optimized Sealing Solutions | NHK Machinery Parts","og_description":"The back seal for thermo plastic bearing unit is suitable for the food industry and other demanding environments, due to the hygienic design","og_url":"https:\/\/nhkmachineryparts.com\/jp\/\u88fd\u54c1\/231-\u71b1\u53ef\u5851\u6027\u30d7\u30e9\u30b9\u30c1\u30c3\u30af\u30e6\u30cb\u30c3\u30c8\u30d0\u30c3\u30af\u30b7\u30fc\u30eb\/","og_site_name":"NHK Machinery Parts","article_publisher":"https:\/\/www.facebook.com\/NHK.Group.aps","article_modified_time":"2025-02-15T17:16:39+00:00","og_image":[{"width":1000,"height":1000,"url":"https:\/\/nhkmachineryparts.com\/wp-content\/uploads\/2022\/09\/Blue-back-seal-for-stainless-bearing-unit.jpg","type":"image\/jpeg"}],"twitter_card":"summary_large_image","twitter_misc":{"\u63a8\u5b9a\u8aad\u307f\u53d6\u308a\u6642\u9593":"2\u5206"},"schema":{"@context":"https:\/\/schema.org","@graph":[{"@type":"WebPage","@id":"https:\/\/nhkmachineryparts.com\/product\/231-thermo-plastic-unit-back-seal\/","url":"https:\/\/nhkmachineryparts.com\/product\/231-thermo-plastic-unit-back-seal\/","name":"\u71b1\u53ef\u5851\u6027\u30d9\u30a2\u30ea\u30f3\u30b0\u30e6\u30cb\u30c3\u30c8\u30d0\u30c3\u30af\u30b7\u30fc\u30eb | \u6700\u9069\u5316\u3055\u308c\u305f\u30b7\u30fc\u30ea\u30f3\u30b0\u30bd\u30ea\u30e5\u30fc\u30b7\u30e7\u30f3 | NHK \u30de\u30b7\u30ca\u30ea\u30fc\u30d1\u30fc\u30c4","isPartOf":{"@id":"https:\/\/nhkmachineryparts.com\/#website"},"primaryImageOfPage":{"@id":"https:\/\/nhkmachineryparts.com\/product\/231-thermo-plastic-unit-back-seal\/#primaryimage"},"image":{"@id":"https:\/\/nhkmachineryparts.com\/product\/231-thermo-plastic-unit-back-seal\/#primaryimage"},"thumbnailUrl":"https:\/\/nhkmachineryparts.com\/wp-content\/uploads\/2022\/09\/Blue-back-seal-for-stainless-bearing-unit.jpg","datePublished":"2022-09-26T10:47:48+00:00","dateModified":"2025-02-15T17:16:39+00:00","description":"\u71b1\u53ef\u5851\u6027\u30d7\u30e9\u30b9\u30c1\u30c3\u30af\u30d9\u30a2\u30ea\u30f3\u30b0\u30e6\u30cb\u30c3\u30c8\u306e\u30d0\u30c3\u30af\u30b7\u30fc\u30eb\u306f\u3001\u885b\u751f\u7684\u306a\u8a2d\u8a08\u306b\u3088\u308a\u3001\u98df\u54c1\u7523\u696d\u3084\u305d\u306e\u4ed6\u306e\u8981\u6c42\u306e\u53b3\u3057\u3044\u74b0\u5883\u306b\u9069\u3057\u3066\u3044\u307e\u3059\u3002","breadcrumb":{"@id":"https:\/\/nhkmachineryparts.com\/product\/231-thermo-plastic-unit-back-seal\/#breadcrumb"},"inLanguage":"ja","potentialAction":[{"@type":"ReadAction","target":["https:\/\/nhkmachineryparts.com\/product\/231-thermo-plastic-unit-back-seal\/"]}]},{"@type":"ImageObject","inLanguage":"ja","@id":"https:\/\/nhkmachineryparts.com\/product\/231-thermo-plastic-unit-back-seal\/#primaryimage","url":"https:\/\/nhkmachineryparts.com\/wp-content\/uploads\/2022\/09\/Blue-back-seal-for-stainless-bearing-unit.jpg","contentUrl":"https:\/\/nhkmachineryparts.com\/wp-content\/uploads\/2022\/09\/Blue-back-seal-for-stainless-bearing-unit.jpg","width":1000,"height":1000,"caption":"Blue back seal for stainless bearing unit"},{"@type":"BreadcrumbList","@id":"https:\/\/nhkmachineryparts.com\/product\/231-thermo-plastic-unit-back-seal\/#breadcrumb","itemListElement":[{"@type":"ListItem","position":1,"name":"Home","item":"https:\/\/nhkmachineryparts.com\/"},{"@type":"ListItem","position":2,"name":"Product line","item":"https:\/\/nhkmachineryparts.com\/product-line\/"},{"@type":"ListItem","position":3,"name":"Bearing units in IP54\u00a0composite housing","item":"https:\/\/nhkmachineryparts.com\/product-line\/bearing-units-in-ip54-thermo-plastic-housing\/"},{"@type":"ListItem","position":4,"name":"Thermo plastic bearing unit back seal"}]},{"@type":"WebSite","@id":"https:\/\/nhkmachineryparts.com\/#website","url":"https:\/\/nhkmachineryparts.com\/","name":"NHK\u6a5f\u68b0\u90e8\u54c1","description":"\u30d9\u30a2\u30ea\u30f3\u30b0\u30cf\u30a6\u30b9\u3001\u8010\u9707\u30ec\u30d9\u30ea\u30f3\u30b0\u30d5\u30a3\u30fc\u30c8\u3001\u30ec\u30d9\u30ea\u30f3\u30b0\u30ad\u30e3\u30b9\u30bf\u30fc","publisher":{"@id":"https:\/\/nhkmachineryparts.com\/#organization"},"potentialAction":[{"@type":"SearchAction","target":{"@type":"EntryPoint","urlTemplate":"https:\/\/nhkmachineryparts.com\/?s={search_term_string}"},"query-input":{"@type":"PropertyValueSpecification","valueRequired":true,"valueName":"search_term_string"}}],"inLanguage":"ja"},{"@type":"Organization","@id":"https:\/\/nhkmachineryparts.com\/#organization","name":"NHK\u30b0\u30eb\u30fc\u30d7APS","url":"https:\/\/nhkmachineryparts.com\/","logo":{"@type":"ImageObject","inLanguage":"ja","@id":"https:\/\/nhkmachineryparts.com\/#\/schema\/logo\/image\/","url":"https:\/\/nhkmachineryparts.com\/wp-content\/uploads\/2022\/09\/NHKgroup_social.jpg","contentUrl":"https:\/\/nhkmachineryparts.com\/wp-content\/uploads\/2022\/09\/NHKgroup_social.jpg","width":1200,"height":630,"caption":"Nhk Group ApS"},"image":{"@id":"https:\/\/nhkmachineryparts.com\/#\/schema\/logo\/image\/"},"sameAs":["https:\/\/www.facebook.com\/NHK.Group.aps"]}]}},"_links":{"self":[{"href":"https:\/\/nhkmachineryparts.com\/jp\/wp-json\/wp\/v2\/product\/1859","targetHints":{"allow":["GET"]}}],"collection":[{"href":"https:\/\/nhkmachineryparts.com\/jp\/wp-json\/wp\/v2\/product"}],"about":[{"href":"https:\/\/nhkmachineryparts.com\/jp\/wp-json\/wp\/v2\/types\/product"}],"wp:featuredmedia":[{"embeddable":true,"href":"https:\/\/nhkmachineryparts.com\/jp\/wp-json\/wp\/v2\/media\/11568"}],"wp:attachment":[{"href":"https:\/\/nhkmachineryparts.com\/jp\/wp-json\/wp\/v2\/media?parent=1859"}],"wp:term":[{"taxonomy":"product_brand","embeddable":true,"href":"https:\/\/nhkmachineryparts.com\/jp\/wp-json\/wp\/v2\/product_brand?post=1859"},{"taxonomy":"product_cat","embeddable":true,"href":"https:\/\/nhkmachineryparts.com\/jp\/wp-json\/wp\/v2\/product_cat?post=1859"},{"taxonomy":"product_tag","embeddable":true,"href":"https:\/\/nhkmachineryparts.com\/jp\/wp-json\/wp\/v2\/product_tag?post=1859"}],"curies":[{"name":"wp","href":"https:\/\/api.w.org\/{rel}","templated":true}]}}