{"id":1832,"date":"2022-09-26T10:10:50","date_gmt":"2022-09-26T10:10:50","guid":{"rendered":"https:\/\/nhkmachineryparts.pawsfabrik.dk\/?post_type=product&#038;p=1832"},"modified":"2026-02-23T14:54:05","modified_gmt":"2026-02-23T12:54:05","slug":"230-%e7%86%b1%e5%8f%af%e5%a1%91%e6%80%a7%e3%83%a6%e3%83%8b%e3%83%83%e3%83%88-%e3%82%af%e3%83%ad%e3%83%bc%e3%82%ba%e3%83%89%e3%82%ab%e3%83%90%e3%83%bc","status":"publish","type":"product","link":"https:\/\/nhkmachineryparts.com\/jp\/product\/230-thermo-plastic-unit-closed-cover\/","title":{"rendered":"\u71b1\u53ef\u5851\u6027\u6a39\u8102\u30d9\u30a2\u30ea\u30f3\u30b0\u30e6\u30cb\u30c3\u30c8\u30af\u30ed\u30fc\u30ba\u30c9\u30ab\u30d0\u30fc"},"content":{"rendered":"<section class=\"vc_row vc_custom_1662993827263 liquid-row-shadowbox-69cff9906a217 vc_column-gap-0\"><div class=\"ld-container container\"><div class=\"row ld-row ld-row-outer\"><div class=\"wpb_column vc_column_container vc_col-sm-12 liquid-column-69cff9906a3ba\"><div class=\"vc_column-inner\" ><div class=\"wpb_wrapper\"  >\n\t<div class=\"wpb_text_column wpb_content_element\" >\n\t\t<div class=\"wpb_wrapper\">\n\t\t\t<h2>\u6700\u5927\u9650\u306e\u4fdd\u8b77\u3068\u30d1\u30d5\u30a9\u30fc\u30de\u30f3\u30b9<\/h2>\n<p>\u2013 \u71b1\u53ef\u5851\u6027\u30cf\u30a6\u30b8\u30f3\u30b0\u30ab\u30d0\u30fc\u306f\u9ed2\u3001\u767d\u3001\u9752<br \/>\n\u2013 \u30ab\u30d0\u30fc\u6750\u8cea: \u30dd\u30ea\u30d7\u30ed\u30d4\u30ec\u30f3<\/p>\n<h2>\u5229\u7528\u53ef\u80fd\u306a\u30b5\u30a4\u30ba<\/h2>\n<div class=\"dcf-overflow-x-auto\" tabindex=\"0\">\n<table class=\"dcf-table dcf-table-bordered dcf-w-100%\">\n<thead>\n<tr>\n<th scope=\"col\">\u30b7\u30e3\u30d5\u30c8\u306e\u76f4\u5f84<\/th>\n<th scope=\"col\">\u30ab\u30bf\u30ed\u30b0No.<\/th>\n<\/tr>\n<\/thead>\n<tbody>\n<tr>\n<td data-label=\"Shaft Diameter\">\u00d820mm<\/td>\n<td data-label=\"Catalog No.\">CC204<\/td>\n<\/tr>\n<tr>\n<td data-label=\"Shaft Diameter\">\u00d825mm<\/td>\n<td data-label=\"Catalog No.\">CC205<\/td>\n<\/tr>\n<tr>\n<td data-label=\"Shaft Diameter\">\u00d830mm<\/td>\n<td data-label=\"Catalog No.\">CC206<\/td>\n<\/tr>\n<tr>\n<td data-label=\"Shaft Diameter\">\u00d835mm<\/td>\n<td data-label=\"Catalog No.\">CC207<\/td>\n<\/tr>\n<tr>\n<td data-label=\"Shaft Diameter\">\u00d840mm<\/td>\n<td data-label=\"Catalog No.\">CC208<\/td>\n<\/tr>\n<tr>\n<td data-label=\"Shaft Diameter\">\u00d845mm<\/td>\n<td data-label=\"Catalog No.\">CC209<\/td>\n<\/tr>\n<tr>\n<td data-label=\"Shaft Diameter\">\u00d850mm<\/td>\n<td data-label=\"Catalog No.\">CC210<\/td>\n<\/tr>\n<tr>\n<td data-label=\"Shaft Diameter\">\u00d855mm<\/td>\n<td data-label=\"Catalog No.\">CC211<\/td>\n<\/tr>\n<tr>\n<td data-label=\"Shaft Diameter\">\u00d860mm<\/td>\n<td data-label=\"Catalog No.\">CC212<\/td>\n<\/tr>\n<\/tbody>\n<\/table>\n<\/div>\n<h2 data-start=\"0\" data-end=\"110\">\u5bc6\u9589\u30ab\u30d0\u30fc\u4ed8\u304d IP54 \u8907\u5408\u30cf\u30a6\u30b8\u30f3\u30b0\u306e\u30d9\u30a2\u30ea\u30f3\u30b0\u30e6\u30cb\u30c3\u30c8<\/h2>\n<h3 data-start=\"0\" data-end=\"110\">\u7523\u696d\u7528\u9014\u306b\u6700\u9069\u306a\u30bd\u30ea\u30e5\u30fc\u30b7\u30e7\u30f3<\/h3>\n<p data-start=\"112\" data-end=\"527\">\u30d9\u30a2\u30ea\u30f3\u30b0\u30e6\u30cb\u30c3\u30c8\u306f\u3001\u7523\u696d\u74b0\u5883\u306b\u304a\u3051\u308b\u30b9\u30e0\u30fc\u30ba\u3067\u52b9\u7387\u7684\u306a\u64cd\u4f5c\u3092\u4fdd\u8a3c\u3059\u308b\u4e0a\u3067\u91cd\u8981\u306a\u5f79\u5272\u3092\u679c\u305f\u3057\u307e\u3059\u3002 <strong data-start=\"223\" data-end=\"281\">IP54 \u8907\u5408\u30cf\u30a6\u30b8\u30f3\u30b0\u30d9\u30a2\u30ea\u30f3\u30b0\u30e6\u30cb\u30c3\u30c8\uff08\u5bc6\u9589\u30ab\u30d0\u30fc\u4ed8\u304d\uff09<\/strong> \u3055\u307e\u3056\u307e\u306a\u7528\u9014\u3067\u5f37\u5316\u3055\u308c\u305f\u4fdd\u8b77\u3001\u8010\u4e45\u6027\u3001\u52b9\u7387\u3092\u63d0\u4f9b\u3057\u307e\u3059\u3002\u3053\u308c\u3089\u306e\u30e6\u30cb\u30c3\u30c8\u306f\u53b3\u3057\u3044\u6761\u4ef6\u306b\u8010\u3048\u308b\u3088\u3046\u306b\u8a2d\u8a08\u3055\u308c\u3066\u304a\u308a\u3001\u98df\u54c1\u52a0\u5de5\u3001\u533b\u85ac\u54c1\u3001\u5305\u88c5\u3001\u4e00\u822c\u7684\u306a\u88fd\u9020\u306b\u6700\u9069\u3067\u3059\u3002 <a href=\"https:\/\/nhkmachineryparts.com\/jp\/our-industries\/\" data-internallinksmanager029f6b8e52c=\"4\" title=\"\u79c1\u305f\u3061\u306e\u696d\u754c\">\u7523\u696d<\/a>.<\/p>\n<h3 data-start=\"529\" data-end=\"591\"><strong data-start=\"533\" data-end=\"589\">IP54\u8907\u5408\u30cf\u30a6\u30b8\u30f3\u30b0\u30d9\u30a2\u30ea\u30f3\u30b0\u30e6\u30cb\u30c3\u30c8\u306e\u4e3b\u306a\u5229\u70b9<\/strong><\/h3>\n<ol data-start=\"593\" data-end=\"1472\">\n<li data-start=\"593\" data-end=\"751\"><strong data-start=\"596\" data-end=\"620\">\u512a\u308c\u305f\u4fdd\u8b77:<\/strong> IP54 \u5b9a\u683c\u306e\u30cf\u30a6\u30b8\u30f3\u30b0\u306f\u3001\u307b\u3053\u308a\u306e\u4fb5\u5165\u3084\u6c34\u3057\u3076\u304d\u304b\u3089\u4fdd\u8b77\u3057\u3001\u30d9\u30a2\u30ea\u30f3\u30b0\u306e\u5bff\u547d\u3092\u5ef6\u3070\u3057\u3001\u30e1\u30f3\u30c6\u30ca\u30f3\u30b9\u306e\u624b\u9593\u3092\u8efd\u6e1b\u3057\u307e\u3059\u3002<\/li>\n<li data-start=\"752\" data-end=\"919\"><strong data-start=\"755\" data-end=\"785\">\u8010\u4e45\u6027\u306e\u3042\u308b\u8907\u5408\u30cf\u30a6\u30b8\u30f3\u30b0:<\/strong> \u9ad8\u5f37\u5ea6\u6750\u6599\u3067\u4f5c\u3089\u308c\u305f\u8907\u5408\u30cf\u30a6\u30b8\u30f3\u30b0\u306f\u3001\u8150\u98df\u3001\u5316\u5b66\u7269\u8cea\u3001\u6975\u7aef\u306a\u6e29\u5ea6\u306b\u5bfe\u3059\u308b\u512a\u308c\u305f\u8010\u6027\u3092\u5099\u3048\u3066\u3044\u307e\u3059\u3002<\/li>\n<li data-start=\"920\" data-end=\"1101\"><strong data-start=\"923\" data-end=\"947\">\u9589\u3058\u305f\u30ab\u30d0\u30fc\u306e\u30c7\u30b6\u30a4\u30f3:<\/strong> \u5bc6\u9589\u3055\u308c\u305f\u30ab\u30d0\u30fc\u306b\u3088\u308a\u6c5a\u67d3\u7269\u8cea\u306e\u4fb5\u5165\u3092\u9632\u304e\u3001\u65e9\u671f\u6545\u969c\u306e\u30ea\u30b9\u30af\u3092\u8efd\u6e1b\u3057\u3001\u654f\u611f\u306a\u74b0\u5883\u3067\u3082\u885b\u751f\u7684\u306a\u64cd\u4f5c\u3092\u4fdd\u8a3c\u3057\u307e\u3059\u3002<\/li>\n<li data-start=\"1102\" data-end=\"1286\"><strong data-start=\"1105\" data-end=\"1142\">\u8efd\u91cf\u3067\u8010\u885d\u6483\u6027\uff1a<\/strong> \u5f93\u6765\u306e\u91d1\u5c5e\u88fd\u30cf\u30a6\u30b8\u30f3\u30b0\u3068\u6bd4\u8f03\u3057\u3066\u3001\u8907\u5408\u6750\u6599\u306f\u8efd\u91cf\u3067\u3042\u308a\u306a\u304c\u3089\u3001\u512a\u308c\u305f\u6a5f\u68b0\u7684\u5f37\u5ea6\u3068\u8010\u885d\u6483\u6027\u3092\u7dad\u6301\u3057\u307e\u3059\u3002<\/li>\n<li data-start=\"1287\" data-end=\"1472\"><strong data-start=\"1290\" data-end=\"1318\">\u8cbb\u7528\u5bfe\u52b9\u679c\u306e\u9ad8\u3044\u30bd\u30ea\u30e5\u30fc\u30b7\u30e7\u30f3:<\/strong> \u3053\u308c\u3089\u306e\u30d9\u30a2\u30ea\u30f3\u30b0 \u30e6\u30cb\u30c3\u30c8\u306f\u3001\u8010\u7528\u5e74\u6570\u304c\u9577\u304f\u3001\u30e1\u30f3\u30c6\u30ca\u30f3\u30b9\u8981\u4ef6\u304c\u6700\u5c0f\u9650\u3067\u3042\u308b\u305f\u3081\u3001\u5f93\u6765\u306e\u91d1\u5c5e\u30cf\u30a6\u30b8\u30f3\u30b0\u306b\u4ee3\u308f\u308b\u30b3\u30b9\u30c8\u52b9\u7387\u306e\u9ad8\u3044\u4ee3\u66ff\u54c1\u3068\u306a\u308a\u307e\u3059\u3002<\/li>\n<\/ol>\n<h3 data-start=\"1474\" data-end=\"1518\"><strong data-start=\"1478\" data-end=\"1516\">\u3055\u307e\u3056\u307e\u306a\u696d\u754c\u3067\u306e\u5fdc\u7528<\/strong><\/h3>\n<ul data-start=\"1520\" data-end=\"1913\">\n<li data-start=\"1520\" data-end=\"1614\"><strong data-start=\"1522\" data-end=\"1555\">\u98df\u54c1\u304a\u3088\u3073\u98f2\u6599\u52a0\u5de5:<\/strong> \u6c5a\u67d3\u3092\u9632\u304e\u885b\u751f\u7684\u306a\u64cd\u4f5c\u3092\u4fdd\u8a3c\u3057\u307e\u3059\u3002<\/li>\n<li data-start=\"1615\" data-end=\"1706\"><strong data-start=\"1617\" data-end=\"1645\">\u88fd\u85ac\u696d\u754c:<\/strong> \u7121\u83cc\u6027\u3092\u7dad\u6301\u3057\u3001\u53b3\u3057\u3044\u696d\u754c\u898f\u5236\u3092\u6e80\u305f\u3057\u3066\u3044\u307e\u3059\u3002<\/li>\n<li data-start=\"1707\" data-end=\"1814\"><strong data-start=\"1709\" data-end=\"1743\">\u68b1\u5305\u3068\u8cc7\u6750\u306e\u53d6\u308a\u6271\u3044:<\/strong> \u9ad8\u901f\u30a2\u30d7\u30ea\u30b1\u30fc\u30b7\u30e7\u30f3\u3067\u30b9\u30e0\u30fc\u30ba\u304b\u3064\u4fe1\u983c\u6027\u306e\u9ad8\u3044\u30d1\u30d5\u30a9\u30fc\u30de\u30f3\u30b9\u3092\u63d0\u4f9b\u3057\u307e\u3059\u3002<\/li>\n<li data-start=\"1815\" data-end=\"1913\"><strong data-start=\"1817\" data-end=\"1846\">\u8fb2\u696d\u3068\u81ea\u52d5\u5316:<\/strong> \u307b\u3053\u308a\u3001\u6e7f\u6c17\u3001\u3055\u307e\u3056\u307e\u306a\u6e29\u5ea6\u3078\u306e\u66b4\u9732\u306b\u8010\u3048\u307e\u3059\u3002<\/li>\n<\/ul>\n<h2 data-start=\"1915\" data-end=\"1935\"><strong data-start=\"1919\" data-end=\"1933\">\u8010\u4e45\u6027\u3068\u52b9\u7387\u6027\u306e\u5411\u4e0a<\/strong><\/h2>\n<p data-start=\"1937\" data-end=\"2242\">\u5bc6\u9589\u30ab\u30d0\u30fc\u4ed8\u304dIP54\u8907\u5408\u30cf\u30a6\u30b8\u30f3\u30b0\u30d9\u30a2\u30ea\u30f3\u30b0\u30e6\u30cb\u30c3\u30c8\u306f\u3001\u6b21\u306e\u3088\u3046\u306a\u8981\u4ef6\u3092\u6e80\u305f\u3059\u7523\u696d\u306b\u6700\u9069\u3067\u3059\u3002 <strong data-start=\"2044\" data-end=\"2094\">\u8010\u4e45\u6027\u3001\u885b\u751f\u6027\u3001\u9577\u671f\u4fe1\u983c\u6027<\/strong>\u3002 \u5f7c\u3089\u306e <strong data-start=\"2102\" data-end=\"2181\">\u5bc6\u9589\u8a2d\u8a08\u3001\u8efd\u91cf\u69cb\u9020\u3001\u8010\u8150\u98df\u6027<\/strong> \u73fe\u4ee3\u306e\u7523\u696d\u7528\u9014\u3067\u306f\u6b20\u304b\u305b\u306a\u3044\u3082\u306e\u3068\u306a\u3063\u3066\u3044\u307e\u3059\u3002<\/p>\n<div class=\"dcf-overflow-x-auto\" tabindex=\"0\">\n<h2>\u71b1\u53ef\u5851\u6027\u30e6\u30cb\u30c3\u30c8\u30af\u30ed\u30fc\u30ba\u30c9\u30ab\u30d0\u30fc\/\u30af\u30ed\u30fc\u30ba\u30c9\u30ad\u30e3\u30c3\u30d7(CC)<\/h2>\n<p><a href=\"https:\/\/nhkmachineryparts.com\/jp\/%e8%a3%bd%e5%93%81\/223-%e3%83%94%e3%83%ad%e3%83%bc%e3%83%96%e3%83%ad%e3%83%83%e3%82%af%e3%83%a6%e3%83%8b%e3%83%83%e3%83%88-ppl\/\">\u30d4\u30ed\u30fc\u30d6\u30ed\u30c3\u30afPPL\u7389\u8ef8\u53d7\u30e6\u30cb\u30c3\u30c8<\/a><br \/>\n<a href=\"https:\/\/nhkmachineryparts.com\/jp\/%e8%a3%bd%e5%93%81\/222-%e5%b9%b3%e6%96%b9-4-%e3%83%9c%e3%83%ab%e3%83%88-%e3%83%95%e3%83%a9%e3%83%b3%e3%82%b8-%e3%83%a6%e3%83%8b%e3%83%83%e3%83%88-fpl\/\">\u89d24\u30dc\u30eb\u30c8\u30d5\u30e9\u30f3\u30b8FPL\u30dc\u30fc\u30eb\u30d9\u30a2\u30ea\u30f3\u30b0\u30e6\u30cb\u30c3\u30c8<\/a><br \/>\n<a href=\"https:\/\/nhkmachineryparts.com\/jp\/%e8%a3%bd%e5%93%81\/224-%e6%a5%95%e5%86%86-2-%e3%83%9c%e3%83%ab%e3%83%88-%e3%83%95%e3%83%a9%e3%83%b3%e3%82%b8-%e3%83%a6%e3%83%8b%e3%83%83%e3%83%88-flpl\/\">\u30aa\u30fc\u30d0\u30eb2\u30dc\u30eb\u30c8\u30d5\u30e9\u30f3\u30b8FLPL\u30dc\u30fc\u30eb\u30d9\u30a2\u30ea\u30f3\u30b0\u30e6\u30cb\u30c3\u30c8<\/a><br \/>\n<a href=\"https:\/\/nhkmachineryparts.com\/jp\/%e8%a3%bd%e5%93%81\/225-%e3%82%bf%e3%83%83%e3%83%97%e3%83%99%e3%83%bc%e3%82%b9%e3%83%94%e3%83%ad%e3%83%bc%e3%83%96%e3%83%ad%e3%83%83%e3%82%af%e3%83%a6%e3%83%8b%e3%83%83%e3%83%88%e3%83%91%e3%83%97%e3%83%ab\/\">\u30bf\u30c3\u30d7\u30d9\u30fc\u30b9\u30d4\u30ed\u30fc\u30d6\u30ed\u30c3\u30afPAPL\u30dc\u30fc\u30eb\u30d9\u30a2\u30ea\u30f3\u30b0\u30e6\u30cb\u30c3\u30c8<\/a><br \/>\n<a href=\"https:\/\/nhkmachineryparts.com\/jp\/%e8%a3%bd%e5%93%81\/226-%e3%83%95%e3%83%a9%e3%83%b3%e3%82%b8%e3%83%a6%e3%83%8b%e3%83%83%e3%83%88-3-%e3%83%9c%e3%83%ab%e3%83%88-%e7%89%87%e5%81%b4-fbpl\/\">3\u30dc\u30eb\u30c8\u7247\u5074\u30d5\u30e9\u30f3\u30b8FBPL\u30dc\u30fc\u30eb\u30d9\u30a2\u30ea\u30f3\u30b0\u30e6\u30cb\u30c3\u30c8<\/a><br \/>\n<a href=\"https:\/\/nhkmachineryparts.com\/jp\/%e8%a3%bd%e5%93%81\/292-%e3%82%ab%e3%83%bc%e3%83%88%e3%83%aa%e3%83%83%e3%82%b8-4-%e3%83%9c%e3%83%ab%e3%83%88-%e3%83%95%e3%83%a9%e3%83%b3%e3%82%b8-%e3%83%a6%e3%83%8b%e3%83%83%e3%83%88-fcpl\/\">\u30ab\u30fc\u30c8\u30ea\u30c3\u30b84\u30dc\u30eb\u30c8\u30d5\u30e9\u30f3\u30b8\u30e6\u30cb\u30c3\u30c8 FCPL<\/a><br \/>\n<a href=\"https:\/\/nhkmachineryparts.com\/jp\/%e8%a3%bd%e5%93%81\/227-%e3%83%8f%e3%83%b3%e3%82%ac%e3%83%bc%e3%83%a6%e3%83%8b%e3%83%83%e3%83%88-hppl\/\">\u30d6\u30eb\u30fc\u30cf\u30f3\u30ac\u30fc HPPL \u30dc\u30fc\u30eb\u30d9\u30a2\u30ea\u30f3\u30b0\u30e6\u30cb\u30c3\u30c8<\/a><br \/>\n<a href=\"https:\/\/nhkmachineryparts.com\/jp\/%e8%a3%bd%e5%93%81\/228-%e3%83%86%e3%82%a4%e3%82%af%e3%82%a2%e3%83%83%e3%83%97%e3%83%a6%e3%83%8b%e3%83%83%e3%83%88-tpl\/\">\u30d6\u30eb\u30fc \u30c6\u30a4\u30af\u30a2\u30c3\u30d7 TPL \u30dc\u30fc\u30eb \u30d9\u30a2\u30ea\u30f3\u30b0 \u30e6\u30cb\u30c3\u30c8<\/a><\/p>\n<\/div>\n\n\t\t<\/div>\n\t<\/div>\n<\/div><\/div><\/div><\/div><\/div><\/section>","protected":false},"excerpt":{"rendered":"Maximum Protection and Performance - Thermoplastic housings cover in Black, White or Blue - Cover material: Polypropylene Available sizes Shaft Diameter Catalog No. \u00d820 mm CC 204 \u00d825 mm CC 205 \u00d830 mm CC 206 \u00d835 mm CC 207 \u00d840 mm CC 208 \u00d845 mm CC 209 \u00d850 mm CC 210 \u00d855 mm CC 211 [...]","protected":false},"featured_media":9080,"template":"","meta":[],"product_brand":[],"product_cat":[52],"product_tag":[],"class_list":{"0":"post-1832","1":"product","2":"type-product","3":"status-publish","4":"has-post-thumbnail","6":"product_cat-bearing-units-in-ip54-thermo-plastic-housing","8":"first","9":"instock","10":"shipping-taxable","11":"product-type-simple"},"yoast_head":"<!-- This site is optimized with the Yoast SEO plugin v27.2 - https:\/\/yoast.com\/product\/yoast-seo-wordpress\/ -->\n<title>Thermo plastic bearing unit closed cover | Maximum Protection | NHK Machinery Parts<\/title>\n<meta name=\"description\" content=\"The closed cover for thermo plastic bearing unit is suitable for the food industry and other demanding environments, due to the hygienic design\" \/>\n<meta name=\"robots\" content=\"index, follow, max-snippet:-1, max-image-preview:large, max-video-preview:-1\" \/>\n<link rel=\"canonical\" href=\"https:\/\/nhkmachineryparts.com\/jp\/\u88fd\u54c1\/230-\u71b1\u53ef\u5851\u6027\u30e6\u30cb\u30c3\u30c8-\u30af\u30ed\u30fc\u30ba\u30c9\u30ab\u30d0\u30fc\/\" \/>\n<meta property=\"og:locale\" content=\"ja_JP\" \/>\n<meta property=\"og:type\" content=\"article\" \/>\n<meta property=\"og:title\" content=\"Thermo plastic bearing unit closed cover | Maximum Protection | NHK Machinery Parts\" \/>\n<meta property=\"og:description\" content=\"The closed cover for thermo plastic bearing unit is suitable for the food industry and other demanding environments, due to the hygienic design\" \/>\n<meta property=\"og:url\" content=\"https:\/\/nhkmachineryparts.com\/jp\/\u88fd\u54c1\/230-\u71b1\u53ef\u5851\u6027\u30e6\u30cb\u30c3\u30c8-\u30af\u30ed\u30fc\u30ba\u30c9\u30ab\u30d0\u30fc\/\" \/>\n<meta property=\"og:site_name\" content=\"NHK Machinery Parts\" \/>\n<meta property=\"article:publisher\" content=\"https:\/\/www.facebook.com\/NHK.Group.aps\" \/>\n<meta property=\"article:modified_time\" content=\"2026-02-23T12:54:05+00:00\" \/>\n<meta property=\"og:image\" content=\"https:\/\/nhkmachineryparts.com\/wp-content\/uploads\/2022\/09\/Closed-blue-cover-for-stainless-bearing-unit.jpg\" \/>\n\t<meta property=\"og:image:width\" content=\"1000\" \/>\n\t<meta property=\"og:image:height\" content=\"1000\" \/>\n\t<meta property=\"og:image:type\" content=\"image\/jpeg\" \/>\n<meta name=\"twitter:card\" content=\"summary_large_image\" \/>\n<meta name=\"twitter:label1\" content=\"\u63a8\u5b9a\u8aad\u307f\u53d6\u308a\u6642\u9593\" \/>\n\t<meta name=\"twitter:data1\" content=\"2\u5206\" \/>\n<script type=\"application\/ld+json\" class=\"yoast-schema-graph\">{\"@context\":\"https:\/\/schema.org\",\"@graph\":[{\"@type\":\"WebPage\",\"@id\":\"https:\/\/nhkmachineryparts.com\/product\/230-thermo-plastic-unit-closed-cover\/\",\"url\":\"https:\/\/nhkmachineryparts.com\/product\/230-thermo-plastic-unit-closed-cover\/\",\"name\":\"Thermo plastic bearing unit closed cover | Maximum Protection | NHK Machinery Parts\",\"isPartOf\":{\"@id\":\"https:\/\/nhkmachineryparts.com\/#website\"},\"primaryImageOfPage\":{\"@id\":\"https:\/\/nhkmachineryparts.com\/product\/230-thermo-plastic-unit-closed-cover\/#primaryimage\"},\"image\":{\"@id\":\"https:\/\/nhkmachineryparts.com\/product\/230-thermo-plastic-unit-closed-cover\/#primaryimage\"},\"thumbnailUrl\":\"https:\/\/nhkmachineryparts.com\/wp-content\/uploads\/2022\/09\/Closed-blue-cover-for-stainless-bearing-unit.jpg\",\"datePublished\":\"2022-09-26T10:10:50+00:00\",\"dateModified\":\"2026-02-23T12:54:05+00:00\",\"description\":\"The closed cover for thermo plastic bearing unit is suitable for the food industry and other demanding environments, due to the hygienic design\",\"breadcrumb\":{\"@id\":\"https:\/\/nhkmachineryparts.com\/product\/230-thermo-plastic-unit-closed-cover\/#breadcrumb\"},\"inLanguage\":\"ja\",\"potentialAction\":[{\"@type\":\"ReadAction\",\"target\":[\"https:\/\/nhkmachineryparts.com\/product\/230-thermo-plastic-unit-closed-cover\/\"]}]},{\"@type\":\"ImageObject\",\"inLanguage\":\"ja\",\"@id\":\"https:\/\/nhkmachineryparts.com\/product\/230-thermo-plastic-unit-closed-cover\/#primaryimage\",\"url\":\"https:\/\/nhkmachineryparts.com\/wp-content\/uploads\/2022\/09\/Closed-blue-cover-for-stainless-bearing-unit.jpg\",\"contentUrl\":\"https:\/\/nhkmachineryparts.com\/wp-content\/uploads\/2022\/09\/Closed-blue-cover-for-stainless-bearing-unit.jpg\",\"width\":1000,\"height\":1000,\"caption\":\"Closed blue cover for stainless bearing unit\"},{\"@type\":\"BreadcrumbList\",\"@id\":\"https:\/\/nhkmachineryparts.com\/product\/230-thermo-plastic-unit-closed-cover\/#breadcrumb\",\"itemListElement\":[{\"@type\":\"ListItem\",\"position\":1,\"name\":\"Home\",\"item\":\"https:\/\/nhkmachineryparts.com\/\"},{\"@type\":\"ListItem\",\"position\":2,\"name\":\"Product line\",\"item\":\"https:\/\/nhkmachineryparts.com\/product-line\/\"},{\"@type\":\"ListItem\",\"position\":3,\"name\":\"Bearing units in IP54\u00a0composite housing\",\"item\":\"https:\/\/nhkmachineryparts.com\/product-line\/bearing-units-in-ip54-thermo-plastic-housing\/\"},{\"@type\":\"ListItem\",\"position\":4,\"name\":\"Thermo plastic bearing unit closed cover\"}]},{\"@type\":\"WebSite\",\"@id\":\"https:\/\/nhkmachineryparts.com\/#website\",\"url\":\"https:\/\/nhkmachineryparts.com\/\",\"name\":\"NHK Machinery Parts\",\"description\":\"Bearing Houses, seismic levelling feet and levelling castors\",\"publisher\":{\"@id\":\"https:\/\/nhkmachineryparts.com\/#organization\"},\"potentialAction\":[{\"@type\":\"SearchAction\",\"target\":{\"@type\":\"EntryPoint\",\"urlTemplate\":\"https:\/\/nhkmachineryparts.com\/?s={search_term_string}\"},\"query-input\":{\"@type\":\"PropertyValueSpecification\",\"valueRequired\":true,\"valueName\":\"search_term_string\"}}],\"inLanguage\":\"ja\"},{\"@type\":\"Organization\",\"@id\":\"https:\/\/nhkmachineryparts.com\/#organization\",\"name\":\"Nhk Group ApS\",\"url\":\"https:\/\/nhkmachineryparts.com\/\",\"logo\":{\"@type\":\"ImageObject\",\"inLanguage\":\"ja\",\"@id\":\"https:\/\/nhkmachineryparts.com\/#\/schema\/logo\/image\/\",\"url\":\"https:\/\/nhkmachineryparts.com\/wp-content\/uploads\/2022\/09\/NHKgroup_social.jpg\",\"contentUrl\":\"https:\/\/nhkmachineryparts.com\/wp-content\/uploads\/2022\/09\/NHKgroup_social.jpg\",\"width\":1200,\"height\":630,\"caption\":\"Nhk Group ApS\"},\"image\":{\"@id\":\"https:\/\/nhkmachineryparts.com\/#\/schema\/logo\/image\/\"},\"sameAs\":[\"https:\/\/www.facebook.com\/NHK.Group.aps\"]}]}<\/script>\n<!-- \/ Yoast SEO plugin. -->","yoast_head_json":{"title":"\u71b1\u53ef\u5851\u6027\u30d9\u30a2\u30ea\u30f3\u30b0\u30e6\u30cb\u30c3\u30c8 \u30af\u30ed\u30fc\u30ba\u30c9\u30ab\u30d0\u30fc | \u6700\u5927\u9650\u306e\u4fdd\u8b77 | NHK \u30de\u30b7\u30ca\u30ea\u30fc\u30d1\u30fc\u30c4","description":"\u71b1\u53ef\u5851\u6027\u30d9\u30a2\u30ea\u30f3\u30b0\u30e6\u30cb\u30c3\u30c8\u7528\u306e\u5bc6\u9589\u30ab\u30d0\u30fc\u306f\u885b\u751f\u7684\u306a\u8a2d\u8a08\u306e\u305f\u3081\u3001\u98df\u54c1\u7523\u696d\u3084\u305d\u306e\u4ed6\u306e\u8981\u6c42\u306e\u53b3\u3057\u3044\u74b0\u5883\u306b\u9069\u3057\u3066\u3044\u307e\u3059\u3002","robots":{"index":"index","follow":"follow","max-snippet":"max-snippet:-1","max-image-preview":"max-image-preview:large","max-video-preview":"max-video-preview:-1"},"canonical":"https:\/\/nhkmachineryparts.com\/jp\/\u88fd\u54c1\/230-\u71b1\u53ef\u5851\u6027\u30e6\u30cb\u30c3\u30c8-\u30af\u30ed\u30fc\u30ba\u30c9\u30ab\u30d0\u30fc\/","og_locale":"ja_JP","og_type":"article","og_title":"Thermo plastic bearing unit closed cover | Maximum Protection | NHK Machinery Parts","og_description":"The closed cover for thermo plastic bearing unit is suitable for the food industry and other demanding environments, due to the hygienic design","og_url":"https:\/\/nhkmachineryparts.com\/jp\/\u88fd\u54c1\/230-\u71b1\u53ef\u5851\u6027\u30e6\u30cb\u30c3\u30c8-\u30af\u30ed\u30fc\u30ba\u30c9\u30ab\u30d0\u30fc\/","og_site_name":"NHK Machinery Parts","article_publisher":"https:\/\/www.facebook.com\/NHK.Group.aps","article_modified_time":"2026-02-23T12:54:05+00:00","og_image":[{"width":1000,"height":1000,"url":"https:\/\/nhkmachineryparts.com\/wp-content\/uploads\/2022\/09\/Closed-blue-cover-for-stainless-bearing-unit.jpg","type":"image\/jpeg"}],"twitter_card":"summary_large_image","twitter_misc":{"\u63a8\u5b9a\u8aad\u307f\u53d6\u308a\u6642\u9593":"2\u5206"},"schema":{"@context":"https:\/\/schema.org","@graph":[{"@type":"WebPage","@id":"https:\/\/nhkmachineryparts.com\/product\/230-thermo-plastic-unit-closed-cover\/","url":"https:\/\/nhkmachineryparts.com\/product\/230-thermo-plastic-unit-closed-cover\/","name":"\u71b1\u53ef\u5851\u6027\u30d9\u30a2\u30ea\u30f3\u30b0\u30e6\u30cb\u30c3\u30c8 \u30af\u30ed\u30fc\u30ba\u30c9\u30ab\u30d0\u30fc | \u6700\u5927\u9650\u306e\u4fdd\u8b77 | NHK \u30de\u30b7\u30ca\u30ea\u30fc\u30d1\u30fc\u30c4","isPartOf":{"@id":"https:\/\/nhkmachineryparts.com\/#website"},"primaryImageOfPage":{"@id":"https:\/\/nhkmachineryparts.com\/product\/230-thermo-plastic-unit-closed-cover\/#primaryimage"},"image":{"@id":"https:\/\/nhkmachineryparts.com\/product\/230-thermo-plastic-unit-closed-cover\/#primaryimage"},"thumbnailUrl":"https:\/\/nhkmachineryparts.com\/wp-content\/uploads\/2022\/09\/Closed-blue-cover-for-stainless-bearing-unit.jpg","datePublished":"2022-09-26T10:10:50+00:00","dateModified":"2026-02-23T12:54:05+00:00","description":"\u71b1\u53ef\u5851\u6027\u30d9\u30a2\u30ea\u30f3\u30b0\u30e6\u30cb\u30c3\u30c8\u7528\u306e\u5bc6\u9589\u30ab\u30d0\u30fc\u306f\u885b\u751f\u7684\u306a\u8a2d\u8a08\u306e\u305f\u3081\u3001\u98df\u54c1\u7523\u696d\u3084\u305d\u306e\u4ed6\u306e\u8981\u6c42\u306e\u53b3\u3057\u3044\u74b0\u5883\u306b\u9069\u3057\u3066\u3044\u307e\u3059\u3002","breadcrumb":{"@id":"https:\/\/nhkmachineryparts.com\/product\/230-thermo-plastic-unit-closed-cover\/#breadcrumb"},"inLanguage":"ja","potentialAction":[{"@type":"ReadAction","target":["https:\/\/nhkmachineryparts.com\/product\/230-thermo-plastic-unit-closed-cover\/"]}]},{"@type":"ImageObject","inLanguage":"ja","@id":"https:\/\/nhkmachineryparts.com\/product\/230-thermo-plastic-unit-closed-cover\/#primaryimage","url":"https:\/\/nhkmachineryparts.com\/wp-content\/uploads\/2022\/09\/Closed-blue-cover-for-stainless-bearing-unit.jpg","contentUrl":"https:\/\/nhkmachineryparts.com\/wp-content\/uploads\/2022\/09\/Closed-blue-cover-for-stainless-bearing-unit.jpg","width":1000,"height":1000,"caption":"Closed blue cover for stainless bearing unit"},{"@type":"BreadcrumbList","@id":"https:\/\/nhkmachineryparts.com\/product\/230-thermo-plastic-unit-closed-cover\/#breadcrumb","itemListElement":[{"@type":"ListItem","position":1,"name":"Home","item":"https:\/\/nhkmachineryparts.com\/"},{"@type":"ListItem","position":2,"name":"Product line","item":"https:\/\/nhkmachineryparts.com\/product-line\/"},{"@type":"ListItem","position":3,"name":"Bearing units in IP54\u00a0composite housing","item":"https:\/\/nhkmachineryparts.com\/product-line\/bearing-units-in-ip54-thermo-plastic-housing\/"},{"@type":"ListItem","position":4,"name":"Thermo plastic bearing unit closed cover"}]},{"@type":"WebSite","@id":"https:\/\/nhkmachineryparts.com\/#website","url":"https:\/\/nhkmachineryparts.com\/","name":"NHK\u6a5f\u68b0\u90e8\u54c1","description":"\u30d9\u30a2\u30ea\u30f3\u30b0\u30cf\u30a6\u30b9\u3001\u8010\u9707\u30ec\u30d9\u30ea\u30f3\u30b0\u30d5\u30a3\u30fc\u30c8\u3001\u30ec\u30d9\u30ea\u30f3\u30b0\u30ad\u30e3\u30b9\u30bf\u30fc","publisher":{"@id":"https:\/\/nhkmachineryparts.com\/#organization"},"potentialAction":[{"@type":"SearchAction","target":{"@type":"EntryPoint","urlTemplate":"https:\/\/nhkmachineryparts.com\/?s={search_term_string}"},"query-input":{"@type":"PropertyValueSpecification","valueRequired":true,"valueName":"search_term_string"}}],"inLanguage":"ja"},{"@type":"Organization","@id":"https:\/\/nhkmachineryparts.com\/#organization","name":"NHK\u30b0\u30eb\u30fc\u30d7APS","url":"https:\/\/nhkmachineryparts.com\/","logo":{"@type":"ImageObject","inLanguage":"ja","@id":"https:\/\/nhkmachineryparts.com\/#\/schema\/logo\/image\/","url":"https:\/\/nhkmachineryparts.com\/wp-content\/uploads\/2022\/09\/NHKgroup_social.jpg","contentUrl":"https:\/\/nhkmachineryparts.com\/wp-content\/uploads\/2022\/09\/NHKgroup_social.jpg","width":1200,"height":630,"caption":"Nhk Group ApS"},"image":{"@id":"https:\/\/nhkmachineryparts.com\/#\/schema\/logo\/image\/"},"sameAs":["https:\/\/www.facebook.com\/NHK.Group.aps"]}]}},"_links":{"self":[{"href":"https:\/\/nhkmachineryparts.com\/jp\/wp-json\/wp\/v2\/product\/1832","targetHints":{"allow":["GET"]}}],"collection":[{"href":"https:\/\/nhkmachineryparts.com\/jp\/wp-json\/wp\/v2\/product"}],"about":[{"href":"https:\/\/nhkmachineryparts.com\/jp\/wp-json\/wp\/v2\/types\/product"}],"wp:featuredmedia":[{"embeddable":true,"href":"https:\/\/nhkmachineryparts.com\/jp\/wp-json\/wp\/v2\/media\/9080"}],"wp:attachment":[{"href":"https:\/\/nhkmachineryparts.com\/jp\/wp-json\/wp\/v2\/media?parent=1832"}],"wp:term":[{"taxonomy":"product_brand","embeddable":true,"href":"https:\/\/nhkmachineryparts.com\/jp\/wp-json\/wp\/v2\/product_brand?post=1832"},{"taxonomy":"product_cat","embeddable":true,"href":"https:\/\/nhkmachineryparts.com\/jp\/wp-json\/wp\/v2\/product_cat?post=1832"},{"taxonomy":"product_tag","embeddable":true,"href":"https:\/\/nhkmachineryparts.com\/jp\/wp-json\/wp\/v2\/product_tag?post=1832"}],"curies":[{"name":"wp","href":"https:\/\/api.w.org\/{rel}","templated":true}]}}