{"id":8027,"date":"2024-01-08T05:12:26","date_gmt":"2024-01-08T03:12:26","guid":{"rendered":"https:\/\/nhkmachineryparts.com\/?post_type=product&#038;p=8027"},"modified":"2026-02-23T13:47:40","modified_gmt":"2026-02-23T11:47:40","slug":"dado-distanziatore-in-acciaio-inox-2","status":"publish","type":"product","link":"https:\/\/nhkmachineryparts.com\/it\/product\/hygienic-spacer-nut\/","title":{"rendered":"Dado distanziale in acciaio inox"},"content":{"rendered":"<section class=\"vc_row liquid-row-shadowbox-69d4a74c57a07\"><div class=\"ld-container container\"><div class=\"row ld-row ld-row-outer\"><div class=\"wpb_column vc_column_container vc_col-sm-12 liquid-column-69d4a74c57bb6\"><div class=\"vc_column-inner\" ><div class=\"wpb_wrapper\"  >\n\t<div class=\"wpb_text_column wpb_content_element\" >\n\t\t<div class=\"wpb_wrapper\">\n\t\t\t<h2>Dado distanziale in acciaio inox (Aisi 1.4301)<\/h2>\n<p>Dado distanziale filettato in acciaio inox (Aisi 1.4301)<br \/>\nDado distanziale M8-16-9 \u2013 ID=8.2 \u2013 DE=16.0 \u2013 L=9 \u2013 L1=6<br \/>\nDado distanziale M8-16-18 \u2013 ID=8.2 \u2013 DE=16.0 \u2013 L=18 \u2013 L1=12<br \/>\nDado distanziale M10-18-9 \u2013 ID=10.2 \u2013 DE=18.0 \u2013 L=9 \u2013 L1=6<br \/>\nDado distanziale M10-18-18 \u2013 ID=10.2 \u2013 DE=18.0 \u2013 L=18 \u2013 L1=12<br \/>\nDado distanziale M12-22-9 \u2013 ID=12.2 \u2013 DE=22.0 \u2013 L=9 \u2013 L1=6<br \/>\nDado distanziale M12-22-18 \u2013 ID=12.2 \u2013 DE=22.0 \u2013 L=18 \u2013 L1=12<br \/>\nDado distanziale M16-26-9 \u2013 ID=16.2 \u2013 DE=26.0 \u2013 L=9 \u2013 L1=6<br \/>\nDado distanziale M16-26-18 \u2013 ID=16.2 \u2013 DE=26.0 \u2013 L=18 \u2013 L1=12<\/p>\n<h2>Distanziale in acciaio inox (Aisi 1.4301)<\/h2>\n<p>Distanziale 8-16-9 \u2013 ID=8,2 \u2013 DE=16,0 \u2013 L=9<br \/>\nDistanziale 8-16-18 \u2013 ID=8,2 \u2013 DE=16,0 \u2013 L=18<br \/>\nDistanziale 10-18-9 \u2013 ID=10,2 \u2013 DE=18,0 \u2013 L=9<br \/>\nDistanziale 10-18-18 \u2013 ID=10,2 \u2013 DE=18,0 \u2013 L=18<br \/>\nDistanziale 12-22-9 \u2013 ID=12,2 \u2013 DE=22,0 \u2013 L=9<br \/>\nDistanziale 12-22-18 \u2013 ID=12,2 \u2013 DE=22,0 \u2013 L=18<br \/>\nDistanziale 16-26-9 \u2013 ID=16,2 \u2013 DE=26,0 \u2013 L=9<br \/>\nDistanziale 16-26-18 \u2013 ID=16,2 \u2013 DE=26,0 \u2013 L=18<\/p>\n<h2>Distanziale per filettatura in acciaio inox (Aisi 1.4301)<\/h2>\n<p>Il diametro interno \u00e8 pronto per realizzare filettature dopo la saldatura<br \/>\nDistanziale per filetti 6.8-16-15 \u2013 DI=6.8 \u2013 DE=16.0 \u2013 L=9<br \/>\nDistanziale per filetti 6.8-16-25 \u2013 DI=6.8 \u2013 DE=16.0 \u2013 L=18<br \/>\nDistanziale per filetti 8.5-18-15 \u2013 DI=8.5 \u2013 DE=18.0 \u2013 L=9<br \/>\nDistanziale per filetti 8.5-18-25 \u2013 DI=8.5 \u2013 DE=18.0 \u2013 L=18<br \/>\nDistanziale per filetti 10.2-22-15 \u2013 ID=10.2 \u2013 DE=22.0 \u2013 L=9<br \/>\nDistanziale per filetti 10.2-22-25 \u2013 ID=10.2 \u2013 DE=22.0 \u2013 L=18<br \/>\nDistanziale per filetti 14.0-26-15 \u2013 ID=14.0 \u2013 DE=26.0 \u2013 L=9<br \/>\nDistanziale per filetti 14.0-26-25 \u2013 ID=14.0 \u2013 DE=26.0 \u2013 L=18<\/p>\n<p><a href=\"https:\/\/nhkmachineryparts.com\/it\/linea-di-prodotto\/categoria\/50-hygienic-conveyor-parts-in-stainless-steel-design\/\">Componenti di macchinari in progettazione igienica<\/a><\/p>\n<p><a href=\"https:\/\/nhkmachineryparts.com\/it\/contatto\/\">Per altre dimensioni contattateci.<\/a><\/p>\n<div class=\"flex-1 overflow-hidden @container\/thread\">\n<div class=\"h-full\">\n<div class=\"react-scroll-to-bottom--css-wjprm-79elbk h-full\">\n<div class=\"react-scroll-to-bottom--css-wjprm-1n7m0yu\">\n<div class=\"flex flex-col text-sm md:pb-9\">\n<article class=\"w-full scroll-mb-&#091;var(--thread-trailing-height,150px)&#093; text-token-text-primary focus-visible:outline-2 focus-visible:outline-offset-&#091;-4px&#093;\" dir=\"auto\" data-testid=\"conversation-turn-3\" data-scroll-anchor=\"true\">\n<div class=\"m-auto text-base py-&#091;18px&#093; px-3 md:px-4 w-full md:px-5 lg:px-4 xl:px-5\">\n<div class=\"mx-auto flex flex-1 gap-4 text-base md:gap-5 lg:gap-6 md:max-w-3xl lg:max-w-&#091;40rem&#093; xl:max-w-&#091;48rem&#093;\">\n<div class=\"group\/conversation-turn relative flex w-full min-w-0 flex-col agent-turn\">\n<div class=\"flex-col gap-1 md:gap-3\">\n<div class=\"flex max-w-full flex-col flex-grow\">\n<div class=\"min-h-8 text-message flex w-full flex-col items-end gap-2 whitespace-normal break-words text-start &#091;.text-message+&amp;&#093;:mt-5\" dir=\"auto\" data-message-author-role=\"assistant\" data-message-id=\"dcf8b918-0536-46f8-8dfe-35edc7431667\" data-message-model-slug=\"gpt-4o\">\n<div class=\"flex w-full flex-col gap-1 empty:hidden first:pt-&#091;3px&#093;\">\n<div class=\"markdown prose w-full break-words dark:prose-invert light\">\n<h2>Dado distanziatore in acciaio inox<\/h2>\n<h3>Ridurre i tempi di inattivit\u00e0 e i costi di manutenzione<\/h3>\n<p>In <a href=\"https:\/\/nhkmachineryparts.com\/it\/our-industries\/\" data-internallinksmanager029f6b8e52c=\"4\" title=\"Le nostre industrie\">industrie<\/a> dove le prestazioni delle apparecchiature sono critiche, la scelta dei componenti giusti pu\u00f2 avere un impatto significativo sull&#039;efficienza e sulla manutenzione. I dadi distanziali in acciaio inossidabile sono uno di questi componenti essenziali progettati per migliorare l&#039;affidabilit\u00e0 operativa riducendo al contempo i tempi di fermo e i costi associati. La loro durata e precisione li rendono indispensabili in vari settori, dall&#039;industria alimentare a quella farmaceutica.<\/p>\n<hr \/>\n<h2>Cosa sono i dadi distanziatori?<\/h2>\n<p>I dadi distanziatori sono elementi di fissaggio specializzati utilizzati per mantenere una distanza precisa tra i componenti, assicurando stabilit\u00e0 e allineamento nei macchinari. A differenza dei dadi tradizionali, i dadi distanziatori sono progettati per svolgere una duplice funzione: fissaggio e spaziatura. Quando realizzati in acciaio inossidabile, ottengono ulteriori vantaggi, come resistenza alla corrosione, resistenza e igiene.<\/p>\n<hr \/>\n<h2>Vantaggi dei dadi distanziatori in acciaio inossidabile<\/h2>\n<h3>1. <strong>Resistenza alla corrosione<\/strong><\/h3>\n<p>L&#039;acciaio inossidabile \u00e8 rinomato per la sua capacit\u00e0 di resistere ad ambienti difficili, tra cui l&#039;esposizione a umidit\u00e0, sostanze chimiche e temperature estreme. Ci\u00f2 rende i dadi distanziali in acciaio inossidabile ideali per settori come quello alimentare e farmaceutico, dove igiene e durata sono fondamentali.<\/p>\n<h3>2. <strong>Durata e resistenza<\/strong><\/h3>\n<p>La robusta costruzione dei dadi distanziali in acciaio inossidabile assicura che possano sopportare carichi e sollecitazioni elevate, riducendo la probabilit\u00e0 di guasti meccanici. Questa durevolezza porta a una maggiore durata e a costi di sostituzione inferiori.<\/p>\n<h3>3. <strong>Design igienico<\/strong><\/h3>\n<p>Per i settori che richiedono una rigorosa aderenza agli standard igienici, come la produzione alimentare e farmaceutica, i dadi distanziali in acciaio inossidabile soddisfano i requisiti sanitari. La loro superficie liscia resiste all&#039;accumulo di batteri ed \u00e8 facile da pulire, supportando la conformit\u00e0 con <a href=\"https:\/\/nhkmachineryparts.com\/it\/qual-e-la-differenza-tra-3a-e-ehedg\/\" data-internallinksmanager029f6b8e52c=\"2\" title=\"Parti di macchinari certificate EHEDG\">EHEDG<\/a> e standard 3-A.<\/p>\n<h3>4. <strong>Manutenzione conveniente<\/strong><\/h3>\n<p>Mantenendo l&#039;allineamento e la stabilit\u00e0 dei macchinari, i dadi distanziali in acciaio inossidabile riducono l&#039;usura delle attrezzature. Ci\u00f2 si traduce in meno guasti, riducendo al minimo i tempi di fermo e i costi di riparazione.<\/p>\n<h3>5. <strong>Versatilit\u00e0 nei vari settori<\/strong><\/h3>\n<p>I dadi distanziatori sono compatibili con un&#039;ampia gamma di macchinari e applicazioni. Che siano utilizzati in nastri trasportatori, pompe o sistemi robotici, forniscono prestazioni costanti.<\/p>\n<hr \/>\n<h2>Principali applicazioni dei dadi distanziatori in acciaio inossidabile<\/h2>\n<h3>Industria di trasformazione alimentare<\/h3>\n<p>Nella produzione alimentare, mantenere l&#039;igiene \u00e8 fondamentale. I dadi distanziali in acciaio inossidabile sono ampiamente utilizzati in attrezzature come nastri trasportatori e miscelatori, dove la spaziatura di precisione e l&#039;igiene sono essenziali. Le loro propriet\u00e0 anticorrosione assicurano che possano resistere a una pulizia e sanificazione regolari.<\/p>\n<h3>Industrie farmaceutiche e biotecnologiche<\/h3>\n<p>I dadi distanziali in acciaio inossidabile soddisfano i severi standard richiesti negli ambienti farmaceutici. La loro capacit\u00e0 di resistere all&#039;esposizione chimica e di mantenere l&#039;integrit\u00e0 strutturale garantisce prestazioni affidabili in camere bianche e laboratori.<\/p>\n<h3>Industria dell&#039;imballaggio<\/h3>\n<p>I dadi distanziali in acciaio inossidabile sono parte integrante dei macchinari per l&#039;imballaggio ad alta velocit\u00e0, garantendo stabilit\u00e0 e allineamento per un funzionamento regolare. La loro durata riduce la necessit\u00e0 di frequenti regolazioni, mantenendo la produttivit\u00e0.<\/p>\n<h3>Settori automobilistico e aerospaziale<\/h3>\n<p>Nelle applicazioni automobilistiche e aerospaziali, precisione e affidabilit\u00e0 non sono negoziabili. I dadi distanziali in acciaio inossidabile forniscono la stabilit\u00e0 e la resistenza necessarie per mantenere i componenti allineati in macchinari ad alte prestazioni.<\/p>\n<hr \/>\n<h2>Scelta del dado distanziatore in acciaio inossidabile giusto<\/h2>\n<p>Quando si selezionano i dadi distanziatori per le proprie operazioni, considerare fattori quali:<\/p>\n<ul>\n<li><strong>Grado del materiale:<\/strong> Per una maggiore resistenza alla corrosione, optare per gradi di acciaio inossidabile come 304 o 316.<\/li>\n<li><strong>Specifiche di progettazione:<\/strong> Assicuratevi che le dimensioni e la filettatura corrispondano ai requisiti della vostra applicazione.<\/li>\n<li><strong>Certificazioni:<\/strong> Cercare dadi distanziatori conformi agli standard del settore, come ISO o EHEDG.<\/li>\n<\/ul>\n<hr \/>\n<h2>Dadi distanziatori in acciaio inossidabile: la chiave per ridurre i tempi di fermo e i costi di manutenzione<\/h2>\n<p>Investire in distanziali in acciaio inossidabile \u00e8 una decisione strategica per le industrie che mirano a ridurre al minimo i tempi di fermo e i costi di manutenzione. La loro resistenza alla corrosione, la durevolezza e il design igienico li rendono un&#039;aggiunta preziosa per varie applicazioni. Scegliendo distanziali di alta qualit\u00e0, le aziende possono garantire efficienza operativa, migliorare la produttivit\u00e0 e ottenere risparmi sui costi a lungo termine.<\/p>\n<p>Aggiorna oggi stesso i tuoi macchinari con dadi distanziali in acciaio inossidabile e scopri i vantaggi di una manutenzione ridotta, tempi di fermo ridotti e maggiore affidabilit\u00e0.<\/p>\n<\/div>\n<\/div>\n<\/div>\n<\/div>\n<\/div>\n<\/div>\n<\/div>\n<\/div>\n<\/article>\n<\/div>\n<\/div>\n<\/div>\n<\/div>\n<\/div>\n\n\t\t<\/div>\n\t<\/div>\n<\/div><\/div><\/div><\/div><\/div><\/section>","protected":false},"excerpt":{"rendered":"Spacer nut in stainless steel\u00a0 (Aisi 1.4301) Threaded stainless steel\u00a0spacer nut\u00a0(Aisi 1.4301) Spacer nut M8-16-9 - ID=8.2 \u2013 OD=16.0 \u2013 L=9 \u2013 L1=6 Spacer nut M8-16-18 - ID=8.2 \u2013 OD=16.0 \u2013 L=18 \u2013 L1=12 Spacer nut M10-18-9 - ID=10.2 \u2013 OD=18.0 \u2013 L=9 \u2013 L1=6 Spacer nut M10-18-18 - ID=10.2 \u2013 OD=18.0 \u2013 L=18 \u2013 [...]","protected":false},"featured_media":8564,"template":"","meta":[],"product_brand":[],"product_cat":[64],"product_tag":[],"class_list":{"0":"post-8027","1":"product","2":"type-product","3":"status-publish","4":"has-post-thumbnail","6":"product_cat-hygienic-machinery-components-in-stainless-steel","8":"first","9":"instock","10":"shipping-taxable","11":"product-type-simple"},"yoast_head":"<!-- This site is optimized with the Yoast SEO plugin v27.3 - https:\/\/yoast.com\/product\/yoast-seo-wordpress\/ -->\n<title>Spacer nut in stainless steel | NHK Machinery Parts<\/title>\n<meta name=\"description\" content=\"Threaded stainless steel\u00a0spacer nut\u00a0(Aisi 1.4301), components in hygienic design for the manufacture and processing of food and pharmaceutical products.\" \/>\n<meta name=\"robots\" content=\"index, follow, max-snippet:-1, max-image-preview:large, max-video-preview:-1\" \/>\n<link rel=\"canonical\" href=\"https:\/\/nhkmachineryparts.com\/it\/prodotto\/dado-distanziatore-in-acciaio-inox-2\/\" \/>\n<meta property=\"og:locale\" content=\"it_IT\" \/>\n<meta property=\"og:type\" content=\"article\" \/>\n<meta property=\"og:title\" content=\"Spacer nut in stainless steel | NHK Machinery Parts\" \/>\n<meta property=\"og:description\" content=\"Threaded stainless steel\u00a0spacer nut\u00a0(Aisi 1.4301), components in hygienic design for the manufacture and processing of food and pharmaceutical products.\" \/>\n<meta property=\"og:url\" content=\"https:\/\/nhkmachineryparts.com\/it\/prodotto\/dado-distanziatore-in-acciaio-inox-2\/\" \/>\n<meta property=\"og:site_name\" content=\"NHK Machinery Parts\" \/>\n<meta property=\"article:publisher\" content=\"https:\/\/www.facebook.com\/NHK.Group.aps\" \/>\n<meta property=\"article:modified_time\" content=\"2026-02-23T11:47:40+00:00\" \/>\n<meta property=\"og:image\" content=\"https:\/\/nhkmachineryparts.com\/wp-content\/uploads\/2024\/01\/Hygienic-spacer-nut.jpg\" \/>\n\t<meta property=\"og:image:width\" content=\"1000\" \/>\n\t<meta property=\"og:image:height\" content=\"1000\" \/>\n\t<meta property=\"og:image:type\" content=\"image\/jpeg\" \/>\n<meta name=\"twitter:card\" content=\"summary_large_image\" \/>\n<meta name=\"twitter:label1\" content=\"Tempo di lettura stimato\" \/>\n\t<meta name=\"twitter:data1\" content=\"4 minuti\" \/>\n<script type=\"application\/ld+json\" class=\"yoast-schema-graph\">{\"@context\":\"https:\\\/\\\/schema.org\",\"@graph\":[{\"@type\":\"WebPage\",\"@id\":\"https:\\\/\\\/nhkmachineryparts.com\\\/product\\\/hygienic-spacer-nut\\\/\",\"url\":\"https:\\\/\\\/nhkmachineryparts.com\\\/product\\\/hygienic-spacer-nut\\\/\",\"name\":\"Spacer nut in stainless steel | NHK Machinery Parts\",\"isPartOf\":{\"@id\":\"https:\\\/\\\/nhkmachineryparts.com\\\/#website\"},\"primaryImageOfPage\":{\"@id\":\"https:\\\/\\\/nhkmachineryparts.com\\\/product\\\/hygienic-spacer-nut\\\/#primaryimage\"},\"image\":{\"@id\":\"https:\\\/\\\/nhkmachineryparts.com\\\/product\\\/hygienic-spacer-nut\\\/#primaryimage\"},\"thumbnailUrl\":\"https:\\\/\\\/nhkmachineryparts.com\\\/wp-content\\\/uploads\\\/2024\\\/01\\\/Hygienic-spacer-nut.jpg\",\"datePublished\":\"2024-01-08T03:12:26+00:00\",\"dateModified\":\"2026-02-23T11:47:40+00:00\",\"description\":\"Threaded stainless steel\u00a0spacer nut\u00a0(Aisi 1.4301), components in hygienic design for the manufacture and processing of food and pharmaceutical products.\",\"breadcrumb\":{\"@id\":\"https:\\\/\\\/nhkmachineryparts.com\\\/product\\\/hygienic-spacer-nut\\\/#breadcrumb\"},\"inLanguage\":\"it-IT\",\"potentialAction\":[{\"@type\":\"ReadAction\",\"target\":[\"https:\\\/\\\/nhkmachineryparts.com\\\/product\\\/hygienic-spacer-nut\\\/\"]}]},{\"@type\":\"ImageObject\",\"inLanguage\":\"it-IT\",\"@id\":\"https:\\\/\\\/nhkmachineryparts.com\\\/product\\\/hygienic-spacer-nut\\\/#primaryimage\",\"url\":\"https:\\\/\\\/nhkmachineryparts.com\\\/wp-content\\\/uploads\\\/2024\\\/01\\\/Hygienic-spacer-nut.jpg\",\"contentUrl\":\"https:\\\/\\\/nhkmachineryparts.com\\\/wp-content\\\/uploads\\\/2024\\\/01\\\/Hygienic-spacer-nut.jpg\",\"width\":1000,\"height\":1000,\"caption\":\"Hygienic spacer nut\"},{\"@type\":\"BreadcrumbList\",\"@id\":\"https:\\\/\\\/nhkmachineryparts.com\\\/product\\\/hygienic-spacer-nut\\\/#breadcrumb\",\"itemListElement\":[{\"@type\":\"ListItem\",\"position\":1,\"name\":\"Home\",\"item\":\"https:\\\/\\\/nhkmachineryparts.com\\\/\"},{\"@type\":\"ListItem\",\"position\":2,\"name\":\"Product line\",\"item\":\"https:\\\/\\\/nhkmachineryparts.com\\\/product-line\\\/\"},{\"@type\":\"ListItem\",\"position\":3,\"name\":\"Hygienic machinery components in stainless steel\",\"item\":\"https:\\\/\\\/nhkmachineryparts.com\\\/product-line\\\/hygienic-machinery-components-in-stainless-steel\\\/\"},{\"@type\":\"ListItem\",\"position\":4,\"name\":\"Spacer nut in stainless steel\"}]},{\"@type\":\"WebSite\",\"@id\":\"https:\\\/\\\/nhkmachineryparts.com\\\/#website\",\"url\":\"https:\\\/\\\/nhkmachineryparts.com\\\/\",\"name\":\"NHK Machinery Parts\",\"description\":\"Bearing Houses, seismic levelling feet and levelling castors\",\"publisher\":{\"@id\":\"https:\\\/\\\/nhkmachineryparts.com\\\/#organization\"},\"potentialAction\":[{\"@type\":\"SearchAction\",\"target\":{\"@type\":\"EntryPoint\",\"urlTemplate\":\"https:\\\/\\\/nhkmachineryparts.com\\\/?s={search_term_string}\"},\"query-input\":{\"@type\":\"PropertyValueSpecification\",\"valueRequired\":true,\"valueName\":\"search_term_string\"}}],\"inLanguage\":\"it-IT\"},{\"@type\":\"Organization\",\"@id\":\"https:\\\/\\\/nhkmachineryparts.com\\\/#organization\",\"name\":\"Nhk Group ApS\",\"url\":\"https:\\\/\\\/nhkmachineryparts.com\\\/\",\"logo\":{\"@type\":\"ImageObject\",\"inLanguage\":\"it-IT\",\"@id\":\"https:\\\/\\\/nhkmachineryparts.com\\\/#\\\/schema\\\/logo\\\/image\\\/\",\"url\":\"https:\\\/\\\/nhkmachineryparts.com\\\/wp-content\\\/uploads\\\/2022\\\/09\\\/NHKgroup_social.jpg\",\"contentUrl\":\"https:\\\/\\\/nhkmachineryparts.com\\\/wp-content\\\/uploads\\\/2022\\\/09\\\/NHKgroup_social.jpg\",\"width\":1200,\"height\":630,\"caption\":\"Nhk Group ApS\"},\"image\":{\"@id\":\"https:\\\/\\\/nhkmachineryparts.com\\\/#\\\/schema\\\/logo\\\/image\\\/\"},\"sameAs\":[\"https:\\\/\\\/www.facebook.com\\\/NHK.Group.aps\"]}]}<\/script>\n<!-- \/ Yoast SEO plugin. -->","yoast_head_json":{"title":"Dado distanziale in acciaio inox | Parti di macchinari NHK","description":"Dado distanziale filettato in acciaio inossidabile (Aisi 1.4301), componenti in design igienico per la produzione e la lavorazione di prodotti alimentari e farmaceutici.","robots":{"index":"index","follow":"follow","max-snippet":"max-snippet:-1","max-image-preview":"max-image-preview:large","max-video-preview":"max-video-preview:-1"},"canonical":"https:\/\/nhkmachineryparts.com\/it\/prodotto\/dado-distanziatore-in-acciaio-inox-2\/","og_locale":"it_IT","og_type":"article","og_title":"Spacer nut in stainless steel | NHK Machinery Parts","og_description":"Threaded stainless steel\u00a0spacer nut\u00a0(Aisi 1.4301), components in hygienic design for the manufacture and processing of food and pharmaceutical products.","og_url":"https:\/\/nhkmachineryparts.com\/it\/prodotto\/dado-distanziatore-in-acciaio-inox-2\/","og_site_name":"NHK Machinery Parts","article_publisher":"https:\/\/www.facebook.com\/NHK.Group.aps","article_modified_time":"2026-02-23T11:47:40+00:00","og_image":[{"width":1000,"height":1000,"url":"https:\/\/nhkmachineryparts.com\/wp-content\/uploads\/2024\/01\/Hygienic-spacer-nut.jpg","type":"image\/jpeg"}],"twitter_card":"summary_large_image","twitter_misc":{"Tempo di lettura stimato":"4 minuti"},"schema":{"@context":"https:\/\/schema.org","@graph":[{"@type":"WebPage","@id":"https:\/\/nhkmachineryparts.com\/product\/hygienic-spacer-nut\/","url":"https:\/\/nhkmachineryparts.com\/product\/hygienic-spacer-nut\/","name":"Dado distanziale in acciaio inox | Parti di macchinari NHK","isPartOf":{"@id":"https:\/\/nhkmachineryparts.com\/#website"},"primaryImageOfPage":{"@id":"https:\/\/nhkmachineryparts.com\/product\/hygienic-spacer-nut\/#primaryimage"},"image":{"@id":"https:\/\/nhkmachineryparts.com\/product\/hygienic-spacer-nut\/#primaryimage"},"thumbnailUrl":"https:\/\/nhkmachineryparts.com\/wp-content\/uploads\/2024\/01\/Hygienic-spacer-nut.jpg","datePublished":"2024-01-08T03:12:26+00:00","dateModified":"2026-02-23T11:47:40+00:00","description":"Dado distanziale filettato in acciaio inossidabile (Aisi 1.4301), componenti in design igienico per la produzione e la lavorazione di prodotti alimentari e farmaceutici.","breadcrumb":{"@id":"https:\/\/nhkmachineryparts.com\/product\/hygienic-spacer-nut\/#breadcrumb"},"inLanguage":"it-IT","potentialAction":[{"@type":"ReadAction","target":["https:\/\/nhkmachineryparts.com\/product\/hygienic-spacer-nut\/"]}]},{"@type":"ImageObject","inLanguage":"it-IT","@id":"https:\/\/nhkmachineryparts.com\/product\/hygienic-spacer-nut\/#primaryimage","url":"https:\/\/nhkmachineryparts.com\/wp-content\/uploads\/2024\/01\/Hygienic-spacer-nut.jpg","contentUrl":"https:\/\/nhkmachineryparts.com\/wp-content\/uploads\/2024\/01\/Hygienic-spacer-nut.jpg","width":1000,"height":1000,"caption":"Hygienic spacer nut"},{"@type":"BreadcrumbList","@id":"https:\/\/nhkmachineryparts.com\/product\/hygienic-spacer-nut\/#breadcrumb","itemListElement":[{"@type":"ListItem","position":1,"name":"Home","item":"https:\/\/nhkmachineryparts.com\/"},{"@type":"ListItem","position":2,"name":"Product line","item":"https:\/\/nhkmachineryparts.com\/product-line\/"},{"@type":"ListItem","position":3,"name":"Hygienic machinery components in stainless steel","item":"https:\/\/nhkmachineryparts.com\/product-line\/hygienic-machinery-components-in-stainless-steel\/"},{"@type":"ListItem","position":4,"name":"Spacer nut in stainless steel"}]},{"@type":"WebSite","@id":"https:\/\/nhkmachineryparts.com\/#website","url":"https:\/\/nhkmachineryparts.com\/","name":"Parti di macchinari NHK","description":"Case Portanti, piedi livellatori sismici e ruote livellatrici","publisher":{"@id":"https:\/\/nhkmachineryparts.com\/#organization"},"potentialAction":[{"@type":"SearchAction","target":{"@type":"EntryPoint","urlTemplate":"https:\/\/nhkmachineryparts.com\/?s={search_term_string}"},"query-input":{"@type":"PropertyValueSpecification","valueRequired":true,"valueName":"search_term_string"}}],"inLanguage":"it-IT"},{"@type":"Organization","@id":"https:\/\/nhkmachineryparts.com\/#organization","name":"Gruppo Nhk ApS","url":"https:\/\/nhkmachineryparts.com\/","logo":{"@type":"ImageObject","inLanguage":"it-IT","@id":"https:\/\/nhkmachineryparts.com\/#\/schema\/logo\/image\/","url":"https:\/\/nhkmachineryparts.com\/wp-content\/uploads\/2022\/09\/NHKgroup_social.jpg","contentUrl":"https:\/\/nhkmachineryparts.com\/wp-content\/uploads\/2022\/09\/NHKgroup_social.jpg","width":1200,"height":630,"caption":"Nhk Group ApS"},"image":{"@id":"https:\/\/nhkmachineryparts.com\/#\/schema\/logo\/image\/"},"sameAs":["https:\/\/www.facebook.com\/NHK.Group.aps"]}]}},"_links":{"self":[{"href":"https:\/\/nhkmachineryparts.com\/it\/wp-json\/wp\/v2\/product\/8027","targetHints":{"allow":["GET"]}}],"collection":[{"href":"https:\/\/nhkmachineryparts.com\/it\/wp-json\/wp\/v2\/product"}],"about":[{"href":"https:\/\/nhkmachineryparts.com\/it\/wp-json\/wp\/v2\/types\/product"}],"wp:featuredmedia":[{"embeddable":true,"href":"https:\/\/nhkmachineryparts.com\/it\/wp-json\/wp\/v2\/media\/8564"}],"wp:attachment":[{"href":"https:\/\/nhkmachineryparts.com\/it\/wp-json\/wp\/v2\/media?parent=8027"}],"wp:term":[{"taxonomy":"product_brand","embeddable":true,"href":"https:\/\/nhkmachineryparts.com\/it\/wp-json\/wp\/v2\/product_brand?post=8027"},{"taxonomy":"product_cat","embeddable":true,"href":"https:\/\/nhkmachineryparts.com\/it\/wp-json\/wp\/v2\/product_cat?post=8027"},{"taxonomy":"product_tag","embeddable":true,"href":"https:\/\/nhkmachineryparts.com\/it\/wp-json\/wp\/v2\/product_tag?post=8027"}],"curies":[{"name":"scrivere","href":"https:\/\/api.w.org\/{rel}","templated":true}]}}