{"id":5549,"date":"2023-07-14T09:27:43","date_gmt":"2023-07-14T07:27:43","guid":{"rendered":"https:\/\/nhkmachineryparts.com\/?post_type=product&#038;p=5549"},"modified":"2026-02-27T15:59:30","modified_gmt":"2026-02-27T13:59:30","slug":"ehedg-3a-bullone-igienico-da-m6-a-m30-in-acciaio-inossidabile","status":"publish","type":"product","link":"https:\/\/nhkmachineryparts.com\/it\/product\/ehedg-3a-hygienic-bolt-m5-to-m30-in-stainless-steel\/","title":{"rendered":"EHEDG-certified bolt M5 to M30"},"content":{"rendered":"<section class=\"vc_row liquid-row-shadowbox-69d3b251cddee\"><div class=\"ld-container container\"><div class=\"row ld-row ld-row-outer\"><div class=\"wpb_column vc_column_container vc_col-sm-12 liquid-column-69d3b251ce014\"><div class=\"vc_column-inner\" ><div class=\"wpb_wrapper\"  >\n\t<div class=\"wpb_text_column wpb_content_element\" >\n\t\t<div class=\"wpb_wrapper\">\n\t\t\t<h3>La soluzione ideale per applicazioni igieniche e sanitarie<\/h3>\n<p>La guarnizione blocca l&#039;acqua e i batteri e impedisce anche un assemblaggio metallo-metallo non igienico.<\/p>\n<p>Il design dei bulloni non si discosta dalle dimensioni dei bulloni standard attuali. Pertanto, le dimensioni della chiave, l&#039;altezza della filettatura, ecc. rimangono tutte le stesse, rendendo molto semplice l&#039;aggiornamento e la sostituzione dei bulloni standard. Questa \u00e8 la scelta giusta di bulloni da utilizzare su tutti i macchinari in tutti gli ambienti di lavaggio igienico certificati.<\/p>\n<p>Superfici autodrenanti con una rugosit\u00e0 massima di 0,8 \u00b5m Ra.<br \/>\nMateriale Acciaio inossidabile 1.4301 e guarnizione in silicone.<\/p>\n<h2>Bullone igienico EHEDG<\/h2>\n<p>3A HB M5-L10 \u00d812 H=12<br \/>\n3A HB M5-L12 \u00d812 H=12<br \/>\n3A HB M5-L16 \u00d812 H=12<br \/>\n3A HB M5-L20 \u00d812 H=12<br \/>\n3A HB M5-L25 \u00d812 H=12<br \/>\n3A HB M5-L30 \u00d812 H=12<br \/>\n3A HB M5-L35 \u00d812 H=12<\/p>\n<p>3A HB M6-L10 \u00d812 H=12<br \/>\n3A HB M6-L12 \u00d812 H=12<br \/>\n3A HB M6-L16 \u00d812 H=12<br \/>\n3A HB M6-L20 \u00d812 H=12<br \/>\n3A HB M6-L25 \u00d812 H=12<br \/>\n3A HB M6-L30 \u00d812 H=12<br \/>\n3A HB M6-L35 \u00d812 H=12<br \/>\n3A HB M6-L40 \u00d812 H=12<br \/>\n3A HB M6-L50 \u00d812 H=12<br \/>\n3A HB M6-L60 \u00d812 H=12<br \/>\n3A HB M6-L80 \u00d812 H=12<br \/>\n3A HB M6-L100 \u00d812 H=12<\/p>\n<p>3A HB M8-L10 \u00d815 H=14<br \/>\n3A HB M8-L12 \u00d815 H=14<br \/>\n3A HB M8-L16 \u00d815 H=14<br \/>\n3A HB M8-L20 \u00d815 H=14<br \/>\n3A HB M8-L25 \u00d815 H=14<br \/>\n3A HB M8-L30 \u00d815 H=14<br \/>\n3A HB M8-L35 \u00d815 H=14<br \/>\n3A HB M8-L40 \u00d815 H=14<br \/>\n3A HB M8-L50 \u00d815 H=14<br \/>\n3A HB M8-L60 \u00d815 H=14<br \/>\n3A HB M8-L80 \u00d815 H=14<br \/>\n3A HB M8-L100 \u00d815 H=14<\/p>\n<p>Vite senza testa M10-L10 \u00d820 H=16<br \/>\nVite senza testa M10-L12 \u00d820 H=16<br \/>\nVite senza testa M10-L16 \u00d820 H=16<br \/>\nVite senza testa M10-L20 \u00d820 H=16<br \/>\nVite senza testa M10-L25 \u00d820 H=16<br \/>\nVite senza testa M10-L30 \u00d820 H=16<br \/>\nVite senza testa M10-L35 \u00d820 H=16<br \/>\nVite senza testa M10-L40 \u00d820 H=16<br \/>\nVite senza testa M10-L50 \u00d820 H=16<br \/>\nVite senza testa M10-L60 \u00d820 H=16<br \/>\nVite senza testa M10-L80 \u00d820 H=16<br \/>\nVite senza testa M10-L100 \u00d820 H=16<\/p>\n<p>3A HB M12-L12 \u00d822 H=18<br \/>\n3A HB M12-L16 \u00d822 H=18<br \/>\n3A HB M12-L20 \u00d822 H=18<br \/>\n3A HB M12-L25 \u00d822 H=18<br \/>\n3A HB M12-L30 \u00d822 H=18<br \/>\n3A HB M12-L35 \u00d822 H=18<br \/>\n3A HB M12-L40 \u00d822 H=18<br \/>\n3A HB M12-L50 \u00d822 H=18<br \/>\n3A HB M12-L60 \u00d822 H=18<br \/>\n3A HB M12-L80 \u00d822 H=18<br \/>\n3A HB M12-L100 \u00d822 H=18<br \/>\n3A HB M12-L120 \u00d822 H=18<\/p>\n<p>3A HB M16-L16 \u00d828 H=20<br \/>\n3A HB M16-L20 \u00d828 H=20<br \/>\n3A HB M16-L25 \u00d828 H=20<br \/>\n3A HB M16-L30 \u00d828 H=20<br \/>\n3A HB M16-L35 \u00d828 H=20<br \/>\n3A HB M16-L40 \u00d828 H=20<br \/>\n3A HB M16-L50 \u00d828 H=20<br \/>\n3A HB M16-L60 \u00d828 H=20<br \/>\n3A HB M16-L80 \u00d828 H=20<br \/>\n3A HB M16-L100 \u00d828 H=20<br \/>\n3A HB M16-L120 \u00d828 H=20<br \/>\n3A HB M16-L150 \u00d828 H=20<\/p>\n<p>3A HB M20-L20 \u00d832 H=22<br \/>\n3A HB M20-L25 \u00d832 H=22<br \/>\n3A HB M20-L30 \u00d832 H=22<br \/>\n3A HB M20-L35 \u00d832 H=22<br \/>\n3A HB M20-L40 \u00d832 H=22<br \/>\n3A HB M20-L50 \u00d832 H=22<br \/>\n3A HB M20-L60 \u00d832 H=22<br \/>\n3A HB M20-L80 \u00d832 H=22<br \/>\n3A HB M20-L100 \u00d832 H=22<br \/>\n3A HB M20-L120 \u00d832 H=22<br \/>\n3A HB M20-L150 \u00d832 H=22<\/p>\n<p>Vite senza testa M24-L25 \u00d836 H=24<br \/>\nVite senza testa M24-L30 \u00d836 H=24<br \/>\nVite senza testa M24-L35 \u00d836 H=24<br \/>\nVite senza testa M24-L40 \u00d836 H=24<br \/>\nVite senza testa M24-L50 \u00d836 H=24<br \/>\nVite senza testa M24-L60 \u00d836 H=24<br \/>\nVite senza testa M24-L80 \u00d836 H=24<br \/>\nVite senza testa M24-L100 \u00d836 H=24<br \/>\nVite senza testa M24-L120 \u00d836 H=24<br \/>\nVite senza testa M24-L150 \u00d836 H=24<\/p>\n<p>3A HB M30-L30 \u00d846 H=26<br \/>\n3A HB M30-L35 \u00d846 H=26<br \/>\n3A HB M30-L40 \u00d846 H=26<br \/>\n3A HB M30-L50 \u00d846 H=26<br \/>\n3A HB M30-L60 \u00d846 H=26<br \/>\n3A HB M30-L80 \u00d846 H=26<br \/>\n3A HB M30-L100 \u00d846 H=26<br \/>\n3A HB M30-L120 \u00d846 H=26<br \/>\n3A HB M30-L150 \u00d846 H=26<\/p>\n<p><a href=\"https:\/\/nhkmachineryparts.com\/it\/linea-di-prodotto\/\">Guarda i nostri componenti che garantiscono la sicurezza del prodotto<\/a><\/p>\n<p><a href=\"https:\/\/nhkmachineryparts.com\/it\/contatto\/\">Contattaci per una soluzione igienica<\/a><\/p>\n<p><a class=\"btn btn-default btn-sm btn-bordered border-thick btn-bordered-gradient btn-has-label ld_button_659f848cbf99c vc_custom_1695064545432\" href=\"https:\/\/nhkmachineryparts.com\/it\/catalogare-4\/#modal-box\" data-lity=\"#modal-box\"><span class=\"btn-txt\" data-text=\"Get our catalogue here\">Ottieni il nostro catalogo qui<\/span><\/a><\/p>\n<h2><strong>Cosa sono i bulloni igienici EHEDG?<\/strong><\/h2>\n<p><a href=\"https:\/\/nhkmachineryparts.com\/it\/qual-e-la-differenza-tra-3a-e-ehedg\/\" data-internallinksmanager029f6b8e52c=\"2\" title=\"Parti di macchinari certificate EHEDG\">EHEDG<\/a> (European Hygienic Engineering &amp; Design Group) e Sanitary Standard sono due standard riconosciuti a livello internazionale che si concentrano su progettazione e prestazioni igieniche, garantendo che i componenti delle apparecchiature soddisfino rigorosi requisiti di pulizia. I bulloni igienici EHEDG da M5 a M30 in acciaio inossidabile sono un ottimo esempio di componenti di alta qualit\u00e0 progettati per soddisfare questi rigorosi standard. Questi bulloni sono comunemente utilizzati in <a href=\"https:\/\/nhkmachineryparts.com\/it\/our-industries\/\" data-internallinksmanager029f6b8e52c=\"4\" title=\"Le nostre industrie\">industrie<\/a> dove l&#039;igiene e la pulizia sono di fondamentale importanza, tra cui l&#039;industria alimentare, farmaceutica e biotecnologica.<\/p>\n<p>Realizzati in acciaio inossidabile, questi bulloni sono progettati per l&#039;uso in ambienti che richiedono elevati livelli di sterilit\u00e0. La gamma da M5 a M30 assicura versatilit\u00e0, con bulloni disponibili in una variet\u00e0 di dimensioni per adattarsi a diverse configurazioni di apparecchiature e macchinari.<\/p>\n<hr \/>\n<h2><strong>L&#039;importanza dei bulloni igienici nelle industrie sanitarie<\/strong><\/h2>\n<p>In settori come quello alimentare e farmaceutico, i componenti delle apparecchiature come i bulloni sono spesso esposti a detergenti aggressivi, lavaggi ad alta pressione e temperature estreme. Se questi bulloni non sono progettati tenendo conto dell&#039;igiene, possono diventare terreno fertile per batteri, muffe e altri contaminanti. I bulloni igienici EHEDG da M5 a M30 sono specificamente progettati per prevenire tali rischi, offrendo una soluzione che migliora l&#039;igiene generale delle apparecchiature e riduce il rischio di contaminazione.<\/p>\n<p>Questi bulloni igienici sono anche progettati per essere resistenti alla corrosione, il che li rende ideali per l&#039;uso in ambienti con elevata umidit\u00e0 o in sistemi esposti a sostanze chimiche, umidit\u00e0 e vapore. Mantenendo la loro integrit\u00e0 nel tempo, garantiscono che la tua attrezzatura funzioni in modo efficiente e sicuro, con un rischio minimo di crescita batterica o contaminazione.<\/p>\n<hr \/>\n<h2><strong>Caratteristiche dei bulloni igienici EHEDG da M5 a M30<\/strong><\/h2>\n<p>Diverse caratteristiche chiave rendono i bulloni igienici EHEDG da M5 a M30 la scelta migliore per i settori in cui l&#039;igiene \u00e8 fondamentale:<\/p>\n<ul>\n<li><strong>Costruzione in acciaio inossidabile<\/strong>:Il materiale in acciaio inossidabile garantisce che i bulloni siano durevoli, resistenti alla corrosione e facili da pulire, tutti elementi essenziali per mantenere un ambiente sterile.<\/li>\n<li><strong>Certificazione EHEDG e standard sanitari<\/strong>: Questi bulloni soddisfano i rigorosi standard di progettazione igienica stabiliti da EHEDG e Sanitary Standard, garantendo la conformit\u00e0 ai pi\u00f9 elevati standard del settore in materia di igiene.<\/li>\n<li><strong>Versatilit\u00e0 nelle dimensioni<\/strong>: Con una gamma di dimensioni che va da M5 a M30, questi bulloni possono essere utilizzati in varie applicazioni, garantendo flessibilit\u00e0 per diverse tipologie di attrezzature e macchinari.<\/li>\n<li><strong>Superficie liscia<\/strong>:La superficie liscia dei bulloni aiuta a prevenire l&#039;accumulo di sporcizia, batteri e altri contaminanti, rendendoli facili da pulire e manutenere.<\/li>\n<li><strong>Resistenza alle condizioni estreme<\/strong>:I bulloni igienici EHEDG sono progettati per resistere al lavaggio ad alta pressione, al calore e all&#039;esposizione a prodotti chimici per la pulizia, rendendoli perfetti per gli ambienti che richiedono una sanificazione frequente.<\/li>\n<\/ul>\n<hr \/>\n<h2><strong>Applicazioni dei bulloni igienici EHEDG da M5 a M30<\/strong><\/h2>\n<p>La versatilit\u00e0 e il design igienico di questi bulloni li rendono adatti a un&#039;ampia gamma di applicazioni in vari settori:<\/p>\n<ol>\n<li><strong>Trasformazione dei prodotti alimentari<\/strong>: Nella produzione alimentare, questi bulloni igienici assicurano che le attrezzature di lavorazione siano sicure, pulite ed efficienti. Dai miscelatori ai trasportatori, qualsiasi attrezzatura a diretto contatto con gli alimenti deve essere progettata per soddisfare rigorose normative igieniche.<\/li>\n<li><strong>Produzione farmaceutica<\/strong>: Nelle strutture farmaceutiche, l&#039;igiene e la sicurezza sono fondamentali per produrre medicinali di alta qualit\u00e0. Questi bulloni vengono utilizzati per fissare le apparecchiature in aree in cui \u00e8 necessario mantenere la sterilit\u00e0, come nelle linee di riempimento, nei miscelatori e nei reattori.<\/li>\n<li><strong>Biotecnologia<\/strong>:Nella ricerca e nello sviluppo biotecnologico, questi bulloni garantiscono le prestazioni igieniche necessarie per le apparecchiature sterilizzate, assicurando che nessuna contaminazione interferisca con il processo di ricerca o di sviluppo del prodotto.<\/li>\n<li><strong>Produzione chimica<\/strong>:I bulloni sono adatti anche per l&#039;uso nell&#039;industria chimica, dove sono spesso presenti sostanze chimiche aggressive ed \u00e8 necessario mantenere l&#039;igiene per prevenire la contaminazione incrociata.<\/li>\n<\/ol>\n<hr \/>\n<h2><strong>Perch\u00e9 scegliere i bulloni igienici EHEDG?<\/strong><\/h2>\n<p>La scelta dei bulloni igienici EHEDG da M5 a M30 offre numerosi vantaggi alle aziende di vari settori:<\/p>\n<ul>\n<li><strong>Rispetto delle norme igieniche<\/strong>: Il rispetto degli standard EHEDG e sanitari garantisce che i bulloni siano conformi alle normative del settore, il che \u00e8 essenziale per superare gli audit e mantenere le certificazioni.<\/li>\n<li><strong>Maggiore longevit\u00e0 dell&#039;attrezzatura<\/strong>: Grazie alle loro propriet\u00e0 anticorrosione e alla loro durevolezza, questi bulloni contribuiscono a prolungare la durata della vostra attrezzatura, riducendo la necessit\u00e0 di frequenti sostituzioni e manutenzioni.<\/li>\n<li><strong>Miglioramento dell&#039;efficienza operativa<\/strong>: L&#039;uso di componenti igienici, come questi bulloni, aiuta a prevenire guasti alle apparecchiature causati dalla contaminazione, migliorando l&#039;efficienza complessiva delle operazioni.<\/li>\n<li><strong>Facilit\u00e0 di manutenzione<\/strong>: La superficie liscia e non porosa dei bulloni semplifica la pulizia, garantendo tempi di manutenzione ridotti al minimo e mantenendo le condizioni igieniche.<\/li>\n<\/ul>\n<hr \/>\n<h2><strong>Bulloni igienici EHEDG da M5 a M30 in acciaio inossidabile<\/strong><\/h2>\n<h3><strong>Garantire igiene e durata per le industrie critiche<\/strong><\/h3>\n<p>I bulloni igienici EHEDG da M5 a M30 in acciaio inossidabile sono componenti essenziali per i settori in cui igiene e sicurezza sono priorit\u00e0 assolute. La loro struttura robusta, la resistenza a condizioni di pulizia difficili e la conformit\u00e0 ai rigorosi standard igienici li rendono una scelta eccellente per applicazioni nei settori alimentare, farmaceutico, biotecnologico e altri ambienti sanitari. Scegliendo questi bulloni, le aziende possono migliorare la sicurezza, l&#039;efficienza e la longevit\u00e0 delle proprie attrezzature, garantendo al contempo la conformit\u00e0 alle normative in materia di salute e sicurezza.<\/p>\n<p><a href=\"https:\/\/nhkmachineryparts.com\/it\/linea-di-prodotto\/\">Guarda i nostri componenti che garantiscono la sicurezza del prodotto<\/a><\/p>\n<p><a href=\"https:\/\/nhkmachineryparts.com\/it\/contatto\/\">Contattaci per una soluzione igienica<\/a><\/p>\n<p><a class=\"btn btn-default btn-sm btn-bordered border-thick btn-bordered-gradient btn-has-label ld_button_659f848cbf99c vc_custom_1695064545432\" href=\"https:\/\/nhkmachineryparts.com\/it\/catalogare-4\/#modal-box\" data-lity=\"#modal-box\"><span class=\"btn-txt\" data-text=\"Get our catalogue here\">Ottieni il nostro catalogo qui<\/span><\/a><\/p>\n\n\t\t<\/div>\n\t<\/div>\n<\/div><\/div><\/div><\/div><\/div><\/section>","protected":false},"excerpt":{"rendered":"The Ideal Solution for Hygienic and Sanitary Applications The seal blocks out water and bacteria and also prevents a non-hygienic metal-to-metal assembly. The design of the bolts does not deviate from the sizes of current standard bolts. Therefore, wrench sizes, thread heights etc. all remains the same making it very easy to upgrade and replace [...]","protected":false},"featured_media":8626,"template":"","meta":[],"product_brand":[],"product_cat":[98],"product_tag":[],"class_list":{"0":"post-5549","1":"product","2":"type-product","3":"status-publish","4":"has-post-thumbnail","6":"product_cat-ehedg-certified-3a-ssi-standard-components","8":"first","9":"instock","10":"shipping-taxable","11":"product-type-simple"},"yoast_head":"<!-- This site is optimized with the Yoast SEO plugin v27.3 - https:\/\/yoast.com\/product\/yoast-seo-wordpress\/ -->\n<title>EHEDG-certified bolt M5 to M30 | NHK Machinery Parts<\/title>\n<meta name=\"description\" content=\"Explore the benefits of EHEDG Hygienic Bolts M5 to M30 in stainless steel for food processing, pharmaceutical, and other sanitary industries.\" \/>\n<meta name=\"robots\" content=\"index, follow, max-snippet:-1, max-image-preview:large, max-video-preview:-1\" \/>\n<link rel=\"canonical\" href=\"https:\/\/nhkmachineryparts.com\/it\/prodotto\/ehedg-3a-bullone-igienico-da-m6-a-m30-in-acciaio-inossidabile\/\" \/>\n<meta property=\"og:locale\" content=\"it_IT\" \/>\n<meta property=\"og:type\" content=\"article\" \/>\n<meta property=\"og:title\" content=\"EHEDG-certified bolt M5 to M30 | NHK Machinery Parts\" \/>\n<meta property=\"og:description\" content=\"Explore the benefits of EHEDG Hygienic Bolts M5 to M30 in stainless steel for food processing, pharmaceutical, and other sanitary industries.\" \/>\n<meta property=\"og:url\" content=\"https:\/\/nhkmachineryparts.com\/it\/prodotto\/ehedg-3a-bullone-igienico-da-m6-a-m30-in-acciaio-inossidabile\/\" \/>\n<meta property=\"og:site_name\" content=\"NHK Machinery Parts\" \/>\n<meta property=\"article:publisher\" content=\"https:\/\/www.facebook.com\/NHK.Group.aps\" \/>\n<meta property=\"article:modified_time\" content=\"2026-02-27T13:59:30+00:00\" \/>\n<meta property=\"og:image\" content=\"https:\/\/nhkmachineryparts.com\/wp-content\/uploads\/2023\/07\/EHEDG-Hygienic-3A-bolt.jpg\" \/>\n\t<meta property=\"og:image:width\" content=\"1000\" \/>\n\t<meta property=\"og:image:height\" content=\"1000\" \/>\n\t<meta property=\"og:image:type\" content=\"image\/jpeg\" \/>\n<meta name=\"twitter:card\" content=\"summary_large_image\" \/>\n<meta name=\"twitter:label1\" content=\"Tempo di lettura stimato\" \/>\n\t<meta name=\"twitter:data1\" content=\"7 minuti\" \/>\n<script type=\"application\/ld+json\" class=\"yoast-schema-graph\">{\"@context\":\"https:\\\/\\\/schema.org\",\"@graph\":[{\"@type\":\"WebPage\",\"@id\":\"https:\\\/\\\/nhkmachineryparts.com\\\/product\\\/ehedg-3a-hygienic-bolt-m5-to-m30-in-stainless-steel\\\/\",\"url\":\"https:\\\/\\\/nhkmachineryparts.com\\\/product\\\/ehedg-3a-hygienic-bolt-m5-to-m30-in-stainless-steel\\\/\",\"name\":\"EHEDG-certified bolt M5 to M30 | NHK Machinery Parts\",\"isPartOf\":{\"@id\":\"https:\\\/\\\/nhkmachineryparts.com\\\/#website\"},\"primaryImageOfPage\":{\"@id\":\"https:\\\/\\\/nhkmachineryparts.com\\\/product\\\/ehedg-3a-hygienic-bolt-m5-to-m30-in-stainless-steel\\\/#primaryimage\"},\"image\":{\"@id\":\"https:\\\/\\\/nhkmachineryparts.com\\\/product\\\/ehedg-3a-hygienic-bolt-m5-to-m30-in-stainless-steel\\\/#primaryimage\"},\"thumbnailUrl\":\"https:\\\/\\\/nhkmachineryparts.com\\\/wp-content\\\/uploads\\\/2023\\\/07\\\/EHEDG-Hygienic-3A-bolt.jpg\",\"datePublished\":\"2023-07-14T07:27:43+00:00\",\"dateModified\":\"2026-02-27T13:59:30+00:00\",\"description\":\"Explore the benefits of EHEDG Hygienic Bolts M5 to M30 in stainless steel for food processing, pharmaceutical, and other sanitary industries.\",\"breadcrumb\":{\"@id\":\"https:\\\/\\\/nhkmachineryparts.com\\\/product\\\/ehedg-3a-hygienic-bolt-m5-to-m30-in-stainless-steel\\\/#breadcrumb\"},\"inLanguage\":\"it-IT\",\"potentialAction\":[{\"@type\":\"ReadAction\",\"target\":[\"https:\\\/\\\/nhkmachineryparts.com\\\/product\\\/ehedg-3a-hygienic-bolt-m5-to-m30-in-stainless-steel\\\/\"]}]},{\"@type\":\"ImageObject\",\"inLanguage\":\"it-IT\",\"@id\":\"https:\\\/\\\/nhkmachineryparts.com\\\/product\\\/ehedg-3a-hygienic-bolt-m5-to-m30-in-stainless-steel\\\/#primaryimage\",\"url\":\"https:\\\/\\\/nhkmachineryparts.com\\\/wp-content\\\/uploads\\\/2023\\\/07\\\/EHEDG-Hygienic-3A-bolt.jpg\",\"contentUrl\":\"https:\\\/\\\/nhkmachineryparts.com\\\/wp-content\\\/uploads\\\/2023\\\/07\\\/EHEDG-Hygienic-3A-bolt.jpg\",\"width\":1000,\"height\":1000,\"caption\":\"EHEDG Hygienic 3A bolt\"},{\"@type\":\"BreadcrumbList\",\"@id\":\"https:\\\/\\\/nhkmachineryparts.com\\\/product\\\/ehedg-3a-hygienic-bolt-m5-to-m30-in-stainless-steel\\\/#breadcrumb\",\"itemListElement\":[{\"@type\":\"ListItem\",\"position\":1,\"name\":\"Home\",\"item\":\"https:\\\/\\\/nhkmachineryparts.com\\\/\"},{\"@type\":\"ListItem\",\"position\":2,\"name\":\"Product line\",\"item\":\"https:\\\/\\\/nhkmachineryparts.com\\\/product-line\\\/\"},{\"@type\":\"ListItem\",\"position\":3,\"name\":\"Certified EHEDG standard components\",\"item\":\"https:\\\/\\\/nhkmachineryparts.com\\\/product-line\\\/ehedg-certified-3a-ssi-standard-components\\\/\"},{\"@type\":\"ListItem\",\"position\":4,\"name\":\"EHEDG-certified bolt M5 to M30\"}]},{\"@type\":\"WebSite\",\"@id\":\"https:\\\/\\\/nhkmachineryparts.com\\\/#website\",\"url\":\"https:\\\/\\\/nhkmachineryparts.com\\\/\",\"name\":\"NHK Machinery Parts\",\"description\":\"Bearing Houses, seismic levelling feet and levelling castors\",\"publisher\":{\"@id\":\"https:\\\/\\\/nhkmachineryparts.com\\\/#organization\"},\"potentialAction\":[{\"@type\":\"SearchAction\",\"target\":{\"@type\":\"EntryPoint\",\"urlTemplate\":\"https:\\\/\\\/nhkmachineryparts.com\\\/?s={search_term_string}\"},\"query-input\":{\"@type\":\"PropertyValueSpecification\",\"valueRequired\":true,\"valueName\":\"search_term_string\"}}],\"inLanguage\":\"it-IT\"},{\"@type\":\"Organization\",\"@id\":\"https:\\\/\\\/nhkmachineryparts.com\\\/#organization\",\"name\":\"Nhk Group ApS\",\"url\":\"https:\\\/\\\/nhkmachineryparts.com\\\/\",\"logo\":{\"@type\":\"ImageObject\",\"inLanguage\":\"it-IT\",\"@id\":\"https:\\\/\\\/nhkmachineryparts.com\\\/#\\\/schema\\\/logo\\\/image\\\/\",\"url\":\"https:\\\/\\\/nhkmachineryparts.com\\\/wp-content\\\/uploads\\\/2022\\\/09\\\/NHKgroup_social.jpg\",\"contentUrl\":\"https:\\\/\\\/nhkmachineryparts.com\\\/wp-content\\\/uploads\\\/2022\\\/09\\\/NHKgroup_social.jpg\",\"width\":1200,\"height\":630,\"caption\":\"Nhk Group ApS\"},\"image\":{\"@id\":\"https:\\\/\\\/nhkmachineryparts.com\\\/#\\\/schema\\\/logo\\\/image\\\/\"},\"sameAs\":[\"https:\\\/\\\/www.facebook.com\\\/NHK.Group.aps\"]}]}<\/script>\n<!-- \/ Yoast SEO plugin. -->","yoast_head_json":{"title":"EHEDG-certified bolt M5 to M30 | NHK Machinery Parts","description":"Scopri i vantaggi dei bulloni igienici EHEDG da M5 a M30 in acciaio inossidabile per l&#039;industria alimentare, farmaceutica e altri settori sanitari.","robots":{"index":"index","follow":"follow","max-snippet":"max-snippet:-1","max-image-preview":"max-image-preview:large","max-video-preview":"max-video-preview:-1"},"canonical":"https:\/\/nhkmachineryparts.com\/it\/prodotto\/ehedg-3a-bullone-igienico-da-m6-a-m30-in-acciaio-inossidabile\/","og_locale":"it_IT","og_type":"article","og_title":"EHEDG-certified bolt M5 to M30 | NHK Machinery Parts","og_description":"Explore the benefits of EHEDG Hygienic Bolts M5 to M30 in stainless steel for food processing, pharmaceutical, and other sanitary industries.","og_url":"https:\/\/nhkmachineryparts.com\/it\/prodotto\/ehedg-3a-bullone-igienico-da-m6-a-m30-in-acciaio-inossidabile\/","og_site_name":"NHK Machinery Parts","article_publisher":"https:\/\/www.facebook.com\/NHK.Group.aps","article_modified_time":"2026-02-27T13:59:30+00:00","og_image":[{"width":1000,"height":1000,"url":"https:\/\/nhkmachineryparts.com\/wp-content\/uploads\/2023\/07\/EHEDG-Hygienic-3A-bolt.jpg","type":"image\/jpeg"}],"twitter_card":"summary_large_image","twitter_misc":{"Tempo di lettura stimato":"7 minuti"},"schema":{"@context":"https:\/\/schema.org","@graph":[{"@type":"WebPage","@id":"https:\/\/nhkmachineryparts.com\/product\/ehedg-3a-hygienic-bolt-m5-to-m30-in-stainless-steel\/","url":"https:\/\/nhkmachineryparts.com\/product\/ehedg-3a-hygienic-bolt-m5-to-m30-in-stainless-steel\/","name":"EHEDG-certified bolt M5 to M30 | NHK Machinery Parts","isPartOf":{"@id":"https:\/\/nhkmachineryparts.com\/#website"},"primaryImageOfPage":{"@id":"https:\/\/nhkmachineryparts.com\/product\/ehedg-3a-hygienic-bolt-m5-to-m30-in-stainless-steel\/#primaryimage"},"image":{"@id":"https:\/\/nhkmachineryparts.com\/product\/ehedg-3a-hygienic-bolt-m5-to-m30-in-stainless-steel\/#primaryimage"},"thumbnailUrl":"https:\/\/nhkmachineryparts.com\/wp-content\/uploads\/2023\/07\/EHEDG-Hygienic-3A-bolt.jpg","datePublished":"2023-07-14T07:27:43+00:00","dateModified":"2026-02-27T13:59:30+00:00","description":"Scopri i vantaggi dei bulloni igienici EHEDG da M5 a M30 in acciaio inossidabile per l&#039;industria alimentare, farmaceutica e altri settori sanitari.","breadcrumb":{"@id":"https:\/\/nhkmachineryparts.com\/product\/ehedg-3a-hygienic-bolt-m5-to-m30-in-stainless-steel\/#breadcrumb"},"inLanguage":"it-IT","potentialAction":[{"@type":"ReadAction","target":["https:\/\/nhkmachineryparts.com\/product\/ehedg-3a-hygienic-bolt-m5-to-m30-in-stainless-steel\/"]}]},{"@type":"ImageObject","inLanguage":"it-IT","@id":"https:\/\/nhkmachineryparts.com\/product\/ehedg-3a-hygienic-bolt-m5-to-m30-in-stainless-steel\/#primaryimage","url":"https:\/\/nhkmachineryparts.com\/wp-content\/uploads\/2023\/07\/EHEDG-Hygienic-3A-bolt.jpg","contentUrl":"https:\/\/nhkmachineryparts.com\/wp-content\/uploads\/2023\/07\/EHEDG-Hygienic-3A-bolt.jpg","width":1000,"height":1000,"caption":"EHEDG Hygienic 3A bolt"},{"@type":"BreadcrumbList","@id":"https:\/\/nhkmachineryparts.com\/product\/ehedg-3a-hygienic-bolt-m5-to-m30-in-stainless-steel\/#breadcrumb","itemListElement":[{"@type":"ListItem","position":1,"name":"Home","item":"https:\/\/nhkmachineryparts.com\/"},{"@type":"ListItem","position":2,"name":"Product line","item":"https:\/\/nhkmachineryparts.com\/product-line\/"},{"@type":"ListItem","position":3,"name":"Certified EHEDG standard components","item":"https:\/\/nhkmachineryparts.com\/product-line\/ehedg-certified-3a-ssi-standard-components\/"},{"@type":"ListItem","position":4,"name":"EHEDG-certified bolt M5 to M30"}]},{"@type":"WebSite","@id":"https:\/\/nhkmachineryparts.com\/#website","url":"https:\/\/nhkmachineryparts.com\/","name":"Parti di macchinari NHK","description":"Case Portanti, piedi livellatori sismici e ruote livellatrici","publisher":{"@id":"https:\/\/nhkmachineryparts.com\/#organization"},"potentialAction":[{"@type":"SearchAction","target":{"@type":"EntryPoint","urlTemplate":"https:\/\/nhkmachineryparts.com\/?s={search_term_string}"},"query-input":{"@type":"PropertyValueSpecification","valueRequired":true,"valueName":"search_term_string"}}],"inLanguage":"it-IT"},{"@type":"Organization","@id":"https:\/\/nhkmachineryparts.com\/#organization","name":"Gruppo Nhk ApS","url":"https:\/\/nhkmachineryparts.com\/","logo":{"@type":"ImageObject","inLanguage":"it-IT","@id":"https:\/\/nhkmachineryparts.com\/#\/schema\/logo\/image\/","url":"https:\/\/nhkmachineryparts.com\/wp-content\/uploads\/2022\/09\/NHKgroup_social.jpg","contentUrl":"https:\/\/nhkmachineryparts.com\/wp-content\/uploads\/2022\/09\/NHKgroup_social.jpg","width":1200,"height":630,"caption":"Nhk Group ApS"},"image":{"@id":"https:\/\/nhkmachineryparts.com\/#\/schema\/logo\/image\/"},"sameAs":["https:\/\/www.facebook.com\/NHK.Group.aps"]}]}},"_links":{"self":[{"href":"https:\/\/nhkmachineryparts.com\/it\/wp-json\/wp\/v2\/product\/5549","targetHints":{"allow":["GET"]}}],"collection":[{"href":"https:\/\/nhkmachineryparts.com\/it\/wp-json\/wp\/v2\/product"}],"about":[{"href":"https:\/\/nhkmachineryparts.com\/it\/wp-json\/wp\/v2\/types\/product"}],"wp:featuredmedia":[{"embeddable":true,"href":"https:\/\/nhkmachineryparts.com\/it\/wp-json\/wp\/v2\/media\/8626"}],"wp:attachment":[{"href":"https:\/\/nhkmachineryparts.com\/it\/wp-json\/wp\/v2\/media?parent=5549"}],"wp:term":[{"taxonomy":"product_brand","embeddable":true,"href":"https:\/\/nhkmachineryparts.com\/it\/wp-json\/wp\/v2\/product_brand?post=5549"},{"taxonomy":"product_cat","embeddable":true,"href":"https:\/\/nhkmachineryparts.com\/it\/wp-json\/wp\/v2\/product_cat?post=5549"},{"taxonomy":"product_tag","embeddable":true,"href":"https:\/\/nhkmachineryparts.com\/it\/wp-json\/wp\/v2\/product_tag?post=5549"}],"curies":[{"name":"scrivere","href":"https:\/\/api.w.org\/{rel}","templated":true}]}}