{"id":3110,"date":"2023-01-18T16:12:26","date_gmt":"2023-01-18T16:12:26","guid":{"rendered":"https:\/\/nhkmachineryparts.com\/?post_type=product&#038;p=3110"},"modified":"2026-02-23T14:14:57","modified_gmt":"2026-02-23T12:14:57","slug":"unita-cuscinetto-flangiata-laterale-a-3-fori-impermeabile-ip67","status":"publish","type":"product","link":"https:\/\/nhkmachineryparts.com\/it\/product\/ip67-waterproof-3-hole-one-side-flange-bearing-units\/","title":{"rendered":"Unit\u00e0 cuscinetto flangiata monolaterale a 3 fori impermeabile IP67"},"content":{"rendered":"<section class=\"vc_row vc_custom_1662993827263 liquid-row-shadowbox-69d3983fb3051 vc_column-gap-0\"><div class=\"ld-container container\"><div class=\"row ld-row ld-row-outer\"><div class=\"wpb_column vc_column_container vc_col-sm-12 liquid-column-69d3983fb31d3\"><div class=\"vc_column-inner\" ><div class=\"wpb_wrapper\"  >\n\t<div class=\"wpb_text_column wpb_content_element\" >\n\t\t<div class=\"wpb_wrapper\">\n\t\t\t<h2>Massimizza l&#039;affidabilit\u00e0<\/h2>\n<p>Nostro <a href=\"https:\/\/nhkmachineryparts.com\/it\/product-line\/ip67-waterproof-bearing-house-units\/\" data-internallinksmanager029f6b8e52c=\"3\" title=\"Unit\u00e0 abitative portanti impermeabili IP67\">IP67<\/a> Le unit\u00e0 cuscinetto sono state ottenute <a href=\"https:\/\/nhkmachineryparts.com\/it\/linea-di-prodotto\/waterproof-bearing-house-ip67-waterproof-bearing-units\/\" data-internallinksmanager029f6b8e52c=\"6\" title=\"USDA\">USDA<\/a> certificato.<br \/>\nLe unit\u00e0 cuscinetto IP67 hanno un numero ID lotto univoco per la tracciabilit\u00e0 della sicurezza alimentare.<br \/>\nIP67 Unit\u00e0 cuscinetto flangiate resistenti al vapore, impermeabili e resistenti alla corrosione, particolarmente adatte in ambienti umidi e difficili.<\/p>\n<h2>Progettato per ambienti estremi<\/h2>\n<p>Le nostre unit\u00e0 cuscinetto IP67 sono progettate per <a href=\"https:\/\/nhkmachineryparts.com\/it\/our-industries\/\" data-internallinksmanager029f6b8e52c=\"4\" title=\"Le nostre industrie\">industrie<\/a> con requisiti sempre pi\u00f9 severi in termini di resistenza dei materiali e un design facile da pulire. Per ridurre il rischio di crescita batterica, questo design \u00e8 caratterizzato da superfici lisce e angoli arrotondati.<\/p>\n<p>Le unit\u00e0 cuscinetto IP67 sono conformi a 3A e <a href=\"https:\/\/nhkmachineryparts.com\/it\/qual-e-la-differenza-tra-3a-e-ehedg\/\" data-internallinksmanager029f6b8e52c=\"2\" title=\"Parti di macchinari certificate EHEDG\">EHEDG<\/a> regolamento Il grado di protezione \u00e8 IP67 che garantisce che le unit\u00e0 cuscinetto possano essere pulite con acqua ad alta pressione da tutte le direzioni. Un anello paraolio con molla in acciaio inossidabile garantisce che l&#039;acqua non possa penetrare nell&#039;alloggiamento.<\/p>\n<p>I cuscinetti non richiedono manutenzione e sono resistenti a tutti i detergenti e alla maggior parte delle sostanze chimiche.<\/p>\n<h2>Durevole e affidabile in condizioni difficili<\/h2>\n<ul>\n<li>Base dell&#039;alloggiamento dei cuscinetti compatta e resistente, con il coperchio imbullonato alla base.<\/li>\n<li>L&#039;alloggiamento del cuscinetto \u00e8 realizzato da Dupolit, che \u00e8 di estrema stabilit\u00e0 e resistenza.<\/li>\n<li>Ingrassatore in acciaio inossidabile per un riempimento ottimale di grasso alimentare, prevenendo la formazione di condensa nell&#039;alloggiamento.<\/li>\n<li>L&#039;alloggiamento del cuscinetto \u00e8 dotato di un cuscinetto a sfere sferico lubrificato a vita con collare di bloccaggio eccentrico.<\/li>\n<li>Il cuscinetto sferico \u00e8 autoallineante.<\/li>\n<li>Le misure dell&#039;alloggiamento dei cuscinetti sono simili agli standard di mercato per una facile sostituzione.<\/li>\n<li>L&#039;alloggiamento del cuscinetto pu\u00f2 essere montato in tutti gli angoli<\/li>\n<li>I cuscinetti ad inserto sferico in acciaio inossidabile per un montaggio facile e preciso<\/li>\n<li>L&#039;alloggiamento del cuscinetto \u00e8 resistente al calore da -30\u00b0C a +100\u00b0C<\/li>\n<li>Gli inserti dei cuscinetti sono lubrificati con grasso registrato NSF H1 che soddisfa requisiti come DIN 51825<\/li>\n<li>Le unit\u00e0 cuscinetto sono accettate dall&#039;USDA e soddisfano lo standard NSF\/ANSI\/3-A 14159-1-2010<\/li>\n<li>Per uso alimentare secondo il quadro del regolamento (CE) n. 1935\/2004<\/li>\n<li>Possibilit\u00e0 di private label<\/li>\n<\/ul>\n<h2>Unit\u00e0 cuscinetto flangiata monolaterale a 3 fori impermeabile IP67<\/h2>\n<table style=\"height: 225px;\" width=\"494\">\n<tbody>\n<tr>\n<td width=\"163\">Tipo IP67FB<\/td>\n<td width=\"92\">Catalogo n.<\/td>\n<td width=\"94\">Catalogo n.<\/td>\n<\/tr>\n<tr>\n<td width=\"163\" data-label=\"Type IP67 F\">Unit\u00e0 flangiata su un lato a 3 fori<\/td>\n<td width=\"92\" data-label=\"Catalogue No.\">Coperchio chiuso<\/td>\n<td width=\"94\" data-label=\"Catalogue No.\">Aprire il coperchio<\/td>\n<\/tr>\n<tr>\n<td width=\"163\" data-label=\"Type IP67 F\">\u00d820 mm<\/td>\n<td width=\"92\" data-label=\"Catalogue No.\">IP67FB204 CC<\/td>\n<td width=\"94\" data-label=\"Catalogue No.\">IP67 FB204OC<\/td>\n<\/tr>\n<tr>\n<td width=\"163\" data-label=\"Type IP67 F\">\u00d825 mm<\/td>\n<td width=\"92\" data-label=\"Catalogue No.\">IP67FB205 CC<\/td>\n<td width=\"94\" data-label=\"Catalogue No.\">IP67 FB205OC<\/td>\n<\/tr>\n<tr>\n<td width=\"163\" data-label=\"Type IP67 F\">\u00d830 mm<\/td>\n<td width=\"92\" data-label=\"Catalogue No.\">IP67FB206CC<\/td>\n<td width=\"94\" data-label=\"Catalogue No.\">IP67 FB206OC<\/td>\n<\/tr>\n<tr>\n<td width=\"163\" data-label=\"Type IP67 F\">\u00d835 mm<\/td>\n<td width=\"92\" data-label=\"Catalogue No.\">IP67FB207CC<\/td>\n<td width=\"94\" data-label=\"Catalogue No.\">IP67 FB207OC<\/td>\n<\/tr>\n<tr>\n<td width=\"163\" data-label=\"Type IP67 F\">\u00d840 mm<\/td>\n<td width=\"92\" data-label=\"Catalogue No.\">IP67FB208CC<\/td>\n<td width=\"94\" data-label=\"Catalogue No.\">IP67 FB208OC<\/td>\n<\/tr>\n<\/tbody>\n<\/table>\n<p><a href=\"https:\/\/nhkmachineryparts.com\/it\/linea-di-prodotto\/categoria\/31-waterproof-bearing-house-ip67-waterproof-bearing-units\/\">Vedi anche i nostri altri cuscinetti impermeabili con certificati FDA.<\/a><\/p>\n<div class=\"dcf-overflow-x-auto\" tabindex=\"0\">\n<div class=\"w-full text-token-text-primary border-b border-black\/10 gizmo:border-0 dark:border-gray-900\/50 gizmo:dark:border-0 bg-gray-50 gizmo:bg-transparent dark:bg-&#091;#444654&#093; gizmo:dark:bg-transparent\" data-testid=\"conversation-turn-3\">\n<div class=\"p-4 gizmo:py-2 justify-center text-base md:gap-6 md:py-6 m-auto\">\n<div class=\"flex flex-1 gap-4 text-base mx-auto md:gap-6 gizmo:gap-3 gizmo:md:px-5 gizmo:lg:px-1 gizmo:xl:px-5 md:max-w-2xl lg:max-w-&#091;38rem&#093; gizmo:md:max-w-3xl gizmo:lg:max-w-&#091;40rem&#093; gizmo:xl:max-w-&#091;48rem&#093; xl:max-w-3xl } group\">\n<div class=\"relative flex w-&#091;calc(100%-50px)&#093; flex-col gizmo:w-full lg:w-&#091;calc(100%-115px)&#093; agent-turn\">\n<div class=\"flex-col gap-1 md:gap-3\">\n<div class=\"flex flex-grow flex-col max-w-full gap-3 gizmo:gap-0\">\n<div class=\"min-h-&#091;20px&#093; text-message peer flex flex-col items-start gap-3 whitespace-pre-wrap break-words peer-&#091;.text-message&#093;:mt-5 overflow-x-auto\" data-message-author-role=\"assistant\" data-message-id=\"6162d90c-acdb-4ffc-82be-d3c77259ca95\">\n<div class=\"markdown prose w-full break-words dark:prose-invert light\">\n<h2>Alloggiamento dei cuscinetti con grado di protezione IP67<\/h2>\n<p>Una classificazione IP67 per una sede dei cuscinetti o qualsiasi altro involucro elettronico o meccanico indica un elevato livello di protezione contro polvere e acqua. Analizziamo cosa significa IP67:<\/p>\n<ol>\n<li>Grado di protezione IP (protezione di ingresso): il grado di protezione IP \u00e8 un sistema standardizzato utilizzato per classificare il livello di protezione fornito da un involucro contro vari elementi ambientali, come polvere e acqua.<\/li>\n<li>Prima cifra (6): la prima cifra del grado IP si riferisce alla protezione contro oggetti solidi, inclusa la polvere. In questo caso, una valutazione pari a 6 significa che la custodia \u00e8 a tenuta di polvere. Fornisce una protezione completa contro la polvere e altre particelle solide.<\/li>\n<li>Seconda cifra (7): la seconda cifra del grado IP si riferisce alla protezione contro i liquidi, in particolare l&#039;acqua. Una valutazione di 7 indica che la custodia \u00e8 in grado di resistere all&#039;immersione in acqua fino a 1 metro di profondit\u00e0 per 30 minuti senza consentire all&#039;acqua di penetrare.<\/li>\n<\/ol>\n<p>Pertanto, una struttura portante impermeabile IP67 \u00e8 progettata per essere a tenuta di polvere e pu\u00f2 anche gestire un&#039;immersione temporanea in acqua senza che l&#039;acqua penetri all&#039;interno. Questo livello di protezione viene spesso utilizzato in varie applicazioni industriali, esterne o marine in cui la sede dei cuscinetti deve rimanere funzionale e priva di danni causati dall&#039;esposizione a polvere e acqua.<\/p>\n<p>Scopri tutti i nostri<a href=\"https:\/\/nhkmachineryparts.com\/it\/linea-di-prodotto\/waterproof-bearing-house-ip67-waterproof-bearing-units\/\"> cuscinetti impermeabili<\/a><\/p>\n<\/div>\n<\/div>\n<\/div>\n<\/div>\n<\/div>\n<\/div>\n<\/div>\n<\/div>\n<h2>Domande e contatti<\/h2>\n<p>Se hai domande sui nostri prodotti.\u00a0<a href=\"https:\/\/nhkmachineryparts.com\/it\/contatto\/\">Sei sempre il benvenuto a contattarci per domande su prestazioni e soluzioni per la tua macchina o qualsiasi altra cosa. Puoi leggere ulteriori informazioni su come contattarci qui.<\/a>\u00a0Puoi trovarci in Danimarca, Regno Unito, Germania e Hong Kong.<\/p>\n<\/div>\n\n\t\t<\/div>\n\t<\/div>\n<\/div><\/div><\/div><\/div><\/div><\/section>","protected":false},"excerpt":{"rendered":"Maximize Reliability Our IP67 Bearing units has obtained USDA certificate. The IP67 Bearing units has unique batch ID number for food safety traceability. IP67 Steam resistant, waterproof and corrosion safe flange bearing units which are special suitable in wet and harsh environments. Engineered for Extreme Environments Our IP67 bearing units are designed for industries with [...]","protected":false},"featured_media":8906,"template":"","meta":[],"product_brand":[],"product_cat":[46],"product_tag":[],"class_list":{"0":"post-3110","1":"product","2":"type-product","3":"status-publish","4":"has-post-thumbnail","6":"product_cat-ip67-waterproof-bearing-house-units","8":"first","9":"instock","10":"shipping-taxable","11":"product-type-simple"},"yoast_head":"<!-- This site is optimized with the Yoast SEO plugin v27.3 - https:\/\/yoast.com\/product\/yoast-seo-wordpress\/ -->\n<title>IP67 Waterproof 3 hole one-side flange bearing units | Certified Hygienic Bearing Houses<\/title>\n<meta name=\"description\" content=\"IP67 Steam resistant, waterproof and corrosion safe flange bearing units which are special suitable in wet and harsh environments.\" \/>\n<meta name=\"robots\" content=\"index, follow, max-snippet:-1, max-image-preview:large, max-video-preview:-1\" \/>\n<link rel=\"canonical\" href=\"https:\/\/nhkmachineryparts.com\/it\/prodotto\/unita-cuscinetto-flangiata-laterale-a-3-fori-impermeabile-ip67\/\" \/>\n<meta property=\"og:locale\" content=\"it_IT\" \/>\n<meta property=\"og:type\" content=\"article\" \/>\n<meta property=\"og:title\" content=\"IP67 Waterproof 3 hole one-side flange bearing units | Certified Hygienic Bearing Houses\" \/>\n<meta property=\"og:description\" content=\"IP67 Steam resistant, waterproof and corrosion safe flange bearing units which are special suitable in wet and harsh environments.\" \/>\n<meta property=\"og:url\" content=\"https:\/\/nhkmachineryparts.com\/it\/prodotto\/unita-cuscinetto-flangiata-laterale-a-3-fori-impermeabile-ip67\/\" \/>\n<meta property=\"og:site_name\" content=\"NHK Machinery Parts\" \/>\n<meta property=\"article:publisher\" content=\"https:\/\/www.facebook.com\/NHK.Group.aps\" \/>\n<meta property=\"article:modified_time\" content=\"2026-02-23T12:14:57+00:00\" \/>\n<meta property=\"og:image\" content=\"https:\/\/nhkmachineryparts.com\/wp-content\/uploads\/2023\/01\/Waterproof-3-hole-one-side-flange-bearing-units-with-spherical-inserts-IP67-1.jpg\" \/>\n\t<meta property=\"og:image:width\" content=\"1000\" \/>\n\t<meta property=\"og:image:height\" content=\"1000\" \/>\n\t<meta property=\"og:image:type\" content=\"image\/jpeg\" \/>\n<meta name=\"twitter:card\" content=\"summary_large_image\" \/>\n<meta name=\"twitter:label1\" content=\"Tempo di lettura stimato\" \/>\n\t<meta name=\"twitter:data1\" content=\"4 minuti\" \/>\n<script type=\"application\/ld+json\" class=\"yoast-schema-graph\">{\"@context\":\"https:\\\/\\\/schema.org\",\"@graph\":[{\"@type\":\"WebPage\",\"@id\":\"https:\\\/\\\/nhkmachineryparts.com\\\/product\\\/ip67-waterproof-3-hole-one-side-flange-bearing-units\\\/\",\"url\":\"https:\\\/\\\/nhkmachineryparts.com\\\/product\\\/ip67-waterproof-3-hole-one-side-flange-bearing-units\\\/\",\"name\":\"IP67 Waterproof 3 hole one-side flange bearing units | Certified Hygienic Bearing Houses\",\"isPartOf\":{\"@id\":\"https:\\\/\\\/nhkmachineryparts.com\\\/#website\"},\"primaryImageOfPage\":{\"@id\":\"https:\\\/\\\/nhkmachineryparts.com\\\/product\\\/ip67-waterproof-3-hole-one-side-flange-bearing-units\\\/#primaryimage\"},\"image\":{\"@id\":\"https:\\\/\\\/nhkmachineryparts.com\\\/product\\\/ip67-waterproof-3-hole-one-side-flange-bearing-units\\\/#primaryimage\"},\"thumbnailUrl\":\"https:\\\/\\\/nhkmachineryparts.com\\\/wp-content\\\/uploads\\\/2023\\\/01\\\/Waterproof-3-hole-one-side-flange-bearing-units-with-spherical-inserts-IP67-1.jpg\",\"datePublished\":\"2023-01-18T16:12:26+00:00\",\"dateModified\":\"2026-02-23T12:14:57+00:00\",\"description\":\"IP67 Steam resistant, waterproof and corrosion safe flange bearing units which are special suitable in wet and harsh environments.\",\"breadcrumb\":{\"@id\":\"https:\\\/\\\/nhkmachineryparts.com\\\/product\\\/ip67-waterproof-3-hole-one-side-flange-bearing-units\\\/#breadcrumb\"},\"inLanguage\":\"it-IT\",\"potentialAction\":[{\"@type\":\"ReadAction\",\"target\":[\"https:\\\/\\\/nhkmachineryparts.com\\\/product\\\/ip67-waterproof-3-hole-one-side-flange-bearing-units\\\/\"]}]},{\"@type\":\"ImageObject\",\"inLanguage\":\"it-IT\",\"@id\":\"https:\\\/\\\/nhkmachineryparts.com\\\/product\\\/ip67-waterproof-3-hole-one-side-flange-bearing-units\\\/#primaryimage\",\"url\":\"https:\\\/\\\/nhkmachineryparts.com\\\/wp-content\\\/uploads\\\/2023\\\/01\\\/Waterproof-3-hole-one-side-flange-bearing-units-with-spherical-inserts-IP67-1.jpg\",\"contentUrl\":\"https:\\\/\\\/nhkmachineryparts.com\\\/wp-content\\\/uploads\\\/2023\\\/01\\\/Waterproof-3-hole-one-side-flange-bearing-units-with-spherical-inserts-IP67-1.jpg\",\"width\":1000,\"height\":1000,\"caption\":\"Waterproof 3 hole one-side flange bearing units with spherical inserts IP67\"},{\"@type\":\"BreadcrumbList\",\"@id\":\"https:\\\/\\\/nhkmachineryparts.com\\\/product\\\/ip67-waterproof-3-hole-one-side-flange-bearing-units\\\/#breadcrumb\",\"itemListElement\":[{\"@type\":\"ListItem\",\"position\":1,\"name\":\"Home\",\"item\":\"https:\\\/\\\/nhkmachineryparts.com\\\/\"},{\"@type\":\"ListItem\",\"position\":2,\"name\":\"Product line\",\"item\":\"https:\\\/\\\/nhkmachineryparts.com\\\/product-line\\\/\"},{\"@type\":\"ListItem\",\"position\":3,\"name\":\"IP67 Waterproof bearing house units\",\"item\":\"https:\\\/\\\/nhkmachineryparts.com\\\/product-line\\\/ip67-waterproof-bearing-house-units\\\/\"},{\"@type\":\"ListItem\",\"position\":4,\"name\":\"IP67 Waterproof 3 hole one-side flange bearing units\"}]},{\"@type\":\"WebSite\",\"@id\":\"https:\\\/\\\/nhkmachineryparts.com\\\/#website\",\"url\":\"https:\\\/\\\/nhkmachineryparts.com\\\/\",\"name\":\"NHK Machinery Parts\",\"description\":\"Bearing Houses, seismic levelling feet and levelling castors\",\"publisher\":{\"@id\":\"https:\\\/\\\/nhkmachineryparts.com\\\/#organization\"},\"potentialAction\":[{\"@type\":\"SearchAction\",\"target\":{\"@type\":\"EntryPoint\",\"urlTemplate\":\"https:\\\/\\\/nhkmachineryparts.com\\\/?s={search_term_string}\"},\"query-input\":{\"@type\":\"PropertyValueSpecification\",\"valueRequired\":true,\"valueName\":\"search_term_string\"}}],\"inLanguage\":\"it-IT\"},{\"@type\":\"Organization\",\"@id\":\"https:\\\/\\\/nhkmachineryparts.com\\\/#organization\",\"name\":\"Nhk Group ApS\",\"url\":\"https:\\\/\\\/nhkmachineryparts.com\\\/\",\"logo\":{\"@type\":\"ImageObject\",\"inLanguage\":\"it-IT\",\"@id\":\"https:\\\/\\\/nhkmachineryparts.com\\\/#\\\/schema\\\/logo\\\/image\\\/\",\"url\":\"https:\\\/\\\/nhkmachineryparts.com\\\/wp-content\\\/uploads\\\/2022\\\/09\\\/NHKgroup_social.jpg\",\"contentUrl\":\"https:\\\/\\\/nhkmachineryparts.com\\\/wp-content\\\/uploads\\\/2022\\\/09\\\/NHKgroup_social.jpg\",\"width\":1200,\"height\":630,\"caption\":\"Nhk Group ApS\"},\"image\":{\"@id\":\"https:\\\/\\\/nhkmachineryparts.com\\\/#\\\/schema\\\/logo\\\/image\\\/\"},\"sameAs\":[\"https:\\\/\\\/www.facebook.com\\\/NHK.Group.aps\"]}]}<\/script>\n<!-- \/ Yoast SEO plugin. -->","yoast_head_json":{"title":"Unit\u00e0 cuscinetto flangiata monolaterale a 3 fori impermeabile IP67 | Alloggiamenti cuscinetti igienici certificati","description":"IP67 Unit\u00e0 cuscinetto flangiate resistenti al vapore, impermeabili e resistenti alla corrosione, particolarmente adatte in ambienti umidi e difficili.","robots":{"index":"index","follow":"follow","max-snippet":"max-snippet:-1","max-image-preview":"max-image-preview:large","max-video-preview":"max-video-preview:-1"},"canonical":"https:\/\/nhkmachineryparts.com\/it\/prodotto\/unita-cuscinetto-flangiata-laterale-a-3-fori-impermeabile-ip67\/","og_locale":"it_IT","og_type":"article","og_title":"IP67 Waterproof 3 hole one-side flange bearing units | Certified Hygienic Bearing Houses","og_description":"IP67 Steam resistant, waterproof and corrosion safe flange bearing units which are special suitable in wet and harsh environments.","og_url":"https:\/\/nhkmachineryparts.com\/it\/prodotto\/unita-cuscinetto-flangiata-laterale-a-3-fori-impermeabile-ip67\/","og_site_name":"NHK Machinery Parts","article_publisher":"https:\/\/www.facebook.com\/NHK.Group.aps","article_modified_time":"2026-02-23T12:14:57+00:00","og_image":[{"width":1000,"height":1000,"url":"https:\/\/nhkmachineryparts.com\/wp-content\/uploads\/2023\/01\/Waterproof-3-hole-one-side-flange-bearing-units-with-spherical-inserts-IP67-1.jpg","type":"image\/jpeg"}],"twitter_card":"summary_large_image","twitter_misc":{"Tempo di lettura stimato":"4 minuti"},"schema":{"@context":"https:\/\/schema.org","@graph":[{"@type":"WebPage","@id":"https:\/\/nhkmachineryparts.com\/product\/ip67-waterproof-3-hole-one-side-flange-bearing-units\/","url":"https:\/\/nhkmachineryparts.com\/product\/ip67-waterproof-3-hole-one-side-flange-bearing-units\/","name":"Unit\u00e0 cuscinetto flangiata monolaterale a 3 fori impermeabile IP67 | Alloggiamenti cuscinetti igienici certificati","isPartOf":{"@id":"https:\/\/nhkmachineryparts.com\/#website"},"primaryImageOfPage":{"@id":"https:\/\/nhkmachineryparts.com\/product\/ip67-waterproof-3-hole-one-side-flange-bearing-units\/#primaryimage"},"image":{"@id":"https:\/\/nhkmachineryparts.com\/product\/ip67-waterproof-3-hole-one-side-flange-bearing-units\/#primaryimage"},"thumbnailUrl":"https:\/\/nhkmachineryparts.com\/wp-content\/uploads\/2023\/01\/Waterproof-3-hole-one-side-flange-bearing-units-with-spherical-inserts-IP67-1.jpg","datePublished":"2023-01-18T16:12:26+00:00","dateModified":"2026-02-23T12:14:57+00:00","description":"IP67 Unit\u00e0 cuscinetto flangiate resistenti al vapore, impermeabili e resistenti alla corrosione, particolarmente adatte in ambienti umidi e difficili.","breadcrumb":{"@id":"https:\/\/nhkmachineryparts.com\/product\/ip67-waterproof-3-hole-one-side-flange-bearing-units\/#breadcrumb"},"inLanguage":"it-IT","potentialAction":[{"@type":"ReadAction","target":["https:\/\/nhkmachineryparts.com\/product\/ip67-waterproof-3-hole-one-side-flange-bearing-units\/"]}]},{"@type":"ImageObject","inLanguage":"it-IT","@id":"https:\/\/nhkmachineryparts.com\/product\/ip67-waterproof-3-hole-one-side-flange-bearing-units\/#primaryimage","url":"https:\/\/nhkmachineryparts.com\/wp-content\/uploads\/2023\/01\/Waterproof-3-hole-one-side-flange-bearing-units-with-spherical-inserts-IP67-1.jpg","contentUrl":"https:\/\/nhkmachineryparts.com\/wp-content\/uploads\/2023\/01\/Waterproof-3-hole-one-side-flange-bearing-units-with-spherical-inserts-IP67-1.jpg","width":1000,"height":1000,"caption":"Waterproof 3 hole one-side flange bearing units with spherical inserts IP67"},{"@type":"BreadcrumbList","@id":"https:\/\/nhkmachineryparts.com\/product\/ip67-waterproof-3-hole-one-side-flange-bearing-units\/#breadcrumb","itemListElement":[{"@type":"ListItem","position":1,"name":"Home","item":"https:\/\/nhkmachineryparts.com\/"},{"@type":"ListItem","position":2,"name":"Product line","item":"https:\/\/nhkmachineryparts.com\/product-line\/"},{"@type":"ListItem","position":3,"name":"IP67 Waterproof bearing house units","item":"https:\/\/nhkmachineryparts.com\/product-line\/ip67-waterproof-bearing-house-units\/"},{"@type":"ListItem","position":4,"name":"IP67 Waterproof 3 hole one-side flange bearing units"}]},{"@type":"WebSite","@id":"https:\/\/nhkmachineryparts.com\/#website","url":"https:\/\/nhkmachineryparts.com\/","name":"Parti di macchinari NHK","description":"Case Portanti, piedi livellatori sismici e ruote livellatrici","publisher":{"@id":"https:\/\/nhkmachineryparts.com\/#organization"},"potentialAction":[{"@type":"SearchAction","target":{"@type":"EntryPoint","urlTemplate":"https:\/\/nhkmachineryparts.com\/?s={search_term_string}"},"query-input":{"@type":"PropertyValueSpecification","valueRequired":true,"valueName":"search_term_string"}}],"inLanguage":"it-IT"},{"@type":"Organization","@id":"https:\/\/nhkmachineryparts.com\/#organization","name":"Gruppo Nhk ApS","url":"https:\/\/nhkmachineryparts.com\/","logo":{"@type":"ImageObject","inLanguage":"it-IT","@id":"https:\/\/nhkmachineryparts.com\/#\/schema\/logo\/image\/","url":"https:\/\/nhkmachineryparts.com\/wp-content\/uploads\/2022\/09\/NHKgroup_social.jpg","contentUrl":"https:\/\/nhkmachineryparts.com\/wp-content\/uploads\/2022\/09\/NHKgroup_social.jpg","width":1200,"height":630,"caption":"Nhk Group ApS"},"image":{"@id":"https:\/\/nhkmachineryparts.com\/#\/schema\/logo\/image\/"},"sameAs":["https:\/\/www.facebook.com\/NHK.Group.aps"]}]}},"_links":{"self":[{"href":"https:\/\/nhkmachineryparts.com\/it\/wp-json\/wp\/v2\/product\/3110","targetHints":{"allow":["GET"]}}],"collection":[{"href":"https:\/\/nhkmachineryparts.com\/it\/wp-json\/wp\/v2\/product"}],"about":[{"href":"https:\/\/nhkmachineryparts.com\/it\/wp-json\/wp\/v2\/types\/product"}],"wp:featuredmedia":[{"embeddable":true,"href":"https:\/\/nhkmachineryparts.com\/it\/wp-json\/wp\/v2\/media\/8906"}],"wp:attachment":[{"href":"https:\/\/nhkmachineryparts.com\/it\/wp-json\/wp\/v2\/media?parent=3110"}],"wp:term":[{"taxonomy":"product_brand","embeddable":true,"href":"https:\/\/nhkmachineryparts.com\/it\/wp-json\/wp\/v2\/product_brand?post=3110"},{"taxonomy":"product_cat","embeddable":true,"href":"https:\/\/nhkmachineryparts.com\/it\/wp-json\/wp\/v2\/product_cat?post=3110"},{"taxonomy":"product_tag","embeddable":true,"href":"https:\/\/nhkmachineryparts.com\/it\/wp-json\/wp\/v2\/product_tag?post=3110"}],"curies":[{"name":"scrivere","href":"https:\/\/api.w.org\/{rel}","templated":true}]}}