{"id":2911,"date":"2023-01-07T20:34:29","date_gmt":"2023-01-07T20:34:29","guid":{"rendered":"https:\/\/nhkmachineryparts.com\/?post_type=product&#038;p=2911"},"modified":"2026-02-23T14:42:24","modified_gmt":"2026-02-23T12:42:24","slug":"piedini-di-livellamento-con-design-extra-igienico-ehlf-con-mandrino-con-manicotto-di-protezione","status":"publish","type":"product","link":"https:\/\/nhkmachineryparts.com\/it\/product\/levelling-feet-in-extra-hygienic-design-ehlf-with-spindle-with-protecting-sleeve\/","title":{"rendered":"Piedini di livellamento igienici con mandrino protetto"},"content":{"rendered":"<section class=\"vc_row vc_custom_1662993827263 liquid-row-shadowbox-69d41090c20bb vc_column-gap-0\"><div class=\"ld-container container\"><div class=\"row ld-row ld-row-outer\"><div class=\"wpb_column vc_column_container vc_col-sm-12 liquid-column-69d41090c226f\"><div class=\"vc_column-inner\" ><div class=\"wpb_wrapper\"  >\n\t<div class=\"wpb_text_column wpb_content_element\" >\n\t\t<div class=\"wpb_wrapper\">\n\t\t\t<h2>Garantire pulizia e stabilit\u00e0<\/h2>\n<p><a href=\"https:\/\/nhkmachineryparts.com\/it\/product-line\/stainless-steel-solid-base-feet\/\" data-internallinksmanager029f6b8e52c=\"7\" title=\"Piedini di livellamento della macchina con piastra di base solida\">Piedini livellatori<\/a> in design igienico con base in gomma per la riduzione delle vibrazioni e propriet\u00e0 antiscivolo<br \/>\nNostro <a href=\"https:\/\/nhkmachineryparts.com\/it\/product-line\/stainless-steel-solid-base-feet\/\" data-internallinksmanager029f6b8e52c=\"17\" title=\"Piedini di livellamento della macchina con piastra di base solida\">piedini igienici livellatori<\/a> sono dotati di certificato FDA (FDA CFR 21 177 2600) con numero ID lotto univoco per la tracciabilit\u00e0 della sicurezza alimentare<\/p>\n<p><a href=\"https:\/\/nhkmachineryparts.com\/it\/negozio\/linea-di-prodotto\/machine-levelling-feet-in-a-hygienic-design\/hygienic-levelling-feet-with-protected-spindle\/\">Prova il nostro selettore prodotti<\/a><\/p>\n<h3>Piedini livellatori con caratteristiche e vantaggi del design igienico<\/h3>\n<p><a href=\"https:\/\/nhkmachineryparts.com\/it\/product-line\/stainless-steel-solid-base-feet\/\" data-internallinksmanager029f6b8e52c=\"17\" title=\"Piedini di livellamento della macchina con piastra di base solida\">Piedini livellatori igienici<\/a> hanno un design arrotondato e igienico che ne facilita la pulizia.<br \/>\n<a href=\"https:\/\/nhkmachineryparts.com\/it\/product-line\/stainless-steel-solid-base-feet\/\" data-internallinksmanager029f6b8e52c=\"17\" title=\"Piedini di livellamento della macchina con piastra di base solida\">Piedini livellatori igienici<\/a> pu\u00f2 affrontare pendenze fino a 10 gradi su pavimenti e attrezzature.<\/p>\n<h3>Piedini di livellamento in materiali dal design igienico<\/h3>\n<p><a href=\"https:\/\/nhkmachineryparts.com\/it\/product-line\/stainless-steel-solid-base-feet\/\" data-internallinksmanager029f6b8e52c=\"17\" title=\"Piedini di livellamento della macchina con piastra di base solida\">Piedini livellatori igienici<\/a> parte in gomma vulcanizzata con certificato FDA secondo FDA CFR 21 177 2600.<\/p>\n<p>Descrizione del materiale della piastra di base:<br \/>\nAcciaio inox Aisi 304 o Aisi 316<\/p>\n<p>Descrizione del materiale del mandrino:<br \/>\nAcciaio inossidabile A2-70 o A4-70<\/p>\n<p>Descrizione del materiale di base in gomma:<br \/>\nGomma NBR (gomma nitrilica n. CAS 9005-98-5)<br \/>\nCertificato FDA secondo FDA CFR 21 177 2600<\/p>\n<p>Tutti i materiali sono altamente resistenti agli agenti chimici e ai detergenti comunemente utilizzati, nonch\u00e9 agli oli e ai grassi resistenti.<\/p>\n<h3>Piedini di livellamento nelle misure dal design igienico<\/h3>\n<p><a href=\"https:\/\/nhkmachineryparts.com\/it\/product-line\/stainless-steel-solid-base-feet\/\" data-internallinksmanager029f6b8e52c=\"17\" title=\"Piedini di livellamento della macchina con piastra di base solida\">Piedini livellatori igienici<\/a> le basi sono disponibili in un&#039;ampia gamma, offrendo la flessibilit\u00e0 e la scelta ottimali.<\/p>\n<div class=\"dcf-overflow-x-auto\" tabindex=\"0\">\n<table class=\"dcf-table dcf-table-bordered dcf-w-100%\">\n<thead>\n<tr>\n<th scope=\"col\">Dimensioni della base<\/th>\n<th scope=\"col\">Diametro baseD<\/th>\n<th scope=\"col\">Diametro D nom. Carico<\/th>\n<\/tr>\n<\/thead>\n<tbody>\n<tr>\n<td data-label=\"EHMF Base Size \">50 HLF<\/td>\n<td data-label=\"Base Diameter D\">50 mm<\/td>\n<td data-label=\"Diameter D Nom. Load \">5.000 N<\/td>\n<\/tr>\n<tr>\n<td data-label=\"EHMF Base Size \">HLF 60<\/td>\n<td data-label=\"Base Diameter D\">60 mm<\/td>\n<td data-label=\"Diameter D Nom. Load \">7.000 N<\/td>\n<\/tr>\n<tr>\n<td data-label=\"EHMF Base Size \">HLF 80<\/td>\n<td data-label=\"Base Diameter D\">80 mm<\/td>\n<td data-label=\"Diameter D Nom. Load \">15.000 N<\/td>\n<\/tr>\n<tr>\n<td data-label=\"EHMF Base Size \">100 HLF<\/td>\n<td data-label=\"Base Diameter D\">100 mm<\/td>\n<td data-label=\"Diameter D Nom. Load \">20.000 N<\/td>\n<\/tr>\n<tr>\n<td data-label=\"EHMF Base Size \">120 HLF<\/td>\n<td data-label=\"Base Diameter D\">120 mm<\/td>\n<td data-label=\"Diameter D Nom. Load \">30.000 N<\/td>\n<\/tr>\n<tr>\n<td data-label=\"EHMF Base Size \">140 HLF<\/td>\n<td data-label=\"Base Diameter D\">140 mm<\/td>\n<td data-label=\"Diameter D Nom. Load \">40.000 N<\/td>\n<\/tr>\n<\/tbody>\n<\/table>\n<\/div>\n<p><a href=\"https:\/\/nhkmachineryparts.com\/it\/product-line\/stainless-steel-solid-base-feet\/\" data-internallinksmanager029f6b8e52c=\"17\" title=\"Piedini di livellamento della macchina con piastra di base solida\">Piedini livellatori igienici<\/a> il mandrino con manicotto di protezione \u00e8 disponibile in un&#039;ampia gamma, offrendo la flessibilit\u00e0 e la scelta ottimali.<\/p>\n<div class=\"dcf-overflow-x-auto\" tabindex=\"0\">\n<table class=\"dcf-table dcf-table-bordered dcf-w-100%\">\n<caption>EHLF Diametro del mandrino e della manica<\/caption>\n<tbody>\n<tr>\n<td>M16<\/td>\n<td>M20<\/td>\n<td>M24<\/td>\n<td>M30<\/td>\n<td>M36<\/td>\n<td>M42<\/td>\n<td>M48<\/td>\n<\/tr>\n<\/tbody>\n<\/table>\n<\/div>\n<div class=\"dcf-overflow-x-auto\" tabindex=\"0\">\n<table class=\"dcf-table dcf-table-bordered dcf-w-100%\">\n<caption>Lunghezza stelo EHLF (L) e lunghezza manica (H)<\/caption>\n<tbody>\n<tr>\n<td>L=135 mm. A=55 mm<\/td>\n<td>Da minimo 80 mm a massimo 120 mm<\/td>\n<\/tr>\n<tr>\n<td>L=175 mm. A=75 mm<\/td>\n<td>Da minimo 100 mm a massimo 160 mm<\/td>\n<\/tr>\n<tr>\n<td>L=215 mm. A=95 mm<\/td>\n<td>Da minimo 120 mm a massimo 200 mm<\/td>\n<\/tr>\n<tr>\n<td>L=255 mm. A=115 mm<\/td>\n<td>Da minimo 140 mm a massimo 240 mm<\/td>\n<\/tr>\n<tr>\n<td>L=295 mm. A=125 mm<\/td>\n<td>Da minimo 180 mm a massimo 280 mm<\/td>\n<\/tr>\n<\/tbody>\n<\/table>\n<\/div>\n<p>Per altre lunghezze del perno filettato (L), contattateci<br \/>\nSu richiesta sono disponibili filettature in pollici<br \/>\nLa filettatura pu\u00f2 anche essere personalizzata secondo specifica richiesta, filettatura ex trapezio ecc.<\/p>\n<h3>Piedini di livellamento nell&#039;opzione di consegna con design igienico<\/h3>\n<p>Per ordini di grandi dimensioni offriamo la fornitura di base e mandrini separati<br \/>\nIl vantaggio \u00e8 la flessibilit\u00e0 per il cliente che utilizza mandrini di dimensioni diverse.<\/p>\n<h2 data-start=\"0\" data-end=\"86\">Piedini di livellamento igienici con mandrino protetto<\/h2>\n<h3 data-start=\"88\" data-end=\"148\">Igiene migliorata per l&#039;industria alimentare e farmaceutica<\/h3>\n<p data-start=\"150\" data-end=\"585\"><a href=\"https:\/\/nhkmachineryparts.com\/it\/product-line\/stainless-steel-solid-base-feet\/\" data-internallinksmanager029f6b8e52c=\"17\" title=\"Piedini di livellamento della macchina con piastra di base solida\">Piedini livellatori igienici<\/a> con mandrini protetti sono componenti essenziali in <a href=\"https:\/\/nhkmachineryparts.com\/it\/our-industries\/\" data-internallinksmanager029f6b8e52c=\"4\" title=\"Le nostre industrie\">industrie<\/a> dove pulizia e sicurezza sono fondamentali. Progettati per prevenire la contaminazione, questi componenti sono comunemente utilizzati in strutture di lavorazione alimentare, produzione farmaceutica e biotecnologia. La loro costruzione in acciaio inossidabile e il design del mandrino protetto assicurano che non si accumulino sporcizia, umidit\u00e0 o batteri, mantenendo rigorosi standard igienici.<\/p>\n<h3 data-start=\"587\" data-end=\"634\">Design robusto per prestazioni durature<\/h3>\n<p data-start=\"636\" data-end=\"1091\">La costruzione robusta di <a href=\"https:\/\/nhkmachineryparts.com\/it\/product-line\/stainless-steel-solid-base-feet\/\" data-internallinksmanager029f6b8e52c=\"17\" title=\"Piedini di livellamento della macchina con piastra di base solida\">piedini igienici livellatori<\/a> garantisce prestazioni durature anche in ambienti difficili. Il mandrino protetto \u00e8 racchiuso in una copertura protettiva, impedendo l&#039;esposizione agli elementi esterni. Questo design riduce al minimo l&#039;usura, riduce i requisiti di manutenzione e prolunga la durata dell&#039;attrezzatura. Inoltre, i materiali in acciaio inossidabile forniscono resistenza alla corrosione, rendendo questi componenti ideali per ambienti umidi e difficili.<\/p>\n<h3 data-start=\"1093\" data-end=\"1132\">Conformit\u00e0 agli standard di settore<\/h3>\n<p data-start=\"1134\" data-end=\"1512\"><a href=\"https:\/\/nhkmachineryparts.com\/it\/product-line\/stainless-steel-solid-base-feet\/\" data-internallinksmanager029f6b8e52c=\"17\" title=\"Piedini di livellamento della macchina con piastra di base solida\">Piedini livellatori igienici<\/a> con fusi protetti sono progettati per rispettare gli standard igienici internazionali, tra cui <a href=\"https:\/\/nhkmachineryparts.com\/it\/qual-e-la-differenza-tra-3a-e-ehedg\/\" data-internallinksmanager029f6b8e52c=\"2\" title=\"Parti di macchinari certificate EHEDG\">EHEDG<\/a> e certificazioni 3A. Le loro superfici lisce e le fessure minime consentono una facile pulizia, garantendo la conformit\u00e0 alle normative sanitarie. Questo livello di pulizia \u00e8 fondamentale nei settori in cui la contaminazione pu\u00f2 compromettere la sicurezza e la qualit\u00e0 del prodotto.<\/p>\n<h3 data-start=\"1514\" data-end=\"1567\">Applicazioni versatili in vari settori<\/h3>\n<p data-start=\"1569\" data-end=\"1909\">Questi piedini di livellamento sono ampiamente utilizzati nei sistemi di trasporto, nei macchinari per l&#039;imballaggio e nelle apparecchiature per la lavorazione alimentare. Il loro design regolabile consente un allineamento e una stabilit\u00e0 precisi, garantendo prestazioni ottimali della macchina. Impedendo le vibrazioni e mantenendo l&#039;equilibrio dell&#039;attrezzatura, aiutano a migliorare l&#039;efficienza della produzione e la consistenza del prodotto.<\/p>\n<h3 data-start=\"1911\" data-end=\"2134\"><strong data-start=\"1911\" data-end=\"1932\">Migliorare l&#039;igiene e la stabilit\u00e0<\/strong><\/h3>\n<p data-start=\"1911\" data-end=\"2134\" data-is-last-node=\"\" data-is-only-node=\"\">Scopri i vantaggi di <a href=\"https:\/\/nhkmachineryparts.com\/it\/product-line\/stainless-steel-solid-base-feet\/\" data-internallinksmanager029f6b8e52c=\"17\" title=\"Piedini di livellamento della macchina con piastra di base solida\">piedini igienici livellatori<\/a> con fusi protetti. Garantire pulizia, stabilit\u00e0 e conformit\u00e0 agli standard industriali nella lavorazione alimentare, farmaceutica e biotecnologia.<\/p>\n\n\t\t<\/div>\n\t<\/div>\n<\/div><\/div><\/div><\/div><\/div><\/section>","protected":false},"excerpt":{"rendered":"Ensuring Cleanliness and Stability Levelling feet in hygienic design with rubber base for vibration reduction and anti-slip properties Our hygienic levelling feet are provided with FDA certificate (FDA CFR 21 177 2600) with unique batch ID number for food safety traceability Try our product selector Levelling feet in hygienic design features and advantages Hygienic levelling [...]","protected":false},"featured_media":8504,"template":"","meta":[],"product_brand":[],"product_cat":[18],"product_tag":[],"class_list":{"0":"post-2911","1":"product","2":"type-product","3":"status-publish","4":"has-post-thumbnail","6":"product_cat-stainless-steel-machine-levelling-feet","8":"first","9":"instock","10":"shipping-taxable","11":"product-type-simple"},"yoast_head":"<!-- This site is optimized with the Yoast SEO plugin v27.3 - https:\/\/yoast.com\/product\/yoast-seo-wordpress\/ -->\n<title>Hygienic levelling feet with protected spindle | NHK Machinery Parts<\/title>\n<meta name=\"description\" content=\"In environments where contamination risks must be minimized, hygienic levelling feet with protected spindles provide reliable performance.\" \/>\n<meta name=\"robots\" content=\"index, follow, max-snippet:-1, max-image-preview:large, max-video-preview:-1\" \/>\n<link rel=\"canonical\" href=\"https:\/\/nhkmachineryparts.com\/it\/prodotto\/piedini-di-livellamento-con-design-extra-igienico-ehlf-con-mandrino-con-manicotto-di-protezione\/\" \/>\n<meta property=\"og:locale\" content=\"it_IT\" \/>\n<meta property=\"og:type\" content=\"article\" \/>\n<meta property=\"og:title\" content=\"Hygienic levelling feet with protected spindle | NHK Machinery Parts\" \/>\n<meta property=\"og:description\" content=\"In environments where contamination risks must be minimized, hygienic levelling feet with protected spindles provide reliable performance.\" \/>\n<meta property=\"og:url\" content=\"https:\/\/nhkmachineryparts.com\/it\/prodotto\/piedini-di-livellamento-con-design-extra-igienico-ehlf-con-mandrino-con-manicotto-di-protezione\/\" \/>\n<meta property=\"og:site_name\" content=\"NHK Machinery Parts\" \/>\n<meta property=\"article:publisher\" content=\"https:\/\/www.facebook.com\/NHK.Group.aps\" \/>\n<meta property=\"article:modified_time\" content=\"2026-02-23T12:42:24+00:00\" \/>\n<meta property=\"og:image\" content=\"https:\/\/nhkmachineryparts.com\/wp-content\/uploads\/2023\/01\/Levelling-feet-in-extra-hygienic-design-EHLF-with-spindle-with-protecting-sleeve.jpg\" \/>\n\t<meta property=\"og:image:width\" content=\"1000\" \/>\n\t<meta property=\"og:image:height\" content=\"1000\" \/>\n\t<meta property=\"og:image:type\" content=\"image\/jpeg\" \/>\n<meta name=\"twitter:card\" content=\"summary_large_image\" \/>\n<meta name=\"twitter:label1\" content=\"Tempo di lettura stimato\" \/>\n\t<meta name=\"twitter:data1\" content=\"4 minuti\" \/>\n<script type=\"application\/ld+json\" class=\"yoast-schema-graph\">{\"@context\":\"https:\\\/\\\/schema.org\",\"@graph\":[{\"@type\":\"WebPage\",\"@id\":\"https:\\\/\\\/nhkmachineryparts.com\\\/product\\\/levelling-feet-in-extra-hygienic-design-ehlf-with-spindle-with-protecting-sleeve\\\/\",\"url\":\"https:\\\/\\\/nhkmachineryparts.com\\\/product\\\/levelling-feet-in-extra-hygienic-design-ehlf-with-spindle-with-protecting-sleeve\\\/\",\"name\":\"Hygienic levelling feet with protected spindle | NHK Machinery Parts\",\"isPartOf\":{\"@id\":\"https:\\\/\\\/nhkmachineryparts.com\\\/#website\"},\"primaryImageOfPage\":{\"@id\":\"https:\\\/\\\/nhkmachineryparts.com\\\/product\\\/levelling-feet-in-extra-hygienic-design-ehlf-with-spindle-with-protecting-sleeve\\\/#primaryimage\"},\"image\":{\"@id\":\"https:\\\/\\\/nhkmachineryparts.com\\\/product\\\/levelling-feet-in-extra-hygienic-design-ehlf-with-spindle-with-protecting-sleeve\\\/#primaryimage\"},\"thumbnailUrl\":\"https:\\\/\\\/nhkmachineryparts.com\\\/wp-content\\\/uploads\\\/2023\\\/01\\\/Levelling-feet-in-extra-hygienic-design-EHLF-with-spindle-with-protecting-sleeve.jpg\",\"datePublished\":\"2023-01-07T20:34:29+00:00\",\"dateModified\":\"2026-02-23T12:42:24+00:00\",\"description\":\"In environments where contamination risks must be minimized, hygienic levelling feet with protected spindles provide reliable performance.\",\"breadcrumb\":{\"@id\":\"https:\\\/\\\/nhkmachineryparts.com\\\/product\\\/levelling-feet-in-extra-hygienic-design-ehlf-with-spindle-with-protecting-sleeve\\\/#breadcrumb\"},\"inLanguage\":\"it-IT\",\"potentialAction\":[{\"@type\":\"ReadAction\",\"target\":[\"https:\\\/\\\/nhkmachineryparts.com\\\/product\\\/levelling-feet-in-extra-hygienic-design-ehlf-with-spindle-with-protecting-sleeve\\\/\"]}]},{\"@type\":\"ImageObject\",\"inLanguage\":\"it-IT\",\"@id\":\"https:\\\/\\\/nhkmachineryparts.com\\\/product\\\/levelling-feet-in-extra-hygienic-design-ehlf-with-spindle-with-protecting-sleeve\\\/#primaryimage\",\"url\":\"https:\\\/\\\/nhkmachineryparts.com\\\/wp-content\\\/uploads\\\/2023\\\/01\\\/Levelling-feet-in-extra-hygienic-design-EHLF-with-spindle-with-protecting-sleeve.jpg\",\"contentUrl\":\"https:\\\/\\\/nhkmachineryparts.com\\\/wp-content\\\/uploads\\\/2023\\\/01\\\/Levelling-feet-in-extra-hygienic-design-EHLF-with-spindle-with-protecting-sleeve.jpg\",\"width\":1000,\"height\":1000,\"caption\":\"Levelling feet in extra hygienic design EHLF with spindle with protecting sleeve\"},{\"@type\":\"BreadcrumbList\",\"@id\":\"https:\\\/\\\/nhkmachineryparts.com\\\/product\\\/levelling-feet-in-extra-hygienic-design-ehlf-with-spindle-with-protecting-sleeve\\\/#breadcrumb\",\"itemListElement\":[{\"@type\":\"ListItem\",\"position\":1,\"name\":\"Home\",\"item\":\"https:\\\/\\\/nhkmachineryparts.com\\\/\"},{\"@type\":\"ListItem\",\"position\":2,\"name\":\"Product line\",\"item\":\"https:\\\/\\\/nhkmachineryparts.com\\\/product-line\\\/\"},{\"@type\":\"ListItem\",\"position\":3,\"name\":\"Industrial machine leveling feet in stainless steel\",\"item\":\"https:\\\/\\\/nhkmachineryparts.com\\\/product-line\\\/stainless-steel-machine-levelling-feet\\\/\"},{\"@type\":\"ListItem\",\"position\":4,\"name\":\"Hygienic levelling feet with protected spindle\"}]},{\"@type\":\"WebSite\",\"@id\":\"https:\\\/\\\/nhkmachineryparts.com\\\/#website\",\"url\":\"https:\\\/\\\/nhkmachineryparts.com\\\/\",\"name\":\"NHK Machinery Parts\",\"description\":\"Bearing Houses, seismic levelling feet and levelling castors\",\"publisher\":{\"@id\":\"https:\\\/\\\/nhkmachineryparts.com\\\/#organization\"},\"potentialAction\":[{\"@type\":\"SearchAction\",\"target\":{\"@type\":\"EntryPoint\",\"urlTemplate\":\"https:\\\/\\\/nhkmachineryparts.com\\\/?s={search_term_string}\"},\"query-input\":{\"@type\":\"PropertyValueSpecification\",\"valueRequired\":true,\"valueName\":\"search_term_string\"}}],\"inLanguage\":\"it-IT\"},{\"@type\":\"Organization\",\"@id\":\"https:\\\/\\\/nhkmachineryparts.com\\\/#organization\",\"name\":\"Nhk Group ApS\",\"url\":\"https:\\\/\\\/nhkmachineryparts.com\\\/\",\"logo\":{\"@type\":\"ImageObject\",\"inLanguage\":\"it-IT\",\"@id\":\"https:\\\/\\\/nhkmachineryparts.com\\\/#\\\/schema\\\/logo\\\/image\\\/\",\"url\":\"https:\\\/\\\/nhkmachineryparts.com\\\/wp-content\\\/uploads\\\/2022\\\/09\\\/NHKgroup_social.jpg\",\"contentUrl\":\"https:\\\/\\\/nhkmachineryparts.com\\\/wp-content\\\/uploads\\\/2022\\\/09\\\/NHKgroup_social.jpg\",\"width\":1200,\"height\":630,\"caption\":\"Nhk Group ApS\"},\"image\":{\"@id\":\"https:\\\/\\\/nhkmachineryparts.com\\\/#\\\/schema\\\/logo\\\/image\\\/\"},\"sameAs\":[\"https:\\\/\\\/www.facebook.com\\\/NHK.Group.aps\"]}]}<\/script>\n<!-- \/ Yoast SEO plugin. -->","yoast_head_json":{"title":"Piedini di livellamento igienici con mandrino protetto | NHK Machinery Parts","description":"Negli ambienti in cui \u00e8 necessario ridurre al minimo i rischi di contaminazione, i piedini regolabili igienici con perni protetti garantiscono prestazioni affidabili.","robots":{"index":"index","follow":"follow","max-snippet":"max-snippet:-1","max-image-preview":"max-image-preview:large","max-video-preview":"max-video-preview:-1"},"canonical":"https:\/\/nhkmachineryparts.com\/it\/prodotto\/piedini-di-livellamento-con-design-extra-igienico-ehlf-con-mandrino-con-manicotto-di-protezione\/","og_locale":"it_IT","og_type":"article","og_title":"Hygienic levelling feet with protected spindle | NHK Machinery Parts","og_description":"In environments where contamination risks must be minimized, hygienic levelling feet with protected spindles provide reliable performance.","og_url":"https:\/\/nhkmachineryparts.com\/it\/prodotto\/piedini-di-livellamento-con-design-extra-igienico-ehlf-con-mandrino-con-manicotto-di-protezione\/","og_site_name":"NHK Machinery Parts","article_publisher":"https:\/\/www.facebook.com\/NHK.Group.aps","article_modified_time":"2026-02-23T12:42:24+00:00","og_image":[{"width":1000,"height":1000,"url":"https:\/\/nhkmachineryparts.com\/wp-content\/uploads\/2023\/01\/Levelling-feet-in-extra-hygienic-design-EHLF-with-spindle-with-protecting-sleeve.jpg","type":"image\/jpeg"}],"twitter_card":"summary_large_image","twitter_misc":{"Tempo di lettura stimato":"4 minuti"},"schema":{"@context":"https:\/\/schema.org","@graph":[{"@type":"WebPage","@id":"https:\/\/nhkmachineryparts.com\/product\/levelling-feet-in-extra-hygienic-design-ehlf-with-spindle-with-protecting-sleeve\/","url":"https:\/\/nhkmachineryparts.com\/product\/levelling-feet-in-extra-hygienic-design-ehlf-with-spindle-with-protecting-sleeve\/","name":"Piedini di livellamento igienici con mandrino protetto | NHK Machinery Parts","isPartOf":{"@id":"https:\/\/nhkmachineryparts.com\/#website"},"primaryImageOfPage":{"@id":"https:\/\/nhkmachineryparts.com\/product\/levelling-feet-in-extra-hygienic-design-ehlf-with-spindle-with-protecting-sleeve\/#primaryimage"},"image":{"@id":"https:\/\/nhkmachineryparts.com\/product\/levelling-feet-in-extra-hygienic-design-ehlf-with-spindle-with-protecting-sleeve\/#primaryimage"},"thumbnailUrl":"https:\/\/nhkmachineryparts.com\/wp-content\/uploads\/2023\/01\/Levelling-feet-in-extra-hygienic-design-EHLF-with-spindle-with-protecting-sleeve.jpg","datePublished":"2023-01-07T20:34:29+00:00","dateModified":"2026-02-23T12:42:24+00:00","description":"Negli ambienti in cui \u00e8 necessario ridurre al minimo i rischi di contaminazione, i piedini regolabili igienici con perni protetti garantiscono prestazioni affidabili.","breadcrumb":{"@id":"https:\/\/nhkmachineryparts.com\/product\/levelling-feet-in-extra-hygienic-design-ehlf-with-spindle-with-protecting-sleeve\/#breadcrumb"},"inLanguage":"it-IT","potentialAction":[{"@type":"ReadAction","target":["https:\/\/nhkmachineryparts.com\/product\/levelling-feet-in-extra-hygienic-design-ehlf-with-spindle-with-protecting-sleeve\/"]}]},{"@type":"ImageObject","inLanguage":"it-IT","@id":"https:\/\/nhkmachineryparts.com\/product\/levelling-feet-in-extra-hygienic-design-ehlf-with-spindle-with-protecting-sleeve\/#primaryimage","url":"https:\/\/nhkmachineryparts.com\/wp-content\/uploads\/2023\/01\/Levelling-feet-in-extra-hygienic-design-EHLF-with-spindle-with-protecting-sleeve.jpg","contentUrl":"https:\/\/nhkmachineryparts.com\/wp-content\/uploads\/2023\/01\/Levelling-feet-in-extra-hygienic-design-EHLF-with-spindle-with-protecting-sleeve.jpg","width":1000,"height":1000,"caption":"Levelling feet in extra hygienic design EHLF with spindle with protecting sleeve"},{"@type":"BreadcrumbList","@id":"https:\/\/nhkmachineryparts.com\/product\/levelling-feet-in-extra-hygienic-design-ehlf-with-spindle-with-protecting-sleeve\/#breadcrumb","itemListElement":[{"@type":"ListItem","position":1,"name":"Home","item":"https:\/\/nhkmachineryparts.com\/"},{"@type":"ListItem","position":2,"name":"Product line","item":"https:\/\/nhkmachineryparts.com\/product-line\/"},{"@type":"ListItem","position":3,"name":"Industrial machine leveling feet in stainless steel","item":"https:\/\/nhkmachineryparts.com\/product-line\/stainless-steel-machine-levelling-feet\/"},{"@type":"ListItem","position":4,"name":"Hygienic levelling feet with protected spindle"}]},{"@type":"WebSite","@id":"https:\/\/nhkmachineryparts.com\/#website","url":"https:\/\/nhkmachineryparts.com\/","name":"Parti di macchinari NHK","description":"Case Portanti, piedi livellatori sismici e ruote livellatrici","publisher":{"@id":"https:\/\/nhkmachineryparts.com\/#organization"},"potentialAction":[{"@type":"SearchAction","target":{"@type":"EntryPoint","urlTemplate":"https:\/\/nhkmachineryparts.com\/?s={search_term_string}"},"query-input":{"@type":"PropertyValueSpecification","valueRequired":true,"valueName":"search_term_string"}}],"inLanguage":"it-IT"},{"@type":"Organization","@id":"https:\/\/nhkmachineryparts.com\/#organization","name":"Gruppo Nhk ApS","url":"https:\/\/nhkmachineryparts.com\/","logo":{"@type":"ImageObject","inLanguage":"it-IT","@id":"https:\/\/nhkmachineryparts.com\/#\/schema\/logo\/image\/","url":"https:\/\/nhkmachineryparts.com\/wp-content\/uploads\/2022\/09\/NHKgroup_social.jpg","contentUrl":"https:\/\/nhkmachineryparts.com\/wp-content\/uploads\/2022\/09\/NHKgroup_social.jpg","width":1200,"height":630,"caption":"Nhk Group ApS"},"image":{"@id":"https:\/\/nhkmachineryparts.com\/#\/schema\/logo\/image\/"},"sameAs":["https:\/\/www.facebook.com\/NHK.Group.aps"]}]}},"_links":{"self":[{"href":"https:\/\/nhkmachineryparts.com\/it\/wp-json\/wp\/v2\/product\/2911","targetHints":{"allow":["GET"]}}],"collection":[{"href":"https:\/\/nhkmachineryparts.com\/it\/wp-json\/wp\/v2\/product"}],"about":[{"href":"https:\/\/nhkmachineryparts.com\/it\/wp-json\/wp\/v2\/types\/product"}],"wp:featuredmedia":[{"embeddable":true,"href":"https:\/\/nhkmachineryparts.com\/it\/wp-json\/wp\/v2\/media\/8504"}],"wp:attachment":[{"href":"https:\/\/nhkmachineryparts.com\/it\/wp-json\/wp\/v2\/media?parent=2911"}],"wp:term":[{"taxonomy":"product_brand","embeddable":true,"href":"https:\/\/nhkmachineryparts.com\/it\/wp-json\/wp\/v2\/product_brand?post=2911"},{"taxonomy":"product_cat","embeddable":true,"href":"https:\/\/nhkmachineryparts.com\/it\/wp-json\/wp\/v2\/product_cat?post=2911"},{"taxonomy":"product_tag","embeddable":true,"href":"https:\/\/nhkmachineryparts.com\/it\/wp-json\/wp\/v2\/product_tag?post=2911"}],"curies":[{"name":"scrivere","href":"https:\/\/api.w.org\/{rel}","templated":true}]}}