{"id":1958,"date":"2022-09-28T18:58:55","date_gmt":"2022-09-28T18:58:55","guid":{"rendered":"https:\/\/nhkmachineryparts.pawsfabrik.dk\/?post_type=product&#038;p=1958"},"modified":"2026-02-27T16:04:25","modified_gmt":"2026-02-27T14:04:25","slug":"341-piedi-regolabili-in-albero-sigillato-dal-design-igienico-con-fori-per-la-serratura-del-pavimento","status":"publish","type":"product","link":"https:\/\/nhkmachineryparts.com\/it\/product\/341-adjustable-feet-in-sealed-hygienic-design-shaf-with-floor-lock-holes\/","title":{"rendered":"EHEDG-certified adjustable feet with floor lock holes"},"content":{"rendered":"<section class=\"vc_row vc_custom_1662993827263 liquid-row-shadowbox-69d40ea6d5436 vc_column-gap-0\"><div class=\"ld-container container\"><div class=\"row ld-row ld-row-outer\"><div class=\"wpb_column vc_column_container vc_col-sm-12 liquid-column-69d40ea6d55d1\"><div class=\"vc_column-inner\" ><div class=\"wpb_wrapper\"  >\n\t<div class=\"wpb_text_column wpb_content_element\" >\n\t\t<div class=\"wpb_wrapper\">\n\t\t\t<p>Progettato per carichi pesanti in ambienti difficili in condizioni difficili<br \/>\nCertificato igienico <a href=\"https:\/\/nhkmachineryparts.com\/it\/linea-di-prodotto\/piedini-in-acciaio-inox-ehedg-in-design-igienico\/\" data-internallinksmanager029f6b8e52c=\"15\" title=\"piedini regolabili\">piedini regolabili<\/a> con fori di bloccaggio a pavimento pu\u00f2 essere applicato con tampone in gomma per riduzione delle vibrazioni e propriet\u00e0 antiscivolo<br \/>\nI nostri piedini regolabili certificati igienici con fori di bloccaggio a pavimento sono forniti con certificato FDA (FDA CFR 21 177 2600) con numero ID lotto univoco per la tracciabilit\u00e0 della sicurezza alimentare<\/p>\n<p><a href=\"https:\/\/nhkmachineryparts.com\/shop\/product-line\/certified-hygienic-feet\/\">Prova il nostro selettore di prodotti con piedini regolabili certificati<\/a><\/p>\n<h2>Piedini regolabili con design igienico sigillato caratteristiche e vantaggi<\/h2>\n<p>I mandrini sono lisci all&#039;estremit\u00e0 verso la base e le filettature sono protette da un manicotto per garantire una facile pulizia.<br \/>\nIl manicotto funziona anche come dado.<br \/>\nIl perno e la base sono sigillati con guarnizione in silicone.<br \/>\nIl manicotto \u00e8 sigillato con guarnizione in silicone sull&#039;estremit\u00e0 liscia del mandrino ed \u00e8 sigillato sulla piastra di montaggio con guarnizione in silicone<br \/>\nLa base pu\u00f2 essere dotata di un cuscinetto in gomma approvato dalla FDA per la riduzione delle vibrazioni<br \/>\nI piedini regolabili certificati e sigillati con fori di bloccaggio a pavimento sono in grado di sopportare pendenze fino a 10 gradi su pavimenti e attrezzature.<\/p>\n<h2>Piedini regolabili in materiali di design igienico sigillati<\/h2>\n<p>Piedini regolabili certificati igienici sigillati con fori di bloccaggio a pavimento, cuscinetto in gomma con certificazione FDA secondo FDA CFR 21 177 2600.<\/p>\n<p>Descrizione del materiale della piastra di base:<br \/>\nMateriale composito per uso alimentare<\/p>\n<p>Descrizione del materiale del mandrino:<br \/>\nAcciaio inossidabile A2-70 o A4-70<\/p>\n<p>Descrizione del materiale di base in gomma:<br \/>\nGomma NBR (gomma nitrilica n. CAS 9005-98-5)<br \/>\nCertificato FDA secondo FDA CFR 21 177 2600<\/p>\n<p>Tutti i materiali sono altamente resistenti agli agenti chimici e ai detergenti comunemente utilizzati, nonch\u00e9 agli oli e ai grassi resistenti.<\/p>\n<h2>Piedini regolabili in dimensioni di design igienico sigillate<\/h2>\n<p><a href=\"https:\/\/nhkmachineryparts.com\/shop\/product-line\/certified-hygienic-feet\/\">Prova il nostro selettore di prodotti certificati per l&#039;igiene dei piedi<\/a><\/p>\n<p>Sono disponibili in un&#039;ampia gamma piedini regolabili certificati e sigillati con fori di bloccaggio a pavimento, per garantire la massima flessibilit\u00e0 e scelta.<\/p>\n<div class=\"dcf-overflow-x-auto\" tabindex=\"0\">\n<table class=\"dcf-table dcf-table-bordered dcf-w-100%\">\n<thead>\n<tr>\n<th scope=\"col\">Tipo di base<\/th>\n<th scope=\"col\">Diametro baseD<\/th>\n<\/tr>\n<\/thead>\n<tbody>\n<tr>\n<td data-label=\"PF Base Size\">HAF 79<\/td>\n<td data-label=\"Base Diameter D\">78 mm<\/td>\n<\/tr>\n<tr>\n<td data-label=\"PF Base Size\">HAF 99<\/td>\n<td data-label=\"Base Diameter D\">98 mm<\/td>\n<\/tr>\n<tr>\n<td data-label=\"PF Base Size\">HAF 119<\/td>\n<td data-label=\"Base Diameter D\">118 mm<\/td>\n<\/tr>\n<tr>\n<td data-label=\"PF Base Size\">HAF 139<\/td>\n<td data-label=\"Base Diameter D\">138 mm<\/td>\n<\/tr>\n<tr>\n<td data-label=\"PF Base Size\">HAF 159<\/td>\n<td data-label=\"Base Diameter D\">158 mm<\/td>\n<\/tr>\n<tr>\n<td data-label=\"PF Base Size\">HAF 179<\/td>\n<td data-label=\"Base Diameter D\">178 mm<\/td>\n<\/tr>\n<tr>\n<td data-label=\"PF Base Size\">HAF 199<\/td>\n<td data-label=\"Base Diameter D\">198 mm<\/td>\n<\/tr>\n<tr>\n<td data-label=\"PF Base Size\">HAF249<\/td>\n<td data-label=\"Base Diameter D\">248 mm<\/td>\n<\/tr>\n<tr>\n<td data-label=\"PF Base Size\">HAF 299<\/td>\n<td data-label=\"Base Diameter D\">298 mm<\/td>\n<\/tr>\n<\/tbody>\n<\/table>\n<\/div>\n<p>Per altri diametri base D, contattateci<br \/>\nIl carico nominale dipende dalle filettature del mandrino<br \/>\nPer il tampone in gomma, il suffisso &quot;R&quot; viene aggiunto ai numeri. es.: HAF79-3A-M16-L140-R<\/p>\n<p>I piedini regolabili certificati igienici e sigillati con perni per fori di bloccaggio a pavimento sono disponibili in un&#039;ampia gamma, offrendo la massima flessibilit\u00e0 e scelta.<\/p>\n<table width=\"560\">\n<tbody>\n<tr>\n<td colspan=\"7\" width=\"560\">SHAF Diametro del mandrino e della manica<\/td>\n<\/tr>\n<tr>\n<td width=\"80\">M16<\/td>\n<td width=\"80\">M20<\/td>\n<td width=\"80\">M24<\/td>\n<td width=\"80\">M30<\/td>\n<td width=\"80\">M36<\/td>\n<td width=\"80\">M42<\/td>\n<td width=\"80\">M48<\/td>\n<\/tr>\n<\/tbody>\n<\/table>\n<h2>Piedini igienici regolabili sigillati in lunghezza del mandrino e altezza di regolazione<\/h2>\n<table width=\"560\">\n<tbody>\n<tr>\n<td colspan=\"3\" width=\"240\">SHAF Lunghezza del mandrino (L) e Lunghezza del manicotto (H)<\/td>\n<td colspan=\"4\" width=\"320\">Altezza di regolazione<\/td>\n<\/tr>\n<tr>\n<td colspan=\"3\" width=\"240\">L=140 mm. A=55 mm<\/td>\n<td colspan=\"4\" width=\"320\">Da minimo 80 mm a massimo 120 mm<\/td>\n<\/tr>\n<tr>\n<td colspan=\"3\" width=\"240\">L=180 mm. H=75 mm<\/td>\n<td colspan=\"4\" width=\"320\">Da minimo 100 mm a massimo 160 mm<\/td>\n<\/tr>\n<tr>\n<td colspan=\"3\" width=\"240\">L=220mm H=95mm<\/td>\n<td colspan=\"4\" width=\"320\">Da minimo 120 mm a massimo 200 mm<\/td>\n<\/tr>\n<tr>\n<td colspan=\"3\" width=\"240\">L=260 mm. A=115 mm<\/td>\n<td colspan=\"4\" width=\"320\">Da minimo 140 mm a massimo 240 mm<\/td>\n<\/tr>\n<tr>\n<td colspan=\"3\" width=\"240\">L=300mm H=125mm<\/td>\n<td colspan=\"4\" width=\"320\">Da minimo 180 mm a massimo 280 mm<\/td>\n<\/tr>\n<\/tbody>\n<\/table>\n<p>Per altre lunghezze del perno filettato (L), contattateci<br \/>\nSu richiesta sono disponibili filettature in pollici<br \/>\nLa filettatura pu\u00f2 anche essere personalizzata secondo specifica richiesta, filettatura ex trapezio ecc.<\/p>\n<h2>Piedini regolabili in opzione di consegna con design igienico sigillato<\/h2>\n<p>Per ordini di grandi dimensioni offriamo la fornitura di base e mandrini separati<br \/>\nIl vantaggio \u00e8 la flessibilit\u00e0 per il cliente che utilizza mandrini di dimensioni diverse.<\/p>\n<p><a href=\"https:\/\/nhkmachineryparts.com\/it\/linea-di-prodotto\/categoria\/stainless-feet-in-hygienic-design\/\">Presso i ricambi per macchine NHK troverai un&#039;ampia gamma di prodotti nella categoria piedini per macchine in acciaio inossidabile<\/a><\/p>\n\n\t\t<\/div>\n\t<\/div>\n<\/div><\/div><\/div><\/div><\/div><\/section>","protected":false},"excerpt":{"rendered":"Designed for heavy load in harsh environments under tough conditions Hygienic certified adjustable feet with floor lock holes can be applied with rubber pad for vibration reduction and anti-slip properties Our hygienic certified adjustable feet with floor lock holes are provided with FDA certificate (FDA CFR 21 177 2600) with unique batch ID number for [...]","protected":false},"featured_media":8518,"template":"","meta":[],"product_brand":[],"product_cat":[98],"product_tag":[],"class_list":{"0":"post-1958","1":"product","2":"type-product","3":"status-publish","4":"has-post-thumbnail","6":"product_cat-ehedg-certified-3a-ssi-standard-components","8":"first","9":"instock","10":"shipping-taxable","11":"product-type-simple"},"yoast_head":"<!-- This site is optimized with the Yoast SEO plugin v27.3 - https:\/\/yoast.com\/product\/yoast-seo-wordpress\/ -->\n<title>EHEDG-certified adjustable feet with floor lock holes | NHK Machinery Parts<\/title>\n<meta name=\"description\" content=\"Adjustable feet in hygienic design with floor lock holes and sealed protected spindle, food grade composite material solid base plate, NBR FDA certificate\" \/>\n<meta name=\"robots\" content=\"index, follow, max-snippet:-1, max-image-preview:large, max-video-preview:-1\" \/>\n<link rel=\"canonical\" href=\"https:\/\/nhkmachineryparts.com\/it\/prodotto\/341-piedi-regolabili-in-albero-sigillato-dal-design-igienico-con-fori-per-la-serratura-del-pavimento\/\" \/>\n<meta property=\"og:locale\" content=\"it_IT\" \/>\n<meta property=\"og:type\" content=\"article\" \/>\n<meta property=\"og:title\" content=\"EHEDG-certified adjustable feet with floor lock holes | NHK Machinery Parts\" \/>\n<meta property=\"og:description\" content=\"Adjustable feet in hygienic design with floor lock holes and sealed protected spindle, food grade composite material solid base plate, NBR FDA certificate\" \/>\n<meta property=\"og:url\" content=\"https:\/\/nhkmachineryparts.com\/it\/prodotto\/341-piedi-regolabili-in-albero-sigillato-dal-design-igienico-con-fori-per-la-serratura-del-pavimento\/\" \/>\n<meta property=\"og:site_name\" content=\"NHK Machinery Parts\" \/>\n<meta property=\"article:publisher\" content=\"https:\/\/www.facebook.com\/NHK.Group.aps\" \/>\n<meta property=\"article:modified_time\" content=\"2026-02-27T14:04:25+00:00\" \/>\n<meta property=\"og:image\" content=\"https:\/\/nhkmachineryparts.com\/wp-content\/uploads\/2022\/09\/Sealed-hygienic-adjustable-feet-SHAF-with-floor-lock-holes-and-spindle-with-protecting-sleeve.jpg\" \/>\n\t<meta property=\"og:image:width\" content=\"1000\" \/>\n\t<meta property=\"og:image:height\" content=\"1000\" \/>\n\t<meta property=\"og:image:type\" content=\"image\/jpeg\" \/>\n<meta name=\"twitter:card\" content=\"summary_large_image\" \/>\n<meta name=\"twitter:label1\" content=\"Tempo di lettura stimato\" \/>\n\t<meta name=\"twitter:data1\" content=\"3 minuti\" \/>\n<script type=\"application\/ld+json\" class=\"yoast-schema-graph\">{\"@context\":\"https:\\\/\\\/schema.org\",\"@graph\":[{\"@type\":\"WebPage\",\"@id\":\"https:\\\/\\\/nhkmachineryparts.com\\\/product\\\/341-adjustable-feet-in-sealed-hygienic-design-shaf-with-floor-lock-holes\\\/\",\"url\":\"https:\\\/\\\/nhkmachineryparts.com\\\/product\\\/341-adjustable-feet-in-sealed-hygienic-design-shaf-with-floor-lock-holes\\\/\",\"name\":\"EHEDG-certified adjustable feet with floor lock holes | NHK Machinery Parts\",\"isPartOf\":{\"@id\":\"https:\\\/\\\/nhkmachineryparts.com\\\/#website\"},\"primaryImageOfPage\":{\"@id\":\"https:\\\/\\\/nhkmachineryparts.com\\\/product\\\/341-adjustable-feet-in-sealed-hygienic-design-shaf-with-floor-lock-holes\\\/#primaryimage\"},\"image\":{\"@id\":\"https:\\\/\\\/nhkmachineryparts.com\\\/product\\\/341-adjustable-feet-in-sealed-hygienic-design-shaf-with-floor-lock-holes\\\/#primaryimage\"},\"thumbnailUrl\":\"https:\\\/\\\/nhkmachineryparts.com\\\/wp-content\\\/uploads\\\/2022\\\/09\\\/Sealed-hygienic-adjustable-feet-SHAF-with-floor-lock-holes-and-spindle-with-protecting-sleeve.jpg\",\"datePublished\":\"2022-09-28T18:58:55+00:00\",\"dateModified\":\"2026-02-27T14:04:25+00:00\",\"description\":\"Adjustable feet in hygienic design with floor lock holes and sealed protected spindle, food grade composite material solid base plate, NBR FDA certificate\",\"breadcrumb\":{\"@id\":\"https:\\\/\\\/nhkmachineryparts.com\\\/product\\\/341-adjustable-feet-in-sealed-hygienic-design-shaf-with-floor-lock-holes\\\/#breadcrumb\"},\"inLanguage\":\"it-IT\",\"potentialAction\":[{\"@type\":\"ReadAction\",\"target\":[\"https:\\\/\\\/nhkmachineryparts.com\\\/product\\\/341-adjustable-feet-in-sealed-hygienic-design-shaf-with-floor-lock-holes\\\/\"]}]},{\"@type\":\"ImageObject\",\"inLanguage\":\"it-IT\",\"@id\":\"https:\\\/\\\/nhkmachineryparts.com\\\/product\\\/341-adjustable-feet-in-sealed-hygienic-design-shaf-with-floor-lock-holes\\\/#primaryimage\",\"url\":\"https:\\\/\\\/nhkmachineryparts.com\\\/wp-content\\\/uploads\\\/2022\\\/09\\\/Sealed-hygienic-adjustable-feet-SHAF-with-floor-lock-holes-and-spindle-with-protecting-sleeve.jpg\",\"contentUrl\":\"https:\\\/\\\/nhkmachineryparts.com\\\/wp-content\\\/uploads\\\/2022\\\/09\\\/Sealed-hygienic-adjustable-feet-SHAF-with-floor-lock-holes-and-spindle-with-protecting-sleeve.jpg\",\"width\":1000,\"height\":1000,\"caption\":\"Sealed hygienic adjustable feet SHAF with floor lock holes and spindle with protecting sleeve\"},{\"@type\":\"BreadcrumbList\",\"@id\":\"https:\\\/\\\/nhkmachineryparts.com\\\/product\\\/341-adjustable-feet-in-sealed-hygienic-design-shaf-with-floor-lock-holes\\\/#breadcrumb\",\"itemListElement\":[{\"@type\":\"ListItem\",\"position\":1,\"name\":\"Home\",\"item\":\"https:\\\/\\\/nhkmachineryparts.com\\\/\"},{\"@type\":\"ListItem\",\"position\":2,\"name\":\"Product line\",\"item\":\"https:\\\/\\\/nhkmachineryparts.com\\\/product-line\\\/\"},{\"@type\":\"ListItem\",\"position\":3,\"name\":\"Certified EHEDG standard components\",\"item\":\"https:\\\/\\\/nhkmachineryparts.com\\\/product-line\\\/ehedg-certified-3a-ssi-standard-components\\\/\"},{\"@type\":\"ListItem\",\"position\":4,\"name\":\"EHEDG-certified adjustable feet with floor lock holes\"}]},{\"@type\":\"WebSite\",\"@id\":\"https:\\\/\\\/nhkmachineryparts.com\\\/#website\",\"url\":\"https:\\\/\\\/nhkmachineryparts.com\\\/\",\"name\":\"NHK Machinery Parts\",\"description\":\"Bearing Houses, seismic levelling feet and levelling castors\",\"publisher\":{\"@id\":\"https:\\\/\\\/nhkmachineryparts.com\\\/#organization\"},\"potentialAction\":[{\"@type\":\"SearchAction\",\"target\":{\"@type\":\"EntryPoint\",\"urlTemplate\":\"https:\\\/\\\/nhkmachineryparts.com\\\/?s={search_term_string}\"},\"query-input\":{\"@type\":\"PropertyValueSpecification\",\"valueRequired\":true,\"valueName\":\"search_term_string\"}}],\"inLanguage\":\"it-IT\"},{\"@type\":\"Organization\",\"@id\":\"https:\\\/\\\/nhkmachineryparts.com\\\/#organization\",\"name\":\"Nhk Group ApS\",\"url\":\"https:\\\/\\\/nhkmachineryparts.com\\\/\",\"logo\":{\"@type\":\"ImageObject\",\"inLanguage\":\"it-IT\",\"@id\":\"https:\\\/\\\/nhkmachineryparts.com\\\/#\\\/schema\\\/logo\\\/image\\\/\",\"url\":\"https:\\\/\\\/nhkmachineryparts.com\\\/wp-content\\\/uploads\\\/2022\\\/09\\\/NHKgroup_social.jpg\",\"contentUrl\":\"https:\\\/\\\/nhkmachineryparts.com\\\/wp-content\\\/uploads\\\/2022\\\/09\\\/NHKgroup_social.jpg\",\"width\":1200,\"height\":630,\"caption\":\"Nhk Group ApS\"},\"image\":{\"@id\":\"https:\\\/\\\/nhkmachineryparts.com\\\/#\\\/schema\\\/logo\\\/image\\\/\"},\"sameAs\":[\"https:\\\/\\\/www.facebook.com\\\/NHK.Group.aps\"]}]}<\/script>\n<!-- \/ Yoast SEO plugin. -->","yoast_head_json":{"title":"EHEDG-certified adjustable feet with floor lock holes | NHK Machinery Parts","description":"Piedini regolabili in design igienico con fori di bloccaggio a pavimento e mandrino protetto sigillato, piastra di base solida in materiale composito per uso alimentare, certificato NBR FDA","robots":{"index":"index","follow":"follow","max-snippet":"max-snippet:-1","max-image-preview":"max-image-preview:large","max-video-preview":"max-video-preview:-1"},"canonical":"https:\/\/nhkmachineryparts.com\/it\/prodotto\/341-piedi-regolabili-in-albero-sigillato-dal-design-igienico-con-fori-per-la-serratura-del-pavimento\/","og_locale":"it_IT","og_type":"article","og_title":"EHEDG-certified adjustable feet with floor lock holes | NHK Machinery Parts","og_description":"Adjustable feet in hygienic design with floor lock holes and sealed protected spindle, food grade composite material solid base plate, NBR FDA certificate","og_url":"https:\/\/nhkmachineryparts.com\/it\/prodotto\/341-piedi-regolabili-in-albero-sigillato-dal-design-igienico-con-fori-per-la-serratura-del-pavimento\/","og_site_name":"NHK Machinery Parts","article_publisher":"https:\/\/www.facebook.com\/NHK.Group.aps","article_modified_time":"2026-02-27T14:04:25+00:00","og_image":[{"width":1000,"height":1000,"url":"https:\/\/nhkmachineryparts.com\/wp-content\/uploads\/2022\/09\/Sealed-hygienic-adjustable-feet-SHAF-with-floor-lock-holes-and-spindle-with-protecting-sleeve.jpg","type":"image\/jpeg"}],"twitter_card":"summary_large_image","twitter_misc":{"Tempo di lettura stimato":"3 minuti"},"schema":{"@context":"https:\/\/schema.org","@graph":[{"@type":"WebPage","@id":"https:\/\/nhkmachineryparts.com\/product\/341-adjustable-feet-in-sealed-hygienic-design-shaf-with-floor-lock-holes\/","url":"https:\/\/nhkmachineryparts.com\/product\/341-adjustable-feet-in-sealed-hygienic-design-shaf-with-floor-lock-holes\/","name":"EHEDG-certified adjustable feet with floor lock holes | NHK Machinery Parts","isPartOf":{"@id":"https:\/\/nhkmachineryparts.com\/#website"},"primaryImageOfPage":{"@id":"https:\/\/nhkmachineryparts.com\/product\/341-adjustable-feet-in-sealed-hygienic-design-shaf-with-floor-lock-holes\/#primaryimage"},"image":{"@id":"https:\/\/nhkmachineryparts.com\/product\/341-adjustable-feet-in-sealed-hygienic-design-shaf-with-floor-lock-holes\/#primaryimage"},"thumbnailUrl":"https:\/\/nhkmachineryparts.com\/wp-content\/uploads\/2022\/09\/Sealed-hygienic-adjustable-feet-SHAF-with-floor-lock-holes-and-spindle-with-protecting-sleeve.jpg","datePublished":"2022-09-28T18:58:55+00:00","dateModified":"2026-02-27T14:04:25+00:00","description":"Piedini regolabili in design igienico con fori di bloccaggio a pavimento e mandrino protetto sigillato, piastra di base solida in materiale composito per uso alimentare, certificato NBR FDA","breadcrumb":{"@id":"https:\/\/nhkmachineryparts.com\/product\/341-adjustable-feet-in-sealed-hygienic-design-shaf-with-floor-lock-holes\/#breadcrumb"},"inLanguage":"it-IT","potentialAction":[{"@type":"ReadAction","target":["https:\/\/nhkmachineryparts.com\/product\/341-adjustable-feet-in-sealed-hygienic-design-shaf-with-floor-lock-holes\/"]}]},{"@type":"ImageObject","inLanguage":"it-IT","@id":"https:\/\/nhkmachineryparts.com\/product\/341-adjustable-feet-in-sealed-hygienic-design-shaf-with-floor-lock-holes\/#primaryimage","url":"https:\/\/nhkmachineryparts.com\/wp-content\/uploads\/2022\/09\/Sealed-hygienic-adjustable-feet-SHAF-with-floor-lock-holes-and-spindle-with-protecting-sleeve.jpg","contentUrl":"https:\/\/nhkmachineryparts.com\/wp-content\/uploads\/2022\/09\/Sealed-hygienic-adjustable-feet-SHAF-with-floor-lock-holes-and-spindle-with-protecting-sleeve.jpg","width":1000,"height":1000,"caption":"Sealed hygienic adjustable feet SHAF with floor lock holes and spindle with protecting sleeve"},{"@type":"BreadcrumbList","@id":"https:\/\/nhkmachineryparts.com\/product\/341-adjustable-feet-in-sealed-hygienic-design-shaf-with-floor-lock-holes\/#breadcrumb","itemListElement":[{"@type":"ListItem","position":1,"name":"Home","item":"https:\/\/nhkmachineryparts.com\/"},{"@type":"ListItem","position":2,"name":"Product line","item":"https:\/\/nhkmachineryparts.com\/product-line\/"},{"@type":"ListItem","position":3,"name":"Certified EHEDG standard components","item":"https:\/\/nhkmachineryparts.com\/product-line\/ehedg-certified-3a-ssi-standard-components\/"},{"@type":"ListItem","position":4,"name":"EHEDG-certified adjustable feet with floor lock holes"}]},{"@type":"WebSite","@id":"https:\/\/nhkmachineryparts.com\/#website","url":"https:\/\/nhkmachineryparts.com\/","name":"Parti di macchinari NHK","description":"Case Portanti, piedi livellatori sismici e ruote livellatrici","publisher":{"@id":"https:\/\/nhkmachineryparts.com\/#organization"},"potentialAction":[{"@type":"SearchAction","target":{"@type":"EntryPoint","urlTemplate":"https:\/\/nhkmachineryparts.com\/?s={search_term_string}"},"query-input":{"@type":"PropertyValueSpecification","valueRequired":true,"valueName":"search_term_string"}}],"inLanguage":"it-IT"},{"@type":"Organization","@id":"https:\/\/nhkmachineryparts.com\/#organization","name":"Gruppo Nhk ApS","url":"https:\/\/nhkmachineryparts.com\/","logo":{"@type":"ImageObject","inLanguage":"it-IT","@id":"https:\/\/nhkmachineryparts.com\/#\/schema\/logo\/image\/","url":"https:\/\/nhkmachineryparts.com\/wp-content\/uploads\/2022\/09\/NHKgroup_social.jpg","contentUrl":"https:\/\/nhkmachineryparts.com\/wp-content\/uploads\/2022\/09\/NHKgroup_social.jpg","width":1200,"height":630,"caption":"Nhk Group ApS"},"image":{"@id":"https:\/\/nhkmachineryparts.com\/#\/schema\/logo\/image\/"},"sameAs":["https:\/\/www.facebook.com\/NHK.Group.aps"]}]}},"_links":{"self":[{"href":"https:\/\/nhkmachineryparts.com\/it\/wp-json\/wp\/v2\/product\/1958","targetHints":{"allow":["GET"]}}],"collection":[{"href":"https:\/\/nhkmachineryparts.com\/it\/wp-json\/wp\/v2\/product"}],"about":[{"href":"https:\/\/nhkmachineryparts.com\/it\/wp-json\/wp\/v2\/types\/product"}],"wp:featuredmedia":[{"embeddable":true,"href":"https:\/\/nhkmachineryparts.com\/it\/wp-json\/wp\/v2\/media\/8518"}],"wp:attachment":[{"href":"https:\/\/nhkmachineryparts.com\/it\/wp-json\/wp\/v2\/media?parent=1958"}],"wp:term":[{"taxonomy":"product_brand","embeddable":true,"href":"https:\/\/nhkmachineryparts.com\/it\/wp-json\/wp\/v2\/product_brand?post=1958"},{"taxonomy":"product_cat","embeddable":true,"href":"https:\/\/nhkmachineryparts.com\/it\/wp-json\/wp\/v2\/product_cat?post=1958"},{"taxonomy":"product_tag","embeddable":true,"href":"https:\/\/nhkmachineryparts.com\/it\/wp-json\/wp\/v2\/product_tag?post=1958"}],"curies":[{"name":"scrivere","href":"https:\/\/api.w.org\/{rel}","templated":true}]}}