{"id":1859,"date":"2022-09-26T10:47:48","date_gmt":"2022-09-26T10:47:48","guid":{"rendered":"https:\/\/nhkmachineryparts.pawsfabrik.dk\/?post_type=product&#038;p=1859"},"modified":"2025-02-15T19:16:39","modified_gmt":"2025-02-15T17:16:39","slug":"231-guarnizione-posteriore-dellunita-termoplastica","status":"publish","type":"product","link":"https:\/\/nhkmachineryparts.com\/it\/product\/231-thermo-plastic-unit-back-seal\/","title":{"rendered":"Guarnizione posteriore dell&#039;unit\u00e0 cuscinetto in termoplastica"},"content":{"rendered":"<section class=\"vc_row vc_custom_1662993827263 liquid-row-shadowbox-69d3dd508ebc0 vc_column-gap-0\"><div class=\"ld-container container\"><div class=\"row ld-row ld-row-outer\"><div class=\"wpb_column vc_column_container vc_col-sm-12 liquid-column-69d3dd508edeb\"><div class=\"vc_column-inner\" ><div class=\"wpb_wrapper\"  >\n\t<div class=\"wpb_text_column wpb_content_element\" >\n\t\t<div class=\"wpb_wrapper\">\n\t\t\t<h2>Soluzioni di tenuta ottimizzate per una protezione migliorata<\/h2>\n<ul>\n<li>Alloggiamenti termoplastici con guarnizione posteriore in nero o blu<\/li>\n<li>Materiale della guarnizione posteriore: gomma NBR<\/li>\n<li>Tenuta posteriore TC (Doppio labbro)<\/li>\n<li>Guarnizione posteriore con molla in acciaio inox<\/li>\n<\/ul>\n<h2>Taglie disponibili<\/h2>\n<div class=\"dcf-overflow-x-auto\" tabindex=\"0\">\n<table class=\"dcf-table dcf-table-bordered dcf-w-100%\">\n<thead>\n<tr>\n<th scope=\"col\">Diametro dell&#039;albero<\/th>\n<th scope=\"col\">Catalogo n.<\/th>\n<\/tr>\n<\/thead>\n<tbody>\n<tr>\n<td data-label=\"Shaft Diameter\">\u00d820 mm<\/td>\n<td data-label=\"Catalog No.\">BS 204<\/td>\n<\/tr>\n<tr>\n<td data-label=\"Shaft Diameter\">\u00d825 mm<\/td>\n<td data-label=\"Catalog No.\">BS 205<\/td>\n<\/tr>\n<tr>\n<td data-label=\"Shaft Diameter\">\u00d830 mm<\/td>\n<td data-label=\"Catalog No.\">BS 206<\/td>\n<\/tr>\n<tr>\n<td data-label=\"Shaft Diameter\">\u00d835 mm<\/td>\n<td data-label=\"Catalog No.\">BS 207<\/td>\n<\/tr>\n<tr>\n<td data-label=\"Shaft Diameter\">\u00d840 mm<\/td>\n<td data-label=\"Catalog No.\">BS 208<\/td>\n<\/tr>\n<tr>\n<td data-label=\"Shaft Diameter\">\u00d845 mm<\/td>\n<td data-label=\"Catalog No.\">BS 209<\/td>\n<\/tr>\n<tr>\n<td data-label=\"Shaft Diameter\">\u00d850 mm<\/td>\n<td data-label=\"Catalog No.\">BS 210<\/td>\n<\/tr>\n<tr>\n<td data-label=\"Shaft Diameter\">\u00d855 mm<\/td>\n<td data-label=\"Catalog No.\">BS 211<\/td>\n<\/tr>\n<tr>\n<td data-label=\"Shaft Diameter\">\u00d860 mm<\/td>\n<td data-label=\"Catalog No.\">BS 212<\/td>\n<\/tr>\n<\/tbody>\n<\/table>\n<h2 data-start=\"0\" data-end=\"81\"><strong data-start=\"4\" data-end=\"79\">Soluzioni di tenuta ottimizzate per unit\u00e0 cuscinetto in alloggiamento composito IP54<\/strong><\/h2>\n<p data-start=\"83\" data-end=\"369\">Nelle applicazioni industriali, <strong data-start=\"111\" data-end=\"156\">unit\u00e0 cuscinetto con alloggiamento composito IP54<\/strong> svolgono un ruolo cruciale nel garantire operazioni fluide ed efficienti. Uno degli aspetti chiave della loro performance \u00e8 <strong data-start=\"269\" data-end=\"291\">tecnologia di sigillatura<\/strong>, che protegge dai contaminanti mantenendo al contempo una lubrificazione ottimale.<\/p>\n<h3 data-start=\"371\" data-end=\"424\"><strong data-start=\"376\" data-end=\"422\">L&#039;importanza della tenuta nelle unit\u00e0 cuscinetto<\/strong><\/h3>\n<p data-start=\"426\" data-end=\"761\">Sistemi di tenuta in <strong data-start=\"445\" data-end=\"486\">Alloggiamenti dei cuscinetti compositi con grado di protezione IP54<\/strong> sono progettati per fornire <strong data-start=\"511\" data-end=\"558\">protezione contro polvere e spruzzi d&#039;acqua<\/strong>, rendendoli ideali per condizioni ambientali moderate. Queste guarnizioni impediscono l&#039;ingresso di <strong data-start=\"652\" data-end=\"680\">polvere, sporcizia e umidit\u00e0<\/strong>, prolungando la durata utile dei cuscinetti e riducendo le esigenze di manutenzione.<\/p>\n<h3 data-start=\"763\" data-end=\"824\"><strong data-start=\"768\" data-end=\"822\">Tipi di guarnizioni per alloggiamenti di cuscinetti compositi IP54<\/strong><\/h3>\n<ol data-start=\"826\" data-end=\"1157\">\n<li data-start=\"826\" data-end=\"931\"><strong data-start=\"829\" data-end=\"846\">Guarnizioni di contatto<\/strong> \u2013 Fornisce una protezione migliorata contro i contaminanti mantenendo un basso attrito.<\/li>\n<li data-start=\"932\" data-end=\"1039\"><strong data-start=\"935\" data-end=\"954\">Sigilli del labirinto<\/strong> \u2013 Utilizzare un design senza contatto per creare un percorso tortuoso che impedisca l\u2019ingresso delle particelle.<\/li>\n<li data-start=\"1040\" data-end=\"1157\"><strong data-start=\"1043\" data-end=\"1056\">Guarnizioni a labbro<\/strong> \u2013 Fatto da <strong data-start=\"1069\" data-end=\"1100\">elastomeri ad alte prestazioni<\/strong>, garantendo una tenuta stagna e consentendo al contempo una rotazione fluida.<\/li>\n<\/ol>\n<h3 data-start=\"1159\" data-end=\"1209\"><strong data-start=\"1164\" data-end=\"1207\">Vantaggi delle soluzioni di tenuta ottimizzate<\/strong><\/h3>\n<ul data-start=\"1211\" data-end=\"1519\">\n<li data-start=\"1211\" data-end=\"1293\"><strong data-start=\"1213\" data-end=\"1238\">Durata prolungata dei cuscinetti<\/strong> \u2013 Riduce l\u2019usura tenendo fuori i contaminanti.<\/li>\n<li data-start=\"1294\" data-end=\"1391\"><strong data-start=\"1296\" data-end=\"1323\">Costi di manutenzione inferiori<\/strong> \u2013 Riduce al minimo la perdita di lubrificazione e la necessit\u00e0 di frequenti manutenzioni.<\/li>\n<li data-start=\"1392\" data-end=\"1519\"><strong data-start=\"1394\" data-end=\"1418\">Prestazioni migliorate<\/strong> \u2013 Garantisce un funzionamento coerente in <strong data-start=\"1453\" data-end=\"1516\">lavorazione alimentare, sistemi di trasporto e macchinari industriali<\/strong>.<\/li>\n<\/ul>\n<p data-start=\"1521\" data-end=\"1686\">Scegliere il giusto <strong data-start=\"1540\" data-end=\"1594\">sistema di tenuta per alloggiamenti di cuscinetti compositi IP54<\/strong> migliora la durata e l&#039;efficienza, rendendoli una scelta affidabile per vari <a href=\"https:\/\/nhkmachineryparts.com\/it\/our-industries\/\" data-internallinksmanager029f6b8e52c=\"4\" title=\"Le nostre industrie\">industrie<\/a>.<\/p>\n<\/div>\n<h2>Guarnizione posteriore dell&#039;unit\u00e0 cuscinetto in termoplastica (BS)<\/h2>\n<p><a href=\"https:\/\/nhkmachineryparts.com\/it\/prodotto\/223-blocco-cuscino-pers\/\">Unit\u00e0 cuscinetto a sfere PPL supporto ritto<\/a><br \/>\n<a href=\"https:\/\/nhkmachineryparts.com\/it\/prodotto\/222-quadrato-4-bulloni-unita-flangia-fpl\/\">Unit\u00e0 cuscinetto a sfere FPL con flangia quadrata a 4 bulloni<\/a><br \/>\n<a href=\"https:\/\/nhkmachineryparts.com\/it\/prodotto\/224-unita-flangia-ovale-2-bulloni-flpl\/\">Unit\u00e0 cuscinetto a sfere FLPL con flangia ovale a 2 bulloni<\/a><br \/>\n<a href=\"https:\/\/nhkmachineryparts.com\/it\/prodotto\/225-base-fissa-cuscino-unita-papl\/\">Supporto con base filettata Unit\u00e0 cuscinetto a sfere PAPL<\/a><br \/>\n<a href=\"https:\/\/nhkmachineryparts.com\/it\/prodotto\/226-unita-flangia-3-bulloni-un-lato-fbpl\/\">Unit\u00e0 cuscinetto a sfere FBPL con flangia a 3 bulloni su un lato<\/a><br \/>\n<a href=\"https:\/\/nhkmachineryparts.com\/it\/prodotto\/292-cartuccia-4-bulloni-unita-flangia-fcpl\/\">Unit\u00e0 flangiata a cartuccia a 4 bulloni FCPL<\/a><br \/>\n<a href=\"https:\/\/nhkmachineryparts.com\/it\/prodotto\/227-unita-appendiabiti-hppl\/\">Unit\u00e0 cuscinetto a sfere HPPL Blue Hanger<\/a><br \/>\n<a href=\"https:\/\/nhkmachineryparts.com\/it\/prodotto\/228-unita-di-raccolta-tpl\/\">Unit\u00e0 cuscinetto a sfere TPL Take-up blu<\/a><\/p>\n\n\t\t<\/div>\n\t<\/div>\n<\/div><\/div><\/div><\/div><\/div><\/section>","protected":false},"excerpt":{"rendered":"Optimized Sealing Solutions for Enhanced Protection Thermoplastic housings back seal in black or blue Back seal material: NBR Rubber Back seal TC (Double lip) Back seal with stainless steel spring Available sizes Shaft Diameter Catalog No. \u00d820 mm BS 204 \u00d825 mm BS 205 \u00d830 mm BS 206 \u00d835 mm BS 207 \u00d840 mm BS [...]","protected":false},"featured_media":11568,"template":"","meta":[],"product_brand":[],"product_cat":[52],"product_tag":[],"class_list":{"0":"post-1859","1":"product","2":"type-product","3":"status-publish","4":"has-post-thumbnail","6":"product_cat-bearing-units-in-ip54-thermo-plastic-housing","8":"first","9":"instock","10":"shipping-taxable","11":"product-type-simple"},"yoast_head":"<!-- This site is optimized with the Yoast SEO plugin v27.3 - https:\/\/yoast.com\/product\/yoast-seo-wordpress\/ -->\n<title>Thermo plastic bearing unit back seal | Optimized Sealing Solutions | NHK Machinery Parts<\/title>\n<meta name=\"description\" content=\"The back seal for thermo plastic bearing unit is suitable for the food industry and other demanding environments, due to the hygienic design\" \/>\n<meta name=\"robots\" content=\"index, follow, max-snippet:-1, max-image-preview:large, max-video-preview:-1\" \/>\n<link rel=\"canonical\" href=\"https:\/\/nhkmachineryparts.com\/it\/prodotto\/231-guarnizione-posteriore-dellunita-termoplastica\/\" \/>\n<meta property=\"og:locale\" content=\"it_IT\" \/>\n<meta property=\"og:type\" content=\"article\" \/>\n<meta property=\"og:title\" content=\"Thermo plastic bearing unit back seal | Optimized Sealing Solutions | NHK Machinery Parts\" \/>\n<meta property=\"og:description\" content=\"The back seal for thermo plastic bearing unit is suitable for the food industry and other demanding environments, due to the hygienic design\" \/>\n<meta property=\"og:url\" content=\"https:\/\/nhkmachineryparts.com\/it\/prodotto\/231-guarnizione-posteriore-dellunita-termoplastica\/\" \/>\n<meta property=\"og:site_name\" content=\"NHK Machinery Parts\" \/>\n<meta property=\"article:publisher\" content=\"https:\/\/www.facebook.com\/NHK.Group.aps\" \/>\n<meta property=\"article:modified_time\" content=\"2025-02-15T17:16:39+00:00\" \/>\n<meta property=\"og:image\" content=\"https:\/\/nhkmachineryparts.com\/wp-content\/uploads\/2022\/09\/Blue-back-seal-for-stainless-bearing-unit.jpg\" \/>\n\t<meta property=\"og:image:width\" content=\"1000\" \/>\n\t<meta property=\"og:image:height\" content=\"1000\" \/>\n\t<meta property=\"og:image:type\" content=\"image\/jpeg\" \/>\n<meta name=\"twitter:card\" content=\"summary_large_image\" \/>\n<meta name=\"twitter:label1\" content=\"Tempo di lettura stimato\" \/>\n\t<meta name=\"twitter:data1\" content=\"2 minuti\" \/>\n<script type=\"application\/ld+json\" class=\"yoast-schema-graph\">{\"@context\":\"https:\\\/\\\/schema.org\",\"@graph\":[{\"@type\":\"WebPage\",\"@id\":\"https:\\\/\\\/nhkmachineryparts.com\\\/product\\\/231-thermo-plastic-unit-back-seal\\\/\",\"url\":\"https:\\\/\\\/nhkmachineryparts.com\\\/product\\\/231-thermo-plastic-unit-back-seal\\\/\",\"name\":\"Thermo plastic bearing unit back seal | Optimized Sealing Solutions | NHK Machinery Parts\",\"isPartOf\":{\"@id\":\"https:\\\/\\\/nhkmachineryparts.com\\\/#website\"},\"primaryImageOfPage\":{\"@id\":\"https:\\\/\\\/nhkmachineryparts.com\\\/product\\\/231-thermo-plastic-unit-back-seal\\\/#primaryimage\"},\"image\":{\"@id\":\"https:\\\/\\\/nhkmachineryparts.com\\\/product\\\/231-thermo-plastic-unit-back-seal\\\/#primaryimage\"},\"thumbnailUrl\":\"https:\\\/\\\/nhkmachineryparts.com\\\/wp-content\\\/uploads\\\/2022\\\/09\\\/Blue-back-seal-for-stainless-bearing-unit.jpg\",\"datePublished\":\"2022-09-26T10:47:48+00:00\",\"dateModified\":\"2025-02-15T17:16:39+00:00\",\"description\":\"The back seal for thermo plastic bearing unit is suitable for the food industry and other demanding environments, due to the hygienic design\",\"breadcrumb\":{\"@id\":\"https:\\\/\\\/nhkmachineryparts.com\\\/product\\\/231-thermo-plastic-unit-back-seal\\\/#breadcrumb\"},\"inLanguage\":\"it-IT\",\"potentialAction\":[{\"@type\":\"ReadAction\",\"target\":[\"https:\\\/\\\/nhkmachineryparts.com\\\/product\\\/231-thermo-plastic-unit-back-seal\\\/\"]}]},{\"@type\":\"ImageObject\",\"inLanguage\":\"it-IT\",\"@id\":\"https:\\\/\\\/nhkmachineryparts.com\\\/product\\\/231-thermo-plastic-unit-back-seal\\\/#primaryimage\",\"url\":\"https:\\\/\\\/nhkmachineryparts.com\\\/wp-content\\\/uploads\\\/2022\\\/09\\\/Blue-back-seal-for-stainless-bearing-unit.jpg\",\"contentUrl\":\"https:\\\/\\\/nhkmachineryparts.com\\\/wp-content\\\/uploads\\\/2022\\\/09\\\/Blue-back-seal-for-stainless-bearing-unit.jpg\",\"width\":1000,\"height\":1000,\"caption\":\"Blue back seal for stainless bearing unit\"},{\"@type\":\"BreadcrumbList\",\"@id\":\"https:\\\/\\\/nhkmachineryparts.com\\\/product\\\/231-thermo-plastic-unit-back-seal\\\/#breadcrumb\",\"itemListElement\":[{\"@type\":\"ListItem\",\"position\":1,\"name\":\"Home\",\"item\":\"https:\\\/\\\/nhkmachineryparts.com\\\/\"},{\"@type\":\"ListItem\",\"position\":2,\"name\":\"Product line\",\"item\":\"https:\\\/\\\/nhkmachineryparts.com\\\/product-line\\\/\"},{\"@type\":\"ListItem\",\"position\":3,\"name\":\"Bearing units in IP54\u00a0composite housing\",\"item\":\"https:\\\/\\\/nhkmachineryparts.com\\\/product-line\\\/bearing-units-in-ip54-thermo-plastic-housing\\\/\"},{\"@type\":\"ListItem\",\"position\":4,\"name\":\"Thermo plastic bearing unit back seal\"}]},{\"@type\":\"WebSite\",\"@id\":\"https:\\\/\\\/nhkmachineryparts.com\\\/#website\",\"url\":\"https:\\\/\\\/nhkmachineryparts.com\\\/\",\"name\":\"NHK Machinery Parts\",\"description\":\"Bearing Houses, seismic levelling feet and levelling castors\",\"publisher\":{\"@id\":\"https:\\\/\\\/nhkmachineryparts.com\\\/#organization\"},\"potentialAction\":[{\"@type\":\"SearchAction\",\"target\":{\"@type\":\"EntryPoint\",\"urlTemplate\":\"https:\\\/\\\/nhkmachineryparts.com\\\/?s={search_term_string}\"},\"query-input\":{\"@type\":\"PropertyValueSpecification\",\"valueRequired\":true,\"valueName\":\"search_term_string\"}}],\"inLanguage\":\"it-IT\"},{\"@type\":\"Organization\",\"@id\":\"https:\\\/\\\/nhkmachineryparts.com\\\/#organization\",\"name\":\"Nhk Group ApS\",\"url\":\"https:\\\/\\\/nhkmachineryparts.com\\\/\",\"logo\":{\"@type\":\"ImageObject\",\"inLanguage\":\"it-IT\",\"@id\":\"https:\\\/\\\/nhkmachineryparts.com\\\/#\\\/schema\\\/logo\\\/image\\\/\",\"url\":\"https:\\\/\\\/nhkmachineryparts.com\\\/wp-content\\\/uploads\\\/2022\\\/09\\\/NHKgroup_social.jpg\",\"contentUrl\":\"https:\\\/\\\/nhkmachineryparts.com\\\/wp-content\\\/uploads\\\/2022\\\/09\\\/NHKgroup_social.jpg\",\"width\":1200,\"height\":630,\"caption\":\"Nhk Group ApS\"},\"image\":{\"@id\":\"https:\\\/\\\/nhkmachineryparts.com\\\/#\\\/schema\\\/logo\\\/image\\\/\"},\"sameAs\":[\"https:\\\/\\\/www.facebook.com\\\/NHK.Group.aps\"]}]}<\/script>\n<!-- \/ Yoast SEO plugin. -->","yoast_head_json":{"title":"Guarnizione posteriore dell&#039;unit\u00e0 cuscinetto in termoplastica | Soluzioni di tenuta ottimizzate | Parti di macchinari NHK","description":"La tenuta posteriore per unit\u00e0 cuscinetto termoplastico \u00e8 adatta per l&#039;industria alimentare e altri ambienti esigenti, grazie al design igienico","robots":{"index":"index","follow":"follow","max-snippet":"max-snippet:-1","max-image-preview":"max-image-preview:large","max-video-preview":"max-video-preview:-1"},"canonical":"https:\/\/nhkmachineryparts.com\/it\/prodotto\/231-guarnizione-posteriore-dellunita-termoplastica\/","og_locale":"it_IT","og_type":"article","og_title":"Thermo plastic bearing unit back seal | Optimized Sealing Solutions | NHK Machinery Parts","og_description":"The back seal for thermo plastic bearing unit is suitable for the food industry and other demanding environments, due to the hygienic design","og_url":"https:\/\/nhkmachineryparts.com\/it\/prodotto\/231-guarnizione-posteriore-dellunita-termoplastica\/","og_site_name":"NHK Machinery Parts","article_publisher":"https:\/\/www.facebook.com\/NHK.Group.aps","article_modified_time":"2025-02-15T17:16:39+00:00","og_image":[{"width":1000,"height":1000,"url":"https:\/\/nhkmachineryparts.com\/wp-content\/uploads\/2022\/09\/Blue-back-seal-for-stainless-bearing-unit.jpg","type":"image\/jpeg"}],"twitter_card":"summary_large_image","twitter_misc":{"Tempo di lettura stimato":"2 minuti"},"schema":{"@context":"https:\/\/schema.org","@graph":[{"@type":"WebPage","@id":"https:\/\/nhkmachineryparts.com\/product\/231-thermo-plastic-unit-back-seal\/","url":"https:\/\/nhkmachineryparts.com\/product\/231-thermo-plastic-unit-back-seal\/","name":"Guarnizione posteriore dell&#039;unit\u00e0 cuscinetto in termoplastica | Soluzioni di tenuta ottimizzate | Parti di macchinari NHK","isPartOf":{"@id":"https:\/\/nhkmachineryparts.com\/#website"},"primaryImageOfPage":{"@id":"https:\/\/nhkmachineryparts.com\/product\/231-thermo-plastic-unit-back-seal\/#primaryimage"},"image":{"@id":"https:\/\/nhkmachineryparts.com\/product\/231-thermo-plastic-unit-back-seal\/#primaryimage"},"thumbnailUrl":"https:\/\/nhkmachineryparts.com\/wp-content\/uploads\/2022\/09\/Blue-back-seal-for-stainless-bearing-unit.jpg","datePublished":"2022-09-26T10:47:48+00:00","dateModified":"2025-02-15T17:16:39+00:00","description":"La tenuta posteriore per unit\u00e0 cuscinetto termoplastico \u00e8 adatta per l&#039;industria alimentare e altri ambienti esigenti, grazie al design igienico","breadcrumb":{"@id":"https:\/\/nhkmachineryparts.com\/product\/231-thermo-plastic-unit-back-seal\/#breadcrumb"},"inLanguage":"it-IT","potentialAction":[{"@type":"ReadAction","target":["https:\/\/nhkmachineryparts.com\/product\/231-thermo-plastic-unit-back-seal\/"]}]},{"@type":"ImageObject","inLanguage":"it-IT","@id":"https:\/\/nhkmachineryparts.com\/product\/231-thermo-plastic-unit-back-seal\/#primaryimage","url":"https:\/\/nhkmachineryparts.com\/wp-content\/uploads\/2022\/09\/Blue-back-seal-for-stainless-bearing-unit.jpg","contentUrl":"https:\/\/nhkmachineryparts.com\/wp-content\/uploads\/2022\/09\/Blue-back-seal-for-stainless-bearing-unit.jpg","width":1000,"height":1000,"caption":"Blue back seal for stainless bearing unit"},{"@type":"BreadcrumbList","@id":"https:\/\/nhkmachineryparts.com\/product\/231-thermo-plastic-unit-back-seal\/#breadcrumb","itemListElement":[{"@type":"ListItem","position":1,"name":"Home","item":"https:\/\/nhkmachineryparts.com\/"},{"@type":"ListItem","position":2,"name":"Product line","item":"https:\/\/nhkmachineryparts.com\/product-line\/"},{"@type":"ListItem","position":3,"name":"Bearing units in IP54\u00a0composite housing","item":"https:\/\/nhkmachineryparts.com\/product-line\/bearing-units-in-ip54-thermo-plastic-housing\/"},{"@type":"ListItem","position":4,"name":"Thermo plastic bearing unit back seal"}]},{"@type":"WebSite","@id":"https:\/\/nhkmachineryparts.com\/#website","url":"https:\/\/nhkmachineryparts.com\/","name":"Parti di macchinari NHK","description":"Case Portanti, piedi livellatori sismici e ruote livellatrici","publisher":{"@id":"https:\/\/nhkmachineryparts.com\/#organization"},"potentialAction":[{"@type":"SearchAction","target":{"@type":"EntryPoint","urlTemplate":"https:\/\/nhkmachineryparts.com\/?s={search_term_string}"},"query-input":{"@type":"PropertyValueSpecification","valueRequired":true,"valueName":"search_term_string"}}],"inLanguage":"it-IT"},{"@type":"Organization","@id":"https:\/\/nhkmachineryparts.com\/#organization","name":"Gruppo Nhk ApS","url":"https:\/\/nhkmachineryparts.com\/","logo":{"@type":"ImageObject","inLanguage":"it-IT","@id":"https:\/\/nhkmachineryparts.com\/#\/schema\/logo\/image\/","url":"https:\/\/nhkmachineryparts.com\/wp-content\/uploads\/2022\/09\/NHKgroup_social.jpg","contentUrl":"https:\/\/nhkmachineryparts.com\/wp-content\/uploads\/2022\/09\/NHKgroup_social.jpg","width":1200,"height":630,"caption":"Nhk Group ApS"},"image":{"@id":"https:\/\/nhkmachineryparts.com\/#\/schema\/logo\/image\/"},"sameAs":["https:\/\/www.facebook.com\/NHK.Group.aps"]}]}},"_links":{"self":[{"href":"https:\/\/nhkmachineryparts.com\/it\/wp-json\/wp\/v2\/product\/1859","targetHints":{"allow":["GET"]}}],"collection":[{"href":"https:\/\/nhkmachineryparts.com\/it\/wp-json\/wp\/v2\/product"}],"about":[{"href":"https:\/\/nhkmachineryparts.com\/it\/wp-json\/wp\/v2\/types\/product"}],"wp:featuredmedia":[{"embeddable":true,"href":"https:\/\/nhkmachineryparts.com\/it\/wp-json\/wp\/v2\/media\/11568"}],"wp:attachment":[{"href":"https:\/\/nhkmachineryparts.com\/it\/wp-json\/wp\/v2\/media?parent=1859"}],"wp:term":[{"taxonomy":"product_brand","embeddable":true,"href":"https:\/\/nhkmachineryparts.com\/it\/wp-json\/wp\/v2\/product_brand?post=1859"},{"taxonomy":"product_cat","embeddable":true,"href":"https:\/\/nhkmachineryparts.com\/it\/wp-json\/wp\/v2\/product_cat?post=1859"},{"taxonomy":"product_tag","embeddable":true,"href":"https:\/\/nhkmachineryparts.com\/it\/wp-json\/wp\/v2\/product_tag?post=1859"}],"curies":[{"name":"scrivere","href":"https:\/\/api.w.org\/{rel}","templated":true}]}}