{"id":1856,"date":"2022-09-26T10:34:21","date_gmt":"2022-09-26T10:34:21","guid":{"rendered":"https:\/\/nhkmachineryparts.pawsfabrik.dk\/?post_type=product&#038;p=1856"},"modified":"2025-02-15T19:10:40","modified_gmt":"2025-02-15T17:10:40","slug":"229-unita-in-termoplastica-coperchio-aperto","status":"publish","type":"product","link":"https:\/\/nhkmachineryparts.com\/it\/product\/229-thermo-plastic-unit-open-cover\/","title":{"rendered":"Coperchio aperto dell&#039;unit\u00e0 cuscinetto in termoplastica"},"content":{"rendered":"<section class=\"vc_row vc_custom_1662993827263 liquid-row-shadowbox-69d3f6da631c0 vc_column-gap-0\"><div class=\"ld-container container\"><div class=\"row ld-row ld-row-outer\"><div class=\"wpb_column vc_column_container vc_col-sm-12 liquid-column-69d3f6da633ff\"><div class=\"vc_column-inner\" ><div class=\"wpb_wrapper\"  >\n\t<div class=\"wpb_text_column wpb_content_element\" >\n\t\t<div class=\"wpb_wrapper\">\n\t\t\t<h2>Migliorare la durata e l&#039;efficienza<\/h2>\n<ul>\n<li>Rivestimento in materiale termoplastico in nero, bianco o blu<\/li>\n<li>Materiale della copertura: polipropilene<\/li>\n<li>Materiale paraolio: gomma NBR<\/li>\n<li>Paraolio TC (Doppio labbro)<\/li>\n<li>Paraolio con molla in acciaio inox<\/li>\n<\/ul>\n<h2>Taglie disponibili<\/h2>\n<div class=\"dcf-overflow-x-auto\" tabindex=\"0\">\n<table class=\"dcf-table dcf-table-bordered dcf-w-100%\">\n<thead>\n<tr>\n<th scope=\"col\">Diametro dell&#039;albero<\/th>\n<th scope=\"col\">Catalogo n.<\/th>\n<\/tr>\n<\/thead>\n<tbody>\n<tr>\n<td data-label=\"Shaft Diameter\">\u00d820 mm<\/td>\n<td data-label=\"Catalog No.\">OC 204<\/td>\n<\/tr>\n<tr>\n<td data-label=\"Shaft Diameter\">\u00d825 mm<\/td>\n<td data-label=\"Catalog No.\">OC 205<\/td>\n<\/tr>\n<tr>\n<td data-label=\"Shaft Diameter\">\u00d830 mm<\/td>\n<td data-label=\"Catalog No.\">OC 206<\/td>\n<\/tr>\n<tr>\n<td data-label=\"Shaft Diameter\">\u00d835 mm<\/td>\n<td data-label=\"Catalog No.\">OC 207<\/td>\n<\/tr>\n<tr>\n<td data-label=\"Shaft Diameter\">\u00d840 mm<\/td>\n<td data-label=\"Catalog No.\">OC 208<\/td>\n<\/tr>\n<tr>\n<td data-label=\"Shaft Diameter\">\u00d845 mm<\/td>\n<td data-label=\"Catalog No.\">OC 209<\/td>\n<\/tr>\n<tr>\n<td data-label=\"Shaft Diameter\">\u00d850 mm<\/td>\n<td data-label=\"Catalog No.\">OC 210<\/td>\n<\/tr>\n<tr>\n<td data-label=\"Shaft Diameter\">\u00d855 mm<\/td>\n<td data-label=\"Catalog No.\">OC 211<\/td>\n<\/tr>\n<tr>\n<td data-label=\"Shaft Diameter\">\u00d860 mm<\/td>\n<td data-label=\"Catalog No.\">OC 212<\/td>\n<\/tr>\n<\/tbody>\n<\/table>\n<\/div>\n<h2 data-start=\"0\" data-end=\"96\"><strong data-start=\"4\" data-end=\"96\">Unit\u00e0 cuscinetto in alloggiamento composito IP54 con coperchio aperto<\/strong><\/h2>\n<h3 data-start=\"0\" data-end=\"96\"><strong data-start=\"4\" data-end=\"96\">Soluzioni durevoli ed efficienti<\/strong><\/h3>\n<p data-start=\"98\" data-end=\"546\">Le unit\u00e0 cuscinetto svolgono un ruolo cruciale in varie applicazioni industriali, assicurando operazioni fluide ed efficienti. Tra i diversi tipi disponibili, <strong data-start=\"247\" data-end=\"304\">Unit\u00e0 cuscinetto con alloggiamento composito IP54 con coperchi aperti<\/strong> si distinguono per il loro <strong data-start=\"328\" data-end=\"379\">durata, versatilit\u00e0 e convenienza<\/strong>Queste unit\u00e0 offrono un&#039;eccellente protezione contro la polvere e un&#039;esposizione limitata all&#039;acqua, rendendole ideali per <a href=\"https:\/\/nhkmachineryparts.com\/it\/our-industries\/\" data-internallinksmanager029f6b8e52c=\"4\" title=\"Le nostre industrie\">industrie<\/a> che richiedono <strong data-start=\"507\" data-end=\"545\">soluzioni affidabili ma leggere<\/strong>.<\/p>\n<h3 data-start=\"548\" data-end=\"606\"><strong data-start=\"552\" data-end=\"606\">Vantaggi delle unit\u00e0 cuscinetto con alloggiamento composito IP54<\/strong><\/h3>\n<ol data-start=\"607\" data-end=\"1288\">\n<li data-start=\"607\" data-end=\"774\"><strong data-start=\"610\" data-end=\"633\">Protezione avanzata<\/strong> - IL <strong data-start=\"640\" data-end=\"672\">Alloggiamento composito con grado di protezione IP54<\/strong> garantisce resistenza alla polvere e agli spruzzi d&#039;acqua, garantendo longevit\u00e0 anche in ambienti difficili.<\/li>\n<li data-start=\"775\" data-end=\"942\"><strong data-start=\"778\" data-end=\"817\">Leggero e resistente alla corrosione<\/strong> \u2013 A differenza dei tradizionali alloggiamenti in metallo, i materiali compositi sono <strong data-start=\"879\" data-end=\"941\">leggero, resistente alla corrosione e di facile manutenzione<\/strong>.<\/li>\n<li data-start=\"943\" data-end=\"1107\"><strong data-start=\"946\" data-end=\"966\">Alte prestazioni<\/strong> - IL <strong data-start=\"973\" data-end=\"994\">progettazione della copertina aperta<\/strong> consente un migliore flusso d&#039;aria, prevenendo il surriscaldamento e migliorando le prestazioni complessive in <strong data-start=\"1082\" data-end=\"1106\">applicazioni dinamiche<\/strong>.<\/li>\n<li data-start=\"1108\" data-end=\"1288\"><strong data-start=\"1111\" data-end=\"1138\">Soluzione conveniente<\/strong> - Rispetto a <strong data-start=\"1153\" data-end=\"1185\">alternative all&#039;acciaio inossidabile<\/strong>, le unit\u00e0 cuscinetto con alloggiamento composito offrono un <strong data-start=\"1227\" data-end=\"1245\">conveniente<\/strong> opzione senza compromettere la durata.<\/li>\n<\/ol>\n<h3 data-start=\"1290\" data-end=\"1332\"><strong data-start=\"1294\" data-end=\"1332\">Applicazioni in vari settori<\/strong><\/h3>\n<ul data-start=\"1333\" data-end=\"1699\">\n<li data-start=\"1333\" data-end=\"1438\"><strong data-start=\"1335\" data-end=\"1367\">Lavorazione di alimenti e bevande<\/strong> \u2013 Ideale per sistemi di trasporto in cui \u00e8 necessaria la resistenza all\u2019umidit\u00e0.<\/li>\n<li data-start=\"1439\" data-end=\"1528\"><strong data-start=\"1441\" data-end=\"1468\">Industria farmaceutica<\/strong> \u2013 Garantisce il rispetto delle norme igieniche grazie a superfici facili da pulire.<\/li>\n<li data-start=\"1529\" data-end=\"1607\"><strong data-start=\"1531\" data-end=\"1553\">Industria dell&#039;imballaggio<\/strong> \u2013 Utilizzato nei sistemi di automazione e movimentazione dei materiali.<\/li>\n<li data-start=\"1608\" data-end=\"1699\"><strong data-start=\"1610\" data-end=\"1642\">Agricoltura e orticoltura<\/strong> \u2013 Protegge da polvere e sporcizia negli impianti di lavorazione.<\/li>\n<\/ul>\n<h2 data-start=\"1701\" data-end=\"1719\"><strong data-start=\"1705\" data-end=\"1719\">Durata, prestazioni e convenienza<\/strong><\/h2>\n<p data-start=\"1720\" data-end=\"2052\">Le unit\u00e0 cuscinetto con alloggiamento composito IP54 con coperchi aperti forniscono <strong data-start=\"1782\" data-end=\"1836\">una soluzione robusta, leggera e conveniente<\/strong> per le industrie che cercano <strong data-start=\"1860\" data-end=\"1896\">prestazioni affidabili e durevoli<\/strong>. Loro <strong data-start=\"1904\" data-end=\"1988\">resistenza alla corrosione, flusso d&#039;aria migliorato e protezione contro polvere e umidit\u00e0<\/strong> rendili un <strong data-start=\"2001\" data-end=\"2024\">investimento prezioso<\/strong> per varie applicazioni.<\/p>\n<h2>Unit\u00e0 termoplastica coperchio aperto\/tappo aperto (OC)<\/h2>\n<p><a href=\"https:\/\/nhkmachineryparts.com\/it\/prodotto\/223-blocco-cuscino-pers\/\">Unit\u00e0 cuscinetto a sfere PPL supporto ritto<\/a><br \/>\n<a href=\"https:\/\/nhkmachineryparts.com\/it\/prodotto\/222-quadrato-4-bulloni-unita-flangia-fpl\/\">Unit\u00e0 cuscinetto a sfere FPL con flangia quadrata a 4 bulloni<\/a><br \/>\n<a href=\"https:\/\/nhkmachineryparts.com\/it\/prodotto\/224-unita-flangia-ovale-2-bulloni-flpl\/\">Unit\u00e0 cuscinetto a sfere FLPL con flangia ovale a 2 bulloni<\/a><br \/>\n<a href=\"https:\/\/nhkmachineryparts.com\/it\/prodotto\/225-base-fissa-cuscino-unita-papl\/\">Supporto con base filettata Unit\u00e0 cuscinetto a sfere PAPL<\/a><br \/>\n<a href=\"https:\/\/nhkmachineryparts.com\/it\/prodotto\/226-unita-flangia-3-bulloni-un-lato-fbpl\/\">Unit\u00e0 cuscinetto a sfere FBPL con flangia a 3 bulloni su un lato<\/a><br \/>\n<a href=\"https:\/\/nhkmachineryparts.com\/it\/prodotto\/292-cartuccia-4-bulloni-unita-flangia-fcpl\/\">Unit\u00e0 flangiata a cartuccia a 4 bulloni FCPL<\/a><br \/>\n<a href=\"https:\/\/nhkmachineryparts.com\/it\/prodotto\/227-unita-appendiabiti-hppl\/\">Unit\u00e0 cuscinetto a sfere HPPL Blue Hanger<\/a><br \/>\n<a href=\"https:\/\/nhkmachineryparts.com\/it\/prodotto\/228-unita-di-raccolta-tpl\/\">Unit\u00e0 cuscinetto a sfere TPL Take-up blu<\/a><\/p>\n\n\t\t<\/div>\n\t<\/div>\n<\/div><\/div><\/div><\/div><\/div><\/section>","protected":false},"excerpt":{"rendered":"Enhance durability and efficiency Thermoplastic housings cover in Black, White or Blue Cover material: Polypropylene Oil seal material: NBR Rubber Oil seal TC (Double lip) Oil seal with stainless steel spring Available sizes Shaft Diameter Catalog No. \u00d820 mm OC 204 \u00d825 mm OC 205 \u00d830 mm OC 206 \u00d835 mm OC 207 \u00d840 mm [...]","protected":false},"featured_media":11569,"template":"","meta":[],"product_brand":[],"product_cat":[52],"product_tag":[],"class_list":{"0":"post-1856","1":"product","2":"type-product","3":"status-publish","4":"has-post-thumbnail","6":"product_cat-bearing-units-in-ip54-thermo-plastic-housing","8":"first","9":"instock","10":"shipping-taxable","11":"product-type-simple"},"yoast_head":"<!-- This site is optimized with the Yoast SEO plugin v27.3 - https:\/\/yoast.com\/product\/yoast-seo-wordpress\/ -->\n<title>Thermo plastic bearing unit open cover | Durability and Efficiency | NHK Machinery Parts<\/title>\n<meta name=\"description\" content=\"The open cover for thermo plastic bearing unit is suitable for the food industry and other demanding environments, due to the hygienic design\" \/>\n<meta name=\"robots\" content=\"index, follow, max-snippet:-1, max-image-preview:large, max-video-preview:-1\" \/>\n<link rel=\"canonical\" href=\"https:\/\/nhkmachineryparts.com\/it\/prodotto\/229-unita-in-termoplastica-coperchio-aperto\/\" \/>\n<meta property=\"og:locale\" content=\"it_IT\" \/>\n<meta property=\"og:type\" content=\"article\" \/>\n<meta property=\"og:title\" content=\"Thermo plastic bearing unit open cover | Durability and Efficiency | NHK Machinery Parts\" \/>\n<meta property=\"og:description\" content=\"The open cover for thermo plastic bearing unit is suitable for the food industry and other demanding environments, due to the hygienic design\" \/>\n<meta property=\"og:url\" content=\"https:\/\/nhkmachineryparts.com\/it\/prodotto\/229-unita-in-termoplastica-coperchio-aperto\/\" \/>\n<meta property=\"og:site_name\" content=\"NHK Machinery Parts\" \/>\n<meta property=\"article:publisher\" content=\"https:\/\/www.facebook.com\/NHK.Group.aps\" \/>\n<meta property=\"article:modified_time\" content=\"2025-02-15T17:10:40+00:00\" \/>\n<meta property=\"og:image\" content=\"https:\/\/nhkmachineryparts.com\/wp-content\/uploads\/2022\/09\/Blue-cover-for-bearing-units-1.jpg\" \/>\n\t<meta property=\"og:image:width\" content=\"1000\" \/>\n\t<meta property=\"og:image:height\" content=\"1000\" \/>\n\t<meta property=\"og:image:type\" content=\"image\/jpeg\" \/>\n<meta name=\"twitter:card\" content=\"summary_large_image\" \/>\n<meta name=\"twitter:label1\" content=\"Tempo di lettura stimato\" \/>\n\t<meta name=\"twitter:data1\" content=\"2 minuti\" \/>\n<script type=\"application\/ld+json\" class=\"yoast-schema-graph\">{\"@context\":\"https:\\\/\\\/schema.org\",\"@graph\":[{\"@type\":\"WebPage\",\"@id\":\"https:\\\/\\\/nhkmachineryparts.com\\\/product\\\/229-thermo-plastic-unit-open-cover\\\/\",\"url\":\"https:\\\/\\\/nhkmachineryparts.com\\\/product\\\/229-thermo-plastic-unit-open-cover\\\/\",\"name\":\"Thermo plastic bearing unit open cover | Durability and Efficiency | NHK Machinery Parts\",\"isPartOf\":{\"@id\":\"https:\\\/\\\/nhkmachineryparts.com\\\/#website\"},\"primaryImageOfPage\":{\"@id\":\"https:\\\/\\\/nhkmachineryparts.com\\\/product\\\/229-thermo-plastic-unit-open-cover\\\/#primaryimage\"},\"image\":{\"@id\":\"https:\\\/\\\/nhkmachineryparts.com\\\/product\\\/229-thermo-plastic-unit-open-cover\\\/#primaryimage\"},\"thumbnailUrl\":\"https:\\\/\\\/nhkmachineryparts.com\\\/wp-content\\\/uploads\\\/2022\\\/09\\\/Blue-cover-for-bearing-units-1.jpg\",\"datePublished\":\"2022-09-26T10:34:21+00:00\",\"dateModified\":\"2025-02-15T17:10:40+00:00\",\"description\":\"The open cover for thermo plastic bearing unit is suitable for the food industry and other demanding environments, due to the hygienic design\",\"breadcrumb\":{\"@id\":\"https:\\\/\\\/nhkmachineryparts.com\\\/product\\\/229-thermo-plastic-unit-open-cover\\\/#breadcrumb\"},\"inLanguage\":\"it-IT\",\"potentialAction\":[{\"@type\":\"ReadAction\",\"target\":[\"https:\\\/\\\/nhkmachineryparts.com\\\/product\\\/229-thermo-plastic-unit-open-cover\\\/\"]}]},{\"@type\":\"ImageObject\",\"inLanguage\":\"it-IT\",\"@id\":\"https:\\\/\\\/nhkmachineryparts.com\\\/product\\\/229-thermo-plastic-unit-open-cover\\\/#primaryimage\",\"url\":\"https:\\\/\\\/nhkmachineryparts.com\\\/wp-content\\\/uploads\\\/2022\\\/09\\\/Blue-cover-for-bearing-units-1.jpg\",\"contentUrl\":\"https:\\\/\\\/nhkmachineryparts.com\\\/wp-content\\\/uploads\\\/2022\\\/09\\\/Blue-cover-for-bearing-units-1.jpg\",\"width\":1000,\"height\":1000,\"caption\":\"Blue cover for bearing units\"},{\"@type\":\"BreadcrumbList\",\"@id\":\"https:\\\/\\\/nhkmachineryparts.com\\\/product\\\/229-thermo-plastic-unit-open-cover\\\/#breadcrumb\",\"itemListElement\":[{\"@type\":\"ListItem\",\"position\":1,\"name\":\"Home\",\"item\":\"https:\\\/\\\/nhkmachineryparts.com\\\/\"},{\"@type\":\"ListItem\",\"position\":2,\"name\":\"Product line\",\"item\":\"https:\\\/\\\/nhkmachineryparts.com\\\/product-line\\\/\"},{\"@type\":\"ListItem\",\"position\":3,\"name\":\"Bearing units in IP54\u00a0composite housing\",\"item\":\"https:\\\/\\\/nhkmachineryparts.com\\\/product-line\\\/bearing-units-in-ip54-thermo-plastic-housing\\\/\"},{\"@type\":\"ListItem\",\"position\":4,\"name\":\"Thermo plastic bearing unit open cover\"}]},{\"@type\":\"WebSite\",\"@id\":\"https:\\\/\\\/nhkmachineryparts.com\\\/#website\",\"url\":\"https:\\\/\\\/nhkmachineryparts.com\\\/\",\"name\":\"NHK Machinery Parts\",\"description\":\"Bearing Houses, seismic levelling feet and levelling castors\",\"publisher\":{\"@id\":\"https:\\\/\\\/nhkmachineryparts.com\\\/#organization\"},\"potentialAction\":[{\"@type\":\"SearchAction\",\"target\":{\"@type\":\"EntryPoint\",\"urlTemplate\":\"https:\\\/\\\/nhkmachineryparts.com\\\/?s={search_term_string}\"},\"query-input\":{\"@type\":\"PropertyValueSpecification\",\"valueRequired\":true,\"valueName\":\"search_term_string\"}}],\"inLanguage\":\"it-IT\"},{\"@type\":\"Organization\",\"@id\":\"https:\\\/\\\/nhkmachineryparts.com\\\/#organization\",\"name\":\"Nhk Group ApS\",\"url\":\"https:\\\/\\\/nhkmachineryparts.com\\\/\",\"logo\":{\"@type\":\"ImageObject\",\"inLanguage\":\"it-IT\",\"@id\":\"https:\\\/\\\/nhkmachineryparts.com\\\/#\\\/schema\\\/logo\\\/image\\\/\",\"url\":\"https:\\\/\\\/nhkmachineryparts.com\\\/wp-content\\\/uploads\\\/2022\\\/09\\\/NHKgroup_social.jpg\",\"contentUrl\":\"https:\\\/\\\/nhkmachineryparts.com\\\/wp-content\\\/uploads\\\/2022\\\/09\\\/NHKgroup_social.jpg\",\"width\":1200,\"height\":630,\"caption\":\"Nhk Group ApS\"},\"image\":{\"@id\":\"https:\\\/\\\/nhkmachineryparts.com\\\/#\\\/schema\\\/logo\\\/image\\\/\"},\"sameAs\":[\"https:\\\/\\\/www.facebook.com\\\/NHK.Group.aps\"]}]}<\/script>\n<!-- \/ Yoast SEO plugin. -->","yoast_head_json":{"title":"Coperchio aperto dell&#039;unit\u00e0 cuscinetto in termoplastica | Durata ed efficienza | Parti di macchinari NHK","description":"Il coperchio aperto per unit\u00e0 cuscinetto in termoplastica \u00e8 adatto per l&#039;industria alimentare e altri ambienti esigenti, grazie al design igienico","robots":{"index":"index","follow":"follow","max-snippet":"max-snippet:-1","max-image-preview":"max-image-preview:large","max-video-preview":"max-video-preview:-1"},"canonical":"https:\/\/nhkmachineryparts.com\/it\/prodotto\/229-unita-in-termoplastica-coperchio-aperto\/","og_locale":"it_IT","og_type":"article","og_title":"Thermo plastic bearing unit open cover | Durability and Efficiency | NHK Machinery Parts","og_description":"The open cover for thermo plastic bearing unit is suitable for the food industry and other demanding environments, due to the hygienic design","og_url":"https:\/\/nhkmachineryparts.com\/it\/prodotto\/229-unita-in-termoplastica-coperchio-aperto\/","og_site_name":"NHK Machinery Parts","article_publisher":"https:\/\/www.facebook.com\/NHK.Group.aps","article_modified_time":"2025-02-15T17:10:40+00:00","og_image":[{"width":1000,"height":1000,"url":"https:\/\/nhkmachineryparts.com\/wp-content\/uploads\/2022\/09\/Blue-cover-for-bearing-units-1.jpg","type":"image\/jpeg"}],"twitter_card":"summary_large_image","twitter_misc":{"Tempo di lettura stimato":"2 minuti"},"schema":{"@context":"https:\/\/schema.org","@graph":[{"@type":"WebPage","@id":"https:\/\/nhkmachineryparts.com\/product\/229-thermo-plastic-unit-open-cover\/","url":"https:\/\/nhkmachineryparts.com\/product\/229-thermo-plastic-unit-open-cover\/","name":"Coperchio aperto dell&#039;unit\u00e0 cuscinetto in termoplastica | Durata ed efficienza | Parti di macchinari NHK","isPartOf":{"@id":"https:\/\/nhkmachineryparts.com\/#website"},"primaryImageOfPage":{"@id":"https:\/\/nhkmachineryparts.com\/product\/229-thermo-plastic-unit-open-cover\/#primaryimage"},"image":{"@id":"https:\/\/nhkmachineryparts.com\/product\/229-thermo-plastic-unit-open-cover\/#primaryimage"},"thumbnailUrl":"https:\/\/nhkmachineryparts.com\/wp-content\/uploads\/2022\/09\/Blue-cover-for-bearing-units-1.jpg","datePublished":"2022-09-26T10:34:21+00:00","dateModified":"2025-02-15T17:10:40+00:00","description":"Il coperchio aperto per unit\u00e0 cuscinetto in termoplastica \u00e8 adatto per l&#039;industria alimentare e altri ambienti esigenti, grazie al design igienico","breadcrumb":{"@id":"https:\/\/nhkmachineryparts.com\/product\/229-thermo-plastic-unit-open-cover\/#breadcrumb"},"inLanguage":"it-IT","potentialAction":[{"@type":"ReadAction","target":["https:\/\/nhkmachineryparts.com\/product\/229-thermo-plastic-unit-open-cover\/"]}]},{"@type":"ImageObject","inLanguage":"it-IT","@id":"https:\/\/nhkmachineryparts.com\/product\/229-thermo-plastic-unit-open-cover\/#primaryimage","url":"https:\/\/nhkmachineryparts.com\/wp-content\/uploads\/2022\/09\/Blue-cover-for-bearing-units-1.jpg","contentUrl":"https:\/\/nhkmachineryparts.com\/wp-content\/uploads\/2022\/09\/Blue-cover-for-bearing-units-1.jpg","width":1000,"height":1000,"caption":"Blue cover for bearing units"},{"@type":"BreadcrumbList","@id":"https:\/\/nhkmachineryparts.com\/product\/229-thermo-plastic-unit-open-cover\/#breadcrumb","itemListElement":[{"@type":"ListItem","position":1,"name":"Home","item":"https:\/\/nhkmachineryparts.com\/"},{"@type":"ListItem","position":2,"name":"Product line","item":"https:\/\/nhkmachineryparts.com\/product-line\/"},{"@type":"ListItem","position":3,"name":"Bearing units in IP54\u00a0composite housing","item":"https:\/\/nhkmachineryparts.com\/product-line\/bearing-units-in-ip54-thermo-plastic-housing\/"},{"@type":"ListItem","position":4,"name":"Thermo plastic bearing unit open cover"}]},{"@type":"WebSite","@id":"https:\/\/nhkmachineryparts.com\/#website","url":"https:\/\/nhkmachineryparts.com\/","name":"Parti di macchinari NHK","description":"Case Portanti, piedi livellatori sismici e ruote livellatrici","publisher":{"@id":"https:\/\/nhkmachineryparts.com\/#organization"},"potentialAction":[{"@type":"SearchAction","target":{"@type":"EntryPoint","urlTemplate":"https:\/\/nhkmachineryparts.com\/?s={search_term_string}"},"query-input":{"@type":"PropertyValueSpecification","valueRequired":true,"valueName":"search_term_string"}}],"inLanguage":"it-IT"},{"@type":"Organization","@id":"https:\/\/nhkmachineryparts.com\/#organization","name":"Gruppo Nhk ApS","url":"https:\/\/nhkmachineryparts.com\/","logo":{"@type":"ImageObject","inLanguage":"it-IT","@id":"https:\/\/nhkmachineryparts.com\/#\/schema\/logo\/image\/","url":"https:\/\/nhkmachineryparts.com\/wp-content\/uploads\/2022\/09\/NHKgroup_social.jpg","contentUrl":"https:\/\/nhkmachineryparts.com\/wp-content\/uploads\/2022\/09\/NHKgroup_social.jpg","width":1200,"height":630,"caption":"Nhk Group ApS"},"image":{"@id":"https:\/\/nhkmachineryparts.com\/#\/schema\/logo\/image\/"},"sameAs":["https:\/\/www.facebook.com\/NHK.Group.aps"]}]}},"_links":{"self":[{"href":"https:\/\/nhkmachineryparts.com\/it\/wp-json\/wp\/v2\/product\/1856","targetHints":{"allow":["GET"]}}],"collection":[{"href":"https:\/\/nhkmachineryparts.com\/it\/wp-json\/wp\/v2\/product"}],"about":[{"href":"https:\/\/nhkmachineryparts.com\/it\/wp-json\/wp\/v2\/types\/product"}],"wp:featuredmedia":[{"embeddable":true,"href":"https:\/\/nhkmachineryparts.com\/it\/wp-json\/wp\/v2\/media\/11569"}],"wp:attachment":[{"href":"https:\/\/nhkmachineryparts.com\/it\/wp-json\/wp\/v2\/media?parent=1856"}],"wp:term":[{"taxonomy":"product_brand","embeddable":true,"href":"https:\/\/nhkmachineryparts.com\/it\/wp-json\/wp\/v2\/product_brand?post=1856"},{"taxonomy":"product_cat","embeddable":true,"href":"https:\/\/nhkmachineryparts.com\/it\/wp-json\/wp\/v2\/product_cat?post=1856"},{"taxonomy":"product_tag","embeddable":true,"href":"https:\/\/nhkmachineryparts.com\/it\/wp-json\/wp\/v2\/product_tag?post=1856"}],"curies":[{"name":"scrivere","href":"https:\/\/api.w.org\/{rel}","templated":true}]}}