{"id":1331,"date":"2022-09-20T19:23:06","date_gmt":"2022-09-20T19:23:06","guid":{"rendered":"https:\/\/nhkmachineryparts.pawsfabrik.dk\/?post_type=product&#038;p=1331"},"modified":"2026-02-27T15:52:33","modified_gmt":"2026-02-27T13:52:33","slug":"301-piedini-macchina-sigillati-design-igienico-shmf-con-piastra-blocco-pavimento","status":"publish","type":"product","link":"https:\/\/nhkmachineryparts.com\/it\/product\/301-machine-feet-in-sealed-hygienic-design-shmf-with-floor-lock-plate\/","title":{"rendered":"3-A machine feet with floor lock plate\u00a0"},"content":{"rendered":"<section class=\"vc_row vc_custom_1662993827263 liquid-row-shadowbox-69d386a873b18 vc_column-gap-0\"><div class=\"ld-container container\"><div class=\"row ld-row ld-row-outer\"><div class=\"wpb_column vc_column_container vc_col-sm-12 liquid-column-69d386a873c98\"><div class=\"vc_column-inner\" ><div class=\"wpb_wrapper\"  >\n\t<div class=\"wpb_text_column wpb_content_element\" >\n\t\t<div class=\"wpb_wrapper\">\n\t\t\t<h2>Progettato per una pulizia industriale senza compromessi<\/h2>\n<p><a href=\"https:\/\/nhkmachineryparts.com\/it\/prodotto\/301-piedini-macchina-sigillati-design-igienico-shmf-con-piastra-blocco-pavimento\/\" data-internallinksmanager029f6b8e52c=\"20\" title=\"piedini della macchina\">Piedini della macchina<\/a> in design igienico sigillato con base in gomma per riduzione delle vibrazioni e propriet\u00e0 antiscivolo<br \/>\nI nostri piedini igienici sigillati per macchine sono dotati di certificato FDA (FDA CFR 21 177 2600) con numero ID lotto univoco per la tracciabilit\u00e0 della sicurezza alimentare<\/p>\n<p><a href=\"https:\/\/nhkmachineryparts.com\/it\/negozio\/linea-di-prodotto\/machine-levelling-feet-in-a-hygienic-design\/piedini-per-macchine-sanitarie-con-mandrino-protetto\/\">Prova il nostro selettore prodotti<\/a><\/p>\n<h3>Piedini della macchina con caratteristiche e vantaggi del design igienico sigillato<\/h3>\n<p>I piedini igienici sigillati della macchina hanno un design arrotondato e igienico che ne facilita la pulizia.<br \/>\nI piedini igienici sigillati della macchina possono sopportare pendenze fino a 10 gradi su pavimenti e attrezzature.<\/p>\n<h3>Piedini della macchina in materiali sigillati dal design igienico<\/h3>\n<p>Piedini per macchine igienici sigillati, in gomma vulcanizzata, con certificazione FDA secondo FDA CFR 21 177 2600.<\/p>\n<p>Descrizione del materiale della piastra di base:<br \/>\nAcciaio inox Aisi 304 o Aisi 316<\/p>\n<p>Descrizione del materiale del mandrino:<br \/>\nAcciaio inossidabile A2-70 o A4-70<\/p>\n<p>Descrizione del materiale di base in gomma:<br \/>\nGomma NBR (gomma nitrilica n. CAS 9005-98-5)<br \/>\nCertificato FDA secondo FDA CFR 21 177 2600<\/p>\n<p>Tutti i materiali sono altamente resistenti agli agenti chimici e ai detergenti comunemente utilizzati, nonch\u00e9 agli oli e ai grassi resistenti.<\/p>\n<h3>Piedini della macchina in dimensioni con design igienico sigillato<\/h3>\n<p>Le basi dei piedini delle macchine igieniche sigillate sono disponibili in un&#039;ampia gamma, garantendo la massima flessibilit\u00e0 e scelta.<\/p>\n<table class=\"dcf-table dcf-table-responsive dcf-table-bordered dcf-w-100%\">\n<thead>\n<tr>\n<th scope=\"col\">Tipo di base<\/th>\n<th scope=\"col\">Diametro baseD<\/th>\n<th scope=\"col\">Nominativo Carico<\/th>\n<\/tr>\n<\/thead>\n<tbody>\n<tr>\n<td data-label=\"HMF Base Size\">HMF 61<\/td>\n<td data-label=\"Base Diameter D\">60 mm<\/td>\n<td data-label=\"Nom. Load \">7.000 N<\/td>\n<\/tr>\n<tr>\n<td data-label=\"HMF Base Size\">HMF81<\/td>\n<td data-label=\"Base Diameter D\">80 mm<\/td>\n<td data-label=\"Nom. Load \">15.000 N<\/td>\n<\/tr>\n<tr>\n<td data-label=\"HMF Base Size\">HMF101<\/td>\n<td data-label=\"Base Diameter D\">100 mm<\/td>\n<td data-label=\"Nom. Load \">20.000 N<\/td>\n<\/tr>\n<tr>\n<td data-label=\"HMF Base Size\">HMF 121<\/td>\n<td data-label=\"Base Diameter D\">120mm<\/td>\n<td data-label=\"Nom. Load \">30.000 N<\/td>\n<\/tr>\n<\/tbody>\n<\/table>\n<p>I piedini per macchine igieniche sigillati con manicotto di protezione sono disponibili in un&#039;ampia gamma, garantendo la massima flessibilit\u00e0 e scelta.<\/p>\n<div class=\"dcf-overflow-x-auto\" tabindex=\"0\">\n<table class=\"dcf-table dcf-table-bordered dcf-w-100%\">\n<caption>SHMF Diametro del mandrino e della manica<\/caption>\n<tbody>\n<tr>\n<td>M16<\/td>\n<td>M20<\/td>\n<td>M24<\/td>\n<td>M30<\/td>\n<td>M36<\/td>\n<td>M42<\/td>\n<td>M48<\/td>\n<\/tr>\n<\/tbody>\n<\/table>\n<\/div>\n<div class=\"dcf-overflow-x-auto\" tabindex=\"0\">\n<table class=\"dcf-table dcf-table-bordered dcf-w-100%\">\n<caption>SHMF Lunghezza del mandrino (L) e Lunghezza del manicotto (H)<\/caption>\n<tbody>\n<tr>\n<td>L=135 mm. A=55 mm<\/td>\n<td>Da minimo 80 mm a massimo 120 mm<\/td>\n<\/tr>\n<tr>\n<td>L=175 mm. A=75 mm<\/td>\n<td>Da minimo 100 mm a massimo 160 mm<\/td>\n<\/tr>\n<tr>\n<td>L=215 mm. A=95 mm<\/td>\n<td>Da minimo 120 mm a massimo 200 mm<\/td>\n<\/tr>\n<tr>\n<td>L=255 mm. A=115 mm<\/td>\n<td>Da minimo 140 mm a massimo 240 mm<\/td>\n<\/tr>\n<tr>\n<td>L=295 mm. A=125 mm<\/td>\n<td>Da minimo 180 mm a massimo 280 mm<\/td>\n<\/tr>\n<\/tbody>\n<\/table>\n<\/div>\n<p>Per altre lunghezze del perno filettato (L), contattateci<br \/>\nSu richiesta sono disponibili filettature in pollici<br \/>\nLa filettatura pu\u00f2 anche essere personalizzata secondo specifica richiesta, filettatura ex trapezio ecc.<\/p>\n<h3>Piedini della macchina con design igienico sigillato<\/h3>\n<p>Per ordini di grandi dimensioni offriamo la fornitura di base e mandrini separati<br \/>\nIl vantaggio \u00e8 la flessibilit\u00e0 per il cliente che utilizza mandrini di dimensioni diverse.<\/p>\n<h2 data-start=\"0\" data-end=\"100\">Piedini macchina igienici con piastra di bloccaggio a pavimento e mandrino protetto sigillato<\/h2>\n<h3 data-start=\"0\" data-end=\"100\">Rivoluzionare l&#039;igiene delle attrezzature<\/h3>\n<p data-start=\"143\" data-end=\"504\">Nell&#039;attuale ambiente industriale frenetico, mantenere l&#039;igiene delle attrezzature \u00e8 essenziale per la produttivit\u00e0 e la sicurezza. I nostri innovativi piedini igienici per macchine sono progettati con ingegneria di precisione per soddisfare i pi\u00f9 severi standard sanitari. Questa soluzione su misura garantisce un rischio di contaminazione minimo ed \u00e8 ideale per <a href=\"https:\/\/nhkmachineryparts.com\/it\/our-industries\/\" data-internallinksmanager029f6b8e52c=\"4\" title=\"Le nostre industrie\">industrie<\/a> che richiedono rigorosi protocolli di pulizia.<\/p>\n<h3 data-start=\"506\" data-end=\"543\">Design innovativo della piastra di bloccaggio del pavimento<\/h3>\n<p data-start=\"544\" data-end=\"908\">La piastra di bloccaggio del pavimento integrata offre una stabilit\u00e0 eccezionale e impedisce movimenti indesiderati durante il funzionamento. Il suo design robusto consente alla macchina di rimanere saldamente in posizione anche in condizioni di forte stress. Questa caratteristica non solo aumenta la sicurezza, ma contribuisce anche a un processo di produzione pi\u00f9 efficiente riducendo i tempi di fermo associati ai turni delle attrezzature.<\/p>\n<h3 data-start=\"910\" data-end=\"946\">Mandrino sigillato e protetto avanzato<\/h3>\n<p data-start=\"947\" data-end=\"1334\">Al centro di questa tecnologia rivoluzionaria c&#039;\u00e8 il mandrino protetto sigillato. L&#039;avanzato sistema di sigillatura protegge il mandrino da polvere, umidit\u00e0 e altri contaminanti. Questa protezione prolunga la durata di vita dei componenti critici e riduce al minimo le esigenze di manutenzione. Il design sicuro del mandrino \u00e8 essenziale per ottenere prestazioni ottimali in ambienti in cui l&#039;igiene \u00e8 una priorit\u00e0 assoluta.<\/p>\n<h3 data-start=\"1336\" data-end=\"1374\">Prestazioni e durata migliorate<\/h3>\n<p data-start=\"1375\" data-end=\"2256\" data-is-last-node=\"\" data-is-only-node=\"\">Combinando piedini igienici per macchine con una piastra di bloccaggio affidabile per il pavimento e un mandrino protetto e sigillato, le aziende possono ottenere una migliore efficienza operativa e sicurezza. Questo approccio di progettazione olistico affronta sia le prestazioni che la durata, assicurando che le apparecchiature rimangano pulite e funzionali nel tempo. Le soluzioni ingegneristiche su misura sono studiate per soddisfare le esigenze di varie applicazioni industriali, rendendole un investimento intelligente per le aziende lungimiranti impegnate a mantenere i pi\u00f9 elevati standard di pulizia e prestazioni.<\/p>\n<h3 data-start=\"1375\" data-end=\"2256\">Garantire la stabilit\u00e0 e aumentare l&#039;efficienza<\/h3>\n<p data-start=\"1375\" data-end=\"2256\" data-is-last-node=\"\" data-is-only-node=\"\">Questa soluzione avanzata non solo soddisfa i rigorosi requisiti di igiene industriale, ma aumenta anche l&#039;affidabilit\u00e0 operativa e la redditivit\u00e0, offrendo un vantaggio competitivo nel mercato impegnativo di oggi. Progettati per durare a lungo e facilitare la manutenzione, questi componenti sono una testimonianza di produzione di qualit\u00e0 e design innovativo.<\/p>\n\n\t\t<\/div>\n\t<\/div>\n<\/div><\/div><\/div><\/div><\/div><\/section>","protected":false},"excerpt":{"rendered":"Engineered for Uncompromised Industrial Cleanliness Machine feet in sealed hygienic design with rubber base for vibration reduction and anti-slip properties Our sealed hygienic machine feet are provided with FDA certificate (FDA CFR 21 177 2600) with unique batch ID number for food safety traceability Try our product selector Machine feet in sealed hygienic design features [...]","protected":false},"featured_media":11306,"template":"","meta":[],"product_brand":[],"product_cat":[98],"product_tag":[],"class_list":{"0":"post-1331","1":"product","2":"type-product","3":"status-publish","4":"has-post-thumbnail","6":"product_cat-ehedg-certified-3a-ssi-standard-components","8":"first","9":"instock","10":"shipping-taxable","11":"product-type-simple"},"yoast_head":"<!-- This site is optimized with the Yoast SEO plugin v27.3 - https:\/\/yoast.com\/product\/yoast-seo-wordpress\/ -->\n<title>3-A machine feet with floor lock plate\u00a0 | NHK Machinery Parts<\/title>\n<meta name=\"description\" content=\"Transform your industrial workspace with our bespoke hygienic machine feet. Engineered for optimal stability, unrivaled cleanliness, and peak performance.\" \/>\n<meta name=\"robots\" content=\"index, follow, max-snippet:-1, max-image-preview:large, max-video-preview:-1\" \/>\n<link rel=\"canonical\" href=\"https:\/\/nhkmachineryparts.com\/it\/prodotto\/301-piedini-macchina-sigillati-design-igienico-shmf-con-piastra-blocco-pavimento\/\" \/>\n<meta property=\"og:locale\" content=\"it_IT\" \/>\n<meta property=\"og:type\" content=\"article\" \/>\n<meta property=\"og:title\" content=\"3-A machine feet with floor lock plate\u00a0 | NHK Machinery Parts\" \/>\n<meta property=\"og:description\" content=\"Transform your industrial workspace with our bespoke hygienic machine feet. Engineered for optimal stability, unrivaled cleanliness, and peak performance.\" \/>\n<meta property=\"og:url\" content=\"https:\/\/nhkmachineryparts.com\/it\/prodotto\/301-piedini-macchina-sigillati-design-igienico-shmf-con-piastra-blocco-pavimento\/\" \/>\n<meta property=\"og:site_name\" content=\"NHK Machinery Parts\" \/>\n<meta property=\"article:publisher\" content=\"https:\/\/www.facebook.com\/NHK.Group.aps\" \/>\n<meta property=\"article:modified_time\" content=\"2026-02-27T13:52:33+00:00\" \/>\n<meta property=\"og:image\" content=\"https:\/\/nhkmachineryparts.com\/wp-content\/uploads\/2022\/09\/Levelling-feet-in-extra-hygienic-design-SHLF-with-black-rubber-with-floor-lock-plate-and-spindle-with-protecting-sleeve.jpg\" \/>\n\t<meta property=\"og:image:width\" content=\"1000\" \/>\n\t<meta property=\"og:image:height\" content=\"1000\" \/>\n\t<meta property=\"og:image:type\" content=\"image\/jpeg\" \/>\n<meta name=\"twitter:card\" content=\"summary_large_image\" \/>\n<meta name=\"twitter:label1\" content=\"Tempo di lettura stimato\" \/>\n\t<meta name=\"twitter:data1\" content=\"4 minuti\" \/>\n<script type=\"application\/ld+json\" class=\"yoast-schema-graph\">{\"@context\":\"https:\\\/\\\/schema.org\",\"@graph\":[{\"@type\":\"WebPage\",\"@id\":\"https:\\\/\\\/nhkmachineryparts.com\\\/product\\\/301-machine-feet-in-sealed-hygienic-design-shmf-with-floor-lock-plate\\\/\",\"url\":\"https:\\\/\\\/nhkmachineryparts.com\\\/product\\\/301-machine-feet-in-sealed-hygienic-design-shmf-with-floor-lock-plate\\\/\",\"name\":\"3-A machine feet with floor lock plate\u00a0 | NHK Machinery Parts\",\"isPartOf\":{\"@id\":\"https:\\\/\\\/nhkmachineryparts.com\\\/#website\"},\"primaryImageOfPage\":{\"@id\":\"https:\\\/\\\/nhkmachineryparts.com\\\/product\\\/301-machine-feet-in-sealed-hygienic-design-shmf-with-floor-lock-plate\\\/#primaryimage\"},\"image\":{\"@id\":\"https:\\\/\\\/nhkmachineryparts.com\\\/product\\\/301-machine-feet-in-sealed-hygienic-design-shmf-with-floor-lock-plate\\\/#primaryimage\"},\"thumbnailUrl\":\"https:\\\/\\\/nhkmachineryparts.com\\\/wp-content\\\/uploads\\\/2022\\\/09\\\/Levelling-feet-in-extra-hygienic-design-SHLF-with-black-rubber-with-floor-lock-plate-and-spindle-with-protecting-sleeve.jpg\",\"datePublished\":\"2022-09-20T19:23:06+00:00\",\"dateModified\":\"2026-02-27T13:52:33+00:00\",\"description\":\"Transform your industrial workspace with our bespoke hygienic machine feet. Engineered for optimal stability, unrivaled cleanliness, and peak performance.\",\"breadcrumb\":{\"@id\":\"https:\\\/\\\/nhkmachineryparts.com\\\/product\\\/301-machine-feet-in-sealed-hygienic-design-shmf-with-floor-lock-plate\\\/#breadcrumb\"},\"inLanguage\":\"it-IT\",\"potentialAction\":[{\"@type\":\"ReadAction\",\"target\":[\"https:\\\/\\\/nhkmachineryparts.com\\\/product\\\/301-machine-feet-in-sealed-hygienic-design-shmf-with-floor-lock-plate\\\/\"]}]},{\"@type\":\"ImageObject\",\"inLanguage\":\"it-IT\",\"@id\":\"https:\\\/\\\/nhkmachineryparts.com\\\/product\\\/301-machine-feet-in-sealed-hygienic-design-shmf-with-floor-lock-plate\\\/#primaryimage\",\"url\":\"https:\\\/\\\/nhkmachineryparts.com\\\/wp-content\\\/uploads\\\/2022\\\/09\\\/Levelling-feet-in-extra-hygienic-design-SHLF-with-black-rubber-with-floor-lock-plate-and-spindle-with-protecting-sleeve.jpg\",\"contentUrl\":\"https:\\\/\\\/nhkmachineryparts.com\\\/wp-content\\\/uploads\\\/2022\\\/09\\\/Levelling-feet-in-extra-hygienic-design-SHLF-with-black-rubber-with-floor-lock-plate-and-spindle-with-protecting-sleeve.jpg\",\"width\":1000,\"height\":1000,\"caption\":\"Levelling feet in extra hygienic design SHLF with black rubber with floor lock plate and spindle with protecting sleeve\"},{\"@type\":\"BreadcrumbList\",\"@id\":\"https:\\\/\\\/nhkmachineryparts.com\\\/product\\\/301-machine-feet-in-sealed-hygienic-design-shmf-with-floor-lock-plate\\\/#breadcrumb\",\"itemListElement\":[{\"@type\":\"ListItem\",\"position\":1,\"name\":\"Home\",\"item\":\"https:\\\/\\\/nhkmachineryparts.com\\\/\"},{\"@type\":\"ListItem\",\"position\":2,\"name\":\"Product line\",\"item\":\"https:\\\/\\\/nhkmachineryparts.com\\\/product-line\\\/\"},{\"@type\":\"ListItem\",\"position\":3,\"name\":\"Certified EHEDG standard components\",\"item\":\"https:\\\/\\\/nhkmachineryparts.com\\\/product-line\\\/ehedg-certified-3a-ssi-standard-components\\\/\"},{\"@type\":\"ListItem\",\"position\":4,\"name\":\"3-A machine feet with floor lock plate\u00a0\"}]},{\"@type\":\"WebSite\",\"@id\":\"https:\\\/\\\/nhkmachineryparts.com\\\/#website\",\"url\":\"https:\\\/\\\/nhkmachineryparts.com\\\/\",\"name\":\"NHK Machinery Parts\",\"description\":\"Bearing Houses, seismic levelling feet and levelling castors\",\"publisher\":{\"@id\":\"https:\\\/\\\/nhkmachineryparts.com\\\/#organization\"},\"potentialAction\":[{\"@type\":\"SearchAction\",\"target\":{\"@type\":\"EntryPoint\",\"urlTemplate\":\"https:\\\/\\\/nhkmachineryparts.com\\\/?s={search_term_string}\"},\"query-input\":{\"@type\":\"PropertyValueSpecification\",\"valueRequired\":true,\"valueName\":\"search_term_string\"}}],\"inLanguage\":\"it-IT\"},{\"@type\":\"Organization\",\"@id\":\"https:\\\/\\\/nhkmachineryparts.com\\\/#organization\",\"name\":\"Nhk Group ApS\",\"url\":\"https:\\\/\\\/nhkmachineryparts.com\\\/\",\"logo\":{\"@type\":\"ImageObject\",\"inLanguage\":\"it-IT\",\"@id\":\"https:\\\/\\\/nhkmachineryparts.com\\\/#\\\/schema\\\/logo\\\/image\\\/\",\"url\":\"https:\\\/\\\/nhkmachineryparts.com\\\/wp-content\\\/uploads\\\/2022\\\/09\\\/NHKgroup_social.jpg\",\"contentUrl\":\"https:\\\/\\\/nhkmachineryparts.com\\\/wp-content\\\/uploads\\\/2022\\\/09\\\/NHKgroup_social.jpg\",\"width\":1200,\"height\":630,\"caption\":\"Nhk Group ApS\"},\"image\":{\"@id\":\"https:\\\/\\\/nhkmachineryparts.com\\\/#\\\/schema\\\/logo\\\/image\\\/\"},\"sameAs\":[\"https:\\\/\\\/www.facebook.com\\\/NHK.Group.aps\"]}]}<\/script>\n<!-- \/ Yoast SEO plugin. -->","yoast_head_json":{"title":"3-A machine feet with floor lock plate\u00a0 | NHK Machinery Parts","description":"Trasforma il tuo spazio di lavoro industriale con i nostri piedini igienici per macchine su misura. Progettati per una stabilit\u00e0 ottimale, una pulizia senza pari e prestazioni al top.","robots":{"index":"index","follow":"follow","max-snippet":"max-snippet:-1","max-image-preview":"max-image-preview:large","max-video-preview":"max-video-preview:-1"},"canonical":"https:\/\/nhkmachineryparts.com\/it\/prodotto\/301-piedini-macchina-sigillati-design-igienico-shmf-con-piastra-blocco-pavimento\/","og_locale":"it_IT","og_type":"article","og_title":"3-A machine feet with floor lock plate\u00a0 | NHK Machinery Parts","og_description":"Transform your industrial workspace with our bespoke hygienic machine feet. Engineered for optimal stability, unrivaled cleanliness, and peak performance.","og_url":"https:\/\/nhkmachineryparts.com\/it\/prodotto\/301-piedini-macchina-sigillati-design-igienico-shmf-con-piastra-blocco-pavimento\/","og_site_name":"NHK Machinery Parts","article_publisher":"https:\/\/www.facebook.com\/NHK.Group.aps","article_modified_time":"2026-02-27T13:52:33+00:00","og_image":[{"width":1000,"height":1000,"url":"https:\/\/nhkmachineryparts.com\/wp-content\/uploads\/2022\/09\/Levelling-feet-in-extra-hygienic-design-SHLF-with-black-rubber-with-floor-lock-plate-and-spindle-with-protecting-sleeve.jpg","type":"image\/jpeg"}],"twitter_card":"summary_large_image","twitter_misc":{"Tempo di lettura stimato":"4 minuti"},"schema":{"@context":"https:\/\/schema.org","@graph":[{"@type":"WebPage","@id":"https:\/\/nhkmachineryparts.com\/product\/301-machine-feet-in-sealed-hygienic-design-shmf-with-floor-lock-plate\/","url":"https:\/\/nhkmachineryparts.com\/product\/301-machine-feet-in-sealed-hygienic-design-shmf-with-floor-lock-plate\/","name":"3-A machine feet with floor lock plate\u00a0 | NHK Machinery Parts","isPartOf":{"@id":"https:\/\/nhkmachineryparts.com\/#website"},"primaryImageOfPage":{"@id":"https:\/\/nhkmachineryparts.com\/product\/301-machine-feet-in-sealed-hygienic-design-shmf-with-floor-lock-plate\/#primaryimage"},"image":{"@id":"https:\/\/nhkmachineryparts.com\/product\/301-machine-feet-in-sealed-hygienic-design-shmf-with-floor-lock-plate\/#primaryimage"},"thumbnailUrl":"https:\/\/nhkmachineryparts.com\/wp-content\/uploads\/2022\/09\/Levelling-feet-in-extra-hygienic-design-SHLF-with-black-rubber-with-floor-lock-plate-and-spindle-with-protecting-sleeve.jpg","datePublished":"2022-09-20T19:23:06+00:00","dateModified":"2026-02-27T13:52:33+00:00","description":"Trasforma il tuo spazio di lavoro industriale con i nostri piedini igienici per macchine su misura. Progettati per una stabilit\u00e0 ottimale, una pulizia senza pari e prestazioni al top.","breadcrumb":{"@id":"https:\/\/nhkmachineryparts.com\/product\/301-machine-feet-in-sealed-hygienic-design-shmf-with-floor-lock-plate\/#breadcrumb"},"inLanguage":"it-IT","potentialAction":[{"@type":"ReadAction","target":["https:\/\/nhkmachineryparts.com\/product\/301-machine-feet-in-sealed-hygienic-design-shmf-with-floor-lock-plate\/"]}]},{"@type":"ImageObject","inLanguage":"it-IT","@id":"https:\/\/nhkmachineryparts.com\/product\/301-machine-feet-in-sealed-hygienic-design-shmf-with-floor-lock-plate\/#primaryimage","url":"https:\/\/nhkmachineryparts.com\/wp-content\/uploads\/2022\/09\/Levelling-feet-in-extra-hygienic-design-SHLF-with-black-rubber-with-floor-lock-plate-and-spindle-with-protecting-sleeve.jpg","contentUrl":"https:\/\/nhkmachineryparts.com\/wp-content\/uploads\/2022\/09\/Levelling-feet-in-extra-hygienic-design-SHLF-with-black-rubber-with-floor-lock-plate-and-spindle-with-protecting-sleeve.jpg","width":1000,"height":1000,"caption":"Levelling feet in extra hygienic design SHLF with black rubber with floor lock plate and spindle with protecting sleeve"},{"@type":"BreadcrumbList","@id":"https:\/\/nhkmachineryparts.com\/product\/301-machine-feet-in-sealed-hygienic-design-shmf-with-floor-lock-plate\/#breadcrumb","itemListElement":[{"@type":"ListItem","position":1,"name":"Home","item":"https:\/\/nhkmachineryparts.com\/"},{"@type":"ListItem","position":2,"name":"Product line","item":"https:\/\/nhkmachineryparts.com\/product-line\/"},{"@type":"ListItem","position":3,"name":"Certified EHEDG standard components","item":"https:\/\/nhkmachineryparts.com\/product-line\/ehedg-certified-3a-ssi-standard-components\/"},{"@type":"ListItem","position":4,"name":"3-A machine feet with floor lock plate\u00a0"}]},{"@type":"WebSite","@id":"https:\/\/nhkmachineryparts.com\/#website","url":"https:\/\/nhkmachineryparts.com\/","name":"Parti di macchinari NHK","description":"Case Portanti, piedi livellatori sismici e ruote livellatrici","publisher":{"@id":"https:\/\/nhkmachineryparts.com\/#organization"},"potentialAction":[{"@type":"SearchAction","target":{"@type":"EntryPoint","urlTemplate":"https:\/\/nhkmachineryparts.com\/?s={search_term_string}"},"query-input":{"@type":"PropertyValueSpecification","valueRequired":true,"valueName":"search_term_string"}}],"inLanguage":"it-IT"},{"@type":"Organization","@id":"https:\/\/nhkmachineryparts.com\/#organization","name":"Gruppo Nhk ApS","url":"https:\/\/nhkmachineryparts.com\/","logo":{"@type":"ImageObject","inLanguage":"it-IT","@id":"https:\/\/nhkmachineryparts.com\/#\/schema\/logo\/image\/","url":"https:\/\/nhkmachineryparts.com\/wp-content\/uploads\/2022\/09\/NHKgroup_social.jpg","contentUrl":"https:\/\/nhkmachineryparts.com\/wp-content\/uploads\/2022\/09\/NHKgroup_social.jpg","width":1200,"height":630,"caption":"Nhk Group ApS"},"image":{"@id":"https:\/\/nhkmachineryparts.com\/#\/schema\/logo\/image\/"},"sameAs":["https:\/\/www.facebook.com\/NHK.Group.aps"]}]}},"_links":{"self":[{"href":"https:\/\/nhkmachineryparts.com\/it\/wp-json\/wp\/v2\/product\/1331","targetHints":{"allow":["GET"]}}],"collection":[{"href":"https:\/\/nhkmachineryparts.com\/it\/wp-json\/wp\/v2\/product"}],"about":[{"href":"https:\/\/nhkmachineryparts.com\/it\/wp-json\/wp\/v2\/types\/product"}],"wp:featuredmedia":[{"embeddable":true,"href":"https:\/\/nhkmachineryparts.com\/it\/wp-json\/wp\/v2\/media\/11306"}],"wp:attachment":[{"href":"https:\/\/nhkmachineryparts.com\/it\/wp-json\/wp\/v2\/media?parent=1331"}],"wp:term":[{"taxonomy":"product_brand","embeddable":true,"href":"https:\/\/nhkmachineryparts.com\/it\/wp-json\/wp\/v2\/product_brand?post=1331"},{"taxonomy":"product_cat","embeddable":true,"href":"https:\/\/nhkmachineryparts.com\/it\/wp-json\/wp\/v2\/product_cat?post=1331"},{"taxonomy":"product_tag","embeddable":true,"href":"https:\/\/nhkmachineryparts.com\/it\/wp-json\/wp\/v2\/product_tag?post=1331"}],"curies":[{"name":"scrivere","href":"https:\/\/api.w.org\/{rel}","templated":true}]}}