{"id":12775,"date":"2024-11-09T22:26:23","date_gmt":"2024-11-09T20:26:23","guid":{"rendered":"https:\/\/nhkmachineryparts.com\/?post_type=product&#038;p=12775"},"modified":"2026-02-23T13:36:32","modified_gmt":"2026-02-23T11:36:32","slug":"piedini-di-livellamento-igienici-con-piastra-di-bloccaggio-a-pavimento-e-mandrino-protetto","status":"publish","type":"product","link":"https:\/\/nhkmachineryparts.com\/it\/product\/hygienic-levelling-feet-with-floor-lock-plate-and-protected-spindle\/","title":{"rendered":"Piedini di livellamento igienici con piastra di bloccaggio a pavimento e mandrino protetto"},"content":{"rendered":"<section class=\"vc_row vc_custom_1662993827263 liquid-row-shadowbox-69d439e974d0e vc_column-gap-0\"><div class=\"ld-container container\"><div class=\"row ld-row ld-row-outer\"><div class=\"wpb_column vc_column_container vc_col-sm-12 liquid-column-69d439e974e98\"><div class=\"vc_column-inner\" ><div class=\"wpb_wrapper\"  >\n\t<div class=\"wpb_text_column wpb_content_element\" >\n\t\t<div class=\"wpb_wrapper\">\n\t\t\t<h2 data-start=\"3\" data-end=\"99\"><strong data-start=\"3\" data-end=\"97\" data-is-only-node=\"\">Massimizza la stabilit\u00e0 e <\/strong><strong data-start=\"104\" data-end=\"195\" data-is-only-node=\"\">Aumentare l&#039;efficienza operativa<\/strong><\/h2>\n<p><a href=\"https:\/\/nhkmachineryparts.com\/it\/product-line\/stainless-steel-solid-base-feet\/\" data-internallinksmanager029f6b8e52c=\"7\" title=\"Piedini di livellamento della macchina con piastra di base solida\">Piedini livellatori<\/a> in design igienico con base in gomma per la riduzione delle vibrazioni e propriet\u00e0 antiscivolo<br \/>\nNostro <a href=\"https:\/\/nhkmachineryparts.com\/it\/product-line\/stainless-steel-solid-base-feet\/\" data-internallinksmanager029f6b8e52c=\"17\" title=\"Piedini di livellamento della macchina con piastra di base solida\">piedini igienici livellatori<\/a> sono dotati di certificato FDA (FDA CFR 21 177 2600) con numero ID lotto univoco per la tracciabilit\u00e0 della sicurezza alimentare<\/p>\n<p><a href=\"https:\/\/nhkmachineryparts.com\/it\/negozio\/linea-di-prodotto\/machine-levelling-feet-in-a-hygienic-design\/hygienic-levelling-feet-with-protected-spindle\/\">Prova il nostro selettore prodotti<\/a><\/p>\n<h3>Piedini livellatori con caratteristiche e vantaggi del design igienico<\/h3>\n<p><a href=\"https:\/\/nhkmachineryparts.com\/it\/product-line\/stainless-steel-solid-base-feet\/\" data-internallinksmanager029f6b8e52c=\"17\" title=\"Piedini di livellamento della macchina con piastra di base solida\">Piedini livellatori igienici<\/a> hanno un design arrotondato e igienico che ne facilita la pulizia.<br \/>\n<a href=\"https:\/\/nhkmachineryparts.com\/it\/product-line\/stainless-steel-solid-base-feet\/\" data-internallinksmanager029f6b8e52c=\"17\" title=\"Piedini di livellamento della macchina con piastra di base solida\">Piedini livellatori igienici<\/a> pu\u00f2 affrontare pendenze fino a 10 gradi su pavimenti e attrezzature.<\/p>\n<h3>Piedini di livellamento in materiali dal design igienico<\/h3>\n<p><a href=\"https:\/\/nhkmachineryparts.com\/it\/product-line\/stainless-steel-solid-base-feet\/\" data-internallinksmanager029f6b8e52c=\"17\" title=\"Piedini di livellamento della macchina con piastra di base solida\">Piedini livellatori igienici<\/a> parte in gomma vulcanizzata con certificato FDA secondo FDA CFR 21 177 2600.<\/p>\n<p>Descrizione del materiale della piastra di base:<br \/>\nAcciaio inox Aisi 304 o Aisi 316<\/p>\n<p>Descrizione del materiale del mandrino:<br \/>\nAcciaio inossidabile A2-70 o A4-70<\/p>\n<p>Descrizione del materiale di base in gomma:<br \/>\nGomma NBR (gomma nitrilica n. CAS 9005-98-5)<br \/>\nCertificato FDA secondo FDA CFR 21 177 2600<\/p>\n<p>Tutti i materiali sono altamente resistenti agli agenti chimici e ai detergenti comunemente utilizzati, nonch\u00e9 agli oli e ai grassi resistenti.<\/p>\n<h3>Piedini di livellamento nelle misure dal design igienico<\/h3>\n<p><a href=\"https:\/\/nhkmachineryparts.com\/it\/product-line\/stainless-steel-solid-base-feet\/\" data-internallinksmanager029f6b8e52c=\"17\" title=\"Piedini di livellamento della macchina con piastra di base solida\">Piedini livellatori igienici<\/a> le basi sono disponibili in un&#039;ampia gamma, offrendo la flessibilit\u00e0 e la scelta ottimali.<\/p>\n<table class=\"dcf-table dcf-table-responsive dcf-table-bordered dcf-w-100%\">\n<thead>\n<tr>\n<th scope=\"col\">Tipo di base<\/th>\n<th scope=\"col\">Diametro baseD<\/th>\n<th scope=\"col\">Nominativo Carico<\/th>\n<\/tr>\n<\/thead>\n<tbody>\n<tr>\n<td data-label=\"HMF Base Size\">HLF 61<\/td>\n<td data-label=\"Base Diameter D\">60 mm<\/td>\n<td data-label=\"Nom. Load \">7.000 N<\/td>\n<\/tr>\n<tr>\n<td data-label=\"HMF Base Size\">HLF 81<\/td>\n<td data-label=\"Base Diameter D\">80 mm<\/td>\n<td data-label=\"Nom. Load \">15.000 N<\/td>\n<\/tr>\n<tr>\n<td data-label=\"HMF Base Size\">HLF 101<\/td>\n<td data-label=\"Base Diameter D\">100 mm<\/td>\n<td data-label=\"Nom. Load \">20.000 N<\/td>\n<\/tr>\n<tr>\n<td data-label=\"HMF Base Size\">HLF 121<\/td>\n<td data-label=\"Base Diameter D\">120mm<\/td>\n<td data-label=\"Nom. Load \">30.000 N<\/td>\n<\/tr>\n<\/tbody>\n<\/table>\n<p><a href=\"https:\/\/nhkmachineryparts.com\/it\/product-line\/stainless-steel-solid-base-feet\/\" data-internallinksmanager029f6b8e52c=\"17\" title=\"Piedini di livellamento della macchina con piastra di base solida\">Piedini livellatori igienici<\/a> il mandrino con manicotto di protezione \u00e8 disponibile in un&#039;ampia gamma, offrendo la flessibilit\u00e0 e la scelta ottimali.<\/p>\n<div class=\"dcf-overflow-x-auto\" tabindex=\"0\">\n<table class=\"dcf-table dcf-table-bordered dcf-w-100%\">\n<caption>EHLF Diametro del mandrino e della manica<\/caption>\n<tbody>\n<tr>\n<td>M16<\/td>\n<td>M20<\/td>\n<td>M24<\/td>\n<td>M30<\/td>\n<td>M36<\/td>\n<td>M42<\/td>\n<td>M48<\/td>\n<\/tr>\n<\/tbody>\n<\/table>\n<\/div>\n<div class=\"dcf-overflow-x-auto\" tabindex=\"0\">\n<table class=\"dcf-table dcf-table-bordered dcf-w-100%\">\n<caption>Lunghezza stelo EHLF (L) e lunghezza manica (H)<\/caption>\n<tbody>\n<tr>\n<td>L=135 mm. A=55 mm<\/td>\n<td>Da minimo 80 mm a massimo 120 mm<\/td>\n<\/tr>\n<tr>\n<td>L=175 mm. A=75 mm<\/td>\n<td>Da minimo 100 mm a massimo 160 mm<\/td>\n<\/tr>\n<tr>\n<td>L=215 mm. A=95 mm<\/td>\n<td>Da minimo 120 mm a massimo 200 mm<\/td>\n<\/tr>\n<tr>\n<td>L=255 mm. A=115 mm<\/td>\n<td>Da minimo 140 mm a massimo 240 mm<\/td>\n<\/tr>\n<tr>\n<td>L=295 mm. A=125 mm<\/td>\n<td>Da minimo 180 mm a massimo 280 mm<\/td>\n<\/tr>\n<\/tbody>\n<\/table>\n<\/div>\n<p>Per altre lunghezze del perno filettato (L), contattateci<br \/>\nSu richiesta sono disponibili filettature in pollici<br \/>\nLa filettatura pu\u00f2 anche essere personalizzata secondo specifica richiesta, filettatura ex trapezio ecc.<\/p>\n<h3>Piedini di livellamento nell&#039;opzione di consegna con design igienico<\/h3>\n<p>Per ordini di grandi dimensioni offriamo la fornitura di base e mandrini separati<br \/>\nIl vantaggio \u00e8 la flessibilit\u00e0 per il cliente che utilizza mandrini di dimensioni diverse.<\/p>\n<h2 data-start=\"0\" data-end=\"114\"><strong data-start=\"0\" data-end=\"112\">Piedini di livellamento igienici con piastra di bloccaggio a pavimento e mandrino protetto<\/strong><\/h2>\n<h3 data-start=\"0\" data-end=\"114\"><strong data-start=\"0\" data-end=\"112\">Migliorare la stabilit\u00e0 e la pulizia<\/strong><\/h3>\n<p data-start=\"116\" data-end=\"484\">Mantenere l&#039;igiene e la stabilit\u00e0 negli ambienti industriali \u00e8 essenziale, in particolare nei settori della trasformazione alimentare, farmaceutica e biotecnologica. <a href=\"https:\/\/nhkmachineryparts.com\/it\/product-line\/stainless-steel-solid-base-feet\/\" data-internallinksmanager029f6b8e52c=\"17\" title=\"Piedini di livellamento della macchina con piastra di base solida\">Piedini livellatori igienici<\/a> con piastra di bloccaggio a pavimento e mandrino protetto sono progettati per soddisfare queste esigenze specifiche del settore. Il loro design avanzato garantisce sia un supporto robusto che la conformit\u00e0 alle severe normative sanitarie.<\/p>\n<h3 data-start=\"486\" data-end=\"917\"><strong data-start=\"486\" data-end=\"534\">Maggiore stabilit\u00e0 con piastra di bloccaggio a pavimento<\/strong><\/h3>\n<p data-start=\"486\" data-end=\"917\">La piastra di bloccaggio a pavimento fornisce una maggiore stabilit\u00e0 ancorando saldamente i macchinari al pavimento, impedendo movimenti indesiderati durante il funzionamento. Questa caratteristica \u00e8 fondamentale per mantenere prestazioni costanti, ridurre le vibrazioni e garantire la sicurezza sia delle apparecchiature che del personale. Il meccanismo di bloccaggio sicuro semplifica inoltre la calibrazione della macchina, consentendo un allineamento preciso.<\/p>\n<h3 data-start=\"919\" data-end=\"1387\"><strong data-start=\"919\" data-end=\"964\">Mandrino protetto per un&#039;igiene ottimale<\/strong><\/h3>\n<p data-start=\"919\" data-end=\"1387\">Il mandrino protetto \u00e8 una caratteristica fondamentale che impedisce che contaminanti come polvere, sporcizia e umidit\u00e0 si accumulino all&#039;interno del piedino di livellamento. Questo design igienico garantisce la conformit\u00e0 con <a href=\"https:\/\/nhkmachineryparts.com\/it\/qual-e-la-differenza-tra-3a-e-ehedg\/\" data-internallinksmanager029f6b8e52c=\"2\" title=\"Parti di macchinari certificate EHEDG\">EHEDG<\/a> e gli standard sanitari 3-A, rendendo questi piedini livellatori ideali per ambienti in cui la pulizia \u00e8 fondamentale. La superficie liscia in acciaio inossidabile del mandrino facilita ulteriormente la pulizia, riducendo i tempi di fermo per la manutenzione.<\/p>\n<h3 data-start=\"1389\" data-end=\"1814\"><strong data-start=\"1389\" data-end=\"1438\">Materiali durevoli e resistenti alla corrosione<\/strong><\/h3>\n<p data-start=\"1389\" data-end=\"1814\">Realizzati in acciaio inossidabile di alta qualit\u00e0, questi <a href=\"https:\/\/nhkmachineryparts.com\/it\/product-line\/stainless-steel-solid-base-feet\/\" data-internallinksmanager029f6b8e52c=\"17\" title=\"Piedini di livellamento della macchina con piastra di base solida\">piedini igienici livellatori<\/a> offrono un&#039;eccellente resistenza alla corrosione, anche in ambienti difficili. Questa durevolezza assicura una lunga durata di servizio, riducendo la necessit\u00e0 di frequenti sostituzioni e contribuendo al risparmio complessivo sui costi. La loro costruzione robusta li rende adatti per macchinari pesanti e applicazioni ad alto carico.<\/p>\n<h3 data-start=\"1816\" data-end=\"2182\"><strong data-start=\"1816\" data-end=\"1857\">Installazione e manutenzione facili<\/strong><\/h3>\n<p data-start=\"1816\" data-end=\"2182\"><a href=\"https:\/\/nhkmachineryparts.com\/it\/product-line\/stainless-steel-solid-base-feet\/\" data-internallinksmanager029f6b8e52c=\"17\" title=\"Piedini di livellamento della macchina con piastra di base solida\">Piedini livellatori igienici<\/a> sono progettati per un&#039;installazione rapida e semplice, con impostazioni di altezza regolabili che consentono un livellamento preciso su superfici irregolari. La piastra di bloccaggio del pavimento assicura una tenuta sicura, mentre il mandrino protetto riduce al minimo i requisiti di manutenzione, promuovendo l&#039;efficienza operativa e riducendo al minimo i tempi di fermo.<\/p>\n<h3 data-start=\"2184\" data-end=\"2417\">Ottieni precisione e garantisci pulizia<\/h3>\n<p data-start=\"2184\" data-end=\"2417\" data-is-last-node=\"\" data-is-only-node=\"\">Scopri i vantaggi di <a href=\"https:\/\/nhkmachineryparts.com\/it\/product-line\/stainless-steel-solid-base-feet\/\" data-internallinksmanager029f6b8e52c=\"17\" title=\"Piedini di livellamento della macchina con piastra di base solida\">piedini igienici livellatori<\/a> con piastra di bloccaggio a pavimento e mandrino protetto, progettato per stabilit\u00e0, pulizia e durata nella lavorazione alimentare, farmaceutica e biotecnologica <a href=\"https:\/\/nhkmachineryparts.com\/it\/our-industries\/\" data-internallinksmanager029f6b8e52c=\"4\" title=\"Le nostre industrie\">industrie<\/a>.<\/p>\n\n\t\t<\/div>\n\t<\/div>\n<\/div><\/div><\/div><\/div><\/div><\/section>","protected":false},"excerpt":{"rendered":"Maximize Stability and Boost Operational Efficiency Levelling feet in hygienic design with rubber base for vibration reduction and anti-slip properties Our hygienic levelling feet are provided with FDA certificate (FDA CFR 21 177 2600) with unique batch ID number for food safety traceability Try our product selector Levelling feet in hygienic design features and advantages [...]","protected":false},"featured_media":8506,"template":"","meta":[],"product_brand":[],"product_cat":[18],"product_tag":[],"class_list":{"0":"post-12775","1":"product","2":"type-product","3":"status-publish","4":"has-post-thumbnail","6":"product_cat-stainless-steel-machine-levelling-feet","8":"first","9":"instock","10":"shipping-taxable","11":"product-type-simple"},"yoast_head":"<!-- This site is optimized with the Yoast SEO plugin v27.3 - https:\/\/yoast.com\/product\/yoast-seo-wordpress\/ -->\n<title>Hygienic levelling feet with floor lock plate\u00a0and protected spindle | NHK Machinery Parts<\/title>\n<meta name=\"description\" content=\"Ensure your machinery remains steady and easy to maintain with stainless steel levelling feet engineered for optimal hygiene and long-lasting performance.\" \/>\n<meta name=\"robots\" content=\"index, follow, max-snippet:-1, max-image-preview:large, max-video-preview:-1\" \/>\n<link rel=\"canonical\" href=\"https:\/\/nhkmachineryparts.com\/it\/prodotto\/piedini-di-livellamento-igienici-con-piastra-di-bloccaggio-a-pavimento-e-mandrino-protetto\/\" \/>\n<meta property=\"og:locale\" content=\"it_IT\" \/>\n<meta property=\"og:type\" content=\"article\" \/>\n<meta property=\"og:title\" content=\"Hygienic levelling feet with floor lock plate\u00a0and protected spindle | NHK Machinery Parts\" \/>\n<meta property=\"og:description\" content=\"Ensure your machinery remains steady and easy to maintain with stainless steel levelling feet engineered for optimal hygiene and long-lasting performance.\" \/>\n<meta property=\"og:url\" content=\"https:\/\/nhkmachineryparts.com\/it\/prodotto\/piedini-di-livellamento-igienici-con-piastra-di-bloccaggio-a-pavimento-e-mandrino-protetto\/\" \/>\n<meta property=\"og:site_name\" content=\"NHK Machinery Parts\" \/>\n<meta property=\"article:publisher\" content=\"https:\/\/www.facebook.com\/NHK.Group.aps\" \/>\n<meta property=\"article:modified_time\" content=\"2026-02-23T11:36:32+00:00\" \/>\n<meta property=\"og:image\" content=\"https:\/\/nhkmachineryparts.com\/wp-content\/uploads\/2023\/01\/Levelling-feet-in-extra-hygienic-design-EHLF-with-floor-lock-plate-and-spindle-with-protecting-sleeve.jpg\" \/>\n\t<meta property=\"og:image:width\" content=\"1000\" \/>\n\t<meta property=\"og:image:height\" content=\"1000\" \/>\n\t<meta property=\"og:image:type\" content=\"image\/jpeg\" \/>\n<meta name=\"twitter:card\" content=\"summary_large_image\" \/>\n<meta name=\"twitter:label1\" content=\"Tempo di lettura stimato\" \/>\n\t<meta name=\"twitter:data1\" content=\"4 minuti\" \/>\n<script type=\"application\/ld+json\" class=\"yoast-schema-graph\">{\"@context\":\"https:\\\/\\\/schema.org\",\"@graph\":[{\"@type\":\"WebPage\",\"@id\":\"https:\\\/\\\/nhkmachineryparts.com\\\/product\\\/hygienic-levelling-feet-with-floor-lock-plate-and-protected-spindle\\\/\",\"url\":\"https:\\\/\\\/nhkmachineryparts.com\\\/product\\\/hygienic-levelling-feet-with-floor-lock-plate-and-protected-spindle\\\/\",\"name\":\"Hygienic levelling feet with floor lock plate\u00a0and protected spindle | NHK Machinery Parts\",\"isPartOf\":{\"@id\":\"https:\\\/\\\/nhkmachineryparts.com\\\/#website\"},\"primaryImageOfPage\":{\"@id\":\"https:\\\/\\\/nhkmachineryparts.com\\\/product\\\/hygienic-levelling-feet-with-floor-lock-plate-and-protected-spindle\\\/#primaryimage\"},\"image\":{\"@id\":\"https:\\\/\\\/nhkmachineryparts.com\\\/product\\\/hygienic-levelling-feet-with-floor-lock-plate-and-protected-spindle\\\/#primaryimage\"},\"thumbnailUrl\":\"https:\\\/\\\/nhkmachineryparts.com\\\/wp-content\\\/uploads\\\/2023\\\/01\\\/Levelling-feet-in-extra-hygienic-design-EHLF-with-floor-lock-plate-and-spindle-with-protecting-sleeve.jpg\",\"datePublished\":\"2024-11-09T20:26:23+00:00\",\"dateModified\":\"2026-02-23T11:36:32+00:00\",\"description\":\"Ensure your machinery remains steady and easy to maintain with stainless steel levelling feet engineered for optimal hygiene and long-lasting performance.\",\"breadcrumb\":{\"@id\":\"https:\\\/\\\/nhkmachineryparts.com\\\/product\\\/hygienic-levelling-feet-with-floor-lock-plate-and-protected-spindle\\\/#breadcrumb\"},\"inLanguage\":\"it-IT\",\"potentialAction\":[{\"@type\":\"ReadAction\",\"target\":[\"https:\\\/\\\/nhkmachineryparts.com\\\/product\\\/hygienic-levelling-feet-with-floor-lock-plate-and-protected-spindle\\\/\"]}]},{\"@type\":\"ImageObject\",\"inLanguage\":\"it-IT\",\"@id\":\"https:\\\/\\\/nhkmachineryparts.com\\\/product\\\/hygienic-levelling-feet-with-floor-lock-plate-and-protected-spindle\\\/#primaryimage\",\"url\":\"https:\\\/\\\/nhkmachineryparts.com\\\/wp-content\\\/uploads\\\/2023\\\/01\\\/Levelling-feet-in-extra-hygienic-design-EHLF-with-floor-lock-plate-and-spindle-with-protecting-sleeve.jpg\",\"contentUrl\":\"https:\\\/\\\/nhkmachineryparts.com\\\/wp-content\\\/uploads\\\/2023\\\/01\\\/Levelling-feet-in-extra-hygienic-design-EHLF-with-floor-lock-plate-and-spindle-with-protecting-sleeve.jpg\",\"width\":1000,\"height\":1000,\"caption\":\"Levelling feet in hygienic design with floor lock plate and protected spindle\"},{\"@type\":\"BreadcrumbList\",\"@id\":\"https:\\\/\\\/nhkmachineryparts.com\\\/product\\\/hygienic-levelling-feet-with-floor-lock-plate-and-protected-spindle\\\/#breadcrumb\",\"itemListElement\":[{\"@type\":\"ListItem\",\"position\":1,\"name\":\"Home\",\"item\":\"https:\\\/\\\/nhkmachineryparts.com\\\/\"},{\"@type\":\"ListItem\",\"position\":2,\"name\":\"Product line\",\"item\":\"https:\\\/\\\/nhkmachineryparts.com\\\/product-line\\\/\"},{\"@type\":\"ListItem\",\"position\":3,\"name\":\"Industrial machine leveling feet in stainless steel\",\"item\":\"https:\\\/\\\/nhkmachineryparts.com\\\/product-line\\\/stainless-steel-machine-levelling-feet\\\/\"},{\"@type\":\"ListItem\",\"position\":4,\"name\":\"Hygienic levelling feet with floor lock plate\u00a0and protected spindle\"}]},{\"@type\":\"WebSite\",\"@id\":\"https:\\\/\\\/nhkmachineryparts.com\\\/#website\",\"url\":\"https:\\\/\\\/nhkmachineryparts.com\\\/\",\"name\":\"NHK Machinery Parts\",\"description\":\"Bearing Houses, seismic levelling feet and levelling castors\",\"publisher\":{\"@id\":\"https:\\\/\\\/nhkmachineryparts.com\\\/#organization\"},\"potentialAction\":[{\"@type\":\"SearchAction\",\"target\":{\"@type\":\"EntryPoint\",\"urlTemplate\":\"https:\\\/\\\/nhkmachineryparts.com\\\/?s={search_term_string}\"},\"query-input\":{\"@type\":\"PropertyValueSpecification\",\"valueRequired\":true,\"valueName\":\"search_term_string\"}}],\"inLanguage\":\"it-IT\"},{\"@type\":\"Organization\",\"@id\":\"https:\\\/\\\/nhkmachineryparts.com\\\/#organization\",\"name\":\"Nhk Group ApS\",\"url\":\"https:\\\/\\\/nhkmachineryparts.com\\\/\",\"logo\":{\"@type\":\"ImageObject\",\"inLanguage\":\"it-IT\",\"@id\":\"https:\\\/\\\/nhkmachineryparts.com\\\/#\\\/schema\\\/logo\\\/image\\\/\",\"url\":\"https:\\\/\\\/nhkmachineryparts.com\\\/wp-content\\\/uploads\\\/2022\\\/09\\\/NHKgroup_social.jpg\",\"contentUrl\":\"https:\\\/\\\/nhkmachineryparts.com\\\/wp-content\\\/uploads\\\/2022\\\/09\\\/NHKgroup_social.jpg\",\"width\":1200,\"height\":630,\"caption\":\"Nhk Group ApS\"},\"image\":{\"@id\":\"https:\\\/\\\/nhkmachineryparts.com\\\/#\\\/schema\\\/logo\\\/image\\\/\"},\"sameAs\":[\"https:\\\/\\\/www.facebook.com\\\/NHK.Group.aps\"]}]}<\/script>\n<!-- \/ Yoast SEO plugin. -->","yoast_head_json":{"title":"Piedini di livellamento igienici con piastra di bloccaggio a pavimento e mandrino protetto | NHK Machinery Parts","description":"Garantisci che i tuoi macchinari rimangano stabili e facili da manutenere con i piedini di livellamento in acciaio inossidabile progettati per un&#039;igiene ottimale e prestazioni durature.","robots":{"index":"index","follow":"follow","max-snippet":"max-snippet:-1","max-image-preview":"max-image-preview:large","max-video-preview":"max-video-preview:-1"},"canonical":"https:\/\/nhkmachineryparts.com\/it\/prodotto\/piedini-di-livellamento-igienici-con-piastra-di-bloccaggio-a-pavimento-e-mandrino-protetto\/","og_locale":"it_IT","og_type":"article","og_title":"Hygienic levelling feet with floor lock plate\u00a0and protected spindle | NHK Machinery Parts","og_description":"Ensure your machinery remains steady and easy to maintain with stainless steel levelling feet engineered for optimal hygiene and long-lasting performance.","og_url":"https:\/\/nhkmachineryparts.com\/it\/prodotto\/piedini-di-livellamento-igienici-con-piastra-di-bloccaggio-a-pavimento-e-mandrino-protetto\/","og_site_name":"NHK Machinery Parts","article_publisher":"https:\/\/www.facebook.com\/NHK.Group.aps","article_modified_time":"2026-02-23T11:36:32+00:00","og_image":[{"width":1000,"height":1000,"url":"https:\/\/nhkmachineryparts.com\/wp-content\/uploads\/2023\/01\/Levelling-feet-in-extra-hygienic-design-EHLF-with-floor-lock-plate-and-spindle-with-protecting-sleeve.jpg","type":"image\/jpeg"}],"twitter_card":"summary_large_image","twitter_misc":{"Tempo di lettura stimato":"4 minuti"},"schema":{"@context":"https:\/\/schema.org","@graph":[{"@type":"WebPage","@id":"https:\/\/nhkmachineryparts.com\/product\/hygienic-levelling-feet-with-floor-lock-plate-and-protected-spindle\/","url":"https:\/\/nhkmachineryparts.com\/product\/hygienic-levelling-feet-with-floor-lock-plate-and-protected-spindle\/","name":"Piedini di livellamento igienici con piastra di bloccaggio a pavimento e mandrino protetto | NHK Machinery Parts","isPartOf":{"@id":"https:\/\/nhkmachineryparts.com\/#website"},"primaryImageOfPage":{"@id":"https:\/\/nhkmachineryparts.com\/product\/hygienic-levelling-feet-with-floor-lock-plate-and-protected-spindle\/#primaryimage"},"image":{"@id":"https:\/\/nhkmachineryparts.com\/product\/hygienic-levelling-feet-with-floor-lock-plate-and-protected-spindle\/#primaryimage"},"thumbnailUrl":"https:\/\/nhkmachineryparts.com\/wp-content\/uploads\/2023\/01\/Levelling-feet-in-extra-hygienic-design-EHLF-with-floor-lock-plate-and-spindle-with-protecting-sleeve.jpg","datePublished":"2024-11-09T20:26:23+00:00","dateModified":"2026-02-23T11:36:32+00:00","description":"Garantisci che i tuoi macchinari rimangano stabili e facili da manutenere con i piedini di livellamento in acciaio inossidabile progettati per un&#039;igiene ottimale e prestazioni durature.","breadcrumb":{"@id":"https:\/\/nhkmachineryparts.com\/product\/hygienic-levelling-feet-with-floor-lock-plate-and-protected-spindle\/#breadcrumb"},"inLanguage":"it-IT","potentialAction":[{"@type":"ReadAction","target":["https:\/\/nhkmachineryparts.com\/product\/hygienic-levelling-feet-with-floor-lock-plate-and-protected-spindle\/"]}]},{"@type":"ImageObject","inLanguage":"it-IT","@id":"https:\/\/nhkmachineryparts.com\/product\/hygienic-levelling-feet-with-floor-lock-plate-and-protected-spindle\/#primaryimage","url":"https:\/\/nhkmachineryparts.com\/wp-content\/uploads\/2023\/01\/Levelling-feet-in-extra-hygienic-design-EHLF-with-floor-lock-plate-and-spindle-with-protecting-sleeve.jpg","contentUrl":"https:\/\/nhkmachineryparts.com\/wp-content\/uploads\/2023\/01\/Levelling-feet-in-extra-hygienic-design-EHLF-with-floor-lock-plate-and-spindle-with-protecting-sleeve.jpg","width":1000,"height":1000,"caption":"Levelling feet in hygienic design with floor lock plate and protected spindle"},{"@type":"BreadcrumbList","@id":"https:\/\/nhkmachineryparts.com\/product\/hygienic-levelling-feet-with-floor-lock-plate-and-protected-spindle\/#breadcrumb","itemListElement":[{"@type":"ListItem","position":1,"name":"Home","item":"https:\/\/nhkmachineryparts.com\/"},{"@type":"ListItem","position":2,"name":"Product line","item":"https:\/\/nhkmachineryparts.com\/product-line\/"},{"@type":"ListItem","position":3,"name":"Industrial machine leveling feet in stainless steel","item":"https:\/\/nhkmachineryparts.com\/product-line\/stainless-steel-machine-levelling-feet\/"},{"@type":"ListItem","position":4,"name":"Hygienic levelling feet with floor lock plate\u00a0and protected spindle"}]},{"@type":"WebSite","@id":"https:\/\/nhkmachineryparts.com\/#website","url":"https:\/\/nhkmachineryparts.com\/","name":"Parti di macchinari NHK","description":"Case Portanti, piedi livellatori sismici e ruote livellatrici","publisher":{"@id":"https:\/\/nhkmachineryparts.com\/#organization"},"potentialAction":[{"@type":"SearchAction","target":{"@type":"EntryPoint","urlTemplate":"https:\/\/nhkmachineryparts.com\/?s={search_term_string}"},"query-input":{"@type":"PropertyValueSpecification","valueRequired":true,"valueName":"search_term_string"}}],"inLanguage":"it-IT"},{"@type":"Organization","@id":"https:\/\/nhkmachineryparts.com\/#organization","name":"Gruppo Nhk ApS","url":"https:\/\/nhkmachineryparts.com\/","logo":{"@type":"ImageObject","inLanguage":"it-IT","@id":"https:\/\/nhkmachineryparts.com\/#\/schema\/logo\/image\/","url":"https:\/\/nhkmachineryparts.com\/wp-content\/uploads\/2022\/09\/NHKgroup_social.jpg","contentUrl":"https:\/\/nhkmachineryparts.com\/wp-content\/uploads\/2022\/09\/NHKgroup_social.jpg","width":1200,"height":630,"caption":"Nhk Group ApS"},"image":{"@id":"https:\/\/nhkmachineryparts.com\/#\/schema\/logo\/image\/"},"sameAs":["https:\/\/www.facebook.com\/NHK.Group.aps"]}]}},"_links":{"self":[{"href":"https:\/\/nhkmachineryparts.com\/it\/wp-json\/wp\/v2\/product\/12775","targetHints":{"allow":["GET"]}}],"collection":[{"href":"https:\/\/nhkmachineryparts.com\/it\/wp-json\/wp\/v2\/product"}],"about":[{"href":"https:\/\/nhkmachineryparts.com\/it\/wp-json\/wp\/v2\/types\/product"}],"wp:featuredmedia":[{"embeddable":true,"href":"https:\/\/nhkmachineryparts.com\/it\/wp-json\/wp\/v2\/media\/8506"}],"wp:attachment":[{"href":"https:\/\/nhkmachineryparts.com\/it\/wp-json\/wp\/v2\/media?parent=12775"}],"wp:term":[{"taxonomy":"product_brand","embeddable":true,"href":"https:\/\/nhkmachineryparts.com\/it\/wp-json\/wp\/v2\/product_brand?post=12775"},{"taxonomy":"product_cat","embeddable":true,"href":"https:\/\/nhkmachineryparts.com\/it\/wp-json\/wp\/v2\/product_cat?post=12775"},{"taxonomy":"product_tag","embeddable":true,"href":"https:\/\/nhkmachineryparts.com\/it\/wp-json\/wp\/v2\/product_tag?post=12775"}],"curies":[{"name":"scrivere","href":"https:\/\/api.w.org\/{rel}","templated":true}]}}