{"id":8149,"date":"2024-01-13T17:38:03","date_gmt":"2024-01-13T15:38:03","guid":{"rendered":"https:\/\/nhkmachineryparts.com\/?post_type=product&#038;p=8149"},"modified":"2026-02-23T13:45:53","modified_gmt":"2026-02-23T11:45:53","slug":"pieds-de-nivellement-avec-plaque-de-base-bleue-en-version-hygienique-avec-trous-de-fixation-au-sol-pf","status":"publish","type":"product","link":"https:\/\/nhkmachineryparts.com\/fr\/product\/leveling-feet-with-blue-base-plate-in-hygienic-design-with-floor-fixing-holes-pf\/","title":{"rendered":"Pieds r\u00e9glables avec plaque de base bleue et trous de fixation au sol"},"content":{"rendered":"<section class=\"vc_row vc_custom_1662993827263 liquid-row-shadowbox-69d3b253dd3e3 vc_column-gap-0\"><div class=\"ld-container container\"><div class=\"row ld-row ld-row-outer\"><div class=\"wpb_column vc_column_container vc_col-sm-12 liquid-column-69d3b253dd5a1\"><div class=\"vc_column-inner\" ><div class=\"wpb_wrapper\"  >\n\t<div class=\"wpb_text_column wpb_content_element\" >\n\t\t<div class=\"wpb_wrapper\">\n\t\t\t<h2 data-start=\"171\" data-end=\"265\">Essentiel pour l&#039;hygi\u00e8ne et la stabilit\u00e9<\/h2>\n<p data-start=\"267\" data-end=\"579\">Dans <a href=\"https:\/\/nhkmachineryparts.com\/fr\/our-industries\/\" data-internallinksmanager029f6b8e52c=\"4\" title=\"Nos secteurs\">les industries<\/a> Comme dans la transformation des aliments, les produits pharmaceutiques et la biotechnologie, le maintien de l\u2019hygi\u00e8ne et de la stabilit\u00e9 est essentiel. <a href=\"https:\/\/nhkmachineryparts.com\/fr\/gamme-de-produits\/pieds-en-acier-inoxydable-ehedg-au-design-hygienique\/\" data-internallinksmanager029f6b8e52c=\"15\" title=\"Pieds r\u00e9glables\">Pieds r\u00e9glables<\/a> avec un <strong data-start=\"409\" data-end=\"428\">plaque de base bleue<\/strong> dans la conception hygi\u00e9nique et <strong data-start=\"452\" data-end=\"474\">trous de fixation au sol<\/strong> sont des composants essentiels pour garantir que les machines restent stables et propres dans des environnements \u00e0 normes \u00e9lev\u00e9es.<\/p>\n<h2 data-start=\"581\" data-end=\"636\">Pourquoi les pieds r\u00e9glables avec plaque de base bleue sont essentiels<\/h2>\n<p data-start=\"638\" data-end=\"1054\">Les pieds r\u00e9glables sont con\u00e7us pour stabiliser les machines en permettant des r\u00e9glages de hauteur. <strong data-start=\"726\" data-end=\"745\">plaque de base bleue<\/strong> Le bleu ajoute non seulement une couleur distincte et visible pour la d\u00e9tection de la contamination, mais assure \u00e9galement un nettoyage facile, ce qui le rend id\u00e9al pour les environnements hygi\u00e9niques. La couleur bleue est largement utilis\u00e9e dans l&#039;industrie alimentaire car elle offre une meilleure tra\u00e7abilit\u00e9 en cas de contamination et est plus facile \u00e0 rep\u00e9rer lors des processus de nettoyage.<\/p>\n<p data-start=\"1056\" data-end=\"1334\">Le <strong data-start=\"1060\" data-end=\"1079\">conception hygi\u00e9nique<\/strong> Ces pieds assurent des surfaces lisses, emp\u00eachant l&#039;accumulation de salet\u00e9, de bact\u00e9ries ou d&#039;autres contaminants. Les mat\u00e9riaux utilis\u00e9s sont r\u00e9sistants \u00e0 la corrosion, ce qui les rend durables et r\u00e9sistants m\u00eame lorsqu&#039;ils sont expos\u00e9s \u00e0 des agents de nettoyage agressifs et \u00e0 des lavages r\u00e9p\u00e9t\u00e9s.<\/p>\n<h2 data-start=\"1336\" data-end=\"1380\">Trous de fixation au sol pour une stabilit\u00e9 accrue<\/h2>\n<p data-start=\"1382\" data-end=\"1708\">Le <strong data-start=\"1386\" data-end=\"1408\">trous de fixation au sol<\/strong> Les pieds r\u00e9glables offrent un niveau de s\u00e9curit\u00e9 suppl\u00e9mentaire en permettant de les fixer au sol. Cela emp\u00eache les machines de bouger ou de vaciller pendant le fonctionnement, ce qui am\u00e9liore la stabilit\u00e9 et r\u00e9duit les vibrations. Dans les industries o\u00f9 la pr\u00e9cision et la s\u00e9curit\u00e9 sont primordiales, une telle stabilit\u00e9 est vitale.<\/p>\n<p data-start=\"1710\" data-end=\"2097\">Ces caract\u00e9ristiques combin\u00e9es (conception hygi\u00e9nique, plaque de base bleue et trous de fixation au sol) rendent les pieds r\u00e9glables indispensables pour les machines des industries agroalimentaires, pharmaceutiques et biotechnologiques. Leur r\u00e9glage facile, leur durabilit\u00e9 et leurs qualit\u00e9s hygi\u00e9niques garantissent que les machines restent dans un \u00e9tat optimal pour des op\u00e9rations de haute performance tout en respectant des exigences sanitaires strictes.<\/p>\n<h2>Pieds r\u00e9glables avec plaque de base bleue et trous de fixation au sol<\/h2>\n<p>Plaque en caoutchouc pour pieds r\u00e9glables avec certificat FDA selon FDA CFR 21 177 2600.<\/p>\n<p>Description du mat\u00e9riau de la plaque de base\u00a0:<br \/>\nPolyac\u00e9tals de qualit\u00e9 alimentaire PA6+30<\/p>\n<p>Description du mat\u00e9riau de la broche\u00a0:<br \/>\nAcier inoxydable A2-70 ou A4-70<\/p>\n<p>Description du mat\u00e9riau de base en caoutchouc\u00a0:<br \/>\nCaoutchouc NBR (caoutchouc nitrile CAS n\u00b0 9005-98-5)<br \/>\nCertificat FDA selon FDA CFR 21 177 2600<\/p>\n<p>Tous les mat\u00e9riaux sont tr\u00e8s r\u00e9sistants aux produits chimiques et aux produits de nettoyage couramment utilis\u00e9s, ainsi qu&#039;aux huiles et graisses r\u00e9sistantes.<\/p>\n<h2>Tailles disponibles<\/h2>\n<p>Les bases de pieds r\u00e9glables sont disponibles dans une large gamme, offrant une flexibilit\u00e9 et un choix optimaux.<\/p>\n<div class=\"dcf-overflow-x-auto\" tabindex=\"0\">\n<table class=\"dcf-table dcf-table-bordered dcf-w-100%\">\n<thead>\n<tr>\n<th scope=\"col\">Taille de la base<\/th>\n<th scope=\"col\">Diam\u00e8tre de la base D<\/th>\n<\/tr>\n<\/thead>\n<tbody>\n<tr>\n<td data-label=\"PF Base Size\">PFB79<\/td>\n<td data-label=\"Base Diameter D\">80 millim\u00e8tres<\/td>\n<\/tr>\n<tr>\n<td data-label=\"PF Base Size\">PFB99<\/td>\n<td data-label=\"Base Diameter D\">100 millim\u00e8tres<\/td>\n<\/tr>\n<tr>\n<td data-label=\"PF Base Size\">PFB125<\/td>\n<td data-label=\"Base Diameter D\">125 millim\u00e8tres<\/td>\n<\/tr>\n<\/tbody>\n<\/table>\n<\/div>\n<p>Pour un autre diam\u00e8tre de base D, veuillez nous contacter.<br \/>\nLa charge nominale d\u00e9pend des filetages de la broche.<\/p>\n<p>Les pieds r\u00e9glables sont disponibles dans une large gamme, offrant une flexibilit\u00e9 et un choix optimaux.<\/p>\n<div class=\"dcf-overflow-x-auto\" tabindex=\"0\">\n<table class=\"dcf-table dcf-table-bordered dcf-w-100%\">\n<caption>Filetages de broche PFB<\/caption>\n<thead>\n<tr>\n<td>M8<\/td>\n<td>M10<\/td>\n<td>M12<\/td>\n<td>M16<\/td>\n<td>M20<\/td>\n<td>M24<\/td>\n<\/tr>\n<\/thead>\n<\/table>\n<\/div>\n<p>Broche enti\u00e8rement filet\u00e9e<\/p>\n<div class=\"dcf-overflow-x-auto\" tabindex=\"0\">\n<table class=\"dcf-table dcf-table-bordered dcf-w-100%\">\n<caption>Longueur de broche PFB (L)<\/caption>\n<tbody>\n<tr>\n<td>50mm<\/td>\n<td>70mm<\/td>\n<td>100mm<\/td>\n<td>120mm<\/td>\n<td>150mm<\/td>\n<td>180mm<\/td>\n<td>200 mm<\/td>\n<\/tr>\n<\/tbody>\n<\/table>\n<\/div>\n<p>Pour d&#039;autres longueurs de broche filet\u00e9e (L), veuillez nous contacter<br \/>\nLes filetages en pouces sont disponibles sur demande<br \/>\nLe filetage peut \u00e9galement \u00eatre personnalis\u00e9 selon demande sp\u00e9cifique, ex filetage trap\u00e8ze etc.<\/p>\n<h2>Commande de pieds r\u00e9glables avec plaque de base bleue et trous de fixation au sol<\/h2>\n<p>Exemple de num\u00e9ro de commande : PFB79-M16-L150-B15<\/p>\n<p>Pour les commandes importantes, nous proposons de fournir la base et les broches s\u00e9par\u00e9ment<br \/>\nL&#039;avantage est la flexibilit\u00e9 pour le client qui utilise de nombreuses tailles de broches diff\u00e9rentes.<\/p>\n<p><a href=\"https:\/\/nhkmachineryparts.com\/fr\/gamme-de-produits\/categorie\/stainless-feet-in-hygienic-design\/\">D\u00e9couvrez \u00e9galement nos autres pieds en acier inoxydable au design hygi\u00e9nique<\/a><\/p>\n\n\t\t<\/div>\n\t<\/div>\n<\/div><\/div><\/div><\/div><\/div><\/section>","protected":false},"excerpt":{"rendered":"Essential for Hygiene and Stability In industries like food processing, pharmaceuticals, and biotechnology, maintaining hygiene and stability is critical. Adjustable feet with a blue base plate in hygienic design and floor-fixing holes are essential components for ensuring machinery remains stable and clean in high-standards environments. Why Adjustable Feet with Blue Base Plate Are Crucial Adjustable [...]","protected":false},"featured_media":8520,"template":"","meta":[],"product_brand":[],"product_cat":[97,132],"product_tag":[],"class_list":{"0":"post-8149","1":"product","2":"type-product","3":"status-publish","4":"has-post-thumbnail","6":"product_cat-adjustable-feet-with-blue-base-plate-in-hygienic-design","7":"product_cat-machinery-components","9":"first","10":"instock","11":"shipping-taxable","12":"product-type-simple"},"yoast_head":"<!-- This site is optimized with the Yoast SEO plugin v27.3 - https:\/\/yoast.com\/product\/yoast-seo-wordpress\/ -->\n<title>Adjustable feet with blue base plate and floor fixing holes | NHK Machinery Parts<\/title>\n<meta name=\"description\" content=\"Adjustable feet with blue base plate, floor fixing holes, applied rubber pad for vibration reduction, rounded design which makes it easy to clean\" \/>\n<meta name=\"robots\" content=\"index, follow, max-snippet:-1, max-image-preview:large, max-video-preview:-1\" \/>\n<link rel=\"canonical\" href=\"https:\/\/nhkmachineryparts.com\/fr\/produit\/pieds-de-nivellement-avec-plaque-de-base-bleue-en-version-hygienique-avec-trous-de-fixation-au-sol-pf\/\" \/>\n<meta property=\"og:locale\" content=\"fr_FR\" \/>\n<meta property=\"og:type\" content=\"article\" \/>\n<meta property=\"og:title\" content=\"Adjustable feet with blue base plate and floor fixing holes | NHK Machinery Parts\" \/>\n<meta property=\"og:description\" content=\"Adjustable feet with blue base plate, floor fixing holes, applied rubber pad for vibration reduction, rounded design which makes it easy to clean\" \/>\n<meta property=\"og:url\" content=\"https:\/\/nhkmachineryparts.com\/fr\/produit\/pieds-de-nivellement-avec-plaque-de-base-bleue-en-version-hygienique-avec-trous-de-fixation-au-sol-pf\/\" \/>\n<meta property=\"og:site_name\" content=\"NHK Machinery Parts\" \/>\n<meta property=\"article:publisher\" content=\"https:\/\/www.facebook.com\/NHK.Group.aps\" \/>\n<meta property=\"article:modified_time\" content=\"2026-02-23T11:45:53+00:00\" \/>\n<meta property=\"og:image\" content=\"https:\/\/nhkmachineryparts.com\/wp-content\/uploads\/2024\/01\/Leveling-feet-with-blue-base-plate-in-hygienic-design-with-floor-fixing-holes-PF.jpg\" \/>\n\t<meta property=\"og:image:width\" content=\"1000\" \/>\n\t<meta property=\"og:image:height\" content=\"1000\" \/>\n\t<meta property=\"og:image:type\" content=\"image\/jpeg\" \/>\n<meta name=\"twitter:card\" content=\"summary_large_image\" \/>\n<meta name=\"twitter:label1\" content=\"Dur\u00e9e de lecture estim\u00e9e\" \/>\n\t<meta name=\"twitter:data1\" content=\"3 minutes\" \/>\n<script type=\"application\/ld+json\" class=\"yoast-schema-graph\">{\"@context\":\"https:\\\/\\\/schema.org\",\"@graph\":[{\"@type\":\"WebPage\",\"@id\":\"https:\\\/\\\/nhkmachineryparts.com\\\/product\\\/leveling-feet-with-blue-base-plate-in-hygienic-design-with-floor-fixing-holes-pf\\\/\",\"url\":\"https:\\\/\\\/nhkmachineryparts.com\\\/product\\\/leveling-feet-with-blue-base-plate-in-hygienic-design-with-floor-fixing-holes-pf\\\/\",\"name\":\"Adjustable feet with blue base plate and floor fixing holes | NHK Machinery Parts\",\"isPartOf\":{\"@id\":\"https:\\\/\\\/nhkmachineryparts.com\\\/#website\"},\"primaryImageOfPage\":{\"@id\":\"https:\\\/\\\/nhkmachineryparts.com\\\/product\\\/leveling-feet-with-blue-base-plate-in-hygienic-design-with-floor-fixing-holes-pf\\\/#primaryimage\"},\"image\":{\"@id\":\"https:\\\/\\\/nhkmachineryparts.com\\\/product\\\/leveling-feet-with-blue-base-plate-in-hygienic-design-with-floor-fixing-holes-pf\\\/#primaryimage\"},\"thumbnailUrl\":\"https:\\\/\\\/nhkmachineryparts.com\\\/wp-content\\\/uploads\\\/2024\\\/01\\\/Leveling-feet-with-blue-base-plate-in-hygienic-design-with-floor-fixing-holes-PF.jpg\",\"datePublished\":\"2024-01-13T15:38:03+00:00\",\"dateModified\":\"2026-02-23T11:45:53+00:00\",\"description\":\"Adjustable feet with blue base plate, floor fixing holes, applied rubber pad for vibration reduction, rounded design which makes it easy to clean\",\"breadcrumb\":{\"@id\":\"https:\\\/\\\/nhkmachineryparts.com\\\/product\\\/leveling-feet-with-blue-base-plate-in-hygienic-design-with-floor-fixing-holes-pf\\\/#breadcrumb\"},\"inLanguage\":\"fr-FR\",\"potentialAction\":[{\"@type\":\"ReadAction\",\"target\":[\"https:\\\/\\\/nhkmachineryparts.com\\\/product\\\/leveling-feet-with-blue-base-plate-in-hygienic-design-with-floor-fixing-holes-pf\\\/\"]}]},{\"@type\":\"ImageObject\",\"inLanguage\":\"fr-FR\",\"@id\":\"https:\\\/\\\/nhkmachineryparts.com\\\/product\\\/leveling-feet-with-blue-base-plate-in-hygienic-design-with-floor-fixing-holes-pf\\\/#primaryimage\",\"url\":\"https:\\\/\\\/nhkmachineryparts.com\\\/wp-content\\\/uploads\\\/2024\\\/01\\\/Leveling-feet-with-blue-base-plate-in-hygienic-design-with-floor-fixing-holes-PF.jpg\",\"contentUrl\":\"https:\\\/\\\/nhkmachineryparts.com\\\/wp-content\\\/uploads\\\/2024\\\/01\\\/Leveling-feet-with-blue-base-plate-in-hygienic-design-with-floor-fixing-holes-PF.jpg\",\"width\":1000,\"height\":1000,\"caption\":\"Leveling feet with blue base plate in hygienic design with floor fixing holes PF\"},{\"@type\":\"BreadcrumbList\",\"@id\":\"https:\\\/\\\/nhkmachineryparts.com\\\/product\\\/leveling-feet-with-blue-base-plate-in-hygienic-design-with-floor-fixing-holes-pf\\\/#breadcrumb\",\"itemListElement\":[{\"@type\":\"ListItem\",\"position\":1,\"name\":\"Home\",\"item\":\"https:\\\/\\\/nhkmachineryparts.com\\\/\"},{\"@type\":\"ListItem\",\"position\":2,\"name\":\"Product line\",\"item\":\"https:\\\/\\\/nhkmachineryparts.com\\\/product-line\\\/\"},{\"@type\":\"ListItem\",\"position\":3,\"name\":\"Adjustable feet with composite material base plate\",\"item\":\"https:\\\/\\\/nhkmachineryparts.com\\\/product-line\\\/adjustable-feet-with-blue-base-plate-in-hygienic-design\\\/\"},{\"@type\":\"ListItem\",\"position\":4,\"name\":\"Adjustable feet with blue base plate and floor fixing holes\"}]},{\"@type\":\"WebSite\",\"@id\":\"https:\\\/\\\/nhkmachineryparts.com\\\/#website\",\"url\":\"https:\\\/\\\/nhkmachineryparts.com\\\/\",\"name\":\"NHK Machinery Parts\",\"description\":\"Bearing Houses, seismic levelling feet and levelling castors\",\"publisher\":{\"@id\":\"https:\\\/\\\/nhkmachineryparts.com\\\/#organization\"},\"potentialAction\":[{\"@type\":\"SearchAction\",\"target\":{\"@type\":\"EntryPoint\",\"urlTemplate\":\"https:\\\/\\\/nhkmachineryparts.com\\\/?s={search_term_string}\"},\"query-input\":{\"@type\":\"PropertyValueSpecification\",\"valueRequired\":true,\"valueName\":\"search_term_string\"}}],\"inLanguage\":\"fr-FR\"},{\"@type\":\"Organization\",\"@id\":\"https:\\\/\\\/nhkmachineryparts.com\\\/#organization\",\"name\":\"Nhk Group ApS\",\"url\":\"https:\\\/\\\/nhkmachineryparts.com\\\/\",\"logo\":{\"@type\":\"ImageObject\",\"inLanguage\":\"fr-FR\",\"@id\":\"https:\\\/\\\/nhkmachineryparts.com\\\/#\\\/schema\\\/logo\\\/image\\\/\",\"url\":\"https:\\\/\\\/nhkmachineryparts.com\\\/wp-content\\\/uploads\\\/2022\\\/09\\\/NHKgroup_social.jpg\",\"contentUrl\":\"https:\\\/\\\/nhkmachineryparts.com\\\/wp-content\\\/uploads\\\/2022\\\/09\\\/NHKgroup_social.jpg\",\"width\":1200,\"height\":630,\"caption\":\"Nhk Group ApS\"},\"image\":{\"@id\":\"https:\\\/\\\/nhkmachineryparts.com\\\/#\\\/schema\\\/logo\\\/image\\\/\"},\"sameAs\":[\"https:\\\/\\\/www.facebook.com\\\/NHK.Group.aps\"]}]}<\/script>\n<!-- \/ Yoast SEO plugin. -->","yoast_head_json":{"title":"Pieds r\u00e9glables avec plaque de base bleue et trous de fixation au sol | Pi\u00e8ces de machines NHK","description":"Pieds r\u00e9glables avec plaque de base bleue, trous de fixation au sol, coussinet en caoutchouc appliqu\u00e9 pour r\u00e9duire les vibrations, conception arrondie qui facilite le nettoyage","robots":{"index":"index","follow":"follow","max-snippet":"max-snippet:-1","max-image-preview":"max-image-preview:large","max-video-preview":"max-video-preview:-1"},"canonical":"https:\/\/nhkmachineryparts.com\/fr\/produit\/pieds-de-nivellement-avec-plaque-de-base-bleue-en-version-hygienique-avec-trous-de-fixation-au-sol-pf\/","og_locale":"fr_FR","og_type":"article","og_title":"Adjustable feet with blue base plate and floor fixing holes | NHK Machinery Parts","og_description":"Adjustable feet with blue base plate, floor fixing holes, applied rubber pad for vibration reduction, rounded design which makes it easy to clean","og_url":"https:\/\/nhkmachineryparts.com\/fr\/produit\/pieds-de-nivellement-avec-plaque-de-base-bleue-en-version-hygienique-avec-trous-de-fixation-au-sol-pf\/","og_site_name":"NHK Machinery Parts","article_publisher":"https:\/\/www.facebook.com\/NHK.Group.aps","article_modified_time":"2026-02-23T11:45:53+00:00","og_image":[{"width":1000,"height":1000,"url":"https:\/\/nhkmachineryparts.com\/wp-content\/uploads\/2024\/01\/Leveling-feet-with-blue-base-plate-in-hygienic-design-with-floor-fixing-holes-PF.jpg","type":"image\/jpeg"}],"twitter_card":"summary_large_image","twitter_misc":{"Dur\u00e9e de lecture estim\u00e9e":"3 minutes"},"schema":{"@context":"https:\/\/schema.org","@graph":[{"@type":"WebPage","@id":"https:\/\/nhkmachineryparts.com\/product\/leveling-feet-with-blue-base-plate-in-hygienic-design-with-floor-fixing-holes-pf\/","url":"https:\/\/nhkmachineryparts.com\/product\/leveling-feet-with-blue-base-plate-in-hygienic-design-with-floor-fixing-holes-pf\/","name":"Pieds r\u00e9glables avec plaque de base bleue et trous de fixation au sol | Pi\u00e8ces de machines NHK","isPartOf":{"@id":"https:\/\/nhkmachineryparts.com\/#website"},"primaryImageOfPage":{"@id":"https:\/\/nhkmachineryparts.com\/product\/leveling-feet-with-blue-base-plate-in-hygienic-design-with-floor-fixing-holes-pf\/#primaryimage"},"image":{"@id":"https:\/\/nhkmachineryparts.com\/product\/leveling-feet-with-blue-base-plate-in-hygienic-design-with-floor-fixing-holes-pf\/#primaryimage"},"thumbnailUrl":"https:\/\/nhkmachineryparts.com\/wp-content\/uploads\/2024\/01\/Leveling-feet-with-blue-base-plate-in-hygienic-design-with-floor-fixing-holes-PF.jpg","datePublished":"2024-01-13T15:38:03+00:00","dateModified":"2026-02-23T11:45:53+00:00","description":"Pieds r\u00e9glables avec plaque de base bleue, trous de fixation au sol, coussinet en caoutchouc appliqu\u00e9 pour r\u00e9duire les vibrations, conception arrondie qui facilite le nettoyage","breadcrumb":{"@id":"https:\/\/nhkmachineryparts.com\/product\/leveling-feet-with-blue-base-plate-in-hygienic-design-with-floor-fixing-holes-pf\/#breadcrumb"},"inLanguage":"fr-FR","potentialAction":[{"@type":"ReadAction","target":["https:\/\/nhkmachineryparts.com\/product\/leveling-feet-with-blue-base-plate-in-hygienic-design-with-floor-fixing-holes-pf\/"]}]},{"@type":"ImageObject","inLanguage":"fr-FR","@id":"https:\/\/nhkmachineryparts.com\/product\/leveling-feet-with-blue-base-plate-in-hygienic-design-with-floor-fixing-holes-pf\/#primaryimage","url":"https:\/\/nhkmachineryparts.com\/wp-content\/uploads\/2024\/01\/Leveling-feet-with-blue-base-plate-in-hygienic-design-with-floor-fixing-holes-PF.jpg","contentUrl":"https:\/\/nhkmachineryparts.com\/wp-content\/uploads\/2024\/01\/Leveling-feet-with-blue-base-plate-in-hygienic-design-with-floor-fixing-holes-PF.jpg","width":1000,"height":1000,"caption":"Leveling feet with blue base plate in hygienic design with floor fixing holes PF"},{"@type":"BreadcrumbList","@id":"https:\/\/nhkmachineryparts.com\/product\/leveling-feet-with-blue-base-plate-in-hygienic-design-with-floor-fixing-holes-pf\/#breadcrumb","itemListElement":[{"@type":"ListItem","position":1,"name":"Home","item":"https:\/\/nhkmachineryparts.com\/"},{"@type":"ListItem","position":2,"name":"Product line","item":"https:\/\/nhkmachineryparts.com\/product-line\/"},{"@type":"ListItem","position":3,"name":"Adjustable feet with composite material base plate","item":"https:\/\/nhkmachineryparts.com\/product-line\/adjustable-feet-with-blue-base-plate-in-hygienic-design\/"},{"@type":"ListItem","position":4,"name":"Adjustable feet with blue base plate and floor fixing holes"}]},{"@type":"WebSite","@id":"https:\/\/nhkmachineryparts.com\/#website","url":"https:\/\/nhkmachineryparts.com\/","name":"Pi\u00e8ces d\u00e9tach\u00e9es pour machines NHK","description":"Corps de roulement, pieds de nivellement sismiques et roulettes de nivellement","publisher":{"@id":"https:\/\/nhkmachineryparts.com\/#organization"},"potentialAction":[{"@type":"SearchAction","target":{"@type":"EntryPoint","urlTemplate":"https:\/\/nhkmachineryparts.com\/?s={search_term_string}"},"query-input":{"@type":"PropertyValueSpecification","valueRequired":true,"valueName":"search_term_string"}}],"inLanguage":"fr-FR"},{"@type":"Organization","@id":"https:\/\/nhkmachineryparts.com\/#organization","name":"Nhk Group ApS","url":"https:\/\/nhkmachineryparts.com\/","logo":{"@type":"ImageObject","inLanguage":"fr-FR","@id":"https:\/\/nhkmachineryparts.com\/#\/schema\/logo\/image\/","url":"https:\/\/nhkmachineryparts.com\/wp-content\/uploads\/2022\/09\/NHKgroup_social.jpg","contentUrl":"https:\/\/nhkmachineryparts.com\/wp-content\/uploads\/2022\/09\/NHKgroup_social.jpg","width":1200,"height":630,"caption":"Nhk Group ApS"},"image":{"@id":"https:\/\/nhkmachineryparts.com\/#\/schema\/logo\/image\/"},"sameAs":["https:\/\/www.facebook.com\/NHK.Group.aps"]}]}},"_links":{"self":[{"href":"https:\/\/nhkmachineryparts.com\/fr\/wp-json\/wp\/v2\/product\/8149","targetHints":{"allow":["GET"]}}],"collection":[{"href":"https:\/\/nhkmachineryparts.com\/fr\/wp-json\/wp\/v2\/product"}],"about":[{"href":"https:\/\/nhkmachineryparts.com\/fr\/wp-json\/wp\/v2\/types\/product"}],"wp:featuredmedia":[{"embeddable":true,"href":"https:\/\/nhkmachineryparts.com\/fr\/wp-json\/wp\/v2\/media\/8520"}],"wp:attachment":[{"href":"https:\/\/nhkmachineryparts.com\/fr\/wp-json\/wp\/v2\/media?parent=8149"}],"wp:term":[{"taxonomy":"product_brand","embeddable":true,"href":"https:\/\/nhkmachineryparts.com\/fr\/wp-json\/wp\/v2\/product_brand?post=8149"},{"taxonomy":"product_cat","embeddable":true,"href":"https:\/\/nhkmachineryparts.com\/fr\/wp-json\/wp\/v2\/product_cat?post=8149"},{"taxonomy":"product_tag","embeddable":true,"href":"https:\/\/nhkmachineryparts.com\/fr\/wp-json\/wp\/v2\/product_tag?post=8149"}],"curies":[{"name":"wp","href":"https:\/\/api.w.org\/{rel}","templated":true}]}}