{"id":8130,"date":"2024-01-13T15:47:38","date_gmt":"2024-01-13T13:47:38","guid":{"rendered":"https:\/\/nhkmachineryparts.com\/?post_type=product&#038;p=8130"},"modified":"2026-02-27T15:58:14","modified_gmt":"2026-02-27T13:58:14","slug":"couvercle-superieur-de-broche-ehedg-hygienique-3a-en-acier-inoxydable","status":"publish","type":"product","link":"https:\/\/nhkmachineryparts.com\/fr\/product\/ehedg-hygienic-3a-spindle-top-cover-in-stainless-steel\/","title":{"rendered":"EHEDG-certified spindle top cover"},"content":{"rendered":"<section class=\"vc_row liquid-row-shadowbox-69d0da628c416\"><div class=\"ld-container container\"><div class=\"row ld-row ld-row-outer\"><div class=\"wpb_column vc_column_container vc_col-sm-12 liquid-column-69d0da628c6fd\"><div class=\"vc_column-inner\" ><div class=\"wpb_wrapper\"  >\n\t<div class=\"wpb_text_column wpb_content_element\" >\n\t\t<div class=\"wpb_wrapper\">\n\t\t\t<h3><strong><a href=\"https:\/\/nhkmachineryparts.com\/fr\/repond-a-des-normes-rigoureuses-dhygiene-et-denvironnement\/\">R\u00e9pond \u00e0 des normes rigoureuses d\u2019hygi\u00e8ne et d\u2019environnement<\/a><\/strong><\/h3>\n<p>Le <a href=\"https:\/\/nhkmachineryparts.com\/fr\/quelle-est-la-difference-entre-3a-et-ehedg\/\" data-internallinksmanager029f6b8e52c=\"2\" title=\"Pi\u00e8ces de machines certifi\u00e9es EHEDG\">EHEDG<\/a> Le couvercle sup\u00e9rieur de broche hygi\u00e9nique en acier inoxydable est con\u00e7u pour r\u00e9pondre aux normes les plus \u00e9lev\u00e9es dans les environnements hygi\u00e9niques, en particulier dans <a href=\"https:\/\/nhkmachineryparts.com\/fr\/our-industries\/\" data-internallinksmanager029f6b8e52c=\"4\" title=\"Nos secteurs\">les industries<\/a> comme les aliments, les produits pharmaceutiques et la biotechnologie. Con\u00e7u avec pr\u00e9cision, ce couvercle sup\u00e9rieur garantit un nettoyage facile tout en emp\u00eachant la contamination, ce qui est essentiel pour maintenir l&#039;hygi\u00e8ne pendant le traitement.<\/p>\n<h3>Couvercle sup\u00e9rieur de broche hygi\u00e9nique EHEDG<\/h3>\n<table width=\"312\">\n<tbody>\n<tr>\n<td width=\"312\">Couvercle sup\u00e9rieur de broche 3A M12-L50<\/td>\n<\/tr>\n<tr>\n<td>Couvercle sup\u00e9rieur de broche 3A M12-L70<\/td>\n<\/tr>\n<tr>\n<td>Couvercle sup\u00e9rieur de broche 3A M12-L90<\/td>\n<\/tr>\n<tr>\n<td>Couvercle sup\u00e9rieur de broche 3A M12-L110<\/td>\n<\/tr>\n<tr>\n<td><\/td>\n<\/tr>\n<tr>\n<td>Couvercle sup\u00e9rieur de broche 3A M16-L50<\/td>\n<\/tr>\n<tr>\n<td>Couvercle sup\u00e9rieur de broche 3A M16-L70<\/td>\n<\/tr>\n<tr>\n<td>Couvercle sup\u00e9rieur de broche 3A M16-L90<\/td>\n<\/tr>\n<tr>\n<td>Couvercle sup\u00e9rieur de broche 3A M16-L110<\/td>\n<\/tr>\n<tr>\n<td><\/td>\n<\/tr>\n<tr>\n<td>Couvercle sup\u00e9rieur de broche 3A M20-L50<\/td>\n<\/tr>\n<tr>\n<td>Couvercle sup\u00e9rieur de broche 3A M20-L70<\/td>\n<\/tr>\n<tr>\n<td>Couvercle sup\u00e9rieur de broche 3A M20-L90<\/td>\n<\/tr>\n<tr>\n<td>Couvercle sup\u00e9rieur de broche 3A M20-L110<\/td>\n<\/tr>\n<tr>\n<td><\/td>\n<\/tr>\n<tr>\n<td>Couvercle sup\u00e9rieur de broche 3A M24-L50<\/td>\n<\/tr>\n<tr>\n<td>Couvercle sup\u00e9rieur de broche 3A M24-L70<\/td>\n<\/tr>\n<tr>\n<td>Couvercle sup\u00e9rieur de broche 3A M24-L90<\/td>\n<\/tr>\n<tr>\n<td>Couvercle sup\u00e9rieur de broche 3A M24-L110<\/td>\n<\/tr>\n<tr>\n<td><\/td>\n<\/tr>\n<tr>\n<td>Couvercle sup\u00e9rieur de broche 3A M30-L50<\/td>\n<\/tr>\n<tr>\n<td>Couvercle sup\u00e9rieur de broche 3A M30-L70<\/td>\n<\/tr>\n<tr>\n<td>Couvercle sup\u00e9rieur de broche 3A M30-L90<\/td>\n<\/tr>\n<tr>\n<td>Couvercle sup\u00e9rieur de broche 3A M30-L110<\/td>\n<\/tr>\n<tr>\n<td><\/td>\n<\/tr>\n<tr>\n<td>Couvercle sup\u00e9rieur de broche 3A M36-L50<\/td>\n<\/tr>\n<tr>\n<td>Couvercle sup\u00e9rieur de broche 3A M36-L70<\/td>\n<\/tr>\n<tr>\n<td>Couvercle sup\u00e9rieur de broche 3A M36-L90<\/td>\n<\/tr>\n<tr>\n<td>Couvercle sup\u00e9rieur de broche 3A M36-L110<\/td>\n<\/tr>\n<\/tbody>\n<\/table>\n<p><span style=\"font-size: 16px;\">Surfaces autodrainantes avec une rugosit\u00e9 maximale de 0,8 \u00b5m Ra.<\/span><\/p>\n<h2>Une norme de nettoyabilit\u00e9<\/h2>\n<h3>R\u00e9volutionner les normes d&#039;hygi\u00e8ne<\/h3>\n<p>Fabriqu\u00e9 en acier inoxydable de haute qualit\u00e9, le couvercle sup\u00e9rieur de broche hygi\u00e9nique EHEDG est conforme aux directives de l&#039;EHEDG (European Hygienic Engineering &amp; Design Group), qui favorisent une conception hygi\u00e9nique et une production alimentaire s\u00fbre. Sa construction robuste en acier inoxydable offre une r\u00e9sistance sup\u00e9rieure \u00e0 la corrosion, id\u00e9ale pour une utilisation dans des conditions extr\u00eames n\u00e9cessitant un nettoyage fr\u00e9quent.<\/p>\n<p>Le capot sup\u00e9rieur hygi\u00e9nique EHEDG pour broche est \u00e9galement conforme aux normes sanitaires et aux exigences industrielles mondiales. Sa surface lisse pr\u00e9vient l&#039;accumulation de bact\u00e9ries et de contaminants, tandis que sa durabilit\u00e9 garantit des performances durables dans les environnements de nettoyage haute pression.<\/p>\n<p>Pour les industries qui privil\u00e9gient l&#039;hygi\u00e8ne, le capot sup\u00e9rieur de broche hygi\u00e9nique EHEDG en acier inoxydable est un composant essentiel. Il contribue au respect des r\u00e9glementations d&#039;hygi\u00e8ne strictes tout en am\u00e9liorant la s\u00e9curit\u00e9 et l&#039;efficacit\u00e9 globales des lignes de traitement.<\/p>\n<p><a href=\"https:\/\/nhkmachineryparts.com\/fr\/gamme-de-produits\/\">D\u00e9couvrez notre gamme de produits faciles \u00e0 nettoyer ici<\/a><\/p>\n<p><a href=\"https:\/\/nhkmachineryparts.com\/fr\/contact\/\">Contactez-nous pour une solution hygi\u00e9nique<\/a><\/p>\n<p><a class=\"btn btn-default btn-sm btn-bordered border-thick btn-bordered-gradient btn-has-label ld_button_659f848cbf99c vc_custom_1695064545432\" href=\"https:\/\/nhkmachineryparts.com\/fr\/catalogue\/#modal-box\" data-lity=\"#modal-box\"><span class=\"btn-txt\" data-text=\"Get our catalogue here\">Obtenez notre catalogue ici<\/span><\/a><\/p>\n<h2>Couvercle de broche hygi\u00e9nique EHEDG\u00a0: une r\u00e9volution en mati\u00e8re d&#039;hygi\u00e8ne<\/h2>\n<p>Dans les industries o\u00f9 l&#039;hygi\u00e8ne est primordiale, comme la transformation des aliments, les produits pharmaceutiques et la biotechnologie, chaque composant joue un r\u00f4le essentiel dans le maintien de la propret\u00e9 et de la s\u00e9curit\u00e9. <strong>Couvercle sup\u00e9rieur de broche hygi\u00e9nique EHEDG<\/strong>, fabriqu\u00e9 en acier inoxydable de haute qualit\u00e9, est devenu un composant essentiel pour garantir une hygi\u00e8ne optimale et le respect des normes industrielles strictes.<\/p>\n<hr \/>\n<h2>Pourquoi l&#039;acier inoxydable est le mat\u00e9riau privil\u00e9gi\u00e9<\/h2>\n<h3>1. R\u00e9sistance sup\u00e9rieure \u00e0 la corrosion<\/h3>\n<p>L&#039;acier inoxydable est r\u00e9put\u00e9 pour son excellente r\u00e9sistance \u00e0 la corrosion, ce qui le rend id\u00e9al pour les environnements expos\u00e9s \u00e0 l&#039;humidit\u00e9, aux produits chimiques et aux temp\u00e9ratures extr\u00eames. Cela garantit la durabilit\u00e9 et l&#039;int\u00e9grit\u00e9 structurelle du couvercle sup\u00e9rieur de la broche hygi\u00e9nique EHEDG.<\/p>\n<h3>2. Surface facile \u00e0 nettoyer<\/h3>\n<p>La surface lisse et non poreuse de l&#039;acier inoxydable facilite le nettoyage et emp\u00eache l&#039;accumulation de contaminants. Cela est particuli\u00e8rement important dans la transformation des aliments et des produits pharmaceutiques, o\u00f9 les r\u00e9sidus peuvent compromettre la s\u00e9curit\u00e9 du produit.<\/p>\n<h3>3. Long\u00e9vit\u00e9 et durabilit\u00e9<\/h3>\n<p>L&#039;acier inoxydable est non seulement durable, mais \u00e9galement recyclable, ce qui en fait un choix respectueux de l&#039;environnement. Sa durabilit\u00e9 r\u00e9duit le besoin de remplacements fr\u00e9quents, diminuant ainsi les co\u00fbts d&#039;exploitation.<\/p>\n<hr \/>\n<h2>Caract\u00e9ristiques du couvercle sup\u00e9rieur de broche hygi\u00e9nique EHEDG<\/h2>\n<h3>Conception hygi\u00e9nique certifi\u00e9e<\/h3>\n<p>La certification EHEDG (European Hygienic Engineering &amp; Design Group) et la certification aux normes sanitaires garantissent que le couvercle sup\u00e9rieur de la broche r\u00e9pond aux normes d&#039;hygi\u00e8ne les plus strictes. Ces certifications garantissent la conformit\u00e9 aux r\u00e9glementations du secteur, minimisant ainsi les risques de contamination.<\/p>\n<h3>Construction sans couture<\/h3>\n<p>La conception sans couture \u00e9limine les fissures o\u00f9 les bact\u00e9ries et autres contaminants pourraient se cacher, ce qui facilite consid\u00e9rablement le nettoyage et la d\u00e9sinfection. Cette caract\u00e9ristique est particuli\u00e8rement importante dans les industries n\u00e9cessitant des conditions aseptiques.<\/p>\n<h3>R\u00e9sistance aux agents de nettoyage agressifs<\/h3>\n<p>Con\u00e7u pour r\u00e9sister aux proc\u00e9dures de nettoyage agressives, y compris le lavage \u00e0 haute pression et l&#039;utilisation de d\u00e9tergents puissants, le couvercle sup\u00e9rieur de la broche hygi\u00e9nique EHEDG garantit des performances constantes sans d\u00e9gradation.<\/p>\n<h3>Compatibilit\u00e9 universelle<\/h3>\n<p>Ce couvercle sup\u00e9rieur de broche est compatible avec diff\u00e9rents types d&#039;\u00e9quipements, ce qui en fait une solution polyvalente pour les fabricants cherchant \u00e0 mettre \u00e0 niveau leurs syst\u00e8mes existants pour r\u00e9pondre aux exigences d&#039;hygi\u00e8ne modernes.<\/p>\n<hr \/>\n<h2>Applications dans tous les secteurs<\/h2>\n<h3>1. Transformation des aliments<\/h3>\n<p>Des produits laitiers aux confiseries, le capot sup\u00e9rieur hygi\u00e9nique EHEDG est essentiel au maintien de l&#039;hygi\u00e8ne pendant la production. Sa conception robuste garantit le respect des normes de s\u00e9curit\u00e9 alimentaire, prot\u00e9geant ainsi les consommateurs et les marques.<\/p>\n<h3>2. Industrie pharmaceutique<\/h3>\n<p>Dans la fabrication pharmaceutique, o\u00f9 la pr\u00e9cision et la st\u00e9rilit\u00e9 ne sont pas n\u00e9gociables, ce couvercle sup\u00e9rieur de broche emp\u00eache la contamination et r\u00e9pond aux exigences des salles blanches.<\/p>\n<h3>3. Biotechnologie<\/h3>\n<p>L&#039;industrie biotechnologique implique souvent la manipulation de mat\u00e9riaux sensibles. La conception hygi\u00e9nique du capot sup\u00e9rieur de la broche garantit que les op\u00e9rations restent s\u00fbres et conformes, m\u00eame dans les processus complexes.<\/p>\n<hr \/>\n<h2>Avantages de la mise en \u0153uvre du couvercle sup\u00e9rieur de broche hygi\u00e9nique EHEDG<\/h2>\n<h3>S\u00e9curit\u00e9 am\u00e9lior\u00e9e des produits<\/h3>\n<p>En minimisant les risques de contamination, ce couvercle de broche aide les fabricants \u00e0 fournir des produits plus s\u00fbrs, renfor\u00e7ant ainsi la confiance et la fid\u00e9lit\u00e9 des consommateurs.<\/p>\n<h3>Conformit\u00e9 r\u00e9glementaire<\/h3>\n<p>Le respect des normes EHEDG et sanitaires r\u00e9duit le risque de sanctions r\u00e9glementaires et garantit un fonctionnement fluide sur les march\u00e9s mondiaux.<\/p>\n<h3>Efficacit\u00e9 op\u00e9rationnelle accrue<\/h3>\n<p>La conception facile \u00e0 nettoyer r\u00e9duit les temps d\u2019arr\u00eat pour la maintenance et le nettoyage, permettant aux lignes de production de fonctionner plus efficacement.<\/p>\n<hr \/>\n<h2>L&#039;avenir des composants hygi\u00e9niques<\/h2>\n<p>Alors que les industries continuent de donner la priorit\u00e9 \u00e0 l\u2019hygi\u00e8ne, la demande de composants certifi\u00e9s comme le <strong>Couvercle sup\u00e9rieur de broche hygi\u00e9nique EHEDG<\/strong> ne fera que grandir. Sa construction en acier inoxydable, sa conception innovante et ses performances in\u00e9gal\u00e9es en font une pierre angulaire de l&#039;ing\u00e9nierie hygi\u00e9nique.<\/p>\n<p>Investir dans de tels composants garantit non seulement la conformit\u00e9, mais souligne \u00e9galement un engagement envers la qualit\u00e9, la s\u00e9curit\u00e9 et la durabilit\u00e9, des valeurs qui trouvent un \u00e9cho aupr\u00e8s des consommateurs et des parties prenantes.<\/p>\n<hr \/>\n<p>En choisissant le couvercle sup\u00e9rieur de broche hygi\u00e9nique EHEDG, les entreprises peuvent am\u00e9liorer leur avantage concurrentiel tout en contribuant \u00e0 un avenir plus propre et plus s\u00fbr pour leurs industries.<\/p>\n\n\t\t<\/div>\n\t<\/div>\n<\/div><\/div><\/div><\/div><\/div><\/section>","protected":false},"excerpt":{"rendered":"Meets rigorous hygiene and environmental standards The EHEDG Hygienic spindle top cover in stainless steel is designed to meet the highest standards in hygienic environments, particularly in industries like food, pharmaceuticals, and biotechnology. Engineered with precision, this top cover ensures easy cleanability while preventing contamination, crucial for maintaining sanitation during processing. EHEDG Hygienic spindle top [...]","protected":false},"featured_media":8625,"template":"","meta":[],"product_brand":[],"product_cat":[98],"product_tag":[],"class_list":{"0":"post-8130","1":"product","2":"type-product","3":"status-publish","4":"has-post-thumbnail","6":"product_cat-ehedg-certified-3a-ssi-standard-components","8":"first","9":"instock","10":"shipping-taxable","11":"product-type-simple"},"yoast_head":"<!-- This site is optimized with the Yoast SEO plugin v27.2 - https:\/\/yoast.com\/product\/yoast-seo-wordpress\/ -->\n<title>EHEDG-certified spindle top cover | NHK Machinery Parts<\/title>\n<meta name=\"description\" content=\"EHEDG 3A Hygienic spindle top cover in stainless steel designed for superior hygiene, and durability in the food, pharmaceutical and biotech industries.\" \/>\n<meta name=\"robots\" content=\"index, follow, max-snippet:-1, max-image-preview:large, max-video-preview:-1\" \/>\n<link rel=\"canonical\" href=\"https:\/\/nhkmachineryparts.com\/fr\/produit\/couvercle-superieur-de-broche-ehedg-hygienique-3a-en-acier-inoxydable\/\" \/>\n<meta property=\"og:locale\" content=\"fr_FR\" \/>\n<meta property=\"og:type\" content=\"article\" \/>\n<meta property=\"og:title\" content=\"EHEDG-certified spindle top cover | NHK Machinery Parts\" \/>\n<meta property=\"og:description\" content=\"EHEDG 3A Hygienic spindle top cover in stainless steel designed for superior hygiene, and durability in the food, pharmaceutical and biotech industries.\" \/>\n<meta property=\"og:url\" content=\"https:\/\/nhkmachineryparts.com\/fr\/produit\/couvercle-superieur-de-broche-ehedg-hygienique-3a-en-acier-inoxydable\/\" \/>\n<meta property=\"og:site_name\" content=\"NHK Machinery Parts\" \/>\n<meta property=\"article:publisher\" content=\"https:\/\/www.facebook.com\/NHK.Group.aps\" \/>\n<meta property=\"article:modified_time\" content=\"2026-02-27T13:58:14+00:00\" \/>\n<meta property=\"og:image\" content=\"https:\/\/nhkmachineryparts.com\/wp-content\/uploads\/2024\/01\/EHEDG-Hygienic-3A-spindle-top-cover-1.jpg\" \/>\n\t<meta property=\"og:image:width\" content=\"1000\" \/>\n\t<meta property=\"og:image:height\" content=\"1000\" \/>\n\t<meta property=\"og:image:type\" content=\"image\/jpeg\" \/>\n<meta name=\"twitter:card\" content=\"summary_large_image\" \/>\n<meta name=\"twitter:label1\" content=\"Dur\u00e9e de lecture estim\u00e9e\" \/>\n\t<meta name=\"twitter:data1\" content=\"5 minutes\" \/>\n<script type=\"application\/ld+json\" class=\"yoast-schema-graph\">{\"@context\":\"https:\/\/schema.org\",\"@graph\":[{\"@type\":\"WebPage\",\"@id\":\"https:\/\/nhkmachineryparts.com\/product\/ehedg-hygienic-3a-spindle-top-cover-in-stainless-steel\/\",\"url\":\"https:\/\/nhkmachineryparts.com\/product\/ehedg-hygienic-3a-spindle-top-cover-in-stainless-steel\/\",\"name\":\"EHEDG-certified spindle top cover | NHK Machinery Parts\",\"isPartOf\":{\"@id\":\"https:\/\/nhkmachineryparts.com\/#website\"},\"primaryImageOfPage\":{\"@id\":\"https:\/\/nhkmachineryparts.com\/product\/ehedg-hygienic-3a-spindle-top-cover-in-stainless-steel\/#primaryimage\"},\"image\":{\"@id\":\"https:\/\/nhkmachineryparts.com\/product\/ehedg-hygienic-3a-spindle-top-cover-in-stainless-steel\/#primaryimage\"},\"thumbnailUrl\":\"https:\/\/nhkmachineryparts.com\/wp-content\/uploads\/2024\/01\/EHEDG-Hygienic-3A-spindle-top-cover-1.jpg\",\"datePublished\":\"2024-01-13T13:47:38+00:00\",\"dateModified\":\"2026-02-27T13:58:14+00:00\",\"description\":\"EHEDG 3A Hygienic spindle top cover in stainless steel designed for superior hygiene, and durability in the food, pharmaceutical and biotech industries.\",\"breadcrumb\":{\"@id\":\"https:\/\/nhkmachineryparts.com\/product\/ehedg-hygienic-3a-spindle-top-cover-in-stainless-steel\/#breadcrumb\"},\"inLanguage\":\"fr-FR\",\"potentialAction\":[{\"@type\":\"ReadAction\",\"target\":[\"https:\/\/nhkmachineryparts.com\/product\/ehedg-hygienic-3a-spindle-top-cover-in-stainless-steel\/\"]}]},{\"@type\":\"ImageObject\",\"inLanguage\":\"fr-FR\",\"@id\":\"https:\/\/nhkmachineryparts.com\/product\/ehedg-hygienic-3a-spindle-top-cover-in-stainless-steel\/#primaryimage\",\"url\":\"https:\/\/nhkmachineryparts.com\/wp-content\/uploads\/2024\/01\/EHEDG-Hygienic-3A-spindle-top-cover-1.jpg\",\"contentUrl\":\"https:\/\/nhkmachineryparts.com\/wp-content\/uploads\/2024\/01\/EHEDG-Hygienic-3A-spindle-top-cover-1.jpg\",\"width\":1000,\"height\":1000,\"caption\":\"EHEDG Hygienic 3A spindle top cover\"},{\"@type\":\"BreadcrumbList\",\"@id\":\"https:\/\/nhkmachineryparts.com\/product\/ehedg-hygienic-3a-spindle-top-cover-in-stainless-steel\/#breadcrumb\",\"itemListElement\":[{\"@type\":\"ListItem\",\"position\":1,\"name\":\"Home\",\"item\":\"https:\/\/nhkmachineryparts.com\/\"},{\"@type\":\"ListItem\",\"position\":2,\"name\":\"Product line\",\"item\":\"https:\/\/nhkmachineryparts.com\/product-line\/\"},{\"@type\":\"ListItem\",\"position\":3,\"name\":\"Certified EHEDG standard components\",\"item\":\"https:\/\/nhkmachineryparts.com\/product-line\/ehedg-certified-3a-ssi-standard-components\/\"},{\"@type\":\"ListItem\",\"position\":4,\"name\":\"EHEDG-certified spindle top cover\"}]},{\"@type\":\"WebSite\",\"@id\":\"https:\/\/nhkmachineryparts.com\/#website\",\"url\":\"https:\/\/nhkmachineryparts.com\/\",\"name\":\"NHK Machinery Parts\",\"description\":\"Bearing Houses, seismic levelling feet and levelling castors\",\"publisher\":{\"@id\":\"https:\/\/nhkmachineryparts.com\/#organization\"},\"potentialAction\":[{\"@type\":\"SearchAction\",\"target\":{\"@type\":\"EntryPoint\",\"urlTemplate\":\"https:\/\/nhkmachineryparts.com\/?s={search_term_string}\"},\"query-input\":{\"@type\":\"PropertyValueSpecification\",\"valueRequired\":true,\"valueName\":\"search_term_string\"}}],\"inLanguage\":\"fr-FR\"},{\"@type\":\"Organization\",\"@id\":\"https:\/\/nhkmachineryparts.com\/#organization\",\"name\":\"Nhk Group ApS\",\"url\":\"https:\/\/nhkmachineryparts.com\/\",\"logo\":{\"@type\":\"ImageObject\",\"inLanguage\":\"fr-FR\",\"@id\":\"https:\/\/nhkmachineryparts.com\/#\/schema\/logo\/image\/\",\"url\":\"https:\/\/nhkmachineryparts.com\/wp-content\/uploads\/2022\/09\/NHKgroup_social.jpg\",\"contentUrl\":\"https:\/\/nhkmachineryparts.com\/wp-content\/uploads\/2022\/09\/NHKgroup_social.jpg\",\"width\":1200,\"height\":630,\"caption\":\"Nhk Group ApS\"},\"image\":{\"@id\":\"https:\/\/nhkmachineryparts.com\/#\/schema\/logo\/image\/\"},\"sameAs\":[\"https:\/\/www.facebook.com\/NHK.Group.aps\"]}]}<\/script>\n<!-- \/ Yoast SEO plugin. -->","yoast_head_json":{"title":"EHEDG-certified spindle top cover | NHK Machinery Parts","description":"Couvercle sup\u00e9rieur de broche hygi\u00e9nique EHEDG 3A en acier inoxydable con\u00e7u pour une hygi\u00e8ne sup\u00e9rieure et une durabilit\u00e9 dans les industries alimentaires, pharmaceutiques et biotechnologiques.","robots":{"index":"index","follow":"follow","max-snippet":"max-snippet:-1","max-image-preview":"max-image-preview:large","max-video-preview":"max-video-preview:-1"},"canonical":"https:\/\/nhkmachineryparts.com\/fr\/produit\/couvercle-superieur-de-broche-ehedg-hygienique-3a-en-acier-inoxydable\/","og_locale":"fr_FR","og_type":"article","og_title":"EHEDG-certified spindle top cover | NHK Machinery Parts","og_description":"EHEDG 3A Hygienic spindle top cover in stainless steel designed for superior hygiene, and durability in the food, pharmaceutical and biotech industries.","og_url":"https:\/\/nhkmachineryparts.com\/fr\/produit\/couvercle-superieur-de-broche-ehedg-hygienique-3a-en-acier-inoxydable\/","og_site_name":"NHK Machinery Parts","article_publisher":"https:\/\/www.facebook.com\/NHK.Group.aps","article_modified_time":"2026-02-27T13:58:14+00:00","og_image":[{"width":1000,"height":1000,"url":"https:\/\/nhkmachineryparts.com\/wp-content\/uploads\/2024\/01\/EHEDG-Hygienic-3A-spindle-top-cover-1.jpg","type":"image\/jpeg"}],"twitter_card":"summary_large_image","twitter_misc":{"Dur\u00e9e de lecture estim\u00e9e":"5 minutes"},"schema":{"@context":"https:\/\/schema.org","@graph":[{"@type":"WebPage","@id":"https:\/\/nhkmachineryparts.com\/product\/ehedg-hygienic-3a-spindle-top-cover-in-stainless-steel\/","url":"https:\/\/nhkmachineryparts.com\/product\/ehedg-hygienic-3a-spindle-top-cover-in-stainless-steel\/","name":"EHEDG-certified spindle top cover | NHK Machinery Parts","isPartOf":{"@id":"https:\/\/nhkmachineryparts.com\/#website"},"primaryImageOfPage":{"@id":"https:\/\/nhkmachineryparts.com\/product\/ehedg-hygienic-3a-spindle-top-cover-in-stainless-steel\/#primaryimage"},"image":{"@id":"https:\/\/nhkmachineryparts.com\/product\/ehedg-hygienic-3a-spindle-top-cover-in-stainless-steel\/#primaryimage"},"thumbnailUrl":"https:\/\/nhkmachineryparts.com\/wp-content\/uploads\/2024\/01\/EHEDG-Hygienic-3A-spindle-top-cover-1.jpg","datePublished":"2024-01-13T13:47:38+00:00","dateModified":"2026-02-27T13:58:14+00:00","description":"Couvercle sup\u00e9rieur de broche hygi\u00e9nique EHEDG 3A en acier inoxydable con\u00e7u pour une hygi\u00e8ne sup\u00e9rieure et une durabilit\u00e9 dans les industries alimentaires, pharmaceutiques et biotechnologiques.","breadcrumb":{"@id":"https:\/\/nhkmachineryparts.com\/product\/ehedg-hygienic-3a-spindle-top-cover-in-stainless-steel\/#breadcrumb"},"inLanguage":"fr-FR","potentialAction":[{"@type":"ReadAction","target":["https:\/\/nhkmachineryparts.com\/product\/ehedg-hygienic-3a-spindle-top-cover-in-stainless-steel\/"]}]},{"@type":"ImageObject","inLanguage":"fr-FR","@id":"https:\/\/nhkmachineryparts.com\/product\/ehedg-hygienic-3a-spindle-top-cover-in-stainless-steel\/#primaryimage","url":"https:\/\/nhkmachineryparts.com\/wp-content\/uploads\/2024\/01\/EHEDG-Hygienic-3A-spindle-top-cover-1.jpg","contentUrl":"https:\/\/nhkmachineryparts.com\/wp-content\/uploads\/2024\/01\/EHEDG-Hygienic-3A-spindle-top-cover-1.jpg","width":1000,"height":1000,"caption":"EHEDG Hygienic 3A spindle top cover"},{"@type":"BreadcrumbList","@id":"https:\/\/nhkmachineryparts.com\/product\/ehedg-hygienic-3a-spindle-top-cover-in-stainless-steel\/#breadcrumb","itemListElement":[{"@type":"ListItem","position":1,"name":"Home","item":"https:\/\/nhkmachineryparts.com\/"},{"@type":"ListItem","position":2,"name":"Product line","item":"https:\/\/nhkmachineryparts.com\/product-line\/"},{"@type":"ListItem","position":3,"name":"Certified EHEDG standard components","item":"https:\/\/nhkmachineryparts.com\/product-line\/ehedg-certified-3a-ssi-standard-components\/"},{"@type":"ListItem","position":4,"name":"EHEDG-certified spindle top cover"}]},{"@type":"WebSite","@id":"https:\/\/nhkmachineryparts.com\/#website","url":"https:\/\/nhkmachineryparts.com\/","name":"Pi\u00e8ces d\u00e9tach\u00e9es pour machines NHK","description":"Corps de roulement, pieds de nivellement sismiques et roulettes de nivellement","publisher":{"@id":"https:\/\/nhkmachineryparts.com\/#organization"},"potentialAction":[{"@type":"SearchAction","target":{"@type":"EntryPoint","urlTemplate":"https:\/\/nhkmachineryparts.com\/?s={search_term_string}"},"query-input":{"@type":"PropertyValueSpecification","valueRequired":true,"valueName":"search_term_string"}}],"inLanguage":"fr-FR"},{"@type":"Organization","@id":"https:\/\/nhkmachineryparts.com\/#organization","name":"Nhk Group ApS","url":"https:\/\/nhkmachineryparts.com\/","logo":{"@type":"ImageObject","inLanguage":"fr-FR","@id":"https:\/\/nhkmachineryparts.com\/#\/schema\/logo\/image\/","url":"https:\/\/nhkmachineryparts.com\/wp-content\/uploads\/2022\/09\/NHKgroup_social.jpg","contentUrl":"https:\/\/nhkmachineryparts.com\/wp-content\/uploads\/2022\/09\/NHKgroup_social.jpg","width":1200,"height":630,"caption":"Nhk Group ApS"},"image":{"@id":"https:\/\/nhkmachineryparts.com\/#\/schema\/logo\/image\/"},"sameAs":["https:\/\/www.facebook.com\/NHK.Group.aps"]}]}},"_links":{"self":[{"href":"https:\/\/nhkmachineryparts.com\/fr\/wp-json\/wp\/v2\/product\/8130","targetHints":{"allow":["GET"]}}],"collection":[{"href":"https:\/\/nhkmachineryparts.com\/fr\/wp-json\/wp\/v2\/product"}],"about":[{"href":"https:\/\/nhkmachineryparts.com\/fr\/wp-json\/wp\/v2\/types\/product"}],"wp:featuredmedia":[{"embeddable":true,"href":"https:\/\/nhkmachineryparts.com\/fr\/wp-json\/wp\/v2\/media\/8625"}],"wp:attachment":[{"href":"https:\/\/nhkmachineryparts.com\/fr\/wp-json\/wp\/v2\/media?parent=8130"}],"wp:term":[{"taxonomy":"product_brand","embeddable":true,"href":"https:\/\/nhkmachineryparts.com\/fr\/wp-json\/wp\/v2\/product_brand?post=8130"},{"taxonomy":"product_cat","embeddable":true,"href":"https:\/\/nhkmachineryparts.com\/fr\/wp-json\/wp\/v2\/product_cat?post=8130"},{"taxonomy":"product_tag","embeddable":true,"href":"https:\/\/nhkmachineryparts.com\/fr\/wp-json\/wp\/v2\/product_tag?post=8130"}],"curies":[{"name":"wp","href":"https:\/\/api.w.org\/{rel}","templated":true}]}}