{"id":7884,"date":"2023-12-30T06:42:14","date_gmt":"2023-12-30T04:42:14","guid":{"rendered":"https:\/\/nhkmachineryparts.com\/?post_type=product&#038;p=7884"},"modified":"2026-02-23T13:49:56","modified_gmt":"2026-02-23T11:49:56","slug":"embouts-en-acier-inoxydable-doubles-de-ptfe-et-de-laiton-dans-lindustrie-agroalimentaire-cosmetique-et-pharmaceutique","status":"publish","type":"product","link":"https:\/\/nhkmachineryparts.com\/fr\/product\/ptfe-and-brass-lined-stainless-rod-ends-in-food-processing-cosmetic-and-pharmaceutical-industry\/","title":{"rendered":"Extr\u00e9mit\u00e9s de tige en acier inoxydable doubl\u00e9es de PTFE et de laiton"},"content":{"rendered":"<section class=\"vc_row liquid-row-shadowbox-69d4c7f63d7f1\"><div class=\"ld-container container\"><div class=\"row ld-row ld-row-outer\"><div class=\"wpb_column vc_column_container vc_col-sm-12 liquid-column-69d4c7f63d9d0\"><div class=\"vc_column-inner\" ><div class=\"wpb_wrapper\"  >\n\t<div class=\"wpb_text_column wpb_content_element\" >\n\t\t<div class=\"wpb_wrapper\">\n\t\t\t<div class=\"flex-1 overflow-hidden\">\n<div class=\"react-scroll-to-bottom--css-udppu-79elbk h-full\">\n<div class=\"react-scroll-to-bottom--css-udppu-1n7m0yu\">\n<div class=\"flex flex-col pb-9 text-sm\">\n<div class=\"w-full text-token-text-primary\" data-testid=\"conversation-turn-7\">\n<div class=\"px-4 py-2 justify-center text-base md:gap-6 m-auto\">\n<div class=\"flex flex-1 text-base mx-auto gap-3 md:px-5 lg:px-1 xl:px-5 md:max-w-3xl lg:max-w-&#091;40rem&#093; xl:max-w-&#091;48rem&#093; group final-completion\">\n<div class=\"relative flex w-full flex-col lg:w-&#091;calc(100%-115px)&#093; agent-turn\">\n<div class=\"flex-col gap-1 md:gap-3\">\n<div class=\"flex flex-grow flex-col max-w-full\">\n<div class=\"min-h-&#091;20px&#093; text-message flex flex-col items-start gap-3 whitespace-pre-wrap break-words &#091;.text-message+&amp;&#093;:mt-5 overflow-x-auto\" data-message-author-role=\"assistant\" data-message-id=\"48239936-4d1f-4788-ab99-b92aca5c0422\">\n<div class=\"markdown prose w-full break-words dark:prose-invert light\">\n<h2>Embouts en acier inoxydable doubl\u00e9s de PTFE et de laiton dans l&#039;industrie agroalimentaire, cosm\u00e9tique et pharmaceutique<\/h2>\n<p>Embouts en PTFE (polyt\u00e9trafluoro\u00e9thyl\u00e8ne) et en acier inoxydable doubl\u00e9s de laiton dans l&#039;industrie agroalimentaire, cosm\u00e9tique et pharmaceutique <a href=\"https:\/\/nhkmachineryparts.com\/fr\/our-industries\/\" data-internallinksmanager029f6b8e52c=\"4\" title=\"Nos secteurs\">les industries<\/a> peuvent \u00eatre tr\u00e8s b\u00e9n\u00e9fiques, compte tenu de leurs propri\u00e9t\u00e9s uniques et de leur conformit\u00e9 aux exigences strictes de ces secteurs.<\/p>\n<h2>Commande d&#039;embouts de tige SCHS femelles en acier inoxydable \u00e0 rev\u00eatement composite PTFE \u2013 Sans entretien<\/h2>\n<p>Filetage \u00e0 gauche, le suffixe \u00ab L \u00bb est ajout\u00e9 aux num\u00e9ros de roulement. ex. : SCHS20SSL M20\u00d71.5-6H<br \/>\nFiletage \u00e0 droite, le suffixe \u00ab R \u00bb est ajout\u00e9 aux num\u00e9ros de roulement. ex. : SCHS20SSR M20\u00d71.5-6H<\/p>\n<h2>Commande d&#039;embouts de tige m\u00e2les en acier inoxydable SCOS avec rev\u00eatement en composite PTFE \u2013 Sans entretien<\/h2>\n<p>Filetage \u00e0 gauche, le suffixe \u00ab L \u00bb est ajout\u00e9 aux num\u00e9ros de roulement. ex. : SCOS20SSL M20\u00d71,5-6g<br \/>\nFiletage \u00e0 droite, le suffixe \u00ab R \u00bb est ajout\u00e9 aux num\u00e9ros de roulement. ex. : SCOS20SSR M20\u00d71,5-6g<\/p>\n<p>BALLE<br \/>\nAcier inoxydable 440C<br \/>\nTraitement thermique<br \/>\nSol de pr\u00e9cision<br \/>\nSurface polie<\/p>\n<p>CORPS<br \/>\nAcier inoxydable Aisi 304<br \/>\nSurface polie<\/p>\n<p>Course\u00a0: Acier inoxydable Aisi 304 doubl\u00e9 de composite PTFE<\/p>\n<h2>Commande d&#039;embout de tige femelle en acier inoxydable SPHS doubl\u00e9 de laiton<\/h2>\n<p>Filetage \u00e0 gauche, le suffixe \u00ab L \u00bb est ajout\u00e9 aux num\u00e9ros de roulement. ex. : SPHS20SSL M20\u00d71.5-6H<br \/>\nFiletage \u00e0 droite, le suffixe \u00ab R \u00bb est ajout\u00e9 aux num\u00e9ros de roulement. ex. : SPHS20SSR M20\u00d71.5-6H<\/p>\n<h2>Embout de tige m\u00e2le en acier inoxydable doubl\u00e9 de laiton SPOS<\/h2>\n<p>Filetage \u00e0 gauche, le suffixe \u00ab L \u00bb est ajout\u00e9 aux num\u00e9ros de roulement. ex.\u00a0: SPOS20SSL M20\u00d71,5-6g<br \/>\nFiletage \u00e0 droite, le suffixe \u00ab R \u00bb est ajout\u00e9 aux num\u00e9ros de roulement. ex.\u00a0: SPOS20SSR M20\u00d71,5-6g<\/p>\n<p>BALLE<br \/>\nAcier inoxydable 440C<br \/>\nTraitement thermique<br \/>\nSol de pr\u00e9cision<br \/>\nSurface polie<\/p>\n<p>CORPS<br \/>\nAcier inoxydable Aisi 304<br \/>\nSurface polie<\/p>\n<p>Course: Acier inoxydable Aisi 304 doubl\u00e9 de laiton<\/p>\n<h2>Voici un aper\u00e7u des raisons pour lesquelles ces mat\u00e9riaux sont avantageux dans ces applications\u00a0:<\/h2>\n<ol>\n<li>\n<h2><strong>Propri\u00e9t\u00e9s du PTFE<\/strong>:<\/h2>\n<ul>\n<li><strong>Non r\u00e9actif et inerte<\/strong>: Le PTFE est chimiquement inerte et ne r\u00e9agit pas avec la plupart des produits chimiques, ce qui le rend s\u00fbr pour une utilisation dans des environnements de traitement o\u00f9 il peut entrer en contact avec diverses substances.<\/li>\n<li><strong>Faible coefficient de friction<\/strong>: Le PTFE a un tr\u00e8s faible coefficient de frottement, ce qui r\u00e9duit l&#039;usure et prolonge la dur\u00e9e de vie des embouts de tige.<\/li>\n<li><strong>R\u00e9sistance aux hautes temp\u00e9ratures<\/strong>: Il peut r\u00e9sister \u00e0 des temp\u00e9ratures \u00e9lev\u00e9es, ce qui est b\u00e9n\u00e9fique dans les processus impliquant un chauffage ou une st\u00e9rilisation.<\/li>\n<li><strong>Excellente lubrification<\/strong>: Le pouvoir lubrifiant naturel du PTFE peut am\u00e9liorer le mouvement et la dur\u00e9e de vie des embouts de tige, en particulier dans les applications n\u00e9cessitant un mouvement ou des ajustements r\u00e9guliers.<\/li>\n<li><strong>Conformit\u00e9 FDA<\/strong>: Le PTFE est souvent conforme aux r\u00e9glementations de la FDA pour une utilisation dans la transformation des aliments, les produits pharmaceutiques et les cosm\u00e9tiques, o\u00f9 les mat\u00e9riaux non toxiques et non contaminants sont cruciaux.<\/li>\n<\/ul>\n<\/li>\n<li>\n<h2><strong>Propri\u00e9t\u00e9s du laiton<\/strong>:<\/h2>\n<ul>\n<li><strong>R\u00e9sistance \u00e0 la corrosion<\/strong>: Le laiton r\u00e9siste \u00e0 la corrosion, ce qui est important dans les environnements o\u00f9 il peut \u00eatre expos\u00e9 \u00e0 l&#039;humidit\u00e9, aux agents de nettoyage ou \u00e0 d&#039;autres substances corrosives.<\/li>\n<li><strong>Bonnes propri\u00e9t\u00e9s m\u00e9caniques<\/strong>: Le laiton offre un \u00e9quilibre entre r\u00e9sistance et ductilit\u00e9, ce qui peut \u00eatre b\u00e9n\u00e9fique pour maintenir l&#039;int\u00e9grit\u00e9 des embouts de tige sous diverses charges et conditions d&#039;utilisation.<\/li>\n<\/ul>\n<\/li>\n<li>\n<h2><strong>Avantages de l&#039;acier inoxydable<\/strong>:<\/h2>\n<ul>\n<li><strong>Durabilit\u00e9 et r\u00e9sistance<\/strong>: L&#039;acier inoxydable offre r\u00e9sistance structurelle et durabilit\u00e9 aux extr\u00e9mit\u00e9s des tiges.<\/li>\n<li><strong>Hygi\u00e9nique et facile \u00e0 nettoyer<\/strong>: Comme le PTFE, l\u2019acier inoxydable est facile \u00e0 nettoyer et \u00e0 d\u00e9sinfecter, ce qui le rend id\u00e9al pour une utilisation dans des environnements hygi\u00e9niques.<\/li>\n<li><strong>R\u00e9sistance \u00e0 la corrosion<\/strong>: La r\u00e9sistance de l&#039;acier inoxydable \u00e0 la corrosion est cruciale dans ces industries, notamment lorsqu&#039;il est expos\u00e9 \u00e0 divers produits chimiques et agents de nettoyage.<\/li>\n<\/ul>\n<\/li>\n<li>\n<h2><strong>Avantages globaux dans les applications industrielles<\/strong>:<\/h2>\n<ul>\n<li><strong>Pr\u00e9paration des aliments<\/strong>: Dans la transformation des aliments, ces mat\u00e9riaux garantissent que l&#039;\u00e9quipement ne contamine pas les produits alimentaires, r\u00e9siste au nettoyage et \u00e0 la d\u00e9sinfection r\u00e9guliers et respecte les r\u00e9glementations en mati\u00e8re de sant\u00e9 et de s\u00e9curit\u00e9.<\/li>\n<li><strong>Industrie Cosm\u00e9tique<\/strong>: Pour les cosm\u00e9tiques, la nature non r\u00e9active et inerte de ces mat\u00e9riaux garantit que les produits restent purs et non contamin\u00e9s lors de la fabrication.<\/li>\n<li><strong>Industrie pharmaceutique<\/strong>: Dans la fabrication pharmaceutique, les normes \u00e9lev\u00e9es de propret\u00e9, de non-r\u00e9activit\u00e9 et de pr\u00e9vention de la contamination sont respect\u00e9es gr\u00e2ce \u00e0 l&#039;utilisation de composants en PTFE, en laiton et en acier inoxydable.<\/li>\n<\/ul>\n<\/li>\n<li>\n<h2><strong>Entretien et long\u00e9vit\u00e9<\/strong>:<\/h2>\n<ul>\n<li>Ces mat\u00e9riaux n\u00e9cessitent g\u00e9n\u00e9ralement moins d\u2019entretien et ont une dur\u00e9e de vie plus longue dans des environnements difficiles que d\u2019autres mat\u00e9riaux, ce qui les rend rentables \u00e0 long terme.<\/li>\n<\/ul>\n<\/li>\n<\/ol>\n<p>En conclusion, la combinaison du PTFE, du laiton et de l&#039;acier inoxydable dans les embouts de tige offre une solution robuste, hygi\u00e9nique et durable adapt\u00e9e aux conditions exigeantes des industries agroalimentaire, cosm\u00e9tique et pharmaceutique. Leurs propri\u00e9t\u00e9s uniques contribuent \u00e0 maintenir la puret\u00e9 des produits, \u00e0 garantir la fiabilit\u00e9 des machines et \u00e0 se conformer aux r\u00e9glementations industrielles.<\/p>\n<\/div>\n<\/div>\n<\/div>\n<\/div>\n<\/div>\n<\/div>\n<\/div>\n<\/div>\n<\/div>\n<\/div>\n<\/div>\n<\/div>\n\n\t\t<\/div>\n\t<\/div>\n<\/div><\/div><\/div><\/div><\/div><\/section>","protected":false},"excerpt":{"rendered":"PTFE and brass lined stainless rod ends in food processing, cosmetic and pharmaceutical industry PTFE (Polytetrafluoroethylene) and brass-lined stainless rod ends in the food processing, cosmetic, and pharmaceutical industries can be highly beneficial, given their unique properties and compliance with the stringent requirements of these sectors. Ordering SCHS Stainless steel female PTFE composite lined rod [...]","protected":false},"featured_media":8740,"template":"","meta":[],"product_brand":[],"product_cat":[64],"product_tag":[],"class_list":{"0":"post-7884","1":"product","2":"type-product","3":"status-publish","4":"has-post-thumbnail","6":"product_cat-hygienic-machinery-components-in-stainless-steel","8":"first","9":"instock","10":"shipping-taxable","11":"product-type-simple"},"yoast_head":"<!-- This site is optimized with the Yoast SEO plugin v27.3 - https:\/\/yoast.com\/product\/yoast-seo-wordpress\/ -->\n<title>PTFE and brass lined stainless rod ends | NHK Machinery Parts<\/title>\n<meta name=\"description\" content=\"PTFE and brass-lined stainless rod ends are be highly beneficial, given their unique properties and compliance with the stringent requirements\" \/>\n<meta name=\"robots\" content=\"index, follow, max-snippet:-1, max-image-preview:large, max-video-preview:-1\" \/>\n<link rel=\"canonical\" href=\"https:\/\/nhkmachineryparts.com\/fr\/produit\/embouts-en-acier-inoxydable-doubles-de-ptfe-et-de-laiton-dans-lindustrie-agroalimentaire-cosmetique-et-pharmaceutique\/\" \/>\n<meta property=\"og:locale\" content=\"fr_FR\" \/>\n<meta property=\"og:type\" content=\"article\" \/>\n<meta property=\"og:title\" content=\"PTFE and brass lined stainless rod ends | NHK Machinery Parts\" \/>\n<meta property=\"og:description\" content=\"PTFE and brass-lined stainless rod ends are be highly beneficial, given their unique properties and compliance with the stringent requirements\" \/>\n<meta property=\"og:url\" content=\"https:\/\/nhkmachineryparts.com\/fr\/produit\/embouts-en-acier-inoxydable-doubles-de-ptfe-et-de-laiton-dans-lindustrie-agroalimentaire-cosmetique-et-pharmaceutique\/\" \/>\n<meta property=\"og:site_name\" content=\"NHK Machinery Parts\" \/>\n<meta property=\"article:publisher\" content=\"https:\/\/www.facebook.com\/NHK.Group.aps\" \/>\n<meta property=\"article:modified_time\" content=\"2026-02-23T11:49:56+00:00\" \/>\n<meta property=\"og:image\" content=\"https:\/\/nhkmachineryparts.com\/wp-content\/uploads\/2023\/12\/PTFE-and-brass-lined-stainless-rod-ends.jpg\" \/>\n\t<meta property=\"og:image:width\" content=\"1000\" \/>\n\t<meta property=\"og:image:height\" content=\"1000\" \/>\n\t<meta property=\"og:image:type\" content=\"image\/jpeg\" \/>\n<meta name=\"twitter:card\" content=\"summary_large_image\" \/>\n<meta name=\"twitter:label1\" content=\"Dur\u00e9e de lecture estim\u00e9e\" \/>\n\t<meta name=\"twitter:data1\" content=\"3 minutes\" \/>\n<script type=\"application\/ld+json\" class=\"yoast-schema-graph\">{\"@context\":\"https:\\\/\\\/schema.org\",\"@graph\":[{\"@type\":\"WebPage\",\"@id\":\"https:\\\/\\\/nhkmachineryparts.com\\\/product\\\/ptfe-and-brass-lined-stainless-rod-ends-in-food-processing-cosmetic-and-pharmaceutical-industry\\\/\",\"url\":\"https:\\\/\\\/nhkmachineryparts.com\\\/product\\\/ptfe-and-brass-lined-stainless-rod-ends-in-food-processing-cosmetic-and-pharmaceutical-industry\\\/\",\"name\":\"PTFE and brass lined stainless rod ends | NHK Machinery Parts\",\"isPartOf\":{\"@id\":\"https:\\\/\\\/nhkmachineryparts.com\\\/#website\"},\"primaryImageOfPage\":{\"@id\":\"https:\\\/\\\/nhkmachineryparts.com\\\/product\\\/ptfe-and-brass-lined-stainless-rod-ends-in-food-processing-cosmetic-and-pharmaceutical-industry\\\/#primaryimage\"},\"image\":{\"@id\":\"https:\\\/\\\/nhkmachineryparts.com\\\/product\\\/ptfe-and-brass-lined-stainless-rod-ends-in-food-processing-cosmetic-and-pharmaceutical-industry\\\/#primaryimage\"},\"thumbnailUrl\":\"https:\\\/\\\/nhkmachineryparts.com\\\/wp-content\\\/uploads\\\/2023\\\/12\\\/PTFE-and-brass-lined-stainless-rod-ends.jpg\",\"datePublished\":\"2023-12-30T04:42:14+00:00\",\"dateModified\":\"2026-02-23T11:49:56+00:00\",\"description\":\"PTFE and brass-lined stainless rod ends are be highly beneficial, given their unique properties and compliance with the stringent requirements\",\"breadcrumb\":{\"@id\":\"https:\\\/\\\/nhkmachineryparts.com\\\/product\\\/ptfe-and-brass-lined-stainless-rod-ends-in-food-processing-cosmetic-and-pharmaceutical-industry\\\/#breadcrumb\"},\"inLanguage\":\"fr-FR\",\"potentialAction\":[{\"@type\":\"ReadAction\",\"target\":[\"https:\\\/\\\/nhkmachineryparts.com\\\/product\\\/ptfe-and-brass-lined-stainless-rod-ends-in-food-processing-cosmetic-and-pharmaceutical-industry\\\/\"]}]},{\"@type\":\"ImageObject\",\"inLanguage\":\"fr-FR\",\"@id\":\"https:\\\/\\\/nhkmachineryparts.com\\\/product\\\/ptfe-and-brass-lined-stainless-rod-ends-in-food-processing-cosmetic-and-pharmaceutical-industry\\\/#primaryimage\",\"url\":\"https:\\\/\\\/nhkmachineryparts.com\\\/wp-content\\\/uploads\\\/2023\\\/12\\\/PTFE-and-brass-lined-stainless-rod-ends.jpg\",\"contentUrl\":\"https:\\\/\\\/nhkmachineryparts.com\\\/wp-content\\\/uploads\\\/2023\\\/12\\\/PTFE-and-brass-lined-stainless-rod-ends.jpg\",\"width\":1000,\"height\":1000,\"caption\":\"PTFE and brass lined stainless rod ends\"},{\"@type\":\"BreadcrumbList\",\"@id\":\"https:\\\/\\\/nhkmachineryparts.com\\\/product\\\/ptfe-and-brass-lined-stainless-rod-ends-in-food-processing-cosmetic-and-pharmaceutical-industry\\\/#breadcrumb\",\"itemListElement\":[{\"@type\":\"ListItem\",\"position\":1,\"name\":\"Home\",\"item\":\"https:\\\/\\\/nhkmachineryparts.com\\\/\"},{\"@type\":\"ListItem\",\"position\":2,\"name\":\"Product line\",\"item\":\"https:\\\/\\\/nhkmachineryparts.com\\\/product-line\\\/\"},{\"@type\":\"ListItem\",\"position\":3,\"name\":\"Hygienic machinery components in stainless steel\",\"item\":\"https:\\\/\\\/nhkmachineryparts.com\\\/product-line\\\/hygienic-machinery-components-in-stainless-steel\\\/\"},{\"@type\":\"ListItem\",\"position\":4,\"name\":\"PTFE and brass lined stainless rod ends\"}]},{\"@type\":\"WebSite\",\"@id\":\"https:\\\/\\\/nhkmachineryparts.com\\\/#website\",\"url\":\"https:\\\/\\\/nhkmachineryparts.com\\\/\",\"name\":\"NHK Machinery Parts\",\"description\":\"Bearing Houses, seismic levelling feet and levelling castors\",\"publisher\":{\"@id\":\"https:\\\/\\\/nhkmachineryparts.com\\\/#organization\"},\"potentialAction\":[{\"@type\":\"SearchAction\",\"target\":{\"@type\":\"EntryPoint\",\"urlTemplate\":\"https:\\\/\\\/nhkmachineryparts.com\\\/?s={search_term_string}\"},\"query-input\":{\"@type\":\"PropertyValueSpecification\",\"valueRequired\":true,\"valueName\":\"search_term_string\"}}],\"inLanguage\":\"fr-FR\"},{\"@type\":\"Organization\",\"@id\":\"https:\\\/\\\/nhkmachineryparts.com\\\/#organization\",\"name\":\"Nhk Group ApS\",\"url\":\"https:\\\/\\\/nhkmachineryparts.com\\\/\",\"logo\":{\"@type\":\"ImageObject\",\"inLanguage\":\"fr-FR\",\"@id\":\"https:\\\/\\\/nhkmachineryparts.com\\\/#\\\/schema\\\/logo\\\/image\\\/\",\"url\":\"https:\\\/\\\/nhkmachineryparts.com\\\/wp-content\\\/uploads\\\/2022\\\/09\\\/NHKgroup_social.jpg\",\"contentUrl\":\"https:\\\/\\\/nhkmachineryparts.com\\\/wp-content\\\/uploads\\\/2022\\\/09\\\/NHKgroup_social.jpg\",\"width\":1200,\"height\":630,\"caption\":\"Nhk Group ApS\"},\"image\":{\"@id\":\"https:\\\/\\\/nhkmachineryparts.com\\\/#\\\/schema\\\/logo\\\/image\\\/\"},\"sameAs\":[\"https:\\\/\\\/www.facebook.com\\\/NHK.Group.aps\"]}]}<\/script>\n<!-- \/ Yoast SEO plugin. -->","yoast_head_json":{"title":"Embouts de tige en acier inoxydable doubl\u00e9s de PTFE et de laiton | Pi\u00e8ces d\u00e9tach\u00e9es pour machines NHK","description":"Les embouts en PTFE et en acier inoxydable doubl\u00e9s de laiton sont tr\u00e8s b\u00e9n\u00e9fiques, compte tenu de leurs propri\u00e9t\u00e9s uniques et de leur conformit\u00e9 aux exigences strictes.","robots":{"index":"index","follow":"follow","max-snippet":"max-snippet:-1","max-image-preview":"max-image-preview:large","max-video-preview":"max-video-preview:-1"},"canonical":"https:\/\/nhkmachineryparts.com\/fr\/produit\/embouts-en-acier-inoxydable-doubles-de-ptfe-et-de-laiton-dans-lindustrie-agroalimentaire-cosmetique-et-pharmaceutique\/","og_locale":"fr_FR","og_type":"article","og_title":"PTFE and brass lined stainless rod ends | NHK Machinery Parts","og_description":"PTFE and brass-lined stainless rod ends are be highly beneficial, given their unique properties and compliance with the stringent requirements","og_url":"https:\/\/nhkmachineryparts.com\/fr\/produit\/embouts-en-acier-inoxydable-doubles-de-ptfe-et-de-laiton-dans-lindustrie-agroalimentaire-cosmetique-et-pharmaceutique\/","og_site_name":"NHK Machinery Parts","article_publisher":"https:\/\/www.facebook.com\/NHK.Group.aps","article_modified_time":"2026-02-23T11:49:56+00:00","og_image":[{"width":1000,"height":1000,"url":"https:\/\/nhkmachineryparts.com\/wp-content\/uploads\/2023\/12\/PTFE-and-brass-lined-stainless-rod-ends.jpg","type":"image\/jpeg"}],"twitter_card":"summary_large_image","twitter_misc":{"Dur\u00e9e de lecture estim\u00e9e":"3 minutes"},"schema":{"@context":"https:\/\/schema.org","@graph":[{"@type":"WebPage","@id":"https:\/\/nhkmachineryparts.com\/product\/ptfe-and-brass-lined-stainless-rod-ends-in-food-processing-cosmetic-and-pharmaceutical-industry\/","url":"https:\/\/nhkmachineryparts.com\/product\/ptfe-and-brass-lined-stainless-rod-ends-in-food-processing-cosmetic-and-pharmaceutical-industry\/","name":"Embouts de tige en acier inoxydable doubl\u00e9s de PTFE et de laiton | Pi\u00e8ces d\u00e9tach\u00e9es pour machines NHK","isPartOf":{"@id":"https:\/\/nhkmachineryparts.com\/#website"},"primaryImageOfPage":{"@id":"https:\/\/nhkmachineryparts.com\/product\/ptfe-and-brass-lined-stainless-rod-ends-in-food-processing-cosmetic-and-pharmaceutical-industry\/#primaryimage"},"image":{"@id":"https:\/\/nhkmachineryparts.com\/product\/ptfe-and-brass-lined-stainless-rod-ends-in-food-processing-cosmetic-and-pharmaceutical-industry\/#primaryimage"},"thumbnailUrl":"https:\/\/nhkmachineryparts.com\/wp-content\/uploads\/2023\/12\/PTFE-and-brass-lined-stainless-rod-ends.jpg","datePublished":"2023-12-30T04:42:14+00:00","dateModified":"2026-02-23T11:49:56+00:00","description":"Les embouts en PTFE et en acier inoxydable doubl\u00e9s de laiton sont tr\u00e8s b\u00e9n\u00e9fiques, compte tenu de leurs propri\u00e9t\u00e9s uniques et de leur conformit\u00e9 aux exigences strictes.","breadcrumb":{"@id":"https:\/\/nhkmachineryparts.com\/product\/ptfe-and-brass-lined-stainless-rod-ends-in-food-processing-cosmetic-and-pharmaceutical-industry\/#breadcrumb"},"inLanguage":"fr-FR","potentialAction":[{"@type":"ReadAction","target":["https:\/\/nhkmachineryparts.com\/product\/ptfe-and-brass-lined-stainless-rod-ends-in-food-processing-cosmetic-and-pharmaceutical-industry\/"]}]},{"@type":"ImageObject","inLanguage":"fr-FR","@id":"https:\/\/nhkmachineryparts.com\/product\/ptfe-and-brass-lined-stainless-rod-ends-in-food-processing-cosmetic-and-pharmaceutical-industry\/#primaryimage","url":"https:\/\/nhkmachineryparts.com\/wp-content\/uploads\/2023\/12\/PTFE-and-brass-lined-stainless-rod-ends.jpg","contentUrl":"https:\/\/nhkmachineryparts.com\/wp-content\/uploads\/2023\/12\/PTFE-and-brass-lined-stainless-rod-ends.jpg","width":1000,"height":1000,"caption":"PTFE and brass lined stainless rod ends"},{"@type":"BreadcrumbList","@id":"https:\/\/nhkmachineryparts.com\/product\/ptfe-and-brass-lined-stainless-rod-ends-in-food-processing-cosmetic-and-pharmaceutical-industry\/#breadcrumb","itemListElement":[{"@type":"ListItem","position":1,"name":"Home","item":"https:\/\/nhkmachineryparts.com\/"},{"@type":"ListItem","position":2,"name":"Product line","item":"https:\/\/nhkmachineryparts.com\/product-line\/"},{"@type":"ListItem","position":3,"name":"Hygienic machinery components in stainless steel","item":"https:\/\/nhkmachineryparts.com\/product-line\/hygienic-machinery-components-in-stainless-steel\/"},{"@type":"ListItem","position":4,"name":"PTFE and brass lined stainless rod ends"}]},{"@type":"WebSite","@id":"https:\/\/nhkmachineryparts.com\/#website","url":"https:\/\/nhkmachineryparts.com\/","name":"Pi\u00e8ces d\u00e9tach\u00e9es pour machines NHK","description":"Corps de roulement, pieds de nivellement sismiques et roulettes de nivellement","publisher":{"@id":"https:\/\/nhkmachineryparts.com\/#organization"},"potentialAction":[{"@type":"SearchAction","target":{"@type":"EntryPoint","urlTemplate":"https:\/\/nhkmachineryparts.com\/?s={search_term_string}"},"query-input":{"@type":"PropertyValueSpecification","valueRequired":true,"valueName":"search_term_string"}}],"inLanguage":"fr-FR"},{"@type":"Organization","@id":"https:\/\/nhkmachineryparts.com\/#organization","name":"Nhk Group ApS","url":"https:\/\/nhkmachineryparts.com\/","logo":{"@type":"ImageObject","inLanguage":"fr-FR","@id":"https:\/\/nhkmachineryparts.com\/#\/schema\/logo\/image\/","url":"https:\/\/nhkmachineryparts.com\/wp-content\/uploads\/2022\/09\/NHKgroup_social.jpg","contentUrl":"https:\/\/nhkmachineryparts.com\/wp-content\/uploads\/2022\/09\/NHKgroup_social.jpg","width":1200,"height":630,"caption":"Nhk Group ApS"},"image":{"@id":"https:\/\/nhkmachineryparts.com\/#\/schema\/logo\/image\/"},"sameAs":["https:\/\/www.facebook.com\/NHK.Group.aps"]}]}},"_links":{"self":[{"href":"https:\/\/nhkmachineryparts.com\/fr\/wp-json\/wp\/v2\/product\/7884","targetHints":{"allow":["GET"]}}],"collection":[{"href":"https:\/\/nhkmachineryparts.com\/fr\/wp-json\/wp\/v2\/product"}],"about":[{"href":"https:\/\/nhkmachineryparts.com\/fr\/wp-json\/wp\/v2\/types\/product"}],"wp:featuredmedia":[{"embeddable":true,"href":"https:\/\/nhkmachineryparts.com\/fr\/wp-json\/wp\/v2\/media\/8740"}],"wp:attachment":[{"href":"https:\/\/nhkmachineryparts.com\/fr\/wp-json\/wp\/v2\/media?parent=7884"}],"wp:term":[{"taxonomy":"product_brand","embeddable":true,"href":"https:\/\/nhkmachineryparts.com\/fr\/wp-json\/wp\/v2\/product_brand?post=7884"},{"taxonomy":"product_cat","embeddable":true,"href":"https:\/\/nhkmachineryparts.com\/fr\/wp-json\/wp\/v2\/product_cat?post=7884"},{"taxonomy":"product_tag","embeddable":true,"href":"https:\/\/nhkmachineryparts.com\/fr\/wp-json\/wp\/v2\/product_tag?post=7884"}],"curies":[{"name":"wp","href":"https:\/\/api.w.org\/{rel}","templated":true}]}}