{"id":5542,"date":"2023-07-14T09:16:02","date_gmt":"2023-07-14T07:16:02","guid":{"rendered":"https:\/\/nhkmachineryparts.com\/?post_type=product&#038;p=5542"},"modified":"2026-02-27T15:59:45","modified_gmt":"2026-02-27T13:59:45","slug":"ehedg-3a-ecrou-hygienique-en-inox","status":"publish","type":"product","link":"https:\/\/nhkmachineryparts.com\/fr\/product\/ehedg-3a-hygienic-nut-in-stainless-steel\/","title":{"rendered":"EHEDG-certified nut"},"content":{"rendered":"<section class=\"vc_row liquid-row-shadowbox-69d0b4adaa0f9\"><div class=\"ld-container container\"><div class=\"row ld-row ld-row-outer\"><div class=\"wpb_column vc_column_container vc_col-sm-12 liquid-column-69d0b4adaa2ad\"><div class=\"vc_column-inner\" ><div class=\"wpb_wrapper\"  >\n\t<div class=\"wpb_text_column wpb_content_element\" >\n\t\t<div class=\"wpb_wrapper\">\n\t\t\t<h3>Un incontournable pour les \u00e9quipements d&#039;hygi\u00e8ne<\/h3>\n<p>Le joint bloque l&#039;eau et les bact\u00e9ries et emp\u00eache \u00e9galement un assemblage m\u00e9tal sur m\u00e9tal non hygi\u00e9nique.<\/p>\n<p>La conception des \u00e9crous ne s&#039;\u00e9carte pas des tailles des \u00e9crous standards actuels. Par cons\u00e9quent, les tailles de cl\u00e9, les hauteurs de filetage, etc. restent les m\u00eames, ce qui facilite grandement la mise \u00e0 niveau et le remplacement des \u00e9crous standard. Il s&#039;agit du bon choix d&#039;\u00e9crous \u00e0 utiliser sur toutes les machines dans tous les environnements de lavage hygi\u00e9niques certifi\u00e9s.<\/p>\n<p>Surfaces autodrainantes avec une rugosit\u00e9 maximale de 0,8 \u00b5m Ra.<br \/>\nMat\u00e9riau Acier inoxydable 1.4301 et joint silicone.<\/p>\n<h2>\u00c9crou hygi\u00e9nique EHEDG<\/h2>\n<p>3A HN M5-L12 \u00d812<br \/>\n3A HN M5-L18 \u00d812<\/p>\n<p>3A HN M6-L12 \u00d812<br \/>\n3A HN M6-L18 \u00d812<\/p>\n<p>3A HN M8-L14 \u00d815<br \/>\n3A HN M8-L21 \u00d815<\/p>\n<p>3A HN M10-L16 \u00d820<br \/>\n3A HN M10-L24 \u00d820<\/p>\n<p>3A HN M12-L18 \u00d822<br \/>\n3A HN M12-L27 \u00d822<\/p>\n<p>3A HN M16-L20 \u00d828<br \/>\n3A HN M16-L30 \u00d828<\/p>\n<p>3A HN M20-L22 \u00d832<br \/>\n3A HN M20-L33 \u00d832<\/p>\n<p>3A HN M24-L24 \u00d836<br \/>\n3A HN M24-L36 \u00d836<\/p>\n<p>3A HN M30-L26 \u00d846<br \/>\n3A HN M30-L39 \u00d846<\/p>\n<p><a href=\"https:\/\/nhkmachineryparts.com\/fr\/gamme-de-produits\/\">D\u00e9couvrez notre gamme de produits ici | Pi\u00e8ces de machines NHK<\/a><\/p>\n<p><a href=\"https:\/\/nhkmachineryparts.com\/fr\/contact\/\">Contactez-nous pour une solution hygi\u00e9nique<\/a><\/p>\n<p><a class=\"btn btn-default btn-sm btn-bordered border-thick btn-bordered-gradient btn-has-label ld_button_659f848cbf99c vc_custom_1695064545432\" href=\"https:\/\/nhkmachineryparts.com\/fr\/catalogue\/#modal-box\" data-lity=\"#modal-box\"><span class=\"btn-txt\" data-text=\"Get our catalogue here\">Obtenez notre catalogue ici<\/span><\/a><\/p>\n<h2>\u00c9crou hygi\u00e9nique EHEDG en acier inoxydable :<\/h2>\n<h3>Assurer l&#039;hygi\u00e8ne et la durabilit\u00e9 dans la transformation des aliments et des produits pharmaceutiques<\/h3>\n<p>Dans <a href=\"https:\/\/nhkmachineryparts.com\/fr\/our-industries\/\" data-internallinksmanager029f6b8e52c=\"4\" title=\"Nos secteurs\">les industries<\/a> Lorsque l&#039;hygi\u00e8ne est une priorit\u00e9, comme dans la transformation des aliments, les produits pharmaceutiques et la biotechnologie, la qualit\u00e9 de chaque composant joue un r\u00f4le essentiel. L&#039;un de ces composants essentiels est le <strong><a href=\"https:\/\/nhkmachineryparts.com\/fr\/quelle-est-la-difference-entre-3a-et-ehedg\/\" data-internallinksmanager029f6b8e52c=\"2\" title=\"Pi\u00e8ces de machines certifi\u00e9es EHEDG\">EHEDG<\/a> \u00e9crou hygi\u00e9nique en acier inoxydable<\/strong>, qui garantit \u00e0 la fois l&#039;int\u00e9grit\u00e9 structurelle et la conformit\u00e9 aux normes d&#039;hygi\u00e8ne des \u00e9quipements utilis\u00e9s dans ces industries. Cet article se penchera sur les caract\u00e9ristiques et les avantages uniques de cette pi\u00e8ce essentielle et sur la mani\u00e8re dont elle contribue \u00e0 optimiser la conception et la maintenance des machines.<\/p>\n<h2>Qu&#039;est-ce qu&#039;un \u00e9crou hygi\u00e9nique EHEDG ?<\/h2>\n<p>Le <strong>\u00c9crou hygi\u00e9nique EHEDG<\/strong> est un composant de fixation sp\u00e9cialis\u00e9 fabriqu\u00e9 en acier inoxydable de haute qualit\u00e9. Il est con\u00e7u pour r\u00e9pondre aux normes strictes d&#039;hygi\u00e8ne et de s\u00e9curit\u00e9 requises dans la fabrication d&#039;aliments, de boissons et de produits pharmaceutiques. Ce type d&#039;\u00e9crou est certifi\u00e9 par des organisations telles que <strong>Groupe europ\u00e9en d&#039;ing\u00e9nierie et de conception en mati\u00e8re d&#039;hygi\u00e8ne (EHEDG)<\/strong> et <strong>Normes sanitaires<\/strong>, qui se concentrent sur la promotion des normes les plus \u00e9lev\u00e9es de propret\u00e9 et de s\u00e9curit\u00e9 alimentaire dans les \u00e9quipements de transformation.<\/p>\n<p>Les \u00e9crous hygi\u00e9niques EHEDG s&#039;inscrivent dans un ensemble plus large de directives visant \u00e0 pr\u00e9venir la contamination et \u00e0 garantir la s\u00e9curit\u00e9 des produits alimentaires et pharmaceutiques. Ces \u00e9crous sont con\u00e7us pour emp\u00eacher l&#039;accumulation de salet\u00e9s, de bact\u00e9ries et d&#039;autres contaminants dans les zones difficiles \u00e0 nettoyer, un probl\u00e8me fr\u00e9quent avec les composants de fixation standard.<\/p>\n<h2>Principales caract\u00e9ristiques des \u00e9crous hygi\u00e9niques EHEDG<\/h2>\n<h3>1. <strong>R\u00e9sistance \u00e0 la corrosion<\/strong><\/h3>\n<p>L\u2019un des principaux avantages de l\u2019utilisation <strong>\u00e9crous hygi\u00e9niques EHEDG en acier inoxydable<\/strong> est leur excellente r\u00e9sistance \u00e0 la corrosion. L&#039;acier inoxydable, en particulier les nuances telles que l&#039;AISI 304 ou 316, est tr\u00e8s r\u00e9sistant \u00e0 l&#039;oxydation et aux taches. Cela rend ces \u00e9crous id\u00e9aux pour les environnements soumis \u00e0 des lavages fr\u00e9quents, \u00e0 une exposition \u00e0 l&#039;humidit\u00e9 ou \u00e0 une interaction avec des agents de nettoyage agressifs utilis\u00e9s dans les applications hygi\u00e9niques.<\/p>\n<h3>2. <strong>Facile \u00e0 nettoyer et \u00e0 entretenir<\/strong><\/h3>\n<p>La conception de l&#039;\u00e9crou hygi\u00e9nique EHEDG garantit une surface lisse, non poreuse et exempte de filetages susceptibles de retenir des contaminants. Cela facilite son nettoyage, un atout essentiel dans les secteurs o\u00f9 l&#039;hygi\u00e8ne est primordiale. L&#039;absence de fissures ou de rainures permet aux agents nettoyants d&#039;atteindre facilement toutes les surfaces, emp\u00eachant ainsi l&#039;accumulation de bact\u00e9ries, de moisissures et d&#039;autres agents nocifs.<\/p>\n<h3>3. <strong>Haute durabilit\u00e9 et long\u00e9vit\u00e9<\/strong><\/h3>\n<p>Les \u00e9crous hygi\u00e9niques EHEDG sont con\u00e7us pour offrir des performances \u00e9lev\u00e9es dans des environnements exigeants. Ils r\u00e9sistent aux temp\u00e9ratures extr\u00eames et aux variations de pression, fr\u00e9quentes sur les \u00e9quipements de transformation. Leur durabilit\u00e9 r\u00e9duit la fr\u00e9quence des remplacements et contribue \u00e0 assurer le fonctionnement continu des machines sans interruption de service co\u00fbteuse.<\/p>\n<h3>4. <strong>Ing\u00e9nierie de pr\u00e9cision<\/strong><\/h3>\n<p>Les \u00e9crous hygi\u00e9niques EHEDG sont fabriqu\u00e9s avec pr\u00e9cision pour r\u00e9pondre \u00e0 des exigences sp\u00e9cifiques. Cela garantit un ajustement s\u00fbr et serr\u00e9, r\u00e9duisant ainsi les risques de dysfonctionnement des machines ou de contamination des produits. Leur conception standardis\u00e9e assure \u00e9galement leur compatibilit\u00e9 avec une large gamme d&#039;\u00e9quipements, ce qui en fait un choix polyvalent pour les fabricants.<\/p>\n<h3>5. <strong>Conformit\u00e9 aux normes d&#039;hygi\u00e8ne<\/strong><\/h3>\n<p>Le <strong>Norme de certification EHEDG<\/strong> garantit que ces noix sont conformes aux r\u00e9glementations internationales en mati\u00e8re de s\u00e9curit\u00e9 et d&#039;hygi\u00e8ne. Qu&#039;ils soient utilis\u00e9s dans l&#039;industrie agroalimentaire ou dans le secteur pharmaceutique, ces composants r\u00e9pondent aux crit\u00e8res critiques d&#039;hygi\u00e8ne, \u00e9vitant ainsi toute contamination crois\u00e9e dans les processus de production.<\/p>\n<h2>Applications des \u00e9crous hygi\u00e9niques EHEDG<\/h2>\n<p>Les \u00e9crous hygi\u00e9niques EHEDG sont utilis\u00e9s dans de nombreuses applications et dans de nombreux secteurs. Parmi les utilisations notables, on peut citer\u00a0:<\/p>\n<ul>\n<li><strong>Pr\u00e9paration des aliments<\/strong>:Dans les installations de production alimentaire, les \u00e9crous hygi\u00e9niques sont utilis\u00e9s pour s\u00e9curiser les \u00e9quipements tels que les pasteurisateurs, les m\u00e9langeurs et les convoyeurs, qui n\u00e9cessitent tous un nettoyage r\u00e9gulier.<\/li>\n<li><strong>Fabrication pharmaceutique<\/strong>:Ces \u00e9crous sont couramment utilis\u00e9s dans les \u00e9quipements de traitement pharmaceutique, y compris les m\u00e9langeurs, les r\u00e9acteurs et les machines de remplissage, o\u00f9 la propret\u00e9 et la pr\u00e9cision sont primordiales.<\/li>\n<li><strong>Biotechnologie<\/strong>:Dans les installations de biotechnologie, ces noix sont souvent utilis\u00e9es dans les cuves de fermentation, les r\u00e9acteurs et les syst\u00e8mes de filtration, o\u00f9 des conditions d\u2019hygi\u00e8ne strictes doivent \u00eatre maintenues.<\/li>\n<\/ul>\n<h2>Pourquoi choisir les noix hygi\u00e9niques EHEDG ?<\/h2>\n<p>Dans les industries o\u00f9 l\u2019hygi\u00e8ne n\u2019est pas n\u00e9gociable, <strong>\u00c9crous hygi\u00e9niques EHEDG en acier inoxydable<\/strong> Ils offrent la solution id\u00e9ale pour r\u00e9pondre \u00e0 des normes \u00e9lev\u00e9es de propret\u00e9, de durabilit\u00e9 et de fonctionnalit\u00e9. Leur r\u00e9sistance \u00e0 la corrosion, leur conception facile \u00e0 nettoyer et leur compatibilit\u00e9 avec divers types d&#039;\u00e9quipements hygi\u00e9niques les rendent indispensables pour les industries agroalimentaire, pharmaceutique et biotechnologique. Que vous conceviez de nouveaux \u00e9quipements ou modernisiez des machines existantes, l&#039;int\u00e9gration de composants certifi\u00e9s EHEDG garantit la conformit\u00e9, l&#039;efficacit\u00e9 et la s\u00e9curit\u00e9 de vos op\u00e9rations.<\/p>\n<p>En choisissant les \u00e9crous hygi\u00e9niques EHEDG, vous investissez dans un composant qui non seulement am\u00e9liore la fiabilit\u00e9 et la long\u00e9vit\u00e9 de votre \u00e9quipement, mais contribue \u00e9galement \u00e0 un environnement de fabrication plus propre et plus s\u00fbr.<\/p>\n\n\t\t<\/div>\n\t<\/div>\n<\/div><\/div><\/div><\/div><\/div><\/section>","protected":false},"excerpt":{"rendered":"A Must-Have for Hygienic Equipment The seal blocks out water and bacteria and also prevents a non-hygienic metal-to-metal assembly. The design of the nuts does not deviate from the sizes of current standard nuts. Therefore, wrench sizes, thread heights etc. all remains the same making it very easy to upgrade and replace standard nuts. This [...]","protected":false},"featured_media":8627,"template":"","meta":[],"product_brand":[],"product_cat":[98],"product_tag":[],"class_list":{"0":"post-5542","1":"product","2":"type-product","3":"status-publish","4":"has-post-thumbnail","6":"product_cat-ehedg-certified-3a-ssi-standard-components","8":"first","9":"instock","10":"shipping-taxable","11":"product-type-simple"},"yoast_head":"<!-- This site is optimized with the Yoast SEO plugin v27.2 - https:\/\/yoast.com\/product\/yoast-seo-wordpress\/ -->\n<title>EHEDG-certified nut | NHK Machinery Parts<\/title>\n<meta name=\"description\" content=\"Benefits and features of EHEDG Hygienic Nuts in Stainless Steel, ideal for applications in the food and pharmaceutical industries.\" \/>\n<meta name=\"robots\" content=\"index, follow, max-snippet:-1, max-image-preview:large, max-video-preview:-1\" \/>\n<link rel=\"canonical\" href=\"https:\/\/nhkmachineryparts.com\/fr\/produit\/ehedg-3a-ecrou-hygienique-en-inox\/\" \/>\n<meta property=\"og:locale\" content=\"fr_FR\" \/>\n<meta property=\"og:type\" content=\"article\" \/>\n<meta property=\"og:title\" content=\"EHEDG-certified nut | NHK Machinery Parts\" \/>\n<meta property=\"og:description\" content=\"Benefits and features of EHEDG Hygienic Nuts in Stainless Steel, ideal for applications in the food and pharmaceutical industries.\" \/>\n<meta property=\"og:url\" content=\"https:\/\/nhkmachineryparts.com\/fr\/produit\/ehedg-3a-ecrou-hygienique-en-inox\/\" \/>\n<meta property=\"og:site_name\" content=\"NHK Machinery Parts\" \/>\n<meta property=\"article:publisher\" content=\"https:\/\/www.facebook.com\/NHK.Group.aps\" \/>\n<meta property=\"article:modified_time\" content=\"2026-02-27T13:59:45+00:00\" \/>\n<meta property=\"og:image\" content=\"https:\/\/nhkmachineryparts.com\/wp-content\/uploads\/2023\/07\/EHEDG-Hygienic-3A-nut.jpg\" \/>\n\t<meta property=\"og:image:width\" content=\"1000\" \/>\n\t<meta property=\"og:image:height\" content=\"1000\" \/>\n\t<meta property=\"og:image:type\" content=\"image\/jpeg\" \/>\n<meta name=\"twitter:card\" content=\"summary_large_image\" \/>\n<meta name=\"twitter:label1\" content=\"Dur\u00e9e de lecture estim\u00e9e\" \/>\n\t<meta name=\"twitter:data1\" content=\"5 minutes\" \/>\n<script type=\"application\/ld+json\" class=\"yoast-schema-graph\">{\"@context\":\"https:\/\/schema.org\",\"@graph\":[{\"@type\":\"WebPage\",\"@id\":\"https:\/\/nhkmachineryparts.com\/product\/ehedg-3a-hygienic-nut-in-stainless-steel\/\",\"url\":\"https:\/\/nhkmachineryparts.com\/product\/ehedg-3a-hygienic-nut-in-stainless-steel\/\",\"name\":\"EHEDG-certified nut | NHK Machinery Parts\",\"isPartOf\":{\"@id\":\"https:\/\/nhkmachineryparts.com\/#website\"},\"primaryImageOfPage\":{\"@id\":\"https:\/\/nhkmachineryparts.com\/product\/ehedg-3a-hygienic-nut-in-stainless-steel\/#primaryimage\"},\"image\":{\"@id\":\"https:\/\/nhkmachineryparts.com\/product\/ehedg-3a-hygienic-nut-in-stainless-steel\/#primaryimage\"},\"thumbnailUrl\":\"https:\/\/nhkmachineryparts.com\/wp-content\/uploads\/2023\/07\/EHEDG-Hygienic-3A-nut.jpg\",\"datePublished\":\"2023-07-14T07:16:02+00:00\",\"dateModified\":\"2026-02-27T13:59:45+00:00\",\"description\":\"Benefits and features of EHEDG Hygienic Nuts in Stainless Steel, ideal for applications in the food and pharmaceutical industries.\",\"breadcrumb\":{\"@id\":\"https:\/\/nhkmachineryparts.com\/product\/ehedg-3a-hygienic-nut-in-stainless-steel\/#breadcrumb\"},\"inLanguage\":\"fr-FR\",\"potentialAction\":[{\"@type\":\"ReadAction\",\"target\":[\"https:\/\/nhkmachineryparts.com\/product\/ehedg-3a-hygienic-nut-in-stainless-steel\/\"]}]},{\"@type\":\"ImageObject\",\"inLanguage\":\"fr-FR\",\"@id\":\"https:\/\/nhkmachineryparts.com\/product\/ehedg-3a-hygienic-nut-in-stainless-steel\/#primaryimage\",\"url\":\"https:\/\/nhkmachineryparts.com\/wp-content\/uploads\/2023\/07\/EHEDG-Hygienic-3A-nut.jpg\",\"contentUrl\":\"https:\/\/nhkmachineryparts.com\/wp-content\/uploads\/2023\/07\/EHEDG-Hygienic-3A-nut.jpg\",\"width\":1000,\"height\":1000,\"caption\":\"EHEDG Hygienic 3A nut\"},{\"@type\":\"BreadcrumbList\",\"@id\":\"https:\/\/nhkmachineryparts.com\/product\/ehedg-3a-hygienic-nut-in-stainless-steel\/#breadcrumb\",\"itemListElement\":[{\"@type\":\"ListItem\",\"position\":1,\"name\":\"Home\",\"item\":\"https:\/\/nhkmachineryparts.com\/\"},{\"@type\":\"ListItem\",\"position\":2,\"name\":\"Product line\",\"item\":\"https:\/\/nhkmachineryparts.com\/product-line\/\"},{\"@type\":\"ListItem\",\"position\":3,\"name\":\"Certified EHEDG standard components\",\"item\":\"https:\/\/nhkmachineryparts.com\/product-line\/ehedg-certified-3a-ssi-standard-components\/\"},{\"@type\":\"ListItem\",\"position\":4,\"name\":\"EHEDG-certified nut\"}]},{\"@type\":\"WebSite\",\"@id\":\"https:\/\/nhkmachineryparts.com\/#website\",\"url\":\"https:\/\/nhkmachineryparts.com\/\",\"name\":\"NHK Machinery Parts\",\"description\":\"Bearing Houses, seismic levelling feet and levelling castors\",\"publisher\":{\"@id\":\"https:\/\/nhkmachineryparts.com\/#organization\"},\"potentialAction\":[{\"@type\":\"SearchAction\",\"target\":{\"@type\":\"EntryPoint\",\"urlTemplate\":\"https:\/\/nhkmachineryparts.com\/?s={search_term_string}\"},\"query-input\":{\"@type\":\"PropertyValueSpecification\",\"valueRequired\":true,\"valueName\":\"search_term_string\"}}],\"inLanguage\":\"fr-FR\"},{\"@type\":\"Organization\",\"@id\":\"https:\/\/nhkmachineryparts.com\/#organization\",\"name\":\"Nhk Group ApS\",\"url\":\"https:\/\/nhkmachineryparts.com\/\",\"logo\":{\"@type\":\"ImageObject\",\"inLanguage\":\"fr-FR\",\"@id\":\"https:\/\/nhkmachineryparts.com\/#\/schema\/logo\/image\/\",\"url\":\"https:\/\/nhkmachineryparts.com\/wp-content\/uploads\/2022\/09\/NHKgroup_social.jpg\",\"contentUrl\":\"https:\/\/nhkmachineryparts.com\/wp-content\/uploads\/2022\/09\/NHKgroup_social.jpg\",\"width\":1200,\"height\":630,\"caption\":\"Nhk Group ApS\"},\"image\":{\"@id\":\"https:\/\/nhkmachineryparts.com\/#\/schema\/logo\/image\/\"},\"sameAs\":[\"https:\/\/www.facebook.com\/NHK.Group.aps\"]}]}<\/script>\n<!-- \/ Yoast SEO plugin. -->","yoast_head_json":{"title":"EHEDG-certified nut | NHK Machinery Parts","description":"Avantages et caract\u00e9ristiques des \u00e9crous hygi\u00e9niques EHEDG en acier inoxydable, id\u00e9aux pour les applications dans les industries alimentaires et pharmaceutiques.","robots":{"index":"index","follow":"follow","max-snippet":"max-snippet:-1","max-image-preview":"max-image-preview:large","max-video-preview":"max-video-preview:-1"},"canonical":"https:\/\/nhkmachineryparts.com\/fr\/produit\/ehedg-3a-ecrou-hygienique-en-inox\/","og_locale":"fr_FR","og_type":"article","og_title":"EHEDG-certified nut | NHK Machinery Parts","og_description":"Benefits and features of EHEDG Hygienic Nuts in Stainless Steel, ideal for applications in the food and pharmaceutical industries.","og_url":"https:\/\/nhkmachineryparts.com\/fr\/produit\/ehedg-3a-ecrou-hygienique-en-inox\/","og_site_name":"NHK Machinery Parts","article_publisher":"https:\/\/www.facebook.com\/NHK.Group.aps","article_modified_time":"2026-02-27T13:59:45+00:00","og_image":[{"width":1000,"height":1000,"url":"https:\/\/nhkmachineryparts.com\/wp-content\/uploads\/2023\/07\/EHEDG-Hygienic-3A-nut.jpg","type":"image\/jpeg"}],"twitter_card":"summary_large_image","twitter_misc":{"Dur\u00e9e de lecture estim\u00e9e":"5 minutes"},"schema":{"@context":"https:\/\/schema.org","@graph":[{"@type":"WebPage","@id":"https:\/\/nhkmachineryparts.com\/product\/ehedg-3a-hygienic-nut-in-stainless-steel\/","url":"https:\/\/nhkmachineryparts.com\/product\/ehedg-3a-hygienic-nut-in-stainless-steel\/","name":"EHEDG-certified nut | NHK Machinery Parts","isPartOf":{"@id":"https:\/\/nhkmachineryparts.com\/#website"},"primaryImageOfPage":{"@id":"https:\/\/nhkmachineryparts.com\/product\/ehedg-3a-hygienic-nut-in-stainless-steel\/#primaryimage"},"image":{"@id":"https:\/\/nhkmachineryparts.com\/product\/ehedg-3a-hygienic-nut-in-stainless-steel\/#primaryimage"},"thumbnailUrl":"https:\/\/nhkmachineryparts.com\/wp-content\/uploads\/2023\/07\/EHEDG-Hygienic-3A-nut.jpg","datePublished":"2023-07-14T07:16:02+00:00","dateModified":"2026-02-27T13:59:45+00:00","description":"Avantages et caract\u00e9ristiques des \u00e9crous hygi\u00e9niques EHEDG en acier inoxydable, id\u00e9aux pour les applications dans les industries alimentaires et pharmaceutiques.","breadcrumb":{"@id":"https:\/\/nhkmachineryparts.com\/product\/ehedg-3a-hygienic-nut-in-stainless-steel\/#breadcrumb"},"inLanguage":"fr-FR","potentialAction":[{"@type":"ReadAction","target":["https:\/\/nhkmachineryparts.com\/product\/ehedg-3a-hygienic-nut-in-stainless-steel\/"]}]},{"@type":"ImageObject","inLanguage":"fr-FR","@id":"https:\/\/nhkmachineryparts.com\/product\/ehedg-3a-hygienic-nut-in-stainless-steel\/#primaryimage","url":"https:\/\/nhkmachineryparts.com\/wp-content\/uploads\/2023\/07\/EHEDG-Hygienic-3A-nut.jpg","contentUrl":"https:\/\/nhkmachineryparts.com\/wp-content\/uploads\/2023\/07\/EHEDG-Hygienic-3A-nut.jpg","width":1000,"height":1000,"caption":"EHEDG Hygienic 3A nut"},{"@type":"BreadcrumbList","@id":"https:\/\/nhkmachineryparts.com\/product\/ehedg-3a-hygienic-nut-in-stainless-steel\/#breadcrumb","itemListElement":[{"@type":"ListItem","position":1,"name":"Home","item":"https:\/\/nhkmachineryparts.com\/"},{"@type":"ListItem","position":2,"name":"Product line","item":"https:\/\/nhkmachineryparts.com\/product-line\/"},{"@type":"ListItem","position":3,"name":"Certified EHEDG standard components","item":"https:\/\/nhkmachineryparts.com\/product-line\/ehedg-certified-3a-ssi-standard-components\/"},{"@type":"ListItem","position":4,"name":"EHEDG-certified nut"}]},{"@type":"WebSite","@id":"https:\/\/nhkmachineryparts.com\/#website","url":"https:\/\/nhkmachineryparts.com\/","name":"Pi\u00e8ces d\u00e9tach\u00e9es pour machines NHK","description":"Corps de roulement, pieds de nivellement sismiques et roulettes de nivellement","publisher":{"@id":"https:\/\/nhkmachineryparts.com\/#organization"},"potentialAction":[{"@type":"SearchAction","target":{"@type":"EntryPoint","urlTemplate":"https:\/\/nhkmachineryparts.com\/?s={search_term_string}"},"query-input":{"@type":"PropertyValueSpecification","valueRequired":true,"valueName":"search_term_string"}}],"inLanguage":"fr-FR"},{"@type":"Organization","@id":"https:\/\/nhkmachineryparts.com\/#organization","name":"Nhk Group ApS","url":"https:\/\/nhkmachineryparts.com\/","logo":{"@type":"ImageObject","inLanguage":"fr-FR","@id":"https:\/\/nhkmachineryparts.com\/#\/schema\/logo\/image\/","url":"https:\/\/nhkmachineryparts.com\/wp-content\/uploads\/2022\/09\/NHKgroup_social.jpg","contentUrl":"https:\/\/nhkmachineryparts.com\/wp-content\/uploads\/2022\/09\/NHKgroup_social.jpg","width":1200,"height":630,"caption":"Nhk Group ApS"},"image":{"@id":"https:\/\/nhkmachineryparts.com\/#\/schema\/logo\/image\/"},"sameAs":["https:\/\/www.facebook.com\/NHK.Group.aps"]}]}},"_links":{"self":[{"href":"https:\/\/nhkmachineryparts.com\/fr\/wp-json\/wp\/v2\/product\/5542","targetHints":{"allow":["GET"]}}],"collection":[{"href":"https:\/\/nhkmachineryparts.com\/fr\/wp-json\/wp\/v2\/product"}],"about":[{"href":"https:\/\/nhkmachineryparts.com\/fr\/wp-json\/wp\/v2\/types\/product"}],"wp:featuredmedia":[{"embeddable":true,"href":"https:\/\/nhkmachineryparts.com\/fr\/wp-json\/wp\/v2\/media\/8627"}],"wp:attachment":[{"href":"https:\/\/nhkmachineryparts.com\/fr\/wp-json\/wp\/v2\/media?parent=5542"}],"wp:term":[{"taxonomy":"product_brand","embeddable":true,"href":"https:\/\/nhkmachineryparts.com\/fr\/wp-json\/wp\/v2\/product_brand?post=5542"},{"taxonomy":"product_cat","embeddable":true,"href":"https:\/\/nhkmachineryparts.com\/fr\/wp-json\/wp\/v2\/product_cat?post=5542"},{"taxonomy":"product_tag","embeddable":true,"href":"https:\/\/nhkmachineryparts.com\/fr\/wp-json\/wp\/v2\/product_tag?post=5542"}],"curies":[{"name":"wp","href":"https:\/\/api.w.org\/{rel}","templated":true}]}}