{"id":5514,"date":"2023-07-13T15:08:14","date_gmt":"2023-07-13T13:08:14","guid":{"rendered":"https:\/\/nhkmachineryparts.com\/?post_type=product&#038;p=5514"},"modified":"2026-02-27T16:00:04","modified_gmt":"2026-02-27T14:00:04","slug":"ehedg-hygienic-3a-corner-nut-en-inox","status":"publish","type":"product","link":"https:\/\/nhkmachineryparts.com\/fr\/product\/ehedg-hygienic-3a-corner-nut-in-stainless-steel\/","title":{"rendered":"EHEDG-certified corner nut"},"content":{"rendered":"<section class=\"vc_row liquid-row-shadowbox-69d0da62337e8\"><div class=\"ld-container container\"><div class=\"row ld-row ld-row-outer\"><div class=\"wpb_column vc_column_container vc_col-sm-12 liquid-column-69d0da6233a3b\"><div class=\"vc_column-inner\" ><div class=\"wpb_wrapper\"  >\n\t<div class=\"wpb_text_column wpb_content_element\" >\n\t\t<div class=\"wpb_wrapper\">\n\t\t\t<h2>Assurer l&#039;hygi\u00e8ne et la durabilit\u00e9<\/h2>\n<p>Ces accessoires constituent le choix optimal pour les \u00e9quipements qui doivent r\u00e9pondre \u00e0 des exigences strictes en mati\u00e8re d&#039;hygi\u00e8ne.<\/p>\n<p>Le joint bloque l&#039;eau et les bact\u00e9ries et emp\u00eache \u00e9galement un assemblage m\u00e9tal sur m\u00e9tal non hygi\u00e9nique.<\/p>\n<p>Surfaces autodrainantes avec une rugosit\u00e9 maximale de 0,8 \u00b5m Ra.<br \/>\nMat\u00e9riau Acier inoxydable 1.4301 et joint silicone.<\/p>\n<h2>\u00c9crou d&#039;angle hygi\u00e9nique EHEDG<\/h2>\n<p>3A CN M5-L15 \u00d812<br \/>\n3A CN M5-L25 \u00d812<\/p>\n<p>3A CN M6-L15 \u00d812<br \/>\n3A CN M6-L25 \u00d812<\/p>\n<p>3A CN M8-L15 \u00d815<br \/>\n3A CN M8-L25 \u00d815<\/p>\n<p>3A CN M10-L20 \u00d820<br \/>\n3A CN M10-L30 \u00d820<\/p>\n<p>3A CN M12-L20 \u00d822<br \/>\n3A CN M12-L30 \u00d822<\/p>\n<p>3A CN M16-L30 \u00d828<br \/>\n3A CN M16-L40 \u00d828<\/p>\n<p>3A CN M20-L30 \u00d832<br \/>\n3A CN M20-L40 \u00d832<\/p>\n<p>3A CN M24-L40 \u00d836<br \/>\n3A CN M24-L50 \u00d836<\/p>\n<p>3A CN M30-L40 \u00d846<br \/>\n3A CN M30-L50 \u00d846<\/p>\n<p><a href=\"https:\/\/nhkmachineryparts.com\/fr\/gamme-de-produits\/\">D\u00e9couvrez nos produits pour des \u00e9conomies \u00e0 long terme ici<\/a><\/p>\n<p><a href=\"https:\/\/nhkmachineryparts.com\/fr\/contact\/\">Contactez-nous pour une solution hygi\u00e9nique<\/a><\/p>\n<p><a class=\"btn btn-default btn-sm btn-bordered border-thick btn-bordered-gradient btn-has-label ld_button_659f848cbf99c vc_custom_1695064545432\" href=\"https:\/\/nhkmachineryparts.com\/fr\/catalogue\/#modal-box\" data-lity=\"#modal-box\"><span class=\"btn-txt\" data-text=\"Get our catalogue here\">Obtenez notre catalogue ici<\/span><\/a><\/p>\n<h2>Qu&#039;est-ce qu&#039;un \u00e9crou d&#039;angle hygi\u00e9nique EHEDG ?<\/h2>\n<p>Dans <a href=\"https:\/\/nhkmachineryparts.com\/fr\/our-industries\/\" data-internallinksmanager029f6b8e52c=\"4\" title=\"Nos secteurs\">les industries<\/a> Lorsque l&#039;hygi\u00e8ne et la s\u00e9curit\u00e9 sont primordiales, comme dans le secteur de la transformation des aliments et des produits pharmaceutiques, l&#039;utilisation de composants certifi\u00e9s est indispensable. <strong><a href=\"https:\/\/nhkmachineryparts.com\/fr\/quelle-est-la-difference-entre-3a-et-ehedg\/\" data-internallinksmanager029f6b8e52c=\"2\" title=\"Pi\u00e8ces de machines certifi\u00e9es EHEDG\">EHEDG<\/a> \u00c9crou d&#039;angle hygi\u00e9nique en acier inoxydable<\/strong> est un composant de fixation sp\u00e9cialis\u00e9 con\u00e7u pour r\u00e9pondre \u00e0 des normes d&#039;hygi\u00e8ne strictes. Certifi\u00e9 par <strong>EHEDG (Groupe europ\u00e9en d&#039;ing\u00e9nierie et de conception hygi\u00e9nique)<\/strong> et <strong>Normes sanitaires<\/strong>, ces \u00e9crous d&#039;angle jouent un r\u00f4le crucial dans le maintien de l&#039;int\u00e9grit\u00e9 et de la propret\u00e9 des \u00e9quipements utilis\u00e9s dans les environnements de transformation des aliments et des produits pharmaceutiques.<\/p>\n<h2>Principales caract\u00e9ristiques et avantages des \u00e9crous d&#039;angle hygi\u00e9niques EHEDG<\/h2>\n<ol>\n<li><strong>Conception hygi\u00e9nique\u00a0:<\/strong><br \/>\nLes \u00e9crous d&#039;angle hygi\u00e9niques EHEDG sont sp\u00e9cialement con\u00e7us pour emp\u00eacher l&#039;accumulation de contaminants dans les zones difficiles d&#039;acc\u00e8s. Leur surface lisse et sans fissures emp\u00eache la prolif\u00e9ration bact\u00e9rienne et facilite le nettoyage, ce qui les rend id\u00e9aux pour les environnements hygi\u00e9niques.<\/li>\n<li><strong>Durabilit\u00e9 et r\u00e9sistance \u00e0 la corrosion :<\/strong><br \/>\nFabriqu\u00e9s en acier inoxydable de haute qualit\u00e9, ces \u00e9crous d&#039;angle offrent une r\u00e9sistance exceptionnelle \u00e0 la corrosion, garantissant une long\u00e9vit\u00e9 m\u00eame dans des conditions difficiles. L&#039;acier inoxydable offre \u00e9galement une r\u00e9sistance aux produits chimiques couramment utilis\u00e9s dans les processus de nettoyage et de d\u00e9sinfection, garantissant que les \u00e9crous conservent leur r\u00e9sistance et leurs propri\u00e9t\u00e9s d&#039;hygi\u00e8ne au fil du temps.<\/li>\n<li><strong>Certifications\u00a0:<\/strong><br \/>\nCes \u00e9crous d&#039;angle sont certifi\u00e9s selon les deux normes <strong>EHEDG<\/strong> et <strong>Normes sanitaires<\/strong>, garantissant qu&#039;ils respectent ou d\u00e9passent les exigences d&#039;hygi\u00e8ne et de s\u00e9curit\u00e9 des industries agroalimentaire et pharmaceutique. La certification EHEDG garantit que les composants respectent les meilleures pratiques en mati\u00e8re d&#039;ing\u00e9nierie hygi\u00e9nique, tandis que <strong>Normes sanitaires<\/strong> la certification fournit une couche de confiance suppl\u00e9mentaire, en particulier pour le march\u00e9 am\u00e9ricain.<\/li>\n<li><strong>Polyvalence dans les applications :<\/strong><br \/>\nLes \u00e9crous d&#039;angle EHEDG sont polyvalents et conviennent \u00e0 de nombreuses applications dans les industries agroalimentaires et pharmaceutiques, notamment sur les machines, les ch\u00e2ssis d&#039;\u00e9quipements et les syst\u00e8mes de tuyauterie. Que ce soit dans les industries laiti\u00e8re, des boissons ou pharmaceutique, ces \u00e9crous d&#039;angle garantissent un acc\u00e8s facile aux \u00e9quipements pour le nettoyage, l&#039;entretien et la d\u00e9sinfection.<\/li>\n<\/ol>\n<h2>Applications dans les industries agroalimentaires et pharmaceutiques<\/h2>\n<ol>\n<li><strong>Pr\u00e9paration des aliments:<\/strong><br \/>\nDans les usines de transformation alimentaire, l&#039;hygi\u00e8ne est essentielle pour pr\u00e9venir la contamination. Les \u00e9crous d&#039;angle hygi\u00e9niques EHEDG sont utilis\u00e9s pour fixer des pi\u00e8ces d&#039;\u00e9quipement telles que les convoyeurs, les m\u00e9langeurs et les lignes de remplissage. Leur r\u00e9sistance aux lavages haute pression et \u00e0 l&#039;exposition aux produits de nettoyage agressifs les rend parfaits pour les environnements de production alimentaire o\u00f9 la propret\u00e9 est un imp\u00e9ratif.<\/li>\n<li><strong>Fabrication pharmaceutique\u00a0:<\/strong><br \/>\nL&#039;industrie pharmaceutique exige \u00e9galement des normes d&#039;hygi\u00e8ne strictes. Les \u00e9quipements utilis\u00e9s dans ce secteur doivent \u00eatre con\u00e7us pour minimiser les risques de contamination, notamment lors de la production de m\u00e9dicaments, de vaccins et de compl\u00e9ments alimentaires. Les propri\u00e9t\u00e9s hygi\u00e9niques des \u00e9crous d&#039;angle EHEDG en font la solution id\u00e9ale pour la fixation des composants des \u00e9quipements de fabrication pharmaceutique, tels que les syst\u00e8mes de filtration et les r\u00e9acteurs.<\/li>\n<li><strong>Transformation des produits laitiers et des boissons :<\/strong><br \/>\nLes usines de produits laitiers et de boissons b\u00e9n\u00e9ficient de l&#039;utilisation des \u00e9crous d&#039;angle hygi\u00e9niques EHEDG, car ils garantissent les conditions sanitaires n\u00e9cessaires. Dans ces industries, o\u00f9 sont transform\u00e9s et conditionn\u00e9s des produits comme le lait, les yaourts, les jus et les boissons gazeuses, ces \u00e9crous emp\u00eachent l&#039;accumulation de bact\u00e9ries, contribuant ainsi au respect des r\u00e9glementations en mati\u00e8re de s\u00e9curit\u00e9 alimentaire.<\/li>\n<\/ol>\n<h2>Avantages par rapport aux fixations traditionnelles<\/h2>\n<p>Les fixations traditionnelles pr\u00e9sentent souvent des espaces, des filetages ou des fissures o\u00f9 la salet\u00e9 et les bact\u00e9ries peuvent s&#039;accumuler. Ces zones difficiles d&#039;acc\u00e8s pr\u00e9sentent un risque de contamination important, notamment dans les applications sanitaires. En revanche, les \u00e9crous d&#039;angle hygi\u00e9niques EHEDG pr\u00e9sentent des surfaces lisses et moins de fissures, ce qui minimise les risques de contamination.<\/p>\n<p>La r\u00e9sistance \u00e0 la corrosion et la durabilit\u00e9 de l&#039;acier inoxydable garantissent que ces fixations conservent leur int\u00e9grit\u00e9 structurelle, m\u00eame lors de cycles de nettoyage extr\u00eames. L&#039;avantage suppl\u00e9mentaire est leur longue dur\u00e9e de vie, ce qui signifie que moins de remplacements sont n\u00e9cessaires, ce qui se traduit par des \u00e9conomies de co\u00fbts au fil du temps.<\/p>\n<h2>L&#039;importance des \u00e9crous d&#039;angle hygi\u00e9niques EHEDG en acier inoxydable<\/h2>\n<h3>Pour les industries alimentaires, pharmaceutiques et autres industries sensibles \u00e0 l&#039;hygi\u00e8ne<\/h3>\n<p>Le <strong>Ecrou d&#039;angle hygi\u00e9nique EHEDG en acier inoxydable<\/strong> est un \u00e9l\u00e9ment essentiel pour garantir l&#039;hygi\u00e8ne, la s\u00e9curit\u00e9 et la durabilit\u00e9 dans les environnements de transformation des aliments, pharmaceutiques et autres environnements hygi\u00e9niques. En r\u00e9pondant aux normes industrielles strictes, ces \u00e9crous d&#039;angle offrent aux fabricants la tranquillit\u00e9 d&#039;esprit dont ils ont besoin pour se conformer aux r\u00e9glementations en mati\u00e8re d&#039;hygi\u00e8ne tout en maintenant la long\u00e9vit\u00e9 et l&#039;efficacit\u00e9 de leurs \u00e9quipements.<\/p>\n<p>Pour les industries privil\u00e9giant la propret\u00e9 et la fiabilit\u00e9, choisir <strong>EHEDG<\/strong> et <strong>Normes sanitaires<\/strong> Les composants certifi\u00e9s comme l&#039;\u00e9crou d&#039;angle hygi\u00e9nique constituent un investissement intelligent et n\u00e9cessaire.<\/p>\n\n\t\t<\/div>\n\t<\/div>\n<\/div><\/div><\/div><\/div><\/div><\/section>","protected":false},"excerpt":{"rendered":"Ensuring Hygiene and Durability These accessories are the optimal choice for equipment that must comply with strict hygiene requirements. The seal blocks out water and bacteria and also prevents a non-hygienic metal-to-metal assembly. Self-draining surfaces with a maximal roughness of 0.8 \u00b5m Ra. Material Stainless steel 1.4301 and silicon sealing. EHEDG Hygienic Corner Nut 3A [...]","protected":false},"featured_media":8492,"template":"","meta":[],"product_brand":[],"product_cat":[98],"product_tag":[],"class_list":{"0":"post-5514","1":"product","2":"type-product","3":"status-publish","4":"has-post-thumbnail","6":"product_cat-ehedg-certified-3a-ssi-standard-components","8":"first","9":"instock","10":"shipping-taxable","11":"product-type-simple"},"yoast_head":"<!-- This site is optimized with the Yoast SEO plugin v27.2 - https:\/\/yoast.com\/product\/yoast-seo-wordpress\/ -->\n<title>EHEDG-certified corner nut | NHK Machinery Parts<\/title>\n<meta name=\"description\" content=\"The importance of EHEDG 3A Hygienic Corner Nuts in stainless steel for the food processing and pharmaceutical industries. Ensuring hygiene and durability.\" \/>\n<meta name=\"robots\" content=\"index, follow, max-snippet:-1, max-image-preview:large, max-video-preview:-1\" \/>\n<link rel=\"canonical\" href=\"https:\/\/nhkmachineryparts.com\/fr\/produit\/ehedg-hygienic-3a-corner-nut-en-inox\/\" \/>\n<meta property=\"og:locale\" content=\"fr_FR\" \/>\n<meta property=\"og:type\" content=\"article\" \/>\n<meta property=\"og:title\" content=\"EHEDG-certified corner nut | NHK Machinery Parts\" \/>\n<meta property=\"og:description\" content=\"The importance of EHEDG 3A Hygienic Corner Nuts in stainless steel for the food processing and pharmaceutical industries. Ensuring hygiene and durability.\" \/>\n<meta property=\"og:url\" content=\"https:\/\/nhkmachineryparts.com\/fr\/produit\/ehedg-hygienic-3a-corner-nut-en-inox\/\" \/>\n<meta property=\"og:site_name\" content=\"NHK Machinery Parts\" \/>\n<meta property=\"article:publisher\" content=\"https:\/\/www.facebook.com\/NHK.Group.aps\" \/>\n<meta property=\"article:modified_time\" content=\"2026-02-27T14:00:04+00:00\" \/>\n<meta property=\"og:image\" content=\"https:\/\/nhkmachineryparts.com\/wp-content\/uploads\/2023\/07\/EHEDG-Hygienic-3A-corner-nut-in-stainless-steel.jpg\" \/>\n\t<meta property=\"og:image:width\" content=\"1000\" \/>\n\t<meta property=\"og:image:height\" content=\"1000\" \/>\n\t<meta property=\"og:image:type\" content=\"image\/jpeg\" \/>\n<meta name=\"twitter:card\" content=\"summary_large_image\" \/>\n<meta name=\"twitter:label1\" content=\"Dur\u00e9e de lecture estim\u00e9e\" \/>\n\t<meta name=\"twitter:data1\" content=\"4 minutes\" \/>\n<script type=\"application\/ld+json\" class=\"yoast-schema-graph\">{\"@context\":\"https:\/\/schema.org\",\"@graph\":[{\"@type\":\"WebPage\",\"@id\":\"https:\/\/nhkmachineryparts.com\/product\/ehedg-hygienic-3a-corner-nut-in-stainless-steel\/\",\"url\":\"https:\/\/nhkmachineryparts.com\/product\/ehedg-hygienic-3a-corner-nut-in-stainless-steel\/\",\"name\":\"EHEDG-certified corner nut | NHK Machinery Parts\",\"isPartOf\":{\"@id\":\"https:\/\/nhkmachineryparts.com\/#website\"},\"primaryImageOfPage\":{\"@id\":\"https:\/\/nhkmachineryparts.com\/product\/ehedg-hygienic-3a-corner-nut-in-stainless-steel\/#primaryimage\"},\"image\":{\"@id\":\"https:\/\/nhkmachineryparts.com\/product\/ehedg-hygienic-3a-corner-nut-in-stainless-steel\/#primaryimage\"},\"thumbnailUrl\":\"https:\/\/nhkmachineryparts.com\/wp-content\/uploads\/2023\/07\/EHEDG-Hygienic-3A-corner-nut-in-stainless-steel.jpg\",\"datePublished\":\"2023-07-13T13:08:14+00:00\",\"dateModified\":\"2026-02-27T14:00:04+00:00\",\"description\":\"The importance of EHEDG 3A Hygienic Corner Nuts in stainless steel for the food processing and pharmaceutical industries. Ensuring hygiene and durability.\",\"breadcrumb\":{\"@id\":\"https:\/\/nhkmachineryparts.com\/product\/ehedg-hygienic-3a-corner-nut-in-stainless-steel\/#breadcrumb\"},\"inLanguage\":\"fr-FR\",\"potentialAction\":[{\"@type\":\"ReadAction\",\"target\":[\"https:\/\/nhkmachineryparts.com\/product\/ehedg-hygienic-3a-corner-nut-in-stainless-steel\/\"]}]},{\"@type\":\"ImageObject\",\"inLanguage\":\"fr-FR\",\"@id\":\"https:\/\/nhkmachineryparts.com\/product\/ehedg-hygienic-3a-corner-nut-in-stainless-steel\/#primaryimage\",\"url\":\"https:\/\/nhkmachineryparts.com\/wp-content\/uploads\/2023\/07\/EHEDG-Hygienic-3A-corner-nut-in-stainless-steel.jpg\",\"contentUrl\":\"https:\/\/nhkmachineryparts.com\/wp-content\/uploads\/2023\/07\/EHEDG-Hygienic-3A-corner-nut-in-stainless-steel.jpg\",\"width\":1000,\"height\":1000,\"caption\":\"EHEDG Hygienic 3A corner nut in stainless steel\"},{\"@type\":\"BreadcrumbList\",\"@id\":\"https:\/\/nhkmachineryparts.com\/product\/ehedg-hygienic-3a-corner-nut-in-stainless-steel\/#breadcrumb\",\"itemListElement\":[{\"@type\":\"ListItem\",\"position\":1,\"name\":\"Home\",\"item\":\"https:\/\/nhkmachineryparts.com\/\"},{\"@type\":\"ListItem\",\"position\":2,\"name\":\"Product line\",\"item\":\"https:\/\/nhkmachineryparts.com\/product-line\/\"},{\"@type\":\"ListItem\",\"position\":3,\"name\":\"Certified EHEDG standard components\",\"item\":\"https:\/\/nhkmachineryparts.com\/product-line\/ehedg-certified-3a-ssi-standard-components\/\"},{\"@type\":\"ListItem\",\"position\":4,\"name\":\"EHEDG-certified corner nut\"}]},{\"@type\":\"WebSite\",\"@id\":\"https:\/\/nhkmachineryparts.com\/#website\",\"url\":\"https:\/\/nhkmachineryparts.com\/\",\"name\":\"NHK Machinery Parts\",\"description\":\"Bearing Houses, seismic levelling feet and levelling castors\",\"publisher\":{\"@id\":\"https:\/\/nhkmachineryparts.com\/#organization\"},\"potentialAction\":[{\"@type\":\"SearchAction\",\"target\":{\"@type\":\"EntryPoint\",\"urlTemplate\":\"https:\/\/nhkmachineryparts.com\/?s={search_term_string}\"},\"query-input\":{\"@type\":\"PropertyValueSpecification\",\"valueRequired\":true,\"valueName\":\"search_term_string\"}}],\"inLanguage\":\"fr-FR\"},{\"@type\":\"Organization\",\"@id\":\"https:\/\/nhkmachineryparts.com\/#organization\",\"name\":\"Nhk Group ApS\",\"url\":\"https:\/\/nhkmachineryparts.com\/\",\"logo\":{\"@type\":\"ImageObject\",\"inLanguage\":\"fr-FR\",\"@id\":\"https:\/\/nhkmachineryparts.com\/#\/schema\/logo\/image\/\",\"url\":\"https:\/\/nhkmachineryparts.com\/wp-content\/uploads\/2022\/09\/NHKgroup_social.jpg\",\"contentUrl\":\"https:\/\/nhkmachineryparts.com\/wp-content\/uploads\/2022\/09\/NHKgroup_social.jpg\",\"width\":1200,\"height\":630,\"caption\":\"Nhk Group ApS\"},\"image\":{\"@id\":\"https:\/\/nhkmachineryparts.com\/#\/schema\/logo\/image\/\"},\"sameAs\":[\"https:\/\/www.facebook.com\/NHK.Group.aps\"]}]}<\/script>\n<!-- \/ Yoast SEO plugin. -->","yoast_head_json":{"title":"EHEDG-certified corner nut | NHK Machinery Parts","description":"L&#039;importance des \u00e9crous d&#039;angle hygi\u00e9niques EHEDG 3A en acier inoxydable pour les industries agroalimentaire et pharmaceutique. Assurer hygi\u00e8ne et durabilit\u00e9.","robots":{"index":"index","follow":"follow","max-snippet":"max-snippet:-1","max-image-preview":"max-image-preview:large","max-video-preview":"max-video-preview:-1"},"canonical":"https:\/\/nhkmachineryparts.com\/fr\/produit\/ehedg-hygienic-3a-corner-nut-en-inox\/","og_locale":"fr_FR","og_type":"article","og_title":"EHEDG-certified corner nut | NHK Machinery Parts","og_description":"The importance of EHEDG 3A Hygienic Corner Nuts in stainless steel for the food processing and pharmaceutical industries. Ensuring hygiene and durability.","og_url":"https:\/\/nhkmachineryparts.com\/fr\/produit\/ehedg-hygienic-3a-corner-nut-en-inox\/","og_site_name":"NHK Machinery Parts","article_publisher":"https:\/\/www.facebook.com\/NHK.Group.aps","article_modified_time":"2026-02-27T14:00:04+00:00","og_image":[{"width":1000,"height":1000,"url":"https:\/\/nhkmachineryparts.com\/wp-content\/uploads\/2023\/07\/EHEDG-Hygienic-3A-corner-nut-in-stainless-steel.jpg","type":"image\/jpeg"}],"twitter_card":"summary_large_image","twitter_misc":{"Dur\u00e9e de lecture estim\u00e9e":"4 minutes"},"schema":{"@context":"https:\/\/schema.org","@graph":[{"@type":"WebPage","@id":"https:\/\/nhkmachineryparts.com\/product\/ehedg-hygienic-3a-corner-nut-in-stainless-steel\/","url":"https:\/\/nhkmachineryparts.com\/product\/ehedg-hygienic-3a-corner-nut-in-stainless-steel\/","name":"EHEDG-certified corner nut | NHK Machinery Parts","isPartOf":{"@id":"https:\/\/nhkmachineryparts.com\/#website"},"primaryImageOfPage":{"@id":"https:\/\/nhkmachineryparts.com\/product\/ehedg-hygienic-3a-corner-nut-in-stainless-steel\/#primaryimage"},"image":{"@id":"https:\/\/nhkmachineryparts.com\/product\/ehedg-hygienic-3a-corner-nut-in-stainless-steel\/#primaryimage"},"thumbnailUrl":"https:\/\/nhkmachineryparts.com\/wp-content\/uploads\/2023\/07\/EHEDG-Hygienic-3A-corner-nut-in-stainless-steel.jpg","datePublished":"2023-07-13T13:08:14+00:00","dateModified":"2026-02-27T14:00:04+00:00","description":"L&#039;importance des \u00e9crous d&#039;angle hygi\u00e9niques EHEDG 3A en acier inoxydable pour les industries agroalimentaire et pharmaceutique. Assurer hygi\u00e8ne et durabilit\u00e9.","breadcrumb":{"@id":"https:\/\/nhkmachineryparts.com\/product\/ehedg-hygienic-3a-corner-nut-in-stainless-steel\/#breadcrumb"},"inLanguage":"fr-FR","potentialAction":[{"@type":"ReadAction","target":["https:\/\/nhkmachineryparts.com\/product\/ehedg-hygienic-3a-corner-nut-in-stainless-steel\/"]}]},{"@type":"ImageObject","inLanguage":"fr-FR","@id":"https:\/\/nhkmachineryparts.com\/product\/ehedg-hygienic-3a-corner-nut-in-stainless-steel\/#primaryimage","url":"https:\/\/nhkmachineryparts.com\/wp-content\/uploads\/2023\/07\/EHEDG-Hygienic-3A-corner-nut-in-stainless-steel.jpg","contentUrl":"https:\/\/nhkmachineryparts.com\/wp-content\/uploads\/2023\/07\/EHEDG-Hygienic-3A-corner-nut-in-stainless-steel.jpg","width":1000,"height":1000,"caption":"EHEDG Hygienic 3A corner nut in stainless steel"},{"@type":"BreadcrumbList","@id":"https:\/\/nhkmachineryparts.com\/product\/ehedg-hygienic-3a-corner-nut-in-stainless-steel\/#breadcrumb","itemListElement":[{"@type":"ListItem","position":1,"name":"Home","item":"https:\/\/nhkmachineryparts.com\/"},{"@type":"ListItem","position":2,"name":"Product line","item":"https:\/\/nhkmachineryparts.com\/product-line\/"},{"@type":"ListItem","position":3,"name":"Certified EHEDG standard components","item":"https:\/\/nhkmachineryparts.com\/product-line\/ehedg-certified-3a-ssi-standard-components\/"},{"@type":"ListItem","position":4,"name":"EHEDG-certified corner nut"}]},{"@type":"WebSite","@id":"https:\/\/nhkmachineryparts.com\/#website","url":"https:\/\/nhkmachineryparts.com\/","name":"Pi\u00e8ces d\u00e9tach\u00e9es pour machines NHK","description":"Corps de roulement, pieds de nivellement sismiques et roulettes de nivellement","publisher":{"@id":"https:\/\/nhkmachineryparts.com\/#organization"},"potentialAction":[{"@type":"SearchAction","target":{"@type":"EntryPoint","urlTemplate":"https:\/\/nhkmachineryparts.com\/?s={search_term_string}"},"query-input":{"@type":"PropertyValueSpecification","valueRequired":true,"valueName":"search_term_string"}}],"inLanguage":"fr-FR"},{"@type":"Organization","@id":"https:\/\/nhkmachineryparts.com\/#organization","name":"Nhk Group ApS","url":"https:\/\/nhkmachineryparts.com\/","logo":{"@type":"ImageObject","inLanguage":"fr-FR","@id":"https:\/\/nhkmachineryparts.com\/#\/schema\/logo\/image\/","url":"https:\/\/nhkmachineryparts.com\/wp-content\/uploads\/2022\/09\/NHKgroup_social.jpg","contentUrl":"https:\/\/nhkmachineryparts.com\/wp-content\/uploads\/2022\/09\/NHKgroup_social.jpg","width":1200,"height":630,"caption":"Nhk Group ApS"},"image":{"@id":"https:\/\/nhkmachineryparts.com\/#\/schema\/logo\/image\/"},"sameAs":["https:\/\/www.facebook.com\/NHK.Group.aps"]}]}},"_links":{"self":[{"href":"https:\/\/nhkmachineryparts.com\/fr\/wp-json\/wp\/v2\/product\/5514","targetHints":{"allow":["GET"]}}],"collection":[{"href":"https:\/\/nhkmachineryparts.com\/fr\/wp-json\/wp\/v2\/product"}],"about":[{"href":"https:\/\/nhkmachineryparts.com\/fr\/wp-json\/wp\/v2\/types\/product"}],"wp:featuredmedia":[{"embeddable":true,"href":"https:\/\/nhkmachineryparts.com\/fr\/wp-json\/wp\/v2\/media\/8492"}],"wp:attachment":[{"href":"https:\/\/nhkmachineryparts.com\/fr\/wp-json\/wp\/v2\/media?parent=5514"}],"wp:term":[{"taxonomy":"product_brand","embeddable":true,"href":"https:\/\/nhkmachineryparts.com\/fr\/wp-json\/wp\/v2\/product_brand?post=5514"},{"taxonomy":"product_cat","embeddable":true,"href":"https:\/\/nhkmachineryparts.com\/fr\/wp-json\/wp\/v2\/product_cat?post=5514"},{"taxonomy":"product_tag","embeddable":true,"href":"https:\/\/nhkmachineryparts.com\/fr\/wp-json\/wp\/v2\/product_tag?post=5514"}],"curies":[{"name":"wp","href":"https:\/\/api.w.org\/{rel}","templated":true}]}}