{"id":2914,"date":"2023-01-07T20:39:10","date_gmt":"2023-01-07T20:39:10","guid":{"rendered":"https:\/\/nhkmachineryparts.com\/?post_type=product&#038;p=2914"},"modified":"2026-02-23T14:42:08","modified_gmt":"2026-02-23T12:42:08","slug":"pieds-de-nivellement-hygieniques-avec-2-plaques-de-verrouillage-au-sol-et-broche-protegee","status":"publish","type":"product","link":"https:\/\/nhkmachineryparts.com\/fr\/product\/hygienic-levelling-feet-with-2-floor-locking-plates-and-protected-spindle\/","title":{"rendered":"Pieds de nivellement hygi\u00e9niques avec 2 plaques de verrouillage au sol et broche prot\u00e9g\u00e9e"},"content":{"rendered":"<section class=\"vc_row vc_custom_1662993827263 liquid-row-shadowbox-69d42a0ca7af8 vc_column-gap-0\"><div class=\"ld-container container\"><div class=\"row ld-row ld-row-outer\"><div class=\"wpb_column vc_column_container vc_col-sm-12 liquid-column-69d42a0ca7de7\"><div class=\"vc_column-inner\" ><div class=\"wpb_wrapper\"  >\n\t<div class=\"wpb_text_column wpb_content_element\" >\n\t\t<div class=\"wpb_wrapper\">\n\t\t\t<h2><strong data-start=\"186\" data-end=\"266\" data-is-only-node=\"\">Performances optimis\u00e9es des machines et <\/strong><strong data-start=\"272\" data-end=\"352\" data-is-last-node=\"\" data-is-only-node=\"\">Am\u00e9liorer le respect des r\u00e8gles d&#039;hygi\u00e8ne<\/strong><\/h2>\n<p><a href=\"https:\/\/nhkmachineryparts.com\/fr\/product-line\/stainless-steel-solid-base-feet\/\" data-internallinksmanager029f6b8e52c=\"7\" title=\"Pieds de mise \u00e0 niveau de la machine avec plaque de base solide\">Pieds de nivellement<\/a> en version hygi\u00e9nique avec base en caoutchouc pour une r\u00e9duction des vibrations et des propri\u00e9t\u00e9s antid\u00e9rapantes<br \/>\nNotre <a href=\"https:\/\/nhkmachineryparts.com\/fr\/product-line\/stainless-steel-solid-base-feet\/\" data-internallinksmanager029f6b8e52c=\"17\" title=\"Pieds de mise \u00e0 niveau de la machine avec plaque de base solide\">pieds de nivellement hygi\u00e9niques<\/a> sont fournis avec un certificat FDA (FDA CFR 21 177 2600) avec un num\u00e9ro d&#039;identification de lot unique pour la tra\u00e7abilit\u00e9 de la s\u00e9curit\u00e9 alimentaire<\/p>\n<p><a href=\"https:\/\/nhkmachineryparts.com\/fr\/boutique\/gamme-de-produits\/pieds-de-nivellement-de-machine-au-design-hygienique\/hygienic-levelling-feet-with-protected-spindle\/\">Essayez notre s\u00e9lecteur de produits<\/a><\/p>\n<h3>Pieds de nivellement dans une conception hygi\u00e9nique, caract\u00e9ristiques et avantages<\/h3>\n<p><a href=\"https:\/\/nhkmachineryparts.com\/fr\/product-line\/stainless-steel-solid-base-feet\/\" data-internallinksmanager029f6b8e52c=\"17\" title=\"Pieds de mise \u00e0 niveau de la machine avec plaque de base solide\">Pieds de nivellement hygi\u00e9niques<\/a> ont un design arrondi et hygi\u00e9nique qui le rend facile \u00e0 nettoyer.<br \/>\n<a href=\"https:\/\/nhkmachineryparts.com\/fr\/product-line\/stainless-steel-solid-base-feet\/\" data-internallinksmanager029f6b8e52c=\"17\" title=\"Pieds de mise \u00e0 niveau de la machine avec plaque de base solide\">Pieds de nivellement hygi\u00e9niques<\/a> peut supporter des pentes allant jusqu&#039;\u00e0 10 degr\u00e9s sur les sols et les \u00e9quipements.<\/p>\n<h3>Pieds de nivellement en mat\u00e9riaux de conception hygi\u00e9nique<\/h3>\n<p><a href=\"https:\/\/nhkmachineryparts.com\/fr\/product-line\/stainless-steel-solid-base-feet\/\" data-internallinksmanager029f6b8e52c=\"17\" title=\"Pieds de mise \u00e0 niveau de la machine avec plaque de base solide\">Pieds de nivellement hygi\u00e9niques<\/a> pi\u00e8ce en caoutchouc vulcanis\u00e9 avec certificat FDA selon FDA CFR 21 177 2600.<\/p>\n<p>Description du mat\u00e9riau de la plaque de base\u00a0:<br \/>\nAcier inoxydable Aisi 304 ou Aisi 316<\/p>\n<p>Description du mat\u00e9riau de la broche\u00a0:<br \/>\nAcier inoxydable A2-70 ou A4-70<\/p>\n<p>Description du mat\u00e9riau de base en caoutchouc\u00a0:<br \/>\nCaoutchouc NBR (caoutchouc nitrile CAS n\u00b0 9005-98-5)<br \/>\nCertificat FDA selon FDA CFR 21 177 2600<\/p>\n<p>Tous les mat\u00e9riaux sont tr\u00e8s r\u00e9sistants aux produits chimiques et aux produits de nettoyage couramment utilis\u00e9s, ainsi qu&#039;aux huiles et graisses r\u00e9sistantes.<\/p>\n<h3>Pieds de nivellement dans des tailles hygi\u00e9niques<\/h3>\n<p><a href=\"https:\/\/nhkmachineryparts.com\/fr\/product-line\/stainless-steel-solid-base-feet\/\" data-internallinksmanager029f6b8e52c=\"17\" title=\"Pieds de mise \u00e0 niveau de la machine avec plaque de base solide\">Pieds de nivellement hygi\u00e9niques<\/a> Les bases sont disponibles dans une large gamme, offrant une flexibilit\u00e9 et un choix optimaux.<\/p>\n<table class=\"dcf-table dcf-table-responsive dcf-table-bordered dcf-w-100%\">\n<thead>\n<tr>\n<th scope=\"col\">Type de base<\/th>\n<th scope=\"col\">Diam\u00e8tre de la base D<\/th>\n<th scope=\"col\">Nom. Charger<\/th>\n<\/tr>\n<\/thead>\n<tbody>\n<tr>\n<td data-label=\"HMF Base Size\">HLF 62<\/td>\n<td data-label=\"Base Diameter D\">60mm<\/td>\n<td data-label=\"Nom. Load \">7.000N<\/td>\n<\/tr>\n<tr>\n<td data-label=\"HMF Base Size\">HLF 82<\/td>\n<td data-label=\"Base Diameter D\">80mm<\/td>\n<td data-label=\"Nom. Load \">15.000N<\/td>\n<\/tr>\n<tr>\n<td data-label=\"HMF Base Size\">HLF 102<\/td>\n<td data-label=\"Base Diameter D\">100mm<\/td>\n<td data-label=\"Nom. Load \">20.000N<\/td>\n<\/tr>\n<tr>\n<td data-label=\"HMF Base Size\">HLF 122<\/td>\n<td data-label=\"Base Diameter D\">120mm<\/td>\n<td data-label=\"Nom. Load \">30.000N<\/td>\n<\/tr>\n<\/tbody>\n<\/table>\n<p><a href=\"https:\/\/nhkmachineryparts.com\/fr\/product-line\/stainless-steel-solid-base-feet\/\" data-internallinksmanager029f6b8e52c=\"17\" title=\"Pieds de mise \u00e0 niveau de la machine avec plaque de base solide\">Pieds de nivellement hygi\u00e9niques<\/a> Les broches avec manchon de protection sont disponibles dans une large gamme, offrant une flexibilit\u00e9 et un choix optimaux.<\/p>\n<div class=\"dcf-overflow-x-auto\" tabindex=\"0\">\n<table class=\"dcf-table dcf-table-bordered dcf-w-100%\">\n<caption>EHLF Diam\u00e8tre de la broche et du manchon<\/caption>\n<tbody>\n<tr>\n<td>M16<\/td>\n<td>M20<\/td>\n<td>M24<\/td>\n<td>M30<\/td>\n<td>M36<\/td>\n<td>M42<\/td>\n<td>M48<\/td>\n<\/tr>\n<\/tbody>\n<\/table>\n<\/div>\n<div class=\"dcf-overflow-x-auto\" tabindex=\"0\">\n<table class=\"dcf-table dcf-table-bordered dcf-w-100%\">\n<caption>Longueur de broche EHLF (L) et longueur de manchon (H)<\/caption>\n<tbody>\n<tr>\n<td>L=135 mm H=55 mm<\/td>\n<td>Min 80 mm \u00e0 Max 120 mm<\/td>\n<\/tr>\n<tr>\n<td>L=175 mm H=75 mm<\/td>\n<td>Min 100 mm \u00e0 Max 160 mm<\/td>\n<\/tr>\n<tr>\n<td>L=215 mm H=95 mm<\/td>\n<td>Min 120 mm \u00e0 Max 200 mm<\/td>\n<\/tr>\n<tr>\n<td>L=255 mm H=115 mm<\/td>\n<td>Min 140 mm \u00e0 Max 240 mm<\/td>\n<\/tr>\n<tr>\n<td>L=295 mm H=125 mm<\/td>\n<td>Min 180 mm \u00e0 Max 280 mm<\/td>\n<\/tr>\n<\/tbody>\n<\/table>\n<\/div>\n<p>Pour d&#039;autres longueurs de broche filet\u00e9e (L), veuillez nous contacter<br \/>\nLes filetages en pouces sont disponibles sur demande<br \/>\nLe filetage peut \u00e9galement \u00eatre personnalis\u00e9 selon demande sp\u00e9cifique, ex filetage trap\u00e8ze etc.<\/p>\n<h3>Pieds r\u00e9glables en version hygi\u00e9nique en option de livraison<\/h3>\n<p>Pour les commandes importantes, nous proposons de fournir la base et les broches s\u00e9par\u00e9ment<br \/>\nL&#039;avantage est la flexibilit\u00e9 pour le client qui utilise de nombreuses tailles de broches diff\u00e9rentes.<\/p>\n<h2 data-start=\"0\" data-end=\"83\"><strong data-start=\"0\" data-end=\"81\">Pieds de nivellement hygi\u00e9niques avec 2 plaques de verrouillage au sol et broche prot\u00e9g\u00e9e<\/strong><\/h2>\n<h3><strong data-start=\"3\" data-end=\"97\" data-is-only-node=\"\">Am\u00e9liorez la stabilit\u00e9 de l&#039;\u00e9quipement et\u00a0<\/strong><strong data-start=\"186\" data-end=\"266\" data-is-only-node=\"\">Performances optimis\u00e9es des machines<\/strong><\/h3>\n<p data-start=\"85\" data-end=\"375\">Maintenir la propret\u00e9 et la stabilit\u00e9 dans la transformation des aliments, des produits pharmaceutiques et de l&#039;emballage <a href=\"https:\/\/nhkmachineryparts.com\/fr\/our-industries\/\" data-internallinksmanager029f6b8e52c=\"4\" title=\"Nos secteurs\">les industries<\/a> est essentiel. <a href=\"https:\/\/nhkmachineryparts.com\/fr\/product-line\/stainless-steel-solid-base-feet\/\" data-internallinksmanager029f6b8e52c=\"17\" title=\"Pieds de mise \u00e0 niveau de la machine avec plaque de base solide\">Pieds de nivellement hygi\u00e9niques<\/a> avec 2 plaques de verrouillage au sol et une broche prot\u00e9g\u00e9e sont con\u00e7us pour r\u00e9pondre \u00e0 des normes d&#039;hygi\u00e8ne strictes tout en garantissant que l&#039;\u00e9quipement reste s\u00e9curis\u00e9 et de niveau.<\/p>\n<h3 data-start=\"377\" data-end=\"813\"><strong data-start=\"377\" data-end=\"434\">Stabilit\u00e9 am\u00e9lior\u00e9e gr\u00e2ce \u00e0 deux plaques de verrouillage au sol<\/strong><\/h3>\n<p data-start=\"377\" data-end=\"813\">Les deux plaques de verrouillage au sol am\u00e9liorent la stabilit\u00e9 en ancrant fermement les machines au sol. Cette conception emp\u00eache tout mouvement ind\u00e9sirable pendant le fonctionnement, r\u00e9duisant ainsi les vibrations susceptibles d&#039;affecter la qualit\u00e9 des produits. Les plaques minimisent \u00e9galement les espaces o\u00f9 la salet\u00e9 et les bact\u00e9ries pourraient s&#039;accumuler, contribuant ainsi au respect des r\u00e9glementations d&#039;hygi\u00e8ne, telles que la <a href=\"https:\/\/nhkmachineryparts.com\/fr\/quelle-est-la-difference-entre-3a-et-ehedg\/\" data-internallinksmanager029f6b8e52c=\"2\" title=\"Pi\u00e8ces de machines certifi\u00e9es EHEDG\">EHEDG<\/a> et les normes sanitaires 3-A.<\/p>\n<h3 data-start=\"815\" data-end=\"1230\"><strong data-start=\"815\" data-end=\"860\">Broche prot\u00e9g\u00e9e pour une hygi\u00e8ne optimale<\/strong><\/h3>\n<p data-start=\"815\" data-end=\"1230\">La broche prot\u00e9g\u00e9e est une caract\u00e9ristique cruciale de <a href=\"https:\/\/nhkmachineryparts.com\/fr\/product-line\/stainless-steel-solid-base-feet\/\" data-internallinksmanager029f6b8e52c=\"17\" title=\"Pieds de mise \u00e0 niveau de la machine avec plaque de base solide\">pieds de nivellement hygi\u00e9niques<\/a>En prot\u00e9geant la tige filet\u00e9e, la conception emp\u00eache la salet\u00e9, l&#039;humidit\u00e9 et les produits de nettoyage de p\u00e9n\u00e9trer dans le m\u00e9canisme interne. Cette protection assure une durabilit\u00e9 \u00e0 long terme, r\u00e9duit les besoins de maintenance et maintient des conditions d&#039;hygi\u00e8ne optimales, rendant ces composants id\u00e9aux pour les salles blanches.<\/p>\n<h3 data-start=\"1232\" data-end=\"1631\"><strong data-start=\"1232\" data-end=\"1276\">Construction durable en acier inoxydable<\/strong><\/h3>\n<p data-start=\"1232\" data-end=\"1631\">Fabriqu\u00e9s en acier inoxydable de haute qualit\u00e9, ces pieds de nivellement sont r\u00e9sistants \u00e0 la corrosion et faciles \u00e0 nettoyer. Les surfaces lisses et polies minimisent les zones o\u00f9 les contaminants peuvent s&#039;accumuler, garantissant ainsi la conformit\u00e9 aux directives HACCP. Leur conception robuste r\u00e9siste aux processus de nettoyage difficiles, y compris les lavages \u00e0 haute pression et les d\u00e9sinfectants chimiques.<\/p>\n<h3 data-start=\"1633\" data-end=\"2078\"><strong data-start=\"1633\" data-end=\"1680\">Applications dans les industries hygi\u00e9niques<\/strong><\/h3>\n<p data-start=\"1633\" data-end=\"2078\"><a href=\"https:\/\/nhkmachineryparts.com\/fr\/product-line\/stainless-steel-solid-base-feet\/\" data-internallinksmanager029f6b8e52c=\"17\" title=\"Pieds de mise \u00e0 niveau de la machine avec plaque de base solide\">Pieds de nivellement hygi\u00e9niques<\/a> Dot\u00e9s de deux plaques de verrouillage au sol et d&#039;une broche prot\u00e9g\u00e9e, ils sont essentiels pour les machines de transformation alimentaire, de fabrication pharmaceutique et de biotechnologie. Ils sont couramment utilis\u00e9s dans les convoyeurs, les m\u00e9langeurs, les \u00e9quipements d&#039;emballage et autres machines exigeant stabilit\u00e9 et hygi\u00e8ne. Leur conception avanc\u00e9e garantit efficacit\u00e9 op\u00e9rationnelle et conformit\u00e9 r\u00e9glementaire.<\/p>\n<h3 data-start=\"2080\" data-end=\"2328\"><strong data-start=\"2080\" data-end=\"2101\">Maximisez la propret\u00e9 et la durabilit\u00e9<\/strong><\/h3>\n<p data-start=\"2080\" data-end=\"2328\" data-is-last-node=\"\" data-is-only-node=\"\">D\u00e9couvrir <a href=\"https:\/\/nhkmachineryparts.com\/fr\/product-line\/stainless-steel-solid-base-feet\/\" data-internallinksmanager029f6b8e52c=\"17\" title=\"Pieds de mise \u00e0 niveau de la machine avec plaque de base solide\">pieds de nivellement hygi\u00e9niques<\/a> avec 2 plaques de verrouillage au sol et une broche prot\u00e9g\u00e9e, assurant la stabilit\u00e9, un nettoyage facile et la conformit\u00e9 aux normes sanitaires EHEDG et 3-A pour les machines alimentaires, pharmaceutiques et d&#039;emballage.<\/p>\n\n\t\t<\/div>\n\t<\/div>\n<\/div><\/div><\/div><\/div><\/div><\/section>","protected":false},"excerpt":{"rendered":"Optimized Machinery Performance and Enhance Hygiene Compliance Levelling feet in hygienic design with rubber base for vibration reduction and anti-slip properties Our hygienic levelling feet are provided with FDA certificate (FDA CFR 21 177 2600) with unique batch ID number for food safety traceability Try our product selector Levelling feet in hygienic design features and [...]","protected":false},"featured_media":12770,"template":"","meta":[],"product_brand":[],"product_cat":[18],"product_tag":[],"class_list":{"0":"post-2914","1":"product","2":"type-product","3":"status-publish","4":"has-post-thumbnail","6":"product_cat-stainless-steel-machine-levelling-feet","8":"first","9":"instock","10":"shipping-taxable","11":"product-type-simple"},"yoast_head":"<!-- This site is optimized with the Yoast SEO plugin v27.3 - https:\/\/yoast.com\/product\/yoast-seo-wordpress\/ -->\n<title>Hygienic levelling feet with 2 floor locking plates\u00a0and protected spindle<\/title>\n<meta name=\"description\" content=\"Stability and hygiene in your production environment and maximize cleanliness with levelling feet with two floor locking plates and a protected spindle.\" \/>\n<meta name=\"robots\" content=\"index, follow, max-snippet:-1, max-image-preview:large, max-video-preview:-1\" \/>\n<link rel=\"canonical\" href=\"https:\/\/nhkmachineryparts.com\/fr\/produit\/pieds-de-nivellement-hygieniques-avec-2-plaques-de-verrouillage-au-sol-et-broche-protegee\/\" \/>\n<meta property=\"og:locale\" content=\"fr_FR\" \/>\n<meta property=\"og:type\" content=\"article\" \/>\n<meta property=\"og:title\" content=\"Hygienic levelling feet with 2 floor locking plates\u00a0and protected spindle\" \/>\n<meta property=\"og:description\" content=\"Stability and hygiene in your production environment and maximize cleanliness with levelling feet with two floor locking plates and a protected spindle.\" \/>\n<meta property=\"og:url\" content=\"https:\/\/nhkmachineryparts.com\/fr\/produit\/pieds-de-nivellement-hygieniques-avec-2-plaques-de-verrouillage-au-sol-et-broche-protegee\/\" \/>\n<meta property=\"og:site_name\" content=\"NHK Machinery Parts\" \/>\n<meta property=\"article:publisher\" content=\"https:\/\/www.facebook.com\/NHK.Group.aps\" \/>\n<meta property=\"article:modified_time\" content=\"2026-02-23T12:42:08+00:00\" \/>\n<meta property=\"og:image\" content=\"https:\/\/nhkmachineryparts.com\/wp-content\/uploads\/2023\/01\/HLF-x2-LC-1.jpg\" \/>\n\t<meta property=\"og:image:width\" content=\"1000\" \/>\n\t<meta property=\"og:image:height\" content=\"1000\" \/>\n\t<meta property=\"og:image:type\" content=\"image\/jpeg\" \/>\n<meta name=\"twitter:card\" content=\"summary_large_image\" \/>\n<meta name=\"twitter:label1\" content=\"Dur\u00e9e de lecture estim\u00e9e\" \/>\n\t<meta name=\"twitter:data1\" content=\"4 minutes\" \/>\n<script type=\"application\/ld+json\" class=\"yoast-schema-graph\">{\"@context\":\"https:\\\/\\\/schema.org\",\"@graph\":[{\"@type\":\"WebPage\",\"@id\":\"https:\\\/\\\/nhkmachineryparts.com\\\/product\\\/hygienic-levelling-feet-with-2-floor-locking-plates-and-protected-spindle\\\/\",\"url\":\"https:\\\/\\\/nhkmachineryparts.com\\\/product\\\/hygienic-levelling-feet-with-2-floor-locking-plates-and-protected-spindle\\\/\",\"name\":\"Hygienic levelling feet with 2 floor locking plates\u00a0and protected spindle\",\"isPartOf\":{\"@id\":\"https:\\\/\\\/nhkmachineryparts.com\\\/#website\"},\"primaryImageOfPage\":{\"@id\":\"https:\\\/\\\/nhkmachineryparts.com\\\/product\\\/hygienic-levelling-feet-with-2-floor-locking-plates-and-protected-spindle\\\/#primaryimage\"},\"image\":{\"@id\":\"https:\\\/\\\/nhkmachineryparts.com\\\/product\\\/hygienic-levelling-feet-with-2-floor-locking-plates-and-protected-spindle\\\/#primaryimage\"},\"thumbnailUrl\":\"https:\\\/\\\/nhkmachineryparts.com\\\/wp-content\\\/uploads\\\/2023\\\/01\\\/HLF-x2-LC-1.jpg\",\"datePublished\":\"2023-01-07T20:39:10+00:00\",\"dateModified\":\"2026-02-23T12:42:08+00:00\",\"description\":\"Stability and hygiene in your production environment and maximize cleanliness with levelling feet with two floor locking plates and a protected spindle.\",\"breadcrumb\":{\"@id\":\"https:\\\/\\\/nhkmachineryparts.com\\\/product\\\/hygienic-levelling-feet-with-2-floor-locking-plates-and-protected-spindle\\\/#breadcrumb\"},\"inLanguage\":\"fr-FR\",\"potentialAction\":[{\"@type\":\"ReadAction\",\"target\":[\"https:\\\/\\\/nhkmachineryparts.com\\\/product\\\/hygienic-levelling-feet-with-2-floor-locking-plates-and-protected-spindle\\\/\"]}]},{\"@type\":\"ImageObject\",\"inLanguage\":\"fr-FR\",\"@id\":\"https:\\\/\\\/nhkmachineryparts.com\\\/product\\\/hygienic-levelling-feet-with-2-floor-locking-plates-and-protected-spindle\\\/#primaryimage\",\"url\":\"https:\\\/\\\/nhkmachineryparts.com\\\/wp-content\\\/uploads\\\/2023\\\/01\\\/HLF-x2-LC-1.jpg\",\"contentUrl\":\"https:\\\/\\\/nhkmachineryparts.com\\\/wp-content\\\/uploads\\\/2023\\\/01\\\/HLF-x2-LC-1.jpg\",\"width\":1000,\"height\":1000,\"caption\":\"Leveling feet with 2 locking plates and vulcanized black FDA rubber base and full threaded spindle\"},{\"@type\":\"BreadcrumbList\",\"@id\":\"https:\\\/\\\/nhkmachineryparts.com\\\/product\\\/hygienic-levelling-feet-with-2-floor-locking-plates-and-protected-spindle\\\/#breadcrumb\",\"itemListElement\":[{\"@type\":\"ListItem\",\"position\":1,\"name\":\"Home\",\"item\":\"https:\\\/\\\/nhkmachineryparts.com\\\/\"},{\"@type\":\"ListItem\",\"position\":2,\"name\":\"Product line\",\"item\":\"https:\\\/\\\/nhkmachineryparts.com\\\/product-line\\\/\"},{\"@type\":\"ListItem\",\"position\":3,\"name\":\"Industrial machine leveling feet in stainless steel\",\"item\":\"https:\\\/\\\/nhkmachineryparts.com\\\/product-line\\\/stainless-steel-machine-levelling-feet\\\/\"},{\"@type\":\"ListItem\",\"position\":4,\"name\":\"Hygienic levelling feet with 2 floor locking plates\u00a0and protected spindle\"}]},{\"@type\":\"WebSite\",\"@id\":\"https:\\\/\\\/nhkmachineryparts.com\\\/#website\",\"url\":\"https:\\\/\\\/nhkmachineryparts.com\\\/\",\"name\":\"NHK Machinery Parts\",\"description\":\"Bearing Houses, seismic levelling feet and levelling castors\",\"publisher\":{\"@id\":\"https:\\\/\\\/nhkmachineryparts.com\\\/#organization\"},\"potentialAction\":[{\"@type\":\"SearchAction\",\"target\":{\"@type\":\"EntryPoint\",\"urlTemplate\":\"https:\\\/\\\/nhkmachineryparts.com\\\/?s={search_term_string}\"},\"query-input\":{\"@type\":\"PropertyValueSpecification\",\"valueRequired\":true,\"valueName\":\"search_term_string\"}}],\"inLanguage\":\"fr-FR\"},{\"@type\":\"Organization\",\"@id\":\"https:\\\/\\\/nhkmachineryparts.com\\\/#organization\",\"name\":\"Nhk Group ApS\",\"url\":\"https:\\\/\\\/nhkmachineryparts.com\\\/\",\"logo\":{\"@type\":\"ImageObject\",\"inLanguage\":\"fr-FR\",\"@id\":\"https:\\\/\\\/nhkmachineryparts.com\\\/#\\\/schema\\\/logo\\\/image\\\/\",\"url\":\"https:\\\/\\\/nhkmachineryparts.com\\\/wp-content\\\/uploads\\\/2022\\\/09\\\/NHKgroup_social.jpg\",\"contentUrl\":\"https:\\\/\\\/nhkmachineryparts.com\\\/wp-content\\\/uploads\\\/2022\\\/09\\\/NHKgroup_social.jpg\",\"width\":1200,\"height\":630,\"caption\":\"Nhk Group ApS\"},\"image\":{\"@id\":\"https:\\\/\\\/nhkmachineryparts.com\\\/#\\\/schema\\\/logo\\\/image\\\/\"},\"sameAs\":[\"https:\\\/\\\/www.facebook.com\\\/NHK.Group.aps\"]}]}<\/script>\n<!-- \/ Yoast SEO plugin. -->","yoast_head_json":{"title":"Pieds de nivellement hygi\u00e9niques avec 2 plaques de verrouillage au sol et broche prot\u00e9g\u00e9e","description":"Stabilit\u00e9 et hygi\u00e8ne dans votre environnement de production et maximisez la propret\u00e9 avec des pieds de nivellement avec deux plaques de verrouillage au sol et une broche prot\u00e9g\u00e9e.","robots":{"index":"index","follow":"follow","max-snippet":"max-snippet:-1","max-image-preview":"max-image-preview:large","max-video-preview":"max-video-preview:-1"},"canonical":"https:\/\/nhkmachineryparts.com\/fr\/produit\/pieds-de-nivellement-hygieniques-avec-2-plaques-de-verrouillage-au-sol-et-broche-protegee\/","og_locale":"fr_FR","og_type":"article","og_title":"Hygienic levelling feet with 2 floor locking plates\u00a0and protected spindle","og_description":"Stability and hygiene in your production environment and maximize cleanliness with levelling feet with two floor locking plates and a protected spindle.","og_url":"https:\/\/nhkmachineryparts.com\/fr\/produit\/pieds-de-nivellement-hygieniques-avec-2-plaques-de-verrouillage-au-sol-et-broche-protegee\/","og_site_name":"NHK Machinery Parts","article_publisher":"https:\/\/www.facebook.com\/NHK.Group.aps","article_modified_time":"2026-02-23T12:42:08+00:00","og_image":[{"width":1000,"height":1000,"url":"https:\/\/nhkmachineryparts.com\/wp-content\/uploads\/2023\/01\/HLF-x2-LC-1.jpg","type":"image\/jpeg"}],"twitter_card":"summary_large_image","twitter_misc":{"Dur\u00e9e de lecture estim\u00e9e":"4 minutes"},"schema":{"@context":"https:\/\/schema.org","@graph":[{"@type":"WebPage","@id":"https:\/\/nhkmachineryparts.com\/product\/hygienic-levelling-feet-with-2-floor-locking-plates-and-protected-spindle\/","url":"https:\/\/nhkmachineryparts.com\/product\/hygienic-levelling-feet-with-2-floor-locking-plates-and-protected-spindle\/","name":"Pieds de nivellement hygi\u00e9niques avec 2 plaques de verrouillage au sol et broche prot\u00e9g\u00e9e","isPartOf":{"@id":"https:\/\/nhkmachineryparts.com\/#website"},"primaryImageOfPage":{"@id":"https:\/\/nhkmachineryparts.com\/product\/hygienic-levelling-feet-with-2-floor-locking-plates-and-protected-spindle\/#primaryimage"},"image":{"@id":"https:\/\/nhkmachineryparts.com\/product\/hygienic-levelling-feet-with-2-floor-locking-plates-and-protected-spindle\/#primaryimage"},"thumbnailUrl":"https:\/\/nhkmachineryparts.com\/wp-content\/uploads\/2023\/01\/HLF-x2-LC-1.jpg","datePublished":"2023-01-07T20:39:10+00:00","dateModified":"2026-02-23T12:42:08+00:00","description":"Stabilit\u00e9 et hygi\u00e8ne dans votre environnement de production et maximisez la propret\u00e9 avec des pieds de nivellement avec deux plaques de verrouillage au sol et une broche prot\u00e9g\u00e9e.","breadcrumb":{"@id":"https:\/\/nhkmachineryparts.com\/product\/hygienic-levelling-feet-with-2-floor-locking-plates-and-protected-spindle\/#breadcrumb"},"inLanguage":"fr-FR","potentialAction":[{"@type":"ReadAction","target":["https:\/\/nhkmachineryparts.com\/product\/hygienic-levelling-feet-with-2-floor-locking-plates-and-protected-spindle\/"]}]},{"@type":"ImageObject","inLanguage":"fr-FR","@id":"https:\/\/nhkmachineryparts.com\/product\/hygienic-levelling-feet-with-2-floor-locking-plates-and-protected-spindle\/#primaryimage","url":"https:\/\/nhkmachineryparts.com\/wp-content\/uploads\/2023\/01\/HLF-x2-LC-1.jpg","contentUrl":"https:\/\/nhkmachineryparts.com\/wp-content\/uploads\/2023\/01\/HLF-x2-LC-1.jpg","width":1000,"height":1000,"caption":"Leveling feet with 2 locking plates and vulcanized black FDA rubber base and full threaded spindle"},{"@type":"BreadcrumbList","@id":"https:\/\/nhkmachineryparts.com\/product\/hygienic-levelling-feet-with-2-floor-locking-plates-and-protected-spindle\/#breadcrumb","itemListElement":[{"@type":"ListItem","position":1,"name":"Home","item":"https:\/\/nhkmachineryparts.com\/"},{"@type":"ListItem","position":2,"name":"Product line","item":"https:\/\/nhkmachineryparts.com\/product-line\/"},{"@type":"ListItem","position":3,"name":"Industrial machine leveling feet in stainless steel","item":"https:\/\/nhkmachineryparts.com\/product-line\/stainless-steel-machine-levelling-feet\/"},{"@type":"ListItem","position":4,"name":"Hygienic levelling feet with 2 floor locking plates\u00a0and protected spindle"}]},{"@type":"WebSite","@id":"https:\/\/nhkmachineryparts.com\/#website","url":"https:\/\/nhkmachineryparts.com\/","name":"Pi\u00e8ces d\u00e9tach\u00e9es pour machines NHK","description":"Corps de roulement, pieds de nivellement sismiques et roulettes de nivellement","publisher":{"@id":"https:\/\/nhkmachineryparts.com\/#organization"},"potentialAction":[{"@type":"SearchAction","target":{"@type":"EntryPoint","urlTemplate":"https:\/\/nhkmachineryparts.com\/?s={search_term_string}"},"query-input":{"@type":"PropertyValueSpecification","valueRequired":true,"valueName":"search_term_string"}}],"inLanguage":"fr-FR"},{"@type":"Organization","@id":"https:\/\/nhkmachineryparts.com\/#organization","name":"Nhk Group ApS","url":"https:\/\/nhkmachineryparts.com\/","logo":{"@type":"ImageObject","inLanguage":"fr-FR","@id":"https:\/\/nhkmachineryparts.com\/#\/schema\/logo\/image\/","url":"https:\/\/nhkmachineryparts.com\/wp-content\/uploads\/2022\/09\/NHKgroup_social.jpg","contentUrl":"https:\/\/nhkmachineryparts.com\/wp-content\/uploads\/2022\/09\/NHKgroup_social.jpg","width":1200,"height":630,"caption":"Nhk Group ApS"},"image":{"@id":"https:\/\/nhkmachineryparts.com\/#\/schema\/logo\/image\/"},"sameAs":["https:\/\/www.facebook.com\/NHK.Group.aps"]}]}},"_links":{"self":[{"href":"https:\/\/nhkmachineryparts.com\/fr\/wp-json\/wp\/v2\/product\/2914","targetHints":{"allow":["GET"]}}],"collection":[{"href":"https:\/\/nhkmachineryparts.com\/fr\/wp-json\/wp\/v2\/product"}],"about":[{"href":"https:\/\/nhkmachineryparts.com\/fr\/wp-json\/wp\/v2\/types\/product"}],"wp:featuredmedia":[{"embeddable":true,"href":"https:\/\/nhkmachineryparts.com\/fr\/wp-json\/wp\/v2\/media\/12770"}],"wp:attachment":[{"href":"https:\/\/nhkmachineryparts.com\/fr\/wp-json\/wp\/v2\/media?parent=2914"}],"wp:term":[{"taxonomy":"product_brand","embeddable":true,"href":"https:\/\/nhkmachineryparts.com\/fr\/wp-json\/wp\/v2\/product_brand?post=2914"},{"taxonomy":"product_cat","embeddable":true,"href":"https:\/\/nhkmachineryparts.com\/fr\/wp-json\/wp\/v2\/product_cat?post=2914"},{"taxonomy":"product_tag","embeddable":true,"href":"https:\/\/nhkmachineryparts.com\/fr\/wp-json\/wp\/v2\/product_tag?post=2914"}],"curies":[{"name":"wp","href":"https:\/\/api.w.org\/{rel}","templated":true}]}}