{"id":2911,"date":"2023-01-07T20:34:29","date_gmt":"2023-01-07T20:34:29","guid":{"rendered":"https:\/\/nhkmachineryparts.com\/?post_type=product&#038;p=2911"},"modified":"2026-02-23T14:42:24","modified_gmt":"2026-02-23T12:42:24","slug":"pieds-de-nivellement-en-execution-extra-hygienique-ehlf-avec-broche-avec-manchon-de-protection","status":"publish","type":"product","link":"https:\/\/nhkmachineryparts.com\/fr\/product\/levelling-feet-in-extra-hygienic-design-ehlf-with-spindle-with-protecting-sleeve\/","title":{"rendered":"Pieds de nivellement hygi\u00e9niques avec broche prot\u00e9g\u00e9e"},"content":{"rendered":"<section class=\"vc_row vc_custom_1662993827263 liquid-row-shadowbox-69d411fc29f8b vc_column-gap-0\"><div class=\"ld-container container\"><div class=\"row ld-row ld-row-outer\"><div class=\"wpb_column vc_column_container vc_col-sm-12 liquid-column-69d411fc2a113\"><div class=\"vc_column-inner\" ><div class=\"wpb_wrapper\"  >\n\t<div class=\"wpb_text_column wpb_content_element\" >\n\t\t<div class=\"wpb_wrapper\">\n\t\t\t<h2>Assurer la propret\u00e9 et la stabilit\u00e9<\/h2>\n<p><a href=\"https:\/\/nhkmachineryparts.com\/fr\/product-line\/stainless-steel-solid-base-feet\/\" data-internallinksmanager029f6b8e52c=\"7\" title=\"Pieds de mise \u00e0 niveau de la machine avec plaque de base solide\">Pieds de nivellement<\/a> en version hygi\u00e9nique avec base en caoutchouc pour une r\u00e9duction des vibrations et des propri\u00e9t\u00e9s antid\u00e9rapantes<br \/>\nNotre <a href=\"https:\/\/nhkmachineryparts.com\/fr\/product-line\/stainless-steel-solid-base-feet\/\" data-internallinksmanager029f6b8e52c=\"17\" title=\"Pieds de mise \u00e0 niveau de la machine avec plaque de base solide\">pieds de nivellement hygi\u00e9niques<\/a> sont fournis avec un certificat FDA (FDA CFR 21 177 2600) avec un num\u00e9ro d&#039;identification de lot unique pour la tra\u00e7abilit\u00e9 de la s\u00e9curit\u00e9 alimentaire<\/p>\n<p><a href=\"https:\/\/nhkmachineryparts.com\/fr\/boutique\/gamme-de-produits\/pieds-de-nivellement-de-machine-au-design-hygienique\/hygienic-levelling-feet-with-protected-spindle\/\">Essayez notre s\u00e9lecteur de produits<\/a><\/p>\n<h3>Pieds de nivellement dans une conception hygi\u00e9nique, caract\u00e9ristiques et avantages<\/h3>\n<p><a href=\"https:\/\/nhkmachineryparts.com\/fr\/product-line\/stainless-steel-solid-base-feet\/\" data-internallinksmanager029f6b8e52c=\"17\" title=\"Pieds de mise \u00e0 niveau de la machine avec plaque de base solide\">Pieds de nivellement hygi\u00e9niques<\/a> ont un design arrondi et hygi\u00e9nique qui le rend facile \u00e0 nettoyer.<br \/>\n<a href=\"https:\/\/nhkmachineryparts.com\/fr\/product-line\/stainless-steel-solid-base-feet\/\" data-internallinksmanager029f6b8e52c=\"17\" title=\"Pieds de mise \u00e0 niveau de la machine avec plaque de base solide\">Pieds de nivellement hygi\u00e9niques<\/a> peut supporter des pentes allant jusqu&#039;\u00e0 10 degr\u00e9s sur les sols et les \u00e9quipements.<\/p>\n<h3>Pieds de nivellement en mat\u00e9riaux de conception hygi\u00e9nique<\/h3>\n<p><a href=\"https:\/\/nhkmachineryparts.com\/fr\/product-line\/stainless-steel-solid-base-feet\/\" data-internallinksmanager029f6b8e52c=\"17\" title=\"Pieds de mise \u00e0 niveau de la machine avec plaque de base solide\">Pieds de nivellement hygi\u00e9niques<\/a> pi\u00e8ce en caoutchouc vulcanis\u00e9 avec certificat FDA selon FDA CFR 21 177 2600.<\/p>\n<p>Description du mat\u00e9riau de la plaque de base\u00a0:<br \/>\nAcier inoxydable Aisi 304 ou Aisi 316<\/p>\n<p>Description du mat\u00e9riau de la broche\u00a0:<br \/>\nAcier inoxydable A2-70 ou A4-70<\/p>\n<p>Description du mat\u00e9riau de base en caoutchouc\u00a0:<br \/>\nCaoutchouc NBR (caoutchouc nitrile CAS n\u00b0 9005-98-5)<br \/>\nCertificat FDA selon FDA CFR 21 177 2600<\/p>\n<p>Tous les mat\u00e9riaux sont tr\u00e8s r\u00e9sistants aux produits chimiques et aux produits de nettoyage couramment utilis\u00e9s, ainsi qu&#039;aux huiles et graisses r\u00e9sistantes.<\/p>\n<h3>Pieds de nivellement dans des tailles hygi\u00e9niques<\/h3>\n<p><a href=\"https:\/\/nhkmachineryparts.com\/fr\/product-line\/stainless-steel-solid-base-feet\/\" data-internallinksmanager029f6b8e52c=\"17\" title=\"Pieds de mise \u00e0 niveau de la machine avec plaque de base solide\">Pieds de nivellement hygi\u00e9niques<\/a> Les bases sont disponibles dans une large gamme, offrant une flexibilit\u00e9 et un choix optimaux.<\/p>\n<div class=\"dcf-overflow-x-auto\" tabindex=\"0\">\n<table class=\"dcf-table dcf-table-bordered dcf-w-100%\">\n<thead>\n<tr>\n<th scope=\"col\">Taille de la base<\/th>\n<th scope=\"col\">Diam\u00e8tre de la base D<\/th>\n<th scope=\"col\">Diam\u00e8tre D Nom. Charger<\/th>\n<\/tr>\n<\/thead>\n<tbody>\n<tr>\n<td data-label=\"EHMF Base Size \">50 HLF<\/td>\n<td data-label=\"Base Diameter D\">50 millim\u00e8tres<\/td>\n<td data-label=\"Diameter D Nom. Load \">5.000N<\/td>\n<\/tr>\n<tr>\n<td data-label=\"EHMF Base Size \">60 HLF<\/td>\n<td data-label=\"Base Diameter D\">60 millim\u00e8tres<\/td>\n<td data-label=\"Diameter D Nom. Load \">7.000N<\/td>\n<\/tr>\n<tr>\n<td data-label=\"EHMF Base Size \">80 HLF<\/td>\n<td data-label=\"Base Diameter D\">80 millim\u00e8tres<\/td>\n<td data-label=\"Diameter D Nom. Load \">15.000N<\/td>\n<\/tr>\n<tr>\n<td data-label=\"EHMF Base Size \">100 HLF<\/td>\n<td data-label=\"Base Diameter D\">100 millim\u00e8tres<\/td>\n<td data-label=\"Diameter D Nom. Load \">20.000N<\/td>\n<\/tr>\n<tr>\n<td data-label=\"EHMF Base Size \">120 HLF<\/td>\n<td data-label=\"Base Diameter D\">120 millim\u00e8tres<\/td>\n<td data-label=\"Diameter D Nom. Load \">30.000N<\/td>\n<\/tr>\n<tr>\n<td data-label=\"EHMF Base Size \">140 HLF<\/td>\n<td data-label=\"Base Diameter D\">140 millim\u00e8tres<\/td>\n<td data-label=\"Diameter D Nom. Load \">40.000N<\/td>\n<\/tr>\n<\/tbody>\n<\/table>\n<\/div>\n<p><a href=\"https:\/\/nhkmachineryparts.com\/fr\/product-line\/stainless-steel-solid-base-feet\/\" data-internallinksmanager029f6b8e52c=\"17\" title=\"Pieds de mise \u00e0 niveau de la machine avec plaque de base solide\">Pieds de nivellement hygi\u00e9niques<\/a> Les broches avec manchon de protection sont disponibles dans une large gamme, offrant une flexibilit\u00e9 et un choix optimaux.<\/p>\n<div class=\"dcf-overflow-x-auto\" tabindex=\"0\">\n<table class=\"dcf-table dcf-table-bordered dcf-w-100%\">\n<caption>EHLF Diam\u00e8tre de la broche et du manchon<\/caption>\n<tbody>\n<tr>\n<td>M16<\/td>\n<td>M20<\/td>\n<td>M24<\/td>\n<td>M30<\/td>\n<td>M36<\/td>\n<td>M42<\/td>\n<td>M48<\/td>\n<\/tr>\n<\/tbody>\n<\/table>\n<\/div>\n<div class=\"dcf-overflow-x-auto\" tabindex=\"0\">\n<table class=\"dcf-table dcf-table-bordered dcf-w-100%\">\n<caption>Longueur de broche EHLF (L) et longueur de manchon (H)<\/caption>\n<tbody>\n<tr>\n<td>L=135 mm H=55 mm<\/td>\n<td>Min 80 mm \u00e0 Max 120 mm<\/td>\n<\/tr>\n<tr>\n<td>L=175 mm H=75 mm<\/td>\n<td>Min 100 mm \u00e0 Max 160 mm<\/td>\n<\/tr>\n<tr>\n<td>L=215 mm H=95 mm<\/td>\n<td>Min 120 mm \u00e0 Max 200 mm<\/td>\n<\/tr>\n<tr>\n<td>L=255 mm H=115 mm<\/td>\n<td>Min 140 mm \u00e0 Max 240 mm<\/td>\n<\/tr>\n<tr>\n<td>L=295 mm H=125 mm<\/td>\n<td>Min 180 mm \u00e0 Max 280 mm<\/td>\n<\/tr>\n<\/tbody>\n<\/table>\n<\/div>\n<p>Pour d&#039;autres longueurs de broche filet\u00e9e (L), veuillez nous contacter<br \/>\nLes filetages en pouces sont disponibles sur demande<br \/>\nLe filetage peut \u00e9galement \u00eatre personnalis\u00e9 selon demande sp\u00e9cifique, ex filetage trap\u00e8ze etc.<\/p>\n<h3>Pieds r\u00e9glables en version hygi\u00e9nique en option de livraison<\/h3>\n<p>Pour les commandes importantes, nous proposons de fournir la base et les broches s\u00e9par\u00e9ment<br \/>\nL&#039;avantage est la flexibilit\u00e9 pour le client qui utilise de nombreuses tailles de broches diff\u00e9rentes.<\/p>\n<h2 data-start=\"0\" data-end=\"86\">Pieds de nivellement hygi\u00e9niques avec broche prot\u00e9g\u00e9e<\/h2>\n<h3 data-start=\"88\" data-end=\"148\">Hygi\u00e8ne renforc\u00e9e pour les industries alimentaires et pharmaceutiques<\/h3>\n<p data-start=\"150\" data-end=\"585\"><a href=\"https:\/\/nhkmachineryparts.com\/fr\/product-line\/stainless-steel-solid-base-feet\/\" data-internallinksmanager029f6b8e52c=\"17\" title=\"Pieds de mise \u00e0 niveau de la machine avec plaque de base solide\">Pieds de nivellement hygi\u00e9niques<\/a> avec des broches prot\u00e9g\u00e9es sont des composants essentiels dans <a href=\"https:\/\/nhkmachineryparts.com\/fr\/our-industries\/\" data-internallinksmanager029f6b8e52c=\"4\" title=\"Nos secteurs\">les industries<\/a> L\u00e0 o\u00f9 la propret\u00e9 et la s\u00e9curit\u00e9 sont primordiales. Con\u00e7us pour pr\u00e9venir la contamination, ces composants sont couramment utilis\u00e9s dans les installations de transformation alimentaire, de production pharmaceutique et de biotechnologie. Leur construction en acier inoxydable et leur broche prot\u00e9g\u00e9e emp\u00eachent l&#039;accumulation de salet\u00e9, d&#039;humidit\u00e9 et de bact\u00e9ries, garantissant ainsi le respect de normes d&#039;hygi\u00e8ne strictes.<\/p>\n<h3 data-start=\"587\" data-end=\"634\">Conception robuste pour des performances durables<\/h3>\n<p data-start=\"636\" data-end=\"1091\">La construction robuste de <a href=\"https:\/\/nhkmachineryparts.com\/fr\/product-line\/stainless-steel-solid-base-feet\/\" data-internallinksmanager029f6b8e52c=\"17\" title=\"Pieds de mise \u00e0 niveau de la machine avec plaque de base solide\">pieds de nivellement hygi\u00e9niques<\/a> Assure des performances durables, m\u00eame dans les environnements exigeants. La broche est prot\u00e9g\u00e9e par un capot, la prot\u00e9geant ainsi des agressions ext\u00e9rieures. Cette conception minimise l&#039;usure, r\u00e9duit les besoins de maintenance et prolonge la dur\u00e9e de vie de l&#039;\u00e9quipement. De plus, l&#039;acier inoxydable offre une r\u00e9sistance \u00e0 la corrosion, rendant ces composants id\u00e9aux pour les environnements humides et difficiles.<\/p>\n<h3 data-start=\"1093\" data-end=\"1132\">Conformit\u00e9 aux normes de l&#039;industrie<\/h3>\n<p data-start=\"1134\" data-end=\"1512\"><a href=\"https:\/\/nhkmachineryparts.com\/fr\/product-line\/stainless-steel-solid-base-feet\/\" data-internallinksmanager029f6b8e52c=\"17\" title=\"Pieds de mise \u00e0 niveau de la machine avec plaque de base solide\">Pieds de nivellement hygi\u00e9niques<\/a> avec broches prot\u00e9g\u00e9es sont con\u00e7ues pour \u00eatre conformes aux normes d&#039;hygi\u00e8ne internationales, notamment <a href=\"https:\/\/nhkmachineryparts.com\/fr\/quelle-est-la-difference-entre-3a-et-ehedg\/\" data-internallinksmanager029f6b8e52c=\"2\" title=\"Pi\u00e8ces de machines certifi\u00e9es EHEDG\">EHEDG<\/a> et certifi\u00e9s 3A. Leurs surfaces lisses et leurs interstices minimes facilitent le nettoyage et garantissent la conformit\u00e9 aux r\u00e9glementations sanitaires. Ce niveau de propret\u00e9 est crucial dans les industries o\u00f9 la contamination peut compromettre la s\u00e9curit\u00e9 et la qualit\u00e9 des produits.<\/p>\n<h3 data-start=\"1514\" data-end=\"1567\">Applications polyvalentes dans divers secteurs d&#039;activit\u00e9<\/h3>\n<p data-start=\"1569\" data-end=\"1909\">Ces pieds de nivellement sont largement utilis\u00e9s dans les syst\u00e8mes de convoyeurs, les machines d&#039;emballage et les \u00e9quipements de transformation des aliments. Leur conception r\u00e9glable permet un alignement et une stabilit\u00e9 pr\u00e9cis, garantissant des performances optimales de la machine. En \u00e9vitant les vibrations et en maintenant l&#039;\u00e9quilibre de l&#039;\u00e9quipement, ils contribuent \u00e0 am\u00e9liorer l&#039;efficacit\u00e9 de la production et la coh\u00e9rence des produits.<\/p>\n<h3 data-start=\"1911\" data-end=\"2134\"><strong data-start=\"1911\" data-end=\"1932\">Am\u00e9liorer l&#039;hygi\u00e8ne et la stabilit\u00e9<\/strong><\/h3>\n<p data-start=\"1911\" data-end=\"2134\" data-is-last-node=\"\" data-is-only-node=\"\">D\u00e9couvrez les avantages de <a href=\"https:\/\/nhkmachineryparts.com\/fr\/product-line\/stainless-steel-solid-base-feet\/\" data-internallinksmanager029f6b8e52c=\"17\" title=\"Pieds de mise \u00e0 niveau de la machine avec plaque de base solide\">pieds de nivellement hygi\u00e9niques<\/a> Avec broches prot\u00e9g\u00e9es. Garantit la propret\u00e9, la stabilit\u00e9 et la conformit\u00e9 aux normes industrielles en mati\u00e8re de transformation alimentaire, de produits pharmaceutiques et de biotechnologie.<\/p>\n\n\t\t<\/div>\n\t<\/div>\n<\/div><\/div><\/div><\/div><\/div><\/section>","protected":false},"excerpt":{"rendered":"Ensuring Cleanliness and Stability Levelling feet in hygienic design with rubber base for vibration reduction and anti-slip properties Our hygienic levelling feet are provided with FDA certificate (FDA CFR 21 177 2600) with unique batch ID number for food safety traceability Try our product selector Levelling feet in hygienic design features and advantages Hygienic levelling [...]","protected":false},"featured_media":8504,"template":"","meta":[],"product_brand":[],"product_cat":[18],"product_tag":[],"class_list":{"0":"post-2911","1":"product","2":"type-product","3":"status-publish","4":"has-post-thumbnail","6":"product_cat-stainless-steel-machine-levelling-feet","8":"first","9":"instock","10":"shipping-taxable","11":"product-type-simple"},"yoast_head":"<!-- This site is optimized with the Yoast SEO plugin v27.3 - https:\/\/yoast.com\/product\/yoast-seo-wordpress\/ -->\n<title>Hygienic levelling feet with protected spindle | NHK Machinery Parts<\/title>\n<meta name=\"description\" content=\"In environments where contamination risks must be minimized, hygienic levelling feet with protected spindles provide reliable performance.\" \/>\n<meta name=\"robots\" content=\"index, follow, max-snippet:-1, max-image-preview:large, max-video-preview:-1\" \/>\n<link rel=\"canonical\" href=\"https:\/\/nhkmachineryparts.com\/fr\/produit\/pieds-de-nivellement-en-execution-extra-hygienique-ehlf-avec-broche-avec-manchon-de-protection\/\" \/>\n<meta property=\"og:locale\" content=\"fr_FR\" \/>\n<meta property=\"og:type\" content=\"article\" \/>\n<meta property=\"og:title\" content=\"Hygienic levelling feet with protected spindle | NHK Machinery Parts\" \/>\n<meta property=\"og:description\" content=\"In environments where contamination risks must be minimized, hygienic levelling feet with protected spindles provide reliable performance.\" \/>\n<meta property=\"og:url\" content=\"https:\/\/nhkmachineryparts.com\/fr\/produit\/pieds-de-nivellement-en-execution-extra-hygienique-ehlf-avec-broche-avec-manchon-de-protection\/\" \/>\n<meta property=\"og:site_name\" content=\"NHK Machinery Parts\" \/>\n<meta property=\"article:publisher\" content=\"https:\/\/www.facebook.com\/NHK.Group.aps\" \/>\n<meta property=\"article:modified_time\" content=\"2026-02-23T12:42:24+00:00\" \/>\n<meta property=\"og:image\" content=\"https:\/\/nhkmachineryparts.com\/wp-content\/uploads\/2023\/01\/Levelling-feet-in-extra-hygienic-design-EHLF-with-spindle-with-protecting-sleeve.jpg\" \/>\n\t<meta property=\"og:image:width\" content=\"1000\" \/>\n\t<meta property=\"og:image:height\" content=\"1000\" \/>\n\t<meta property=\"og:image:type\" content=\"image\/jpeg\" \/>\n<meta name=\"twitter:card\" content=\"summary_large_image\" \/>\n<meta name=\"twitter:label1\" content=\"Dur\u00e9e de lecture estim\u00e9e\" \/>\n\t<meta name=\"twitter:data1\" content=\"4 minutes\" \/>\n<script type=\"application\/ld+json\" class=\"yoast-schema-graph\">{\"@context\":\"https:\\\/\\\/schema.org\",\"@graph\":[{\"@type\":\"WebPage\",\"@id\":\"https:\\\/\\\/nhkmachineryparts.com\\\/product\\\/levelling-feet-in-extra-hygienic-design-ehlf-with-spindle-with-protecting-sleeve\\\/\",\"url\":\"https:\\\/\\\/nhkmachineryparts.com\\\/product\\\/levelling-feet-in-extra-hygienic-design-ehlf-with-spindle-with-protecting-sleeve\\\/\",\"name\":\"Hygienic levelling feet with protected spindle | NHK Machinery Parts\",\"isPartOf\":{\"@id\":\"https:\\\/\\\/nhkmachineryparts.com\\\/#website\"},\"primaryImageOfPage\":{\"@id\":\"https:\\\/\\\/nhkmachineryparts.com\\\/product\\\/levelling-feet-in-extra-hygienic-design-ehlf-with-spindle-with-protecting-sleeve\\\/#primaryimage\"},\"image\":{\"@id\":\"https:\\\/\\\/nhkmachineryparts.com\\\/product\\\/levelling-feet-in-extra-hygienic-design-ehlf-with-spindle-with-protecting-sleeve\\\/#primaryimage\"},\"thumbnailUrl\":\"https:\\\/\\\/nhkmachineryparts.com\\\/wp-content\\\/uploads\\\/2023\\\/01\\\/Levelling-feet-in-extra-hygienic-design-EHLF-with-spindle-with-protecting-sleeve.jpg\",\"datePublished\":\"2023-01-07T20:34:29+00:00\",\"dateModified\":\"2026-02-23T12:42:24+00:00\",\"description\":\"In environments where contamination risks must be minimized, hygienic levelling feet with protected spindles provide reliable performance.\",\"breadcrumb\":{\"@id\":\"https:\\\/\\\/nhkmachineryparts.com\\\/product\\\/levelling-feet-in-extra-hygienic-design-ehlf-with-spindle-with-protecting-sleeve\\\/#breadcrumb\"},\"inLanguage\":\"fr-FR\",\"potentialAction\":[{\"@type\":\"ReadAction\",\"target\":[\"https:\\\/\\\/nhkmachineryparts.com\\\/product\\\/levelling-feet-in-extra-hygienic-design-ehlf-with-spindle-with-protecting-sleeve\\\/\"]}]},{\"@type\":\"ImageObject\",\"inLanguage\":\"fr-FR\",\"@id\":\"https:\\\/\\\/nhkmachineryparts.com\\\/product\\\/levelling-feet-in-extra-hygienic-design-ehlf-with-spindle-with-protecting-sleeve\\\/#primaryimage\",\"url\":\"https:\\\/\\\/nhkmachineryparts.com\\\/wp-content\\\/uploads\\\/2023\\\/01\\\/Levelling-feet-in-extra-hygienic-design-EHLF-with-spindle-with-protecting-sleeve.jpg\",\"contentUrl\":\"https:\\\/\\\/nhkmachineryparts.com\\\/wp-content\\\/uploads\\\/2023\\\/01\\\/Levelling-feet-in-extra-hygienic-design-EHLF-with-spindle-with-protecting-sleeve.jpg\",\"width\":1000,\"height\":1000,\"caption\":\"Levelling feet in extra hygienic design EHLF with spindle with protecting sleeve\"},{\"@type\":\"BreadcrumbList\",\"@id\":\"https:\\\/\\\/nhkmachineryparts.com\\\/product\\\/levelling-feet-in-extra-hygienic-design-ehlf-with-spindle-with-protecting-sleeve\\\/#breadcrumb\",\"itemListElement\":[{\"@type\":\"ListItem\",\"position\":1,\"name\":\"Home\",\"item\":\"https:\\\/\\\/nhkmachineryparts.com\\\/\"},{\"@type\":\"ListItem\",\"position\":2,\"name\":\"Product line\",\"item\":\"https:\\\/\\\/nhkmachineryparts.com\\\/product-line\\\/\"},{\"@type\":\"ListItem\",\"position\":3,\"name\":\"Industrial machine leveling feet in stainless steel\",\"item\":\"https:\\\/\\\/nhkmachineryparts.com\\\/product-line\\\/stainless-steel-machine-levelling-feet\\\/\"},{\"@type\":\"ListItem\",\"position\":4,\"name\":\"Hygienic levelling feet with protected spindle\"}]},{\"@type\":\"WebSite\",\"@id\":\"https:\\\/\\\/nhkmachineryparts.com\\\/#website\",\"url\":\"https:\\\/\\\/nhkmachineryparts.com\\\/\",\"name\":\"NHK Machinery Parts\",\"description\":\"Bearing Houses, seismic levelling feet and levelling castors\",\"publisher\":{\"@id\":\"https:\\\/\\\/nhkmachineryparts.com\\\/#organization\"},\"potentialAction\":[{\"@type\":\"SearchAction\",\"target\":{\"@type\":\"EntryPoint\",\"urlTemplate\":\"https:\\\/\\\/nhkmachineryparts.com\\\/?s={search_term_string}\"},\"query-input\":{\"@type\":\"PropertyValueSpecification\",\"valueRequired\":true,\"valueName\":\"search_term_string\"}}],\"inLanguage\":\"fr-FR\"},{\"@type\":\"Organization\",\"@id\":\"https:\\\/\\\/nhkmachineryparts.com\\\/#organization\",\"name\":\"Nhk Group ApS\",\"url\":\"https:\\\/\\\/nhkmachineryparts.com\\\/\",\"logo\":{\"@type\":\"ImageObject\",\"inLanguage\":\"fr-FR\",\"@id\":\"https:\\\/\\\/nhkmachineryparts.com\\\/#\\\/schema\\\/logo\\\/image\\\/\",\"url\":\"https:\\\/\\\/nhkmachineryparts.com\\\/wp-content\\\/uploads\\\/2022\\\/09\\\/NHKgroup_social.jpg\",\"contentUrl\":\"https:\\\/\\\/nhkmachineryparts.com\\\/wp-content\\\/uploads\\\/2022\\\/09\\\/NHKgroup_social.jpg\",\"width\":1200,\"height\":630,\"caption\":\"Nhk Group ApS\"},\"image\":{\"@id\":\"https:\\\/\\\/nhkmachineryparts.com\\\/#\\\/schema\\\/logo\\\/image\\\/\"},\"sameAs\":[\"https:\\\/\\\/www.facebook.com\\\/NHK.Group.aps\"]}]}<\/script>\n<!-- \/ Yoast SEO plugin. -->","yoast_head_json":{"title":"Pieds de nivellement hygi\u00e9niques avec broche prot\u00e9g\u00e9e | Pi\u00e8ces de machines NHK","description":"Dans les environnements o\u00f9 les risques de contamination doivent \u00eatre minimis\u00e9s, les pieds de nivellement hygi\u00e9niques avec broches prot\u00e9g\u00e9es offrent des performances fiables.","robots":{"index":"index","follow":"follow","max-snippet":"max-snippet:-1","max-image-preview":"max-image-preview:large","max-video-preview":"max-video-preview:-1"},"canonical":"https:\/\/nhkmachineryparts.com\/fr\/produit\/pieds-de-nivellement-en-execution-extra-hygienique-ehlf-avec-broche-avec-manchon-de-protection\/","og_locale":"fr_FR","og_type":"article","og_title":"Hygienic levelling feet with protected spindle | NHK Machinery Parts","og_description":"In environments where contamination risks must be minimized, hygienic levelling feet with protected spindles provide reliable performance.","og_url":"https:\/\/nhkmachineryparts.com\/fr\/produit\/pieds-de-nivellement-en-execution-extra-hygienique-ehlf-avec-broche-avec-manchon-de-protection\/","og_site_name":"NHK Machinery Parts","article_publisher":"https:\/\/www.facebook.com\/NHK.Group.aps","article_modified_time":"2026-02-23T12:42:24+00:00","og_image":[{"width":1000,"height":1000,"url":"https:\/\/nhkmachineryparts.com\/wp-content\/uploads\/2023\/01\/Levelling-feet-in-extra-hygienic-design-EHLF-with-spindle-with-protecting-sleeve.jpg","type":"image\/jpeg"}],"twitter_card":"summary_large_image","twitter_misc":{"Dur\u00e9e de lecture estim\u00e9e":"4 minutes"},"schema":{"@context":"https:\/\/schema.org","@graph":[{"@type":"WebPage","@id":"https:\/\/nhkmachineryparts.com\/product\/levelling-feet-in-extra-hygienic-design-ehlf-with-spindle-with-protecting-sleeve\/","url":"https:\/\/nhkmachineryparts.com\/product\/levelling-feet-in-extra-hygienic-design-ehlf-with-spindle-with-protecting-sleeve\/","name":"Pieds de nivellement hygi\u00e9niques avec broche prot\u00e9g\u00e9e | Pi\u00e8ces de machines NHK","isPartOf":{"@id":"https:\/\/nhkmachineryparts.com\/#website"},"primaryImageOfPage":{"@id":"https:\/\/nhkmachineryparts.com\/product\/levelling-feet-in-extra-hygienic-design-ehlf-with-spindle-with-protecting-sleeve\/#primaryimage"},"image":{"@id":"https:\/\/nhkmachineryparts.com\/product\/levelling-feet-in-extra-hygienic-design-ehlf-with-spindle-with-protecting-sleeve\/#primaryimage"},"thumbnailUrl":"https:\/\/nhkmachineryparts.com\/wp-content\/uploads\/2023\/01\/Levelling-feet-in-extra-hygienic-design-EHLF-with-spindle-with-protecting-sleeve.jpg","datePublished":"2023-01-07T20:34:29+00:00","dateModified":"2026-02-23T12:42:24+00:00","description":"Dans les environnements o\u00f9 les risques de contamination doivent \u00eatre minimis\u00e9s, les pieds de nivellement hygi\u00e9niques avec broches prot\u00e9g\u00e9es offrent des performances fiables.","breadcrumb":{"@id":"https:\/\/nhkmachineryparts.com\/product\/levelling-feet-in-extra-hygienic-design-ehlf-with-spindle-with-protecting-sleeve\/#breadcrumb"},"inLanguage":"fr-FR","potentialAction":[{"@type":"ReadAction","target":["https:\/\/nhkmachineryparts.com\/product\/levelling-feet-in-extra-hygienic-design-ehlf-with-spindle-with-protecting-sleeve\/"]}]},{"@type":"ImageObject","inLanguage":"fr-FR","@id":"https:\/\/nhkmachineryparts.com\/product\/levelling-feet-in-extra-hygienic-design-ehlf-with-spindle-with-protecting-sleeve\/#primaryimage","url":"https:\/\/nhkmachineryparts.com\/wp-content\/uploads\/2023\/01\/Levelling-feet-in-extra-hygienic-design-EHLF-with-spindle-with-protecting-sleeve.jpg","contentUrl":"https:\/\/nhkmachineryparts.com\/wp-content\/uploads\/2023\/01\/Levelling-feet-in-extra-hygienic-design-EHLF-with-spindle-with-protecting-sleeve.jpg","width":1000,"height":1000,"caption":"Levelling feet in extra hygienic design EHLF with spindle with protecting sleeve"},{"@type":"BreadcrumbList","@id":"https:\/\/nhkmachineryparts.com\/product\/levelling-feet-in-extra-hygienic-design-ehlf-with-spindle-with-protecting-sleeve\/#breadcrumb","itemListElement":[{"@type":"ListItem","position":1,"name":"Home","item":"https:\/\/nhkmachineryparts.com\/"},{"@type":"ListItem","position":2,"name":"Product line","item":"https:\/\/nhkmachineryparts.com\/product-line\/"},{"@type":"ListItem","position":3,"name":"Industrial machine leveling feet in stainless steel","item":"https:\/\/nhkmachineryparts.com\/product-line\/stainless-steel-machine-levelling-feet\/"},{"@type":"ListItem","position":4,"name":"Hygienic levelling feet with protected spindle"}]},{"@type":"WebSite","@id":"https:\/\/nhkmachineryparts.com\/#website","url":"https:\/\/nhkmachineryparts.com\/","name":"Pi\u00e8ces d\u00e9tach\u00e9es pour machines NHK","description":"Corps de roulement, pieds de nivellement sismiques et roulettes de nivellement","publisher":{"@id":"https:\/\/nhkmachineryparts.com\/#organization"},"potentialAction":[{"@type":"SearchAction","target":{"@type":"EntryPoint","urlTemplate":"https:\/\/nhkmachineryparts.com\/?s={search_term_string}"},"query-input":{"@type":"PropertyValueSpecification","valueRequired":true,"valueName":"search_term_string"}}],"inLanguage":"fr-FR"},{"@type":"Organization","@id":"https:\/\/nhkmachineryparts.com\/#organization","name":"Nhk Group ApS","url":"https:\/\/nhkmachineryparts.com\/","logo":{"@type":"ImageObject","inLanguage":"fr-FR","@id":"https:\/\/nhkmachineryparts.com\/#\/schema\/logo\/image\/","url":"https:\/\/nhkmachineryparts.com\/wp-content\/uploads\/2022\/09\/NHKgroup_social.jpg","contentUrl":"https:\/\/nhkmachineryparts.com\/wp-content\/uploads\/2022\/09\/NHKgroup_social.jpg","width":1200,"height":630,"caption":"Nhk Group ApS"},"image":{"@id":"https:\/\/nhkmachineryparts.com\/#\/schema\/logo\/image\/"},"sameAs":["https:\/\/www.facebook.com\/NHK.Group.aps"]}]}},"_links":{"self":[{"href":"https:\/\/nhkmachineryparts.com\/fr\/wp-json\/wp\/v2\/product\/2911","targetHints":{"allow":["GET"]}}],"collection":[{"href":"https:\/\/nhkmachineryparts.com\/fr\/wp-json\/wp\/v2\/product"}],"about":[{"href":"https:\/\/nhkmachineryparts.com\/fr\/wp-json\/wp\/v2\/types\/product"}],"wp:featuredmedia":[{"embeddable":true,"href":"https:\/\/nhkmachineryparts.com\/fr\/wp-json\/wp\/v2\/media\/8504"}],"wp:attachment":[{"href":"https:\/\/nhkmachineryparts.com\/fr\/wp-json\/wp\/v2\/media?parent=2911"}],"wp:term":[{"taxonomy":"product_brand","embeddable":true,"href":"https:\/\/nhkmachineryparts.com\/fr\/wp-json\/wp\/v2\/product_brand?post=2911"},{"taxonomy":"product_cat","embeddable":true,"href":"https:\/\/nhkmachineryparts.com\/fr\/wp-json\/wp\/v2\/product_cat?post=2911"},{"taxonomy":"product_tag","embeddable":true,"href":"https:\/\/nhkmachineryparts.com\/fr\/wp-json\/wp\/v2\/product_tag?post=2911"}],"curies":[{"name":"wp","href":"https:\/\/api.w.org\/{rel}","templated":true}]}}