{"id":1868,"date":"2022-09-26T19:06:06","date_gmt":"2022-09-26T19:06:06","guid":{"rendered":"https:\/\/nhkmachineryparts.pawsfabrik.dk\/?post_type=product&#038;p=1868"},"modified":"2026-02-23T14:53:26","modified_gmt":"2026-02-23T12:53:26","slug":"253-mini-unites-a-bride-a-deux-boulons-en-acier-inox-sufl","status":"publish","type":"product","link":"https:\/\/nhkmachineryparts.com\/fr\/product\/253-mini-two-bolt-flange-units-in-stainless-steel-sufl\/","title":{"rendered":"Mini unit\u00e9s \u00e0 bride \u00e0 deux boulons en acier inoxydable SUFL"},"content":{"rendered":"<section class=\"vc_row vc_custom_1662993827263 liquid-row-shadowbox-69d53d879b26c vc_column-gap-0\"><div class=\"ld-container container\"><div class=\"row ld-row ld-row-outer\"><div class=\"wpb_column vc_column_container vc_col-sm-12 liquid-column-69d53d879b45d\"><div class=\"vc_column-inner\" ><div class=\"wpb_wrapper\"  >\n\t<div class=\"wpb_text_column wpb_content_element\" >\n\t\t<div class=\"wpb_wrapper\">\n\t\t\t<h2>Mini unit\u00e9s \u00e0 bride \u00e0 deux boulons en acier inoxydable SUFL<\/h2>\n<p>Les mini roulements \u00e0 bride en acier inoxydable \u00e0 2 trous de type SUFL avec serrures \u00e0 collier excentriques sont des roulements extra \u00e9troits de conception hygi\u00e9nique, adapt\u00e9s \u00e0 la production alimentaire et \u00e0 d&#039;autres environnements exigeants.<\/p>\n<h2>Mini unit\u00e9s \u00e0 bride \u00e0 deux boulons en acier inoxydable SUFL Caract\u00e9ristiques et avantages\u00a0:<\/h2>\n<ul>\n<li>Bo\u00eetiers en acier inoxydable AISI 304<\/li>\n<li>Roulements en acier inoxydable AISI 440C<\/li>\n<li>Joint\u00a0: Caoutchouc nitrile (NBR) ou caoutchouc de silicone (Si) approuv\u00e9 par la FDA<\/li>\n<li>Roulements \u00e9troits<\/li>\n<li>Aucun rev\u00eatement de surface n&#039;est requis<\/li>\n<li>Serrure \u00e0 collier excentrique<\/li>\n<li>Excellente dur\u00e9e de vie<\/li>\n<li>Temp\u00e9rature de fonctionnement de -30\u00b0C \u00e0 +120\u00b0C.<\/li>\n<\/ul>\n<h2>Mini unit\u00e9s \u00e0 bride \u00e0 deux boulons en acier inoxydable avec serrure \u00e0 collier excentrique<\/h2>\n<p>Roulement\u00a0:\u00a0SUS440C<br \/>\nMaison de roulement\u00a0: SUS304<br \/>\nVerrouillage du collier\u00a0: SUS304<br \/>\nAl\u00e9sage : 10 mm \u00e0 35 mm<\/p>\n<h2>Mini unit\u00e9s \u00e0 bride \u00e0 deux boulons en acier inoxydable, tailles SUFL.<\/h2>\n<table width=\"252\">\n<tbody>\n<tr>\n<td width=\"126\">Diam\u00e8tre de l&#039;arbre<\/td>\n<td width=\"126\">Num\u00e9ro de catalogue<\/td>\n<\/tr>\n<tr>\n<td width=\"126\">SUFL000<\/td>\n<td width=\"126\">axe de 10 mm<\/td>\n<\/tr>\n<tr>\n<td width=\"126\">SUFL001<\/td>\n<td width=\"126\">axe de 12 mm<\/td>\n<\/tr>\n<tr>\n<td width=\"126\">SUFL002<\/td>\n<td width=\"126\">axe de 15 mm<\/td>\n<\/tr>\n<tr>\n<td width=\"126\">SUFL003<\/td>\n<td width=\"126\">axe de 17 mm<\/td>\n<\/tr>\n<tr>\n<td width=\"126\">SUFL004<\/td>\n<td width=\"126\">axe de 20 mm<\/td>\n<\/tr>\n<tr>\n<td width=\"126\">SUFL005<\/td>\n<td width=\"126\">axe de 25 mm<\/td>\n<\/tr>\n<tr>\n<td width=\"126\">SUFL006<\/td>\n<td width=\"126\">axe de 30 mm<\/td>\n<\/tr>\n<tr>\n<td width=\"126\">SUFL007<\/td>\n<td width=\"126\">axe de 35 mm<\/td>\n<\/tr>\n<\/tbody>\n<\/table>\n<p>Le SUFL00x peut \u00eatre fourni avec un capuchon ouvert ou un capuchon ferm\u00e9.<br \/>\nBouchon ouvert en plastique, le suffixe \u00ab OC \u00bb est ajout\u00e9 aux num\u00e9ros de roulement. ex. : SUFL00xOC<br \/>\nBouchon ferm\u00e9 en plastique, le suffixe \u00ab CC \u00bb est ajout\u00e9 aux num\u00e9ros de roulement. ex. : SUFL00xCC<\/p>\n\n\t\t<\/div>\n\t<\/div>\n<\/div><\/div><\/div><\/div><\/div><\/section>","protected":false},"excerpt":{"rendered":"Mini Two-bolt flange units in stainless steel SUFL The 2-holes mini stainless steel flange bearing unit type SUFL with eccentric collar locks are extra narrow bearing units in hygienic design, suitable in food production and other demanding environments. Mini Two-bolt flange units in stainless steel SUFL features and advantages: Stainless steel housings AISI 304 Stainless [...]","protected":false},"featured_media":11574,"template":"","meta":[],"product_brand":[],"product_cat":[55],"product_tag":[],"class_list":{"0":"post-1868","1":"product","2":"type-product","3":"status-publish","4":"has-post-thumbnail","6":"product_cat-mini-bearing-units-in-stainless-steel","8":"first","9":"instock","10":"shipping-taxable","11":"product-type-simple"},"yoast_head":"<!-- This site is optimized with the Yoast SEO plugin v27.3 - https:\/\/yoast.com\/product\/yoast-seo-wordpress\/ -->\n<title>Mini Two-bolt flange units in stainless steel SUFL | NHK Machinery Parts<\/title>\n<meta name=\"description\" content=\"2-holes mini stainless steel flange bearing unit type SUFL with eccentric collar locks are extra narrow bearing units in hygienic design, food production\" \/>\n<meta name=\"robots\" content=\"index, follow, max-snippet:-1, max-image-preview:large, max-video-preview:-1\" \/>\n<link rel=\"canonical\" href=\"https:\/\/nhkmachineryparts.com\/fr\/produit\/253-mini-unites-a-bride-a-deux-boulons-en-acier-inox-sufl\/\" \/>\n<meta property=\"og:locale\" content=\"fr_FR\" \/>\n<meta property=\"og:type\" content=\"article\" \/>\n<meta property=\"og:title\" content=\"Mini Two-bolt flange units in stainless steel SUFL | NHK Machinery Parts\" \/>\n<meta property=\"og:description\" content=\"2-holes mini stainless steel flange bearing unit type SUFL with eccentric collar locks are extra narrow bearing units in hygienic design, food production\" \/>\n<meta property=\"og:url\" content=\"https:\/\/nhkmachineryparts.com\/fr\/produit\/253-mini-unites-a-bride-a-deux-boulons-en-acier-inox-sufl\/\" \/>\n<meta property=\"og:site_name\" content=\"NHK Machinery Parts\" \/>\n<meta property=\"article:publisher\" content=\"https:\/\/www.facebook.com\/NHK.Group.aps\" \/>\n<meta property=\"article:modified_time\" content=\"2026-02-23T12:53:26+00:00\" \/>\n<meta property=\"og:image\" content=\"https:\/\/nhkmachineryparts.com\/wp-content\/uploads\/2022\/09\/Mini-Two-bolt-flange-units-in-stainless-steel-304.jpg\" \/>\n\t<meta property=\"og:image:width\" content=\"1000\" \/>\n\t<meta property=\"og:image:height\" content=\"1000\" \/>\n\t<meta property=\"og:image:type\" content=\"image\/jpeg\" \/>\n<meta name=\"twitter:card\" content=\"summary_large_image\" \/>\n<meta name=\"twitter:label1\" content=\"Dur\u00e9e de lecture estim\u00e9e\" \/>\n\t<meta name=\"twitter:data1\" content=\"2 minutes\" \/>\n<script type=\"application\/ld+json\" class=\"yoast-schema-graph\">{\"@context\":\"https:\\\/\\\/schema.org\",\"@graph\":[{\"@type\":\"WebPage\",\"@id\":\"https:\\\/\\\/nhkmachineryparts.com\\\/product\\\/253-mini-two-bolt-flange-units-in-stainless-steel-sufl\\\/\",\"url\":\"https:\\\/\\\/nhkmachineryparts.com\\\/product\\\/253-mini-two-bolt-flange-units-in-stainless-steel-sufl\\\/\",\"name\":\"Mini Two-bolt flange units in stainless steel SUFL | NHK Machinery Parts\",\"isPartOf\":{\"@id\":\"https:\\\/\\\/nhkmachineryparts.com\\\/#website\"},\"primaryImageOfPage\":{\"@id\":\"https:\\\/\\\/nhkmachineryparts.com\\\/product\\\/253-mini-two-bolt-flange-units-in-stainless-steel-sufl\\\/#primaryimage\"},\"image\":{\"@id\":\"https:\\\/\\\/nhkmachineryparts.com\\\/product\\\/253-mini-two-bolt-flange-units-in-stainless-steel-sufl\\\/#primaryimage\"},\"thumbnailUrl\":\"https:\\\/\\\/nhkmachineryparts.com\\\/wp-content\\\/uploads\\\/2022\\\/09\\\/Mini-Two-bolt-flange-units-in-stainless-steel-304.jpg\",\"datePublished\":\"2022-09-26T19:06:06+00:00\",\"dateModified\":\"2026-02-23T12:53:26+00:00\",\"description\":\"2-holes mini stainless steel flange bearing unit type SUFL with eccentric collar locks are extra narrow bearing units in hygienic design, food production\",\"breadcrumb\":{\"@id\":\"https:\\\/\\\/nhkmachineryparts.com\\\/product\\\/253-mini-two-bolt-flange-units-in-stainless-steel-sufl\\\/#breadcrumb\"},\"inLanguage\":\"fr-FR\",\"potentialAction\":[{\"@type\":\"ReadAction\",\"target\":[\"https:\\\/\\\/nhkmachineryparts.com\\\/product\\\/253-mini-two-bolt-flange-units-in-stainless-steel-sufl\\\/\"]}]},{\"@type\":\"ImageObject\",\"inLanguage\":\"fr-FR\",\"@id\":\"https:\\\/\\\/nhkmachineryparts.com\\\/product\\\/253-mini-two-bolt-flange-units-in-stainless-steel-sufl\\\/#primaryimage\",\"url\":\"https:\\\/\\\/nhkmachineryparts.com\\\/wp-content\\\/uploads\\\/2022\\\/09\\\/Mini-Two-bolt-flange-units-in-stainless-steel-304.jpg\",\"contentUrl\":\"https:\\\/\\\/nhkmachineryparts.com\\\/wp-content\\\/uploads\\\/2022\\\/09\\\/Mini-Two-bolt-flange-units-in-stainless-steel-304.jpg\",\"width\":1000,\"height\":1000,\"caption\":\"Mini Two-bolt flange units in stainless steel 304\"},{\"@type\":\"BreadcrumbList\",\"@id\":\"https:\\\/\\\/nhkmachineryparts.com\\\/product\\\/253-mini-two-bolt-flange-units-in-stainless-steel-sufl\\\/#breadcrumb\",\"itemListElement\":[{\"@type\":\"ListItem\",\"position\":1,\"name\":\"Home\",\"item\":\"https:\\\/\\\/nhkmachineryparts.com\\\/\"},{\"@type\":\"ListItem\",\"position\":2,\"name\":\"Product line\",\"item\":\"https:\\\/\\\/nhkmachineryparts.com\\\/product-line\\\/\"},{\"@type\":\"ListItem\",\"position\":3,\"name\":\"Mini Bearing Units in Stainless Steel\",\"item\":\"https:\\\/\\\/nhkmachineryparts.com\\\/product-line\\\/mini-bearing-units-in-stainless-steel\\\/\"},{\"@type\":\"ListItem\",\"position\":4,\"name\":\"Mini Two-bolt flange units in stainless steel SUFL\"}]},{\"@type\":\"WebSite\",\"@id\":\"https:\\\/\\\/nhkmachineryparts.com\\\/#website\",\"url\":\"https:\\\/\\\/nhkmachineryparts.com\\\/\",\"name\":\"NHK Machinery Parts\",\"description\":\"Bearing Houses, seismic levelling feet and levelling castors\",\"publisher\":{\"@id\":\"https:\\\/\\\/nhkmachineryparts.com\\\/#organization\"},\"potentialAction\":[{\"@type\":\"SearchAction\",\"target\":{\"@type\":\"EntryPoint\",\"urlTemplate\":\"https:\\\/\\\/nhkmachineryparts.com\\\/?s={search_term_string}\"},\"query-input\":{\"@type\":\"PropertyValueSpecification\",\"valueRequired\":true,\"valueName\":\"search_term_string\"}}],\"inLanguage\":\"fr-FR\"},{\"@type\":\"Organization\",\"@id\":\"https:\\\/\\\/nhkmachineryparts.com\\\/#organization\",\"name\":\"Nhk Group ApS\",\"url\":\"https:\\\/\\\/nhkmachineryparts.com\\\/\",\"logo\":{\"@type\":\"ImageObject\",\"inLanguage\":\"fr-FR\",\"@id\":\"https:\\\/\\\/nhkmachineryparts.com\\\/#\\\/schema\\\/logo\\\/image\\\/\",\"url\":\"https:\\\/\\\/nhkmachineryparts.com\\\/wp-content\\\/uploads\\\/2022\\\/09\\\/NHKgroup_social.jpg\",\"contentUrl\":\"https:\\\/\\\/nhkmachineryparts.com\\\/wp-content\\\/uploads\\\/2022\\\/09\\\/NHKgroup_social.jpg\",\"width\":1200,\"height\":630,\"caption\":\"Nhk Group ApS\"},\"image\":{\"@id\":\"https:\\\/\\\/nhkmachineryparts.com\\\/#\\\/schema\\\/logo\\\/image\\\/\"},\"sameAs\":[\"https:\\\/\\\/www.facebook.com\\\/NHK.Group.aps\"]}]}<\/script>\n<!-- \/ Yoast SEO plugin. -->","yoast_head_json":{"title":"Mini unit\u00e9s \u00e0 bride \u00e0 deux boulons en acier inoxydable SUFL | Pi\u00e8ces d\u00e9tach\u00e9es pour machines NHK","description":"Les mini-paliers \u00e0 bride en acier inoxydable \u00e0 2 trous de type SUFL avec serrures \u00e0 collier excentriques sont des roulements extra \u00e9troits en conception hygi\u00e9nique, pour la production alimentaire","robots":{"index":"index","follow":"follow","max-snippet":"max-snippet:-1","max-image-preview":"max-image-preview:large","max-video-preview":"max-video-preview:-1"},"canonical":"https:\/\/nhkmachineryparts.com\/fr\/produit\/253-mini-unites-a-bride-a-deux-boulons-en-acier-inox-sufl\/","og_locale":"fr_FR","og_type":"article","og_title":"Mini Two-bolt flange units in stainless steel SUFL | NHK Machinery Parts","og_description":"2-holes mini stainless steel flange bearing unit type SUFL with eccentric collar locks are extra narrow bearing units in hygienic design, food production","og_url":"https:\/\/nhkmachineryparts.com\/fr\/produit\/253-mini-unites-a-bride-a-deux-boulons-en-acier-inox-sufl\/","og_site_name":"NHK Machinery Parts","article_publisher":"https:\/\/www.facebook.com\/NHK.Group.aps","article_modified_time":"2026-02-23T12:53:26+00:00","og_image":[{"width":1000,"height":1000,"url":"https:\/\/nhkmachineryparts.com\/wp-content\/uploads\/2022\/09\/Mini-Two-bolt-flange-units-in-stainless-steel-304.jpg","type":"image\/jpeg"}],"twitter_card":"summary_large_image","twitter_misc":{"Dur\u00e9e de lecture estim\u00e9e":"2 minutes"},"schema":{"@context":"https:\/\/schema.org","@graph":[{"@type":"WebPage","@id":"https:\/\/nhkmachineryparts.com\/product\/253-mini-two-bolt-flange-units-in-stainless-steel-sufl\/","url":"https:\/\/nhkmachineryparts.com\/product\/253-mini-two-bolt-flange-units-in-stainless-steel-sufl\/","name":"Mini unit\u00e9s \u00e0 bride \u00e0 deux boulons en acier inoxydable SUFL | Pi\u00e8ces d\u00e9tach\u00e9es pour machines NHK","isPartOf":{"@id":"https:\/\/nhkmachineryparts.com\/#website"},"primaryImageOfPage":{"@id":"https:\/\/nhkmachineryparts.com\/product\/253-mini-two-bolt-flange-units-in-stainless-steel-sufl\/#primaryimage"},"image":{"@id":"https:\/\/nhkmachineryparts.com\/product\/253-mini-two-bolt-flange-units-in-stainless-steel-sufl\/#primaryimage"},"thumbnailUrl":"https:\/\/nhkmachineryparts.com\/wp-content\/uploads\/2022\/09\/Mini-Two-bolt-flange-units-in-stainless-steel-304.jpg","datePublished":"2022-09-26T19:06:06+00:00","dateModified":"2026-02-23T12:53:26+00:00","description":"Les mini-paliers \u00e0 bride en acier inoxydable \u00e0 2 trous de type SUFL avec serrures \u00e0 collier excentriques sont des roulements extra \u00e9troits en conception hygi\u00e9nique, pour la production alimentaire","breadcrumb":{"@id":"https:\/\/nhkmachineryparts.com\/product\/253-mini-two-bolt-flange-units-in-stainless-steel-sufl\/#breadcrumb"},"inLanguage":"fr-FR","potentialAction":[{"@type":"ReadAction","target":["https:\/\/nhkmachineryparts.com\/product\/253-mini-two-bolt-flange-units-in-stainless-steel-sufl\/"]}]},{"@type":"ImageObject","inLanguage":"fr-FR","@id":"https:\/\/nhkmachineryparts.com\/product\/253-mini-two-bolt-flange-units-in-stainless-steel-sufl\/#primaryimage","url":"https:\/\/nhkmachineryparts.com\/wp-content\/uploads\/2022\/09\/Mini-Two-bolt-flange-units-in-stainless-steel-304.jpg","contentUrl":"https:\/\/nhkmachineryparts.com\/wp-content\/uploads\/2022\/09\/Mini-Two-bolt-flange-units-in-stainless-steel-304.jpg","width":1000,"height":1000,"caption":"Mini Two-bolt flange units in stainless steel 304"},{"@type":"BreadcrumbList","@id":"https:\/\/nhkmachineryparts.com\/product\/253-mini-two-bolt-flange-units-in-stainless-steel-sufl\/#breadcrumb","itemListElement":[{"@type":"ListItem","position":1,"name":"Home","item":"https:\/\/nhkmachineryparts.com\/"},{"@type":"ListItem","position":2,"name":"Product line","item":"https:\/\/nhkmachineryparts.com\/product-line\/"},{"@type":"ListItem","position":3,"name":"Mini Bearing Units in Stainless Steel","item":"https:\/\/nhkmachineryparts.com\/product-line\/mini-bearing-units-in-stainless-steel\/"},{"@type":"ListItem","position":4,"name":"Mini Two-bolt flange units in stainless steel SUFL"}]},{"@type":"WebSite","@id":"https:\/\/nhkmachineryparts.com\/#website","url":"https:\/\/nhkmachineryparts.com\/","name":"Pi\u00e8ces d\u00e9tach\u00e9es pour machines NHK","description":"Corps de roulement, pieds de nivellement sismiques et roulettes de nivellement","publisher":{"@id":"https:\/\/nhkmachineryparts.com\/#organization"},"potentialAction":[{"@type":"SearchAction","target":{"@type":"EntryPoint","urlTemplate":"https:\/\/nhkmachineryparts.com\/?s={search_term_string}"},"query-input":{"@type":"PropertyValueSpecification","valueRequired":true,"valueName":"search_term_string"}}],"inLanguage":"fr-FR"},{"@type":"Organization","@id":"https:\/\/nhkmachineryparts.com\/#organization","name":"Nhk Group ApS","url":"https:\/\/nhkmachineryparts.com\/","logo":{"@type":"ImageObject","inLanguage":"fr-FR","@id":"https:\/\/nhkmachineryparts.com\/#\/schema\/logo\/image\/","url":"https:\/\/nhkmachineryparts.com\/wp-content\/uploads\/2022\/09\/NHKgroup_social.jpg","contentUrl":"https:\/\/nhkmachineryparts.com\/wp-content\/uploads\/2022\/09\/NHKgroup_social.jpg","width":1200,"height":630,"caption":"Nhk Group ApS"},"image":{"@id":"https:\/\/nhkmachineryparts.com\/#\/schema\/logo\/image\/"},"sameAs":["https:\/\/www.facebook.com\/NHK.Group.aps"]}]}},"_links":{"self":[{"href":"https:\/\/nhkmachineryparts.com\/fr\/wp-json\/wp\/v2\/product\/1868","targetHints":{"allow":["GET"]}}],"collection":[{"href":"https:\/\/nhkmachineryparts.com\/fr\/wp-json\/wp\/v2\/product"}],"about":[{"href":"https:\/\/nhkmachineryparts.com\/fr\/wp-json\/wp\/v2\/types\/product"}],"wp:featuredmedia":[{"embeddable":true,"href":"https:\/\/nhkmachineryparts.com\/fr\/wp-json\/wp\/v2\/media\/11574"}],"wp:attachment":[{"href":"https:\/\/nhkmachineryparts.com\/fr\/wp-json\/wp\/v2\/media?parent=1868"}],"wp:term":[{"taxonomy":"product_brand","embeddable":true,"href":"https:\/\/nhkmachineryparts.com\/fr\/wp-json\/wp\/v2\/product_brand?post=1868"},{"taxonomy":"product_cat","embeddable":true,"href":"https:\/\/nhkmachineryparts.com\/fr\/wp-json\/wp\/v2\/product_cat?post=1868"},{"taxonomy":"product_tag","embeddable":true,"href":"https:\/\/nhkmachineryparts.com\/fr\/wp-json\/wp\/v2\/product_tag?post=1868"}],"curies":[{"name":"wp","href":"https:\/\/api.w.org\/{rel}","templated":true}]}}