{"id":1832,"date":"2022-09-26T10:10:50","date_gmt":"2022-09-26T10:10:50","guid":{"rendered":"https:\/\/nhkmachineryparts.pawsfabrik.dk\/?post_type=product&#038;p=1832"},"modified":"2026-02-23T14:54:05","modified_gmt":"2026-02-23T12:54:05","slug":"230-unite-thermo-plastique-couvercle-ferme","status":"publish","type":"product","link":"https:\/\/nhkmachineryparts.com\/fr\/product\/230-thermo-plastic-unit-closed-cover\/","title":{"rendered":"Couvercle ferm\u00e9 du palier thermoplastique"},"content":{"rendered":"<section class=\"vc_row vc_custom_1662993827263 liquid-row-shadowbox-69d3e0ae2d1aa vc_column-gap-0\"><div class=\"ld-container container\"><div class=\"row ld-row ld-row-outer\"><div class=\"wpb_column vc_column_container vc_col-sm-12 liquid-column-69d3e0ae2d334\"><div class=\"vc_column-inner\" ><div class=\"wpb_wrapper\"  >\n\t<div class=\"wpb_text_column wpb_content_element\" >\n\t\t<div class=\"wpb_wrapper\">\n\t\t\t<h2>Protection et performances maximales<\/h2>\n<p>\u2013 Bo\u00eetiers thermoplastiques avec couvercle en noir, blanc ou bleu<br \/>\n\u2013 Mat\u00e9riau de couverture : Polypropyl\u00e8ne<\/p>\n<h2>Tailles disponibles<\/h2>\n<div class=\"dcf-overflow-x-auto\" tabindex=\"0\">\n<table class=\"dcf-table dcf-table-bordered dcf-w-100%\">\n<thead>\n<tr>\n<th scope=\"col\">Diam\u00e8tre de l&#039;arbre<\/th>\n<th scope=\"col\">Num\u00e9ro de catalogue<\/th>\n<\/tr>\n<\/thead>\n<tbody>\n<tr>\n<td data-label=\"Shaft Diameter\">\u00d820 mm<\/td>\n<td data-label=\"Catalog No.\">CC 204<\/td>\n<\/tr>\n<tr>\n<td data-label=\"Shaft Diameter\">\u00d825mm<\/td>\n<td data-label=\"Catalog No.\">CC 205<\/td>\n<\/tr>\n<tr>\n<td data-label=\"Shaft Diameter\">\u00d830 mm<\/td>\n<td data-label=\"Catalog No.\">CC 206<\/td>\n<\/tr>\n<tr>\n<td data-label=\"Shaft Diameter\">\u00d835mm<\/td>\n<td data-label=\"Catalog No.\">CC 207<\/td>\n<\/tr>\n<tr>\n<td data-label=\"Shaft Diameter\">\u00d840mm<\/td>\n<td data-label=\"Catalog No.\">CC 208<\/td>\n<\/tr>\n<tr>\n<td data-label=\"Shaft Diameter\">\u00d845mm<\/td>\n<td data-label=\"Catalog No.\">CC 209<\/td>\n<\/tr>\n<tr>\n<td data-label=\"Shaft Diameter\">\u00d850 mm<\/td>\n<td data-label=\"Catalog No.\">CC210<\/td>\n<\/tr>\n<tr>\n<td data-label=\"Shaft Diameter\">\u00d855 mm<\/td>\n<td data-label=\"Catalog No.\">CC 211<\/td>\n<\/tr>\n<tr>\n<td data-label=\"Shaft Diameter\">\u00d860mm<\/td>\n<td data-label=\"Catalog No.\">CC 212<\/td>\n<\/tr>\n<\/tbody>\n<\/table>\n<\/div>\n<h2 data-start=\"0\" data-end=\"110\">Unit\u00e9s de roulement dans un bo\u00eetier composite IP54 avec couvercle ferm\u00e9<\/h2>\n<h3 data-start=\"0\" data-end=\"110\">La solution id\u00e9ale pour les applications industrielles<\/h3>\n<p data-start=\"112\" data-end=\"527\">Les unit\u00e9s de roulement jouent un r\u00f4le essentiel pour garantir un fonctionnement fluide et efficace dans les environnements industriels. <strong data-start=\"223\" data-end=\"281\">Bo\u00eetier composite IP54 avec paliers ferm\u00e9s<\/strong> offrent une protection, une durabilit\u00e9 et une efficacit\u00e9 am\u00e9lior\u00e9es dans diverses applications. Ces unit\u00e9s sont con\u00e7ues pour r\u00e9sister \u00e0 des conditions exigeantes, ce qui les rend id\u00e9ales pour la transformation des aliments, les produits pharmaceutiques, l&#039;emballage et la fabrication g\u00e9n\u00e9rale <a href=\"https:\/\/nhkmachineryparts.com\/fr\/our-industries\/\" data-internallinksmanager029f6b8e52c=\"4\" title=\"Nos secteurs\">les industries<\/a>.<\/p>\n<h3 data-start=\"529\" data-end=\"591\"><strong data-start=\"533\" data-end=\"589\">Principaux avantages des paliers \u00e0 bo\u00eetier composite IP54<\/strong><\/h3>\n<ol data-start=\"593\" data-end=\"1472\">\n<li data-start=\"593\" data-end=\"751\"><strong data-start=\"596\" data-end=\"620\">Protection sup\u00e9rieure :<\/strong> Le bo\u00eetier class\u00e9 IP54 prot\u00e8ge contre la p\u00e9n\u00e9tration de poussi\u00e8re et les \u00e9claboussures d&#039;eau, garantissant une dur\u00e9e de vie prolong\u00e9e des roulements et une maintenance r\u00e9duite.<\/li>\n<li data-start=\"752\" data-end=\"919\"><strong data-start=\"755\" data-end=\"785\">Bo\u00eetier composite durable :<\/strong> Fabriqu\u00e9s \u00e0 partir de mat\u00e9riaux \u00e0 haute r\u00e9sistance, les bo\u00eetiers composites offrent une excellente r\u00e9sistance \u00e0 la corrosion, aux produits chimiques et aux temp\u00e9ratures extr\u00eames.<\/li>\n<li data-start=\"920\" data-end=\"1101\"><strong data-start=\"923\" data-end=\"947\">Conception de couverture ferm\u00e9e :<\/strong> Le couvercle scell\u00e9 emp\u00eache la p\u00e9n\u00e9tration de contaminants, r\u00e9duisant ainsi le risque de d\u00e9faillance pr\u00e9matur\u00e9e et garantissant un fonctionnement hygi\u00e9nique dans les environnements sensibles.<\/li>\n<li data-start=\"1102\" data-end=\"1286\"><strong data-start=\"1105\" data-end=\"1142\">L\u00e9ger et r\u00e9sistant aux chocs :<\/strong> Par rapport aux bo\u00eetiers m\u00e9talliques traditionnels, les mat\u00e9riaux composites sont plus l\u00e9gers tout en conservant une r\u00e9sistance m\u00e9canique et une r\u00e9sistance aux chocs sup\u00e9rieures.<\/li>\n<li data-start=\"1287\" data-end=\"1472\"><strong data-start=\"1290\" data-end=\"1318\">Solution \u00e9conomique :<\/strong> Avec une dur\u00e9e de vie plus longue et des besoins de maintenance minimes, ces unit\u00e9s de roulements offrent une alternative \u00e9conomique aux bo\u00eetiers m\u00e9talliques conventionnels.<\/li>\n<\/ol>\n<h3 data-start=\"1474\" data-end=\"1518\"><strong data-start=\"1478\" data-end=\"1516\">Applications dans diverses industries<\/strong><\/h3>\n<ul data-start=\"1520\" data-end=\"1913\">\n<li data-start=\"1520\" data-end=\"1614\"><strong data-start=\"1522\" data-end=\"1555\">Transformation des aliments et des boissons :<\/strong> Assure des op\u00e9rations hygi\u00e9niques en pr\u00e9venant la contamination.<\/li>\n<li data-start=\"1615\" data-end=\"1706\"><strong data-start=\"1617\" data-end=\"1645\">Industrie pharmaceutique :<\/strong> Maintient la st\u00e9rilit\u00e9 et r\u00e9pond aux r\u00e9glementations strictes de l\u2019industrie.<\/li>\n<li data-start=\"1707\" data-end=\"1814\"><strong data-start=\"1709\" data-end=\"1743\">Emballage et manutention :<\/strong> Offre des performances fluides et fiables dans les applications \u00e0 grande vitesse.<\/li>\n<li data-start=\"1815\" data-end=\"1913\"><strong data-start=\"1817\" data-end=\"1846\">Agriculture et automatisation :<\/strong> R\u00e9siste \u00e0 l\u2019exposition \u00e0 la poussi\u00e8re, \u00e0 l\u2019humidit\u00e9 et aux variations de temp\u00e9rature.<\/li>\n<\/ul>\n<h2 data-start=\"1915\" data-end=\"1935\"><strong data-start=\"1919\" data-end=\"1933\">Am\u00e9liorer la durabilit\u00e9 et l&#039;efficacit\u00e9<\/strong><\/h2>\n<p data-start=\"1937\" data-end=\"2242\">Les unit\u00e9s de roulement \u00e0 bo\u00eetier composite IP54 avec couvercles ferm\u00e9s sont le choix parfait pour les industries qui n\u00e9cessitent <strong data-start=\"2044\" data-end=\"2094\">durabilit\u00e9, hygi\u00e8ne et fiabilit\u00e9 \u00e0 long terme<\/strong>. Leur <strong data-start=\"2102\" data-end=\"2181\">conception \u00e9tanche, construction l\u00e9g\u00e8re et propri\u00e9t\u00e9s r\u00e9sistantes \u00e0 la corrosion<\/strong> les rendent indispensables dans les applications industrielles modernes.<\/p>\n<div class=\"dcf-overflow-x-auto\" tabindex=\"0\">\n<h2>Unit\u00e9 thermoplastique couvercle ferm\u00e9 \/ capuchon ferm\u00e9 (CC)<\/h2>\n<p><a href=\"https:\/\/nhkmachineryparts.com\/fr\/produit\/223-bloc-oreiller-unite-ppl\/\">Palier \u00e0 roulement \u00e0 billes PPL<\/a><br \/>\n<a href=\"https:\/\/nhkmachineryparts.com\/fr\/produit\/222-carre-4-boulons-bride-unite-fpl\/\">Unit\u00e9 de roulement \u00e0 billes FPL \u00e0 bride carr\u00e9e \u00e0 4 boulons<\/a><br \/>\n<a href=\"https:\/\/nhkmachineryparts.com\/fr\/produit\/224-ovale-2-boulon-bride-unite-flpl\/\">Unit\u00e9 de roulement \u00e0 billes FLPL \u00e0 bride ovale \u00e0 2 boulons<\/a><br \/>\n<a href=\"https:\/\/nhkmachineryparts.com\/fr\/produit\/225-base-taraudee-bloc-oreiller-unite-papl\/\">Palier \u00e0 semelle taraud\u00e9e Unit\u00e9 \u00e0 roulement \u00e0 billes PAPL<\/a><br \/>\n<a href=\"https:\/\/nhkmachineryparts.com\/fr\/produit\/226-unite-a-bride-3-boulons-un-cote-fbpl\/\">Unit\u00e9 de roulement \u00e0 billes FBPL \u00e0 bride lat\u00e9rale \u00e0 3 boulons<\/a><br \/>\n<a href=\"https:\/\/nhkmachineryparts.com\/fr\/produit\/292-cartouche-4-boulons-bride-unite-fcpl\/\">Unit\u00e9 \u00e0 bride \u00e0 cartouche \u00e0 4 boulons FCPL<\/a><br \/>\n<a href=\"https:\/\/nhkmachineryparts.com\/fr\/produit\/227-unite-de-suspension-hppl\/\">Unit\u00e9 de roulement \u00e0 billes Blue Hanger HPPL<\/a><br \/>\n<a href=\"https:\/\/nhkmachineryparts.com\/fr\/produit\/228-unites-de-prise-en-charge-tpl\/\">Roulement \u00e0 billes Blue Take-up TPL<\/a><\/p>\n<\/div>\n\n\t\t<\/div>\n\t<\/div>\n<\/div><\/div><\/div><\/div><\/div><\/section>","protected":false},"excerpt":{"rendered":"Maximum Protection and Performance - Thermoplastic housings cover in Black, White or Blue - Cover material: Polypropylene Available sizes Shaft Diameter Catalog No. \u00d820 mm CC 204 \u00d825 mm CC 205 \u00d830 mm CC 206 \u00d835 mm CC 207 \u00d840 mm CC 208 \u00d845 mm CC 209 \u00d850 mm CC 210 \u00d855 mm CC 211 [...]","protected":false},"featured_media":9080,"template":"","meta":[],"product_brand":[],"product_cat":[52],"product_tag":[],"class_list":{"0":"post-1832","1":"product","2":"type-product","3":"status-publish","4":"has-post-thumbnail","6":"product_cat-bearing-units-in-ip54-thermo-plastic-housing","8":"first","9":"instock","10":"shipping-taxable","11":"product-type-simple"},"yoast_head":"<!-- This site is optimized with the Yoast SEO plugin v27.3 - https:\/\/yoast.com\/product\/yoast-seo-wordpress\/ -->\n<title>Thermo plastic bearing unit closed cover | Maximum Protection | NHK Machinery Parts<\/title>\n<meta name=\"description\" content=\"The closed cover for thermo plastic bearing unit is suitable for the food industry and other demanding environments, due to the hygienic design\" \/>\n<meta name=\"robots\" content=\"index, follow, max-snippet:-1, max-image-preview:large, max-video-preview:-1\" \/>\n<link rel=\"canonical\" href=\"https:\/\/nhkmachineryparts.com\/fr\/produit\/230-unite-thermo-plastique-couvercle-ferme\/\" \/>\n<meta property=\"og:locale\" content=\"fr_FR\" \/>\n<meta property=\"og:type\" content=\"article\" \/>\n<meta property=\"og:title\" content=\"Thermo plastic bearing unit closed cover | Maximum Protection | NHK Machinery Parts\" \/>\n<meta property=\"og:description\" content=\"The closed cover for thermo plastic bearing unit is suitable for the food industry and other demanding environments, due to the hygienic design\" \/>\n<meta property=\"og:url\" content=\"https:\/\/nhkmachineryparts.com\/fr\/produit\/230-unite-thermo-plastique-couvercle-ferme\/\" \/>\n<meta property=\"og:site_name\" content=\"NHK Machinery Parts\" \/>\n<meta property=\"article:publisher\" content=\"https:\/\/www.facebook.com\/NHK.Group.aps\" \/>\n<meta property=\"article:modified_time\" content=\"2026-02-23T12:54:05+00:00\" \/>\n<meta property=\"og:image\" content=\"https:\/\/nhkmachineryparts.com\/wp-content\/uploads\/2022\/09\/Closed-blue-cover-for-stainless-bearing-unit.jpg\" \/>\n\t<meta property=\"og:image:width\" content=\"1000\" \/>\n\t<meta property=\"og:image:height\" content=\"1000\" \/>\n\t<meta property=\"og:image:type\" content=\"image\/jpeg\" \/>\n<meta name=\"twitter:card\" content=\"summary_large_image\" \/>\n<meta name=\"twitter:label1\" content=\"Dur\u00e9e de lecture estim\u00e9e\" \/>\n\t<meta name=\"twitter:data1\" content=\"2 minutes\" \/>\n<script type=\"application\/ld+json\" class=\"yoast-schema-graph\">{\"@context\":\"https:\\\/\\\/schema.org\",\"@graph\":[{\"@type\":\"WebPage\",\"@id\":\"https:\\\/\\\/nhkmachineryparts.com\\\/product\\\/230-thermo-plastic-unit-closed-cover\\\/\",\"url\":\"https:\\\/\\\/nhkmachineryparts.com\\\/product\\\/230-thermo-plastic-unit-closed-cover\\\/\",\"name\":\"Thermo plastic bearing unit closed cover | Maximum Protection | NHK Machinery Parts\",\"isPartOf\":{\"@id\":\"https:\\\/\\\/nhkmachineryparts.com\\\/#website\"},\"primaryImageOfPage\":{\"@id\":\"https:\\\/\\\/nhkmachineryparts.com\\\/product\\\/230-thermo-plastic-unit-closed-cover\\\/#primaryimage\"},\"image\":{\"@id\":\"https:\\\/\\\/nhkmachineryparts.com\\\/product\\\/230-thermo-plastic-unit-closed-cover\\\/#primaryimage\"},\"thumbnailUrl\":\"https:\\\/\\\/nhkmachineryparts.com\\\/wp-content\\\/uploads\\\/2022\\\/09\\\/Closed-blue-cover-for-stainless-bearing-unit.jpg\",\"datePublished\":\"2022-09-26T10:10:50+00:00\",\"dateModified\":\"2026-02-23T12:54:05+00:00\",\"description\":\"The closed cover for thermo plastic bearing unit is suitable for the food industry and other demanding environments, due to the hygienic design\",\"breadcrumb\":{\"@id\":\"https:\\\/\\\/nhkmachineryparts.com\\\/product\\\/230-thermo-plastic-unit-closed-cover\\\/#breadcrumb\"},\"inLanguage\":\"fr-FR\",\"potentialAction\":[{\"@type\":\"ReadAction\",\"target\":[\"https:\\\/\\\/nhkmachineryparts.com\\\/product\\\/230-thermo-plastic-unit-closed-cover\\\/\"]}]},{\"@type\":\"ImageObject\",\"inLanguage\":\"fr-FR\",\"@id\":\"https:\\\/\\\/nhkmachineryparts.com\\\/product\\\/230-thermo-plastic-unit-closed-cover\\\/#primaryimage\",\"url\":\"https:\\\/\\\/nhkmachineryparts.com\\\/wp-content\\\/uploads\\\/2022\\\/09\\\/Closed-blue-cover-for-stainless-bearing-unit.jpg\",\"contentUrl\":\"https:\\\/\\\/nhkmachineryparts.com\\\/wp-content\\\/uploads\\\/2022\\\/09\\\/Closed-blue-cover-for-stainless-bearing-unit.jpg\",\"width\":1000,\"height\":1000,\"caption\":\"Closed blue cover for stainless bearing unit\"},{\"@type\":\"BreadcrumbList\",\"@id\":\"https:\\\/\\\/nhkmachineryparts.com\\\/product\\\/230-thermo-plastic-unit-closed-cover\\\/#breadcrumb\",\"itemListElement\":[{\"@type\":\"ListItem\",\"position\":1,\"name\":\"Home\",\"item\":\"https:\\\/\\\/nhkmachineryparts.com\\\/\"},{\"@type\":\"ListItem\",\"position\":2,\"name\":\"Product line\",\"item\":\"https:\\\/\\\/nhkmachineryparts.com\\\/product-line\\\/\"},{\"@type\":\"ListItem\",\"position\":3,\"name\":\"Bearing units in IP54\u00a0composite housing\",\"item\":\"https:\\\/\\\/nhkmachineryparts.com\\\/product-line\\\/bearing-units-in-ip54-thermo-plastic-housing\\\/\"},{\"@type\":\"ListItem\",\"position\":4,\"name\":\"Thermo plastic bearing unit closed cover\"}]},{\"@type\":\"WebSite\",\"@id\":\"https:\\\/\\\/nhkmachineryparts.com\\\/#website\",\"url\":\"https:\\\/\\\/nhkmachineryparts.com\\\/\",\"name\":\"NHK Machinery Parts\",\"description\":\"Bearing Houses, seismic levelling feet and levelling castors\",\"publisher\":{\"@id\":\"https:\\\/\\\/nhkmachineryparts.com\\\/#organization\"},\"potentialAction\":[{\"@type\":\"SearchAction\",\"target\":{\"@type\":\"EntryPoint\",\"urlTemplate\":\"https:\\\/\\\/nhkmachineryparts.com\\\/?s={search_term_string}\"},\"query-input\":{\"@type\":\"PropertyValueSpecification\",\"valueRequired\":true,\"valueName\":\"search_term_string\"}}],\"inLanguage\":\"fr-FR\"},{\"@type\":\"Organization\",\"@id\":\"https:\\\/\\\/nhkmachineryparts.com\\\/#organization\",\"name\":\"Nhk Group ApS\",\"url\":\"https:\\\/\\\/nhkmachineryparts.com\\\/\",\"logo\":{\"@type\":\"ImageObject\",\"inLanguage\":\"fr-FR\",\"@id\":\"https:\\\/\\\/nhkmachineryparts.com\\\/#\\\/schema\\\/logo\\\/image\\\/\",\"url\":\"https:\\\/\\\/nhkmachineryparts.com\\\/wp-content\\\/uploads\\\/2022\\\/09\\\/NHKgroup_social.jpg\",\"contentUrl\":\"https:\\\/\\\/nhkmachineryparts.com\\\/wp-content\\\/uploads\\\/2022\\\/09\\\/NHKgroup_social.jpg\",\"width\":1200,\"height\":630,\"caption\":\"Nhk Group ApS\"},\"image\":{\"@id\":\"https:\\\/\\\/nhkmachineryparts.com\\\/#\\\/schema\\\/logo\\\/image\\\/\"},\"sameAs\":[\"https:\\\/\\\/www.facebook.com\\\/NHK.Group.aps\"]}]}<\/script>\n<!-- \/ Yoast SEO plugin. -->","yoast_head_json":{"title":"Couvercle ferm\u00e9 pour unit\u00e9 de palier thermoplastique | Protection maximale | Pi\u00e8ces de machines NHK","description":"Le couvercle ferm\u00e9 pour unit\u00e9 de roulement en thermoplastique convient \u00e0 l&#039;industrie alimentaire et \u00e0 d&#039;autres environnements exigeants, gr\u00e2ce \u00e0 sa conception hygi\u00e9nique","robots":{"index":"index","follow":"follow","max-snippet":"max-snippet:-1","max-image-preview":"max-image-preview:large","max-video-preview":"max-video-preview:-1"},"canonical":"https:\/\/nhkmachineryparts.com\/fr\/produit\/230-unite-thermo-plastique-couvercle-ferme\/","og_locale":"fr_FR","og_type":"article","og_title":"Thermo plastic bearing unit closed cover | Maximum Protection | NHK Machinery Parts","og_description":"The closed cover for thermo plastic bearing unit is suitable for the food industry and other demanding environments, due to the hygienic design","og_url":"https:\/\/nhkmachineryparts.com\/fr\/produit\/230-unite-thermo-plastique-couvercle-ferme\/","og_site_name":"NHK Machinery Parts","article_publisher":"https:\/\/www.facebook.com\/NHK.Group.aps","article_modified_time":"2026-02-23T12:54:05+00:00","og_image":[{"width":1000,"height":1000,"url":"https:\/\/nhkmachineryparts.com\/wp-content\/uploads\/2022\/09\/Closed-blue-cover-for-stainless-bearing-unit.jpg","type":"image\/jpeg"}],"twitter_card":"summary_large_image","twitter_misc":{"Dur\u00e9e de lecture estim\u00e9e":"2 minutes"},"schema":{"@context":"https:\/\/schema.org","@graph":[{"@type":"WebPage","@id":"https:\/\/nhkmachineryparts.com\/product\/230-thermo-plastic-unit-closed-cover\/","url":"https:\/\/nhkmachineryparts.com\/product\/230-thermo-plastic-unit-closed-cover\/","name":"Couvercle ferm\u00e9 pour unit\u00e9 de palier thermoplastique | Protection maximale | Pi\u00e8ces de machines NHK","isPartOf":{"@id":"https:\/\/nhkmachineryparts.com\/#website"},"primaryImageOfPage":{"@id":"https:\/\/nhkmachineryparts.com\/product\/230-thermo-plastic-unit-closed-cover\/#primaryimage"},"image":{"@id":"https:\/\/nhkmachineryparts.com\/product\/230-thermo-plastic-unit-closed-cover\/#primaryimage"},"thumbnailUrl":"https:\/\/nhkmachineryparts.com\/wp-content\/uploads\/2022\/09\/Closed-blue-cover-for-stainless-bearing-unit.jpg","datePublished":"2022-09-26T10:10:50+00:00","dateModified":"2026-02-23T12:54:05+00:00","description":"Le couvercle ferm\u00e9 pour unit\u00e9 de roulement en thermoplastique convient \u00e0 l&#039;industrie alimentaire et \u00e0 d&#039;autres environnements exigeants, gr\u00e2ce \u00e0 sa conception hygi\u00e9nique","breadcrumb":{"@id":"https:\/\/nhkmachineryparts.com\/product\/230-thermo-plastic-unit-closed-cover\/#breadcrumb"},"inLanguage":"fr-FR","potentialAction":[{"@type":"ReadAction","target":["https:\/\/nhkmachineryparts.com\/product\/230-thermo-plastic-unit-closed-cover\/"]}]},{"@type":"ImageObject","inLanguage":"fr-FR","@id":"https:\/\/nhkmachineryparts.com\/product\/230-thermo-plastic-unit-closed-cover\/#primaryimage","url":"https:\/\/nhkmachineryparts.com\/wp-content\/uploads\/2022\/09\/Closed-blue-cover-for-stainless-bearing-unit.jpg","contentUrl":"https:\/\/nhkmachineryparts.com\/wp-content\/uploads\/2022\/09\/Closed-blue-cover-for-stainless-bearing-unit.jpg","width":1000,"height":1000,"caption":"Closed blue cover for stainless bearing unit"},{"@type":"BreadcrumbList","@id":"https:\/\/nhkmachineryparts.com\/product\/230-thermo-plastic-unit-closed-cover\/#breadcrumb","itemListElement":[{"@type":"ListItem","position":1,"name":"Home","item":"https:\/\/nhkmachineryparts.com\/"},{"@type":"ListItem","position":2,"name":"Product line","item":"https:\/\/nhkmachineryparts.com\/product-line\/"},{"@type":"ListItem","position":3,"name":"Bearing units in IP54\u00a0composite housing","item":"https:\/\/nhkmachineryparts.com\/product-line\/bearing-units-in-ip54-thermo-plastic-housing\/"},{"@type":"ListItem","position":4,"name":"Thermo plastic bearing unit closed cover"}]},{"@type":"WebSite","@id":"https:\/\/nhkmachineryparts.com\/#website","url":"https:\/\/nhkmachineryparts.com\/","name":"Pi\u00e8ces d\u00e9tach\u00e9es pour machines NHK","description":"Corps de roulement, pieds de nivellement sismiques et roulettes de nivellement","publisher":{"@id":"https:\/\/nhkmachineryparts.com\/#organization"},"potentialAction":[{"@type":"SearchAction","target":{"@type":"EntryPoint","urlTemplate":"https:\/\/nhkmachineryparts.com\/?s={search_term_string}"},"query-input":{"@type":"PropertyValueSpecification","valueRequired":true,"valueName":"search_term_string"}}],"inLanguage":"fr-FR"},{"@type":"Organization","@id":"https:\/\/nhkmachineryparts.com\/#organization","name":"Nhk Group ApS","url":"https:\/\/nhkmachineryparts.com\/","logo":{"@type":"ImageObject","inLanguage":"fr-FR","@id":"https:\/\/nhkmachineryparts.com\/#\/schema\/logo\/image\/","url":"https:\/\/nhkmachineryparts.com\/wp-content\/uploads\/2022\/09\/NHKgroup_social.jpg","contentUrl":"https:\/\/nhkmachineryparts.com\/wp-content\/uploads\/2022\/09\/NHKgroup_social.jpg","width":1200,"height":630,"caption":"Nhk Group ApS"},"image":{"@id":"https:\/\/nhkmachineryparts.com\/#\/schema\/logo\/image\/"},"sameAs":["https:\/\/www.facebook.com\/NHK.Group.aps"]}]}},"_links":{"self":[{"href":"https:\/\/nhkmachineryparts.com\/fr\/wp-json\/wp\/v2\/product\/1832","targetHints":{"allow":["GET"]}}],"collection":[{"href":"https:\/\/nhkmachineryparts.com\/fr\/wp-json\/wp\/v2\/product"}],"about":[{"href":"https:\/\/nhkmachineryparts.com\/fr\/wp-json\/wp\/v2\/types\/product"}],"wp:featuredmedia":[{"embeddable":true,"href":"https:\/\/nhkmachineryparts.com\/fr\/wp-json\/wp\/v2\/media\/9080"}],"wp:attachment":[{"href":"https:\/\/nhkmachineryparts.com\/fr\/wp-json\/wp\/v2\/media?parent=1832"}],"wp:term":[{"taxonomy":"product_brand","embeddable":true,"href":"https:\/\/nhkmachineryparts.com\/fr\/wp-json\/wp\/v2\/product_brand?post=1832"},{"taxonomy":"product_cat","embeddable":true,"href":"https:\/\/nhkmachineryparts.com\/fr\/wp-json\/wp\/v2\/product_cat?post=1832"},{"taxonomy":"product_tag","embeddable":true,"href":"https:\/\/nhkmachineryparts.com\/fr\/wp-json\/wp\/v2\/product_tag?post=1832"}],"curies":[{"name":"wp","href":"https:\/\/api.w.org\/{rel}","templated":true}]}}