{"id":1808,"date":"2022-09-26T09:56:43","date_gmt":"2022-09-26T09:56:43","guid":{"rendered":"https:\/\/nhkmachineryparts.pawsfabrik.dk\/?post_type=product&#038;p=1808"},"modified":"2026-02-23T14:54:43","modified_gmt":"2026-02-23T12:54:43","slug":"227-unite-de-suspension-hppl","status":"publish","type":"product","link":"https:\/\/nhkmachineryparts.com\/fr\/product\/227-hanger-unit-hppl\/","title":{"rendered":"Unit\u00e9 \u00e0 roulement \u00e0 billes Hanger HPPL"},"content":{"rendered":"<section class=\"vc_row vc_custom_1662993827263 liquid-row-shadowbox-69d3e0af9c0e9 vc_column-gap-0\"><div class=\"ld-container container\"><div class=\"row ld-row ld-row-outer\"><div class=\"wpb_column vc_column_container vc_col-sm-12 liquid-column-69d3e0af9c2ab\"><div class=\"vc_column-inner\" ><div class=\"wpb_wrapper\"  >\n\t<div class=\"wpb_text_column wpb_content_element\" >\n\t\t<div class=\"wpb_wrapper\">\n\t\t\t<h2>Am\u00e9liore l&#039;hygi\u00e8ne et la durabilit\u00e9<\/h2>\n<p>Bo\u00eetier de palier IP54 en polypropyl\u00e8ne. (Couleur en noir, blanc ou bleu)<br \/>\nLe bo\u00eetier de roulement IP54 est dot\u00e9 d&#039;un roulement \u00e0 billes r\u00e9glable en acier chrom\u00e9 pr\u00e9-lubrifi\u00e9 ou en acier inoxydable pr\u00e9-lubrifi\u00e9.<br \/>\nLe roulement peut \u00eatre relubrifi\u00e9 au moyen d&#039;un graisseur ou d&#039;un coupleur rapide.<br \/>\nLe bo\u00eetier de roulement IP54 est \u00e9quip\u00e9 d&#039;un capuchon de s\u00e9curit\u00e9 clipsable.<br \/>\nBague d&#039;\u00e9tanch\u00e9it\u00e9 pour arbre rotatif (TC) avec l\u00e8vre anti-poussi\u00e8re suppl\u00e9mentaire en caoutchouc NBR.<\/p>\n<h2>Caract\u00e9ristiques et avantages<\/h2>\n<ul>\n<li>Temp\u00e9rature de fonctionnement entre -20C et +100C.<\/li>\n<li>Fonctionnement \u00e9conomique.<\/li>\n<li>Insert de roulement longue dur\u00e9e.<\/li>\n<li>Concept et design pour r\u00e9pondre \u00e0 toutes les exigences de s\u00e9curit\u00e9.<\/li>\n<li>Interchangeable avec les supports de roulements \u00e0 brides en fonte standard.<\/li>\n<li>D\u00e9salignement maximum entre l&#039;arbre et le bo\u00eetier\u00a0: 3 degr\u00e9s.<\/li>\n<li>Unit\u00e9s compl\u00e8tement scell\u00e9es.<\/li>\n<li>Graisseurs en acier inoxydable AISI304 M6x1mm<\/li>\n<li>Roulements en acier inoxydable AISI 440C (pr\u00e9-lubrifi\u00e9s)<\/li>\n<li>Roulement \u00e0 billes pr\u00e9-lubrifi\u00e9 avec de la graisse longue dur\u00e9e, id\u00e9ale pour les applications en conditions humides, avec de l&#039;eau, des solutions alcalines ou acides.<\/li>\n<\/ul>\n<h2>Tailles disponibles<\/h2>\n<div class=\"dcf-overflow-x-auto\" tabindex=\"0\">\n<table class=\"dcf-table dcf-table-bordered dcf-w-100%\">\n<thead>\n<tr>\n<th scope=\"col\">Diam\u00e8tre de l&#039;arbre<\/th>\n<th scope=\"col\">Num\u00e9ro de catalogue<\/th>\n<\/tr>\n<\/thead>\n<tbody>\n<tr>\n<td data-label=\"Shaft Diameter\">\u00d820 mm<\/td>\n<td data-label=\"Catalog No.\">HPPL204<\/td>\n<\/tr>\n<tr>\n<td data-label=\"Shaft Diameter\">\u00d825mm<\/td>\n<td data-label=\"Catalog No.\">HPPL205<\/td>\n<\/tr>\n<tr>\n<td data-label=\"Shaft Diameter\">\u00d830 mm<\/td>\n<td data-label=\"Catalog No.\">HPPL206<\/td>\n<\/tr>\n<tr>\n<td data-label=\"Shaft Diameter\">\u00d835mm<\/td>\n<td data-label=\"Catalog No.\">HPPL207<\/td>\n<\/tr>\n<tr>\n<td data-label=\"Shaft Diameter\">\u00d840mm<\/td>\n<td data-label=\"Catalog No.\">HPPL208<\/td>\n<\/tr>\n<tr>\n<td data-label=\"Shaft Diameter\">\u00d845mm<\/td>\n<td data-label=\"Catalog No.\">HPPL209<\/td>\n<\/tr>\n<tr>\n<td data-label=\"Shaft Diameter\">\u00d850 mm<\/td>\n<td data-label=\"Catalog No.\">HPPL210<\/td>\n<\/tr>\n<tr>\n<td data-label=\"Shaft Diameter\">\u00d855 mm<\/td>\n<td data-label=\"Catalog No.\">HPPL211<\/td>\n<\/tr>\n<tr>\n<td data-label=\"Shaft Diameter\">\u00d860mm<\/td>\n<td data-label=\"Catalog No.\">HPPL212<\/td>\n<\/tr>\n<\/tbody>\n<\/table>\n<\/div>\n<p>Unit\u00e9 de suspension HPPL avec filetage en pouces \u00e9galement disponible sur demande<\/p>\n<p>Le HPPL20x peut \u00eatre fourni avec un capuchon ouvert ou un capuchon ferm\u00e9.<br \/>\nBouchon ouvert, le suffixe \u00ab OC \u00bb est ajout\u00e9 aux num\u00e9ros de roulement. ex. : HPPL204OC.<br \/>\nBouchon ferm\u00e9, le suffixe \u00ab CC \u00bb est ajout\u00e9 aux num\u00e9ros de roulement. ex. : HPPL204CC.<\/p>\n<h2 data-start=\"0\" data-end=\"104\"><strong data-start=\"4\" data-end=\"102\">Unit\u00e9 de roulement \u00e0 billes HPPL Blue Hanger<\/strong><\/h2>\n<h3 data-start=\"0\" data-end=\"104\"><strong data-start=\"4\" data-end=\"102\">La solution hygi\u00e9nique ultime pour les applications industrielles<\/strong><\/h3>\n<p data-start=\"106\" data-end=\"401\">Dans <a href=\"https:\/\/nhkmachineryparts.com\/fr\/our-industries\/\" data-internallinksmanager029f6b8e52c=\"4\" title=\"Nos secteurs\">les industries<\/a> l\u00e0 o\u00f9 l&#039;hygi\u00e8ne, la durabilit\u00e9 et la performance sont essentielles, le <strong data-start=\"181\" data-end=\"219\">Unit\u00e9 de roulement \u00e0 billes Blue Hanger HPPL<\/strong> se distingue comme un choix haut de gamme. Con\u00e7u pour les environnements extr\u00eames, ce roulement offre une capacit\u00e9 de charge exceptionnelle tout en garantissant une propret\u00e9 et une long\u00e9vit\u00e9 optimales.<\/p>\n<h2 data-start=\"403\" data-end=\"453\"><strong data-start=\"406\" data-end=\"451\">Conception sup\u00e9rieure pour applications hygi\u00e9niques<\/strong><\/h2>\n<p data-start=\"455\" data-end=\"950\">Le <strong data-start=\"459\" data-end=\"497\">Unit\u00e9 de roulement \u00e0 billes Blue Hanger HPPL<\/strong> est sp\u00e9cialement con\u00e7u pour les industries telles que la transformation des aliments, les produits pharmaceutiques et la biotechnologie, o\u00f9 le contr\u00f4le de la contamination est primordial. Fabriqu\u00e9 avec des polym\u00e8res haute performance et des composants en acier inoxydable, il r\u00e9siste \u00e0 la corrosion, \u00e0 la croissance bact\u00e9rienne et \u00e0 l&#039;exposition aux produits chimiques. La finition de surface lisse et la construction \u00e9tanche emp\u00eachent l&#039;accumulation de salet\u00e9, garantissant ainsi le respect de normes d&#039;hygi\u00e8ne strictes telles que <strong data-start=\"918\" data-end=\"947\"><a href=\"https:\/\/nhkmachineryparts.com\/fr\/quelle-est-la-difference-entre-3a-et-ehedg\/\" data-internallinksmanager029f6b8e52c=\"2\" title=\"Pi\u00e8ces de machines certifi\u00e9es EHEDG\">EHEDG<\/a> et les r\u00e9glementations de la FDA<\/strong>.<\/p>\n<h2 data-start=\"952\" data-end=\"986\"><strong data-start=\"955\" data-end=\"984\">Principales caract\u00e9ristiques et avantages<\/strong><\/h2>\n<ul data-start=\"988\" data-end=\"1652\">\n<li data-start=\"988\" data-end=\"1134\"><strong data-start=\"990\" data-end=\"1019\">Bo\u00eetier en polym\u00e8re hygi\u00e9nique :<\/strong> Le bo\u00eetier HPPL r\u00e9siste \u00e0 l&#039;humidit\u00e9, aux produits chimiques et aux lavages \u00e0 haute pression, r\u00e9duisant ainsi les risques de contamination.<\/li>\n<li data-start=\"1135\" data-end=\"1269\"><strong data-start=\"1137\" data-end=\"1172\">Roulement \u00e0 insertion en acier inoxydable :<\/strong> Assure une durabilit\u00e9 et une r\u00e9sistance \u00e0 la corrosion sup\u00e9rieures, m\u00eame dans les environnements humides et agressifs.<\/li>\n<li data-start=\"1270\" data-end=\"1393\"><strong data-start=\"1272\" data-end=\"1300\"><a href=\"https:\/\/nhkmachineryparts.com\/fr\/product-line\/ip67-waterproof-bearing-house-units\/\" data-internallinksmanager029f6b8e52c=\"3\" title=\"Unit\u00e9s de maison \u00e0 roulement \u00e9tanche IP67\">IP67<\/a> Protection d&#039;\u00e9tanch\u00e9it\u00e9 :<\/strong> Offre une protection maximale contre la p\u00e9n\u00e9tration de poussi\u00e8re et d&#039;eau, prolongeant ainsi la dur\u00e9e de vie de l&#039;appareil.<\/li>\n<li data-start=\"1394\" data-end=\"1530\"><strong data-start=\"1396\" data-end=\"1437\">Autolubrifiant et n\u00e9cessitant peu d&#039;entretien :<\/strong> R\u00e9duit les temps d\u2019arr\u00eat op\u00e9rationnels, ce qui en fait une solution rentable pour les industries hygi\u00e9niques.<\/li>\n<li data-start=\"1531\" data-end=\"1652\"><strong data-start=\"1533\" data-end=\"1571\">Installation et remplacement faciles :<\/strong> Con\u00e7u pour un montage sans effort, r\u00e9duisant les co\u00fbts de main-d&#039;\u0153uvre et les temps d&#039;arr\u00eat de l&#039;\u00e9quipement.<\/li>\n<\/ul>\n<h2 data-start=\"1654\" data-end=\"1710\"><strong data-start=\"1657\" data-end=\"1708\">Pourquoi choisir les roulements \u00e0 billes HPPL Blue Hanger\u00a0?<\/strong><\/h2>\n<p data-start=\"1712\" data-end=\"2025\">Pour les industries exigeant les normes d&#039;hygi\u00e8ne et de performance les plus \u00e9lev\u00e9es, le <strong data-start=\"1788\" data-end=\"1826\">Unit\u00e9 de roulement \u00e0 billes Blue Hanger HPPL<\/strong> offre une solution fiable et durable. En investissant dans ce roulement de haute qualit\u00e9, les entreprises peuvent am\u00e9liorer leur efficacit\u00e9, se conformer aux r\u00e9glementations d&#039;hygi\u00e8ne strictes et minimiser les co\u00fbts de maintenance.<\/p>\n<p>Nous sommes pr\u00eats \u00e0 fournir des solutions hygi\u00e9niques \u00e0 vous et \u00e0 votre entreprise, que vous en ayez besoin <a href=\"https:\/\/nhkmachineryparts.com\/fr\/gamme-de-produits\/pieds-de-machine-au-design-hygienique-pieds-en-acier-inoxydable\/\">pieds de machines<\/a>, <a href=\"https:\/\/nhkmachineryparts.com\/fr\/gamme-de-produits\/boitier-de-roulement-etanche-ip67-unites-de-roulement-etanches\/\">roulements \u00e9tanches IP67<\/a> ou <a href=\"https:\/\/nhkmachineryparts.com\/fr\/gamme-de-produits\/unites-de-palier-en-acier-inoxydable\/\">unit\u00e9s de roulement en acier inoxydable<\/a>, nous avons tout.<\/p>\n\n\t\t<\/div>\n\t<\/div>\n<\/div><\/div><\/div><\/div><\/div><\/section>","protected":false},"excerpt":{"rendered":"Enhance hygiene and durability IP54 bearing housing in Polypropylene. (Colour in Black, White or Blue) IP54 bearing housing has adjustable pre-lubricated chrome steel or pre-lubricated stainless steel ball bearing. The bearing can be re-lubricated by means of grease-nipple or a quick coupler. IP54 bearing housing is fitted with clip-on safety cap. Rotary shaft seal ring [...]","protected":false},"featured_media":9066,"template":"","meta":[],"product_brand":[],"product_cat":[52],"product_tag":[],"class_list":{"0":"post-1808","1":"product","2":"type-product","3":"status-publish","4":"has-post-thumbnail","6":"product_cat-bearing-units-in-ip54-thermo-plastic-housing","8":"first","9":"instock","10":"shipping-taxable","11":"product-type-simple"},"yoast_head":"<!-- This site is optimized with the Yoast SEO plugin v27.3 - https:\/\/yoast.com\/product\/yoast-seo-wordpress\/ -->\n<title>Hanger HPPL ball bearing unit | Performance and Durability | NHK Machinery Parts<\/title>\n<meta name=\"description\" content=\"Our maintenance free hanger bearing units are resistant to all cleaning agents and chemicals, hygienic design and easy-to-clean. Performance and Durability.\" \/>\n<meta name=\"robots\" content=\"index, follow, max-snippet:-1, max-image-preview:large, max-video-preview:-1\" \/>\n<link rel=\"canonical\" href=\"https:\/\/nhkmachineryparts.com\/fr\/produit\/227-unite-de-suspension-hppl\/\" \/>\n<meta property=\"og:locale\" content=\"fr_FR\" \/>\n<meta property=\"og:type\" content=\"article\" \/>\n<meta property=\"og:title\" content=\"Hanger HPPL ball bearing unit | Performance and Durability | NHK Machinery Parts\" \/>\n<meta property=\"og:description\" content=\"Our maintenance free hanger bearing units are resistant to all cleaning agents and chemicals, hygienic design and easy-to-clean. Performance and Durability.\" \/>\n<meta property=\"og:url\" content=\"https:\/\/nhkmachineryparts.com\/fr\/produit\/227-unite-de-suspension-hppl\/\" \/>\n<meta property=\"og:site_name\" content=\"NHK Machinery Parts\" \/>\n<meta property=\"article:publisher\" content=\"https:\/\/www.facebook.com\/NHK.Group.aps\" \/>\n<meta property=\"article:modified_time\" content=\"2026-02-23T12:54:43+00:00\" \/>\n<meta property=\"og:image\" content=\"https:\/\/nhkmachineryparts.com\/wp-content\/uploads\/2022\/09\/Blue-Hanger-HPPL-ball-bearing-unit.jpg\" \/>\n\t<meta property=\"og:image:width\" content=\"1000\" \/>\n\t<meta property=\"og:image:height\" content=\"1000\" \/>\n\t<meta property=\"og:image:type\" content=\"image\/jpeg\" \/>\n<meta name=\"twitter:card\" content=\"summary_large_image\" \/>\n<meta name=\"twitter:label1\" content=\"Dur\u00e9e de lecture estim\u00e9e\" \/>\n\t<meta name=\"twitter:data1\" content=\"3 minutes\" \/>\n<script type=\"application\/ld+json\" class=\"yoast-schema-graph\">{\"@context\":\"https:\\\/\\\/schema.org\",\"@graph\":[{\"@type\":\"WebPage\",\"@id\":\"https:\\\/\\\/nhkmachineryparts.com\\\/product\\\/227-hanger-unit-hppl\\\/\",\"url\":\"https:\\\/\\\/nhkmachineryparts.com\\\/product\\\/227-hanger-unit-hppl\\\/\",\"name\":\"Hanger HPPL ball bearing unit | Performance and Durability | NHK Machinery Parts\",\"isPartOf\":{\"@id\":\"https:\\\/\\\/nhkmachineryparts.com\\\/#website\"},\"primaryImageOfPage\":{\"@id\":\"https:\\\/\\\/nhkmachineryparts.com\\\/product\\\/227-hanger-unit-hppl\\\/#primaryimage\"},\"image\":{\"@id\":\"https:\\\/\\\/nhkmachineryparts.com\\\/product\\\/227-hanger-unit-hppl\\\/#primaryimage\"},\"thumbnailUrl\":\"https:\\\/\\\/nhkmachineryparts.com\\\/wp-content\\\/uploads\\\/2022\\\/09\\\/Blue-Hanger-HPPL-ball-bearing-unit.jpg\",\"datePublished\":\"2022-09-26T09:56:43+00:00\",\"dateModified\":\"2026-02-23T12:54:43+00:00\",\"description\":\"Our maintenance free hanger bearing units are resistant to all cleaning agents and chemicals, hygienic design and easy-to-clean. Performance and Durability.\",\"breadcrumb\":{\"@id\":\"https:\\\/\\\/nhkmachineryparts.com\\\/product\\\/227-hanger-unit-hppl\\\/#breadcrumb\"},\"inLanguage\":\"fr-FR\",\"potentialAction\":[{\"@type\":\"ReadAction\",\"target\":[\"https:\\\/\\\/nhkmachineryparts.com\\\/product\\\/227-hanger-unit-hppl\\\/\"]}]},{\"@type\":\"ImageObject\",\"inLanguage\":\"fr-FR\",\"@id\":\"https:\\\/\\\/nhkmachineryparts.com\\\/product\\\/227-hanger-unit-hppl\\\/#primaryimage\",\"url\":\"https:\\\/\\\/nhkmachineryparts.com\\\/wp-content\\\/uploads\\\/2022\\\/09\\\/Blue-Hanger-HPPL-ball-bearing-unit.jpg\",\"contentUrl\":\"https:\\\/\\\/nhkmachineryparts.com\\\/wp-content\\\/uploads\\\/2022\\\/09\\\/Blue-Hanger-HPPL-ball-bearing-unit.jpg\",\"width\":1000,\"height\":1000,\"caption\":\"Blue Hanger HPPL ball bearing unit\"},{\"@type\":\"BreadcrumbList\",\"@id\":\"https:\\\/\\\/nhkmachineryparts.com\\\/product\\\/227-hanger-unit-hppl\\\/#breadcrumb\",\"itemListElement\":[{\"@type\":\"ListItem\",\"position\":1,\"name\":\"Home\",\"item\":\"https:\\\/\\\/nhkmachineryparts.com\\\/\"},{\"@type\":\"ListItem\",\"position\":2,\"name\":\"Product line\",\"item\":\"https:\\\/\\\/nhkmachineryparts.com\\\/product-line\\\/\"},{\"@type\":\"ListItem\",\"position\":3,\"name\":\"Bearing units in IP54\u00a0composite housing\",\"item\":\"https:\\\/\\\/nhkmachineryparts.com\\\/product-line\\\/bearing-units-in-ip54-thermo-plastic-housing\\\/\"},{\"@type\":\"ListItem\",\"position\":4,\"name\":\"Hanger HPPL ball bearing unit\"}]},{\"@type\":\"WebSite\",\"@id\":\"https:\\\/\\\/nhkmachineryparts.com\\\/#website\",\"url\":\"https:\\\/\\\/nhkmachineryparts.com\\\/\",\"name\":\"NHK Machinery Parts\",\"description\":\"Bearing Houses, seismic levelling feet and levelling castors\",\"publisher\":{\"@id\":\"https:\\\/\\\/nhkmachineryparts.com\\\/#organization\"},\"potentialAction\":[{\"@type\":\"SearchAction\",\"target\":{\"@type\":\"EntryPoint\",\"urlTemplate\":\"https:\\\/\\\/nhkmachineryparts.com\\\/?s={search_term_string}\"},\"query-input\":{\"@type\":\"PropertyValueSpecification\",\"valueRequired\":true,\"valueName\":\"search_term_string\"}}],\"inLanguage\":\"fr-FR\"},{\"@type\":\"Organization\",\"@id\":\"https:\\\/\\\/nhkmachineryparts.com\\\/#organization\",\"name\":\"Nhk Group ApS\",\"url\":\"https:\\\/\\\/nhkmachineryparts.com\\\/\",\"logo\":{\"@type\":\"ImageObject\",\"inLanguage\":\"fr-FR\",\"@id\":\"https:\\\/\\\/nhkmachineryparts.com\\\/#\\\/schema\\\/logo\\\/image\\\/\",\"url\":\"https:\\\/\\\/nhkmachineryparts.com\\\/wp-content\\\/uploads\\\/2022\\\/09\\\/NHKgroup_social.jpg\",\"contentUrl\":\"https:\\\/\\\/nhkmachineryparts.com\\\/wp-content\\\/uploads\\\/2022\\\/09\\\/NHKgroup_social.jpg\",\"width\":1200,\"height\":630,\"caption\":\"Nhk Group ApS\"},\"image\":{\"@id\":\"https:\\\/\\\/nhkmachineryparts.com\\\/#\\\/schema\\\/logo\\\/image\\\/\"},\"sameAs\":[\"https:\\\/\\\/www.facebook.com\\\/NHK.Group.aps\"]}]}<\/script>\n<!-- \/ Yoast SEO plugin. -->","yoast_head_json":{"title":"Unit\u00e9 de roulement \u00e0 billes HPPL pour suspension | Performances et durabilit\u00e9 | Pi\u00e8ces de machines NHK","description":"Nos paliers de suspension sans entretien r\u00e9sistent \u00e0 tous les agents de nettoyage et produits chimiques, sont de conception hygi\u00e9nique et faciles \u00e0 nettoyer. Performance et durabilit\u00e9.","robots":{"index":"index","follow":"follow","max-snippet":"max-snippet:-1","max-image-preview":"max-image-preview:large","max-video-preview":"max-video-preview:-1"},"canonical":"https:\/\/nhkmachineryparts.com\/fr\/produit\/227-unite-de-suspension-hppl\/","og_locale":"fr_FR","og_type":"article","og_title":"Hanger HPPL ball bearing unit | Performance and Durability | NHK Machinery Parts","og_description":"Our maintenance free hanger bearing units are resistant to all cleaning agents and chemicals, hygienic design and easy-to-clean. Performance and Durability.","og_url":"https:\/\/nhkmachineryparts.com\/fr\/produit\/227-unite-de-suspension-hppl\/","og_site_name":"NHK Machinery Parts","article_publisher":"https:\/\/www.facebook.com\/NHK.Group.aps","article_modified_time":"2026-02-23T12:54:43+00:00","og_image":[{"width":1000,"height":1000,"url":"https:\/\/nhkmachineryparts.com\/wp-content\/uploads\/2022\/09\/Blue-Hanger-HPPL-ball-bearing-unit.jpg","type":"image\/jpeg"}],"twitter_card":"summary_large_image","twitter_misc":{"Dur\u00e9e de lecture estim\u00e9e":"3 minutes"},"schema":{"@context":"https:\/\/schema.org","@graph":[{"@type":"WebPage","@id":"https:\/\/nhkmachineryparts.com\/product\/227-hanger-unit-hppl\/","url":"https:\/\/nhkmachineryparts.com\/product\/227-hanger-unit-hppl\/","name":"Unit\u00e9 de roulement \u00e0 billes HPPL pour suspension | Performances et durabilit\u00e9 | Pi\u00e8ces de machines NHK","isPartOf":{"@id":"https:\/\/nhkmachineryparts.com\/#website"},"primaryImageOfPage":{"@id":"https:\/\/nhkmachineryparts.com\/product\/227-hanger-unit-hppl\/#primaryimage"},"image":{"@id":"https:\/\/nhkmachineryparts.com\/product\/227-hanger-unit-hppl\/#primaryimage"},"thumbnailUrl":"https:\/\/nhkmachineryparts.com\/wp-content\/uploads\/2022\/09\/Blue-Hanger-HPPL-ball-bearing-unit.jpg","datePublished":"2022-09-26T09:56:43+00:00","dateModified":"2026-02-23T12:54:43+00:00","description":"Nos paliers de suspension sans entretien r\u00e9sistent \u00e0 tous les agents de nettoyage et produits chimiques, sont de conception hygi\u00e9nique et faciles \u00e0 nettoyer. Performance et durabilit\u00e9.","breadcrumb":{"@id":"https:\/\/nhkmachineryparts.com\/product\/227-hanger-unit-hppl\/#breadcrumb"},"inLanguage":"fr-FR","potentialAction":[{"@type":"ReadAction","target":["https:\/\/nhkmachineryparts.com\/product\/227-hanger-unit-hppl\/"]}]},{"@type":"ImageObject","inLanguage":"fr-FR","@id":"https:\/\/nhkmachineryparts.com\/product\/227-hanger-unit-hppl\/#primaryimage","url":"https:\/\/nhkmachineryparts.com\/wp-content\/uploads\/2022\/09\/Blue-Hanger-HPPL-ball-bearing-unit.jpg","contentUrl":"https:\/\/nhkmachineryparts.com\/wp-content\/uploads\/2022\/09\/Blue-Hanger-HPPL-ball-bearing-unit.jpg","width":1000,"height":1000,"caption":"Blue Hanger HPPL ball bearing unit"},{"@type":"BreadcrumbList","@id":"https:\/\/nhkmachineryparts.com\/product\/227-hanger-unit-hppl\/#breadcrumb","itemListElement":[{"@type":"ListItem","position":1,"name":"Home","item":"https:\/\/nhkmachineryparts.com\/"},{"@type":"ListItem","position":2,"name":"Product line","item":"https:\/\/nhkmachineryparts.com\/product-line\/"},{"@type":"ListItem","position":3,"name":"Bearing units in IP54\u00a0composite housing","item":"https:\/\/nhkmachineryparts.com\/product-line\/bearing-units-in-ip54-thermo-plastic-housing\/"},{"@type":"ListItem","position":4,"name":"Hanger HPPL ball bearing unit"}]},{"@type":"WebSite","@id":"https:\/\/nhkmachineryparts.com\/#website","url":"https:\/\/nhkmachineryparts.com\/","name":"Pi\u00e8ces d\u00e9tach\u00e9es pour machines NHK","description":"Corps de roulement, pieds de nivellement sismiques et roulettes de nivellement","publisher":{"@id":"https:\/\/nhkmachineryparts.com\/#organization"},"potentialAction":[{"@type":"SearchAction","target":{"@type":"EntryPoint","urlTemplate":"https:\/\/nhkmachineryparts.com\/?s={search_term_string}"},"query-input":{"@type":"PropertyValueSpecification","valueRequired":true,"valueName":"search_term_string"}}],"inLanguage":"fr-FR"},{"@type":"Organization","@id":"https:\/\/nhkmachineryparts.com\/#organization","name":"Nhk Group ApS","url":"https:\/\/nhkmachineryparts.com\/","logo":{"@type":"ImageObject","inLanguage":"fr-FR","@id":"https:\/\/nhkmachineryparts.com\/#\/schema\/logo\/image\/","url":"https:\/\/nhkmachineryparts.com\/wp-content\/uploads\/2022\/09\/NHKgroup_social.jpg","contentUrl":"https:\/\/nhkmachineryparts.com\/wp-content\/uploads\/2022\/09\/NHKgroup_social.jpg","width":1200,"height":630,"caption":"Nhk Group ApS"},"image":{"@id":"https:\/\/nhkmachineryparts.com\/#\/schema\/logo\/image\/"},"sameAs":["https:\/\/www.facebook.com\/NHK.Group.aps"]}]}},"_links":{"self":[{"href":"https:\/\/nhkmachineryparts.com\/fr\/wp-json\/wp\/v2\/product\/1808","targetHints":{"allow":["GET"]}}],"collection":[{"href":"https:\/\/nhkmachineryparts.com\/fr\/wp-json\/wp\/v2\/product"}],"about":[{"href":"https:\/\/nhkmachineryparts.com\/fr\/wp-json\/wp\/v2\/types\/product"}],"wp:featuredmedia":[{"embeddable":true,"href":"https:\/\/nhkmachineryparts.com\/fr\/wp-json\/wp\/v2\/media\/9066"}],"wp:attachment":[{"href":"https:\/\/nhkmachineryparts.com\/fr\/wp-json\/wp\/v2\/media?parent=1808"}],"wp:term":[{"taxonomy":"product_brand","embeddable":true,"href":"https:\/\/nhkmachineryparts.com\/fr\/wp-json\/wp\/v2\/product_brand?post=1808"},{"taxonomy":"product_cat","embeddable":true,"href":"https:\/\/nhkmachineryparts.com\/fr\/wp-json\/wp\/v2\/product_cat?post=1808"},{"taxonomy":"product_tag","embeddable":true,"href":"https:\/\/nhkmachineryparts.com\/fr\/wp-json\/wp\/v2\/product_tag?post=1808"}],"curies":[{"name":"wp","href":"https:\/\/api.w.org\/{rel}","templated":true}]}}