{"id":1783,"date":"2022-09-26T09:45:47","date_gmt":"2022-09-26T09:45:47","guid":{"rendered":"https:\/\/nhkmachineryparts.pawsfabrik.dk\/?post_type=product&#038;p=1783"},"modified":"2026-02-23T14:55:38","modified_gmt":"2026-02-23T12:55:38","slug":"226-unite-a-bride-3-boulons-un-cote-fbpl","status":"publish","type":"product","link":"https:\/\/nhkmachineryparts.com\/fr\/product\/226-flange-unit-3-bolt-one-side-fbpl\/","title":{"rendered":"Unit\u00e9 de roulement \u00e0 billes FBPL \u00e0 bride lat\u00e9rale \u00e0 3 boulons"},"content":{"rendered":"<section class=\"vc_row vc_custom_1662993827263 liquid-row-shadowbox-69d3e0aeaab8c vc_column-gap-0\"><div class=\"ld-container container\"><div class=\"row ld-row ld-row-outer\"><div class=\"wpb_column vc_column_container vc_col-sm-12 liquid-column-69d3e0aeaad34\"><div class=\"vc_column-inner\" ><div class=\"wpb_wrapper\"  >\n\t<div class=\"wpb_text_column wpb_content_element\" >\n\t\t<div class=\"wpb_wrapper\">\n\t\t\t<h2>Optimiser les performances et la durabilit\u00e9<\/h2>\n<p>Bo\u00eetier de palier IP54 en polypropyl\u00e8ne. (Couleur en noir, blanc ou bleu)<br \/>\nLe bo\u00eetier de roulement IP54 est dot\u00e9 d&#039;un roulement \u00e0 billes r\u00e9glable en acier chrom\u00e9 pr\u00e9-lubrifi\u00e9 ou en acier inoxydable pr\u00e9-lubrifi\u00e9.<br \/>\nLe roulement peut \u00eatre relubrifi\u00e9 au moyen d&#039;un graisseur ou d&#039;un coupleur rapide.<br \/>\nLe bo\u00eetier de roulement IP54 est \u00e9quip\u00e9 d&#039;un capuchon de s\u00e9curit\u00e9 clipsable.<br \/>\nBague d&#039;\u00e9tanch\u00e9it\u00e9 pour arbre rotatif (TC) avec l\u00e8vre anti-poussi\u00e8re suppl\u00e9mentaire en caoutchouc NBR.<\/p>\n<h2>Caract\u00e9ristiques et avantages<\/h2>\n<ul>\n<li>Temp\u00e9rature de fonctionnement entre -20C et +100C.<\/li>\n<li>Fonctionnement \u00e9conomique.<\/li>\n<li>Insert de roulement longue dur\u00e9e.<\/li>\n<li>Concept et design pour r\u00e9pondre \u00e0 toutes les exigences de s\u00e9curit\u00e9.<\/li>\n<li>Interchangeable avec les supports de roulements \u00e0 brides en fonte standard.<\/li>\n<li>D\u00e9salignement maximum entre l&#039;arbre et le bo\u00eetier\u00a0: 3 degr\u00e9s.<\/li>\n<li>Unit\u00e9s compl\u00e8tement scell\u00e9es.<\/li>\n<li>Graisseurs en acier inoxydable AISI304 M6x1mm<\/li>\n<li>Roulements en acier inoxydable AISI 440C (pr\u00e9-lubrifi\u00e9s)<\/li>\n<li>Roulement \u00e0 billes pr\u00e9-lubrifi\u00e9 avec de la graisse longue dur\u00e9e, id\u00e9ale pour les applications en conditions humides, avec de l&#039;eau, des solutions alcalines ou acides.<\/li>\n<\/ul>\n<h2>Tailles disponibles<\/h2>\n<div class=\"dcf-overflow-x-auto\" tabindex=\"0\">\n<table class=\"dcf-table dcf-table-bordered dcf-w-100%\">\n<thead>\n<tr>\n<th scope=\"col\">Diam\u00e8tre de l&#039;arbre<\/th>\n<th scope=\"col\">Num\u00e9ro de catalogue<\/th>\n<\/tr>\n<\/thead>\n<tbody>\n<tr>\n<td data-label=\"Shaft Diameter\">\u00d820 mm<\/td>\n<td data-label=\"Catalog No.\">FBPL204<\/td>\n<\/tr>\n<tr>\n<td data-label=\"Shaft Diameter\">\u00d825mm<\/td>\n<td data-label=\"Catalog No.\">FBPL205<\/td>\n<\/tr>\n<tr>\n<td data-label=\"Shaft Diameter\">\u00d830 mm<\/td>\n<td data-label=\"Catalog No.\">FBPL206<\/td>\n<\/tr>\n<tr>\n<td data-label=\"Shaft Diameter\">\u00d835mm<\/td>\n<td data-label=\"Catalog No.\">FBPL207<\/td>\n<\/tr>\n<tr>\n<td data-label=\"Shaft Diameter\">\u00d840mm<\/td>\n<td data-label=\"Catalog No.\">FBPL208<\/td>\n<\/tr>\n<tr>\n<td data-label=\"Shaft Diameter\">\u00d845mm<\/td>\n<td data-label=\"Catalog No.\">FBPL209<\/td>\n<\/tr>\n<tr>\n<td data-label=\"Shaft Diameter\">\u00d850 mm<\/td>\n<td data-label=\"Catalog No.\">FBPL210<\/td>\n<\/tr>\n<tr>\n<td data-label=\"Shaft Diameter\">\u00d855 mm<\/td>\n<td data-label=\"Catalog No.\">FBPL211<\/td>\n<\/tr>\n<tr>\n<td data-label=\"Shaft Diameter\">\u00d860mm<\/td>\n<td data-label=\"Catalog No.\">FBPL212<\/td>\n<\/tr>\n<\/tbody>\n<\/table>\n<\/div>\n<p>Le FBPL20x peut \u00eatre fourni avec un capuchon ouvert ou un capuchon ferm\u00e9.<br \/>\nBouchon ouvert, le suffixe \u00ab OC \u00bb est ajout\u00e9 aux num\u00e9ros de roulement. ex. : FBPL204OC.<br \/>\nBouchon ferm\u00e9, le suffixe \u00ab CC \u00bb est ajout\u00e9 aux num\u00e9ros de roulement. ex. : FBPL204CC.<\/p>\n<h2 data-start=\"0\" data-end=\"86\"><strong data-start=\"4\" data-end=\"84\">Roulement \u00e0 billes FBPL \u00e0 bride unilat\u00e9rale \u00e0 3 boulons<\/strong><\/h2>\n<h3 data-start=\"0\" data-end=\"86\"><strong data-start=\"4\" data-end=\"84\">Am\u00e9lioration des performances :\u00a0<\/strong><strong data-start=\"93\" data-end=\"131\">Stabilit\u00e9 et fiabilit\u00e9 sup\u00e9rieures<\/strong><\/h3>\n<p data-start=\"134\" data-end=\"506\">Le <strong data-start=\"138\" data-end=\"187\">Roulement \u00e0 billes FBPL \u00e0 bride unilat\u00e9rale \u00e0 3 boulons<\/strong> est une solution premium pour <a href=\"https:\/\/nhkmachineryparts.com\/fr\/our-industries\/\" data-internallinksmanager029f6b8e52c=\"4\" title=\"Nos secteurs\">les industries<\/a> exigeant <strong data-start=\"235\" data-end=\"289\">grande stabilit\u00e9, durabilit\u00e9 et fonctionnement hygi\u00e9nique<\/strong>Con\u00e7ue pour les applications lourdes, cette unit\u00e9 fournit <strong data-start=\"348\" data-end=\"376\">support de charge exceptionnel<\/strong> tout en maintenant un alignement pr\u00e9cis, ce qui en fait un choix id\u00e9al pour <strong data-start=\"444\" data-end=\"505\">industries de transformation alimentaire, pharmaceutique et d&#039;emballage<\/strong>.<\/p>\n<h3 data-start=\"508\" data-end=\"561\"><strong data-start=\"513\" data-end=\"559\">Principales caract\u00e9ristiques de l&#039;unit\u00e9 de roulement \u00e0 billes FBPL<\/strong><\/h3>\n<ul data-start=\"562\" data-end=\"1198\">\n<li data-start=\"562\" data-end=\"727\"><strong data-start=\"564\" data-end=\"587\">Construction robuste<\/strong> \u2013 Fabriqu\u00e9 \u00e0 partir de <strong data-start=\"608\" data-end=\"638\">acier inoxydable de haute qualit\u00e9<\/strong>, assurant <strong data-start=\"649\" data-end=\"698\">r\u00e9sistance \u00e0 la corrosion et durabilit\u00e9 \u00e0 long terme<\/strong> dans <strong data-start=\"702\" data-end=\"724\">environnements difficiles<\/strong>.<\/li>\n<li data-start=\"728\" data-end=\"860\"><strong data-start=\"730\" data-end=\"756\"><a href=\"https:\/\/nhkmachineryparts.com\/fr\/produit\/217-waterproof-flange-bearing-units-with-spherical-inserts-ip67\/\" data-internallinksmanager029f6b8e52c=\"22\" title=\"ip67 \u00e9tanche\">IP67 \u00e9tanche<\/a> Conception<\/strong> \u2013 Prot\u00e8ge contre l\u2019humidit\u00e9, la poussi\u00e8re et les contaminants, ce qui le rend <strong data-start=\"820\" data-end=\"857\">parfait pour les applications hygi\u00e9niques<\/strong>.<\/li>\n<li data-start=\"861\" data-end=\"979\"><strong data-start=\"863\" data-end=\"891\">Montage \u00e0 bride unilat\u00e9rale<\/strong> \u2013 Permet de <strong data-start=\"905\" data-end=\"942\">installation facile dans les espaces restreints<\/strong>, am\u00e9liorant l&#039;efficacit\u00e9 op\u00e9rationnelle.<\/li>\n<li data-start=\"980\" data-end=\"1092\"><strong data-start=\"982\" data-end=\"1014\">Roulements \u00e0 billes de haute pr\u00e9cision<\/strong> - Fournir <strong data-start=\"1025\" data-end=\"1089\">rotation en douceur, frottement r\u00e9duit et dur\u00e9e de vie prolong\u00e9e<\/strong>.<\/li>\n<li data-start=\"1093\" data-end=\"1198\"><strong data-start=\"1095\" data-end=\"1121\">Joints autolubrifiants<\/strong> \u2013 R\u00e9duire les besoins de maintenance tout en garantissant <strong data-start=\"1171\" data-end=\"1197\">performances constantes<\/strong>.<\/li>\n<\/ul>\n<h3 data-start=\"1200\" data-end=\"1241\"><strong data-start=\"1205\" data-end=\"1239\">Applications dans les industries cl\u00e9s<\/strong><\/h3>\n<p data-start=\"1242\" data-end=\"1288\">Le <strong data-start=\"1246\" data-end=\"1267\">Unit\u00e9 de roulement FBPL<\/strong> est largement utilis\u00e9 dans :<\/p>\n<ul data-start=\"1289\" data-end=\"1599\">\n<li data-start=\"1289\" data-end=\"1401\"><strong data-start=\"1291\" data-end=\"1321\">Transformation des aliments et des boissons<\/strong> \u2013 Assurer un fonctionnement hygi\u00e9nique dans <strong data-start=\"1355\" data-end=\"1398\">convoyeurs, m\u00e9langeurs et machines de remplissage<\/strong>.<\/li>\n<li data-start=\"1402\" data-end=\"1505\"><strong data-start=\"1404\" data-end=\"1436\">Fabrication pharmaceutique<\/strong> \u2013 Soutenir <strong data-start=\"1450\" data-end=\"1479\">\u00c9quipement de qualit\u00e9 salle blanche<\/strong> pour la production st\u00e9rile.<\/li>\n<li data-start=\"1506\" data-end=\"1599\"><strong data-start=\"1508\" data-end=\"1534\">Emballage et automatisation<\/strong> \u2013 Fournir <strong data-start=\"1547\" data-end=\"1596\">manutention efficace des charges dans les syst\u00e8mes \u00e0 grande vitesse<\/strong>.<\/li>\n<\/ul>\n<h3 data-start=\"1601\" data-end=\"1644\"><strong data-start=\"1606\" data-end=\"1642\">Optimis\u00e9 pour une efficacit\u00e9 maximale<\/strong><\/h3>\n<p data-start=\"1645\" data-end=\"1921\">Con\u00e7u avec <strong data-start=\"1659\" data-end=\"1694\"><a href=\"https:\/\/nhkmachineryparts.com\/fr\/quelle-est-la-difference-entre-3a-et-ehedg\/\" data-internallinksmanager029f6b8e52c=\"2\" title=\"Pi\u00e8ces de machines certifi\u00e9es EHEDG\">EHEDG<\/a> et conformit\u00e9 hygi\u00e8ne 3A<\/strong>, le <strong data-start=\"1700\" data-end=\"1749\">Roulement \u00e0 billes FBPL \u00e0 bride unilat\u00e9rale \u00e0 3 boulons<\/strong> r\u00e9duit les temps d&#039;arr\u00eat, augmente la dur\u00e9e de vie de l&#039;\u00e9quipement et am\u00e9liore la productivit\u00e9. <strong data-start=\"1829\" data-end=\"1858\">conception compacte mais robuste<\/strong> en fait un \u00e9l\u00e9ment essentiel <strong data-start=\"1889\" data-end=\"1920\">machines industrielles modernes<\/strong>.<\/p>\n<h3 data-start=\"1923\" data-end=\"2033\"><strong data-start=\"1923\" data-end=\"2033\" data-is-last-node=\"\">Augmentez l&#039;efficacit\u00e9 op\u00e9rationnelle avec l&#039;unit\u00e9 de roulement FBPL<\/strong><\/h3>\n<p><strong data-start=\"1923\" data-end=\"2033\" data-is-last-node=\"\">Con\u00e7u pour la pr\u00e9cision, la durabilit\u00e9 et l&#039;hygi\u00e8ne.<\/strong><\/p>\n<p>Nous sommes pr\u00eats \u00e0 fournir des solutions hygi\u00e9niques \u00e0 vous et \u00e0 votre entreprise, que vous en ayez besoin <a href=\"https:\/\/nhkmachineryparts.com\/fr\/gamme-de-produits\/pieds-de-machine-au-design-hygienique-pieds-en-acier-inoxydable\/\">pieds de machines<\/a>, <a href=\"https:\/\/nhkmachineryparts.com\/fr\/gamme-de-produits\/boitier-de-roulement-etanche-ip67-unites-de-roulement-etanches\/\">roulements \u00e9tanches IP67<\/a> ou <a href=\"https:\/\/nhkmachineryparts.com\/fr\/gamme-de-produits\/unites-de-palier-en-acier-inoxydable\/\">unit\u00e9s de roulement en acier inoxydable<\/a>, nous avons tout.<\/p>\n\n\t\t<\/div>\n\t<\/div>\n<\/div><\/div><\/div><\/div><\/div><\/section>","protected":false},"excerpt":{"rendered":"Optimize Performance and Durability IP54 bearing housing in Polypropylene. (Colour in Black, White or Blue) IP54 bearing housing has adjustable pre-lubricated chrome steel or pre-lubricated stainless steel ball bearing. The bearing can be re-lubricated by means of grease-nipple or a quick coupler. IP54 bearing housing is fitted with clip-on safety cap. Rotary shaft seal ring [...]","protected":false},"featured_media":11646,"template":"","meta":[],"product_brand":[],"product_cat":[52],"product_tag":[],"class_list":{"0":"post-1783","1":"product","2":"type-product","3":"status-publish","4":"has-post-thumbnail","6":"product_cat-bearing-units-in-ip54-thermo-plastic-housing","8":"first","9":"instock","10":"shipping-taxable","11":"product-type-simple"},"yoast_head":"<!-- This site is optimized with the Yoast SEO plugin v27.3 - https:\/\/yoast.com\/product\/yoast-seo-wordpress\/ -->\n<title>3 bolt one side flange FBPL ball bearing unit | Optimize Performance | NHK Machinery Parts<\/title>\n<meta name=\"description\" content=\"Our maintenance free 3 bolt one side flange bearing units are resistant to all cleaning agents and chemicals, hygienic design and easy-to-clean. Performance\" \/>\n<meta name=\"robots\" content=\"index, follow, max-snippet:-1, max-image-preview:large, max-video-preview:-1\" \/>\n<link rel=\"canonical\" href=\"https:\/\/nhkmachineryparts.com\/fr\/produit\/226-unite-a-bride-3-boulons-un-cote-fbpl\/\" \/>\n<meta property=\"og:locale\" content=\"fr_FR\" \/>\n<meta property=\"og:type\" content=\"article\" \/>\n<meta property=\"og:title\" content=\"3 bolt one side flange FBPL ball bearing unit | Optimize Performance | NHK Machinery Parts\" \/>\n<meta property=\"og:description\" content=\"Our maintenance free 3 bolt one side flange bearing units are resistant to all cleaning agents and chemicals, hygienic design and easy-to-clean. Performance\" \/>\n<meta property=\"og:url\" content=\"https:\/\/nhkmachineryparts.com\/fr\/produit\/226-unite-a-bride-3-boulons-un-cote-fbpl\/\" \/>\n<meta property=\"og:site_name\" content=\"NHK Machinery Parts\" \/>\n<meta property=\"article:publisher\" content=\"https:\/\/www.facebook.com\/NHK.Group.aps\" \/>\n<meta property=\"article:modified_time\" content=\"2026-02-23T12:55:38+00:00\" \/>\n<meta property=\"og:image\" content=\"https:\/\/nhkmachineryparts.com\/wp-content\/uploads\/2022\/09\/3-bolt-one-side-flange-FBPL-ball-bearing-unit-2.jpg\" \/>\n\t<meta property=\"og:image:width\" content=\"1000\" \/>\n\t<meta property=\"og:image:height\" content=\"1000\" \/>\n\t<meta property=\"og:image:type\" content=\"image\/jpeg\" \/>\n<meta name=\"twitter:card\" content=\"summary_large_image\" \/>\n<meta name=\"twitter:label1\" content=\"Dur\u00e9e de lecture estim\u00e9e\" \/>\n\t<meta name=\"twitter:data1\" content=\"3 minutes\" \/>\n<script type=\"application\/ld+json\" class=\"yoast-schema-graph\">{\"@context\":\"https:\\\/\\\/schema.org\",\"@graph\":[{\"@type\":\"WebPage\",\"@id\":\"https:\\\/\\\/nhkmachineryparts.com\\\/product\\\/226-flange-unit-3-bolt-one-side-fbpl\\\/\",\"url\":\"https:\\\/\\\/nhkmachineryparts.com\\\/product\\\/226-flange-unit-3-bolt-one-side-fbpl\\\/\",\"name\":\"3 bolt one side flange FBPL ball bearing unit | Optimize Performance | NHK Machinery Parts\",\"isPartOf\":{\"@id\":\"https:\\\/\\\/nhkmachineryparts.com\\\/#website\"},\"primaryImageOfPage\":{\"@id\":\"https:\\\/\\\/nhkmachineryparts.com\\\/product\\\/226-flange-unit-3-bolt-one-side-fbpl\\\/#primaryimage\"},\"image\":{\"@id\":\"https:\\\/\\\/nhkmachineryparts.com\\\/product\\\/226-flange-unit-3-bolt-one-side-fbpl\\\/#primaryimage\"},\"thumbnailUrl\":\"https:\\\/\\\/nhkmachineryparts.com\\\/wp-content\\\/uploads\\\/2022\\\/09\\\/3-bolt-one-side-flange-FBPL-ball-bearing-unit-2.jpg\",\"datePublished\":\"2022-09-26T09:45:47+00:00\",\"dateModified\":\"2026-02-23T12:55:38+00:00\",\"description\":\"Our maintenance free 3 bolt one side flange bearing units are resistant to all cleaning agents and chemicals, hygienic design and easy-to-clean. Performance\",\"breadcrumb\":{\"@id\":\"https:\\\/\\\/nhkmachineryparts.com\\\/product\\\/226-flange-unit-3-bolt-one-side-fbpl\\\/#breadcrumb\"},\"inLanguage\":\"fr-FR\",\"potentialAction\":[{\"@type\":\"ReadAction\",\"target\":[\"https:\\\/\\\/nhkmachineryparts.com\\\/product\\\/226-flange-unit-3-bolt-one-side-fbpl\\\/\"]}]},{\"@type\":\"ImageObject\",\"inLanguage\":\"fr-FR\",\"@id\":\"https:\\\/\\\/nhkmachineryparts.com\\\/product\\\/226-flange-unit-3-bolt-one-side-fbpl\\\/#primaryimage\",\"url\":\"https:\\\/\\\/nhkmachineryparts.com\\\/wp-content\\\/uploads\\\/2022\\\/09\\\/3-bolt-one-side-flange-FBPL-ball-bearing-unit-2.jpg\",\"contentUrl\":\"https:\\\/\\\/nhkmachineryparts.com\\\/wp-content\\\/uploads\\\/2022\\\/09\\\/3-bolt-one-side-flange-FBPL-ball-bearing-unit-2.jpg\",\"width\":1000,\"height\":1000,\"caption\":\"3 bolt one side flange FBPL ball bearing unit\"},{\"@type\":\"BreadcrumbList\",\"@id\":\"https:\\\/\\\/nhkmachineryparts.com\\\/product\\\/226-flange-unit-3-bolt-one-side-fbpl\\\/#breadcrumb\",\"itemListElement\":[{\"@type\":\"ListItem\",\"position\":1,\"name\":\"Home\",\"item\":\"https:\\\/\\\/nhkmachineryparts.com\\\/\"},{\"@type\":\"ListItem\",\"position\":2,\"name\":\"Product line\",\"item\":\"https:\\\/\\\/nhkmachineryparts.com\\\/product-line\\\/\"},{\"@type\":\"ListItem\",\"position\":3,\"name\":\"Bearing units in IP54\u00a0composite housing\",\"item\":\"https:\\\/\\\/nhkmachineryparts.com\\\/product-line\\\/bearing-units-in-ip54-thermo-plastic-housing\\\/\"},{\"@type\":\"ListItem\",\"position\":4,\"name\":\"3 bolt one side flange FBPL ball bearing unit\"}]},{\"@type\":\"WebSite\",\"@id\":\"https:\\\/\\\/nhkmachineryparts.com\\\/#website\",\"url\":\"https:\\\/\\\/nhkmachineryparts.com\\\/\",\"name\":\"NHK Machinery Parts\",\"description\":\"Bearing Houses, seismic levelling feet and levelling castors\",\"publisher\":{\"@id\":\"https:\\\/\\\/nhkmachineryparts.com\\\/#organization\"},\"potentialAction\":[{\"@type\":\"SearchAction\",\"target\":{\"@type\":\"EntryPoint\",\"urlTemplate\":\"https:\\\/\\\/nhkmachineryparts.com\\\/?s={search_term_string}\"},\"query-input\":{\"@type\":\"PropertyValueSpecification\",\"valueRequired\":true,\"valueName\":\"search_term_string\"}}],\"inLanguage\":\"fr-FR\"},{\"@type\":\"Organization\",\"@id\":\"https:\\\/\\\/nhkmachineryparts.com\\\/#organization\",\"name\":\"Nhk Group ApS\",\"url\":\"https:\\\/\\\/nhkmachineryparts.com\\\/\",\"logo\":{\"@type\":\"ImageObject\",\"inLanguage\":\"fr-FR\",\"@id\":\"https:\\\/\\\/nhkmachineryparts.com\\\/#\\\/schema\\\/logo\\\/image\\\/\",\"url\":\"https:\\\/\\\/nhkmachineryparts.com\\\/wp-content\\\/uploads\\\/2022\\\/09\\\/NHKgroup_social.jpg\",\"contentUrl\":\"https:\\\/\\\/nhkmachineryparts.com\\\/wp-content\\\/uploads\\\/2022\\\/09\\\/NHKgroup_social.jpg\",\"width\":1200,\"height\":630,\"caption\":\"Nhk Group ApS\"},\"image\":{\"@id\":\"https:\\\/\\\/nhkmachineryparts.com\\\/#\\\/schema\\\/logo\\\/image\\\/\"},\"sameAs\":[\"https:\\\/\\\/www.facebook.com\\\/NHK.Group.aps\"]}]}<\/script>\n<!-- \/ Yoast SEO plugin. -->","yoast_head_json":{"title":"Roulement \u00e0 billes FBPL \u00e0 bride lat\u00e9rale \u00e0 3 boulons | Optimiser les performances | Pi\u00e8ces de machines NHK","description":"Nos paliers \u00e0 bride unilat\u00e9rale \u00e0 3 boulons sans entretien r\u00e9sistent \u00e0 tous les agents de nettoyage et produits chimiques, sont de conception hygi\u00e9nique et faciles \u00e0 nettoyer.","robots":{"index":"index","follow":"follow","max-snippet":"max-snippet:-1","max-image-preview":"max-image-preview:large","max-video-preview":"max-video-preview:-1"},"canonical":"https:\/\/nhkmachineryparts.com\/fr\/produit\/226-unite-a-bride-3-boulons-un-cote-fbpl\/","og_locale":"fr_FR","og_type":"article","og_title":"3 bolt one side flange FBPL ball bearing unit | Optimize Performance | NHK Machinery Parts","og_description":"Our maintenance free 3 bolt one side flange bearing units are resistant to all cleaning agents and chemicals, hygienic design and easy-to-clean. Performance","og_url":"https:\/\/nhkmachineryparts.com\/fr\/produit\/226-unite-a-bride-3-boulons-un-cote-fbpl\/","og_site_name":"NHK Machinery Parts","article_publisher":"https:\/\/www.facebook.com\/NHK.Group.aps","article_modified_time":"2026-02-23T12:55:38+00:00","og_image":[{"width":1000,"height":1000,"url":"https:\/\/nhkmachineryparts.com\/wp-content\/uploads\/2022\/09\/3-bolt-one-side-flange-FBPL-ball-bearing-unit-2.jpg","type":"image\/jpeg"}],"twitter_card":"summary_large_image","twitter_misc":{"Dur\u00e9e de lecture estim\u00e9e":"3 minutes"},"schema":{"@context":"https:\/\/schema.org","@graph":[{"@type":"WebPage","@id":"https:\/\/nhkmachineryparts.com\/product\/226-flange-unit-3-bolt-one-side-fbpl\/","url":"https:\/\/nhkmachineryparts.com\/product\/226-flange-unit-3-bolt-one-side-fbpl\/","name":"Roulement \u00e0 billes FBPL \u00e0 bride lat\u00e9rale \u00e0 3 boulons | Optimiser les performances | Pi\u00e8ces de machines NHK","isPartOf":{"@id":"https:\/\/nhkmachineryparts.com\/#website"},"primaryImageOfPage":{"@id":"https:\/\/nhkmachineryparts.com\/product\/226-flange-unit-3-bolt-one-side-fbpl\/#primaryimage"},"image":{"@id":"https:\/\/nhkmachineryparts.com\/product\/226-flange-unit-3-bolt-one-side-fbpl\/#primaryimage"},"thumbnailUrl":"https:\/\/nhkmachineryparts.com\/wp-content\/uploads\/2022\/09\/3-bolt-one-side-flange-FBPL-ball-bearing-unit-2.jpg","datePublished":"2022-09-26T09:45:47+00:00","dateModified":"2026-02-23T12:55:38+00:00","description":"Nos paliers \u00e0 bride unilat\u00e9rale \u00e0 3 boulons sans entretien r\u00e9sistent \u00e0 tous les agents de nettoyage et produits chimiques, sont de conception hygi\u00e9nique et faciles \u00e0 nettoyer.","breadcrumb":{"@id":"https:\/\/nhkmachineryparts.com\/product\/226-flange-unit-3-bolt-one-side-fbpl\/#breadcrumb"},"inLanguage":"fr-FR","potentialAction":[{"@type":"ReadAction","target":["https:\/\/nhkmachineryparts.com\/product\/226-flange-unit-3-bolt-one-side-fbpl\/"]}]},{"@type":"ImageObject","inLanguage":"fr-FR","@id":"https:\/\/nhkmachineryparts.com\/product\/226-flange-unit-3-bolt-one-side-fbpl\/#primaryimage","url":"https:\/\/nhkmachineryparts.com\/wp-content\/uploads\/2022\/09\/3-bolt-one-side-flange-FBPL-ball-bearing-unit-2.jpg","contentUrl":"https:\/\/nhkmachineryparts.com\/wp-content\/uploads\/2022\/09\/3-bolt-one-side-flange-FBPL-ball-bearing-unit-2.jpg","width":1000,"height":1000,"caption":"3 bolt one side flange FBPL ball bearing unit"},{"@type":"BreadcrumbList","@id":"https:\/\/nhkmachineryparts.com\/product\/226-flange-unit-3-bolt-one-side-fbpl\/#breadcrumb","itemListElement":[{"@type":"ListItem","position":1,"name":"Home","item":"https:\/\/nhkmachineryparts.com\/"},{"@type":"ListItem","position":2,"name":"Product line","item":"https:\/\/nhkmachineryparts.com\/product-line\/"},{"@type":"ListItem","position":3,"name":"Bearing units in IP54\u00a0composite housing","item":"https:\/\/nhkmachineryparts.com\/product-line\/bearing-units-in-ip54-thermo-plastic-housing\/"},{"@type":"ListItem","position":4,"name":"3 bolt one side flange FBPL ball bearing unit"}]},{"@type":"WebSite","@id":"https:\/\/nhkmachineryparts.com\/#website","url":"https:\/\/nhkmachineryparts.com\/","name":"Pi\u00e8ces d\u00e9tach\u00e9es pour machines NHK","description":"Corps de roulement, pieds de nivellement sismiques et roulettes de nivellement","publisher":{"@id":"https:\/\/nhkmachineryparts.com\/#organization"},"potentialAction":[{"@type":"SearchAction","target":{"@type":"EntryPoint","urlTemplate":"https:\/\/nhkmachineryparts.com\/?s={search_term_string}"},"query-input":{"@type":"PropertyValueSpecification","valueRequired":true,"valueName":"search_term_string"}}],"inLanguage":"fr-FR"},{"@type":"Organization","@id":"https:\/\/nhkmachineryparts.com\/#organization","name":"Nhk Group ApS","url":"https:\/\/nhkmachineryparts.com\/","logo":{"@type":"ImageObject","inLanguage":"fr-FR","@id":"https:\/\/nhkmachineryparts.com\/#\/schema\/logo\/image\/","url":"https:\/\/nhkmachineryparts.com\/wp-content\/uploads\/2022\/09\/NHKgroup_social.jpg","contentUrl":"https:\/\/nhkmachineryparts.com\/wp-content\/uploads\/2022\/09\/NHKgroup_social.jpg","width":1200,"height":630,"caption":"Nhk Group ApS"},"image":{"@id":"https:\/\/nhkmachineryparts.com\/#\/schema\/logo\/image\/"},"sameAs":["https:\/\/www.facebook.com\/NHK.Group.aps"]}]}},"_links":{"self":[{"href":"https:\/\/nhkmachineryparts.com\/fr\/wp-json\/wp\/v2\/product\/1783","targetHints":{"allow":["GET"]}}],"collection":[{"href":"https:\/\/nhkmachineryparts.com\/fr\/wp-json\/wp\/v2\/product"}],"about":[{"href":"https:\/\/nhkmachineryparts.com\/fr\/wp-json\/wp\/v2\/types\/product"}],"wp:featuredmedia":[{"embeddable":true,"href":"https:\/\/nhkmachineryparts.com\/fr\/wp-json\/wp\/v2\/media\/11646"}],"wp:attachment":[{"href":"https:\/\/nhkmachineryparts.com\/fr\/wp-json\/wp\/v2\/media?parent=1783"}],"wp:term":[{"taxonomy":"product_brand","embeddable":true,"href":"https:\/\/nhkmachineryparts.com\/fr\/wp-json\/wp\/v2\/product_brand?post=1783"},{"taxonomy":"product_cat","embeddable":true,"href":"https:\/\/nhkmachineryparts.com\/fr\/wp-json\/wp\/v2\/product_cat?post=1783"},{"taxonomy":"product_tag","embeddable":true,"href":"https:\/\/nhkmachineryparts.com\/fr\/wp-json\/wp\/v2\/product_tag?post=1783"}],"curies":[{"name":"wp","href":"https:\/\/api.w.org\/{rel}","templated":true}]}}