{"id":1529,"date":"2022-09-24T18:13:36","date_gmt":"2022-09-24T18:13:36","guid":{"rendered":"https:\/\/nhkmachineryparts.pawsfabrik.dk\/?post_type=product&#038;p=1529"},"modified":"2026-02-23T15:08:17","modified_gmt":"2026-02-23T13:08:17","slug":"paliers-a-semelle-taraudee-etanches-ip67","status":"publish","type":"product","link":"https:\/\/nhkmachineryparts.com\/fr\/product\/ip67-waterproof-tapped-base-pillow-block-bearing-units\/","title":{"rendered":"Palier \u00e0 semelle taraud\u00e9 \u00e9tanche IP67"},"content":{"rendered":"<section class=\"vc_row vc_custom_1662993827263 liquid-row-shadowbox-69d369ca0fffe vc_column-gap-0\"><div class=\"ld-container container\"><div class=\"row ld-row ld-row-outer\"><div class=\"wpb_column vc_column_container vc_col-sm-12 liquid-column-69d369ca103a1\"><div class=\"vc_column-inner\" ><div class=\"wpb_wrapper\"  >\n\t<div class=\"wpb_text_column wpb_content_element\" >\n\t\t<div class=\"wpb_wrapper\">\n\t\t\t<h2><strong data-start=\"100\" data-end=\"195\">Pr\u00e9cision et protection combin\u00e9es<\/strong><\/h2>\n<p>Notre <a href=\"https:\/\/nhkmachineryparts.com\/fr\/product-line\/ip67-waterproof-bearing-house-units\/\" data-internallinksmanager029f6b8e52c=\"3\" title=\"Unit\u00e9s de maison \u00e0 roulement \u00e9tanche IP67\">IP67<\/a> Les unit\u00e9s de roulement ont obtenu <a href=\"https:\/\/nhkmachineryparts.com\/fr\/gamme-de-produits\/boitier-de-roulement-etanche-ip67-unites-de-roulement-etanches\/\" data-internallinksmanager029f6b8e52c=\"6\" title=\"USDA\">USDA<\/a> certificat.<br \/>\nLes unit\u00e9s de roulement IP67 poss\u00e8dent un num\u00e9ro d&#039;identification de lot unique pour la tra\u00e7abilit\u00e9 de la s\u00e9curit\u00e9 alimentaire.<br \/>\nUnit\u00e9s de roulements \u00e0 bride IP67 r\u00e9sistantes \u00e0 la vapeur, \u00e9tanches et anticorrosion, particuli\u00e8rement adapt\u00e9es aux environnements humides et difficiles.<\/p>\n<h2><strong data-start=\"199\" data-end=\"303\">Durabilit\u00e9 sup\u00e9rieure pour les environnements difficiles<\/strong><\/h2>\n<p>Nos unit\u00e9s de roulements IP67 sont con\u00e7ues pour <a href=\"https:\/\/nhkmachineryparts.com\/fr\/our-industries\/\" data-internallinksmanager029f6b8e52c=\"4\" title=\"Nos secteurs\">les industries<\/a> avec des exigences toujours plus \u00e9lev\u00e9es en mati\u00e8re de r\u00e9sistance des mat\u00e9riaux et une conception facile \u00e0 nettoyer. Afin de r\u00e9duire le risque de croissance bact\u00e9rienne, cette conception se caract\u00e9rise par des surfaces lisses et des coins arrondis.<\/p>\n<p>Les unit\u00e9s de roulement IP67 sont conformes aux normes 3A et <a href=\"https:\/\/nhkmachineryparts.com\/fr\/quelle-est-la-difference-entre-3a-et-ehedg\/\" data-internallinksmanager029f6b8e52c=\"2\" title=\"Pi\u00e8ces de machines certifi\u00e9es EHEDG\">EHEDG<\/a> r\u00e9glementation L&#039;indice de protection est IP67, ce qui garantit que les unit\u00e9s de roulement peuvent \u00eatre nettoy\u00e9es \u00e0 l&#039;eau haute pression dans toutes les directions. Une bague d&#039;\u00e9tanch\u00e9it\u00e9 avec un ressort en acier inoxydable garantit que l&#039;eau ne peut pas p\u00e9n\u00e9trer dans le bo\u00eetier.<\/p>\n<p>Les roulements ne n\u00e9cessitent aucun entretien et r\u00e9sistent \u00e0 tous les agents de nettoyage et \u00e0 la plupart des produits chimiques.<\/p>\n<h2><strong data-start=\"307\" data-end=\"402\">Con\u00e7u pour des conditions extr\u00eames<\/strong><\/h2>\n<ul>\n<li>Base de bo\u00eetier de roulement compacte et solide, avec le couvercle boulonn\u00e9 \u00e0 la base.<\/li>\n<li>Le bo\u00eetier de roulement est fabriqu\u00e9 par Dupolit, qui est d&#039;une stabilit\u00e9 et d&#039;une r\u00e9sistance extr\u00eames.<\/li>\n<li>Graisseur en acier inoxydable pour un remplissage optimal de graisse de qualit\u00e9 alimentaire, \u00e9vitant ainsi la condensation dans le bo\u00eetier.<\/li>\n<li>Le bo\u00eetier de roulement est \u00e9quip\u00e9 d&#039;un roulement \u00e0 billes sph\u00e9rique lubrifi\u00e9 \u00e0 vie avec collier de verrouillage excentrique.<\/li>\n<li>Le roulement sph\u00e9rique est auto-alignant.<\/li>\n<li>Les dimensions du bo\u00eetier de roulement sont similaires aux normes du march\u00e9 pour un remplacement facile.<\/li>\n<li>Le bo\u00eetier de roulement peut \u00eatre mont\u00e9 sous tous les angles<\/li>\n<li>Les roulements auto-inserts en inox pour un montage facile et pr\u00e9cis<\/li>\n<li>Le bo\u00eetier de roulement est r\u00e9sistant \u00e0 la chaleur de -30\u00b0C \u00e0 +100\u00b0C<\/li>\n<li>Les inserts de roulement sont lubrifi\u00e9s avec une graisse enregistr\u00e9e NSF H1 qui r\u00e9pond aux exigences telles que DIN 51825.<\/li>\n<li>Les unit\u00e9s de roulements sont accept\u00e9es par l&#039;USDA et r\u00e9pondent \u00e0 la norme NSF\/ANSI\/3-A 14159-1-2010.<\/li>\n<li>Qualit\u00e9 alimentaire selon le cadre du r\u00e8glement (CE) n\u00b0 1935\/2004<\/li>\n<li>Possibilit\u00e9 de marque priv\u00e9e<\/li>\n<\/ul>\n<h2><strong data-start=\"100\" data-end=\"195\">Palier \u00e0 semelle taraud\u00e9 \u00e9tanche IP67<\/strong><\/h2>\n<div class=\"dcf-overflow-x-auto\" tabindex=\"0\">\n<table class=\"dcf-table dcf-table-bordered dcf-w-100%\">\n<thead>\n<tr>\n<th scope=\"col\">Type IP67 PA<\/th>\n<th scope=\"col\">Num\u00e9ro de catalogue<\/th>\n<th scope=\"col\">Num\u00e9ro de catalogue<\/th>\n<\/tr>\n<\/thead>\n<tbody>\n<tr>\n<td data-label=\"Type IP67 F\">Palier \u00e0 semelle taraud\u00e9<\/td>\n<td data-label=\"Catalogue No.\">Couvercle ferm\u00e9<\/td>\n<td data-label=\"Catalogue No.\">Couvercle ouvert<\/td>\n<\/tr>\n<tr>\n<td data-label=\"Type IP67 F\">\u00d820 mm<\/td>\n<td data-label=\"Catalogue No.\">IP67 PA204CC<\/td>\n<td data-label=\"Catalogue No.\">IP67 PA204 OC<\/td>\n<\/tr>\n<tr>\n<td data-label=\"Type IP67 F\">\u00d825mm<\/td>\n<td data-label=\"Catalogue No.\">IP67 PA205CC<\/td>\n<td data-label=\"Catalogue No.\">IP67 PA205 OC<\/td>\n<\/tr>\n<tr>\n<td data-label=\"Type IP67 F\">\u00d830 mm<\/td>\n<td data-label=\"Catalogue No.\">IP67 PA206CC<\/td>\n<td data-label=\"Catalogue No.\">IP67 PA206 OC<\/td>\n<\/tr>\n<tr>\n<td data-label=\"Type IP67 F\">\u00d835mm<\/td>\n<td data-label=\"Catalogue No.\">IP67 PA207CC<\/td>\n<td data-label=\"Catalogue No.\">IP67 PA207 OC<\/td>\n<\/tr>\n<tr>\n<td data-label=\"Type IP67 F\">\u00d840mm<\/td>\n<td data-label=\"Catalogue No.\">IP67 PA208CC<\/td>\n<td data-label=\"Catalogue No.\">IP67 PA208 OC<\/td>\n<\/tr>\n<\/tbody>\n<\/table>\n<p><a href=\"https:\/\/nhkmachineryparts.com\/fr\/gamme-de-produits\/categorie\/31-waterproof-bearing-house-ip67-waterproof-bearing-units\/\">Voir \u00e9galement nos autres roulements \u00e9tanches avec certificats FDA.<\/a><\/p>\n<div class=\"w-full text-token-text-primary border-b border-black\/10 gizmo:border-0 dark:border-gray-900\/50 gizmo:dark:border-0 bg-gray-50 gizmo:bg-transparent dark:bg-&#091;#444654&#093; gizmo:dark:bg-transparent\" data-testid=\"conversation-turn-3\">\n<div class=\"p-4 gizmo:py-2 justify-center text-base md:gap-6 md:py-6 m-auto\">\n<div class=\"flex flex-1 gap-4 text-base mx-auto md:gap-6 gizmo:gap-3 gizmo:md:px-5 gizmo:lg:px-1 gizmo:xl:px-5 md:max-w-2xl lg:max-w-&#091;38rem&#093; gizmo:md:max-w-3xl gizmo:lg:max-w-&#091;40rem&#093; gizmo:xl:max-w-&#091;48rem&#093; xl:max-w-3xl } group\">\n<div class=\"relative flex w-&#091;calc(100%-50px)&#093; flex-col gizmo:w-full lg:w-&#091;calc(100%-115px)&#093; agent-turn\">\n<div class=\"flex-col gap-1 md:gap-3\">\n<div class=\"flex flex-grow flex-col max-w-full gap-3 gizmo:gap-0\">\n<div class=\"min-h-&#091;20px&#093; text-message peer flex flex-col items-start gap-3 whitespace-pre-wrap break-words peer-&#091;.text-message&#093;:mt-5 overflow-x-auto\" data-message-author-role=\"assistant\" data-message-id=\"6162d90c-acdb-4ffc-82be-d3c77259ca95\">\n<div class=\"markdown prose w-full break-words dark:prose-invert light\">\n<h2>Bo\u00eetier de roulement class\u00e9 IP67<\/h2>\n<p>Un indice IP67 pour un bo\u00eetier de roulements ou tout autre bo\u00eetier \u00e9lectronique ou m\u00e9canique indique un niveau \u00e9lev\u00e9 de protection contre la poussi\u00e8re et l&#039;eau. D\u00e9composons ce que signifie IP67\u00a0:<\/p>\n<ol>\n<li>Indice de protection IP (Ingress Protection) : L&#039;indice IP est un syst\u00e8me standardis\u00e9 utilis\u00e9 pour classer le niveau de protection qu&#039;offre un bo\u00eetier contre divers \u00e9l\u00e9ments environnementaux, tels que la poussi\u00e8re et l&#039;eau.<\/li>\n<li>Premier chiffre (6) : Le premier chiffre de l&#039;indice IP fait r\u00e9f\u00e9rence \u00e0 la protection contre les objets solides, y compris la poussi\u00e8re. Dans ce cas, une note de 6 signifie que le bo\u00eetier est \u00e9tanche \u00e0 la poussi\u00e8re. Il offre une protection compl\u00e8te contre la poussi\u00e8re et autres particules solides.<\/li>\n<li>Deuxi\u00e8me chiffre (7)\u00a0: Le deuxi\u00e8me chiffre de l&#039;indice IP fait r\u00e9f\u00e9rence \u00e0 la protection contre les liquides, en particulier l&#039;eau. Une note de 7 indique que l&#039;enceinte est capable de r\u00e9sister \u00e0 une immersion dans l&#039;eau jusqu&#039;\u00e0 1 m\u00e8tre de profondeur pendant 30 minutes sans permettre \u00e0 l&#039;eau de p\u00e9n\u00e9trer.<\/li>\n<\/ol>\n<p>Ainsi, un bo\u00eetier de roulement \u00e9tanche IP67 est con\u00e7u pour \u00eatre \u00e9tanche \u00e0 la poussi\u00e8re et peut \u00e9galement supporter une immersion temporaire dans l&#039;eau sans que de l&#039;eau ne p\u00e9n\u00e8tre \u00e0 l&#039;int\u00e9rieur. Ce niveau de protection est souvent utilis\u00e9 dans diverses applications industrielles, ext\u00e9rieures ou marines o\u00f9 le bo\u00eetier de roulements doit rester fonctionnel et exempt de dommages caus\u00e9s par l&#039;exposition \u00e0 la poussi\u00e8re et \u00e0 l&#039;eau.<\/p>\n<\/div>\n<\/div>\n<\/div>\n<\/div>\n<\/div>\n<\/div>\n<\/div>\n<\/div>\n<h2>Questions et contact<\/h2>\n<p>Si vous avez des questions sur nos produits.\u00a0<a href=\"https:\/\/nhkmachineryparts.com\/fr\/contact\/\">Vous \u00eates toujours invit\u00e9s \u00e0 nous contacter pour toute question sur les performances et les solutions pour votre machine ou toute autre chose. Vous pouvez en savoir plus sur la fa\u00e7on de nous contacter ici.<\/a>\u00a0Vous pouvez nous trouver au Danemark, au Royaume-Uni, en Allemagne et \u00e0 Hong Kong.<\/p>\n<\/div>\n\n\t\t<\/div>\n\t<\/div>\n<\/div><\/div><\/div><\/div><\/div><\/section>","protected":false},"excerpt":{"rendered":"Precision and Protection Combined Our IP67 Bearing units has obtained USDA certificate. The IP67 Bearing units has unique batch ID number for food safety traceability. IP67 Steam resistant, waterproof and corrosion safe flange bearing units which are special suitable in wet and harsh environments. Superior Durability for Harsh Environments Our IP67 bearing units are designed [...]","protected":false},"featured_media":8899,"template":"","meta":[],"product_brand":[],"product_cat":[46],"product_tag":[],"class_list":{"0":"post-1529","1":"product","2":"type-product","3":"status-publish","4":"has-post-thumbnail","6":"product_cat-ip67-waterproof-bearing-house-units","8":"first","9":"instock","10":"shipping-taxable","11":"product-type-simple"},"yoast_head":"<!-- This site is optimized with the Yoast SEO plugin v27.3 - https:\/\/yoast.com\/product\/yoast-seo-wordpress\/ -->\n<title>IP67 Waterproof tapped base pillow block bearing units |<\/title>\n<meta name=\"description\" content=\"IP67 Steam resistant, waterproof and corrosion safe tapped base pillow block bearing units which are special suitable in wet and harsh environments.\" \/>\n<meta name=\"robots\" content=\"index, follow, max-snippet:-1, max-image-preview:large, max-video-preview:-1\" \/>\n<link rel=\"canonical\" href=\"https:\/\/nhkmachineryparts.com\/fr\/produit\/paliers-a-semelle-taraudee-etanches-ip67\/\" \/>\n<meta property=\"og:locale\" content=\"fr_FR\" \/>\n<meta property=\"og:type\" content=\"article\" \/>\n<meta property=\"og:title\" content=\"IP67 Waterproof tapped base pillow block bearing units |\" \/>\n<meta property=\"og:description\" content=\"IP67 Steam resistant, waterproof and corrosion safe tapped base pillow block bearing units which are special suitable in wet and harsh environments.\" \/>\n<meta property=\"og:url\" content=\"https:\/\/nhkmachineryparts.com\/fr\/produit\/paliers-a-semelle-taraudee-etanches-ip67\/\" \/>\n<meta property=\"og:site_name\" content=\"NHK Machinery Parts\" \/>\n<meta property=\"article:publisher\" content=\"https:\/\/www.facebook.com\/NHK.Group.aps\" \/>\n<meta property=\"article:modified_time\" content=\"2026-02-23T13:08:17+00:00\" \/>\n<meta property=\"og:image\" content=\"https:\/\/nhkmachineryparts.com\/wp-content\/uploads\/2022\/09\/Waterproof-tapped-base-pillow-block-bearing-units-with-spherical-inserts-IP67.jpg\" \/>\n\t<meta property=\"og:image:width\" content=\"1000\" \/>\n\t<meta property=\"og:image:height\" content=\"1000\" \/>\n\t<meta property=\"og:image:type\" content=\"image\/jpeg\" \/>\n<meta name=\"twitter:card\" content=\"summary_large_image\" \/>\n<meta name=\"twitter:label1\" content=\"Dur\u00e9e de lecture estim\u00e9e\" \/>\n\t<meta name=\"twitter:data1\" content=\"4 minutes\" \/>\n<script type=\"application\/ld+json\" class=\"yoast-schema-graph\">{\"@context\":\"https:\\\/\\\/schema.org\",\"@graph\":[{\"@type\":\"WebPage\",\"@id\":\"https:\\\/\\\/nhkmachineryparts.com\\\/product\\\/ip67-waterproof-tapped-base-pillow-block-bearing-units\\\/\",\"url\":\"https:\\\/\\\/nhkmachineryparts.com\\\/product\\\/ip67-waterproof-tapped-base-pillow-block-bearing-units\\\/\",\"name\":\"IP67 Waterproof tapped base pillow block bearing units |\",\"isPartOf\":{\"@id\":\"https:\\\/\\\/nhkmachineryparts.com\\\/#website\"},\"primaryImageOfPage\":{\"@id\":\"https:\\\/\\\/nhkmachineryparts.com\\\/product\\\/ip67-waterproof-tapped-base-pillow-block-bearing-units\\\/#primaryimage\"},\"image\":{\"@id\":\"https:\\\/\\\/nhkmachineryparts.com\\\/product\\\/ip67-waterproof-tapped-base-pillow-block-bearing-units\\\/#primaryimage\"},\"thumbnailUrl\":\"https:\\\/\\\/nhkmachineryparts.com\\\/wp-content\\\/uploads\\\/2022\\\/09\\\/Waterproof-tapped-base-pillow-block-bearing-units-with-spherical-inserts-IP67.jpg\",\"datePublished\":\"2022-09-24T18:13:36+00:00\",\"dateModified\":\"2026-02-23T13:08:17+00:00\",\"description\":\"IP67 Steam resistant, waterproof and corrosion safe tapped base pillow block bearing units which are special suitable in wet and harsh environments.\",\"breadcrumb\":{\"@id\":\"https:\\\/\\\/nhkmachineryparts.com\\\/product\\\/ip67-waterproof-tapped-base-pillow-block-bearing-units\\\/#breadcrumb\"},\"inLanguage\":\"fr-FR\",\"potentialAction\":[{\"@type\":\"ReadAction\",\"target\":[\"https:\\\/\\\/nhkmachineryparts.com\\\/product\\\/ip67-waterproof-tapped-base-pillow-block-bearing-units\\\/\"]}]},{\"@type\":\"ImageObject\",\"inLanguage\":\"fr-FR\",\"@id\":\"https:\\\/\\\/nhkmachineryparts.com\\\/product\\\/ip67-waterproof-tapped-base-pillow-block-bearing-units\\\/#primaryimage\",\"url\":\"https:\\\/\\\/nhkmachineryparts.com\\\/wp-content\\\/uploads\\\/2022\\\/09\\\/Waterproof-tapped-base-pillow-block-bearing-units-with-spherical-inserts-IP67.jpg\",\"contentUrl\":\"https:\\\/\\\/nhkmachineryparts.com\\\/wp-content\\\/uploads\\\/2022\\\/09\\\/Waterproof-tapped-base-pillow-block-bearing-units-with-spherical-inserts-IP67.jpg\",\"width\":1000,\"height\":1000,\"caption\":\"Waterproof tapped base pillow block bearing units with spherical inserts IP67\"},{\"@type\":\"BreadcrumbList\",\"@id\":\"https:\\\/\\\/nhkmachineryparts.com\\\/product\\\/ip67-waterproof-tapped-base-pillow-block-bearing-units\\\/#breadcrumb\",\"itemListElement\":[{\"@type\":\"ListItem\",\"position\":1,\"name\":\"Home\",\"item\":\"https:\\\/\\\/nhkmachineryparts.com\\\/\"},{\"@type\":\"ListItem\",\"position\":2,\"name\":\"Product line\",\"item\":\"https:\\\/\\\/nhkmachineryparts.com\\\/product-line\\\/\"},{\"@type\":\"ListItem\",\"position\":3,\"name\":\"IP67 Waterproof bearing house units\",\"item\":\"https:\\\/\\\/nhkmachineryparts.com\\\/product-line\\\/ip67-waterproof-bearing-house-units\\\/\"},{\"@type\":\"ListItem\",\"position\":4,\"name\":\"IP67 Waterproof tapped base pillow block bearing units\"}]},{\"@type\":\"WebSite\",\"@id\":\"https:\\\/\\\/nhkmachineryparts.com\\\/#website\",\"url\":\"https:\\\/\\\/nhkmachineryparts.com\\\/\",\"name\":\"NHK Machinery Parts\",\"description\":\"Bearing Houses, seismic levelling feet and levelling castors\",\"publisher\":{\"@id\":\"https:\\\/\\\/nhkmachineryparts.com\\\/#organization\"},\"potentialAction\":[{\"@type\":\"SearchAction\",\"target\":{\"@type\":\"EntryPoint\",\"urlTemplate\":\"https:\\\/\\\/nhkmachineryparts.com\\\/?s={search_term_string}\"},\"query-input\":{\"@type\":\"PropertyValueSpecification\",\"valueRequired\":true,\"valueName\":\"search_term_string\"}}],\"inLanguage\":\"fr-FR\"},{\"@type\":\"Organization\",\"@id\":\"https:\\\/\\\/nhkmachineryparts.com\\\/#organization\",\"name\":\"Nhk Group ApS\",\"url\":\"https:\\\/\\\/nhkmachineryparts.com\\\/\",\"logo\":{\"@type\":\"ImageObject\",\"inLanguage\":\"fr-FR\",\"@id\":\"https:\\\/\\\/nhkmachineryparts.com\\\/#\\\/schema\\\/logo\\\/image\\\/\",\"url\":\"https:\\\/\\\/nhkmachineryparts.com\\\/wp-content\\\/uploads\\\/2022\\\/09\\\/NHKgroup_social.jpg\",\"contentUrl\":\"https:\\\/\\\/nhkmachineryparts.com\\\/wp-content\\\/uploads\\\/2022\\\/09\\\/NHKgroup_social.jpg\",\"width\":1200,\"height\":630,\"caption\":\"Nhk Group ApS\"},\"image\":{\"@id\":\"https:\\\/\\\/nhkmachineryparts.com\\\/#\\\/schema\\\/logo\\\/image\\\/\"},\"sameAs\":[\"https:\\\/\\\/www.facebook.com\\\/NHK.Group.aps\"]}]}<\/script>\n<!-- \/ Yoast SEO plugin. -->","yoast_head_json":{"title":"IP67 Waterproof tapped base pillow block bearing units |","description":"Unit\u00e9s de roulement \u00e0 semelle taraud\u00e9e IP67 r\u00e9sistantes \u00e0 la vapeur, \u00e0 l&#039;eau et \u00e0 la corrosion, particuli\u00e8rement adapt\u00e9es aux environnements humides et difficiles.","robots":{"index":"index","follow":"follow","max-snippet":"max-snippet:-1","max-image-preview":"max-image-preview:large","max-video-preview":"max-video-preview:-1"},"canonical":"https:\/\/nhkmachineryparts.com\/fr\/produit\/paliers-a-semelle-taraudee-etanches-ip67\/","og_locale":"fr_FR","og_type":"article","og_title":"IP67 Waterproof tapped base pillow block bearing units |","og_description":"IP67 Steam resistant, waterproof and corrosion safe tapped base pillow block bearing units which are special suitable in wet and harsh environments.","og_url":"https:\/\/nhkmachineryparts.com\/fr\/produit\/paliers-a-semelle-taraudee-etanches-ip67\/","og_site_name":"NHK Machinery Parts","article_publisher":"https:\/\/www.facebook.com\/NHK.Group.aps","article_modified_time":"2026-02-23T13:08:17+00:00","og_image":[{"width":1000,"height":1000,"url":"https:\/\/nhkmachineryparts.com\/wp-content\/uploads\/2022\/09\/Waterproof-tapped-base-pillow-block-bearing-units-with-spherical-inserts-IP67.jpg","type":"image\/jpeg"}],"twitter_card":"summary_large_image","twitter_misc":{"Dur\u00e9e de lecture estim\u00e9e":"4 minutes"},"schema":{"@context":"https:\/\/schema.org","@graph":[{"@type":"WebPage","@id":"https:\/\/nhkmachineryparts.com\/product\/ip67-waterproof-tapped-base-pillow-block-bearing-units\/","url":"https:\/\/nhkmachineryparts.com\/product\/ip67-waterproof-tapped-base-pillow-block-bearing-units\/","name":"IP67 Waterproof tapped base pillow block bearing units |","isPartOf":{"@id":"https:\/\/nhkmachineryparts.com\/#website"},"primaryImageOfPage":{"@id":"https:\/\/nhkmachineryparts.com\/product\/ip67-waterproof-tapped-base-pillow-block-bearing-units\/#primaryimage"},"image":{"@id":"https:\/\/nhkmachineryparts.com\/product\/ip67-waterproof-tapped-base-pillow-block-bearing-units\/#primaryimage"},"thumbnailUrl":"https:\/\/nhkmachineryparts.com\/wp-content\/uploads\/2022\/09\/Waterproof-tapped-base-pillow-block-bearing-units-with-spherical-inserts-IP67.jpg","datePublished":"2022-09-24T18:13:36+00:00","dateModified":"2026-02-23T13:08:17+00:00","description":"Unit\u00e9s de roulement \u00e0 semelle taraud\u00e9e IP67 r\u00e9sistantes \u00e0 la vapeur, \u00e0 l&#039;eau et \u00e0 la corrosion, particuli\u00e8rement adapt\u00e9es aux environnements humides et difficiles.","breadcrumb":{"@id":"https:\/\/nhkmachineryparts.com\/product\/ip67-waterproof-tapped-base-pillow-block-bearing-units\/#breadcrumb"},"inLanguage":"fr-FR","potentialAction":[{"@type":"ReadAction","target":["https:\/\/nhkmachineryparts.com\/product\/ip67-waterproof-tapped-base-pillow-block-bearing-units\/"]}]},{"@type":"ImageObject","inLanguage":"fr-FR","@id":"https:\/\/nhkmachineryparts.com\/product\/ip67-waterproof-tapped-base-pillow-block-bearing-units\/#primaryimage","url":"https:\/\/nhkmachineryparts.com\/wp-content\/uploads\/2022\/09\/Waterproof-tapped-base-pillow-block-bearing-units-with-spherical-inserts-IP67.jpg","contentUrl":"https:\/\/nhkmachineryparts.com\/wp-content\/uploads\/2022\/09\/Waterproof-tapped-base-pillow-block-bearing-units-with-spherical-inserts-IP67.jpg","width":1000,"height":1000,"caption":"Waterproof tapped base pillow block bearing units with spherical inserts IP67"},{"@type":"BreadcrumbList","@id":"https:\/\/nhkmachineryparts.com\/product\/ip67-waterproof-tapped-base-pillow-block-bearing-units\/#breadcrumb","itemListElement":[{"@type":"ListItem","position":1,"name":"Home","item":"https:\/\/nhkmachineryparts.com\/"},{"@type":"ListItem","position":2,"name":"Product line","item":"https:\/\/nhkmachineryparts.com\/product-line\/"},{"@type":"ListItem","position":3,"name":"IP67 Waterproof bearing house units","item":"https:\/\/nhkmachineryparts.com\/product-line\/ip67-waterproof-bearing-house-units\/"},{"@type":"ListItem","position":4,"name":"IP67 Waterproof tapped base pillow block bearing units"}]},{"@type":"WebSite","@id":"https:\/\/nhkmachineryparts.com\/#website","url":"https:\/\/nhkmachineryparts.com\/","name":"Pi\u00e8ces d\u00e9tach\u00e9es pour machines NHK","description":"Corps de roulement, pieds de nivellement sismiques et roulettes de nivellement","publisher":{"@id":"https:\/\/nhkmachineryparts.com\/#organization"},"potentialAction":[{"@type":"SearchAction","target":{"@type":"EntryPoint","urlTemplate":"https:\/\/nhkmachineryparts.com\/?s={search_term_string}"},"query-input":{"@type":"PropertyValueSpecification","valueRequired":true,"valueName":"search_term_string"}}],"inLanguage":"fr-FR"},{"@type":"Organization","@id":"https:\/\/nhkmachineryparts.com\/#organization","name":"Nhk Group ApS","url":"https:\/\/nhkmachineryparts.com\/","logo":{"@type":"ImageObject","inLanguage":"fr-FR","@id":"https:\/\/nhkmachineryparts.com\/#\/schema\/logo\/image\/","url":"https:\/\/nhkmachineryparts.com\/wp-content\/uploads\/2022\/09\/NHKgroup_social.jpg","contentUrl":"https:\/\/nhkmachineryparts.com\/wp-content\/uploads\/2022\/09\/NHKgroup_social.jpg","width":1200,"height":630,"caption":"Nhk Group ApS"},"image":{"@id":"https:\/\/nhkmachineryparts.com\/#\/schema\/logo\/image\/"},"sameAs":["https:\/\/www.facebook.com\/NHK.Group.aps"]}]}},"_links":{"self":[{"href":"https:\/\/nhkmachineryparts.com\/fr\/wp-json\/wp\/v2\/product\/1529","targetHints":{"allow":["GET"]}}],"collection":[{"href":"https:\/\/nhkmachineryparts.com\/fr\/wp-json\/wp\/v2\/product"}],"about":[{"href":"https:\/\/nhkmachineryparts.com\/fr\/wp-json\/wp\/v2\/types\/product"}],"wp:featuredmedia":[{"embeddable":true,"href":"https:\/\/nhkmachineryparts.com\/fr\/wp-json\/wp\/v2\/media\/8899"}],"wp:attachment":[{"href":"https:\/\/nhkmachineryparts.com\/fr\/wp-json\/wp\/v2\/media?parent=1529"}],"wp:term":[{"taxonomy":"product_brand","embeddable":true,"href":"https:\/\/nhkmachineryparts.com\/fr\/wp-json\/wp\/v2\/product_brand?post=1529"},{"taxonomy":"product_cat","embeddable":true,"href":"https:\/\/nhkmachineryparts.com\/fr\/wp-json\/wp\/v2\/product_cat?post=1529"},{"taxonomy":"product_tag","embeddable":true,"href":"https:\/\/nhkmachineryparts.com\/fr\/wp-json\/wp\/v2\/product_tag?post=1529"}],"curies":[{"name":"wp","href":"https:\/\/api.w.org\/{rel}","templated":true}]}}