{"id":1331,"date":"2022-09-20T19:23:06","date_gmt":"2022-09-20T19:23:06","guid":{"rendered":"https:\/\/nhkmachineryparts.pawsfabrik.dk\/?post_type=product&#038;p=1331"},"modified":"2026-02-27T15:52:33","modified_gmt":"2026-02-27T13:52:33","slug":"301-pieds-de-machine-dans-une-conception-hygienique-scellee-shmf-avec-plaque-de-verrouillage-au-sol","status":"publish","type":"product","link":"https:\/\/nhkmachineryparts.com\/fr\/product\/301-machine-feet-in-sealed-hygienic-design-shmf-with-floor-lock-plate\/","title":{"rendered":"3-A machine feet with floor lock plate\u00a0"},"content":{"rendered":"<section class=\"vc_row vc_custom_1662993827263 liquid-row-shadowbox-69d386ccd627c vc_column-gap-0\"><div class=\"ld-container container\"><div class=\"row ld-row ld-row-outer\"><div class=\"wpb_column vc_column_container vc_col-sm-12 liquid-column-69d386ccd642b\"><div class=\"vc_column-inner\" ><div class=\"wpb_wrapper\"  >\n\t<div class=\"wpb_text_column wpb_content_element\" >\n\t\t<div class=\"wpb_wrapper\">\n\t\t\t<h2>Con\u00e7u pour une propret\u00e9 industrielle sans compromis<\/h2>\n<p><a href=\"https:\/\/nhkmachineryparts.com\/fr\/produit\/301-pieds-de-machine-dans-une-conception-hygienique-scellee-shmf-avec-plaque-de-verrouillage-au-sol\/\" data-internallinksmanager029f6b8e52c=\"20\" title=\"pieds de machine\">Pieds de machines<\/a> en conception hygi\u00e9nique scell\u00e9e avec base en caoutchouc pour la r\u00e9duction des vibrations et des propri\u00e9t\u00e9s antid\u00e9rapantes<br \/>\nNos pieds de machine hygi\u00e9niques scell\u00e9s sont fournis avec un certificat FDA (FDA CFR 21\u00a0177 2600) avec un num\u00e9ro d&#039;identification de lot unique pour la tra\u00e7abilit\u00e9 de la s\u00e9curit\u00e9 alimentaire.<\/p>\n<p><a href=\"https:\/\/nhkmachineryparts.com\/fr\/boutique\/gamme-de-produits\/pieds-de-nivellement-de-machine-au-design-hygienique\/sanitary-machine-feet-with-protected-spindle\/\">Essayez notre s\u00e9lecteur de produits<\/a><\/p>\n<h3>Pieds de machine en version hygi\u00e9nique scell\u00e9e, caract\u00e9ristiques et avantages<\/h3>\n<p>Les pieds de machine hygi\u00e9niques scell\u00e9s ont une conception arrondie et hygi\u00e9nique qui les rend faciles \u00e0 nettoyer.<br \/>\nLes pieds de machine hygi\u00e9niques scell\u00e9s peuvent supporter des pentes allant jusqu&#039;\u00e0 10 degr\u00e9s sur les sols et les \u00e9quipements.<\/p>\n<h3>Pieds de machine en mat\u00e9riaux de conception hygi\u00e9nique scell\u00e9s<\/h3>\n<p>Pieds de machine hygi\u00e9niques scell\u00e9s, pi\u00e8ce en caoutchouc vulcanis\u00e9 avec certificat FDA selon FDA CFR 21 177 2600.<\/p>\n<p>Description du mat\u00e9riau de la plaque de base\u00a0:<br \/>\nAcier inoxydable Aisi 304 ou Aisi 316<\/p>\n<p>Description du mat\u00e9riau de la broche\u00a0:<br \/>\nAcier inoxydable A2-70 ou A4-70<\/p>\n<p>Description du mat\u00e9riau de base en caoutchouc\u00a0:<br \/>\nCaoutchouc NBR (caoutchouc nitrile CAS n\u00b0 9005-98-5)<br \/>\nCertificat FDA selon FDA CFR 21 177 2600<\/p>\n<p>Tous les mat\u00e9riaux sont tr\u00e8s r\u00e9sistants aux produits chimiques et aux produits de nettoyage couramment utilis\u00e9s, ainsi qu&#039;aux huiles et graisses r\u00e9sistantes.<\/p>\n<h3>Pieds de machine dans des tailles herm\u00e9tiques et hygi\u00e9niques<\/h3>\n<p>Les pieds de machine hygi\u00e9niques scell\u00e9s sont disponibles dans une large gamme, offrant une flexibilit\u00e9 et un choix optimaux.<\/p>\n<table class=\"dcf-table dcf-table-responsive dcf-table-bordered dcf-w-100%\">\n<thead>\n<tr>\n<th scope=\"col\">Type de base<\/th>\n<th scope=\"col\">Diam\u00e8tre de la base D<\/th>\n<th scope=\"col\">Nom. Charger<\/th>\n<\/tr>\n<\/thead>\n<tbody>\n<tr>\n<td data-label=\"HMF Base Size\">HMF 61<\/td>\n<td data-label=\"Base Diameter D\">60mm<\/td>\n<td data-label=\"Nom. Load \">7.000N<\/td>\n<\/tr>\n<tr>\n<td data-label=\"HMF Base Size\">HMF 81<\/td>\n<td data-label=\"Base Diameter D\">80mm<\/td>\n<td data-label=\"Nom. Load \">15.000N<\/td>\n<\/tr>\n<tr>\n<td data-label=\"HMF Base Size\">HMF101<\/td>\n<td data-label=\"Base Diameter D\">100mm<\/td>\n<td data-label=\"Nom. Load \">20.000N<\/td>\n<\/tr>\n<tr>\n<td data-label=\"HMF Base Size\">HMF121<\/td>\n<td data-label=\"Base Diameter D\">120mm<\/td>\n<td data-label=\"Nom. Load \">30.000N<\/td>\n<\/tr>\n<\/tbody>\n<\/table>\n<p>Les pieds de machine hygi\u00e9niques scell\u00e9s avec manchon de protection sont disponibles dans une large gamme, offrant une flexibilit\u00e9 et un choix optimaux.<\/p>\n<div class=\"dcf-overflow-x-auto\" tabindex=\"0\">\n<table class=\"dcf-table dcf-table-bordered dcf-w-100%\">\n<caption>SHMF Diam\u00e8tre de la broche et du manchon<\/caption>\n<tbody>\n<tr>\n<td>M16<\/td>\n<td>M20<\/td>\n<td>M24<\/td>\n<td>M30<\/td>\n<td>M36<\/td>\n<td>M42<\/td>\n<td>M48<\/td>\n<\/tr>\n<\/tbody>\n<\/table>\n<\/div>\n<div class=\"dcf-overflow-x-auto\" tabindex=\"0\">\n<table class=\"dcf-table dcf-table-bordered dcf-w-100%\">\n<caption>Longueur de broche SHMF (L) et longueur de manchon (H)<\/caption>\n<tbody>\n<tr>\n<td>L=135 mm H=55 mm<\/td>\n<td>Min 80 mm \u00e0 Max 120 mm<\/td>\n<\/tr>\n<tr>\n<td>L=175 mm H=75 mm<\/td>\n<td>Min 100 mm \u00e0 Max 160 mm<\/td>\n<\/tr>\n<tr>\n<td>L=215 mm H=95 mm<\/td>\n<td>Min 120 mm \u00e0 Max 200 mm<\/td>\n<\/tr>\n<tr>\n<td>L=255 mm H=115 mm<\/td>\n<td>Min 140 mm \u00e0 Max 240 mm<\/td>\n<\/tr>\n<tr>\n<td>L=295 mm H=125 mm<\/td>\n<td>Min 180 mm \u00e0 Max 280 mm<\/td>\n<\/tr>\n<\/tbody>\n<\/table>\n<\/div>\n<p>Pour d&#039;autres longueurs de broche filet\u00e9e (L), veuillez nous contacter<br \/>\nLes filetages en pouces sont disponibles sur demande<br \/>\nLe filetage peut \u00e9galement \u00eatre personnalis\u00e9 selon demande sp\u00e9cifique, ex filetage trap\u00e8ze etc.<\/p>\n<h3>Pieds de machine en version hygi\u00e9nique scell\u00e9e, option de livraison<\/h3>\n<p>Pour les commandes importantes, nous proposons de fournir la base et les broches s\u00e9par\u00e9ment<br \/>\nL&#039;avantage est la flexibilit\u00e9 pour le client qui utilise de nombreuses tailles de broches diff\u00e9rentes.<\/p>\n<h2 data-start=\"0\" data-end=\"100\">Pieds de machine hygi\u00e9niques avec plaque de verrouillage au sol et broche prot\u00e9g\u00e9e et scell\u00e9e<\/h2>\n<h3 data-start=\"0\" data-end=\"100\">R\u00e9volutionner l&#039;hygi\u00e8ne des \u00e9quipements<\/h3>\n<p data-start=\"143\" data-end=\"504\">Dans l&#039;environnement industriel actuel, qui \u00e9volue rapidement, le maintien de l&#039;hygi\u00e8ne des \u00e9quipements est essentiel pour la productivit\u00e9 et la s\u00e9curit\u00e9. Nos pieds de machine hygi\u00e9niques innovants sont con\u00e7us avec une ing\u00e9nierie de pr\u00e9cision pour r\u00e9pondre aux normes sanitaires les plus strictes. Cette solution sur mesure garantit un risque de contamination minimal et est id\u00e9ale pour <a href=\"https:\/\/nhkmachineryparts.com\/fr\/our-industries\/\" data-internallinksmanager029f6b8e52c=\"4\" title=\"Nos secteurs\">les industries<\/a> n\u00e9cessitant des protocoles de propret\u00e9 stricts.<\/p>\n<h3 data-start=\"506\" data-end=\"543\">Conception innovante de la plaque de verrouillage au sol<\/h3>\n<p data-start=\"544\" data-end=\"908\">La plaque de verrouillage au sol int\u00e9gr\u00e9e assure une stabilit\u00e9 exceptionnelle et emp\u00eache tout mouvement ind\u00e9sirable pendant le fonctionnement. Sa conception robuste permet \u00e0 la machine de rester solidement en place m\u00eame dans des conditions de forte contrainte. Cette caract\u00e9ristique am\u00e9liore non seulement la s\u00e9curit\u00e9, mais contribue \u00e9galement \u00e0 un processus de production plus efficace en r\u00e9duisant les temps d&#039;arr\u00eat associ\u00e9s aux changements d&#039;\u00e9quipement.<\/p>\n<h3 data-start=\"910\" data-end=\"946\">Broche prot\u00e9g\u00e9e scell\u00e9e avanc\u00e9e<\/h3>\n<p data-start=\"947\" data-end=\"1334\">Au c\u0153ur de cette technologie r\u00e9volutionnaire se trouve la broche prot\u00e9g\u00e9e et scell\u00e9e. Le syst\u00e8me d&#039;\u00e9tanch\u00e9it\u00e9 avanc\u00e9 prot\u00e8ge la broche de la poussi\u00e8re, de l&#039;humidit\u00e9 et d&#039;autres contaminants. Cette protection prolonge la dur\u00e9e de vie des composants critiques et minimise les besoins de maintenance. La conception s\u00e9curis\u00e9e de la broche est essentielle pour obtenir des performances optimales dans les environnements o\u00f9 l&#039;hygi\u00e8ne est une priorit\u00e9 absolue.<\/p>\n<h3 data-start=\"1336\" data-end=\"1374\">Performances et durabilit\u00e9 am\u00e9lior\u00e9es<\/h3>\n<p data-start=\"1375\" data-end=\"2256\" data-is-last-node=\"\" data-is-only-node=\"\">En combinant des pieds de machine hygi\u00e9niques avec une plaque de verrouillage au sol fiable et une broche prot\u00e9g\u00e9e et scell\u00e9e, les entreprises peuvent am\u00e9liorer l&#039;efficacit\u00e9 op\u00e9rationnelle et la s\u00e9curit\u00e9. Cette approche de conception holistique aborde \u00e0 la fois les performances et la durabilit\u00e9, garantissant que l&#039;\u00e9quipement reste propre et fonctionnel au fil du temps. Les solutions d&#039;ing\u00e9nierie sur mesure sont con\u00e7ues pour r\u00e9pondre aux exigences de diverses applications industrielles, ce qui en fait un investissement intelligent pour les entreprises avant-gardistes qui s&#039;engagent \u00e0 maintenir les normes de propret\u00e9 et de performance les plus \u00e9lev\u00e9es.<\/p>\n<h3 data-start=\"1375\" data-end=\"2256\">Assurer la stabilit\u00e9 et accro\u00eetre l&#039;efficacit\u00e9<\/h3>\n<p data-start=\"1375\" data-end=\"2256\" data-is-last-node=\"\" data-is-only-node=\"\">Cette solution avanc\u00e9e r\u00e9pond non seulement aux exigences rigoureuses en mati\u00e8re d&#039;hygi\u00e8ne industrielle, mais am\u00e9liore \u00e9galement la fiabilit\u00e9 op\u00e9rationnelle et la rentabilit\u00e9, offrant ainsi un avantage concurrentiel sur le march\u00e9 difficile d&#039;aujourd&#039;hui. Con\u00e7us pour durer et faciliter la maintenance, ces composants t\u00e9moignent d&#039;une fabrication de qualit\u00e9 et d&#039;une conception innovante.<\/p>\n\n\t\t<\/div>\n\t<\/div>\n<\/div><\/div><\/div><\/div><\/div><\/section>","protected":false},"excerpt":{"rendered":"Engineered for Uncompromised Industrial Cleanliness Machine feet in sealed hygienic design with rubber base for vibration reduction and anti-slip properties Our sealed hygienic machine feet are provided with FDA certificate (FDA CFR 21 177 2600) with unique batch ID number for food safety traceability Try our product selector Machine feet in sealed hygienic design features [...]","protected":false},"featured_media":11306,"template":"","meta":[],"product_brand":[],"product_cat":[98],"product_tag":[],"class_list":{"0":"post-1331","1":"product","2":"type-product","3":"status-publish","4":"has-post-thumbnail","6":"product_cat-ehedg-certified-3a-ssi-standard-components","8":"first","9":"instock","10":"shipping-taxable","11":"product-type-simple"},"yoast_head":"<!-- This site is optimized with the Yoast SEO plugin v27.3 - https:\/\/yoast.com\/product\/yoast-seo-wordpress\/ -->\n<title>3-A machine feet with floor lock plate\u00a0 | NHK Machinery Parts<\/title>\n<meta name=\"description\" content=\"Transform your industrial workspace with our bespoke hygienic machine feet. Engineered for optimal stability, unrivaled cleanliness, and peak performance.\" \/>\n<meta name=\"robots\" content=\"index, follow, max-snippet:-1, max-image-preview:large, max-video-preview:-1\" \/>\n<link rel=\"canonical\" href=\"https:\/\/nhkmachineryparts.com\/fr\/produit\/301-pieds-de-machine-dans-une-conception-hygienique-scellee-shmf-avec-plaque-de-verrouillage-au-sol\/\" \/>\n<meta property=\"og:locale\" content=\"fr_FR\" \/>\n<meta property=\"og:type\" content=\"article\" \/>\n<meta property=\"og:title\" content=\"3-A machine feet with floor lock plate\u00a0 | NHK Machinery Parts\" \/>\n<meta property=\"og:description\" content=\"Transform your industrial workspace with our bespoke hygienic machine feet. Engineered for optimal stability, unrivaled cleanliness, and peak performance.\" \/>\n<meta property=\"og:url\" content=\"https:\/\/nhkmachineryparts.com\/fr\/produit\/301-pieds-de-machine-dans-une-conception-hygienique-scellee-shmf-avec-plaque-de-verrouillage-au-sol\/\" \/>\n<meta property=\"og:site_name\" content=\"NHK Machinery Parts\" \/>\n<meta property=\"article:publisher\" content=\"https:\/\/www.facebook.com\/NHK.Group.aps\" \/>\n<meta property=\"article:modified_time\" content=\"2026-02-27T13:52:33+00:00\" \/>\n<meta property=\"og:image\" content=\"https:\/\/nhkmachineryparts.com\/wp-content\/uploads\/2022\/09\/Levelling-feet-in-extra-hygienic-design-SHLF-with-black-rubber-with-floor-lock-plate-and-spindle-with-protecting-sleeve.jpg\" \/>\n\t<meta property=\"og:image:width\" content=\"1000\" \/>\n\t<meta property=\"og:image:height\" content=\"1000\" \/>\n\t<meta property=\"og:image:type\" content=\"image\/jpeg\" \/>\n<meta name=\"twitter:card\" content=\"summary_large_image\" \/>\n<meta name=\"twitter:label1\" content=\"Dur\u00e9e de lecture estim\u00e9e\" \/>\n\t<meta name=\"twitter:data1\" content=\"4 minutes\" \/>\n<script type=\"application\/ld+json\" class=\"yoast-schema-graph\">{\"@context\":\"https:\\\/\\\/schema.org\",\"@graph\":[{\"@type\":\"WebPage\",\"@id\":\"https:\\\/\\\/nhkmachineryparts.com\\\/product\\\/301-machine-feet-in-sealed-hygienic-design-shmf-with-floor-lock-plate\\\/\",\"url\":\"https:\\\/\\\/nhkmachineryparts.com\\\/product\\\/301-machine-feet-in-sealed-hygienic-design-shmf-with-floor-lock-plate\\\/\",\"name\":\"3-A machine feet with floor lock plate\u00a0 | NHK Machinery Parts\",\"isPartOf\":{\"@id\":\"https:\\\/\\\/nhkmachineryparts.com\\\/#website\"},\"primaryImageOfPage\":{\"@id\":\"https:\\\/\\\/nhkmachineryparts.com\\\/product\\\/301-machine-feet-in-sealed-hygienic-design-shmf-with-floor-lock-plate\\\/#primaryimage\"},\"image\":{\"@id\":\"https:\\\/\\\/nhkmachineryparts.com\\\/product\\\/301-machine-feet-in-sealed-hygienic-design-shmf-with-floor-lock-plate\\\/#primaryimage\"},\"thumbnailUrl\":\"https:\\\/\\\/nhkmachineryparts.com\\\/wp-content\\\/uploads\\\/2022\\\/09\\\/Levelling-feet-in-extra-hygienic-design-SHLF-with-black-rubber-with-floor-lock-plate-and-spindle-with-protecting-sleeve.jpg\",\"datePublished\":\"2022-09-20T19:23:06+00:00\",\"dateModified\":\"2026-02-27T13:52:33+00:00\",\"description\":\"Transform your industrial workspace with our bespoke hygienic machine feet. Engineered for optimal stability, unrivaled cleanliness, and peak performance.\",\"breadcrumb\":{\"@id\":\"https:\\\/\\\/nhkmachineryparts.com\\\/product\\\/301-machine-feet-in-sealed-hygienic-design-shmf-with-floor-lock-plate\\\/#breadcrumb\"},\"inLanguage\":\"fr-FR\",\"potentialAction\":[{\"@type\":\"ReadAction\",\"target\":[\"https:\\\/\\\/nhkmachineryparts.com\\\/product\\\/301-machine-feet-in-sealed-hygienic-design-shmf-with-floor-lock-plate\\\/\"]}]},{\"@type\":\"ImageObject\",\"inLanguage\":\"fr-FR\",\"@id\":\"https:\\\/\\\/nhkmachineryparts.com\\\/product\\\/301-machine-feet-in-sealed-hygienic-design-shmf-with-floor-lock-plate\\\/#primaryimage\",\"url\":\"https:\\\/\\\/nhkmachineryparts.com\\\/wp-content\\\/uploads\\\/2022\\\/09\\\/Levelling-feet-in-extra-hygienic-design-SHLF-with-black-rubber-with-floor-lock-plate-and-spindle-with-protecting-sleeve.jpg\",\"contentUrl\":\"https:\\\/\\\/nhkmachineryparts.com\\\/wp-content\\\/uploads\\\/2022\\\/09\\\/Levelling-feet-in-extra-hygienic-design-SHLF-with-black-rubber-with-floor-lock-plate-and-spindle-with-protecting-sleeve.jpg\",\"width\":1000,\"height\":1000,\"caption\":\"Levelling feet in extra hygienic design SHLF with black rubber with floor lock plate and spindle with protecting sleeve\"},{\"@type\":\"BreadcrumbList\",\"@id\":\"https:\\\/\\\/nhkmachineryparts.com\\\/product\\\/301-machine-feet-in-sealed-hygienic-design-shmf-with-floor-lock-plate\\\/#breadcrumb\",\"itemListElement\":[{\"@type\":\"ListItem\",\"position\":1,\"name\":\"Home\",\"item\":\"https:\\\/\\\/nhkmachineryparts.com\\\/\"},{\"@type\":\"ListItem\",\"position\":2,\"name\":\"Product line\",\"item\":\"https:\\\/\\\/nhkmachineryparts.com\\\/product-line\\\/\"},{\"@type\":\"ListItem\",\"position\":3,\"name\":\"Certified EHEDG standard components\",\"item\":\"https:\\\/\\\/nhkmachineryparts.com\\\/product-line\\\/ehedg-certified-3a-ssi-standard-components\\\/\"},{\"@type\":\"ListItem\",\"position\":4,\"name\":\"3-A machine feet with floor lock plate\u00a0\"}]},{\"@type\":\"WebSite\",\"@id\":\"https:\\\/\\\/nhkmachineryparts.com\\\/#website\",\"url\":\"https:\\\/\\\/nhkmachineryparts.com\\\/\",\"name\":\"NHK Machinery Parts\",\"description\":\"Bearing Houses, seismic levelling feet and levelling castors\",\"publisher\":{\"@id\":\"https:\\\/\\\/nhkmachineryparts.com\\\/#organization\"},\"potentialAction\":[{\"@type\":\"SearchAction\",\"target\":{\"@type\":\"EntryPoint\",\"urlTemplate\":\"https:\\\/\\\/nhkmachineryparts.com\\\/?s={search_term_string}\"},\"query-input\":{\"@type\":\"PropertyValueSpecification\",\"valueRequired\":true,\"valueName\":\"search_term_string\"}}],\"inLanguage\":\"fr-FR\"},{\"@type\":\"Organization\",\"@id\":\"https:\\\/\\\/nhkmachineryparts.com\\\/#organization\",\"name\":\"Nhk Group ApS\",\"url\":\"https:\\\/\\\/nhkmachineryparts.com\\\/\",\"logo\":{\"@type\":\"ImageObject\",\"inLanguage\":\"fr-FR\",\"@id\":\"https:\\\/\\\/nhkmachineryparts.com\\\/#\\\/schema\\\/logo\\\/image\\\/\",\"url\":\"https:\\\/\\\/nhkmachineryparts.com\\\/wp-content\\\/uploads\\\/2022\\\/09\\\/NHKgroup_social.jpg\",\"contentUrl\":\"https:\\\/\\\/nhkmachineryparts.com\\\/wp-content\\\/uploads\\\/2022\\\/09\\\/NHKgroup_social.jpg\",\"width\":1200,\"height\":630,\"caption\":\"Nhk Group ApS\"},\"image\":{\"@id\":\"https:\\\/\\\/nhkmachineryparts.com\\\/#\\\/schema\\\/logo\\\/image\\\/\"},\"sameAs\":[\"https:\\\/\\\/www.facebook.com\\\/NHK.Group.aps\"]}]}<\/script>\n<!-- \/ Yoast SEO plugin. -->","yoast_head_json":{"title":"3-A machine feet with floor lock plate\u00a0 | NHK Machinery Parts","description":"Transformez votre espace de travail industriel avec nos pieds de machine hygi\u00e9niques sur mesure. Con\u00e7us pour une stabilit\u00e9 optimale, une propret\u00e9 in\u00e9gal\u00e9e et des performances de pointe.","robots":{"index":"index","follow":"follow","max-snippet":"max-snippet:-1","max-image-preview":"max-image-preview:large","max-video-preview":"max-video-preview:-1"},"canonical":"https:\/\/nhkmachineryparts.com\/fr\/produit\/301-pieds-de-machine-dans-une-conception-hygienique-scellee-shmf-avec-plaque-de-verrouillage-au-sol\/","og_locale":"fr_FR","og_type":"article","og_title":"3-A machine feet with floor lock plate\u00a0 | NHK Machinery Parts","og_description":"Transform your industrial workspace with our bespoke hygienic machine feet. Engineered for optimal stability, unrivaled cleanliness, and peak performance.","og_url":"https:\/\/nhkmachineryparts.com\/fr\/produit\/301-pieds-de-machine-dans-une-conception-hygienique-scellee-shmf-avec-plaque-de-verrouillage-au-sol\/","og_site_name":"NHK Machinery Parts","article_publisher":"https:\/\/www.facebook.com\/NHK.Group.aps","article_modified_time":"2026-02-27T13:52:33+00:00","og_image":[{"width":1000,"height":1000,"url":"https:\/\/nhkmachineryparts.com\/wp-content\/uploads\/2022\/09\/Levelling-feet-in-extra-hygienic-design-SHLF-with-black-rubber-with-floor-lock-plate-and-spindle-with-protecting-sleeve.jpg","type":"image\/jpeg"}],"twitter_card":"summary_large_image","twitter_misc":{"Dur\u00e9e de lecture estim\u00e9e":"4 minutes"},"schema":{"@context":"https:\/\/schema.org","@graph":[{"@type":"WebPage","@id":"https:\/\/nhkmachineryparts.com\/product\/301-machine-feet-in-sealed-hygienic-design-shmf-with-floor-lock-plate\/","url":"https:\/\/nhkmachineryparts.com\/product\/301-machine-feet-in-sealed-hygienic-design-shmf-with-floor-lock-plate\/","name":"3-A machine feet with floor lock plate\u00a0 | NHK Machinery Parts","isPartOf":{"@id":"https:\/\/nhkmachineryparts.com\/#website"},"primaryImageOfPage":{"@id":"https:\/\/nhkmachineryparts.com\/product\/301-machine-feet-in-sealed-hygienic-design-shmf-with-floor-lock-plate\/#primaryimage"},"image":{"@id":"https:\/\/nhkmachineryparts.com\/product\/301-machine-feet-in-sealed-hygienic-design-shmf-with-floor-lock-plate\/#primaryimage"},"thumbnailUrl":"https:\/\/nhkmachineryparts.com\/wp-content\/uploads\/2022\/09\/Levelling-feet-in-extra-hygienic-design-SHLF-with-black-rubber-with-floor-lock-plate-and-spindle-with-protecting-sleeve.jpg","datePublished":"2022-09-20T19:23:06+00:00","dateModified":"2026-02-27T13:52:33+00:00","description":"Transformez votre espace de travail industriel avec nos pieds de machine hygi\u00e9niques sur mesure. Con\u00e7us pour une stabilit\u00e9 optimale, une propret\u00e9 in\u00e9gal\u00e9e et des performances de pointe.","breadcrumb":{"@id":"https:\/\/nhkmachineryparts.com\/product\/301-machine-feet-in-sealed-hygienic-design-shmf-with-floor-lock-plate\/#breadcrumb"},"inLanguage":"fr-FR","potentialAction":[{"@type":"ReadAction","target":["https:\/\/nhkmachineryparts.com\/product\/301-machine-feet-in-sealed-hygienic-design-shmf-with-floor-lock-plate\/"]}]},{"@type":"ImageObject","inLanguage":"fr-FR","@id":"https:\/\/nhkmachineryparts.com\/product\/301-machine-feet-in-sealed-hygienic-design-shmf-with-floor-lock-plate\/#primaryimage","url":"https:\/\/nhkmachineryparts.com\/wp-content\/uploads\/2022\/09\/Levelling-feet-in-extra-hygienic-design-SHLF-with-black-rubber-with-floor-lock-plate-and-spindle-with-protecting-sleeve.jpg","contentUrl":"https:\/\/nhkmachineryparts.com\/wp-content\/uploads\/2022\/09\/Levelling-feet-in-extra-hygienic-design-SHLF-with-black-rubber-with-floor-lock-plate-and-spindle-with-protecting-sleeve.jpg","width":1000,"height":1000,"caption":"Levelling feet in extra hygienic design SHLF with black rubber with floor lock plate and spindle with protecting sleeve"},{"@type":"BreadcrumbList","@id":"https:\/\/nhkmachineryparts.com\/product\/301-machine-feet-in-sealed-hygienic-design-shmf-with-floor-lock-plate\/#breadcrumb","itemListElement":[{"@type":"ListItem","position":1,"name":"Home","item":"https:\/\/nhkmachineryparts.com\/"},{"@type":"ListItem","position":2,"name":"Product line","item":"https:\/\/nhkmachineryparts.com\/product-line\/"},{"@type":"ListItem","position":3,"name":"Certified EHEDG standard components","item":"https:\/\/nhkmachineryparts.com\/product-line\/ehedg-certified-3a-ssi-standard-components\/"},{"@type":"ListItem","position":4,"name":"3-A machine feet with floor lock plate\u00a0"}]},{"@type":"WebSite","@id":"https:\/\/nhkmachineryparts.com\/#website","url":"https:\/\/nhkmachineryparts.com\/","name":"Pi\u00e8ces d\u00e9tach\u00e9es pour machines NHK","description":"Corps de roulement, pieds de nivellement sismiques et roulettes de nivellement","publisher":{"@id":"https:\/\/nhkmachineryparts.com\/#organization"},"potentialAction":[{"@type":"SearchAction","target":{"@type":"EntryPoint","urlTemplate":"https:\/\/nhkmachineryparts.com\/?s={search_term_string}"},"query-input":{"@type":"PropertyValueSpecification","valueRequired":true,"valueName":"search_term_string"}}],"inLanguage":"fr-FR"},{"@type":"Organization","@id":"https:\/\/nhkmachineryparts.com\/#organization","name":"Nhk Group ApS","url":"https:\/\/nhkmachineryparts.com\/","logo":{"@type":"ImageObject","inLanguage":"fr-FR","@id":"https:\/\/nhkmachineryparts.com\/#\/schema\/logo\/image\/","url":"https:\/\/nhkmachineryparts.com\/wp-content\/uploads\/2022\/09\/NHKgroup_social.jpg","contentUrl":"https:\/\/nhkmachineryparts.com\/wp-content\/uploads\/2022\/09\/NHKgroup_social.jpg","width":1200,"height":630,"caption":"Nhk Group ApS"},"image":{"@id":"https:\/\/nhkmachineryparts.com\/#\/schema\/logo\/image\/"},"sameAs":["https:\/\/www.facebook.com\/NHK.Group.aps"]}]}},"_links":{"self":[{"href":"https:\/\/nhkmachineryparts.com\/fr\/wp-json\/wp\/v2\/product\/1331","targetHints":{"allow":["GET"]}}],"collection":[{"href":"https:\/\/nhkmachineryparts.com\/fr\/wp-json\/wp\/v2\/product"}],"about":[{"href":"https:\/\/nhkmachineryparts.com\/fr\/wp-json\/wp\/v2\/types\/product"}],"wp:featuredmedia":[{"embeddable":true,"href":"https:\/\/nhkmachineryparts.com\/fr\/wp-json\/wp\/v2\/media\/11306"}],"wp:attachment":[{"href":"https:\/\/nhkmachineryparts.com\/fr\/wp-json\/wp\/v2\/media?parent=1331"}],"wp:term":[{"taxonomy":"product_brand","embeddable":true,"href":"https:\/\/nhkmachineryparts.com\/fr\/wp-json\/wp\/v2\/product_brand?post=1331"},{"taxonomy":"product_cat","embeddable":true,"href":"https:\/\/nhkmachineryparts.com\/fr\/wp-json\/wp\/v2\/product_cat?post=1331"},{"taxonomy":"product_tag","embeddable":true,"href":"https:\/\/nhkmachineryparts.com\/fr\/wp-json\/wp\/v2\/product_tag?post=1331"}],"curies":[{"name":"wp","href":"https:\/\/api.w.org\/{rel}","templated":true}]}}