{"id":1315,"date":"2022-09-20T18:57:52","date_gmt":"2022-09-20T18:57:52","guid":{"rendered":"https:\/\/nhkmachineryparts.pawsfabrik.dk\/?post_type=product&#038;p=1315"},"modified":"2026-02-23T15:10:33","modified_gmt":"2026-02-23T13:10:33","slug":"299-pieds-machine-dans-un-design-extra-hygienique-ehmf-avec-plaque-de-verrouillage-au-sol","status":"publish","type":"product","link":"https:\/\/nhkmachineryparts.com\/fr\/product\/299-machine-feet-in-extra-hygienic-design-ehmf-with-floor-lock-plate\/","title":{"rendered":"Pieds de machine hygi\u00e9niques avec plaque de verrouillage au sol et broche prot\u00e9g\u00e9e"},"content":{"rendered":"<section class=\"vc_row vc_custom_1662993827263 liquid-row-shadowbox-69d4253c09332 vc_column-gap-0\"><div class=\"ld-container container\"><div class=\"row ld-row ld-row-outer\"><div class=\"wpb_column vc_column_container vc_col-sm-12 liquid-column-69d4253c094f6\"><div class=\"vc_column-inner\" ><div class=\"wpb_wrapper\"  >\n\t<div class=\"wpb_text_column wpb_content_element\" >\n\t\t<div class=\"wpb_wrapper\">\n\t\t\t<h2>Assurer la stabilit\u00e9 et la propret\u00e9<\/h2>\n<p><a href=\"https:\/\/nhkmachineryparts.com\/fr\/produit\/301-pieds-de-machine-dans-une-conception-hygienique-scellee-shmf-avec-plaque-de-verrouillage-au-sol\/\" data-internallinksmanager029f6b8e52c=\"20\" title=\"pieds de machine\">Pieds de machines<\/a> en version hygi\u00e9nique avec base en caoutchouc pour une r\u00e9duction des vibrations et des propri\u00e9t\u00e9s antid\u00e9rapantes<br \/>\nNos pieds de machine extra hygi\u00e9niques sont fournis avec un certificat FDA (FDA CFR 21\u00a0177 2600) avec un num\u00e9ro d&#039;identification de lot unique pour la tra\u00e7abilit\u00e9 de la s\u00e9curit\u00e9 alimentaire.<\/p>\n<p><a href=\"https:\/\/nhkmachineryparts.com\/fr\/boutique\/gamme-de-produits\/pieds-de-nivellement-de-machine-au-design-hygienique\/sanitary-machine-feet-with-protected-spindle\/\">Essayez notre s\u00e9lecteur de produits<\/a><\/p>\n<h3>Pieds de machine au design hygi\u00e9nique, caract\u00e9ristiques et avantages<\/h3>\n<p>Les pieds de machine hygi\u00e9niques ont une conception arrondie et hygi\u00e9nique qui les rend faciles \u00e0 nettoyer.<br \/>\nLes pieds de machine hygi\u00e9niques peuvent supporter des pentes allant jusqu&#039;\u00e0 10 degr\u00e9s sur les sols et les \u00e9quipements.<\/p>\n<h3>Pieds de machine en mat\u00e9riaux de conception hygi\u00e9nique<\/h3>\n<p>Pieds de machine hygi\u00e9niques en caoutchouc vulcanis\u00e9 avec certificat FDA selon FDA CFR 21 177 2600.<\/p>\n<p>Description du mat\u00e9riau de la plaque de base\u00a0:<br \/>\nAcier inoxydable Aisi 304 ou Aisi 316<\/p>\n<p>Description du mat\u00e9riau de la broche\u00a0:<br \/>\nAcier inoxydable A2-70 ou A4-70<\/p>\n<p>Description du mat\u00e9riau de base en caoutchouc\u00a0:<br \/>\nCaoutchouc NBR (caoutchouc nitrile CAS n\u00b0 9005-98-5)<br \/>\nCertificat FDA selon FDA CFR 21 177 2600<\/p>\n<p>Tous les mat\u00e9riaux sont tr\u00e8s r\u00e9sistants aux produits chimiques et aux produits de nettoyage couramment utilis\u00e9s, ainsi qu&#039;aux huiles et graisses r\u00e9sistantes.<\/p>\n<h3>Pieds de machine dans des tailles hygi\u00e9niques<\/h3>\n<p>Les pieds de machine hygi\u00e9niques sont disponibles dans une large gamme, offrant une flexibilit\u00e9 et un choix optimaux.<\/p>\n<table class=\"dcf-table dcf-table-responsive dcf-table-bordered dcf-w-100%\">\n<thead>\n<tr>\n<th scope=\"col\">Type de base<\/th>\n<th scope=\"col\">Diam\u00e8tre de la base D<\/th>\n<th scope=\"col\">Nom. Charger<\/th>\n<\/tr>\n<\/thead>\n<tbody>\n<tr>\n<td data-label=\"HMF Base Size\">HMF 61<\/td>\n<td data-label=\"Base Diameter D\">60mm<\/td>\n<td data-label=\"Nom. Load \">7.000N<\/td>\n<\/tr>\n<tr>\n<td data-label=\"HMF Base Size\">HMF 81<\/td>\n<td data-label=\"Base Diameter D\">80mm<\/td>\n<td data-label=\"Nom. Load \">15.000N<\/td>\n<\/tr>\n<tr>\n<td data-label=\"HMF Base Size\">HMF101<\/td>\n<td data-label=\"Base Diameter D\">100mm<\/td>\n<td data-label=\"Nom. Load \">20.000N<\/td>\n<\/tr>\n<tr>\n<td data-label=\"HMF Base Size\">HMF121<\/td>\n<td data-label=\"Base Diameter D\">120mm<\/td>\n<td data-label=\"Nom. Load \">30.000N<\/td>\n<\/tr>\n<\/tbody>\n<\/table>\n<p>Les pieds de machine hygi\u00e9niques avec broche et manchon de protection sont disponibles dans une large gamme, offrant une flexibilit\u00e9 et un choix optimaux.<\/p>\n<div class=\"dcf-overflow-x-auto\" tabindex=\"0\">\n<table class=\"dcf-table dcf-table-bordered dcf-w-100%\">\n<caption>EHMF Diam\u00e8tre de la broche et du manchon<\/caption>\n<tbody>\n<tr>\n<td>M16<\/td>\n<td>M20<\/td>\n<td>M24<\/td>\n<td>M30<\/td>\n<td>M36<\/td>\n<td>M42<\/td>\n<td>M48<\/td>\n<\/tr>\n<\/tbody>\n<\/table>\n<\/div>\n<div class=\"dcf-overflow-x-auto\" tabindex=\"0\">\n<table class=\"dcf-table dcf-table-bordered dcf-w-100%\">\n<caption>EHMF Longueur de broche (L) et longueur de manchon (H)<\/caption>\n<tbody>\n<tr>\n<td>L=135 mm H=55 mm<\/td>\n<td>Min 80 mm \u00e0 Max 120 mm<\/td>\n<\/tr>\n<tr>\n<td>L=175 mm H=75 mm<\/td>\n<td>Min 100 mm \u00e0 Max 160 mm<\/td>\n<\/tr>\n<tr>\n<td>L=215 mm H=95 mm<\/td>\n<td>Min 120 mm \u00e0 Max 200 mm<\/td>\n<\/tr>\n<tr>\n<td>L=255 mm H=115 mm<\/td>\n<td>Min 140 mm \u00e0 Max 240 mm<\/td>\n<\/tr>\n<tr>\n<td>L=295 mm H=125 mm<\/td>\n<td>Min 180 mm \u00e0 Max 280 mm<\/td>\n<\/tr>\n<\/tbody>\n<\/table>\n<\/div>\n<p>Pour d&#039;autres longueurs de broche filet\u00e9e (L), veuillez nous contacter<br \/>\nLes filetages en pouces sont disponibles sur demande<br \/>\nLe filetage peut \u00e9galement \u00eatre personnalis\u00e9 selon demande sp\u00e9cifique, ex filetage trap\u00e8ze etc.<\/p>\n<h3>Pieds de machine en version hygi\u00e9nique en option de livraison<\/h3>\n<p>Pour les commandes importantes, nous proposons de fournir la base et les broches s\u00e9par\u00e9ment<br \/>\nL&#039;avantage est la flexibilit\u00e9 pour le client qui utilise de nombreuses tailles de broches diff\u00e9rentes.<\/p>\n<h2 data-start=\"0\" data-end=\"111\"><strong data-start=\"4\" data-end=\"109\">Pieds de machine hygi\u00e9niques avec plaque de verrouillage au sol et broche prot\u00e9g\u00e9e<\/strong><\/h2>\n<h3 data-start=\"113\" data-end=\"164\"><strong data-start=\"118\" data-end=\"162\">Stabilit\u00e9 am\u00e9lior\u00e9e gr\u00e2ce \u00e0 la plaque de verrouillage au sol<\/strong><\/h3>\n<p data-start=\"165\" data-end=\"529\">Les pieds de machine hygi\u00e9niques \u00e9quip\u00e9s d&#039;une plaque de verrouillage au sol offrent une stabilit\u00e9 exceptionnelle, essentielle pour les machines utilis\u00e9es dans les secteurs alimentaire, pharmaceutique et biotechnologique <a href=\"https:\/\/nhkmachineryparts.com\/fr\/our-industries\/\" data-internallinksmanager029f6b8e52c=\"4\" title=\"Nos secteurs\">les industries<\/a>. La plaque de verrouillage maintient les machines en place, minimisant les vibrations et garantissant un fonctionnement constant. Cette conception est particuli\u00e8rement critique dans les environnements o\u00f9 la pr\u00e9cision et l&#039;hygi\u00e8ne sont primordiales.<\/p>\n<h3 data-start=\"531\" data-end=\"579\"><strong data-start=\"536\" data-end=\"577\">Broche prot\u00e9g\u00e9e pour une hygi\u00e8ne optimale<\/strong><\/h3>\n<p data-start=\"580\" data-end=\"979\">Une caract\u00e9ristique essentielle des pieds de machine hygi\u00e9niques est la broche prot\u00e9g\u00e9e, qui emp\u00eache l&#039;accumulation de salet\u00e9 et d&#039;humidit\u00e9. La conception sanitaire garantit le respect de normes d&#039;hygi\u00e8ne strictes telles que <a href=\"https:\/\/nhkmachineryparts.com\/fr\/quelle-est-la-difference-entre-3a-et-ehedg\/\" data-internallinksmanager029f6b8e52c=\"2\" title=\"Pi\u00e8ces de machines certifi\u00e9es EHEDG\">EHEDG<\/a> et les normes 3-A, r\u00e9duisant les risques de contamination et simplifiant les processus de nettoyage. La construction en acier inoxydable de la broche am\u00e9liore la durabilit\u00e9 tout en maintenant une surface lisse et facile \u00e0 nettoyer.<\/p>\n<h3 data-start=\"981\" data-end=\"1034\"><strong data-start=\"986\" data-end=\"1032\">Conception en acier inoxydable r\u00e9sistant \u00e0 la corrosion<\/strong><\/h3>\n<p data-start=\"1035\" data-end=\"1493\">Fabriqu\u00e9s en acier inoxydable, les pieds de machine hygi\u00e9niques avec plaques de verrouillage au sol sont tr\u00e8s r\u00e9sistants \u00e0 la corrosion, garantissant des performances durables dans des environnements difficiles. Ce choix de mat\u00e9riau est essentiel dans les industries o\u00f9 les machines sont expos\u00e9es \u00e0 des lavages fr\u00e9quents, \u00e0 des agents de nettoyage agressifs et \u00e0 des temp\u00e9ratures fluctuantes. La surface non poreuse de l&#039;acier inoxydable emp\u00eache \u00e9galement la croissance bact\u00e9rienne, favorisant ainsi le respect des normes d&#039;hygi\u00e8ne du secteur.<\/p>\n<h3 data-start=\"1495\" data-end=\"1546\"><strong data-start=\"1500\" data-end=\"1544\">Applications polyvalentes dans tous les secteurs<\/strong><\/h3>\n<p data-start=\"1547\" data-end=\"1966\">Les pieds de machine hygi\u00e9niques avec plaques de verrouillage au sol et broches prot\u00e9g\u00e9es sont largement utilis\u00e9s dans la transformation alimentaire, la fabrication pharmaceutique et la biotechnologie. Les applications typiques comprennent les syst\u00e8mes de convoyeurs, les machines de remplissage, les \u00e9quipements d&#039;emballage et les machines de laboratoire. Leur conception robuste garantit \u00e0 la fois l&#039;efficacit\u00e9 op\u00e9rationnelle et la conformit\u00e9 r\u00e9glementaire, ce qui en fait des composants indispensables dans les installations de production modernes.<\/p>\n<h3 data-start=\"3\" data-end=\"117\"><strong data-start=\"3\" data-end=\"115\" data-is-only-node=\"\">Maximisez la stabilit\u00e9 et\u00a0<\/strong><strong data-start=\"122\" data-end=\"239\" data-is-last-node=\"\" data-is-only-node=\"\">Am\u00e9liorer l&#039;efficacit\u00e9 op\u00e9rationnelle<\/strong><\/h3>\n<p data-start=\"1968\" data-end=\"2182\" data-is-last-node=\"\" data-is-only-node=\"\">Meta Description : D\u00e9couvrez les avantages des pieds de machine hygi\u00e9niques avec plaques de verrouillage au sol et broches prot\u00e9g\u00e9es. Assurez la stabilit\u00e9, la propret\u00e9 et la conformit\u00e9 dans les industries agroalimentaires, pharmaceutiques et biotechnologiques.<\/p>\n\n\t\t<\/div>\n\t<\/div>\n<\/div><\/div><\/div><\/div><\/div><\/section>","protected":false},"excerpt":{"rendered":"Ensuring Stability and Cleanliness Machine feet in hygienic design with rubber base for vibration reduction and anti-slip properties Our extra hygienic machine feet are provided with FDA certificate (FDA CFR 21 177 2600) with unique batch ID number for food safety traceability Try our product selector Machine feet in hygienic design features and advantages Hygienic [...]","protected":false},"featured_media":11305,"template":"","meta":[],"product_brand":[],"product_cat":[18],"product_tag":[],"class_list":{"0":"post-1315","1":"product","2":"type-product","3":"status-publish","4":"has-post-thumbnail","6":"product_cat-stainless-steel-machine-levelling-feet","8":"first","9":"instock","10":"shipping-taxable","11":"product-type-simple"},"yoast_head":"<!-- This site is optimized with the Yoast SEO plugin v27.3 - https:\/\/yoast.com\/product\/yoast-seo-wordpress\/ -->\n<title>Hygienic machine feet\u00a0with floor lock plate\u00a0and protected spindle | NHK Machinery Parts<\/title>\n<meta name=\"description\" content=\"In industries where precision and stability are paramount, hygienic machine feet with floor lock plates and protected spindles offer the perfect solution.\" \/>\n<meta name=\"robots\" content=\"index, follow, max-snippet:-1, max-image-preview:large, max-video-preview:-1\" \/>\n<link rel=\"canonical\" href=\"https:\/\/nhkmachineryparts.com\/fr\/produit\/299-pieds-machine-dans-un-design-extra-hygienique-ehmf-avec-plaque-de-verrouillage-au-sol\/\" \/>\n<meta property=\"og:locale\" content=\"fr_FR\" \/>\n<meta property=\"og:type\" content=\"article\" \/>\n<meta property=\"og:title\" content=\"Hygienic machine feet\u00a0with floor lock plate\u00a0and protected spindle | NHK Machinery Parts\" \/>\n<meta property=\"og:description\" content=\"In industries where precision and stability are paramount, hygienic machine feet with floor lock plates and protected spindles offer the perfect solution.\" \/>\n<meta property=\"og:url\" content=\"https:\/\/nhkmachineryparts.com\/fr\/produit\/299-pieds-machine-dans-un-design-extra-hygienique-ehmf-avec-plaque-de-verrouillage-au-sol\/\" \/>\n<meta property=\"og:site_name\" content=\"NHK Machinery Parts\" \/>\n<meta property=\"article:publisher\" content=\"https:\/\/www.facebook.com\/NHK.Group.aps\" \/>\n<meta property=\"article:modified_time\" content=\"2026-02-23T13:10:33+00:00\" \/>\n<meta property=\"og:image\" content=\"https:\/\/nhkmachineryparts.com\/wp-content\/uploads\/2022\/09\/Levelling-feet-in-extra-hygienic-design-EHLF-with-bleck-rubber-with-floor-lock-plate-and-spindle-with-protecting-sleeve.jpg\" \/>\n\t<meta property=\"og:image:width\" content=\"1000\" \/>\n\t<meta property=\"og:image:height\" content=\"1000\" \/>\n\t<meta property=\"og:image:type\" content=\"image\/jpeg\" \/>\n<meta name=\"twitter:card\" content=\"summary_large_image\" \/>\n<meta name=\"twitter:label1\" content=\"Dur\u00e9e de lecture estim\u00e9e\" \/>\n\t<meta name=\"twitter:data1\" content=\"4 minutes\" \/>\n<script type=\"application\/ld+json\" class=\"yoast-schema-graph\">{\"@context\":\"https:\\\/\\\/schema.org\",\"@graph\":[{\"@type\":\"WebPage\",\"@id\":\"https:\\\/\\\/nhkmachineryparts.com\\\/product\\\/299-machine-feet-in-extra-hygienic-design-ehmf-with-floor-lock-plate\\\/\",\"url\":\"https:\\\/\\\/nhkmachineryparts.com\\\/product\\\/299-machine-feet-in-extra-hygienic-design-ehmf-with-floor-lock-plate\\\/\",\"name\":\"Hygienic machine feet\u00a0with floor lock plate\u00a0and protected spindle | NHK Machinery Parts\",\"isPartOf\":{\"@id\":\"https:\\\/\\\/nhkmachineryparts.com\\\/#website\"},\"primaryImageOfPage\":{\"@id\":\"https:\\\/\\\/nhkmachineryparts.com\\\/product\\\/299-machine-feet-in-extra-hygienic-design-ehmf-with-floor-lock-plate\\\/#primaryimage\"},\"image\":{\"@id\":\"https:\\\/\\\/nhkmachineryparts.com\\\/product\\\/299-machine-feet-in-extra-hygienic-design-ehmf-with-floor-lock-plate\\\/#primaryimage\"},\"thumbnailUrl\":\"https:\\\/\\\/nhkmachineryparts.com\\\/wp-content\\\/uploads\\\/2022\\\/09\\\/Levelling-feet-in-extra-hygienic-design-EHLF-with-bleck-rubber-with-floor-lock-plate-and-spindle-with-protecting-sleeve.jpg\",\"datePublished\":\"2022-09-20T18:57:52+00:00\",\"dateModified\":\"2026-02-23T13:10:33+00:00\",\"description\":\"In industries where precision and stability are paramount, hygienic machine feet with floor lock plates and protected spindles offer the perfect solution.\",\"breadcrumb\":{\"@id\":\"https:\\\/\\\/nhkmachineryparts.com\\\/product\\\/299-machine-feet-in-extra-hygienic-design-ehmf-with-floor-lock-plate\\\/#breadcrumb\"},\"inLanguage\":\"fr-FR\",\"potentialAction\":[{\"@type\":\"ReadAction\",\"target\":[\"https:\\\/\\\/nhkmachineryparts.com\\\/product\\\/299-machine-feet-in-extra-hygienic-design-ehmf-with-floor-lock-plate\\\/\"]}]},{\"@type\":\"ImageObject\",\"inLanguage\":\"fr-FR\",\"@id\":\"https:\\\/\\\/nhkmachineryparts.com\\\/product\\\/299-machine-feet-in-extra-hygienic-design-ehmf-with-floor-lock-plate\\\/#primaryimage\",\"url\":\"https:\\\/\\\/nhkmachineryparts.com\\\/wp-content\\\/uploads\\\/2022\\\/09\\\/Levelling-feet-in-extra-hygienic-design-EHLF-with-bleck-rubber-with-floor-lock-plate-and-spindle-with-protecting-sleeve.jpg\",\"contentUrl\":\"https:\\\/\\\/nhkmachineryparts.com\\\/wp-content\\\/uploads\\\/2022\\\/09\\\/Levelling-feet-in-extra-hygienic-design-EHLF-with-bleck-rubber-with-floor-lock-plate-and-spindle-with-protecting-sleeve.jpg\",\"width\":1000,\"height\":1000,\"caption\":\"Levelling feet in extra hygienic design EHLF with bleck rubber with floor lock plate and spindle with protecting sleeve\"},{\"@type\":\"BreadcrumbList\",\"@id\":\"https:\\\/\\\/nhkmachineryparts.com\\\/product\\\/299-machine-feet-in-extra-hygienic-design-ehmf-with-floor-lock-plate\\\/#breadcrumb\",\"itemListElement\":[{\"@type\":\"ListItem\",\"position\":1,\"name\":\"Home\",\"item\":\"https:\\\/\\\/nhkmachineryparts.com\\\/\"},{\"@type\":\"ListItem\",\"position\":2,\"name\":\"Product line\",\"item\":\"https:\\\/\\\/nhkmachineryparts.com\\\/product-line\\\/\"},{\"@type\":\"ListItem\",\"position\":3,\"name\":\"Industrial machine leveling feet in stainless steel\",\"item\":\"https:\\\/\\\/nhkmachineryparts.com\\\/product-line\\\/stainless-steel-machine-levelling-feet\\\/\"},{\"@type\":\"ListItem\",\"position\":4,\"name\":\"Hygienic machine feet\u00a0with floor lock plate\u00a0and protected spindle\"}]},{\"@type\":\"WebSite\",\"@id\":\"https:\\\/\\\/nhkmachineryparts.com\\\/#website\",\"url\":\"https:\\\/\\\/nhkmachineryparts.com\\\/\",\"name\":\"NHK Machinery Parts\",\"description\":\"Bearing Houses, seismic levelling feet and levelling castors\",\"publisher\":{\"@id\":\"https:\\\/\\\/nhkmachineryparts.com\\\/#organization\"},\"potentialAction\":[{\"@type\":\"SearchAction\",\"target\":{\"@type\":\"EntryPoint\",\"urlTemplate\":\"https:\\\/\\\/nhkmachineryparts.com\\\/?s={search_term_string}\"},\"query-input\":{\"@type\":\"PropertyValueSpecification\",\"valueRequired\":true,\"valueName\":\"search_term_string\"}}],\"inLanguage\":\"fr-FR\"},{\"@type\":\"Organization\",\"@id\":\"https:\\\/\\\/nhkmachineryparts.com\\\/#organization\",\"name\":\"Nhk Group ApS\",\"url\":\"https:\\\/\\\/nhkmachineryparts.com\\\/\",\"logo\":{\"@type\":\"ImageObject\",\"inLanguage\":\"fr-FR\",\"@id\":\"https:\\\/\\\/nhkmachineryparts.com\\\/#\\\/schema\\\/logo\\\/image\\\/\",\"url\":\"https:\\\/\\\/nhkmachineryparts.com\\\/wp-content\\\/uploads\\\/2022\\\/09\\\/NHKgroup_social.jpg\",\"contentUrl\":\"https:\\\/\\\/nhkmachineryparts.com\\\/wp-content\\\/uploads\\\/2022\\\/09\\\/NHKgroup_social.jpg\",\"width\":1200,\"height\":630,\"caption\":\"Nhk Group ApS\"},\"image\":{\"@id\":\"https:\\\/\\\/nhkmachineryparts.com\\\/#\\\/schema\\\/logo\\\/image\\\/\"},\"sameAs\":[\"https:\\\/\\\/www.facebook.com\\\/NHK.Group.aps\"]}]}<\/script>\n<!-- \/ Yoast SEO plugin. -->","yoast_head_json":{"title":"Pieds de machine hygi\u00e9niques avec plaque de verrouillage au sol et broche prot\u00e9g\u00e9e | Pi\u00e8ces de machines NHK","description":"Dans les industries o\u00f9 la pr\u00e9cision et la stabilit\u00e9 sont primordiales, les pieds de machine hygi\u00e9niques avec plaques de verrouillage au sol et broches prot\u00e9g\u00e9es offrent la solution parfaite.","robots":{"index":"index","follow":"follow","max-snippet":"max-snippet:-1","max-image-preview":"max-image-preview:large","max-video-preview":"max-video-preview:-1"},"canonical":"https:\/\/nhkmachineryparts.com\/fr\/produit\/299-pieds-machine-dans-un-design-extra-hygienique-ehmf-avec-plaque-de-verrouillage-au-sol\/","og_locale":"fr_FR","og_type":"article","og_title":"Hygienic machine feet\u00a0with floor lock plate\u00a0and protected spindle | NHK Machinery Parts","og_description":"In industries where precision and stability are paramount, hygienic machine feet with floor lock plates and protected spindles offer the perfect solution.","og_url":"https:\/\/nhkmachineryparts.com\/fr\/produit\/299-pieds-machine-dans-un-design-extra-hygienique-ehmf-avec-plaque-de-verrouillage-au-sol\/","og_site_name":"NHK Machinery Parts","article_publisher":"https:\/\/www.facebook.com\/NHK.Group.aps","article_modified_time":"2026-02-23T13:10:33+00:00","og_image":[{"width":1000,"height":1000,"url":"https:\/\/nhkmachineryparts.com\/wp-content\/uploads\/2022\/09\/Levelling-feet-in-extra-hygienic-design-EHLF-with-bleck-rubber-with-floor-lock-plate-and-spindle-with-protecting-sleeve.jpg","type":"image\/jpeg"}],"twitter_card":"summary_large_image","twitter_misc":{"Dur\u00e9e de lecture estim\u00e9e":"4 minutes"},"schema":{"@context":"https:\/\/schema.org","@graph":[{"@type":"WebPage","@id":"https:\/\/nhkmachineryparts.com\/product\/299-machine-feet-in-extra-hygienic-design-ehmf-with-floor-lock-plate\/","url":"https:\/\/nhkmachineryparts.com\/product\/299-machine-feet-in-extra-hygienic-design-ehmf-with-floor-lock-plate\/","name":"Pieds de machine hygi\u00e9niques avec plaque de verrouillage au sol et broche prot\u00e9g\u00e9e | Pi\u00e8ces de machines NHK","isPartOf":{"@id":"https:\/\/nhkmachineryparts.com\/#website"},"primaryImageOfPage":{"@id":"https:\/\/nhkmachineryparts.com\/product\/299-machine-feet-in-extra-hygienic-design-ehmf-with-floor-lock-plate\/#primaryimage"},"image":{"@id":"https:\/\/nhkmachineryparts.com\/product\/299-machine-feet-in-extra-hygienic-design-ehmf-with-floor-lock-plate\/#primaryimage"},"thumbnailUrl":"https:\/\/nhkmachineryparts.com\/wp-content\/uploads\/2022\/09\/Levelling-feet-in-extra-hygienic-design-EHLF-with-bleck-rubber-with-floor-lock-plate-and-spindle-with-protecting-sleeve.jpg","datePublished":"2022-09-20T18:57:52+00:00","dateModified":"2026-02-23T13:10:33+00:00","description":"Dans les industries o\u00f9 la pr\u00e9cision et la stabilit\u00e9 sont primordiales, les pieds de machine hygi\u00e9niques avec plaques de verrouillage au sol et broches prot\u00e9g\u00e9es offrent la solution parfaite.","breadcrumb":{"@id":"https:\/\/nhkmachineryparts.com\/product\/299-machine-feet-in-extra-hygienic-design-ehmf-with-floor-lock-plate\/#breadcrumb"},"inLanguage":"fr-FR","potentialAction":[{"@type":"ReadAction","target":["https:\/\/nhkmachineryparts.com\/product\/299-machine-feet-in-extra-hygienic-design-ehmf-with-floor-lock-plate\/"]}]},{"@type":"ImageObject","inLanguage":"fr-FR","@id":"https:\/\/nhkmachineryparts.com\/product\/299-machine-feet-in-extra-hygienic-design-ehmf-with-floor-lock-plate\/#primaryimage","url":"https:\/\/nhkmachineryparts.com\/wp-content\/uploads\/2022\/09\/Levelling-feet-in-extra-hygienic-design-EHLF-with-bleck-rubber-with-floor-lock-plate-and-spindle-with-protecting-sleeve.jpg","contentUrl":"https:\/\/nhkmachineryparts.com\/wp-content\/uploads\/2022\/09\/Levelling-feet-in-extra-hygienic-design-EHLF-with-bleck-rubber-with-floor-lock-plate-and-spindle-with-protecting-sleeve.jpg","width":1000,"height":1000,"caption":"Levelling feet in extra hygienic design EHLF with bleck rubber with floor lock plate and spindle with protecting sleeve"},{"@type":"BreadcrumbList","@id":"https:\/\/nhkmachineryparts.com\/product\/299-machine-feet-in-extra-hygienic-design-ehmf-with-floor-lock-plate\/#breadcrumb","itemListElement":[{"@type":"ListItem","position":1,"name":"Home","item":"https:\/\/nhkmachineryparts.com\/"},{"@type":"ListItem","position":2,"name":"Product line","item":"https:\/\/nhkmachineryparts.com\/product-line\/"},{"@type":"ListItem","position":3,"name":"Industrial machine leveling feet in stainless steel","item":"https:\/\/nhkmachineryparts.com\/product-line\/stainless-steel-machine-levelling-feet\/"},{"@type":"ListItem","position":4,"name":"Hygienic machine feet\u00a0with floor lock plate\u00a0and protected spindle"}]},{"@type":"WebSite","@id":"https:\/\/nhkmachineryparts.com\/#website","url":"https:\/\/nhkmachineryparts.com\/","name":"Pi\u00e8ces d\u00e9tach\u00e9es pour machines NHK","description":"Corps de roulement, pieds de nivellement sismiques et roulettes de nivellement","publisher":{"@id":"https:\/\/nhkmachineryparts.com\/#organization"},"potentialAction":[{"@type":"SearchAction","target":{"@type":"EntryPoint","urlTemplate":"https:\/\/nhkmachineryparts.com\/?s={search_term_string}"},"query-input":{"@type":"PropertyValueSpecification","valueRequired":true,"valueName":"search_term_string"}}],"inLanguage":"fr-FR"},{"@type":"Organization","@id":"https:\/\/nhkmachineryparts.com\/#organization","name":"Nhk Group ApS","url":"https:\/\/nhkmachineryparts.com\/","logo":{"@type":"ImageObject","inLanguage":"fr-FR","@id":"https:\/\/nhkmachineryparts.com\/#\/schema\/logo\/image\/","url":"https:\/\/nhkmachineryparts.com\/wp-content\/uploads\/2022\/09\/NHKgroup_social.jpg","contentUrl":"https:\/\/nhkmachineryparts.com\/wp-content\/uploads\/2022\/09\/NHKgroup_social.jpg","width":1200,"height":630,"caption":"Nhk Group ApS"},"image":{"@id":"https:\/\/nhkmachineryparts.com\/#\/schema\/logo\/image\/"},"sameAs":["https:\/\/www.facebook.com\/NHK.Group.aps"]}]}},"_links":{"self":[{"href":"https:\/\/nhkmachineryparts.com\/fr\/wp-json\/wp\/v2\/product\/1315","targetHints":{"allow":["GET"]}}],"collection":[{"href":"https:\/\/nhkmachineryparts.com\/fr\/wp-json\/wp\/v2\/product"}],"about":[{"href":"https:\/\/nhkmachineryparts.com\/fr\/wp-json\/wp\/v2\/types\/product"}],"wp:featuredmedia":[{"embeddable":true,"href":"https:\/\/nhkmachineryparts.com\/fr\/wp-json\/wp\/v2\/media\/11305"}],"wp:attachment":[{"href":"https:\/\/nhkmachineryparts.com\/fr\/wp-json\/wp\/v2\/media?parent=1315"}],"wp:term":[{"taxonomy":"product_brand","embeddable":true,"href":"https:\/\/nhkmachineryparts.com\/fr\/wp-json\/wp\/v2\/product_brand?post=1315"},{"taxonomy":"product_cat","embeddable":true,"href":"https:\/\/nhkmachineryparts.com\/fr\/wp-json\/wp\/v2\/product_cat?post=1315"},{"taxonomy":"product_tag","embeddable":true,"href":"https:\/\/nhkmachineryparts.com\/fr\/wp-json\/wp\/v2\/product_tag?post=1315"}],"curies":[{"name":"wp","href":"https:\/\/api.w.org\/{rel}","templated":true}]}}