{"id":1297,"date":"2022-09-20T17:58:37","date_gmt":"2022-09-20T17:58:37","guid":{"rendered":"https:\/\/nhkmachineryparts.pawsfabrik.dk\/?post_type=product&#038;p=1297"},"modified":"2026-02-23T15:11:19","modified_gmt":"2026-02-23T13:11:19","slug":"211-pieds-de-machine-en-conception-hygienique-hmf-avec-plaque-de-verrouillage-au-sol","status":"publish","type":"product","link":"https:\/\/nhkmachineryparts.com\/fr\/product\/211-machine-feet-in-hygienic-design-hmf-with-floor-lock-plate\/","title":{"rendered":"Pieds de machine avec plaque de verrouillage au sol et broche enti\u00e8rement filet\u00e9e"},"content":{"rendered":"<section class=\"vc_row vc_custom_1662993827263 liquid-row-shadowbox-69d4c802d4981 vc_column-gap-0\"><div class=\"ld-container container\"><div class=\"row ld-row ld-row-outer\"><div class=\"wpb_column vc_column_container vc_col-sm-12 liquid-column-69d4c802d4b22\"><div class=\"vc_column-inner\" ><div class=\"wpb_wrapper\"  >\n\t<div class=\"wpb_text_column wpb_content_element\" >\n\t\t<div class=\"wpb_wrapper\">\n\t\t\t<h2>Am\u00e9liorer la stabilit\u00e9 et la s\u00e9curit\u00e9<\/h2>\n<p><a href=\"https:\/\/nhkmachineryparts.com\/fr\/produit\/301-pieds-de-machine-dans-une-conception-hygienique-scellee-shmf-avec-plaque-de-verrouillage-au-sol\/\" data-internallinksmanager029f6b8e52c=\"20\" title=\"pieds de machine\">Pieds de machines<\/a> avec base en caoutchouc pour r\u00e9duire les vibrations et propri\u00e9t\u00e9s antid\u00e9rapantes<br \/>\nNos pieds de machine sont fournis avec un certificat FDA (FDA CFR 21 177 2600) avec un num\u00e9ro d&#039;identification de lot unique pour la tra\u00e7abilit\u00e9 de la s\u00e9curit\u00e9 alimentaire<\/p>\n<p><a href=\"https:\/\/nhkmachineryparts.com\/fr\/boutique\/gamme-de-produits\/pieds-de-nivellement-de-machine-au-design-hygienique\/pieds-de-machine-avec-broche-entierement-filetee\/\">Essayez notre s\u00e9lecteur de produits<\/a><\/p>\n<h3>Caract\u00e9ristiques et avantages des pieds de machine<\/h3>\n<p>Les pieds de la machine ont une conception arrondie et hygi\u00e9nique qui facilite le nettoyage.<br \/>\nLes pieds de la machine peuvent supporter des pentes allant jusqu&#039;\u00e0 10 degr\u00e9s sur les sols et les \u00e9quipements.<\/p>\n<h3>Mat\u00e9riaux de conception des pieds de machine<\/h3>\n<p>Pieds de machine en caoutchouc vulcanis\u00e9 avec certificat FDA selon FDA CFR 21 177 2600.<\/p>\n<p>Description du mat\u00e9riau de la plaque de base\u00a0:<br \/>\nAcier inoxydable Aisi 304 ou Aisi 316<\/p>\n<p>Description du mat\u00e9riau de la broche\u00a0:<br \/>\nAcier inoxydable A2-70 ou A4-70<\/p>\n<p>Description du mat\u00e9riau de base en caoutchouc\u00a0:<br \/>\nCaoutchouc NBR (caoutchouc nitrile CAS n\u00b0 9005-98-5)<br \/>\nCertificat FDA selon FDA CFR 21 177 2600<\/p>\n<p>Tous les mat\u00e9riaux sont tr\u00e8s r\u00e9sistants aux produits chimiques et aux produits de nettoyage couramment utilis\u00e9s, ainsi qu&#039;aux huiles et graisses r\u00e9sistantes.<\/p>\n<h3>Dimensions des pieds de la machine<\/h3>\n<p>Les pieds de machine sont disponibles dans une large gamme, offrant une flexibilit\u00e9 et un choix optimaux.<\/p>\n<div class=\"dcf-overflow-x-auto\" tabindex=\"0\">\n<table class=\"dcf-table dcf-table-responsive dcf-table-bordered dcf-w-100%\">\n<thead>\n<tr>\n<th scope=\"col\">Base HMF<\/th>\n<th scope=\"col\">Diam\u00e8tre de la base D<\/th>\n<th scope=\"col\">Nom. Charger<\/th>\n<\/tr>\n<\/thead>\n<tbody>\n<tr>\n<td data-label=\"HMF Base Size\">HMF 61<\/td>\n<td data-label=\"Base Diameter D\">60mm<\/td>\n<td data-label=\"Nom. Load \">7.000N<\/td>\n<\/tr>\n<tr>\n<td data-label=\"HMF Base Size\">HMF 81<\/td>\n<td data-label=\"Base Diameter D\">80mm<\/td>\n<td data-label=\"Nom. Load \">15.000N<\/td>\n<\/tr>\n<tr>\n<td data-label=\"HMF Base Size\">HMF101<\/td>\n<td data-label=\"Base Diameter D\">100mm<\/td>\n<td data-label=\"Nom. Load \">20.000N<\/td>\n<\/tr>\n<tr>\n<td data-label=\"HMF Base Size\">HMF121<\/td>\n<td data-label=\"Base Diameter D\">120mm<\/td>\n<td data-label=\"Nom. Load \">30.000N<\/td>\n<\/tr>\n<\/tbody>\n<\/table>\n<\/div>\n<p>Les broches pour pieds de machine sont disponibles dans une large gamme, offrant une flexibilit\u00e9 et un choix optimaux.<\/p>\n<div class=\"dcf-overflow-x-auto\" tabindex=\"0\">\n<table class=\"dcf-table dcf-table-responsive dcf-table-bordered dcf-w-100%\">\n<caption>Filetages de broche HMF<\/caption>\n<tbody>\n<tr>\n<td>M12<\/td>\n<td>M16<\/td>\n<td>M20<\/td>\n<td>M24<\/td>\n<td>M30<\/td>\n<td>M36<\/td>\n<td>M42<\/td>\n<td>M48<\/td>\n<\/tr>\n<\/tbody>\n<\/table>\n<\/div>\n<div class=\"dcf-overflow-x-auto\" tabindex=\"0\">\n<table class=\"dcf-table dcf-table-responsive dcf-table-bordered dcf-w-100%\">\n<caption>Longueur de broche HMF (L)<\/caption>\n<tbody>\n<tr>\n<td>50mm<\/td>\n<td>70mm<\/td>\n<td>100mm<\/td>\n<td>120mm<\/td>\n<td>150mm<\/td>\n<td>180mm<\/td>\n<td>200 mm<\/td>\n<td>230 mm<\/td>\n<td>280mm<\/td>\n<td>330 mm<\/td>\n<\/tr>\n<\/tbody>\n<\/table>\n<\/div>\n<p>Pour d&#039;autres longueurs de broche filet\u00e9e (L), veuillez nous contacter<br \/>\nLes filetages en pouces sont disponibles sur demande<br \/>\nLe filetage peut \u00e9galement \u00eatre personnalis\u00e9 selon demande sp\u00e9cifique, ex filetage trap\u00e8ze etc.<\/p>\n<h3>Option de livraison des pieds de machine<\/h3>\n<p>Pour les commandes importantes, nous proposons de fournir la base et les broches s\u00e9par\u00e9ment<br \/>\nL&#039;avantage est la flexibilit\u00e9 pour le client qui utilise de nombreuses tailles de broches diff\u00e9rentes.<\/p>\n<h2 data-start=\"0\" data-end=\"99\"><strong data-start=\"0\" data-end=\"97\">Pieds de machine avec plaque de verrouillage au sol et broche enti\u00e8rement filet\u00e9e<\/strong><\/h2>\n<h3 data-start=\"101\" data-end=\"149\">Stabilit\u00e9 optimale pour les \u00e9quipements lourds<\/h3>\n<p data-start=\"150\" data-end=\"581\">Les pieds de machine avec plaque de verrouillage au sol et broche enti\u00e8rement filet\u00e9e sont essentiels pour assurer la stabilit\u00e9 dans les environnements industriels. Ces composants sont con\u00e7us pour supporter des machines lourdes, r\u00e9duire les vibrations et maintenir l&#039;\u00e9quilibre pendant le fonctionnement. La plaque de verrouillage au sol am\u00e9liore la stabilit\u00e9 en fixant la machine au sol, emp\u00eachant tout mouvement ind\u00e9sirable, tandis que la broche enti\u00e8rement filet\u00e9e permet des r\u00e9glages de hauteur pr\u00e9cis.<\/p>\n<h3 data-start=\"583\" data-end=\"629\">Applications polyvalentes dans tous les secteurs<\/h3>\n<p data-start=\"630\" data-end=\"1052\">Ces pieds de machine sont largement utilis\u00e9s dans <a href=\"https:\/\/nhkmachineryparts.com\/fr\/our-industries\/\" data-internallinksmanager029f6b8e52c=\"4\" title=\"Nos secteurs\">les industries<\/a> Les machines de ce type sont utilis\u00e9es dans les secteurs de la transformation des aliments, des produits pharmaceutiques et de la fabrication. Leur conception robuste garantit la stabilit\u00e9 de l&#039;\u00e9quipement, m\u00eame dans des environnements \u00e0 fortes vibrations. La broche enti\u00e8rement filet\u00e9e offre une grande flexibilit\u00e9, ce qui permet de r\u00e9gler facilement la hauteur de la machine pour des performances optimales. Cette polyvalence est essentielle pour maintenir la qualit\u00e9 du produit et garantir l&#039;efficacit\u00e9 op\u00e9rationnelle.<\/p>\n<h3 data-start=\"1054\" data-end=\"1106\">Construction durable pour des performances \u00e0 long terme<\/h3>\n<p data-start=\"1107\" data-end=\"1460\">Fabriqu\u00e9s en acier inoxydable de haute qualit\u00e9, les pieds de machine avec plaques de verrouillage au sol sont r\u00e9sistants \u00e0 la corrosion, ce qui garantit une long\u00e9vit\u00e9 dans les environnements difficiles. La broche enti\u00e8rement filet\u00e9e est con\u00e7ue pour supporter de lourdes charges sans compromettre la stabilit\u00e9. Cette construction durable minimise les besoins de maintenance, r\u00e9duisant ainsi les temps d&#039;arr\u00eat et les co\u00fbts d&#039;exploitation.<\/p>\n<h3 data-start=\"1462\" data-end=\"1501\">Installation et entretien faciles<\/h3>\n<p data-start=\"1502\" data-end=\"1908\">La conception de ces pieds de machine permet une installation rapide et facile, minimisant ainsi le temps de configuration. La broche enti\u00e8rement filet\u00e9e simplifie les r\u00e9glages de hauteur, tandis que la plaque de verrouillage au sol assure un positionnement s\u00fbr. L&#039;entretien est simple, avec un nettoyage minimal requis pour maintenir les composants dans un \u00e9tat optimal. Cette facilit\u00e9 d&#039;utilisation les rend id\u00e9aux pour les industries o\u00f9 la stabilit\u00e9 de l&#039;\u00e9quipement est essentielle.<\/p>\n<h3 data-start=\"1502\" data-end=\"1908\">Maximisez la stabilit\u00e9 de l&#039;\u00e9quipement et am\u00e9liorez les performances<\/h3>\n<p data-start=\"1927\" data-end=\"2346\" data-is-last-node=\"\" data-is-only-node=\"\">Les pieds de machine avec plaques de verrouillage au sol et broches enti\u00e8rement filet\u00e9es offrent la stabilit\u00e9 et la capacit\u00e9 de r\u00e9glage n\u00e9cessaires pour am\u00e9liorer les performances de l&#039;\u00e9quipement. Leur construction durable et leur conception polyvalente en font des composants essentiels dans les industries o\u00f9 la pr\u00e9cision et la fiabilit\u00e9 sont primordiales. En garantissant la stabilit\u00e9 et la s\u00e9curit\u00e9 des machines, ces composants contribuent \u00e0 am\u00e9liorer la s\u00e9curit\u00e9, l&#039;efficacit\u00e9 et la qualit\u00e9 des produits.<\/p>\n\n\t\t<\/div>\n\t<\/div>\n<\/div><\/div><\/div><\/div><\/div><\/section>","protected":false},"excerpt":{"rendered":"Enhancing Stability and Safety Machine feet with rubber base for vibration reduction and anti-slip properties Our machine feet are provided with FDA certificate (FDA CFR 21 177 2600) with unique batch ID number for food safety traceability Try our product selector Machine feet features and advantages Machine feet have a rounded, hygienic design which makes [...]","protected":false},"featured_media":11302,"template":"","meta":[],"product_brand":[],"product_cat":[18],"product_tag":[],"class_list":{"0":"post-1297","1":"product","2":"type-product","3":"status-publish","4":"has-post-thumbnail","6":"product_cat-stainless-steel-machine-levelling-feet","8":"first","9":"instock","10":"shipping-taxable","11":"product-type-simple"},"yoast_head":"<!-- This site is optimized with the Yoast SEO plugin v27.3 - https:\/\/yoast.com\/product\/yoast-seo-wordpress\/ -->\n<title>Machine feet with floor lock plate and fully-threaded spindle | NHK Machinery Parts<\/title>\n<meta name=\"description\" content=\"Achieve unparalleled stability and precision for your industrial equipment with machine feet featuring floor lock plates and fully-threaded spindles.\" \/>\n<meta name=\"robots\" content=\"index, follow, max-snippet:-1, max-image-preview:large, max-video-preview:-1\" \/>\n<link rel=\"canonical\" href=\"https:\/\/nhkmachineryparts.com\/fr\/produit\/211-pieds-de-machine-en-conception-hygienique-hmf-avec-plaque-de-verrouillage-au-sol\/\" \/>\n<meta property=\"og:locale\" content=\"fr_FR\" \/>\n<meta property=\"og:type\" content=\"article\" \/>\n<meta property=\"og:title\" content=\"Machine feet with floor lock plate and fully-threaded spindle | NHK Machinery Parts\" \/>\n<meta property=\"og:description\" content=\"Achieve unparalleled stability and precision for your industrial equipment with machine feet featuring floor lock plates and fully-threaded spindles.\" \/>\n<meta property=\"og:url\" content=\"https:\/\/nhkmachineryparts.com\/fr\/produit\/211-pieds-de-machine-en-conception-hygienique-hmf-avec-plaque-de-verrouillage-au-sol\/\" \/>\n<meta property=\"og:site_name\" content=\"NHK Machinery Parts\" \/>\n<meta property=\"article:publisher\" content=\"https:\/\/www.facebook.com\/NHK.Group.aps\" \/>\n<meta property=\"article:modified_time\" content=\"2026-02-23T13:11:19+00:00\" \/>\n<meta property=\"og:image\" content=\"https:\/\/nhkmachineryparts.com\/wp-content\/uploads\/2022\/09\/Levelling-feet-in-extra-hygienic-design-HLF-with-bleck-rubber-with-floor-lock-plate-and-spindle.jpg\" \/>\n\t<meta property=\"og:image:width\" content=\"1000\" \/>\n\t<meta property=\"og:image:height\" content=\"1000\" \/>\n\t<meta property=\"og:image:type\" content=\"image\/jpeg\" \/>\n<meta name=\"twitter:card\" content=\"summary_large_image\" \/>\n<meta name=\"twitter:label1\" content=\"Dur\u00e9e de lecture estim\u00e9e\" \/>\n\t<meta name=\"twitter:data1\" content=\"3 minutes\" \/>\n<script type=\"application\/ld+json\" class=\"yoast-schema-graph\">{\"@context\":\"https:\\\/\\\/schema.org\",\"@graph\":[{\"@type\":\"WebPage\",\"@id\":\"https:\\\/\\\/nhkmachineryparts.com\\\/product\\\/211-machine-feet-in-hygienic-design-hmf-with-floor-lock-plate\\\/\",\"url\":\"https:\\\/\\\/nhkmachineryparts.com\\\/product\\\/211-machine-feet-in-hygienic-design-hmf-with-floor-lock-plate\\\/\",\"name\":\"Machine feet with floor lock plate and fully-threaded spindle | NHK Machinery Parts\",\"isPartOf\":{\"@id\":\"https:\\\/\\\/nhkmachineryparts.com\\\/#website\"},\"primaryImageOfPage\":{\"@id\":\"https:\\\/\\\/nhkmachineryparts.com\\\/product\\\/211-machine-feet-in-hygienic-design-hmf-with-floor-lock-plate\\\/#primaryimage\"},\"image\":{\"@id\":\"https:\\\/\\\/nhkmachineryparts.com\\\/product\\\/211-machine-feet-in-hygienic-design-hmf-with-floor-lock-plate\\\/#primaryimage\"},\"thumbnailUrl\":\"https:\\\/\\\/nhkmachineryparts.com\\\/wp-content\\\/uploads\\\/2022\\\/09\\\/Levelling-feet-in-extra-hygienic-design-HLF-with-bleck-rubber-with-floor-lock-plate-and-spindle.jpg\",\"datePublished\":\"2022-09-20T17:58:37+00:00\",\"dateModified\":\"2026-02-23T13:11:19+00:00\",\"description\":\"Achieve unparalleled stability and precision for your industrial equipment with machine feet featuring floor lock plates and fully-threaded spindles.\",\"breadcrumb\":{\"@id\":\"https:\\\/\\\/nhkmachineryparts.com\\\/product\\\/211-machine-feet-in-hygienic-design-hmf-with-floor-lock-plate\\\/#breadcrumb\"},\"inLanguage\":\"fr-FR\",\"potentialAction\":[{\"@type\":\"ReadAction\",\"target\":[\"https:\\\/\\\/nhkmachineryparts.com\\\/product\\\/211-machine-feet-in-hygienic-design-hmf-with-floor-lock-plate\\\/\"]}]},{\"@type\":\"ImageObject\",\"inLanguage\":\"fr-FR\",\"@id\":\"https:\\\/\\\/nhkmachineryparts.com\\\/product\\\/211-machine-feet-in-hygienic-design-hmf-with-floor-lock-plate\\\/#primaryimage\",\"url\":\"https:\\\/\\\/nhkmachineryparts.com\\\/wp-content\\\/uploads\\\/2022\\\/09\\\/Levelling-feet-in-extra-hygienic-design-HLF-with-bleck-rubber-with-floor-lock-plate-and-spindle.jpg\",\"contentUrl\":\"https:\\\/\\\/nhkmachineryparts.com\\\/wp-content\\\/uploads\\\/2022\\\/09\\\/Levelling-feet-in-extra-hygienic-design-HLF-with-bleck-rubber-with-floor-lock-plate-and-spindle.jpg\",\"width\":1000,\"height\":1000,\"caption\":\"Levelling feet in extra hygienic design HLF with bleck rubber with floor lock plate and spindle\"},{\"@type\":\"BreadcrumbList\",\"@id\":\"https:\\\/\\\/nhkmachineryparts.com\\\/product\\\/211-machine-feet-in-hygienic-design-hmf-with-floor-lock-plate\\\/#breadcrumb\",\"itemListElement\":[{\"@type\":\"ListItem\",\"position\":1,\"name\":\"Home\",\"item\":\"https:\\\/\\\/nhkmachineryparts.com\\\/\"},{\"@type\":\"ListItem\",\"position\":2,\"name\":\"Product line\",\"item\":\"https:\\\/\\\/nhkmachineryparts.com\\\/product-line\\\/\"},{\"@type\":\"ListItem\",\"position\":3,\"name\":\"Industrial machine leveling feet in stainless steel\",\"item\":\"https:\\\/\\\/nhkmachineryparts.com\\\/product-line\\\/stainless-steel-machine-levelling-feet\\\/\"},{\"@type\":\"ListItem\",\"position\":4,\"name\":\"Machine feet with floor lock plate and fully-threaded spindle\"}]},{\"@type\":\"WebSite\",\"@id\":\"https:\\\/\\\/nhkmachineryparts.com\\\/#website\",\"url\":\"https:\\\/\\\/nhkmachineryparts.com\\\/\",\"name\":\"NHK Machinery Parts\",\"description\":\"Bearing Houses, seismic levelling feet and levelling castors\",\"publisher\":{\"@id\":\"https:\\\/\\\/nhkmachineryparts.com\\\/#organization\"},\"potentialAction\":[{\"@type\":\"SearchAction\",\"target\":{\"@type\":\"EntryPoint\",\"urlTemplate\":\"https:\\\/\\\/nhkmachineryparts.com\\\/?s={search_term_string}\"},\"query-input\":{\"@type\":\"PropertyValueSpecification\",\"valueRequired\":true,\"valueName\":\"search_term_string\"}}],\"inLanguage\":\"fr-FR\"},{\"@type\":\"Organization\",\"@id\":\"https:\\\/\\\/nhkmachineryparts.com\\\/#organization\",\"name\":\"Nhk Group ApS\",\"url\":\"https:\\\/\\\/nhkmachineryparts.com\\\/\",\"logo\":{\"@type\":\"ImageObject\",\"inLanguage\":\"fr-FR\",\"@id\":\"https:\\\/\\\/nhkmachineryparts.com\\\/#\\\/schema\\\/logo\\\/image\\\/\",\"url\":\"https:\\\/\\\/nhkmachineryparts.com\\\/wp-content\\\/uploads\\\/2022\\\/09\\\/NHKgroup_social.jpg\",\"contentUrl\":\"https:\\\/\\\/nhkmachineryparts.com\\\/wp-content\\\/uploads\\\/2022\\\/09\\\/NHKgroup_social.jpg\",\"width\":1200,\"height\":630,\"caption\":\"Nhk Group ApS\"},\"image\":{\"@id\":\"https:\\\/\\\/nhkmachineryparts.com\\\/#\\\/schema\\\/logo\\\/image\\\/\"},\"sameAs\":[\"https:\\\/\\\/www.facebook.com\\\/NHK.Group.aps\"]}]}<\/script>\n<!-- \/ Yoast SEO plugin. -->","yoast_head_json":{"title":"Pieds de machine avec plaque de verrouillage au sol et broche enti\u00e8rement filet\u00e9e | Pi\u00e8ces de machines NHK","description":"Obtenez une stabilit\u00e9 et une pr\u00e9cision in\u00e9gal\u00e9es pour votre \u00e9quipement industriel avec des pieds de machine dot\u00e9s de plaques de verrouillage au sol et de broches enti\u00e8rement filet\u00e9es.","robots":{"index":"index","follow":"follow","max-snippet":"max-snippet:-1","max-image-preview":"max-image-preview:large","max-video-preview":"max-video-preview:-1"},"canonical":"https:\/\/nhkmachineryparts.com\/fr\/produit\/211-pieds-de-machine-en-conception-hygienique-hmf-avec-plaque-de-verrouillage-au-sol\/","og_locale":"fr_FR","og_type":"article","og_title":"Machine feet with floor lock plate and fully-threaded spindle | NHK Machinery Parts","og_description":"Achieve unparalleled stability and precision for your industrial equipment with machine feet featuring floor lock plates and fully-threaded spindles.","og_url":"https:\/\/nhkmachineryparts.com\/fr\/produit\/211-pieds-de-machine-en-conception-hygienique-hmf-avec-plaque-de-verrouillage-au-sol\/","og_site_name":"NHK Machinery Parts","article_publisher":"https:\/\/www.facebook.com\/NHK.Group.aps","article_modified_time":"2026-02-23T13:11:19+00:00","og_image":[{"width":1000,"height":1000,"url":"https:\/\/nhkmachineryparts.com\/wp-content\/uploads\/2022\/09\/Levelling-feet-in-extra-hygienic-design-HLF-with-bleck-rubber-with-floor-lock-plate-and-spindle.jpg","type":"image\/jpeg"}],"twitter_card":"summary_large_image","twitter_misc":{"Dur\u00e9e de lecture estim\u00e9e":"3 minutes"},"schema":{"@context":"https:\/\/schema.org","@graph":[{"@type":"WebPage","@id":"https:\/\/nhkmachineryparts.com\/product\/211-machine-feet-in-hygienic-design-hmf-with-floor-lock-plate\/","url":"https:\/\/nhkmachineryparts.com\/product\/211-machine-feet-in-hygienic-design-hmf-with-floor-lock-plate\/","name":"Pieds de machine avec plaque de verrouillage au sol et broche enti\u00e8rement filet\u00e9e | Pi\u00e8ces de machines NHK","isPartOf":{"@id":"https:\/\/nhkmachineryparts.com\/#website"},"primaryImageOfPage":{"@id":"https:\/\/nhkmachineryparts.com\/product\/211-machine-feet-in-hygienic-design-hmf-with-floor-lock-plate\/#primaryimage"},"image":{"@id":"https:\/\/nhkmachineryparts.com\/product\/211-machine-feet-in-hygienic-design-hmf-with-floor-lock-plate\/#primaryimage"},"thumbnailUrl":"https:\/\/nhkmachineryparts.com\/wp-content\/uploads\/2022\/09\/Levelling-feet-in-extra-hygienic-design-HLF-with-bleck-rubber-with-floor-lock-plate-and-spindle.jpg","datePublished":"2022-09-20T17:58:37+00:00","dateModified":"2026-02-23T13:11:19+00:00","description":"Obtenez une stabilit\u00e9 et une pr\u00e9cision in\u00e9gal\u00e9es pour votre \u00e9quipement industriel avec des pieds de machine dot\u00e9s de plaques de verrouillage au sol et de broches enti\u00e8rement filet\u00e9es.","breadcrumb":{"@id":"https:\/\/nhkmachineryparts.com\/product\/211-machine-feet-in-hygienic-design-hmf-with-floor-lock-plate\/#breadcrumb"},"inLanguage":"fr-FR","potentialAction":[{"@type":"ReadAction","target":["https:\/\/nhkmachineryparts.com\/product\/211-machine-feet-in-hygienic-design-hmf-with-floor-lock-plate\/"]}]},{"@type":"ImageObject","inLanguage":"fr-FR","@id":"https:\/\/nhkmachineryparts.com\/product\/211-machine-feet-in-hygienic-design-hmf-with-floor-lock-plate\/#primaryimage","url":"https:\/\/nhkmachineryparts.com\/wp-content\/uploads\/2022\/09\/Levelling-feet-in-extra-hygienic-design-HLF-with-bleck-rubber-with-floor-lock-plate-and-spindle.jpg","contentUrl":"https:\/\/nhkmachineryparts.com\/wp-content\/uploads\/2022\/09\/Levelling-feet-in-extra-hygienic-design-HLF-with-bleck-rubber-with-floor-lock-plate-and-spindle.jpg","width":1000,"height":1000,"caption":"Levelling feet in extra hygienic design HLF with bleck rubber with floor lock plate and spindle"},{"@type":"BreadcrumbList","@id":"https:\/\/nhkmachineryparts.com\/product\/211-machine-feet-in-hygienic-design-hmf-with-floor-lock-plate\/#breadcrumb","itemListElement":[{"@type":"ListItem","position":1,"name":"Home","item":"https:\/\/nhkmachineryparts.com\/"},{"@type":"ListItem","position":2,"name":"Product line","item":"https:\/\/nhkmachineryparts.com\/product-line\/"},{"@type":"ListItem","position":3,"name":"Industrial machine leveling feet in stainless steel","item":"https:\/\/nhkmachineryparts.com\/product-line\/stainless-steel-machine-levelling-feet\/"},{"@type":"ListItem","position":4,"name":"Machine feet with floor lock plate and fully-threaded spindle"}]},{"@type":"WebSite","@id":"https:\/\/nhkmachineryparts.com\/#website","url":"https:\/\/nhkmachineryparts.com\/","name":"Pi\u00e8ces d\u00e9tach\u00e9es pour machines NHK","description":"Corps de roulement, pieds de nivellement sismiques et roulettes de nivellement","publisher":{"@id":"https:\/\/nhkmachineryparts.com\/#organization"},"potentialAction":[{"@type":"SearchAction","target":{"@type":"EntryPoint","urlTemplate":"https:\/\/nhkmachineryparts.com\/?s={search_term_string}"},"query-input":{"@type":"PropertyValueSpecification","valueRequired":true,"valueName":"search_term_string"}}],"inLanguage":"fr-FR"},{"@type":"Organization","@id":"https:\/\/nhkmachineryparts.com\/#organization","name":"Nhk Group ApS","url":"https:\/\/nhkmachineryparts.com\/","logo":{"@type":"ImageObject","inLanguage":"fr-FR","@id":"https:\/\/nhkmachineryparts.com\/#\/schema\/logo\/image\/","url":"https:\/\/nhkmachineryparts.com\/wp-content\/uploads\/2022\/09\/NHKgroup_social.jpg","contentUrl":"https:\/\/nhkmachineryparts.com\/wp-content\/uploads\/2022\/09\/NHKgroup_social.jpg","width":1200,"height":630,"caption":"Nhk Group ApS"},"image":{"@id":"https:\/\/nhkmachineryparts.com\/#\/schema\/logo\/image\/"},"sameAs":["https:\/\/www.facebook.com\/NHK.Group.aps"]}]}},"_links":{"self":[{"href":"https:\/\/nhkmachineryparts.com\/fr\/wp-json\/wp\/v2\/product\/1297","targetHints":{"allow":["GET"]}}],"collection":[{"href":"https:\/\/nhkmachineryparts.com\/fr\/wp-json\/wp\/v2\/product"}],"about":[{"href":"https:\/\/nhkmachineryparts.com\/fr\/wp-json\/wp\/v2\/types\/product"}],"wp:featuredmedia":[{"embeddable":true,"href":"https:\/\/nhkmachineryparts.com\/fr\/wp-json\/wp\/v2\/media\/11302"}],"wp:attachment":[{"href":"https:\/\/nhkmachineryparts.com\/fr\/wp-json\/wp\/v2\/media?parent=1297"}],"wp:term":[{"taxonomy":"product_brand","embeddable":true,"href":"https:\/\/nhkmachineryparts.com\/fr\/wp-json\/wp\/v2\/product_brand?post=1297"},{"taxonomy":"product_cat","embeddable":true,"href":"https:\/\/nhkmachineryparts.com\/fr\/wp-json\/wp\/v2\/product_cat?post=1297"},{"taxonomy":"product_tag","embeddable":true,"href":"https:\/\/nhkmachineryparts.com\/fr\/wp-json\/wp\/v2\/product_tag?post=1297"}],"curies":[{"name":"wp","href":"https:\/\/api.w.org\/{rel}","templated":true}]}}