{"id":12776,"date":"2024-11-09T22:35:55","date_gmt":"2024-11-09T20:35:55","guid":{"rendered":"https:\/\/nhkmachineryparts.com\/?post_type=product&#038;p=12776"},"modified":"2026-02-27T16:03:33","modified_gmt":"2026-02-27T14:03:33","slug":"pieds-de-nivellement-hygieniques-avec-2-plaques-de-verrouillage-au-sol-et-broche-protegee-scellee","status":"publish","type":"product","link":"https:\/\/nhkmachineryparts.com\/fr\/product\/hygienic-levelling-feet-with-2-floor-locking-plates-and-sealed-protected-spindle\/","title":{"rendered":"3-A authorized levelling feet with 2 floor locking plates\u00a0"},"content":{"rendered":"<section class=\"vc_row vc_custom_1662993827263 liquid-row-shadowbox-69d3fb8b463ef vc_column-gap-0\"><div class=\"ld-container container\"><div class=\"row ld-row ld-row-outer\"><div class=\"wpb_column vc_column_container vc_col-sm-12 liquid-column-69d3fb8b465ae\"><div class=\"vc_column-inner\" ><div class=\"wpb_wrapper\"  >\n\t<div class=\"wpb_text_column wpb_content_element\" >\n\t\t<div class=\"wpb_wrapper\">\n\t\t\t<h2>Am\u00e9liorez l&#039;hygi\u00e8ne de vos installations gr\u00e2ce \u00e0 des solutions avanc\u00e9es de syst\u00e8me de nivellement<\/h2>\n<p><a href=\"https:\/\/nhkmachineryparts.com\/fr\/product-line\/stainless-steel-solid-base-feet\/\" data-internallinksmanager029f6b8e52c=\"7\" title=\"Pieds de mise \u00e0 niveau de la machine avec plaque de base solide\">Pieds de nivellement<\/a> en conception hygi\u00e9nique scell\u00e9e avec base en caoutchouc pour la r\u00e9duction des vibrations et des propri\u00e9t\u00e9s antid\u00e9rapantes<br \/>\nNotre scell\u00e9 <a href=\"https:\/\/nhkmachineryparts.com\/fr\/product-line\/stainless-steel-solid-base-feet\/\" data-internallinksmanager029f6b8e52c=\"17\" title=\"Pieds de mise \u00e0 niveau de la machine avec plaque de base solide\">pieds de nivellement hygi\u00e9niques<\/a> sont fournis avec un certificat FDA (FDA CFR 21 177 2600) avec un num\u00e9ro d&#039;identification de lot unique pour la tra\u00e7abilit\u00e9 de la s\u00e9curit\u00e9 alimentaire<\/p>\n<p><a href=\"https:\/\/nhkmachineryparts.com\/shop\/product-line\/machine-levelling-feet-in-a-hygienic-design\/levelling-feet-with-fully-threaded-spindle\/\">Essayez notre s\u00e9lecteur de produits<\/a><\/p>\n<h3>Pieds de nivellement en conception hygi\u00e9nique scell\u00e9e caract\u00e9ristiques et avantages<\/h3>\n<p>Scell\u00e9 <a href=\"https:\/\/nhkmachineryparts.com\/fr\/product-line\/stainless-steel-solid-base-feet\/\" data-internallinksmanager029f6b8e52c=\"17\" title=\"Pieds de mise \u00e0 niveau de la machine avec plaque de base solide\">pieds de nivellement hygi\u00e9niques<\/a> ont un design arrondi et hygi\u00e9nique qui le rend facile \u00e0 nettoyer.<br \/>\nScell\u00e9 <a href=\"https:\/\/nhkmachineryparts.com\/fr\/product-line\/stainless-steel-solid-base-feet\/\" data-internallinksmanager029f6b8e52c=\"17\" title=\"Pieds de mise \u00e0 niveau de la machine avec plaque de base solide\">pieds de nivellement hygi\u00e9niques<\/a> peut supporter des pentes allant jusqu&#039;\u00e0 10 degr\u00e9s sur les sols et les \u00e9quipements.<\/p>\n<h3>Pieds de nivellement en mat\u00e9riaux de conception hygi\u00e9nique scell\u00e9s<\/h3>\n<p>Scell\u00e9 <a href=\"https:\/\/nhkmachineryparts.com\/fr\/product-line\/stainless-steel-solid-base-feet\/\" data-internallinksmanager029f6b8e52c=\"17\" title=\"Pieds de mise \u00e0 niveau de la machine avec plaque de base solide\">pieds de nivellement hygi\u00e9niques<\/a> pi\u00e8ce en caoutchouc vulcanis\u00e9 avec certificat FDA selon FDA CFR 21 177 2600.<\/p>\n<p>Description du mat\u00e9riau de la plaque de base\u00a0:<br \/>\nAcier inoxydable Aisi 304 ou Aisi 316<\/p>\n<p>Description du mat\u00e9riau de la broche\u00a0:<br \/>\nAcier inoxydable A2-70 ou A4-70<\/p>\n<p>Description du mat\u00e9riau de base en caoutchouc\u00a0:<br \/>\nCaoutchouc NBR (caoutchouc nitrile CAS n\u00b0 9005-98-5)<br \/>\nCertificat FDA selon FDA CFR 21 177 2600<\/p>\n<p>Tous les mat\u00e9riaux sont tr\u00e8s r\u00e9sistants aux produits chimiques et aux produits de nettoyage couramment utilis\u00e9s, ainsi qu&#039;aux huiles et graisses r\u00e9sistantes.<\/p>\n<h3>Pieds de nivellement dans des tailles herm\u00e9tiques et hygi\u00e9niques<\/h3>\n<p>Hygi\u00e9nique scell\u00e9 <a href=\"https:\/\/nhkmachineryparts.com\/fr\/produit\/301-pieds-de-machine-dans-une-conception-hygienique-scellee-shmf-avec-plaque-de-verrouillage-au-sol\/\" data-internallinksmanager029f6b8e52c=\"20\" title=\"pieds de machine\">pieds de machine<\/a> Les bases sont disponibles dans une large gamme, offrant une flexibilit\u00e9 et un choix optimaux.<\/p>\n<table class=\"dcf-table dcf-table-responsive dcf-table-bordered dcf-w-100%\">\n<thead>\n<tr>\n<th scope=\"col\">Type de base<\/th>\n<th scope=\"col\">Diam\u00e8tre de la base D<\/th>\n<th scope=\"col\">Nom. Charger<\/th>\n<\/tr>\n<\/thead>\n<tbody>\n<tr>\n<td data-label=\"HMF Base Size\">HLF 62<\/td>\n<td data-label=\"Base Diameter D\">60mm<\/td>\n<td data-label=\"Nom. Load \">7.000N<\/td>\n<\/tr>\n<tr>\n<td data-label=\"HMF Base Size\">HLF 82<\/td>\n<td data-label=\"Base Diameter D\">80mm<\/td>\n<td data-label=\"Nom. Load \">15.000N<\/td>\n<\/tr>\n<tr>\n<td data-label=\"HMF Base Size\">HLF 102<\/td>\n<td data-label=\"Base Diameter D\">100mm<\/td>\n<td data-label=\"Nom. Load \">20.000N<\/td>\n<\/tr>\n<tr>\n<td data-label=\"HMF Base Size\">HLF 122<\/td>\n<td data-label=\"Base Diameter D\">120mm<\/td>\n<td data-label=\"Nom. Load \">30.000N<\/td>\n<\/tr>\n<\/tbody>\n<\/table>\n<p>Scell\u00e9 <a href=\"https:\/\/nhkmachineryparts.com\/fr\/product-line\/stainless-steel-solid-base-feet\/\" data-internallinksmanager029f6b8e52c=\"17\" title=\"Pieds de mise \u00e0 niveau de la machine avec plaque de base solide\">pieds de nivellement hygi\u00e9niques<\/a> Les broches avec manchon de protection sont disponibles dans une large gamme, offrant une flexibilit\u00e9 et un choix optimaux.<\/p>\n<div class=\"dcf-overflow-x-auto\" tabindex=\"0\">\n<table class=\"dcf-table dcf-table-bordered dcf-w-100%\">\n<caption>Diam\u00e8tre de la broche et du manchon SHLF<\/caption>\n<tbody>\n<tr>\n<td>M16<\/td>\n<td>M20<\/td>\n<td>M24<\/td>\n<td>M30<\/td>\n<td>M36<\/td>\n<td>M42<\/td>\n<td>M48<\/td>\n<\/tr>\n<\/tbody>\n<\/table>\n<\/div>\n<div class=\"dcf-overflow-x-auto\" tabindex=\"0\">\n<table class=\"dcf-table dcf-table-bordered dcf-w-100%\">\n<caption>Longueur de broche SHLF (L) et longueur de manchon (H)<\/caption>\n<tbody>\n<tr>\n<td>L=135 mm H=55 mm<\/td>\n<td>Min 80 mm \u00e0 Max 120 mm<\/td>\n<\/tr>\n<tr>\n<td>L=175 mm H=75 mm<\/td>\n<td>Min 100 mm \u00e0 Max 160 mm<\/td>\n<\/tr>\n<tr>\n<td>L=215 mm H=95 mm<\/td>\n<td>Min 120 mm \u00e0 Max 200 mm<\/td>\n<\/tr>\n<tr>\n<td>L=255 mm H=115 mm<\/td>\n<td>Min 140 mm \u00e0 Max 240 mm<\/td>\n<\/tr>\n<tr>\n<td>L=295 mm H=125 mm<\/td>\n<td>Min 180 mm \u00e0 Max 280 mm<\/td>\n<\/tr>\n<\/tbody>\n<\/table>\n<\/div>\n<p>Pour d&#039;autres longueurs de broche filet\u00e9e (L), veuillez nous contacter<br \/>\nLes filetages en pouces sont disponibles sur demande<br \/>\nLe filetage peut \u00e9galement \u00eatre personnalis\u00e9 selon demande sp\u00e9cifique, ex filetage trap\u00e8ze etc.<\/p>\n<h3>Pieds de nivellement en version hygi\u00e9nique scell\u00e9e en option de livraison<\/h3>\n<p>Pour les commandes importantes, nous proposons de fournir la base et les broches s\u00e9par\u00e9ment<br \/>\nL&#039;avantage est la flexibilit\u00e9 pour le client qui utilise de nombreuses tailles de broches diff\u00e9rentes.<\/p>\n<h2 data-start=\"0\" data-end=\"84\">Pieds de nivellement hygi\u00e9niques avec 2 plaques de verrouillage au sol et broche prot\u00e9g\u00e9e scell\u00e9e<\/h2>\n<h3 data-start=\"86\" data-end=\"154\">L&#039;importance des pieds de nivellement hygi\u00e9niques dans les environnements propres<\/h3>\n<p data-start=\"155\" data-end=\"457\"><a href=\"https:\/\/nhkmachineryparts.com\/fr\/product-line\/stainless-steel-solid-base-feet\/\" data-internallinksmanager029f6b8e52c=\"17\" title=\"Pieds de mise \u00e0 niveau de la machine avec plaque de base solide\">Pieds de nivellement hygi\u00e9niques<\/a> jouent un r\u00f4le crucial dans <a href=\"https:\/\/nhkmachineryparts.com\/fr\/our-industries\/\" data-internallinksmanager029f6b8e52c=\"4\" title=\"Nos secteurs\">les industries<\/a> o\u00f9 la propret\u00e9 et la s\u00e9curit\u00e9 sont des priorit\u00e9s absolues, comme dans la transformation des aliments, les produits pharmaceutiques et la biotechnologie. Con\u00e7us pour fournir un support stable tout en minimisant les risques de contamination, ces composants garantissent que les machines restent \u00e0 niveau et s\u00e9curis\u00e9es.<\/p>\n<h3 data-start=\"459\" data-end=\"503\">Avantages des plaques de verrouillage \u00e0 double plancher<\/h3>\n<p data-start=\"504\" data-end=\"885\">Pieds de nivellement avec <strong data-start=\"524\" data-end=\"552\">deux plaques de verrouillage au sol<\/strong> Les verrous \u00e0 double verrouillage am\u00e9liorent la stabilit\u00e9 et emp\u00eachent les mouvements ou vibrations ind\u00e9sirables. Cette conception est particuli\u00e8rement avantageuse dans les environnements \u00e0 fort trafic o\u00f9 les machines doivent rester dans une position fixe pour \u00e9viter les interruptions de fonctionnement. De plus, le syst\u00e8me de double verrouillage renforce l&#039;hygi\u00e8ne en \u00e9liminant les espaces o\u00f9 la salet\u00e9 et les bact\u00e9ries pourraient s&#039;accumuler.<\/p>\n<h3 data-start=\"887\" data-end=\"936\">Broche prot\u00e9g\u00e9e et scell\u00e9e pour une hygi\u00e8ne maximale<\/h3>\n<p data-start=\"937\" data-end=\"1310\">UN <strong data-start=\"939\" data-end=\"967\">broche prot\u00e9g\u00e9e scell\u00e9e<\/strong> emp\u00eache la salet\u00e9, l&#039;humidit\u00e9 et les contaminants de p\u00e9n\u00e9trer dans les composants critiques. Cette fonction r\u00e9duit consid\u00e9rablement les efforts de maintenance et prolonge la dur\u00e9e de vie du pied de nivellement. Dans les industries o\u00f9 l&#039;hygi\u00e8ne est primordiale, une broche enti\u00e8rement ferm\u00e9e garantit le respect des r\u00e9glementations d&#039;hygi\u00e8ne strictes, notamment <a href=\"https:\/\/nhkmachineryparts.com\/fr\/quelle-est-la-difference-entre-3a-et-ehedg\/\" data-internallinksmanager029f6b8e52c=\"2\" title=\"Pi\u00e8ces de machines certifi\u00e9es EHEDG\">EHEDG<\/a> et les normes 3-A.<\/p>\n<h3 data-start=\"1312\" data-end=\"1364\">Applications dans les secteurs hygi\u00e9nique et industriel<\/h3>\n<p data-start=\"1365\" data-end=\"1641\">Ces pieds de nivellement avanc\u00e9s sont largement utilis\u00e9s dans les lignes de transformation alimentaire, les installations de production pharmaceutique et les machines d&#039;emballage. Leur conception hygi\u00e9nique garantit la conformit\u00e9 aux exigences r\u00e9glementaires, ce qui en fait un choix de confiance pour les salles blanches et les environnements st\u00e9riles.<\/p>\n<h3 data-start=\"1643\" data-end=\"1696\">Optimisation des performances avec des composants certifi\u00e9s<\/h3>\n<p data-start=\"1697\" data-end=\"1994\">Choisir des pieds de nivellement fabriqu\u00e9s \u00e0 partir de mat\u00e9riaux de haute qualit\u00e9 <strong data-start=\"1742\" data-end=\"1761\">acier inoxydable<\/strong> Les mat\u00e9riaux d&#039;\u00e9tanch\u00e9it\u00e9 hygi\u00e9niques garantissent la durabilit\u00e9 et la r\u00e9sistance \u00e0 la corrosion. Associ\u00e9s \u00e0 des protocoles d&#039;ancrage et de nettoyage au sol appropri\u00e9s, ces composants contribuent \u00e0 maintenir un environnement de production efficace et sans contamination.<\/p>\n<h3 data-start=\"1697\" data-end=\"1994\">Pieds de nivellement hygi\u00e9niques personnalis\u00e9s pour une efficacit\u00e9 op\u00e9rationnelle optimale<\/h3>\n<p data-start=\"1697\" data-end=\"1994\">Les avantages de <a href=\"https:\/\/nhkmachineryparts.com\/fr\/product-line\/stainless-steel-solid-base-feet\/\" data-internallinksmanager029f6b8e52c=\"17\" title=\"Pieds de mise \u00e0 niveau de la machine avec plaque de base solide\">pieds de nivellement hygi\u00e9niques<\/a> avec 2 plaques de verrouillage au sol et une broche prot\u00e9g\u00e9e scell\u00e9e, assurant stabilit\u00e9, durabilit\u00e9 et conformit\u00e9 dans les environnements et industries propres.<\/p>\n\n\t\t<\/div>\n\t<\/div>\n<\/div><\/div><\/div><\/div><\/div><\/section>","protected":false},"excerpt":{"rendered":"Boost Facility Hygiene with Advanced Levelling System Solutions Levelling feet in sealed hygienic design with rubber base for vibration reduction and anti-slip properties Our sealed hygienic levelling feet are provided with FDA certificate (FDA CFR 21 177 2600) with unique batch ID number for food safety traceability Try our product selector Levelling feet in sealed [...]","protected":false},"featured_media":12777,"template":"","meta":[],"product_brand":[],"product_cat":[98],"product_tag":[],"class_list":{"0":"post-12776","1":"product","2":"type-product","3":"status-publish","4":"has-post-thumbnail","6":"product_cat-ehedg-certified-3a-ssi-standard-components","8":"first","9":"instock","10":"shipping-taxable","11":"product-type-simple"},"yoast_head":"<!-- This site is optimized with the Yoast SEO plugin v27.3 - https:\/\/yoast.com\/product\/yoast-seo-wordpress\/ -->\n<title>3-A authorized levelling feet with 2 floor locking plates\u00a0<\/title>\n<meta name=\"description\" content=\"Elevate your facility\u2019s hygiene with precision-engineered levelling feet. Designed for maximum stability and performance. Ensure contamination control.\" \/>\n<meta name=\"robots\" content=\"index, follow, max-snippet:-1, max-image-preview:large, max-video-preview:-1\" \/>\n<link rel=\"canonical\" href=\"https:\/\/nhkmachineryparts.com\/fr\/produit\/pieds-de-nivellement-hygieniques-avec-2-plaques-de-verrouillage-au-sol-et-broche-protegee-scellee\/\" \/>\n<meta property=\"og:locale\" content=\"fr_FR\" \/>\n<meta property=\"og:type\" content=\"article\" \/>\n<meta property=\"og:title\" content=\"3-A authorized levelling feet with 2 floor locking plates\u00a0\" \/>\n<meta property=\"og:description\" content=\"Elevate your facility\u2019s hygiene with precision-engineered levelling feet. Designed for maximum stability and performance. Ensure contamination control.\" \/>\n<meta property=\"og:url\" content=\"https:\/\/nhkmachineryparts.com\/fr\/produit\/pieds-de-nivellement-hygieniques-avec-2-plaques-de-verrouillage-au-sol-et-broche-protegee-scellee\/\" \/>\n<meta property=\"og:site_name\" content=\"NHK Machinery Parts\" \/>\n<meta property=\"article:publisher\" content=\"https:\/\/www.facebook.com\/NHK.Group.aps\" \/>\n<meta property=\"article:modified_time\" content=\"2026-02-27T14:03:33+00:00\" \/>\n<meta property=\"og:image\" content=\"https:\/\/nhkmachineryparts.com\/wp-content\/uploads\/2024\/11\/HLF-x2-3A-1.jpg\" \/>\n\t<meta property=\"og:image:width\" content=\"1000\" \/>\n\t<meta property=\"og:image:height\" content=\"1000\" \/>\n\t<meta property=\"og:image:type\" content=\"image\/jpeg\" \/>\n<meta name=\"twitter:card\" content=\"summary_large_image\" \/>\n<meta name=\"twitter:label1\" content=\"Dur\u00e9e de lecture estim\u00e9e\" \/>\n\t<meta name=\"twitter:data1\" content=\"4 minutes\" \/>\n<script type=\"application\/ld+json\" class=\"yoast-schema-graph\">{\"@context\":\"https:\\\/\\\/schema.org\",\"@graph\":[{\"@type\":\"WebPage\",\"@id\":\"https:\\\/\\\/nhkmachineryparts.com\\\/product\\\/hygienic-levelling-feet-with-2-floor-locking-plates-and-sealed-protected-spindle\\\/\",\"url\":\"https:\\\/\\\/nhkmachineryparts.com\\\/product\\\/hygienic-levelling-feet-with-2-floor-locking-plates-and-sealed-protected-spindle\\\/\",\"name\":\"3-A authorized levelling feet with 2 floor locking plates\u00a0\",\"isPartOf\":{\"@id\":\"https:\\\/\\\/nhkmachineryparts.com\\\/#website\"},\"primaryImageOfPage\":{\"@id\":\"https:\\\/\\\/nhkmachineryparts.com\\\/product\\\/hygienic-levelling-feet-with-2-floor-locking-plates-and-sealed-protected-spindle\\\/#primaryimage\"},\"image\":{\"@id\":\"https:\\\/\\\/nhkmachineryparts.com\\\/product\\\/hygienic-levelling-feet-with-2-floor-locking-plates-and-sealed-protected-spindle\\\/#primaryimage\"},\"thumbnailUrl\":\"https:\\\/\\\/nhkmachineryparts.com\\\/wp-content\\\/uploads\\\/2024\\\/11\\\/HLF-x2-3A-1.jpg\",\"datePublished\":\"2024-11-09T20:35:55+00:00\",\"dateModified\":\"2026-02-27T14:03:33+00:00\",\"description\":\"Elevate your facility\u2019s hygiene with precision-engineered levelling feet. Designed for maximum stability and performance. Ensure contamination control.\",\"breadcrumb\":{\"@id\":\"https:\\\/\\\/nhkmachineryparts.com\\\/product\\\/hygienic-levelling-feet-with-2-floor-locking-plates-and-sealed-protected-spindle\\\/#breadcrumb\"},\"inLanguage\":\"fr-FR\",\"potentialAction\":[{\"@type\":\"ReadAction\",\"target\":[\"https:\\\/\\\/nhkmachineryparts.com\\\/product\\\/hygienic-levelling-feet-with-2-floor-locking-plates-and-sealed-protected-spindle\\\/\"]}]},{\"@type\":\"ImageObject\",\"inLanguage\":\"fr-FR\",\"@id\":\"https:\\\/\\\/nhkmachineryparts.com\\\/product\\\/hygienic-levelling-feet-with-2-floor-locking-plates-and-sealed-protected-spindle\\\/#primaryimage\",\"url\":\"https:\\\/\\\/nhkmachineryparts.com\\\/wp-content\\\/uploads\\\/2024\\\/11\\\/HLF-x2-3A-1.jpg\",\"contentUrl\":\"https:\\\/\\\/nhkmachineryparts.com\\\/wp-content\\\/uploads\\\/2024\\\/11\\\/HLF-x2-3A-1.jpg\",\"width\":1000,\"height\":1000,\"caption\":\"Hygienic levelling feet with 2 floor locking plates\u00a0and sealed protected spindle\"},{\"@type\":\"BreadcrumbList\",\"@id\":\"https:\\\/\\\/nhkmachineryparts.com\\\/product\\\/hygienic-levelling-feet-with-2-floor-locking-plates-and-sealed-protected-spindle\\\/#breadcrumb\",\"itemListElement\":[{\"@type\":\"ListItem\",\"position\":1,\"name\":\"Home\",\"item\":\"https:\\\/\\\/nhkmachineryparts.com\\\/\"},{\"@type\":\"ListItem\",\"position\":2,\"name\":\"Product line\",\"item\":\"https:\\\/\\\/nhkmachineryparts.com\\\/product-line\\\/\"},{\"@type\":\"ListItem\",\"position\":3,\"name\":\"Certified EHEDG standard components\",\"item\":\"https:\\\/\\\/nhkmachineryparts.com\\\/product-line\\\/ehedg-certified-3a-ssi-standard-components\\\/\"},{\"@type\":\"ListItem\",\"position\":4,\"name\":\"3-A authorized levelling feet with 2 floor locking plates\u00a0\"}]},{\"@type\":\"WebSite\",\"@id\":\"https:\\\/\\\/nhkmachineryparts.com\\\/#website\",\"url\":\"https:\\\/\\\/nhkmachineryparts.com\\\/\",\"name\":\"NHK Machinery Parts\",\"description\":\"Bearing Houses, seismic levelling feet and levelling castors\",\"publisher\":{\"@id\":\"https:\\\/\\\/nhkmachineryparts.com\\\/#organization\"},\"potentialAction\":[{\"@type\":\"SearchAction\",\"target\":{\"@type\":\"EntryPoint\",\"urlTemplate\":\"https:\\\/\\\/nhkmachineryparts.com\\\/?s={search_term_string}\"},\"query-input\":{\"@type\":\"PropertyValueSpecification\",\"valueRequired\":true,\"valueName\":\"search_term_string\"}}],\"inLanguage\":\"fr-FR\"},{\"@type\":\"Organization\",\"@id\":\"https:\\\/\\\/nhkmachineryparts.com\\\/#organization\",\"name\":\"Nhk Group ApS\",\"url\":\"https:\\\/\\\/nhkmachineryparts.com\\\/\",\"logo\":{\"@type\":\"ImageObject\",\"inLanguage\":\"fr-FR\",\"@id\":\"https:\\\/\\\/nhkmachineryparts.com\\\/#\\\/schema\\\/logo\\\/image\\\/\",\"url\":\"https:\\\/\\\/nhkmachineryparts.com\\\/wp-content\\\/uploads\\\/2022\\\/09\\\/NHKgroup_social.jpg\",\"contentUrl\":\"https:\\\/\\\/nhkmachineryparts.com\\\/wp-content\\\/uploads\\\/2022\\\/09\\\/NHKgroup_social.jpg\",\"width\":1200,\"height\":630,\"caption\":\"Nhk Group ApS\"},\"image\":{\"@id\":\"https:\\\/\\\/nhkmachineryparts.com\\\/#\\\/schema\\\/logo\\\/image\\\/\"},\"sameAs\":[\"https:\\\/\\\/www.facebook.com\\\/NHK.Group.aps\"]}]}<\/script>\n<!-- \/ Yoast SEO plugin. -->","yoast_head_json":{"title":"3-A authorized levelling feet with 2 floor locking plates\u00a0","description":"Am\u00e9liorez l&#039;hygi\u00e8ne de votre \u00e9tablissement gr\u00e2ce \u00e0 des pieds de mise \u00e0 niveau con\u00e7us avec pr\u00e9cision. Con\u00e7us pour une stabilit\u00e9 et des performances maximales. Assurent le contr\u00f4le de la contamination.","robots":{"index":"index","follow":"follow","max-snippet":"max-snippet:-1","max-image-preview":"max-image-preview:large","max-video-preview":"max-video-preview:-1"},"canonical":"https:\/\/nhkmachineryparts.com\/fr\/produit\/pieds-de-nivellement-hygieniques-avec-2-plaques-de-verrouillage-au-sol-et-broche-protegee-scellee\/","og_locale":"fr_FR","og_type":"article","og_title":"3-A authorized levelling feet with 2 floor locking plates\u00a0","og_description":"Elevate your facility\u2019s hygiene with precision-engineered levelling feet. Designed for maximum stability and performance. Ensure contamination control.","og_url":"https:\/\/nhkmachineryparts.com\/fr\/produit\/pieds-de-nivellement-hygieniques-avec-2-plaques-de-verrouillage-au-sol-et-broche-protegee-scellee\/","og_site_name":"NHK Machinery Parts","article_publisher":"https:\/\/www.facebook.com\/NHK.Group.aps","article_modified_time":"2026-02-27T14:03:33+00:00","og_image":[{"width":1000,"height":1000,"url":"https:\/\/nhkmachineryparts.com\/wp-content\/uploads\/2024\/11\/HLF-x2-3A-1.jpg","type":"image\/jpeg"}],"twitter_card":"summary_large_image","twitter_misc":{"Dur\u00e9e de lecture estim\u00e9e":"4 minutes"},"schema":{"@context":"https:\/\/schema.org","@graph":[{"@type":"WebPage","@id":"https:\/\/nhkmachineryparts.com\/product\/hygienic-levelling-feet-with-2-floor-locking-plates-and-sealed-protected-spindle\/","url":"https:\/\/nhkmachineryparts.com\/product\/hygienic-levelling-feet-with-2-floor-locking-plates-and-sealed-protected-spindle\/","name":"3-A authorized levelling feet with 2 floor locking plates\u00a0","isPartOf":{"@id":"https:\/\/nhkmachineryparts.com\/#website"},"primaryImageOfPage":{"@id":"https:\/\/nhkmachineryparts.com\/product\/hygienic-levelling-feet-with-2-floor-locking-plates-and-sealed-protected-spindle\/#primaryimage"},"image":{"@id":"https:\/\/nhkmachineryparts.com\/product\/hygienic-levelling-feet-with-2-floor-locking-plates-and-sealed-protected-spindle\/#primaryimage"},"thumbnailUrl":"https:\/\/nhkmachineryparts.com\/wp-content\/uploads\/2024\/11\/HLF-x2-3A-1.jpg","datePublished":"2024-11-09T20:35:55+00:00","dateModified":"2026-02-27T14:03:33+00:00","description":"Am\u00e9liorez l&#039;hygi\u00e8ne de votre \u00e9tablissement gr\u00e2ce \u00e0 des pieds de mise \u00e0 niveau con\u00e7us avec pr\u00e9cision. Con\u00e7us pour une stabilit\u00e9 et des performances maximales. Assurent le contr\u00f4le de la contamination.","breadcrumb":{"@id":"https:\/\/nhkmachineryparts.com\/product\/hygienic-levelling-feet-with-2-floor-locking-plates-and-sealed-protected-spindle\/#breadcrumb"},"inLanguage":"fr-FR","potentialAction":[{"@type":"ReadAction","target":["https:\/\/nhkmachineryparts.com\/product\/hygienic-levelling-feet-with-2-floor-locking-plates-and-sealed-protected-spindle\/"]}]},{"@type":"ImageObject","inLanguage":"fr-FR","@id":"https:\/\/nhkmachineryparts.com\/product\/hygienic-levelling-feet-with-2-floor-locking-plates-and-sealed-protected-spindle\/#primaryimage","url":"https:\/\/nhkmachineryparts.com\/wp-content\/uploads\/2024\/11\/HLF-x2-3A-1.jpg","contentUrl":"https:\/\/nhkmachineryparts.com\/wp-content\/uploads\/2024\/11\/HLF-x2-3A-1.jpg","width":1000,"height":1000,"caption":"Hygienic levelling feet with 2 floor locking plates\u00a0and sealed protected spindle"},{"@type":"BreadcrumbList","@id":"https:\/\/nhkmachineryparts.com\/product\/hygienic-levelling-feet-with-2-floor-locking-plates-and-sealed-protected-spindle\/#breadcrumb","itemListElement":[{"@type":"ListItem","position":1,"name":"Home","item":"https:\/\/nhkmachineryparts.com\/"},{"@type":"ListItem","position":2,"name":"Product line","item":"https:\/\/nhkmachineryparts.com\/product-line\/"},{"@type":"ListItem","position":3,"name":"Certified EHEDG standard components","item":"https:\/\/nhkmachineryparts.com\/product-line\/ehedg-certified-3a-ssi-standard-components\/"},{"@type":"ListItem","position":4,"name":"3-A authorized levelling feet with 2 floor locking plates\u00a0"}]},{"@type":"WebSite","@id":"https:\/\/nhkmachineryparts.com\/#website","url":"https:\/\/nhkmachineryparts.com\/","name":"Pi\u00e8ces d\u00e9tach\u00e9es pour machines NHK","description":"Corps de roulement, pieds de nivellement sismiques et roulettes de nivellement","publisher":{"@id":"https:\/\/nhkmachineryparts.com\/#organization"},"potentialAction":[{"@type":"SearchAction","target":{"@type":"EntryPoint","urlTemplate":"https:\/\/nhkmachineryparts.com\/?s={search_term_string}"},"query-input":{"@type":"PropertyValueSpecification","valueRequired":true,"valueName":"search_term_string"}}],"inLanguage":"fr-FR"},{"@type":"Organization","@id":"https:\/\/nhkmachineryparts.com\/#organization","name":"Nhk Group ApS","url":"https:\/\/nhkmachineryparts.com\/","logo":{"@type":"ImageObject","inLanguage":"fr-FR","@id":"https:\/\/nhkmachineryparts.com\/#\/schema\/logo\/image\/","url":"https:\/\/nhkmachineryparts.com\/wp-content\/uploads\/2022\/09\/NHKgroup_social.jpg","contentUrl":"https:\/\/nhkmachineryparts.com\/wp-content\/uploads\/2022\/09\/NHKgroup_social.jpg","width":1200,"height":630,"caption":"Nhk Group ApS"},"image":{"@id":"https:\/\/nhkmachineryparts.com\/#\/schema\/logo\/image\/"},"sameAs":["https:\/\/www.facebook.com\/NHK.Group.aps"]}]}},"_links":{"self":[{"href":"https:\/\/nhkmachineryparts.com\/fr\/wp-json\/wp\/v2\/product\/12776","targetHints":{"allow":["GET"]}}],"collection":[{"href":"https:\/\/nhkmachineryparts.com\/fr\/wp-json\/wp\/v2\/product"}],"about":[{"href":"https:\/\/nhkmachineryparts.com\/fr\/wp-json\/wp\/v2\/types\/product"}],"wp:featuredmedia":[{"embeddable":true,"href":"https:\/\/nhkmachineryparts.com\/fr\/wp-json\/wp\/v2\/media\/12777"}],"wp:attachment":[{"href":"https:\/\/nhkmachineryparts.com\/fr\/wp-json\/wp\/v2\/media?parent=12776"}],"wp:term":[{"taxonomy":"product_brand","embeddable":true,"href":"https:\/\/nhkmachineryparts.com\/fr\/wp-json\/wp\/v2\/product_brand?post=12776"},{"taxonomy":"product_cat","embeddable":true,"href":"https:\/\/nhkmachineryparts.com\/fr\/wp-json\/wp\/v2\/product_cat?post=12776"},{"taxonomy":"product_tag","embeddable":true,"href":"https:\/\/nhkmachineryparts.com\/fr\/wp-json\/wp\/v2\/product_tag?post=12776"}],"curies":[{"name":"wp","href":"https:\/\/api.w.org\/{rel}","templated":true}]}}