{"id":12772,"date":"2024-11-09T22:14:26","date_gmt":"2024-11-09T20:14:26","guid":{"rendered":"https:\/\/nhkmachineryparts.com\/?post_type=product&#038;p=12772"},"modified":"2026-02-23T13:35:13","modified_gmt":"2026-02-23T11:35:13","slug":"pieds-de-machine-hygieniques-avec-2-plaques-de-verrouillage-au-sol-et-broche-protegee","status":"publish","type":"product","link":"https:\/\/nhkmachineryparts.com\/fr\/product\/hygienic-machine-feet-with-2-floor-locking-plates-and-protected-spindle\/","title":{"rendered":"Pieds de machine hygi\u00e9niques avec 2 plaques de verrouillage au sol et broche prot\u00e9g\u00e9e"},"content":{"rendered":"<section class=\"vc_row vc_custom_1662993827263 liquid-row-shadowbox-69d411fa7a13e vc_column-gap-0\"><div class=\"ld-container container\"><div class=\"row ld-row ld-row-outer\"><div class=\"wpb_column vc_column_container vc_col-sm-12 liquid-column-69d411fa7a2b9\"><div class=\"vc_column-inner\" ><div class=\"wpb_wrapper\"  >\n\t<div class=\"wpb_text_column wpb_content_element\" >\n\t\t<div class=\"wpb_wrapper\">\n\t\t\t<h2>Assurer la stabilit\u00e9 et la propret\u00e9 dans les applications industrielles<\/h2>\n<p><a href=\"https:\/\/nhkmachineryparts.com\/fr\/produit\/301-pieds-de-machine-dans-une-conception-hygienique-scellee-shmf-avec-plaque-de-verrouillage-au-sol\/\" data-internallinksmanager029f6b8e52c=\"20\" title=\"pieds de machine\">Pieds de machines<\/a> en version hygi\u00e9nique avec base en caoutchouc pour une r\u00e9duction des vibrations et des propri\u00e9t\u00e9s antid\u00e9rapantes<br \/>\nNos pieds de machine extra hygi\u00e9niques sont fournis avec un certificat FDA (FDA CFR 21\u00a0177 2600) avec un num\u00e9ro d&#039;identification de lot unique pour la tra\u00e7abilit\u00e9 de la s\u00e9curit\u00e9 alimentaire.<\/p>\n<p><a href=\"https:\/\/nhkmachineryparts.com\/fr\/boutique\/gamme-de-produits\/pieds-de-nivellement-de-machine-au-design-hygienique\/sanitary-machine-feet-with-protected-spindle\/\">Essayez notre s\u00e9lecteur de produits<\/a><\/p>\n<h3>Pieds de machine au design hygi\u00e9nique, caract\u00e9ristiques et avantages<\/h3>\n<p>Les pieds de machine hygi\u00e9niques ont une conception arrondie et hygi\u00e9nique qui les rend faciles \u00e0 nettoyer.<br \/>\nLes pieds de machine hygi\u00e9niques peuvent supporter des pentes allant jusqu&#039;\u00e0 10 degr\u00e9s sur les sols et les \u00e9quipements.<\/p>\n<h3>Pieds de machine en mat\u00e9riaux de conception hygi\u00e9nique<\/h3>\n<p>Pieds de machine hygi\u00e9niques en caoutchouc vulcanis\u00e9 avec certificat FDA selon FDA CFR 21 177 2600.<\/p>\n<p>Description du mat\u00e9riau de la plaque de base\u00a0:<br \/>\nAcier inoxydable Aisi 304 ou Aisi 316<\/p>\n<p>Description du mat\u00e9riau de la broche\u00a0:<br \/>\nAcier inoxydable A2-70 ou A4-70<\/p>\n<p>Description du mat\u00e9riau de base en caoutchouc\u00a0:<br \/>\nCaoutchouc NBR (caoutchouc nitrile CAS n\u00b0 9005-98-5)<br \/>\nCertificat FDA selon FDA CFR 21 177 2600<\/p>\n<p>Tous les mat\u00e9riaux sont tr\u00e8s r\u00e9sistants aux produits chimiques et aux produits de nettoyage couramment utilis\u00e9s, ainsi qu&#039;aux huiles et graisses r\u00e9sistantes.<\/p>\n<h3>Pieds de machine dans des tailles hygi\u00e9niques<\/h3>\n<p>Les pieds de machine hygi\u00e9niques sont disponibles dans une large gamme, offrant une flexibilit\u00e9 et un choix optimaux.<\/p>\n<table class=\"dcf-table dcf-table-responsive dcf-table-bordered dcf-w-100%\">\n<thead>\n<tr>\n<th scope=\"col\">Type de base<\/th>\n<th scope=\"col\">Diam\u00e8tre de la base D<\/th>\n<th scope=\"col\">Nom. Charger<\/th>\n<\/tr>\n<\/thead>\n<tbody>\n<tr>\n<td data-label=\"HMF Base Size\">HMF 62<\/td>\n<td data-label=\"Base Diameter D\">60mm<\/td>\n<td data-label=\"Nom. Load \">7.000N<\/td>\n<\/tr>\n<tr>\n<td data-label=\"HMF Base Size\">HMF 82<\/td>\n<td data-label=\"Base Diameter D\">80mm<\/td>\n<td data-label=\"Nom. Load \">15.000N<\/td>\n<\/tr>\n<tr>\n<td data-label=\"HMF Base Size\">HMF 102<\/td>\n<td data-label=\"Base Diameter D\">100mm<\/td>\n<td data-label=\"Nom. Load \">20.000N<\/td>\n<\/tr>\n<tr>\n<td data-label=\"HMF Base Size\">HMF 122<\/td>\n<td data-label=\"Base Diameter D\">120mm<\/td>\n<td data-label=\"Nom. Load \">30.000N<\/td>\n<\/tr>\n<\/tbody>\n<\/table>\n<p>Les pieds de machine hygi\u00e9niques avec broche et manchon de protection sont disponibles dans une large gamme, offrant une flexibilit\u00e9 et un choix optimaux.<\/p>\n<div class=\"dcf-overflow-x-auto\" tabindex=\"0\">\n<table class=\"dcf-table dcf-table-bordered dcf-w-100%\">\n<caption>EHMF Diam\u00e8tre de la broche et du manchon<\/caption>\n<tbody>\n<tr>\n<td>M16<\/td>\n<td>M20<\/td>\n<td>M24<\/td>\n<td>M30<\/td>\n<td>M36<\/td>\n<td>M42<\/td>\n<td>M48<\/td>\n<\/tr>\n<\/tbody>\n<\/table>\n<\/div>\n<div class=\"dcf-overflow-x-auto\" tabindex=\"0\">\n<table class=\"dcf-table dcf-table-bordered dcf-w-100%\">\n<caption>EHMF Longueur de broche (L) et longueur de manchon (H)<\/caption>\n<tbody>\n<tr>\n<td>L=135 mm H=55 mm<\/td>\n<td>Min 80 mm \u00e0 Max 120 mm<\/td>\n<\/tr>\n<tr>\n<td>L=175 mm H=75 mm<\/td>\n<td>Min 100 mm \u00e0 Max 160 mm<\/td>\n<\/tr>\n<tr>\n<td>L=215 mm H=95 mm<\/td>\n<td>Min 120 mm \u00e0 Max 200 mm<\/td>\n<\/tr>\n<tr>\n<td>L=255 mm H=115 mm<\/td>\n<td>Min 140 mm \u00e0 Max 240 mm<\/td>\n<\/tr>\n<tr>\n<td>L=295 mm H=125 mm<\/td>\n<td>Min 180 mm \u00e0 Max 280 mm<\/td>\n<\/tr>\n<\/tbody>\n<\/table>\n<\/div>\n<p>Pour d&#039;autres longueurs de broche filet\u00e9e (L), veuillez nous contacter<br \/>\nLes filetages en pouces sont disponibles sur demande<br \/>\nLe filetage peut \u00e9galement \u00eatre personnalis\u00e9 selon demande sp\u00e9cifique, ex filetage trap\u00e8ze etc.<\/p>\n<h3>Pieds de machine en version hygi\u00e9nique en option de livraison<\/h3>\n<p>Pour les commandes importantes, nous proposons de fournir la base et les broches s\u00e9par\u00e9ment<br \/>\nL&#039;avantage est la flexibilit\u00e9 pour le client qui utilise de nombreuses tailles de broches diff\u00e9rentes.<\/p>\n<h2 data-start=\"0\" data-end=\"140\">Pieds de machine hygi\u00e9niques avec deux plaques de verrouillage au sol et broche prot\u00e9g\u00e9e<\/h2>\n<h3 data-start=\"142\" data-end=\"196\">Stabilit\u00e9 am\u00e9lior\u00e9e gr\u00e2ce \u00e0 deux plaques de verrouillage au sol<\/h3>\n<p data-start=\"198\" data-end=\"594\">Les pieds de machine hygi\u00e9niques avec deux plaques de verrouillage au sol sont essentiels pour maintenir la stabilit\u00e9 et le contr\u00f4le des vibrations dans la transformation des aliments, les produits pharmaceutiques et la biotechnologie <a href=\"https:\/\/nhkmachineryparts.com\/fr\/our-industries\/\" data-internallinksmanager029f6b8e52c=\"4\" title=\"Nos secteurs\">les industries<\/a>. Les deux plaques de verrouillage garantissent que l&#039;\u00e9quipement reste solidement ancr\u00e9, emp\u00eachant tout mouvement ind\u00e9sirable pendant le fonctionnement. Cette conception est particuli\u00e8rement avantageuse dans les environnements o\u00f9 la pr\u00e9cision et la s\u00e9curit\u00e9 sont primordiales.<\/p>\n<h3 data-start=\"596\" data-end=\"638\">Broche prot\u00e9g\u00e9e pour une hygi\u00e8ne optimale<\/h3>\n<p data-start=\"640\" data-end=\"1007\">Une caract\u00e9ristique cl\u00e9 de ces pieds de machine est la broche prot\u00e9g\u00e9e, qui emp\u00eache l&#039;accumulation de salet\u00e9, de poussi\u00e8re et de contaminants. La conception de la broche ferm\u00e9e prolonge non seulement la dur\u00e9e de vie du composant, mais garantit \u00e9galement le respect de normes d&#039;hygi\u00e8ne strictes telles que <a href=\"https:\/\/nhkmachineryparts.com\/fr\/quelle-est-la-difference-entre-3a-et-ehedg\/\" data-internallinksmanager029f6b8e52c=\"2\" title=\"Pi\u00e8ces de machines certifi\u00e9es EHEDG\">EHEDG<\/a> et 3-A. Cela les rend id\u00e9ales pour les industries o\u00f9 la propret\u00e9 et l&#039;hygi\u00e8ne sont essentielles.<\/p>\n<h3 data-start=\"1009\" data-end=\"1062\">Construction en acier inoxydable r\u00e9sistant \u00e0 la corrosion<\/h3>\n<p data-start=\"1064\" data-end=\"1387\">Fabriqu\u00e9s en acier inoxydable de haute qualit\u00e9, ces pieds de machine offrent une excellente r\u00e9sistance \u00e0 la corrosion, ce qui les rend adapt\u00e9s aux zones de lavage et aux environnements difficiles. Le mat\u00e9riau en acier inoxydable est facile \u00e0 nettoyer, ce qui garantit que l&#039;\u00e9quipement r\u00e9pond aux r\u00e9glementations de s\u00e9curit\u00e9 alimentaire tout en maintenant des performances et une fiabilit\u00e9 \u00e0 long terme.<\/p>\n<h3 data-start=\"1389\" data-end=\"1427\">Installation et entretien faciles<\/h3>\n<p data-start=\"1429\" data-end=\"1817\">Les pieds de machine hygi\u00e9niques avec deux plaques de verrouillage au sol sont con\u00e7us pour une installation rapide et simple. La fonction de r\u00e9glage en hauteur permet une mise \u00e0 niveau pr\u00e9cise, garantissant ainsi le bon fonctionnement des machines sur des surfaces irr\u00e9guli\u00e8res. De plus, la conception n\u00e9cessitant peu d&#039;entretien r\u00e9duit les temps d&#039;arr\u00eat et am\u00e9liore la productivit\u00e9 globale, ce qui en fait un choix rentable pour les applications industrielles.<\/p>\n<h3 data-start=\"1819\" data-end=\"2067\"><strong data-start=\"3\" data-end=\"77\" data-is-only-node=\"\">Maximisez la stabilit\u00e9 et <\/strong><strong data-start=\"84\" data-end=\"196\" data-is-last-node=\"\" data-is-only-node=\"\">S\u00e9curisez votre \u00e9quipement<\/strong><\/h3>\n<p data-start=\"1819\" data-end=\"2067\" data-is-last-node=\"\" data-is-only-node=\"\">D\u00e9couvrez les avantages des pieds de machine hygi\u00e9niques avec deux plaques de verrouillage au sol et une broche prot\u00e9g\u00e9e, offrant une stabilit\u00e9 accrue, une hygi\u00e8ne optimale et un entretien facile pour les industries alimentaires, pharmaceutiques et biotechnologiques.<\/p>\n\n\t\t<\/div>\n\t<\/div>\n<\/div><\/div><\/div><\/div><\/div><\/section>","protected":false},"excerpt":{"rendered":"Ensuring Stability and Cleanliness in Industrial Applications Machine feet in hygienic design with rubber base for vibration reduction and anti-slip properties Our extra hygienic machine feet are provided with FDA certificate (FDA CFR 21 177 2600) with unique batch ID number for food safety traceability Try our product selector Machine feet in hygienic design features [...]","protected":false},"featured_media":12773,"template":"","meta":[],"product_brand":[],"product_cat":[18],"product_tag":[],"class_list":{"0":"post-12772","1":"product","2":"type-product","3":"status-publish","4":"has-post-thumbnail","6":"product_cat-stainless-steel-machine-levelling-feet","8":"first","9":"instock","10":"shipping-taxable","11":"product-type-simple"},"yoast_head":"<!-- This site is optimized with the Yoast SEO plugin v27.3 - https:\/\/yoast.com\/product\/yoast-seo-wordpress\/ -->\n<title>Hygienic machine feet\u00a0with 2 floor locking plates\u00a0and protected spindle | NHK Machinery Parts<\/title>\n<meta name=\"description\" content=\"In industries where stability and durability are essential, hygienic machine feet with two floor locking plates and protected spindle offers reliability.\" \/>\n<meta name=\"robots\" content=\"index, follow, max-snippet:-1, max-image-preview:large, max-video-preview:-1\" \/>\n<link rel=\"canonical\" href=\"https:\/\/nhkmachineryparts.com\/fr\/produit\/pieds-de-machine-hygieniques-avec-2-plaques-de-verrouillage-au-sol-et-broche-protegee\/\" \/>\n<meta property=\"og:locale\" content=\"fr_FR\" \/>\n<meta property=\"og:type\" content=\"article\" \/>\n<meta property=\"og:title\" content=\"Hygienic machine feet\u00a0with 2 floor locking plates\u00a0and protected spindle | NHK Machinery Parts\" \/>\n<meta property=\"og:description\" content=\"In industries where stability and durability are essential, hygienic machine feet with two floor locking plates and protected spindle offers reliability.\" \/>\n<meta property=\"og:url\" content=\"https:\/\/nhkmachineryparts.com\/fr\/produit\/pieds-de-machine-hygieniques-avec-2-plaques-de-verrouillage-au-sol-et-broche-protegee\/\" \/>\n<meta property=\"og:site_name\" content=\"NHK Machinery Parts\" \/>\n<meta property=\"article:publisher\" content=\"https:\/\/www.facebook.com\/NHK.Group.aps\" \/>\n<meta property=\"article:modified_time\" content=\"2026-02-23T11:35:13+00:00\" \/>\n<meta property=\"og:image\" content=\"https:\/\/nhkmachineryparts.com\/wp-content\/uploads\/2024\/11\/HMF-x2-LC-1.jpg\" \/>\n\t<meta property=\"og:image:width\" content=\"1000\" \/>\n\t<meta property=\"og:image:height\" content=\"1000\" \/>\n\t<meta property=\"og:image:type\" content=\"image\/jpeg\" \/>\n<meta name=\"twitter:card\" content=\"summary_large_image\" \/>\n<meta name=\"twitter:label1\" content=\"Dur\u00e9e de lecture estim\u00e9e\" \/>\n\t<meta name=\"twitter:data1\" content=\"4 minutes\" \/>\n<script type=\"application\/ld+json\" class=\"yoast-schema-graph\">{\"@context\":\"https:\\\/\\\/schema.org\",\"@graph\":[{\"@type\":\"WebPage\",\"@id\":\"https:\\\/\\\/nhkmachineryparts.com\\\/product\\\/hygienic-machine-feet-with-2-floor-locking-plates-and-protected-spindle\\\/\",\"url\":\"https:\\\/\\\/nhkmachineryparts.com\\\/product\\\/hygienic-machine-feet-with-2-floor-locking-plates-and-protected-spindle\\\/\",\"name\":\"Hygienic machine feet\u00a0with 2 floor locking plates\u00a0and protected spindle | NHK Machinery Parts\",\"isPartOf\":{\"@id\":\"https:\\\/\\\/nhkmachineryparts.com\\\/#website\"},\"primaryImageOfPage\":{\"@id\":\"https:\\\/\\\/nhkmachineryparts.com\\\/product\\\/hygienic-machine-feet-with-2-floor-locking-plates-and-protected-spindle\\\/#primaryimage\"},\"image\":{\"@id\":\"https:\\\/\\\/nhkmachineryparts.com\\\/product\\\/hygienic-machine-feet-with-2-floor-locking-plates-and-protected-spindle\\\/#primaryimage\"},\"thumbnailUrl\":\"https:\\\/\\\/nhkmachineryparts.com\\\/wp-content\\\/uploads\\\/2024\\\/11\\\/HMF-x2-LC-1.jpg\",\"datePublished\":\"2024-11-09T20:14:26+00:00\",\"dateModified\":\"2026-02-23T11:35:13+00:00\",\"description\":\"In industries where stability and durability are essential, hygienic machine feet with two floor locking plates and protected spindle offers reliability.\",\"breadcrumb\":{\"@id\":\"https:\\\/\\\/nhkmachineryparts.com\\\/product\\\/hygienic-machine-feet-with-2-floor-locking-plates-and-protected-spindle\\\/#breadcrumb\"},\"inLanguage\":\"fr-FR\",\"potentialAction\":[{\"@type\":\"ReadAction\",\"target\":[\"https:\\\/\\\/nhkmachineryparts.com\\\/product\\\/hygienic-machine-feet-with-2-floor-locking-plates-and-protected-spindle\\\/\"]}]},{\"@type\":\"ImageObject\",\"inLanguage\":\"fr-FR\",\"@id\":\"https:\\\/\\\/nhkmachineryparts.com\\\/product\\\/hygienic-machine-feet-with-2-floor-locking-plates-and-protected-spindle\\\/#primaryimage\",\"url\":\"https:\\\/\\\/nhkmachineryparts.com\\\/wp-content\\\/uploads\\\/2024\\\/11\\\/HMF-x2-LC-1.jpg\",\"contentUrl\":\"https:\\\/\\\/nhkmachineryparts.com\\\/wp-content\\\/uploads\\\/2024\\\/11\\\/HMF-x2-LC-1.jpg\",\"width\":1000,\"height\":1000,\"caption\":\"Hygienic machine feet\u00a0with 2 floor locking plates\u00a0and protected spindle\"},{\"@type\":\"BreadcrumbList\",\"@id\":\"https:\\\/\\\/nhkmachineryparts.com\\\/product\\\/hygienic-machine-feet-with-2-floor-locking-plates-and-protected-spindle\\\/#breadcrumb\",\"itemListElement\":[{\"@type\":\"ListItem\",\"position\":1,\"name\":\"Home\",\"item\":\"https:\\\/\\\/nhkmachineryparts.com\\\/\"},{\"@type\":\"ListItem\",\"position\":2,\"name\":\"Product line\",\"item\":\"https:\\\/\\\/nhkmachineryparts.com\\\/product-line\\\/\"},{\"@type\":\"ListItem\",\"position\":3,\"name\":\"Industrial machine leveling feet in stainless steel\",\"item\":\"https:\\\/\\\/nhkmachineryparts.com\\\/product-line\\\/stainless-steel-machine-levelling-feet\\\/\"},{\"@type\":\"ListItem\",\"position\":4,\"name\":\"Hygienic machine feet\u00a0with 2 floor locking plates\u00a0and protected spindle\"}]},{\"@type\":\"WebSite\",\"@id\":\"https:\\\/\\\/nhkmachineryparts.com\\\/#website\",\"url\":\"https:\\\/\\\/nhkmachineryparts.com\\\/\",\"name\":\"NHK Machinery Parts\",\"description\":\"Bearing Houses, seismic levelling feet and levelling castors\",\"publisher\":{\"@id\":\"https:\\\/\\\/nhkmachineryparts.com\\\/#organization\"},\"potentialAction\":[{\"@type\":\"SearchAction\",\"target\":{\"@type\":\"EntryPoint\",\"urlTemplate\":\"https:\\\/\\\/nhkmachineryparts.com\\\/?s={search_term_string}\"},\"query-input\":{\"@type\":\"PropertyValueSpecification\",\"valueRequired\":true,\"valueName\":\"search_term_string\"}}],\"inLanguage\":\"fr-FR\"},{\"@type\":\"Organization\",\"@id\":\"https:\\\/\\\/nhkmachineryparts.com\\\/#organization\",\"name\":\"Nhk Group ApS\",\"url\":\"https:\\\/\\\/nhkmachineryparts.com\\\/\",\"logo\":{\"@type\":\"ImageObject\",\"inLanguage\":\"fr-FR\",\"@id\":\"https:\\\/\\\/nhkmachineryparts.com\\\/#\\\/schema\\\/logo\\\/image\\\/\",\"url\":\"https:\\\/\\\/nhkmachineryparts.com\\\/wp-content\\\/uploads\\\/2022\\\/09\\\/NHKgroup_social.jpg\",\"contentUrl\":\"https:\\\/\\\/nhkmachineryparts.com\\\/wp-content\\\/uploads\\\/2022\\\/09\\\/NHKgroup_social.jpg\",\"width\":1200,\"height\":630,\"caption\":\"Nhk Group ApS\"},\"image\":{\"@id\":\"https:\\\/\\\/nhkmachineryparts.com\\\/#\\\/schema\\\/logo\\\/image\\\/\"},\"sameAs\":[\"https:\\\/\\\/www.facebook.com\\\/NHK.Group.aps\"]}]}<\/script>\n<!-- \/ Yoast SEO plugin. -->","yoast_head_json":{"title":"Pieds de machine hygi\u00e9niques avec 2 plaques de verrouillage au sol et broche prot\u00e9g\u00e9e | Pi\u00e8ces de machines NHK","description":"Dans les industries o\u00f9 la stabilit\u00e9 et la durabilit\u00e9 sont essentielles, les pieds de machine hygi\u00e9niques avec deux plaques de verrouillage au sol et une broche prot\u00e9g\u00e9e offrent une fiabilit\u00e9.","robots":{"index":"index","follow":"follow","max-snippet":"max-snippet:-1","max-image-preview":"max-image-preview:large","max-video-preview":"max-video-preview:-1"},"canonical":"https:\/\/nhkmachineryparts.com\/fr\/produit\/pieds-de-machine-hygieniques-avec-2-plaques-de-verrouillage-au-sol-et-broche-protegee\/","og_locale":"fr_FR","og_type":"article","og_title":"Hygienic machine feet\u00a0with 2 floor locking plates\u00a0and protected spindle | NHK Machinery Parts","og_description":"In industries where stability and durability are essential, hygienic machine feet with two floor locking plates and protected spindle offers reliability.","og_url":"https:\/\/nhkmachineryparts.com\/fr\/produit\/pieds-de-machine-hygieniques-avec-2-plaques-de-verrouillage-au-sol-et-broche-protegee\/","og_site_name":"NHK Machinery Parts","article_publisher":"https:\/\/www.facebook.com\/NHK.Group.aps","article_modified_time":"2026-02-23T11:35:13+00:00","og_image":[{"width":1000,"height":1000,"url":"https:\/\/nhkmachineryparts.com\/wp-content\/uploads\/2024\/11\/HMF-x2-LC-1.jpg","type":"image\/jpeg"}],"twitter_card":"summary_large_image","twitter_misc":{"Dur\u00e9e de lecture estim\u00e9e":"4 minutes"},"schema":{"@context":"https:\/\/schema.org","@graph":[{"@type":"WebPage","@id":"https:\/\/nhkmachineryparts.com\/product\/hygienic-machine-feet-with-2-floor-locking-plates-and-protected-spindle\/","url":"https:\/\/nhkmachineryparts.com\/product\/hygienic-machine-feet-with-2-floor-locking-plates-and-protected-spindle\/","name":"Pieds de machine hygi\u00e9niques avec 2 plaques de verrouillage au sol et broche prot\u00e9g\u00e9e | Pi\u00e8ces de machines NHK","isPartOf":{"@id":"https:\/\/nhkmachineryparts.com\/#website"},"primaryImageOfPage":{"@id":"https:\/\/nhkmachineryparts.com\/product\/hygienic-machine-feet-with-2-floor-locking-plates-and-protected-spindle\/#primaryimage"},"image":{"@id":"https:\/\/nhkmachineryparts.com\/product\/hygienic-machine-feet-with-2-floor-locking-plates-and-protected-spindle\/#primaryimage"},"thumbnailUrl":"https:\/\/nhkmachineryparts.com\/wp-content\/uploads\/2024\/11\/HMF-x2-LC-1.jpg","datePublished":"2024-11-09T20:14:26+00:00","dateModified":"2026-02-23T11:35:13+00:00","description":"Dans les industries o\u00f9 la stabilit\u00e9 et la durabilit\u00e9 sont essentielles, les pieds de machine hygi\u00e9niques avec deux plaques de verrouillage au sol et une broche prot\u00e9g\u00e9e offrent une fiabilit\u00e9.","breadcrumb":{"@id":"https:\/\/nhkmachineryparts.com\/product\/hygienic-machine-feet-with-2-floor-locking-plates-and-protected-spindle\/#breadcrumb"},"inLanguage":"fr-FR","potentialAction":[{"@type":"ReadAction","target":["https:\/\/nhkmachineryparts.com\/product\/hygienic-machine-feet-with-2-floor-locking-plates-and-protected-spindle\/"]}]},{"@type":"ImageObject","inLanguage":"fr-FR","@id":"https:\/\/nhkmachineryparts.com\/product\/hygienic-machine-feet-with-2-floor-locking-plates-and-protected-spindle\/#primaryimage","url":"https:\/\/nhkmachineryparts.com\/wp-content\/uploads\/2024\/11\/HMF-x2-LC-1.jpg","contentUrl":"https:\/\/nhkmachineryparts.com\/wp-content\/uploads\/2024\/11\/HMF-x2-LC-1.jpg","width":1000,"height":1000,"caption":"Hygienic machine feet\u00a0with 2 floor locking plates\u00a0and protected spindle"},{"@type":"BreadcrumbList","@id":"https:\/\/nhkmachineryparts.com\/product\/hygienic-machine-feet-with-2-floor-locking-plates-and-protected-spindle\/#breadcrumb","itemListElement":[{"@type":"ListItem","position":1,"name":"Home","item":"https:\/\/nhkmachineryparts.com\/"},{"@type":"ListItem","position":2,"name":"Product line","item":"https:\/\/nhkmachineryparts.com\/product-line\/"},{"@type":"ListItem","position":3,"name":"Industrial machine leveling feet in stainless steel","item":"https:\/\/nhkmachineryparts.com\/product-line\/stainless-steel-machine-levelling-feet\/"},{"@type":"ListItem","position":4,"name":"Hygienic machine feet\u00a0with 2 floor locking plates\u00a0and protected spindle"}]},{"@type":"WebSite","@id":"https:\/\/nhkmachineryparts.com\/#website","url":"https:\/\/nhkmachineryparts.com\/","name":"Pi\u00e8ces d\u00e9tach\u00e9es pour machines NHK","description":"Corps de roulement, pieds de nivellement sismiques et roulettes de nivellement","publisher":{"@id":"https:\/\/nhkmachineryparts.com\/#organization"},"potentialAction":[{"@type":"SearchAction","target":{"@type":"EntryPoint","urlTemplate":"https:\/\/nhkmachineryparts.com\/?s={search_term_string}"},"query-input":{"@type":"PropertyValueSpecification","valueRequired":true,"valueName":"search_term_string"}}],"inLanguage":"fr-FR"},{"@type":"Organization","@id":"https:\/\/nhkmachineryparts.com\/#organization","name":"Nhk Group ApS","url":"https:\/\/nhkmachineryparts.com\/","logo":{"@type":"ImageObject","inLanguage":"fr-FR","@id":"https:\/\/nhkmachineryparts.com\/#\/schema\/logo\/image\/","url":"https:\/\/nhkmachineryparts.com\/wp-content\/uploads\/2022\/09\/NHKgroup_social.jpg","contentUrl":"https:\/\/nhkmachineryparts.com\/wp-content\/uploads\/2022\/09\/NHKgroup_social.jpg","width":1200,"height":630,"caption":"Nhk Group ApS"},"image":{"@id":"https:\/\/nhkmachineryparts.com\/#\/schema\/logo\/image\/"},"sameAs":["https:\/\/www.facebook.com\/NHK.Group.aps"]}]}},"_links":{"self":[{"href":"https:\/\/nhkmachineryparts.com\/fr\/wp-json\/wp\/v2\/product\/12772","targetHints":{"allow":["GET"]}}],"collection":[{"href":"https:\/\/nhkmachineryparts.com\/fr\/wp-json\/wp\/v2\/product"}],"about":[{"href":"https:\/\/nhkmachineryparts.com\/fr\/wp-json\/wp\/v2\/types\/product"}],"wp:featuredmedia":[{"embeddable":true,"href":"https:\/\/nhkmachineryparts.com\/fr\/wp-json\/wp\/v2\/media\/12773"}],"wp:attachment":[{"href":"https:\/\/nhkmachineryparts.com\/fr\/wp-json\/wp\/v2\/media?parent=12772"}],"wp:term":[{"taxonomy":"product_brand","embeddable":true,"href":"https:\/\/nhkmachineryparts.com\/fr\/wp-json\/wp\/v2\/product_brand?post=12772"},{"taxonomy":"product_cat","embeddable":true,"href":"https:\/\/nhkmachineryparts.com\/fr\/wp-json\/wp\/v2\/product_cat?post=12772"},{"taxonomy":"product_tag","embeddable":true,"href":"https:\/\/nhkmachineryparts.com\/fr\/wp-json\/wp\/v2\/product_tag?post=12772"}],"curies":[{"name":"wp","href":"https:\/\/api.w.org\/{rel}","templated":true}]}}