{"id":12765,"date":"2024-11-09T21:50:11","date_gmt":"2024-11-09T19:50:11","guid":{"rendered":"https:\/\/nhkmachineryparts.com\/?post_type=product&#038;p=12765"},"modified":"2026-02-23T13:34:11","modified_gmt":"2026-02-23T11:34:11","slug":"pieds-de-machine-avec-2-plaques-de-verrouillage-au-sol-et-broche-entierement-filetee","status":"publish","type":"product","link":"https:\/\/nhkmachineryparts.com\/fr\/product\/machine-feet-with-2-floor-locking-plates-and-fully-threaded-spindle\/","title":{"rendered":"Pieds de machine avec 2 plaques de verrouillage au sol et broche enti\u00e8rement filet\u00e9e"},"content":{"rendered":"<section class=\"vc_row vc_custom_1662993827263 liquid-row-shadowbox-69d411f9e60b9 vc_column-gap-0\"><div class=\"ld-container container\"><div class=\"row ld-row ld-row-outer\"><div class=\"wpb_column vc_column_container vc_col-sm-12 liquid-column-69d411f9e6240\"><div class=\"vc_column-inner\" ><div class=\"wpb_wrapper\"  >\n\t<div class=\"wpb_text_column wpb_content_element\" >\n\t\t<div class=\"wpb_wrapper\">\n\t\t\t<h2>Stabilit\u00e9 et pr\u00e9cision dans les applications industrielles<\/h2>\n<p><a href=\"https:\/\/nhkmachineryparts.com\/fr\/produit\/301-pieds-de-machine-dans-une-conception-hygienique-scellee-shmf-avec-plaque-de-verrouillage-au-sol\/\" data-internallinksmanager029f6b8e52c=\"20\" title=\"pieds de machine\">Pieds de machines<\/a> avec base en caoutchouc pour r\u00e9duire les vibrations et propri\u00e9t\u00e9s antid\u00e9rapantes<br \/>\nNos pieds de machine sont fournis avec un certificat FDA (FDA CFR 21 177 2600) avec un num\u00e9ro d&#039;identification de lot unique pour la tra\u00e7abilit\u00e9 de la s\u00e9curit\u00e9 alimentaire<\/p>\n<p><a href=\"https:\/\/nhkmachineryparts.com\/fr\/boutique\/gamme-de-produits\/pieds-de-nivellement-de-machine-au-design-hygienique\/pieds-de-machine-avec-broche-entierement-filetee\/\">Essayez notre s\u00e9lecteur de produits<\/a><\/p>\n<h3>Caract\u00e9ristiques et avantages des pieds de machine<\/h3>\n<p>Les pieds de la machine ont une conception arrondie et hygi\u00e9nique qui facilite le nettoyage.<br \/>\nLes pieds de la machine peuvent supporter des pentes allant jusqu&#039;\u00e0 10 degr\u00e9s sur les sols et les \u00e9quipements.<\/p>\n<h3>Mat\u00e9riaux de conception des pieds de machine<\/h3>\n<p>Pieds de machine en caoutchouc vulcanis\u00e9 avec certificat FDA selon FDA CFR 21 177 2600.<\/p>\n<p>Description du mat\u00e9riau de la plaque de base\u00a0:<br \/>\nAcier inoxydable Aisi 304 ou Aisi 316<\/p>\n<p>Description du mat\u00e9riau de la broche\u00a0:<br \/>\nAcier inoxydable A2-70 ou A4-70<\/p>\n<p>Description du mat\u00e9riau de base en caoutchouc\u00a0:<br \/>\nCaoutchouc NBR (caoutchouc nitrile CAS n\u00b0 9005-98-5)<br \/>\nCertificat FDA selon FDA CFR 21 177 2600<\/p>\n<p>Tous les mat\u00e9riaux sont tr\u00e8s r\u00e9sistants aux produits chimiques et aux produits de nettoyage couramment utilis\u00e9s, ainsi qu&#039;aux huiles et graisses r\u00e9sistantes.<\/p>\n<h3>Dimensions des pieds de la machine<\/h3>\n<p>Les pieds de machine sont disponibles dans une large gamme, offrant une flexibilit\u00e9 et un choix optimaux.<\/p>\n<div class=\"dcf-overflow-x-auto\" tabindex=\"0\">\n<table class=\"dcf-table dcf-table-responsive dcf-table-bordered dcf-w-100%\">\n<thead>\n<tr>\n<th scope=\"col\">Base HMF<\/th>\n<th scope=\"col\">Diam\u00e8tre de la base D<\/th>\n<th scope=\"col\">Nom. Charger<\/th>\n<\/tr>\n<\/thead>\n<tbody>\n<tr>\n<td data-label=\"HMF Base Size\">HMF 62<\/td>\n<td data-label=\"Base Diameter D\">60mm<\/td>\n<td data-label=\"Nom. Load \">7.000N<\/td>\n<\/tr>\n<tr>\n<td data-label=\"HMF Base Size\">HMF 82<\/td>\n<td data-label=\"Base Diameter D\">80mm<\/td>\n<td data-label=\"Nom. Load \">15.000N<\/td>\n<\/tr>\n<tr>\n<td data-label=\"HMF Base Size\">HMF 102<\/td>\n<td data-label=\"Base Diameter D\">100mm<\/td>\n<td data-label=\"Nom. Load \">20.000N<\/td>\n<\/tr>\n<tr>\n<td data-label=\"HMF Base Size\">HMF 122<\/td>\n<td data-label=\"Base Diameter D\">120mm<\/td>\n<td data-label=\"Nom. Load \">30.000N<\/td>\n<\/tr>\n<\/tbody>\n<\/table>\n<\/div>\n<p>Les broches pour pieds de machine sont disponibles dans une large gamme, offrant une flexibilit\u00e9 et un choix optimaux.<\/p>\n<div class=\"dcf-overflow-x-auto\" tabindex=\"0\">\n<table class=\"dcf-table dcf-table-responsive dcf-table-bordered dcf-w-100%\">\n<caption>Filetages de broche HMF<\/caption>\n<tbody>\n<tr>\n<td>M12<\/td>\n<td>M16<\/td>\n<td>M20<\/td>\n<td>M24<\/td>\n<td>M30<\/td>\n<td>M36<\/td>\n<td>M42<\/td>\n<td>M48<\/td>\n<\/tr>\n<\/tbody>\n<\/table>\n<\/div>\n<div class=\"dcf-overflow-x-auto\" tabindex=\"0\">\n<table class=\"dcf-table dcf-table-responsive dcf-table-bordered dcf-w-100%\">\n<caption>Longueur de broche HMF (L)<\/caption>\n<tbody>\n<tr>\n<td>50mm<\/td>\n<td>70mm<\/td>\n<td>100mm<\/td>\n<td>120mm<\/td>\n<td>150mm<\/td>\n<td>180mm<\/td>\n<td>200 mm<\/td>\n<td>230 mm<\/td>\n<td>280mm<\/td>\n<td>330 mm<\/td>\n<\/tr>\n<\/tbody>\n<\/table>\n<\/div>\n<p>Pour d&#039;autres longueurs de broche filet\u00e9e (L), veuillez nous contacter<br \/>\nLes filetages en pouces sont disponibles sur demande<br \/>\nLe filetage peut \u00e9galement \u00eatre personnalis\u00e9 selon demande sp\u00e9cifique, ex filetage trap\u00e8ze etc.<\/p>\n<h3>Option de livraison des pieds de machine<\/h3>\n<p>Pour les commandes importantes, nous proposons de fournir la base et les broches s\u00e9par\u00e9ment<br \/>\nL&#039;avantage est la flexibilit\u00e9 pour le client qui utilise de nombreuses tailles de broches diff\u00e9rentes.<\/p>\n<h2 data-start=\"0\" data-end=\"127\"><strong data-start=\"0\" data-end=\"125\">Pieds de machine avec deux plaques de verrouillage au sol et broche enti\u00e8rement filet\u00e9e<\/strong><\/h2>\n<h3 data-start=\"129\" data-end=\"184\">Stabilit\u00e9 am\u00e9lior\u00e9e avec 2 plaques de verrouillage au sol<\/h3>\n<p data-start=\"185\" data-end=\"520\">Les pieds de machine \u00e9quip\u00e9s de deux plaques de verrouillage au sol offrent une stabilit\u00e9 sup\u00e9rieure en ancrant solidement l&#039;\u00e9quipement au sol. Cette conception minimise les vibrations, garantissant des performances optimales et r\u00e9duisant l&#039;usure des machines. Les 2 plaques r\u00e9partissent le poids de mani\u00e8re plus uniforme, ce qui les rend id\u00e9ales pour les environnements industriels intensifs.<\/p>\n<h3 data-start=\"522\" data-end=\"574\">Broche enti\u00e8rement filet\u00e9e pour des r\u00e9glages pr\u00e9cis<\/h3>\n<p data-start=\"575\" data-end=\"917\">La broche enti\u00e8rement filet\u00e9e offre des r\u00e9glages de hauteur pr\u00e9cis, permettant aux op\u00e9rateurs de mettre les machines \u00e0 niveau en toute simplicit\u00e9. Sa conception filet\u00e9e assure un positionnement s\u00fbr, \u00e9vitant les d\u00e9calages involontaires pendant le fonctionnement. Ce niveau de r\u00e9glage est essentiel pour maintenir la pr\u00e9cision des machines, en particulier dans les <a href=\"https:\/\/nhkmachineryparts.com\/fr\/our-industries\/\" data-internallinksmanager029f6b8e52c=\"4\" title=\"Nos secteurs\">les industries<\/a> o\u00f9 la pr\u00e9cision est primordiale.<\/p>\n<h3 data-start=\"919\" data-end=\"963\">Conception hygi\u00e9nique pour des environnements propres<\/h3>\n<p data-start=\"964\" data-end=\"1339\">Pour les applications agroalimentaires, pharmaceutiques et de salle blanche, les pieds de machine en acier inoxydable et aux surfaces lisses sont essentiels. Leur conception facile \u00e0 nettoyer emp\u00eache l&#039;accumulation de salet\u00e9s et de bact\u00e9ries, garantissant ainsi le respect des r\u00e9glementations en mati\u00e8re d&#039;hygi\u00e8ne. Les mat\u00e9riaux r\u00e9sistants \u00e0 la corrosion prolongent \u00e9galement la dur\u00e9e de vie des composants, r\u00e9duisant ainsi les co\u00fbts de maintenance.<\/p>\n<h3 data-start=\"1341\" data-end=\"1387\">Applications polyvalentes dans tous les secteurs<\/h3>\n<p data-start=\"1388\" data-end=\"1763\">Ces pieds de machine sont largement utilis\u00e9s dans les industries de l&#039;emballage, de la transformation alimentaire et de la biotechnologie, o\u00f9 la stabilit\u00e9 et l&#039;hygi\u00e8ne sont essentielles. Leur construction robuste supporte les machines lourdes, tandis que la broche r\u00e9glable assure un nivellement pr\u00e9cis sur des surfaces irr\u00e9guli\u00e8res. Cette combinaison de r\u00e9sistance et de pr\u00e9cision am\u00e9liore la productivit\u00e9 et garantit une qualit\u00e9 de produit constante.<\/p>\n<h3 data-start=\"3\" data-end=\"120\"><strong data-start=\"3\" data-end=\"118\" data-is-only-node=\"\">Am\u00e9liorez la stabilit\u00e9 et la pr\u00e9cision<\/strong><strong data-start=\"125\" data-end=\"226\" data-is-last-node=\"\" data-is-only-node=\"\">\u00a0Applications industrielles<\/strong><\/h3>\n<p data-start=\"1765\" data-end=\"2013\" data-is-last-node=\"\" data-is-only-node=\"\">D\u00e9couvrez les pieds de machine avec deux plaques de verrouillage au sol et une broche enti\u00e8rement filet\u00e9e, offrant une stabilit\u00e9 am\u00e9lior\u00e9e, des r\u00e9glages de hauteur pr\u00e9cis et une conception hygi\u00e9nique pour les applications de transformation des aliments, pharmaceutiques et industrielles.<\/p>\n\n\t\t<\/div>\n\t<\/div>\n<\/div><\/div><\/div><\/div><\/div><\/section>","protected":false},"excerpt":{"rendered":"Stability and Precision in Industrial Applications Machine feet with rubber base for vibration reduction and anti-slip properties Our machine feet are provided with FDA certificate (FDA CFR 21 177 2600) with unique batch ID number for food safety traceability Try our product selector Machine feet features and advantages Machine feet have a rounded, hygienic design [...]","protected":false},"featured_media":12704,"template":"","meta":[],"product_brand":[],"product_cat":[18],"product_tag":[],"class_list":{"0":"post-12765","1":"product","2":"type-product","3":"status-publish","4":"has-post-thumbnail","6":"product_cat-stainless-steel-machine-levelling-feet","8":"first","9":"instock","10":"shipping-taxable","11":"product-type-simple"},"yoast_head":"<!-- This site is optimized with the Yoast SEO plugin v27.3 - https:\/\/yoast.com\/product\/yoast-seo-wordpress\/ -->\n<title>Machine feet with 2 floor locking plates and fully-threaded spindle | NHK Machinery Parts<\/title>\n<meta name=\"description\" content=\"Achieve optimal machine performance and reduce vibrations with robust machine feet that offer secure floor anchoring and easy height adjustments.\" \/>\n<meta name=\"robots\" content=\"index, follow, max-snippet:-1, max-image-preview:large, max-video-preview:-1\" \/>\n<link rel=\"canonical\" href=\"https:\/\/nhkmachineryparts.com\/fr\/produit\/pieds-de-machine-avec-2-plaques-de-verrouillage-au-sol-et-broche-entierement-filetee\/\" \/>\n<meta property=\"og:locale\" content=\"fr_FR\" \/>\n<meta property=\"og:type\" content=\"article\" \/>\n<meta property=\"og:title\" content=\"Machine feet with 2 floor locking plates and fully-threaded spindle | NHK Machinery Parts\" \/>\n<meta property=\"og:description\" content=\"Achieve optimal machine performance and reduce vibrations with robust machine feet that offer secure floor anchoring and easy height adjustments.\" \/>\n<meta property=\"og:url\" content=\"https:\/\/nhkmachineryparts.com\/fr\/produit\/pieds-de-machine-avec-2-plaques-de-verrouillage-au-sol-et-broche-entierement-filetee\/\" \/>\n<meta property=\"og:site_name\" content=\"NHK Machinery Parts\" \/>\n<meta property=\"article:publisher\" content=\"https:\/\/www.facebook.com\/NHK.Group.aps\" \/>\n<meta property=\"article:modified_time\" content=\"2026-02-23T11:34:11+00:00\" \/>\n<meta property=\"og:image\" content=\"https:\/\/nhkmachineryparts.com\/wp-content\/uploads\/2024\/11\/Hygienic-machine-feet-with-2-locking-plates-and-vulcanized-black-FDA-rubber-base-and-full-threaded-spindle.jpg\" \/>\n\t<meta property=\"og:image:width\" content=\"1000\" \/>\n\t<meta property=\"og:image:height\" content=\"1000\" \/>\n\t<meta property=\"og:image:type\" content=\"image\/jpeg\" \/>\n<meta name=\"twitter:card\" content=\"summary_large_image\" \/>\n<meta name=\"twitter:label1\" content=\"Dur\u00e9e de lecture estim\u00e9e\" \/>\n\t<meta name=\"twitter:data1\" content=\"3 minutes\" \/>\n<script type=\"application\/ld+json\" class=\"yoast-schema-graph\">{\"@context\":\"https:\\\/\\\/schema.org\",\"@graph\":[{\"@type\":\"WebPage\",\"@id\":\"https:\\\/\\\/nhkmachineryparts.com\\\/product\\\/machine-feet-with-2-floor-locking-plates-and-fully-threaded-spindle\\\/\",\"url\":\"https:\\\/\\\/nhkmachineryparts.com\\\/product\\\/machine-feet-with-2-floor-locking-plates-and-fully-threaded-spindle\\\/\",\"name\":\"Machine feet with 2 floor locking plates and fully-threaded spindle | NHK Machinery Parts\",\"isPartOf\":{\"@id\":\"https:\\\/\\\/nhkmachineryparts.com\\\/#website\"},\"primaryImageOfPage\":{\"@id\":\"https:\\\/\\\/nhkmachineryparts.com\\\/product\\\/machine-feet-with-2-floor-locking-plates-and-fully-threaded-spindle\\\/#primaryimage\"},\"image\":{\"@id\":\"https:\\\/\\\/nhkmachineryparts.com\\\/product\\\/machine-feet-with-2-floor-locking-plates-and-fully-threaded-spindle\\\/#primaryimage\"},\"thumbnailUrl\":\"https:\\\/\\\/nhkmachineryparts.com\\\/wp-content\\\/uploads\\\/2024\\\/11\\\/Hygienic-machine-feet-with-2-locking-plates-and-vulcanized-black-FDA-rubber-base-and-full-threaded-spindle.jpg\",\"datePublished\":\"2024-11-09T19:50:11+00:00\",\"dateModified\":\"2026-02-23T11:34:11+00:00\",\"description\":\"Achieve optimal machine performance and reduce vibrations with robust machine feet that offer secure floor anchoring and easy height adjustments.\",\"breadcrumb\":{\"@id\":\"https:\\\/\\\/nhkmachineryparts.com\\\/product\\\/machine-feet-with-2-floor-locking-plates-and-fully-threaded-spindle\\\/#breadcrumb\"},\"inLanguage\":\"fr-FR\",\"potentialAction\":[{\"@type\":\"ReadAction\",\"target\":[\"https:\\\/\\\/nhkmachineryparts.com\\\/product\\\/machine-feet-with-2-floor-locking-plates-and-fully-threaded-spindle\\\/\"]}]},{\"@type\":\"ImageObject\",\"inLanguage\":\"fr-FR\",\"@id\":\"https:\\\/\\\/nhkmachineryparts.com\\\/product\\\/machine-feet-with-2-floor-locking-plates-and-fully-threaded-spindle\\\/#primaryimage\",\"url\":\"https:\\\/\\\/nhkmachineryparts.com\\\/wp-content\\\/uploads\\\/2024\\\/11\\\/Hygienic-machine-feet-with-2-locking-plates-and-vulcanized-black-FDA-rubber-base-and-full-threaded-spindle.jpg\",\"contentUrl\":\"https:\\\/\\\/nhkmachineryparts.com\\\/wp-content\\\/uploads\\\/2024\\\/11\\\/Hygienic-machine-feet-with-2-locking-plates-and-vulcanized-black-FDA-rubber-base-and-full-threaded-spindle.jpg\",\"width\":1000,\"height\":1000,\"caption\":\"Hygienic machine feet with 2 locking plates and vulcanized black FDA rubber base and full threaded spindle\"},{\"@type\":\"BreadcrumbList\",\"@id\":\"https:\\\/\\\/nhkmachineryparts.com\\\/product\\\/machine-feet-with-2-floor-locking-plates-and-fully-threaded-spindle\\\/#breadcrumb\",\"itemListElement\":[{\"@type\":\"ListItem\",\"position\":1,\"name\":\"Home\",\"item\":\"https:\\\/\\\/nhkmachineryparts.com\\\/\"},{\"@type\":\"ListItem\",\"position\":2,\"name\":\"Product line\",\"item\":\"https:\\\/\\\/nhkmachineryparts.com\\\/product-line\\\/\"},{\"@type\":\"ListItem\",\"position\":3,\"name\":\"Industrial machine leveling feet in stainless steel\",\"item\":\"https:\\\/\\\/nhkmachineryparts.com\\\/product-line\\\/stainless-steel-machine-levelling-feet\\\/\"},{\"@type\":\"ListItem\",\"position\":4,\"name\":\"Machine feet with 2 floor locking plates and fully-threaded spindle\"}]},{\"@type\":\"WebSite\",\"@id\":\"https:\\\/\\\/nhkmachineryparts.com\\\/#website\",\"url\":\"https:\\\/\\\/nhkmachineryparts.com\\\/\",\"name\":\"NHK Machinery Parts\",\"description\":\"Bearing Houses, seismic levelling feet and levelling castors\",\"publisher\":{\"@id\":\"https:\\\/\\\/nhkmachineryparts.com\\\/#organization\"},\"potentialAction\":[{\"@type\":\"SearchAction\",\"target\":{\"@type\":\"EntryPoint\",\"urlTemplate\":\"https:\\\/\\\/nhkmachineryparts.com\\\/?s={search_term_string}\"},\"query-input\":{\"@type\":\"PropertyValueSpecification\",\"valueRequired\":true,\"valueName\":\"search_term_string\"}}],\"inLanguage\":\"fr-FR\"},{\"@type\":\"Organization\",\"@id\":\"https:\\\/\\\/nhkmachineryparts.com\\\/#organization\",\"name\":\"Nhk Group ApS\",\"url\":\"https:\\\/\\\/nhkmachineryparts.com\\\/\",\"logo\":{\"@type\":\"ImageObject\",\"inLanguage\":\"fr-FR\",\"@id\":\"https:\\\/\\\/nhkmachineryparts.com\\\/#\\\/schema\\\/logo\\\/image\\\/\",\"url\":\"https:\\\/\\\/nhkmachineryparts.com\\\/wp-content\\\/uploads\\\/2022\\\/09\\\/NHKgroup_social.jpg\",\"contentUrl\":\"https:\\\/\\\/nhkmachineryparts.com\\\/wp-content\\\/uploads\\\/2022\\\/09\\\/NHKgroup_social.jpg\",\"width\":1200,\"height\":630,\"caption\":\"Nhk Group ApS\"},\"image\":{\"@id\":\"https:\\\/\\\/nhkmachineryparts.com\\\/#\\\/schema\\\/logo\\\/image\\\/\"},\"sameAs\":[\"https:\\\/\\\/www.facebook.com\\\/NHK.Group.aps\"]}]}<\/script>\n<!-- \/ Yoast SEO plugin. -->","yoast_head_json":{"title":"Pieds de machine avec 2 plaques de verrouillage au sol et broche enti\u00e8rement filet\u00e9e | Pi\u00e8ces de machines NHK","description":"Obtenez des performances optimales de la machine et r\u00e9duisez les vibrations gr\u00e2ce \u00e0 des pieds de machine robustes qui offrent un ancrage au sol s\u00fbr et des r\u00e9glages de hauteur faciles.","robots":{"index":"index","follow":"follow","max-snippet":"max-snippet:-1","max-image-preview":"max-image-preview:large","max-video-preview":"max-video-preview:-1"},"canonical":"https:\/\/nhkmachineryparts.com\/fr\/produit\/pieds-de-machine-avec-2-plaques-de-verrouillage-au-sol-et-broche-entierement-filetee\/","og_locale":"fr_FR","og_type":"article","og_title":"Machine feet with 2 floor locking plates and fully-threaded spindle | NHK Machinery Parts","og_description":"Achieve optimal machine performance and reduce vibrations with robust machine feet that offer secure floor anchoring and easy height adjustments.","og_url":"https:\/\/nhkmachineryparts.com\/fr\/produit\/pieds-de-machine-avec-2-plaques-de-verrouillage-au-sol-et-broche-entierement-filetee\/","og_site_name":"NHK Machinery Parts","article_publisher":"https:\/\/www.facebook.com\/NHK.Group.aps","article_modified_time":"2026-02-23T11:34:11+00:00","og_image":[{"width":1000,"height":1000,"url":"https:\/\/nhkmachineryparts.com\/wp-content\/uploads\/2024\/11\/Hygienic-machine-feet-with-2-locking-plates-and-vulcanized-black-FDA-rubber-base-and-full-threaded-spindle.jpg","type":"image\/jpeg"}],"twitter_card":"summary_large_image","twitter_misc":{"Dur\u00e9e de lecture estim\u00e9e":"3 minutes"},"schema":{"@context":"https:\/\/schema.org","@graph":[{"@type":"WebPage","@id":"https:\/\/nhkmachineryparts.com\/product\/machine-feet-with-2-floor-locking-plates-and-fully-threaded-spindle\/","url":"https:\/\/nhkmachineryparts.com\/product\/machine-feet-with-2-floor-locking-plates-and-fully-threaded-spindle\/","name":"Pieds de machine avec 2 plaques de verrouillage au sol et broche enti\u00e8rement filet\u00e9e | Pi\u00e8ces de machines NHK","isPartOf":{"@id":"https:\/\/nhkmachineryparts.com\/#website"},"primaryImageOfPage":{"@id":"https:\/\/nhkmachineryparts.com\/product\/machine-feet-with-2-floor-locking-plates-and-fully-threaded-spindle\/#primaryimage"},"image":{"@id":"https:\/\/nhkmachineryparts.com\/product\/machine-feet-with-2-floor-locking-plates-and-fully-threaded-spindle\/#primaryimage"},"thumbnailUrl":"https:\/\/nhkmachineryparts.com\/wp-content\/uploads\/2024\/11\/Hygienic-machine-feet-with-2-locking-plates-and-vulcanized-black-FDA-rubber-base-and-full-threaded-spindle.jpg","datePublished":"2024-11-09T19:50:11+00:00","dateModified":"2026-02-23T11:34:11+00:00","description":"Obtenez des performances optimales de la machine et r\u00e9duisez les vibrations gr\u00e2ce \u00e0 des pieds de machine robustes qui offrent un ancrage au sol s\u00fbr et des r\u00e9glages de hauteur faciles.","breadcrumb":{"@id":"https:\/\/nhkmachineryparts.com\/product\/machine-feet-with-2-floor-locking-plates-and-fully-threaded-spindle\/#breadcrumb"},"inLanguage":"fr-FR","potentialAction":[{"@type":"ReadAction","target":["https:\/\/nhkmachineryparts.com\/product\/machine-feet-with-2-floor-locking-plates-and-fully-threaded-spindle\/"]}]},{"@type":"ImageObject","inLanguage":"fr-FR","@id":"https:\/\/nhkmachineryparts.com\/product\/machine-feet-with-2-floor-locking-plates-and-fully-threaded-spindle\/#primaryimage","url":"https:\/\/nhkmachineryparts.com\/wp-content\/uploads\/2024\/11\/Hygienic-machine-feet-with-2-locking-plates-and-vulcanized-black-FDA-rubber-base-and-full-threaded-spindle.jpg","contentUrl":"https:\/\/nhkmachineryparts.com\/wp-content\/uploads\/2024\/11\/Hygienic-machine-feet-with-2-locking-plates-and-vulcanized-black-FDA-rubber-base-and-full-threaded-spindle.jpg","width":1000,"height":1000,"caption":"Hygienic machine feet with 2 locking plates and vulcanized black FDA rubber base and full threaded spindle"},{"@type":"BreadcrumbList","@id":"https:\/\/nhkmachineryparts.com\/product\/machine-feet-with-2-floor-locking-plates-and-fully-threaded-spindle\/#breadcrumb","itemListElement":[{"@type":"ListItem","position":1,"name":"Home","item":"https:\/\/nhkmachineryparts.com\/"},{"@type":"ListItem","position":2,"name":"Product line","item":"https:\/\/nhkmachineryparts.com\/product-line\/"},{"@type":"ListItem","position":3,"name":"Industrial machine leveling feet in stainless steel","item":"https:\/\/nhkmachineryparts.com\/product-line\/stainless-steel-machine-levelling-feet\/"},{"@type":"ListItem","position":4,"name":"Machine feet with 2 floor locking plates and fully-threaded spindle"}]},{"@type":"WebSite","@id":"https:\/\/nhkmachineryparts.com\/#website","url":"https:\/\/nhkmachineryparts.com\/","name":"Pi\u00e8ces d\u00e9tach\u00e9es pour machines NHK","description":"Corps de roulement, pieds de nivellement sismiques et roulettes de nivellement","publisher":{"@id":"https:\/\/nhkmachineryparts.com\/#organization"},"potentialAction":[{"@type":"SearchAction","target":{"@type":"EntryPoint","urlTemplate":"https:\/\/nhkmachineryparts.com\/?s={search_term_string}"},"query-input":{"@type":"PropertyValueSpecification","valueRequired":true,"valueName":"search_term_string"}}],"inLanguage":"fr-FR"},{"@type":"Organization","@id":"https:\/\/nhkmachineryparts.com\/#organization","name":"Nhk Group ApS","url":"https:\/\/nhkmachineryparts.com\/","logo":{"@type":"ImageObject","inLanguage":"fr-FR","@id":"https:\/\/nhkmachineryparts.com\/#\/schema\/logo\/image\/","url":"https:\/\/nhkmachineryparts.com\/wp-content\/uploads\/2022\/09\/NHKgroup_social.jpg","contentUrl":"https:\/\/nhkmachineryparts.com\/wp-content\/uploads\/2022\/09\/NHKgroup_social.jpg","width":1200,"height":630,"caption":"Nhk Group ApS"},"image":{"@id":"https:\/\/nhkmachineryparts.com\/#\/schema\/logo\/image\/"},"sameAs":["https:\/\/www.facebook.com\/NHK.Group.aps"]}]}},"_links":{"self":[{"href":"https:\/\/nhkmachineryparts.com\/fr\/wp-json\/wp\/v2\/product\/12765","targetHints":{"allow":["GET"]}}],"collection":[{"href":"https:\/\/nhkmachineryparts.com\/fr\/wp-json\/wp\/v2\/product"}],"about":[{"href":"https:\/\/nhkmachineryparts.com\/fr\/wp-json\/wp\/v2\/types\/product"}],"wp:featuredmedia":[{"embeddable":true,"href":"https:\/\/nhkmachineryparts.com\/fr\/wp-json\/wp\/v2\/media\/12704"}],"wp:attachment":[{"href":"https:\/\/nhkmachineryparts.com\/fr\/wp-json\/wp\/v2\/media?parent=12765"}],"wp:term":[{"taxonomy":"product_brand","embeddable":true,"href":"https:\/\/nhkmachineryparts.com\/fr\/wp-json\/wp\/v2\/product_brand?post=12765"},{"taxonomy":"product_cat","embeddable":true,"href":"https:\/\/nhkmachineryparts.com\/fr\/wp-json\/wp\/v2\/product_cat?post=12765"},{"taxonomy":"product_tag","embeddable":true,"href":"https:\/\/nhkmachineryparts.com\/fr\/wp-json\/wp\/v2\/product_tag?post=12765"}],"curies":[{"name":"wp","href":"https:\/\/api.w.org\/{rel}","templated":true}]}}