{"id":5875,"date":"2023-07-31T14:31:23","date_gmt":"2023-07-31T12:31:23","guid":{"rendered":"https:\/\/nhkmachineryparts.com\/?post_type=product&#038;p=5875"},"modified":"2026-02-23T13:52:14","modified_gmt":"2026-02-23T11:52:14","slug":"soporte-guia-lateral-giratorio-higienico-en-acero-inoxidable","status":"publish","type":"product","link":"https:\/\/nhkmachineryparts.com\/es\/product\/hygienic-swivel-side-guide-bracket-in-stainless-steel\/","title":{"rendered":"Soporte gu\u00eda lateral giratorio higi\u00e9nico en acero inoxidable"},"content":{"rendered":"<section class=\"vc_row liquid-row-shadowbox-69d49a6b55ae8\"><div class=\"ld-container container\"><div class=\"row ld-row ld-row-outer\"><div class=\"wpb_column vc_column_container vc_col-sm-12 liquid-column-69d49a6b55cfb\"><div class=\"vc_column-inner\" ><div class=\"wpb_wrapper\"  >\n\t<div class=\"wpb_text_column wpb_content_element\" >\n\t\t<div class=\"wpb_wrapper\">\n\t\t\t<h2>Soporte gu\u00eda lateral giratorio higi\u00e9nico en acero inoxidable 304 (Aisi 1.4301)<\/h2>\n<p>Soporte gu\u00eda lateral HSG-SW con tuerca, c\u00e1ncamo y arandela en acero inoxidable AISI 304 (Aisi 1.4301).<\/p>\n<h2>Gu\u00eda lateral giratoria higi\u00e9nica en dise\u00f1o higi\u00e9nico de acero inoxidable<\/h2>\n<p>Todas las gu\u00edas laterales higi\u00e9nicas giratorias y HSG-SW est\u00e1n dise\u00f1adas con una superficie lisa sin nervaduras, bridas, huecos ni orificios de montaje innecesarios, lo que minimiza el riesgo de fuentes ocultas de contaminaci\u00f3n. La superficie lisa facilita la limpieza y minimiza el riesgo de contaminaci\u00f3n oculta.<\/p>\n<h2>Soportes de gu\u00eda laterales giratorios de acero inoxidable.<\/h2>\n<p>Nuestra serie de gu\u00edas laterales giratorias est\u00e1 dise\u00f1ada para <a href=\"https:\/\/nhkmachineryparts.com\/es\/our-industries\/\" data-internallinksmanager029f6b8e52c=\"4\" title=\"Nuestras industrias\">industrias<\/a> donde se exigen cada vez m\u00e1s exigencias a la resistencia del material y a un dise\u00f1o que facilite la limpieza. Industrias como: equipos m\u00e9dicos, equipos de procesamiento de alimentos y medicamentos, maquinaria de envasado, equipos de procesamiento de carne y aves de dise\u00f1o 3A, m\u00e1quinas procesadoras de l\u00e1cteos.<\/p>\n<h2>Soporte gu\u00eda lateral giratorio higi\u00e9nico en acero inoxidable tipos disponibles<\/h2>\n<p>Soporte gu\u00eda lateral HSG-SW con tuerca, c\u00e1ncamo y arandela en acero inoxidable AISI 304 (Aisi 1.4301).<\/p>\n<ul data-start=\"2361\" data-end=\"2400\">\n<li data-start=\"2361\" data-end=\"2381\">\n<p data-start=\"2363\" data-end=\"2381\"><strong data-start=\"2363\" data-end=\"2379\">HSG155-60 SW<\/strong><\/p>\n<\/li>\n<li data-start=\"2382\" data-end=\"2400\">\n<p data-start=\"2384\" data-end=\"2400\"><strong data-start=\"2384\" data-end=\"2400\">HSG178-83 SW<\/strong><\/p>\n<\/li>\n<li><strong data-start=\"2384\" data-end=\"2400\">HSG228-97 SW<\/strong><\/li>\n<\/ul>\n<h2>Componentes cruciales<\/h2>\n<div class=\"flex-1 overflow-hidden\">\n<div class=\"react-scroll-to-bottom--css-zuvue-79elbk h-full\">\n<div class=\"react-scroll-to-bottom--css-zuvue-1n7m0yu\">\n<div class=\"flex flex-col text-sm pb-9\">\n<div class=\"w-full text-token-text-primary\" dir=\"auto\" data-testid=\"conversation-turn-3\">\n<div class=\"px-4 py-2 justify-center text-base md:gap-6 m-auto\">\n<div class=\"flex flex-1 text-base mx-auto gap-3 juice:gap-4 juice:md:gap-6 md:px-5 lg:px-1 xl:px-5 md:max-w-3xl lg:max-w-&#091;40rem&#093; xl:max-w-&#091;48rem&#093;\">\n<div class=\"relative flex w-full min-w-0 flex-col agent-turn\">\n<div class=\"flex-col gap-1 md:gap-3\">\n<div class=\"flex flex-grow flex-col max-w-full\">\n<div class=\"min-h-&#091;20px&#093; text-message flex flex-col items-start gap-3 whitespace-pre-wrap break-words &#091;.text-message+&amp;&#093;:mt-5 overflow-x-auto\" dir=\"auto\" data-message-author-role=\"assistant\" data-message-id=\"4a371a24-96b4-47d4-9826-8b99be2b030a\">\n<div class=\"markdown prose w-full break-words dark:prose-invert light\">\n<p>Las gu\u00edas laterales son componentes cruciales en diversas industrias, particularmente donde existe una gran demanda de resistencia del material y un requisito de dise\u00f1os f\u00e1ciles de limpiar. As\u00ed es como se adaptan las gu\u00edas secundarias a las industrias que mencion\u00f3:<\/p>\n<h2>Equipo medico<\/h2>\n<p>En esta industria, las gu\u00edas laterales est\u00e1n dise\u00f1adas para resistir la limpieza frecuente y la exposici\u00f3n a desinfectantes fuertes sin corroerse ni albergar bacterias. Tambi\u00e9n deben ser compatibles con los entornos est\u00e9riles t\u00edpicos de los entornos m\u00e9dicos.<\/p>\n<h2>Equipos de procesamiento de alimentos y medicamentos<\/h2>\n<p>Para estos sectores, las gu\u00edas laterales deben estar fabricadas con materiales que no reaccionen con los alimentos o productos farmac\u00e9uticos que se procesan. Tambi\u00e9n deben respaldar procesos de limpieza exhaustivos para evitar la contaminaci\u00f3n cruzada y garantizar el cumplimiento de las normas de salud y seguridad.<\/p>\n<h2>Maquinaria de paqueteria<\/h2>\n<p>En este caso, las gu\u00edas laterales deben ser duraderas y capaces de funcionar sin problemas en condiciones de uso continuo. Deben dise\u00f1arse para manejar diversos tama\u00f1os y materiales de embalaje de manera eficiente y al mismo tiempo mantener la integridad de la l\u00ednea de embalaje.<\/p>\n<h2>Dise\u00f1o 3A: equipos de procesamiento de carnes y aves de corral<\/h2>\n<p>Espec\u00edficamente en el procesamiento de carnes y aves, las gu\u00edas laterales deben cumplir con los est\u00e1ndares sanitarios 3A, que enfatizan las superficies lisas, no absorbentes y f\u00e1ciles de limpiar. Esto previene el crecimiento bacteriano y la contaminaci\u00f3n, fundamentales en el procesamiento de carnes y aves crudas.<\/p>\n<h2>M\u00e1quinas de procesamiento de l\u00e1cteos<\/h2>\n<p>De manera similar al procesamiento de carnes y aves, el procesamiento de l\u00e1cteos requiere gu\u00edas laterales que cumplan con estrictos requisitos sanitarios. El equipo debe resistir la acumulaci\u00f3n de residuos l\u00e1cteos y ser f\u00e1cil de desinfectar para mantener la calidad y seguridad del producto.<\/p>\n<h2>Elecci\u00f3n del material<\/h2>\n<p>En todas estas aplicaciones, la elecci\u00f3n del material para las gu\u00edas laterales (como acero inoxidable o ciertos pol\u00edmeros) y su dise\u00f1o (como esquinas redondeadas y grietas m\u00ednimas) est\u00e1n orientados a minimizar los riesgos de contaminaci\u00f3n y maximizar la durabilidad y la limpieza.<\/p>\n<\/div>\n<\/div>\n<\/div>\n<\/div>\n<\/div>\n<\/div>\n<\/div>\n<\/div>\n<\/div>\n<\/div>\n<\/div>\n<\/div>\n\n\t\t<\/div>\n\t<\/div>\n<\/div><\/div><\/div><\/div><\/div><\/section>","protected":false},"excerpt":{"rendered":"Hygienic swivel side guide bracket in stainless steel 304 (Aisi 1.4301) HSG-SW side guide bracket with nut, eyebolt and washer in stainless steel AISI 304 (Aisi 1.4301). Hygienic swivel side guide in hygienic stainless steel design All the swivel hygienic side guide and HSG-SW are designed with a smooth surface without any unnecessary ribs, flanges, [...]","protected":false},"featured_media":8587,"template":"","meta":[],"product_brand":[],"product_cat":[64],"product_tag":[],"class_list":{"0":"post-5875","1":"product","2":"type-product","3":"status-publish","4":"has-post-thumbnail","6":"product_cat-hygienic-machinery-components-in-stainless-steel","8":"first","9":"instock","10":"shipping-taxable","11":"product-type-simple"},"yoast_head":"<!-- This site is optimized with the Yoast SEO plugin v27.3 - https:\/\/yoast.com\/product\/yoast-seo-wordpress\/ -->\n<title>Hygienic swivel side guide bracket in stainless steel | NHK Machinery Parts<\/title>\n<meta name=\"description\" content=\"Swivel hygienic side guide are designed with a smooth surface without any unnecessary ribs, flanges, recesses or mounting holes, minimizing contamination.\" \/>\n<meta name=\"robots\" content=\"index, follow, max-snippet:-1, max-image-preview:large, max-video-preview:-1\" \/>\n<link rel=\"canonical\" href=\"https:\/\/nhkmachineryparts.com\/es\/producto\/soporte-guia-lateral-giratorio-higienico-en-acero-inoxidable\/\" \/>\n<meta property=\"og:locale\" content=\"es_ES\" \/>\n<meta property=\"og:type\" content=\"article\" \/>\n<meta property=\"og:title\" content=\"Hygienic swivel side guide bracket in stainless steel | NHK Machinery Parts\" \/>\n<meta property=\"og:description\" content=\"Swivel hygienic side guide are designed with a smooth surface without any unnecessary ribs, flanges, recesses or mounting holes, minimizing contamination.\" \/>\n<meta property=\"og:url\" content=\"https:\/\/nhkmachineryparts.com\/es\/producto\/soporte-guia-lateral-giratorio-higienico-en-acero-inoxidable\/\" \/>\n<meta property=\"og:site_name\" content=\"NHK Machinery Parts\" \/>\n<meta property=\"article:publisher\" content=\"https:\/\/www.facebook.com\/NHK.Group.aps\" \/>\n<meta property=\"article:modified_time\" content=\"2026-02-23T11:52:14+00:00\" \/>\n<meta property=\"og:image\" content=\"https:\/\/nhkmachineryparts.com\/wp-content\/uploads\/2023\/07\/Hygienic-swivel-side-guide-bracket-in-stainless-steel-304.jpg\" \/>\n\t<meta property=\"og:image:width\" content=\"1000\" \/>\n\t<meta property=\"og:image:height\" content=\"1000\" \/>\n\t<meta property=\"og:image:type\" content=\"image\/jpeg\" \/>\n<meta name=\"twitter:card\" content=\"summary_large_image\" \/>\n<meta name=\"twitter:label1\" content=\"Tiempo de lectura\" \/>\n\t<meta name=\"twitter:data1\" content=\"3 minutos\" \/>\n<script type=\"application\/ld+json\" class=\"yoast-schema-graph\">{\"@context\":\"https:\\\/\\\/schema.org\",\"@graph\":[{\"@type\":\"WebPage\",\"@id\":\"https:\\\/\\\/nhkmachineryparts.com\\\/product\\\/hygienic-swivel-side-guide-bracket-in-stainless-steel\\\/\",\"url\":\"https:\\\/\\\/nhkmachineryparts.com\\\/product\\\/hygienic-swivel-side-guide-bracket-in-stainless-steel\\\/\",\"name\":\"Hygienic swivel side guide bracket in stainless steel | NHK Machinery Parts\",\"isPartOf\":{\"@id\":\"https:\\\/\\\/nhkmachineryparts.com\\\/#website\"},\"primaryImageOfPage\":{\"@id\":\"https:\\\/\\\/nhkmachineryparts.com\\\/product\\\/hygienic-swivel-side-guide-bracket-in-stainless-steel\\\/#primaryimage\"},\"image\":{\"@id\":\"https:\\\/\\\/nhkmachineryparts.com\\\/product\\\/hygienic-swivel-side-guide-bracket-in-stainless-steel\\\/#primaryimage\"},\"thumbnailUrl\":\"https:\\\/\\\/nhkmachineryparts.com\\\/wp-content\\\/uploads\\\/2023\\\/07\\\/Hygienic-swivel-side-guide-bracket-in-stainless-steel-304.jpg\",\"datePublished\":\"2023-07-31T12:31:23+00:00\",\"dateModified\":\"2026-02-23T11:52:14+00:00\",\"description\":\"Swivel hygienic side guide are designed with a smooth surface without any unnecessary ribs, flanges, recesses or mounting holes, minimizing contamination.\",\"breadcrumb\":{\"@id\":\"https:\\\/\\\/nhkmachineryparts.com\\\/product\\\/hygienic-swivel-side-guide-bracket-in-stainless-steel\\\/#breadcrumb\"},\"inLanguage\":\"es\",\"potentialAction\":[{\"@type\":\"ReadAction\",\"target\":[\"https:\\\/\\\/nhkmachineryparts.com\\\/product\\\/hygienic-swivel-side-guide-bracket-in-stainless-steel\\\/\"]}]},{\"@type\":\"ImageObject\",\"inLanguage\":\"es\",\"@id\":\"https:\\\/\\\/nhkmachineryparts.com\\\/product\\\/hygienic-swivel-side-guide-bracket-in-stainless-steel\\\/#primaryimage\",\"url\":\"https:\\\/\\\/nhkmachineryparts.com\\\/wp-content\\\/uploads\\\/2023\\\/07\\\/Hygienic-swivel-side-guide-bracket-in-stainless-steel-304.jpg\",\"contentUrl\":\"https:\\\/\\\/nhkmachineryparts.com\\\/wp-content\\\/uploads\\\/2023\\\/07\\\/Hygienic-swivel-side-guide-bracket-in-stainless-steel-304.jpg\",\"width\":1000,\"height\":1000,\"caption\":\"Hygienic swivel side guide bracket in stainless steel 304\"},{\"@type\":\"BreadcrumbList\",\"@id\":\"https:\\\/\\\/nhkmachineryparts.com\\\/product\\\/hygienic-swivel-side-guide-bracket-in-stainless-steel\\\/#breadcrumb\",\"itemListElement\":[{\"@type\":\"ListItem\",\"position\":1,\"name\":\"Home\",\"item\":\"https:\\\/\\\/nhkmachineryparts.com\\\/\"},{\"@type\":\"ListItem\",\"position\":2,\"name\":\"Product line\",\"item\":\"https:\\\/\\\/nhkmachineryparts.com\\\/product-line\\\/\"},{\"@type\":\"ListItem\",\"position\":3,\"name\":\"Hygienic machinery components in stainless steel\",\"item\":\"https:\\\/\\\/nhkmachineryparts.com\\\/product-line\\\/hygienic-machinery-components-in-stainless-steel\\\/\"},{\"@type\":\"ListItem\",\"position\":4,\"name\":\"Hygienic swivel side guide bracket in stainless steel\"}]},{\"@type\":\"WebSite\",\"@id\":\"https:\\\/\\\/nhkmachineryparts.com\\\/#website\",\"url\":\"https:\\\/\\\/nhkmachineryparts.com\\\/\",\"name\":\"NHK Machinery Parts\",\"description\":\"Bearing Houses, seismic levelling feet and levelling castors\",\"publisher\":{\"@id\":\"https:\\\/\\\/nhkmachineryparts.com\\\/#organization\"},\"potentialAction\":[{\"@type\":\"SearchAction\",\"target\":{\"@type\":\"EntryPoint\",\"urlTemplate\":\"https:\\\/\\\/nhkmachineryparts.com\\\/?s={search_term_string}\"},\"query-input\":{\"@type\":\"PropertyValueSpecification\",\"valueRequired\":true,\"valueName\":\"search_term_string\"}}],\"inLanguage\":\"es\"},{\"@type\":\"Organization\",\"@id\":\"https:\\\/\\\/nhkmachineryparts.com\\\/#organization\",\"name\":\"Nhk Group ApS\",\"url\":\"https:\\\/\\\/nhkmachineryparts.com\\\/\",\"logo\":{\"@type\":\"ImageObject\",\"inLanguage\":\"es\",\"@id\":\"https:\\\/\\\/nhkmachineryparts.com\\\/#\\\/schema\\\/logo\\\/image\\\/\",\"url\":\"https:\\\/\\\/nhkmachineryparts.com\\\/wp-content\\\/uploads\\\/2022\\\/09\\\/NHKgroup_social.jpg\",\"contentUrl\":\"https:\\\/\\\/nhkmachineryparts.com\\\/wp-content\\\/uploads\\\/2022\\\/09\\\/NHKgroup_social.jpg\",\"width\":1200,\"height\":630,\"caption\":\"Nhk Group ApS\"},\"image\":{\"@id\":\"https:\\\/\\\/nhkmachineryparts.com\\\/#\\\/schema\\\/logo\\\/image\\\/\"},\"sameAs\":[\"https:\\\/\\\/www.facebook.com\\\/NHK.Group.aps\"]}]}<\/script>\n<!-- \/ Yoast SEO plugin. -->","yoast_head_json":{"title":"Soporte gu\u00eda lateral giratorio higi\u00e9nico en acero inoxidable | Piezas de maquinaria NHK","description":"Las gu\u00edas laterales higi\u00e9nicas giratorias est\u00e1n dise\u00f1adas con una superficie lisa sin nervaduras, bridas, huecos ni orificios de montaje innecesarios, lo que minimiza la contaminaci\u00f3n.","robots":{"index":"index","follow":"follow","max-snippet":"max-snippet:-1","max-image-preview":"max-image-preview:large","max-video-preview":"max-video-preview:-1"},"canonical":"https:\/\/nhkmachineryparts.com\/es\/producto\/soporte-guia-lateral-giratorio-higienico-en-acero-inoxidable\/","og_locale":"es_ES","og_type":"article","og_title":"Hygienic swivel side guide bracket in stainless steel | NHK Machinery Parts","og_description":"Swivel hygienic side guide are designed with a smooth surface without any unnecessary ribs, flanges, recesses or mounting holes, minimizing contamination.","og_url":"https:\/\/nhkmachineryparts.com\/es\/producto\/soporte-guia-lateral-giratorio-higienico-en-acero-inoxidable\/","og_site_name":"NHK Machinery Parts","article_publisher":"https:\/\/www.facebook.com\/NHK.Group.aps","article_modified_time":"2026-02-23T11:52:14+00:00","og_image":[{"width":1000,"height":1000,"url":"https:\/\/nhkmachineryparts.com\/wp-content\/uploads\/2023\/07\/Hygienic-swivel-side-guide-bracket-in-stainless-steel-304.jpg","type":"image\/jpeg"}],"twitter_card":"summary_large_image","twitter_misc":{"Tiempo de lectura":"3 minutos"},"schema":{"@context":"https:\/\/schema.org","@graph":[{"@type":"WebPage","@id":"https:\/\/nhkmachineryparts.com\/product\/hygienic-swivel-side-guide-bracket-in-stainless-steel\/","url":"https:\/\/nhkmachineryparts.com\/product\/hygienic-swivel-side-guide-bracket-in-stainless-steel\/","name":"Soporte gu\u00eda lateral giratorio higi\u00e9nico en acero inoxidable | Piezas de maquinaria NHK","isPartOf":{"@id":"https:\/\/nhkmachineryparts.com\/#website"},"primaryImageOfPage":{"@id":"https:\/\/nhkmachineryparts.com\/product\/hygienic-swivel-side-guide-bracket-in-stainless-steel\/#primaryimage"},"image":{"@id":"https:\/\/nhkmachineryparts.com\/product\/hygienic-swivel-side-guide-bracket-in-stainless-steel\/#primaryimage"},"thumbnailUrl":"https:\/\/nhkmachineryparts.com\/wp-content\/uploads\/2023\/07\/Hygienic-swivel-side-guide-bracket-in-stainless-steel-304.jpg","datePublished":"2023-07-31T12:31:23+00:00","dateModified":"2026-02-23T11:52:14+00:00","description":"Las gu\u00edas laterales higi\u00e9nicas giratorias est\u00e1n dise\u00f1adas con una superficie lisa sin nervaduras, bridas, huecos ni orificios de montaje innecesarios, lo que minimiza la contaminaci\u00f3n.","breadcrumb":{"@id":"https:\/\/nhkmachineryparts.com\/product\/hygienic-swivel-side-guide-bracket-in-stainless-steel\/#breadcrumb"},"inLanguage":"es","potentialAction":[{"@type":"ReadAction","target":["https:\/\/nhkmachineryparts.com\/product\/hygienic-swivel-side-guide-bracket-in-stainless-steel\/"]}]},{"@type":"ImageObject","inLanguage":"es","@id":"https:\/\/nhkmachineryparts.com\/product\/hygienic-swivel-side-guide-bracket-in-stainless-steel\/#primaryimage","url":"https:\/\/nhkmachineryparts.com\/wp-content\/uploads\/2023\/07\/Hygienic-swivel-side-guide-bracket-in-stainless-steel-304.jpg","contentUrl":"https:\/\/nhkmachineryparts.com\/wp-content\/uploads\/2023\/07\/Hygienic-swivel-side-guide-bracket-in-stainless-steel-304.jpg","width":1000,"height":1000,"caption":"Hygienic swivel side guide bracket in stainless steel 304"},{"@type":"BreadcrumbList","@id":"https:\/\/nhkmachineryparts.com\/product\/hygienic-swivel-side-guide-bracket-in-stainless-steel\/#breadcrumb","itemListElement":[{"@type":"ListItem","position":1,"name":"Home","item":"https:\/\/nhkmachineryparts.com\/"},{"@type":"ListItem","position":2,"name":"Product line","item":"https:\/\/nhkmachineryparts.com\/product-line\/"},{"@type":"ListItem","position":3,"name":"Hygienic machinery components in stainless steel","item":"https:\/\/nhkmachineryparts.com\/product-line\/hygienic-machinery-components-in-stainless-steel\/"},{"@type":"ListItem","position":4,"name":"Hygienic swivel side guide bracket in stainless steel"}]},{"@type":"WebSite","@id":"https:\/\/nhkmachineryparts.com\/#website","url":"https:\/\/nhkmachineryparts.com\/","name":"Piezas de maquinaria NHK","description":"Casas de rodamiento, pies niveladores s\u00edsmicos y ruedas niveladoras","publisher":{"@id":"https:\/\/nhkmachineryparts.com\/#organization"},"potentialAction":[{"@type":"SearchAction","target":{"@type":"EntryPoint","urlTemplate":"https:\/\/nhkmachineryparts.com\/?s={search_term_string}"},"query-input":{"@type":"PropertyValueSpecification","valueRequired":true,"valueName":"search_term_string"}}],"inLanguage":"es"},{"@type":"Organization","@id":"https:\/\/nhkmachineryparts.com\/#organization","name":"Grupo Nhk ApS","url":"https:\/\/nhkmachineryparts.com\/","logo":{"@type":"ImageObject","inLanguage":"es","@id":"https:\/\/nhkmachineryparts.com\/#\/schema\/logo\/image\/","url":"https:\/\/nhkmachineryparts.com\/wp-content\/uploads\/2022\/09\/NHKgroup_social.jpg","contentUrl":"https:\/\/nhkmachineryparts.com\/wp-content\/uploads\/2022\/09\/NHKgroup_social.jpg","width":1200,"height":630,"caption":"Nhk Group ApS"},"image":{"@id":"https:\/\/nhkmachineryparts.com\/#\/schema\/logo\/image\/"},"sameAs":["https:\/\/www.facebook.com\/NHK.Group.aps"]}]}},"_links":{"self":[{"href":"https:\/\/nhkmachineryparts.com\/es\/wp-json\/wp\/v2\/product\/5875","targetHints":{"allow":["GET"]}}],"collection":[{"href":"https:\/\/nhkmachineryparts.com\/es\/wp-json\/wp\/v2\/product"}],"about":[{"href":"https:\/\/nhkmachineryparts.com\/es\/wp-json\/wp\/v2\/types\/product"}],"wp:featuredmedia":[{"embeddable":true,"href":"https:\/\/nhkmachineryparts.com\/es\/wp-json\/wp\/v2\/media\/8587"}],"wp:attachment":[{"href":"https:\/\/nhkmachineryparts.com\/es\/wp-json\/wp\/v2\/media?parent=5875"}],"wp:term":[{"taxonomy":"product_brand","embeddable":true,"href":"https:\/\/nhkmachineryparts.com\/es\/wp-json\/wp\/v2\/product_brand?post=5875"},{"taxonomy":"product_cat","embeddable":true,"href":"https:\/\/nhkmachineryparts.com\/es\/wp-json\/wp\/v2\/product_cat?post=5875"},{"taxonomy":"product_tag","embeddable":true,"href":"https:\/\/nhkmachineryparts.com\/es\/wp-json\/wp\/v2\/product_tag?post=5875"}],"curies":[{"name":"Gracias","href":"https:\/\/api.w.org\/{rel}","templated":true}]}}