{"id":5791,"date":"2023-07-28T13:48:32","date_gmt":"2023-07-28T11:48:32","guid":{"rendered":"https:\/\/nhkmachineryparts.com\/?post_type=product&#038;p=5791"},"modified":"2026-02-23T13:54:11","modified_gmt":"2026-02-23T11:54:11","slug":"pomo-estrella-higienico-en-acero-inoxidable","status":"publish","type":"product","link":"https:\/\/nhkmachineryparts.com\/es\/product\/hygienic-star-knob-in-stainless-steel\/","title":{"rendered":"Pomo higi\u00e9nico en forma de estrella en acero inoxidable."},"content":{"rendered":"<section class=\"vc_row liquid-row-shadowbox-69d4a79d4a766\"><div class=\"ld-container container\"><div class=\"row ld-row ld-row-outer\"><div class=\"wpb_column vc_column_container vc_col-sm-12 liquid-column-69d4a79d4a8c7\"><div class=\"vc_column-inner\" ><div class=\"wpb_wrapper\"  >\n\t<div class=\"wpb_text_column wpb_content_element\" >\n\t\t<div class=\"wpb_wrapper\">\n\t\t\t<h2>Pomo higi\u00e9nico en forma de estrella en acero inoxidable.<\/h2>\n<p>Este accesorio es la elecci\u00f3n \u00f3ptima para equipos que deben cumplir con los requisitos de higiene.<\/p>\n<p>Superficies autodrenantes con una rugosidad m\u00e1xima de 0,8 \u00b5m Ra.<\/p>\n<h2>Caja higi\u00e9nica Pomo de estrella<\/h2>\n<p>Pomo Estrella Higi\u00e9nico M6-24-LC<\/p>\n<p>Pomo Estrella Higi\u00e9nico M6-30-LC<\/p>\n<p>Pomo Estrella Higi\u00e9nico M8-36-LC<\/p>\n<p>Pomo Estrella Higi\u00e9nico M10-46-LC<\/p>\n<p>Pomo Estrella Higi\u00e9nico M12-60-LC<\/p>\n<p><a href=\"https:\/\/nhkmachineryparts.com\/es\/linea-de-producto\/piezas-transportadoras-higienicas-en-diseno-de-acero-inoxidable\/\">Otras piezas higi\u00e9nicas en acero inoxidable.<\/a><\/p>\n<h2><strong>Perilla de estrella sanitaria en acero inoxidable<\/strong><\/h2>\n<h3><strong>Una soluci\u00f3n higi\u00e9nica para las industrias modernas<\/strong><\/h3>\n<p>&nbsp;<\/p>\n<p>Las perillas de estrella sanitarias, fabricadas en acero inoxidable, son componentes esenciales para <a href=\"https:\/\/nhkmachineryparts.com\/es\/our-industries\/\" data-internallinksmanager029f6b8e52c=\"4\" title=\"Nuestras industrias\">industrias<\/a> que priorizan la limpieza y la precisi\u00f3n. Estos sujetadores vers\u00e1tiles est\u00e1n dise\u00f1ados para soportar entornos hostiles y, al mismo tiempo, garantizar el cumplimiento de los est\u00e1ndares de higiene m\u00e1s estrictos. Ya sea en el procesamiento de alimentos, productos farmac\u00e9uticos o biotecnolog\u00eda, las perillas de estrella sanitarias mejoran la eficiencia operativa y promueven la seguridad.<\/p>\n<hr \/>\n<h2><strong>\u00bfQu\u00e9 son las perillas de estrella sanitarias?<\/strong><\/h2>\n<p>Las perillas de estrella sanitarias son sujetadores de forma ergon\u00f3mica hechos de acero inoxidable, dise\u00f1ados para un f\u00e1cil agarre y aplicaci\u00f3n de torsi\u00f3n. Su exclusiva forma de estrella proporciona una sujeci\u00f3n firme, lo que permite realizar ajustes sin problemas incluso en entornos dif\u00edciles. Con superficies lisas y pulidas y caracter\u00edsticas higi\u00e9nicas, estas perillas son ideales para aplicaciones sanitarias y de salas blancas.<\/p>\n<h3><strong>Caracter\u00edsticas clave<\/strong><\/h3>\n<ul>\n<li><strong>Construcci\u00f3n de acero inoxidable:<\/strong> Ofrece una resistencia excepcional a la corrosi\u00f3n y al desgaste, garantizando longevidad.<\/li>\n<li><strong>Dise\u00f1o higi\u00e9nico:<\/strong> Las superficies lisas y la construcci\u00f3n sin grietas evitan la acumulaci\u00f3n de contaminantes.<\/li>\n<li><strong>F\u00e1cil mantenimiento:<\/strong> Dise\u00f1ado para una limpieza r\u00e1pida, reduciendo el tiempo de inactividad en aplicaciones cr\u00edticas.<\/li>\n<li><strong>Alta durabilidad:<\/strong> Capaz de soportar temperaturas extremas y rigurosos protocolos de limpieza.<\/li>\n<\/ul>\n<hr \/>\n<h2><strong>Aplicaciones de las perillas de estrella sanitarias de acero inoxidable<\/strong><\/h2>\n<p>Las perillas de estrella sanitarias son indispensables en diversas industrias, donde la limpieza y la durabilidad son primordiales.<\/p>\n<h3><strong>Procesamiento de alimentos<\/strong><\/h3>\n<p>En la producci\u00f3n de alimentos, los componentes deben cumplir con estrictas normas de higiene. Las perillas de estrella sanitarias de acero inoxidable resisten el crecimiento bacteriano y cumplen con los est\u00e1ndares de la industria como <a href=\"https:\/\/nhkmachineryparts.com\/es\/cual-es-la-diferencia-entre-3a-y-ehedg\/\" data-internallinksmanager029f6b8e52c=\"2\" title=\"Piezas de maquinaria certificadas EHEDG\">EHEDG<\/a> y certificaci\u00f3n 3-A. Las aplicaciones incluyen:<\/p>\n<ul>\n<li>Ajuste de equipos en l\u00edneas de producci\u00f3n.<\/li>\n<li>Fijaci\u00f3n de paneles y cubiertas de m\u00e1quinas.<\/li>\n<\/ul>\n<h3><strong>Industria farmac\u00e9utica<\/strong><\/h3>\n<p>El sector farmac\u00e9utico exige precisi\u00f3n y esterilidad. Los mandos de estrella sanitarios garantizan un funcionamiento perfecto de equipos como:<\/p>\n<ul>\n<li>M\u00e1quinas prensadoras de tabletas.<\/li>\n<li>Sistemas de llenado est\u00e9ril.<\/li>\n<\/ul>\n<h3><strong>Biotecnolog\u00eda y dispositivos m\u00e9dicos<\/strong><\/h3>\n<p>En la fabricaci\u00f3n de biotecnolog\u00eda y equipos m\u00e9dicos, las perillas de estrella sanitarias contribuyen a procesos seguros y eficientes, garantizando que no haya contaminaci\u00f3n en entornos sensibles.<\/p>\n<hr \/>\n<h2><strong>Beneficios de las perillas de estrella sanitarias<\/strong><\/h2>\n<h3><strong>Higiene mejorada<\/strong><\/h3>\n<p>Las superficies de acero inoxidable pulido y sin grietas eliminan las \u00e1reas donde podr\u00edan acumularse bacterias, lo que hace que estas perillas sean adecuadas para industrias con requisitos estrictos de limpieza y esterilizaci\u00f3n.<\/p>\n<h3><strong>Resistencia a la corrosi\u00f3n<\/strong><\/h3>\n<p>El acero inoxidable resiste la corrosi\u00f3n de los productos qu\u00edmicos de limpieza, el vapor y la humedad, manteniendo su integridad estructural a lo largo del tiempo.<\/p>\n<h3><strong>Seguridad mejorada<\/strong><\/h3>\n<p>El dise\u00f1o ergon\u00f3mico de las perillas de estrella reduce la fatiga del operador y mejora el agarre, garantizando ajustes seguros durante el uso.<\/p>\n<h3><strong>Cumplimiento de normas<\/strong><\/h3>\n<p>Las perillas de estrella sanitarias cumplen con los est\u00e1ndares de higiene globales, incluidos EHEDG y 3-A, lo que garantiza que cumplen con los m\u00e1s altos est\u00e1ndares de la industria.<\/p>\n<hr \/>\n<h2><strong>C\u00f3mo elegir la perilla de estrella sanitaria adecuada<\/strong><\/h2>\n<p>A la hora de seleccionar una perilla de estrella sanitaria, tenga en cuenta los siguientes factores:<\/p>\n<ul>\n<li><strong>Grado del material:<\/strong> Opte por acero inoxidable de alta calidad, como 316L, para una mayor resistencia a la corrosi\u00f3n.<\/li>\n<li><strong>Certificaciones de higiene:<\/strong> Busque productos certificados por EHEDG, 3-A u organizaciones similares.<\/li>\n<li><strong>Acabado superficial:<\/strong> Aseg\u00farese de un acabado pulido para facilitar la limpieza y evitar la contaminaci\u00f3n.<\/li>\n<li><strong>Requisitos de tama\u00f1o y torque:<\/strong> Elija perillas que coincidan con las especificaciones de su equipo para una funcionalidad \u00f3ptima.<\/li>\n<\/ul>\n<hr \/>\n<h2><strong>Perillas de estrella sanitarias en acero inoxidable<\/strong><\/h2>\n<h3><strong>La soluci\u00f3n de fijaci\u00f3n higi\u00e9nica definitiva para las industrias modernas<\/strong><\/h3>\n<p>Las perillas de estrella sanitarias de acero inoxidable representan la cumbre de las soluciones de fijaci\u00f3n higi\u00e9nicas y duraderas. Su dise\u00f1o satisface las necesidades de las industrias en las que la limpieza, la eficiencia y el cumplimiento son fundamentales. Al incorporar estos componentes robustos a sus operaciones, garantiza no solo una mejor funcionalidad, sino tambi\u00e9n el cumplimiento de las estrictas normas de seguridad e higiene.<\/p>\n<p>Invertir en perillas de estrella sanitarias es un paso hacia un entorno industrial m\u00e1s limpio, eficiente y que cumpla con las normas. Ya sea en el procesamiento de alimentos, la industria farmac\u00e9utica o la biotecnolog\u00eda, estas perillas de acero inoxidable son la opci\u00f3n ideal para las industrias modernas.<\/p>\n\n\t\t<\/div>\n\t<\/div>\n<\/div><\/div><\/div><\/div><\/div><\/section>","protected":false},"excerpt":{"rendered":"Hygienic star knob in stainless steel This accessory are the optimal choice for equipment that must comply with hygiene requirements. Self-draining surfaces with a maximal roughness of 0.8 \u00b5m Ra. Hygienic\u00a0enclosure\u00a0Star knob Hygienic Star Knob M6-24-LC Hygienic Star Knob M6-30-LC Hygienic Star Knob M8-36-LC Hygienic Star Knob M10-46-LC Hygienic Star Knob M12-60-LC Other hygienic parts [...]","protected":false},"featured_media":8565,"template":"","meta":[],"product_brand":[],"product_cat":[64],"product_tag":[],"class_list":{"0":"post-5791","1":"product","2":"type-product","3":"status-publish","4":"has-post-thumbnail","6":"product_cat-hygienic-machinery-components-in-stainless-steel","8":"first","9":"instock","10":"shipping-taxable","11":"product-type-simple"},"yoast_head":"<!-- This site is optimized with the Yoast SEO plugin v27.3 - https:\/\/yoast.com\/product\/yoast-seo-wordpress\/ -->\n<title>Hygienic star knob in stainless steel | NHK Machinery Parts<\/title>\n<meta name=\"description\" content=\"Benefits of sanitary star knobs in stainless steel. Engineered for hygienic applications, these durable and easy-to-clean components.\" \/>\n<meta name=\"robots\" content=\"index, follow, max-snippet:-1, max-image-preview:large, max-video-preview:-1\" \/>\n<link rel=\"canonical\" href=\"https:\/\/nhkmachineryparts.com\/es\/producto\/pomo-estrella-higienico-en-acero-inoxidable\/\" \/>\n<meta property=\"og:locale\" content=\"es_ES\" \/>\n<meta property=\"og:type\" content=\"article\" \/>\n<meta property=\"og:title\" content=\"Hygienic star knob in stainless steel | NHK Machinery Parts\" \/>\n<meta property=\"og:description\" content=\"Benefits of sanitary star knobs in stainless steel. Engineered for hygienic applications, these durable and easy-to-clean components.\" \/>\n<meta property=\"og:url\" content=\"https:\/\/nhkmachineryparts.com\/es\/producto\/pomo-estrella-higienico-en-acero-inoxidable\/\" \/>\n<meta property=\"og:site_name\" content=\"NHK Machinery Parts\" \/>\n<meta property=\"article:publisher\" content=\"https:\/\/www.facebook.com\/NHK.Group.aps\" \/>\n<meta property=\"article:modified_time\" content=\"2026-02-23T11:54:11+00:00\" \/>\n<meta property=\"og:image\" content=\"https:\/\/nhkmachineryparts.com\/wp-content\/uploads\/2023\/07\/Hygienic-star-knob-in-stainless-steel.jpg\" \/>\n\t<meta property=\"og:image:width\" content=\"1000\" \/>\n\t<meta property=\"og:image:height\" content=\"1000\" \/>\n\t<meta property=\"og:image:type\" content=\"image\/jpeg\" \/>\n<meta name=\"twitter:card\" content=\"summary_large_image\" \/>\n<meta name=\"twitter:label1\" content=\"Tiempo de lectura\" \/>\n\t<meta name=\"twitter:data1\" content=\"3 minutos\" \/>\n<script type=\"application\/ld+json\" class=\"yoast-schema-graph\">{\"@context\":\"https:\\\/\\\/schema.org\",\"@graph\":[{\"@type\":\"WebPage\",\"@id\":\"https:\\\/\\\/nhkmachineryparts.com\\\/product\\\/hygienic-star-knob-in-stainless-steel\\\/\",\"url\":\"https:\\\/\\\/nhkmachineryparts.com\\\/product\\\/hygienic-star-knob-in-stainless-steel\\\/\",\"name\":\"Hygienic star knob in stainless steel | NHK Machinery Parts\",\"isPartOf\":{\"@id\":\"https:\\\/\\\/nhkmachineryparts.com\\\/#website\"},\"primaryImageOfPage\":{\"@id\":\"https:\\\/\\\/nhkmachineryparts.com\\\/product\\\/hygienic-star-knob-in-stainless-steel\\\/#primaryimage\"},\"image\":{\"@id\":\"https:\\\/\\\/nhkmachineryparts.com\\\/product\\\/hygienic-star-knob-in-stainless-steel\\\/#primaryimage\"},\"thumbnailUrl\":\"https:\\\/\\\/nhkmachineryparts.com\\\/wp-content\\\/uploads\\\/2023\\\/07\\\/Hygienic-star-knob-in-stainless-steel.jpg\",\"datePublished\":\"2023-07-28T11:48:32+00:00\",\"dateModified\":\"2026-02-23T11:54:11+00:00\",\"description\":\"Benefits of sanitary star knobs in stainless steel. Engineered for hygienic applications, these durable and easy-to-clean components.\",\"breadcrumb\":{\"@id\":\"https:\\\/\\\/nhkmachineryparts.com\\\/product\\\/hygienic-star-knob-in-stainless-steel\\\/#breadcrumb\"},\"inLanguage\":\"es\",\"potentialAction\":[{\"@type\":\"ReadAction\",\"target\":[\"https:\\\/\\\/nhkmachineryparts.com\\\/product\\\/hygienic-star-knob-in-stainless-steel\\\/\"]}]},{\"@type\":\"ImageObject\",\"inLanguage\":\"es\",\"@id\":\"https:\\\/\\\/nhkmachineryparts.com\\\/product\\\/hygienic-star-knob-in-stainless-steel\\\/#primaryimage\",\"url\":\"https:\\\/\\\/nhkmachineryparts.com\\\/wp-content\\\/uploads\\\/2023\\\/07\\\/Hygienic-star-knob-in-stainless-steel.jpg\",\"contentUrl\":\"https:\\\/\\\/nhkmachineryparts.com\\\/wp-content\\\/uploads\\\/2023\\\/07\\\/Hygienic-star-knob-in-stainless-steel.jpg\",\"width\":1000,\"height\":1000,\"caption\":\"Hygienic star knob in stainless steel\"},{\"@type\":\"BreadcrumbList\",\"@id\":\"https:\\\/\\\/nhkmachineryparts.com\\\/product\\\/hygienic-star-knob-in-stainless-steel\\\/#breadcrumb\",\"itemListElement\":[{\"@type\":\"ListItem\",\"position\":1,\"name\":\"Home\",\"item\":\"https:\\\/\\\/nhkmachineryparts.com\\\/\"},{\"@type\":\"ListItem\",\"position\":2,\"name\":\"Product line\",\"item\":\"https:\\\/\\\/nhkmachineryparts.com\\\/product-line\\\/\"},{\"@type\":\"ListItem\",\"position\":3,\"name\":\"Hygienic machinery components in stainless steel\",\"item\":\"https:\\\/\\\/nhkmachineryparts.com\\\/product-line\\\/hygienic-machinery-components-in-stainless-steel\\\/\"},{\"@type\":\"ListItem\",\"position\":4,\"name\":\"Hygienic star knob in stainless steel\"}]},{\"@type\":\"WebSite\",\"@id\":\"https:\\\/\\\/nhkmachineryparts.com\\\/#website\",\"url\":\"https:\\\/\\\/nhkmachineryparts.com\\\/\",\"name\":\"NHK Machinery Parts\",\"description\":\"Bearing Houses, seismic levelling feet and levelling castors\",\"publisher\":{\"@id\":\"https:\\\/\\\/nhkmachineryparts.com\\\/#organization\"},\"potentialAction\":[{\"@type\":\"SearchAction\",\"target\":{\"@type\":\"EntryPoint\",\"urlTemplate\":\"https:\\\/\\\/nhkmachineryparts.com\\\/?s={search_term_string}\"},\"query-input\":{\"@type\":\"PropertyValueSpecification\",\"valueRequired\":true,\"valueName\":\"search_term_string\"}}],\"inLanguage\":\"es\"},{\"@type\":\"Organization\",\"@id\":\"https:\\\/\\\/nhkmachineryparts.com\\\/#organization\",\"name\":\"Nhk Group ApS\",\"url\":\"https:\\\/\\\/nhkmachineryparts.com\\\/\",\"logo\":{\"@type\":\"ImageObject\",\"inLanguage\":\"es\",\"@id\":\"https:\\\/\\\/nhkmachineryparts.com\\\/#\\\/schema\\\/logo\\\/image\\\/\",\"url\":\"https:\\\/\\\/nhkmachineryparts.com\\\/wp-content\\\/uploads\\\/2022\\\/09\\\/NHKgroup_social.jpg\",\"contentUrl\":\"https:\\\/\\\/nhkmachineryparts.com\\\/wp-content\\\/uploads\\\/2022\\\/09\\\/NHKgroup_social.jpg\",\"width\":1200,\"height\":630,\"caption\":\"Nhk Group ApS\"},\"image\":{\"@id\":\"https:\\\/\\\/nhkmachineryparts.com\\\/#\\\/schema\\\/logo\\\/image\\\/\"},\"sameAs\":[\"https:\\\/\\\/www.facebook.com\\\/NHK.Group.aps\"]}]}<\/script>\n<!-- \/ Yoast SEO plugin. -->","yoast_head_json":{"title":"Pomo higi\u00e9nico en forma de estrella en acero inoxidable | Piezas de maquinaria NHK","description":"Beneficios de las perillas de estrella sanitarias en acero inoxidable. Dise\u00f1adas para aplicaciones higi\u00e9nicas, estos componentes son duraderos y f\u00e1ciles de limpiar.","robots":{"index":"index","follow":"follow","max-snippet":"max-snippet:-1","max-image-preview":"max-image-preview:large","max-video-preview":"max-video-preview:-1"},"canonical":"https:\/\/nhkmachineryparts.com\/es\/producto\/pomo-estrella-higienico-en-acero-inoxidable\/","og_locale":"es_ES","og_type":"article","og_title":"Hygienic star knob in stainless steel | NHK Machinery Parts","og_description":"Benefits of sanitary star knobs in stainless steel. Engineered for hygienic applications, these durable and easy-to-clean components.","og_url":"https:\/\/nhkmachineryparts.com\/es\/producto\/pomo-estrella-higienico-en-acero-inoxidable\/","og_site_name":"NHK Machinery Parts","article_publisher":"https:\/\/www.facebook.com\/NHK.Group.aps","article_modified_time":"2026-02-23T11:54:11+00:00","og_image":[{"width":1000,"height":1000,"url":"https:\/\/nhkmachineryparts.com\/wp-content\/uploads\/2023\/07\/Hygienic-star-knob-in-stainless-steel.jpg","type":"image\/jpeg"}],"twitter_card":"summary_large_image","twitter_misc":{"Tiempo de lectura":"3 minutos"},"schema":{"@context":"https:\/\/schema.org","@graph":[{"@type":"WebPage","@id":"https:\/\/nhkmachineryparts.com\/product\/hygienic-star-knob-in-stainless-steel\/","url":"https:\/\/nhkmachineryparts.com\/product\/hygienic-star-knob-in-stainless-steel\/","name":"Pomo higi\u00e9nico en forma de estrella en acero inoxidable | Piezas de maquinaria NHK","isPartOf":{"@id":"https:\/\/nhkmachineryparts.com\/#website"},"primaryImageOfPage":{"@id":"https:\/\/nhkmachineryparts.com\/product\/hygienic-star-knob-in-stainless-steel\/#primaryimage"},"image":{"@id":"https:\/\/nhkmachineryparts.com\/product\/hygienic-star-knob-in-stainless-steel\/#primaryimage"},"thumbnailUrl":"https:\/\/nhkmachineryparts.com\/wp-content\/uploads\/2023\/07\/Hygienic-star-knob-in-stainless-steel.jpg","datePublished":"2023-07-28T11:48:32+00:00","dateModified":"2026-02-23T11:54:11+00:00","description":"Beneficios de las perillas de estrella sanitarias en acero inoxidable. Dise\u00f1adas para aplicaciones higi\u00e9nicas, estos componentes son duraderos y f\u00e1ciles de limpiar.","breadcrumb":{"@id":"https:\/\/nhkmachineryparts.com\/product\/hygienic-star-knob-in-stainless-steel\/#breadcrumb"},"inLanguage":"es","potentialAction":[{"@type":"ReadAction","target":["https:\/\/nhkmachineryparts.com\/product\/hygienic-star-knob-in-stainless-steel\/"]}]},{"@type":"ImageObject","inLanguage":"es","@id":"https:\/\/nhkmachineryparts.com\/product\/hygienic-star-knob-in-stainless-steel\/#primaryimage","url":"https:\/\/nhkmachineryparts.com\/wp-content\/uploads\/2023\/07\/Hygienic-star-knob-in-stainless-steel.jpg","contentUrl":"https:\/\/nhkmachineryparts.com\/wp-content\/uploads\/2023\/07\/Hygienic-star-knob-in-stainless-steel.jpg","width":1000,"height":1000,"caption":"Hygienic star knob in stainless steel"},{"@type":"BreadcrumbList","@id":"https:\/\/nhkmachineryparts.com\/product\/hygienic-star-knob-in-stainless-steel\/#breadcrumb","itemListElement":[{"@type":"ListItem","position":1,"name":"Home","item":"https:\/\/nhkmachineryparts.com\/"},{"@type":"ListItem","position":2,"name":"Product line","item":"https:\/\/nhkmachineryparts.com\/product-line\/"},{"@type":"ListItem","position":3,"name":"Hygienic machinery components in stainless steel","item":"https:\/\/nhkmachineryparts.com\/product-line\/hygienic-machinery-components-in-stainless-steel\/"},{"@type":"ListItem","position":4,"name":"Hygienic star knob in stainless steel"}]},{"@type":"WebSite","@id":"https:\/\/nhkmachineryparts.com\/#website","url":"https:\/\/nhkmachineryparts.com\/","name":"Piezas de maquinaria NHK","description":"Casas de rodamiento, pies niveladores s\u00edsmicos y ruedas niveladoras","publisher":{"@id":"https:\/\/nhkmachineryparts.com\/#organization"},"potentialAction":[{"@type":"SearchAction","target":{"@type":"EntryPoint","urlTemplate":"https:\/\/nhkmachineryparts.com\/?s={search_term_string}"},"query-input":{"@type":"PropertyValueSpecification","valueRequired":true,"valueName":"search_term_string"}}],"inLanguage":"es"},{"@type":"Organization","@id":"https:\/\/nhkmachineryparts.com\/#organization","name":"Grupo Nhk ApS","url":"https:\/\/nhkmachineryparts.com\/","logo":{"@type":"ImageObject","inLanguage":"es","@id":"https:\/\/nhkmachineryparts.com\/#\/schema\/logo\/image\/","url":"https:\/\/nhkmachineryparts.com\/wp-content\/uploads\/2022\/09\/NHKgroup_social.jpg","contentUrl":"https:\/\/nhkmachineryparts.com\/wp-content\/uploads\/2022\/09\/NHKgroup_social.jpg","width":1200,"height":630,"caption":"Nhk Group ApS"},"image":{"@id":"https:\/\/nhkmachineryparts.com\/#\/schema\/logo\/image\/"},"sameAs":["https:\/\/www.facebook.com\/NHK.Group.aps"]}]}},"_links":{"self":[{"href":"https:\/\/nhkmachineryparts.com\/es\/wp-json\/wp\/v2\/product\/5791","targetHints":{"allow":["GET"]}}],"collection":[{"href":"https:\/\/nhkmachineryparts.com\/es\/wp-json\/wp\/v2\/product"}],"about":[{"href":"https:\/\/nhkmachineryparts.com\/es\/wp-json\/wp\/v2\/types\/product"}],"wp:featuredmedia":[{"embeddable":true,"href":"https:\/\/nhkmachineryparts.com\/es\/wp-json\/wp\/v2\/media\/8565"}],"wp:attachment":[{"href":"https:\/\/nhkmachineryparts.com\/es\/wp-json\/wp\/v2\/media?parent=5791"}],"wp:term":[{"taxonomy":"product_brand","embeddable":true,"href":"https:\/\/nhkmachineryparts.com\/es\/wp-json\/wp\/v2\/product_brand?post=5791"},{"taxonomy":"product_cat","embeddable":true,"href":"https:\/\/nhkmachineryparts.com\/es\/wp-json\/wp\/v2\/product_cat?post=5791"},{"taxonomy":"product_tag","embeddable":true,"href":"https:\/\/nhkmachineryparts.com\/es\/wp-json\/wp\/v2\/product_tag?post=5791"}],"curies":[{"name":"Gracias","href":"https:\/\/api.w.org\/{rel}","templated":true}]}}