{"id":5542,"date":"2023-07-14T09:16:02","date_gmt":"2023-07-14T07:16:02","guid":{"rendered":"https:\/\/nhkmachineryparts.com\/?post_type=product&#038;p=5542"},"modified":"2026-02-27T15:59:45","modified_gmt":"2026-02-27T13:59:45","slug":"ehedg-3a-tuerca-higienica-en-acero-inoxidable","status":"publish","type":"product","link":"https:\/\/nhkmachineryparts.com\/es\/product\/ehedg-3a-hygienic-nut-in-stainless-steel\/","title":{"rendered":"EHEDG-certified nut"},"content":{"rendered":"<section class=\"vc_row liquid-row-shadowbox-69d0b1f615e1e\"><div class=\"ld-container container\"><div class=\"row ld-row ld-row-outer\"><div class=\"wpb_column vc_column_container vc_col-sm-12 liquid-column-69d0b1f615fc5\"><div class=\"vc_column-inner\" ><div class=\"wpb_wrapper\"  >\n\t<div class=\"wpb_text_column wpb_content_element\" >\n\t\t<div class=\"wpb_wrapper\">\n\t\t\t<h3>Un elemento imprescindible para el equipamiento higi\u00e9nico<\/h3>\n<p>El sello bloquea el agua y las bacterias y tambi\u00e9n evita un montaje no higi\u00e9nico de metal con metal.<\/p>\n<p>El dise\u00f1o de las tuercas no difiere del tama\u00f1o de las tuercas est\u00e1ndar actuales. Por lo tanto, los tama\u00f1os de llave, alturas de rosca, etc., siguen siendo los mismos, lo que hace que sea muy f\u00e1cil actualizar y reemplazar tuercas est\u00e1ndar. Esta es la elecci\u00f3n correcta de tuercas para usar en toda la maquinaria en todos los entornos de lavado higi\u00e9nico certificados.<\/p>\n<p>Superficies autodrenantes con una rugosidad m\u00e1xima de 0,8 \u00b5m Ra.<br \/>\nMaterial Acero inoxidable 1.4301 y junta de silicona.<\/p>\n<h2>Tuerca higi\u00e9nica EHEDG<\/h2>\n<p>3A HN M5-L12 \u00d812<br \/>\n3A HN M5-L18 \u00d812<\/p>\n<p>3A HN M6-L12 \u00d812<br \/>\n3A HN M6-L18 \u00d812<\/p>\n<p>3A HN M8-L14 \u00d815<br \/>\n3A HN M8-L21 \u00d815<\/p>\n<p>3A HN M10-L16 \u00d820<br \/>\n3A HN M10-L24 \u00d820<\/p>\n<p>3A HN M12-L18 \u00d822<br \/>\n3A HN M12-L27 \u00d822<\/p>\n<p>3A HN M16-L20 \u00d828<br \/>\n3A HN M16-L30 \u00d828<\/p>\n<p>3A HN M20-L22 \u00d832<br \/>\n3A HN M20-L33 \u00d832<\/p>\n<p>3A HN M24-L24 \u00d836<br \/>\n3A HN M24-L36 \u00d836<\/p>\n<p>3A HN M30-L26 \u00d846<br \/>\n3A HN M30-L39 \u00d846<\/p>\n<p><a href=\"https:\/\/nhkmachineryparts.com\/es\/linea-de-producto\/\">Vea nuestra l\u00ednea de productos aqu\u00ed | Piezas de maquinaria NHK<\/a><\/p>\n<p><a href=\"https:\/\/nhkmachineryparts.com\/es\/contacto\/\">Cont\u00e1ctenos para una soluci\u00f3n higi\u00e9nica<\/a><\/p>\n<p><a class=\"btn btn-default btn-sm btn-bordered border-thick btn-bordered-gradient btn-has-label ld_button_659f848cbf99c vc_custom_1695064545432\" href=\"https:\/\/nhkmachineryparts.com\/es\/catalogo-3\/#modal-box\" data-lity=\"#modal-box\"><span class=\"btn-txt\" data-text=\"Get our catalogue here\">Consigue nuestro cat\u00e1logo aqu\u00ed<\/span><\/a><\/p>\n<h2>Tuerca higi\u00e9nica EHEDG en acero inoxidable:<\/h2>\n<h3>Garantizar la higiene y la durabilidad en el procesamiento de alimentos y productos farmac\u00e9uticos<\/h3>\n<p>En <a href=\"https:\/\/nhkmachineryparts.com\/es\/our-industries\/\" data-internallinksmanager029f6b8e52c=\"4\" title=\"Nuestras industrias\">industrias<\/a> En los casos en que la higiene es una prioridad, como en el procesamiento de alimentos, los productos farmac\u00e9uticos y la biotecnolog\u00eda, la calidad de cada componente desempe\u00f1a un papel fundamental. Uno de esos componentes cr\u00edticos es el <strong><a href=\"https:\/\/nhkmachineryparts.com\/es\/cual-es-la-diferencia-entre-3a-y-ehedg\/\" data-internallinksmanager029f6b8e52c=\"2\" title=\"Piezas de maquinaria certificadas EHEDG\">EHEDG<\/a> Tuerca higi\u00e9nica en acero inoxidable<\/strong>, que garantiza tanto la integridad estructural como el cumplimiento de las normas de higiene de los equipos utilizados en estas industrias. En este art\u00edculo, analizaremos en profundidad las caracter\u00edsticas y ventajas exclusivas de esta pieza esencial y c\u00f3mo contribuye a optimizar el dise\u00f1o y el mantenimiento de la maquinaria.<\/p>\n<h2>\u00bfQu\u00e9 es una tuerca higi\u00e9nica EHEDG?<\/h2>\n<p>El <strong>Tuerca higi\u00e9nica EHEDG<\/strong> Es un componente de sujeci\u00f3n especializado fabricado con acero inoxidable de alta calidad. Est\u00e1 dise\u00f1ado para cumplir con los estrictos est\u00e1ndares de higiene y seguridad requeridos en la fabricaci\u00f3n de alimentos, bebidas y productos farmac\u00e9uticos. Este tipo de tuerca est\u00e1 certificado por organizaciones como la <strong>Grupo Europeo de Ingenier\u00eda y Dise\u00f1o Higi\u00e9nico (EHEDG)<\/strong> y <strong>Normas sanitarias<\/strong>, que se centran en promover los m\u00e1s altos est\u00e1ndares de limpieza y seguridad alimentaria en los equipos de procesamiento.<\/p>\n<p>Las tuercas higi\u00e9nicas EHEDG forman parte de un conjunto m\u00e1s amplio de directrices destinadas a prevenir la contaminaci\u00f3n y garantizar la seguridad de los alimentos y productos farmac\u00e9uticos para el consumo y el uso. Estas tuercas est\u00e1n dise\u00f1adas para evitar la acumulaci\u00f3n de suciedad, bacterias y otros contaminantes en zonas dif\u00edciles de limpiar, un problema com\u00fan con los componentes de fijaci\u00f3n est\u00e1ndar.<\/p>\n<h2>Caracter\u00edsticas principales de las tuercas higi\u00e9nicas EHEDG<\/h2>\n<h3>1. <strong>Resistencia a la corrosi\u00f3n<\/strong><\/h3>\n<p>Uno de los principales beneficios de utilizar <strong>Tuercas higi\u00e9nicas EHEDG de acero inoxidable<\/strong> Su excelente resistencia a la corrosi\u00f3n es una de sus principales caracter\u00edsticas. El acero inoxidable, en particular los grados como AISI 304 o 316, es muy resistente a la oxidaci\u00f3n y a las manchas. Esto hace que estas tuercas sean ideales para entornos que experimentan lavados frecuentes, exposici\u00f3n a la humedad o interacci\u00f3n con agentes de limpieza agresivos utilizados en aplicaciones higi\u00e9nicas.<\/p>\n<h3>2. <strong>F\u00e1cil de limpiar y mantener<\/strong><\/h3>\n<p>El dise\u00f1o de la tuerca higi\u00e9nica EHEDG garantiza que sea lisa, no porosa y libre de roscas que puedan atrapar contaminantes. Esto facilita su limpieza, una caracter\u00edstica fundamental en industrias donde la higiene es primordial. La ausencia de grietas y ranuras garantiza que los productos de limpieza lleguen f\u00e1cilmente a todas las superficies, evitando la acumulaci\u00f3n de bacterias, moho u otros agentes nocivos.<\/p>\n<h3>3. <strong>Alta durabilidad y longevidad<\/strong><\/h3>\n<p>Las tuercas higi\u00e9nicas EHEDG est\u00e1n dise\u00f1adas para un alto rendimiento en entornos exigentes. Son capaces de soportar temperaturas extremas y variaciones de presi\u00f3n, comunes en los equipos de procesamiento. Su durabilidad reduce la frecuencia de reemplazos y ayuda a garantizar el funcionamiento continuo de la maquinaria sin costosos tiempos de inactividad.<\/p>\n<h3>4. <strong>Ingenier\u00eda de precisi\u00f3n<\/strong><\/h3>\n<p>Las tuercas higi\u00e9nicas EHEDG se fabrican con precisi\u00f3n para cumplir con requisitos espec\u00edficos. Esto garantiza un ajuste firme y seguro, reduciendo el riesgo de fallos en la maquinaria o contaminaci\u00f3n del producto. Su dise\u00f1o estandarizado tambi\u00e9n garantiza su compatibilidad con una amplia gama de equipos, lo que las convierte en una opci\u00f3n vers\u00e1til para los fabricantes.<\/p>\n<h3>5. <strong>Cumplimiento de normas higi\u00e9nicas<\/strong><\/h3>\n<p>El <strong>Norma de certificaci\u00f3n EHEDG<\/strong> garantiza que estos frutos secos cumplen con las normas internacionales de seguridad e higiene. Ya sea que se utilicen en la industria de alimentos y bebidas o en el sector farmac\u00e9utico, estos componentes cumplen con los criterios cr\u00edticos de higiene, lo que evita la contaminaci\u00f3n cruzada en los procesos de producci\u00f3n.<\/p>\n<h2>Aplicaciones de las nueces higi\u00e9nicas EHEDG<\/h2>\n<p>Las tuercas higi\u00e9nicas EHEDG se utilizan en diversas aplicaciones en m\u00faltiples industrias. Algunos usos destacados incluyen:<\/p>\n<ul>\n<li><strong>Procesamiento de alimentos<\/strong>:En las instalaciones de producci\u00f3n de alimentos, se utilizan tuercas higi\u00e9nicas para asegurar equipos como pasteurizadores, mezcladores y transportadores, todos los cuales requieren una limpieza regular.<\/li>\n<li><strong>Fabricaci\u00f3n farmac\u00e9utica<\/strong>:Estas nueces se utilizan com\u00fanmente en equipos de procesamiento farmac\u00e9utico, incluidos mezcladores, reactores y m\u00e1quinas de llenado, donde la limpieza y la precisi\u00f3n son primordiales.<\/li>\n<li><strong>Biotecnolog\u00eda<\/strong>:En las instalaciones de biotecnolog\u00eda, estos frutos secos se emplean a menudo en tanques de fermentaci\u00f3n, reactores y sistemas de filtraci\u00f3n, donde se deben mantener estrictas condiciones de higiene.<\/li>\n<\/ul>\n<h2>\u00bfPor qu\u00e9 elegir nueces higi\u00e9nicas EHEDG?<\/h2>\n<p>En industrias donde la higiene no es negociable, <strong>Tuercas higi\u00e9nicas EHEDG en acero inoxidable<\/strong> Ofrecen la soluci\u00f3n perfecta para cumplir con altos est\u00e1ndares de limpieza, durabilidad y funcionalidad. Su resistencia a la corrosi\u00f3n, dise\u00f1o f\u00e1cil de limpiar y compatibilidad con diversos tipos de equipos higi\u00e9nicos los hacen indispensables para las industrias alimentaria, farmac\u00e9utica y biotecnol\u00f3gica. Tanto si dise\u00f1a nuevos equipos como si actualiza su maquinaria existente, la incorporaci\u00f3n de componentes con certificaci\u00f3n EHEDG garantiza que sus operaciones cumplan con las normativas, sean eficientes y seguras.<\/p>\n<p>Al elegir las tuercas higi\u00e9nicas EHEDG, est\u00e1 invirtiendo en un componente que no solo mejora la confiabilidad y la longevidad de su equipo, sino que tambi\u00e9n contribuye a un entorno de fabricaci\u00f3n m\u00e1s limpio y seguro.<\/p>\n\n\t\t<\/div>\n\t<\/div>\n<\/div><\/div><\/div><\/div><\/div><\/section>","protected":false},"excerpt":{"rendered":"A Must-Have for Hygienic Equipment The seal blocks out water and bacteria and also prevents a non-hygienic metal-to-metal assembly. The design of the nuts does not deviate from the sizes of current standard nuts. Therefore, wrench sizes, thread heights etc. all remains the same making it very easy to upgrade and replace standard nuts. This [...]","protected":false},"featured_media":8627,"template":"","meta":[],"product_brand":[],"product_cat":[98],"product_tag":[],"class_list":{"0":"post-5542","1":"product","2":"type-product","3":"status-publish","4":"has-post-thumbnail","6":"product_cat-ehedg-certified-3a-ssi-standard-components","8":"first","9":"instock","10":"shipping-taxable","11":"product-type-simple"},"yoast_head":"<!-- This site is optimized with the Yoast SEO plugin v27.2 - https:\/\/yoast.com\/product\/yoast-seo-wordpress\/ -->\n<title>EHEDG-certified nut | NHK Machinery Parts<\/title>\n<meta name=\"description\" content=\"Benefits and features of EHEDG Hygienic Nuts in Stainless Steel, ideal for applications in the food and pharmaceutical industries.\" \/>\n<meta name=\"robots\" content=\"index, follow, max-snippet:-1, max-image-preview:large, max-video-preview:-1\" \/>\n<link rel=\"canonical\" href=\"https:\/\/nhkmachineryparts.com\/es\/producto\/ehedg-3a-tuerca-higienica-en-acero-inoxidable\/\" \/>\n<meta property=\"og:locale\" content=\"es_ES\" \/>\n<meta property=\"og:type\" content=\"article\" \/>\n<meta property=\"og:title\" content=\"EHEDG-certified nut | NHK Machinery Parts\" \/>\n<meta property=\"og:description\" content=\"Benefits and features of EHEDG Hygienic Nuts in Stainless Steel, ideal for applications in the food and pharmaceutical industries.\" \/>\n<meta property=\"og:url\" content=\"https:\/\/nhkmachineryparts.com\/es\/producto\/ehedg-3a-tuerca-higienica-en-acero-inoxidable\/\" \/>\n<meta property=\"og:site_name\" content=\"NHK Machinery Parts\" \/>\n<meta property=\"article:publisher\" content=\"https:\/\/www.facebook.com\/NHK.Group.aps\" \/>\n<meta property=\"article:modified_time\" content=\"2026-02-27T13:59:45+00:00\" \/>\n<meta property=\"og:image\" content=\"https:\/\/nhkmachineryparts.com\/wp-content\/uploads\/2023\/07\/EHEDG-Hygienic-3A-nut.jpg\" \/>\n\t<meta property=\"og:image:width\" content=\"1000\" \/>\n\t<meta property=\"og:image:height\" content=\"1000\" \/>\n\t<meta property=\"og:image:type\" content=\"image\/jpeg\" \/>\n<meta name=\"twitter:card\" content=\"summary_large_image\" \/>\n<meta name=\"twitter:label1\" content=\"Tiempo de lectura\" \/>\n\t<meta name=\"twitter:data1\" content=\"5 minutos\" \/>\n<script type=\"application\/ld+json\" class=\"yoast-schema-graph\">{\"@context\":\"https:\/\/schema.org\",\"@graph\":[{\"@type\":\"WebPage\",\"@id\":\"https:\/\/nhkmachineryparts.com\/product\/ehedg-3a-hygienic-nut-in-stainless-steel\/\",\"url\":\"https:\/\/nhkmachineryparts.com\/product\/ehedg-3a-hygienic-nut-in-stainless-steel\/\",\"name\":\"EHEDG-certified nut | NHK Machinery Parts\",\"isPartOf\":{\"@id\":\"https:\/\/nhkmachineryparts.com\/#website\"},\"primaryImageOfPage\":{\"@id\":\"https:\/\/nhkmachineryparts.com\/product\/ehedg-3a-hygienic-nut-in-stainless-steel\/#primaryimage\"},\"image\":{\"@id\":\"https:\/\/nhkmachineryparts.com\/product\/ehedg-3a-hygienic-nut-in-stainless-steel\/#primaryimage\"},\"thumbnailUrl\":\"https:\/\/nhkmachineryparts.com\/wp-content\/uploads\/2023\/07\/EHEDG-Hygienic-3A-nut.jpg\",\"datePublished\":\"2023-07-14T07:16:02+00:00\",\"dateModified\":\"2026-02-27T13:59:45+00:00\",\"description\":\"Benefits and features of EHEDG Hygienic Nuts in Stainless Steel, ideal for applications in the food and pharmaceutical industries.\",\"breadcrumb\":{\"@id\":\"https:\/\/nhkmachineryparts.com\/product\/ehedg-3a-hygienic-nut-in-stainless-steel\/#breadcrumb\"},\"inLanguage\":\"es\",\"potentialAction\":[{\"@type\":\"ReadAction\",\"target\":[\"https:\/\/nhkmachineryparts.com\/product\/ehedg-3a-hygienic-nut-in-stainless-steel\/\"]}]},{\"@type\":\"ImageObject\",\"inLanguage\":\"es\",\"@id\":\"https:\/\/nhkmachineryparts.com\/product\/ehedg-3a-hygienic-nut-in-stainless-steel\/#primaryimage\",\"url\":\"https:\/\/nhkmachineryparts.com\/wp-content\/uploads\/2023\/07\/EHEDG-Hygienic-3A-nut.jpg\",\"contentUrl\":\"https:\/\/nhkmachineryparts.com\/wp-content\/uploads\/2023\/07\/EHEDG-Hygienic-3A-nut.jpg\",\"width\":1000,\"height\":1000,\"caption\":\"EHEDG Hygienic 3A nut\"},{\"@type\":\"BreadcrumbList\",\"@id\":\"https:\/\/nhkmachineryparts.com\/product\/ehedg-3a-hygienic-nut-in-stainless-steel\/#breadcrumb\",\"itemListElement\":[{\"@type\":\"ListItem\",\"position\":1,\"name\":\"Home\",\"item\":\"https:\/\/nhkmachineryparts.com\/\"},{\"@type\":\"ListItem\",\"position\":2,\"name\":\"Product line\",\"item\":\"https:\/\/nhkmachineryparts.com\/product-line\/\"},{\"@type\":\"ListItem\",\"position\":3,\"name\":\"Certified EHEDG standard components\",\"item\":\"https:\/\/nhkmachineryparts.com\/product-line\/ehedg-certified-3a-ssi-standard-components\/\"},{\"@type\":\"ListItem\",\"position\":4,\"name\":\"EHEDG-certified nut\"}]},{\"@type\":\"WebSite\",\"@id\":\"https:\/\/nhkmachineryparts.com\/#website\",\"url\":\"https:\/\/nhkmachineryparts.com\/\",\"name\":\"NHK Machinery Parts\",\"description\":\"Bearing Houses, seismic levelling feet and levelling castors\",\"publisher\":{\"@id\":\"https:\/\/nhkmachineryparts.com\/#organization\"},\"potentialAction\":[{\"@type\":\"SearchAction\",\"target\":{\"@type\":\"EntryPoint\",\"urlTemplate\":\"https:\/\/nhkmachineryparts.com\/?s={search_term_string}\"},\"query-input\":{\"@type\":\"PropertyValueSpecification\",\"valueRequired\":true,\"valueName\":\"search_term_string\"}}],\"inLanguage\":\"es\"},{\"@type\":\"Organization\",\"@id\":\"https:\/\/nhkmachineryparts.com\/#organization\",\"name\":\"Nhk Group ApS\",\"url\":\"https:\/\/nhkmachineryparts.com\/\",\"logo\":{\"@type\":\"ImageObject\",\"inLanguage\":\"es\",\"@id\":\"https:\/\/nhkmachineryparts.com\/#\/schema\/logo\/image\/\",\"url\":\"https:\/\/nhkmachineryparts.com\/wp-content\/uploads\/2022\/09\/NHKgroup_social.jpg\",\"contentUrl\":\"https:\/\/nhkmachineryparts.com\/wp-content\/uploads\/2022\/09\/NHKgroup_social.jpg\",\"width\":1200,\"height\":630,\"caption\":\"Nhk Group ApS\"},\"image\":{\"@id\":\"https:\/\/nhkmachineryparts.com\/#\/schema\/logo\/image\/\"},\"sameAs\":[\"https:\/\/www.facebook.com\/NHK.Group.aps\"]}]}<\/script>\n<!-- \/ Yoast SEO plugin. -->","yoast_head_json":{"title":"EHEDG-certified nut | NHK Machinery Parts","description":"Beneficios y caracter\u00edsticas de las Tuercas Higi\u00e9nicas EHEDG en Acero Inoxidable, ideales para aplicaciones en la industria alimentaria y farmac\u00e9utica.","robots":{"index":"index","follow":"follow","max-snippet":"max-snippet:-1","max-image-preview":"max-image-preview:large","max-video-preview":"max-video-preview:-1"},"canonical":"https:\/\/nhkmachineryparts.com\/es\/producto\/ehedg-3a-tuerca-higienica-en-acero-inoxidable\/","og_locale":"es_ES","og_type":"article","og_title":"EHEDG-certified nut | NHK Machinery Parts","og_description":"Benefits and features of EHEDG Hygienic Nuts in Stainless Steel, ideal for applications in the food and pharmaceutical industries.","og_url":"https:\/\/nhkmachineryparts.com\/es\/producto\/ehedg-3a-tuerca-higienica-en-acero-inoxidable\/","og_site_name":"NHK Machinery Parts","article_publisher":"https:\/\/www.facebook.com\/NHK.Group.aps","article_modified_time":"2026-02-27T13:59:45+00:00","og_image":[{"width":1000,"height":1000,"url":"https:\/\/nhkmachineryparts.com\/wp-content\/uploads\/2023\/07\/EHEDG-Hygienic-3A-nut.jpg","type":"image\/jpeg"}],"twitter_card":"summary_large_image","twitter_misc":{"Tiempo de lectura":"5 minutos"},"schema":{"@context":"https:\/\/schema.org","@graph":[{"@type":"WebPage","@id":"https:\/\/nhkmachineryparts.com\/product\/ehedg-3a-hygienic-nut-in-stainless-steel\/","url":"https:\/\/nhkmachineryparts.com\/product\/ehedg-3a-hygienic-nut-in-stainless-steel\/","name":"EHEDG-certified nut | NHK Machinery Parts","isPartOf":{"@id":"https:\/\/nhkmachineryparts.com\/#website"},"primaryImageOfPage":{"@id":"https:\/\/nhkmachineryparts.com\/product\/ehedg-3a-hygienic-nut-in-stainless-steel\/#primaryimage"},"image":{"@id":"https:\/\/nhkmachineryparts.com\/product\/ehedg-3a-hygienic-nut-in-stainless-steel\/#primaryimage"},"thumbnailUrl":"https:\/\/nhkmachineryparts.com\/wp-content\/uploads\/2023\/07\/EHEDG-Hygienic-3A-nut.jpg","datePublished":"2023-07-14T07:16:02+00:00","dateModified":"2026-02-27T13:59:45+00:00","description":"Beneficios y caracter\u00edsticas de las Tuercas Higi\u00e9nicas EHEDG en Acero Inoxidable, ideales para aplicaciones en la industria alimentaria y farmac\u00e9utica.","breadcrumb":{"@id":"https:\/\/nhkmachineryparts.com\/product\/ehedg-3a-hygienic-nut-in-stainless-steel\/#breadcrumb"},"inLanguage":"es","potentialAction":[{"@type":"ReadAction","target":["https:\/\/nhkmachineryparts.com\/product\/ehedg-3a-hygienic-nut-in-stainless-steel\/"]}]},{"@type":"ImageObject","inLanguage":"es","@id":"https:\/\/nhkmachineryparts.com\/product\/ehedg-3a-hygienic-nut-in-stainless-steel\/#primaryimage","url":"https:\/\/nhkmachineryparts.com\/wp-content\/uploads\/2023\/07\/EHEDG-Hygienic-3A-nut.jpg","contentUrl":"https:\/\/nhkmachineryparts.com\/wp-content\/uploads\/2023\/07\/EHEDG-Hygienic-3A-nut.jpg","width":1000,"height":1000,"caption":"EHEDG Hygienic 3A nut"},{"@type":"BreadcrumbList","@id":"https:\/\/nhkmachineryparts.com\/product\/ehedg-3a-hygienic-nut-in-stainless-steel\/#breadcrumb","itemListElement":[{"@type":"ListItem","position":1,"name":"Home","item":"https:\/\/nhkmachineryparts.com\/"},{"@type":"ListItem","position":2,"name":"Product line","item":"https:\/\/nhkmachineryparts.com\/product-line\/"},{"@type":"ListItem","position":3,"name":"Certified EHEDG standard components","item":"https:\/\/nhkmachineryparts.com\/product-line\/ehedg-certified-3a-ssi-standard-components\/"},{"@type":"ListItem","position":4,"name":"EHEDG-certified nut"}]},{"@type":"WebSite","@id":"https:\/\/nhkmachineryparts.com\/#website","url":"https:\/\/nhkmachineryparts.com\/","name":"Piezas de maquinaria NHK","description":"Casas de rodamiento, pies niveladores s\u00edsmicos y ruedas niveladoras","publisher":{"@id":"https:\/\/nhkmachineryparts.com\/#organization"},"potentialAction":[{"@type":"SearchAction","target":{"@type":"EntryPoint","urlTemplate":"https:\/\/nhkmachineryparts.com\/?s={search_term_string}"},"query-input":{"@type":"PropertyValueSpecification","valueRequired":true,"valueName":"search_term_string"}}],"inLanguage":"es"},{"@type":"Organization","@id":"https:\/\/nhkmachineryparts.com\/#organization","name":"Grupo Nhk ApS","url":"https:\/\/nhkmachineryparts.com\/","logo":{"@type":"ImageObject","inLanguage":"es","@id":"https:\/\/nhkmachineryparts.com\/#\/schema\/logo\/image\/","url":"https:\/\/nhkmachineryparts.com\/wp-content\/uploads\/2022\/09\/NHKgroup_social.jpg","contentUrl":"https:\/\/nhkmachineryparts.com\/wp-content\/uploads\/2022\/09\/NHKgroup_social.jpg","width":1200,"height":630,"caption":"Nhk Group ApS"},"image":{"@id":"https:\/\/nhkmachineryparts.com\/#\/schema\/logo\/image\/"},"sameAs":["https:\/\/www.facebook.com\/NHK.Group.aps"]}]}},"_links":{"self":[{"href":"https:\/\/nhkmachineryparts.com\/es\/wp-json\/wp\/v2\/product\/5542","targetHints":{"allow":["GET"]}}],"collection":[{"href":"https:\/\/nhkmachineryparts.com\/es\/wp-json\/wp\/v2\/product"}],"about":[{"href":"https:\/\/nhkmachineryparts.com\/es\/wp-json\/wp\/v2\/types\/product"}],"wp:featuredmedia":[{"embeddable":true,"href":"https:\/\/nhkmachineryparts.com\/es\/wp-json\/wp\/v2\/media\/8627"}],"wp:attachment":[{"href":"https:\/\/nhkmachineryparts.com\/es\/wp-json\/wp\/v2\/media?parent=5542"}],"wp:term":[{"taxonomy":"product_brand","embeddable":true,"href":"https:\/\/nhkmachineryparts.com\/es\/wp-json\/wp\/v2\/product_brand?post=5542"},{"taxonomy":"product_cat","embeddable":true,"href":"https:\/\/nhkmachineryparts.com\/es\/wp-json\/wp\/v2\/product_cat?post=5542"},{"taxonomy":"product_tag","embeddable":true,"href":"https:\/\/nhkmachineryparts.com\/es\/wp-json\/wp\/v2\/product_tag?post=5542"}],"curies":[{"name":"Gracias","href":"https:\/\/api.w.org\/{rel}","templated":true}]}}