{"id":3708,"date":"2023-02-03T06:19:51","date_gmt":"2023-02-03T06:19:51","guid":{"rendered":"https:\/\/nhkmachineryparts.com\/?post_type=product&#038;p=3708"},"modified":"2026-02-27T16:01:35","modified_gmt":"2026-02-27T14:01:35","slug":"maquina-articulada-ehedg-de-acero-inoxidable-pies-niveladores-en-diseno-higienico","status":"publish","type":"product","link":"https:\/\/nhkmachineryparts.com\/es\/product\/ehedg-articulated-stainless-steel-machine-levelling-feet-in-hygienic-design\/","title":{"rendered":"EHEDG-certified stainless steel solid base feet"},"content":{"rendered":"<section class=\"vc_row vc_custom_1662993827263 liquid-row-shadowbox-69d0dda3b32cf vc_column-gap-0\"><div class=\"ld-container container\"><div class=\"row ld-row ld-row-outer\"><div class=\"wpb_column vc_column_container vc_col-sm-12 liquid-column-69d0dda3b3448\"><div class=\"vc_column-inner\" ><div class=\"wpb_wrapper\"  >\n\t<div class=\"wpb_text_column wpb_content_element\" >\n\t\t<div class=\"wpb_wrapper\">\n\t\t\t<p>Dise\u00f1ado para cargas pesadas en entornos hostiles en condiciones dif\u00edciles<br \/>\nLos pies higi\u00e9nicos de acero inoxidable se pueden aplicar con una almohadilla de goma para reducir la vibraci\u00f3n y tener propiedades antideslizantes.<br \/>\nNuestros pies de acero inoxidable higi\u00e9nicos certificados est\u00e1n provistos de certificado FDA (FDA CFR 21 177 2600) con n\u00famero de identificaci\u00f3n de lote \u00fanico para trazabilidad de seguridad alimentaria.<\/p>\n<p><a href=\"https:\/\/nhkmachineryparts.com\/shop\/product-line\/certified-hygienic-feet\/\">Pruebe nuestro selector de productos de pies de acero inoxidable certificados<\/a><\/p>\n<h2>Patas de base s\u00f3lida de acero inoxidable certificadas<\/h2>\n<p>Los husillos son lisos en el extremo hacia la base y las roscas est\u00e1n protegidas por un manguito para asegurar una f\u00e1cil limpieza.<br \/>\nEl manguito tambi\u00e9n funciona como tuerca.<br \/>\nEl eje y la base est\u00e1n sellados con junta de silicona.<br \/>\nEl manguito est\u00e1 sellado con sellado de silicona en el extremo liso del eje y est\u00e1 sellado a la placa de montaje con sellado de silicona.<br \/>\nLa base puede equiparse con una almohadilla de goma aprobada por la FDA para reducir la vibraci\u00f3n.<br \/>\nLos pies de acero inoxidable higi\u00e9nicos sellados y certificados pueden soportar pendientes de hasta 10 grados en pisos y equipos.<\/p>\n<h2>Materiales<\/h2>\n<p>Pies de acero inoxidable higi\u00e9nicos sellados y certificados con caucho incrustado con Certificado FDA seg\u00fan FDA CFR 21 177 2600.<\/p>\n<p>Descripci\u00f3n del material de la placa base:<br \/>\nAcero inoxidable Aisi 304 o Aisi 316<\/p>\n<p>Descripci\u00f3n del material del husillo:<br \/>\nAcero inoxidable A2-70 o A4-70<\/p>\n<p>Descripci\u00f3n del material base de caucho:<br \/>\nCaucho NBR (caucho de nitrilo CAS no. 9005-98-5)<br \/>\nCertificado FDA seg\u00fan FDA CFR 21 177 2600<\/p>\n<p>Todos los materiales son altamente resistentes a los productos qu\u00edmicos y agentes de limpieza com\u00fanmente utilizados, as\u00ed como a aceites y grasas resistentes.<\/p>\n<h2>Tipos y tama\u00f1os<\/h2>\n<p><a href=\"https:\/\/nhkmachineryparts.com\/shop\/product-line\/certified-hygienic-feet\/\">Pruebe nuestro selector de productos para pies higi\u00e9nicos certificados<\/a><\/p>\n<p>Las bases de pies de acero inoxidable higi\u00e9nicas selladas y certificadas est\u00e1n disponibles en una amplia gama, lo que brinda una flexibilidad y una elecci\u00f3n \u00f3ptimas.<\/p>\n<div class=\"dcf-overflow-x-auto\" tabindex=\"0\">\n<table class=\"dcf-table dcf-table-bordered dcf-w-100%\">\n<thead>\n<tr>\n<th scope=\"col\">Tipo de base<\/th>\n<th scope=\"col\">Di\u00e1metro de la base D<\/th>\n<\/tr>\n<\/thead>\n<tbody>\n<tr>\n<td data-label=\"PF Base Size\">FHS 78<\/td>\n<td data-label=\"Base Diameter D\">78mm<\/td>\n<\/tr>\n<tr>\n<td data-label=\"PF Base Size\">FHS 98<\/td>\n<td data-label=\"Base Diameter D\">98mm<\/td>\n<\/tr>\n<tr>\n<td data-label=\"PF Base Size\">FHS 118<\/td>\n<td data-label=\"Base Diameter D\">118mm<\/td>\n<\/tr>\n<tr>\n<td data-label=\"PF Base Size\">HSF 138<\/td>\n<td data-label=\"Base Diameter D\">138mm<\/td>\n<\/tr>\n<tr>\n<td data-label=\"PF Base Size\">HSF 158<\/td>\n<td data-label=\"Base Diameter D\">158 mil\u00edmetros<\/td>\n<\/tr>\n<tr>\n<td data-label=\"PF Base Size\">FHS 178<\/td>\n<td data-label=\"Base Diameter D\">178 mil\u00edmetros<\/td>\n<\/tr>\n<tr>\n<td data-label=\"PF Base Size\">FHS 198<\/td>\n<td data-label=\"Base Diameter D\">198 mil\u00edmetros<\/td>\n<\/tr>\n<tr>\n<td data-label=\"PF Base Size\">HSF 248<\/td>\n<td data-label=\"Base Diameter D\">248 mil\u00edmetros<\/td>\n<\/tr>\n<tr>\n<td data-label=\"PF Base Size\">FHS 298<\/td>\n<td data-label=\"Base Diameter D\">298 mil\u00edmetros<\/td>\n<\/tr>\n<\/tbody>\n<\/table>\n<\/div>\n<p>Los husillos de acero inoxidable con pies higi\u00e9nicos y sellados certificados est\u00e1n disponibles en una amplia gama, lo que brinda una flexibilidad y una elecci\u00f3n \u00f3ptimas.<\/p>\n<table width=\"549\">\n<tbody>\n<tr>\n<td colspan=\"8\" width=\"549\">Husillo roscado certificado con manguito protector sellado<\/td>\n<\/tr>\n<tr>\n<td width=\"80\">M12<\/td>\n<td width=\"67\">M16<\/td>\n<td width=\"67\">M20<\/td>\n<td width=\"67\">M24<\/td>\n<td width=\"67\">M30<\/td>\n<td width=\"67\">M36<\/td>\n<td width=\"67\">M42<\/td>\n<td width=\"67\">M48<\/td>\n<\/tr>\n<tr>\n<td colspan=\"4\" width=\"281\">Longitud de husillo certificada (L) y longitud de manguito (H)<\/td>\n<td colspan=\"4\" width=\"268\">Altura de ajuste<\/td>\n<\/tr>\n<tr>\n<td colspan=\"4\" width=\"281\">Largo=135 mm Alto=55 mm<\/td>\n<td colspan=\"4\" width=\"268\">M\u00ednimo 80 mm a m\u00e1ximo 120 mm<\/td>\n<\/tr>\n<tr>\n<td colspan=\"4\" width=\"281\">Largo=175 mm Alto=75 mm<\/td>\n<td colspan=\"4\" width=\"268\">M\u00ednimo 100 mm a m\u00e1ximo 160 mm<\/td>\n<\/tr>\n<tr>\n<td colspan=\"4\" width=\"281\">Largo=215 mm Alto=95 mm<\/td>\n<td colspan=\"4\" width=\"268\">M\u00ednimo 120 mm a m\u00e1ximo 200 mm<\/td>\n<\/tr>\n<tr>\n<td colspan=\"4\" width=\"281\">Largo=255 mm Alto=115 mm<\/td>\n<td colspan=\"4\" width=\"268\">M\u00ednimo 140 mm a m\u00e1ximo 240 mm<\/td>\n<\/tr>\n<tr>\n<td colspan=\"4\" width=\"281\">Largo=295 mm Alto=125 mm<\/td>\n<td colspan=\"4\" width=\"268\">M\u00ednimo 180 mm a m\u00e1ximo 280 mm<\/td>\n<\/tr>\n<\/tbody>\n<\/table>\n<p>Para otras longitudes de husillo roscado (L), cons\u00faltenos<br \/>\nRoscas en pulgadas est\u00e1n disponibles bajo pedido.<br \/>\nLa rosca tambi\u00e9n se puede personalizar seg\u00fan una solicitud espec\u00edfica, rosca extra trapezoidal, etc.<\/p>\n<h2>Opci\u00f3n de entrega<\/h2>\n<h3>Patas de base s\u00f3lida de acero inoxidable certificadas con dise\u00f1o higi\u00e9nico sellado<\/h3>\n<p>Para pedidos grandes ofrecemos suministrar la base y los husillos por separado.<br \/>\nLa ventaja es la flexibilidad para el cliente que utiliza muchos tama\u00f1os diferentes de husillos.<\/p>\n<p><a href=\"https:\/\/nhkmachineryparts.com\/es\/linea-de-producto\/producto\/287-pies-inoxidables-en-diseno-higienico-hsf\/\">En NHK Machinery Parts encontrar\u00e1 una amplia gama de productos en la categor\u00eda de pies de m\u00e1quina de acero inoxidable.<\/a><\/p>\n\n\t\t<\/div>\n\t<\/div>\n<\/div><\/div><\/div><\/div><\/div><\/section>","protected":false},"excerpt":{"rendered":"Designed for heavy load in harsh environments under tough conditions Hygienic stainless steel feet can be applied with rubber pad for vibration reduction and anti-slip properties Our certified hygienic stainless steel feet are provided with FDA certificate (FDA CFR 21 177 2600) with unique batch ID number for food safety traceability Try our certified stainless [...]","protected":false},"featured_media":8487,"template":"","meta":[],"product_brand":[],"product_cat":[98],"product_tag":[],"class_list":{"0":"post-3708","1":"product","2":"type-product","3":"status-publish","4":"has-post-thumbnail","6":"product_cat-ehedg-certified-3a-ssi-standard-components","8":"first","9":"instock","10":"shipping-taxable","11":"product-type-simple"},"yoast_head":"<!-- This site is optimized with the Yoast SEO plugin v27.2 - https:\/\/yoast.com\/product\/yoast-seo-wordpress\/ -->\n<title>EHEDG-certified stainless steel solid base feet | NHK Machinery Parts<\/title>\n<meta name=\"description\" content=\"Certified stainless steel solid base feet in hygienic design with sealed protected spindle, A2-70, Aisi 1.4301, NBR rubber pad, FDA certificate\" \/>\n<meta name=\"robots\" content=\"index, follow, max-snippet:-1, max-image-preview:large, max-video-preview:-1\" \/>\n<link rel=\"canonical\" href=\"https:\/\/nhkmachineryparts.com\/es\/producto\/maquina-articulada-ehedg-de-acero-inoxidable-pies-niveladores-en-diseno-higienico\/\" \/>\n<meta property=\"og:locale\" content=\"es_ES\" \/>\n<meta property=\"og:type\" content=\"article\" \/>\n<meta property=\"og:title\" content=\"EHEDG-certified stainless steel solid base feet | NHK Machinery Parts\" \/>\n<meta property=\"og:description\" content=\"Certified stainless steel solid base feet in hygienic design with sealed protected spindle, A2-70, Aisi 1.4301, NBR rubber pad, FDA certificate\" \/>\n<meta property=\"og:url\" content=\"https:\/\/nhkmachineryparts.com\/es\/producto\/maquina-articulada-ehedg-de-acero-inoxidable-pies-niveladores-en-diseno-higienico\/\" \/>\n<meta property=\"og:site_name\" content=\"NHK Machinery Parts\" \/>\n<meta property=\"article:publisher\" content=\"https:\/\/www.facebook.com\/NHK.Group.aps\" \/>\n<meta property=\"article:modified_time\" content=\"2026-02-27T14:01:35+00:00\" \/>\n<meta property=\"og:image\" content=\"https:\/\/nhkmachineryparts.com\/wp-content\/uploads\/2023\/02\/EHEDG-Articulated-stainless-steel-machine-levelling-feet-in-hygienic-design.jpg\" \/>\n\t<meta property=\"og:image:width\" content=\"1000\" \/>\n\t<meta property=\"og:image:height\" content=\"1000\" \/>\n\t<meta property=\"og:image:type\" content=\"image\/jpeg\" \/>\n<meta name=\"twitter:card\" content=\"summary_large_image\" \/>\n<meta name=\"twitter:label1\" content=\"Tiempo de lectura\" \/>\n\t<meta name=\"twitter:data1\" content=\"3 minutos\" \/>\n<script type=\"application\/ld+json\" class=\"yoast-schema-graph\">{\"@context\":\"https:\/\/schema.org\",\"@graph\":[{\"@type\":\"WebPage\",\"@id\":\"https:\/\/nhkmachineryparts.com\/product\/ehedg-articulated-stainless-steel-machine-levelling-feet-in-hygienic-design\/\",\"url\":\"https:\/\/nhkmachineryparts.com\/product\/ehedg-articulated-stainless-steel-machine-levelling-feet-in-hygienic-design\/\",\"name\":\"EHEDG-certified stainless steel solid base feet | NHK Machinery Parts\",\"isPartOf\":{\"@id\":\"https:\/\/nhkmachineryparts.com\/#website\"},\"primaryImageOfPage\":{\"@id\":\"https:\/\/nhkmachineryparts.com\/product\/ehedg-articulated-stainless-steel-machine-levelling-feet-in-hygienic-design\/#primaryimage\"},\"image\":{\"@id\":\"https:\/\/nhkmachineryparts.com\/product\/ehedg-articulated-stainless-steel-machine-levelling-feet-in-hygienic-design\/#primaryimage\"},\"thumbnailUrl\":\"https:\/\/nhkmachineryparts.com\/wp-content\/uploads\/2023\/02\/EHEDG-Articulated-stainless-steel-machine-levelling-feet-in-hygienic-design.jpg\",\"datePublished\":\"2023-02-03T06:19:51+00:00\",\"dateModified\":\"2026-02-27T14:01:35+00:00\",\"description\":\"Certified stainless steel solid base feet in hygienic design with sealed protected spindle, A2-70, Aisi 1.4301, NBR rubber pad, FDA certificate\",\"breadcrumb\":{\"@id\":\"https:\/\/nhkmachineryparts.com\/product\/ehedg-articulated-stainless-steel-machine-levelling-feet-in-hygienic-design\/#breadcrumb\"},\"inLanguage\":\"es\",\"potentialAction\":[{\"@type\":\"ReadAction\",\"target\":[\"https:\/\/nhkmachineryparts.com\/product\/ehedg-articulated-stainless-steel-machine-levelling-feet-in-hygienic-design\/\"]}]},{\"@type\":\"ImageObject\",\"inLanguage\":\"es\",\"@id\":\"https:\/\/nhkmachineryparts.com\/product\/ehedg-articulated-stainless-steel-machine-levelling-feet-in-hygienic-design\/#primaryimage\",\"url\":\"https:\/\/nhkmachineryparts.com\/wp-content\/uploads\/2023\/02\/EHEDG-Articulated-stainless-steel-machine-levelling-feet-in-hygienic-design.jpg\",\"contentUrl\":\"https:\/\/nhkmachineryparts.com\/wp-content\/uploads\/2023\/02\/EHEDG-Articulated-stainless-steel-machine-levelling-feet-in-hygienic-design.jpg\",\"width\":1000,\"height\":1000,\"caption\":\"EHEDG Articulated stainless steel machine levelling feet in hygienic design\"},{\"@type\":\"BreadcrumbList\",\"@id\":\"https:\/\/nhkmachineryparts.com\/product\/ehedg-articulated-stainless-steel-machine-levelling-feet-in-hygienic-design\/#breadcrumb\",\"itemListElement\":[{\"@type\":\"ListItem\",\"position\":1,\"name\":\"Home\",\"item\":\"https:\/\/nhkmachineryparts.com\/\"},{\"@type\":\"ListItem\",\"position\":2,\"name\":\"Product line\",\"item\":\"https:\/\/nhkmachineryparts.com\/product-line\/\"},{\"@type\":\"ListItem\",\"position\":3,\"name\":\"Certified EHEDG standard components\",\"item\":\"https:\/\/nhkmachineryparts.com\/product-line\/ehedg-certified-3a-ssi-standard-components\/\"},{\"@type\":\"ListItem\",\"position\":4,\"name\":\"EHEDG-certified stainless steel solid base feet\"}]},{\"@type\":\"WebSite\",\"@id\":\"https:\/\/nhkmachineryparts.com\/#website\",\"url\":\"https:\/\/nhkmachineryparts.com\/\",\"name\":\"NHK Machinery Parts\",\"description\":\"Bearing Houses, seismic levelling feet and levelling castors\",\"publisher\":{\"@id\":\"https:\/\/nhkmachineryparts.com\/#organization\"},\"potentialAction\":[{\"@type\":\"SearchAction\",\"target\":{\"@type\":\"EntryPoint\",\"urlTemplate\":\"https:\/\/nhkmachineryparts.com\/?s={search_term_string}\"},\"query-input\":{\"@type\":\"PropertyValueSpecification\",\"valueRequired\":true,\"valueName\":\"search_term_string\"}}],\"inLanguage\":\"es\"},{\"@type\":\"Organization\",\"@id\":\"https:\/\/nhkmachineryparts.com\/#organization\",\"name\":\"Nhk Group ApS\",\"url\":\"https:\/\/nhkmachineryparts.com\/\",\"logo\":{\"@type\":\"ImageObject\",\"inLanguage\":\"es\",\"@id\":\"https:\/\/nhkmachineryparts.com\/#\/schema\/logo\/image\/\",\"url\":\"https:\/\/nhkmachineryparts.com\/wp-content\/uploads\/2022\/09\/NHKgroup_social.jpg\",\"contentUrl\":\"https:\/\/nhkmachineryparts.com\/wp-content\/uploads\/2022\/09\/NHKgroup_social.jpg\",\"width\":1200,\"height\":630,\"caption\":\"Nhk Group ApS\"},\"image\":{\"@id\":\"https:\/\/nhkmachineryparts.com\/#\/schema\/logo\/image\/\"},\"sameAs\":[\"https:\/\/www.facebook.com\/NHK.Group.aps\"]}]}<\/script>\n<!-- \/ Yoast SEO plugin. -->","yoast_head_json":{"title":"EHEDG-certified stainless steel solid base feet | NHK Machinery Parts","description":"Pies de base s\u00f3lida de acero inoxidable certificado en dise\u00f1o higi\u00e9nico con husillo sellado y protegido, A2-70, Aisi 1.4301, almohadilla de goma NBR, certificado FDA","robots":{"index":"index","follow":"follow","max-snippet":"max-snippet:-1","max-image-preview":"max-image-preview:large","max-video-preview":"max-video-preview:-1"},"canonical":"https:\/\/nhkmachineryparts.com\/es\/producto\/maquina-articulada-ehedg-de-acero-inoxidable-pies-niveladores-en-diseno-higienico\/","og_locale":"es_ES","og_type":"article","og_title":"EHEDG-certified stainless steel solid base feet | NHK Machinery Parts","og_description":"Certified stainless steel solid base feet in hygienic design with sealed protected spindle, A2-70, Aisi 1.4301, NBR rubber pad, FDA certificate","og_url":"https:\/\/nhkmachineryparts.com\/es\/producto\/maquina-articulada-ehedg-de-acero-inoxidable-pies-niveladores-en-diseno-higienico\/","og_site_name":"NHK Machinery Parts","article_publisher":"https:\/\/www.facebook.com\/NHK.Group.aps","article_modified_time":"2026-02-27T14:01:35+00:00","og_image":[{"width":1000,"height":1000,"url":"https:\/\/nhkmachineryparts.com\/wp-content\/uploads\/2023\/02\/EHEDG-Articulated-stainless-steel-machine-levelling-feet-in-hygienic-design.jpg","type":"image\/jpeg"}],"twitter_card":"summary_large_image","twitter_misc":{"Tiempo de lectura":"3 minutos"},"schema":{"@context":"https:\/\/schema.org","@graph":[{"@type":"WebPage","@id":"https:\/\/nhkmachineryparts.com\/product\/ehedg-articulated-stainless-steel-machine-levelling-feet-in-hygienic-design\/","url":"https:\/\/nhkmachineryparts.com\/product\/ehedg-articulated-stainless-steel-machine-levelling-feet-in-hygienic-design\/","name":"EHEDG-certified stainless steel solid base feet | NHK Machinery Parts","isPartOf":{"@id":"https:\/\/nhkmachineryparts.com\/#website"},"primaryImageOfPage":{"@id":"https:\/\/nhkmachineryparts.com\/product\/ehedg-articulated-stainless-steel-machine-levelling-feet-in-hygienic-design\/#primaryimage"},"image":{"@id":"https:\/\/nhkmachineryparts.com\/product\/ehedg-articulated-stainless-steel-machine-levelling-feet-in-hygienic-design\/#primaryimage"},"thumbnailUrl":"https:\/\/nhkmachineryparts.com\/wp-content\/uploads\/2023\/02\/EHEDG-Articulated-stainless-steel-machine-levelling-feet-in-hygienic-design.jpg","datePublished":"2023-02-03T06:19:51+00:00","dateModified":"2026-02-27T14:01:35+00:00","description":"Pies de base s\u00f3lida de acero inoxidable certificado en dise\u00f1o higi\u00e9nico con husillo sellado y protegido, A2-70, Aisi 1.4301, almohadilla de goma NBR, certificado FDA","breadcrumb":{"@id":"https:\/\/nhkmachineryparts.com\/product\/ehedg-articulated-stainless-steel-machine-levelling-feet-in-hygienic-design\/#breadcrumb"},"inLanguage":"es","potentialAction":[{"@type":"ReadAction","target":["https:\/\/nhkmachineryparts.com\/product\/ehedg-articulated-stainless-steel-machine-levelling-feet-in-hygienic-design\/"]}]},{"@type":"ImageObject","inLanguage":"es","@id":"https:\/\/nhkmachineryparts.com\/product\/ehedg-articulated-stainless-steel-machine-levelling-feet-in-hygienic-design\/#primaryimage","url":"https:\/\/nhkmachineryparts.com\/wp-content\/uploads\/2023\/02\/EHEDG-Articulated-stainless-steel-machine-levelling-feet-in-hygienic-design.jpg","contentUrl":"https:\/\/nhkmachineryparts.com\/wp-content\/uploads\/2023\/02\/EHEDG-Articulated-stainless-steel-machine-levelling-feet-in-hygienic-design.jpg","width":1000,"height":1000,"caption":"EHEDG Articulated stainless steel machine levelling feet in hygienic design"},{"@type":"BreadcrumbList","@id":"https:\/\/nhkmachineryparts.com\/product\/ehedg-articulated-stainless-steel-machine-levelling-feet-in-hygienic-design\/#breadcrumb","itemListElement":[{"@type":"ListItem","position":1,"name":"Home","item":"https:\/\/nhkmachineryparts.com\/"},{"@type":"ListItem","position":2,"name":"Product line","item":"https:\/\/nhkmachineryparts.com\/product-line\/"},{"@type":"ListItem","position":3,"name":"Certified EHEDG standard components","item":"https:\/\/nhkmachineryparts.com\/product-line\/ehedg-certified-3a-ssi-standard-components\/"},{"@type":"ListItem","position":4,"name":"EHEDG-certified stainless steel solid base feet"}]},{"@type":"WebSite","@id":"https:\/\/nhkmachineryparts.com\/#website","url":"https:\/\/nhkmachineryparts.com\/","name":"Piezas de maquinaria NHK","description":"Casas de rodamiento, pies niveladores s\u00edsmicos y ruedas niveladoras","publisher":{"@id":"https:\/\/nhkmachineryparts.com\/#organization"},"potentialAction":[{"@type":"SearchAction","target":{"@type":"EntryPoint","urlTemplate":"https:\/\/nhkmachineryparts.com\/?s={search_term_string}"},"query-input":{"@type":"PropertyValueSpecification","valueRequired":true,"valueName":"search_term_string"}}],"inLanguage":"es"},{"@type":"Organization","@id":"https:\/\/nhkmachineryparts.com\/#organization","name":"Grupo Nhk ApS","url":"https:\/\/nhkmachineryparts.com\/","logo":{"@type":"ImageObject","inLanguage":"es","@id":"https:\/\/nhkmachineryparts.com\/#\/schema\/logo\/image\/","url":"https:\/\/nhkmachineryparts.com\/wp-content\/uploads\/2022\/09\/NHKgroup_social.jpg","contentUrl":"https:\/\/nhkmachineryparts.com\/wp-content\/uploads\/2022\/09\/NHKgroup_social.jpg","width":1200,"height":630,"caption":"Nhk Group ApS"},"image":{"@id":"https:\/\/nhkmachineryparts.com\/#\/schema\/logo\/image\/"},"sameAs":["https:\/\/www.facebook.com\/NHK.Group.aps"]}]}},"_links":{"self":[{"href":"https:\/\/nhkmachineryparts.com\/es\/wp-json\/wp\/v2\/product\/3708","targetHints":{"allow":["GET"]}}],"collection":[{"href":"https:\/\/nhkmachineryparts.com\/es\/wp-json\/wp\/v2\/product"}],"about":[{"href":"https:\/\/nhkmachineryparts.com\/es\/wp-json\/wp\/v2\/types\/product"}],"wp:featuredmedia":[{"embeddable":true,"href":"https:\/\/nhkmachineryparts.com\/es\/wp-json\/wp\/v2\/media\/8487"}],"wp:attachment":[{"href":"https:\/\/nhkmachineryparts.com\/es\/wp-json\/wp\/v2\/media?parent=3708"}],"wp:term":[{"taxonomy":"product_brand","embeddable":true,"href":"https:\/\/nhkmachineryparts.com\/es\/wp-json\/wp\/v2\/product_brand?post=3708"},{"taxonomy":"product_cat","embeddable":true,"href":"https:\/\/nhkmachineryparts.com\/es\/wp-json\/wp\/v2\/product_cat?post=3708"},{"taxonomy":"product_tag","embeddable":true,"href":"https:\/\/nhkmachineryparts.com\/es\/wp-json\/wp\/v2\/product_tag?post=3708"}],"curies":[{"name":"Gracias","href":"https:\/\/api.w.org\/{rel}","templated":true}]}}