{"id":2917,"date":"2023-01-07T20:44:11","date_gmt":"2023-01-07T20:44:11","guid":{"rendered":"https:\/\/nhkmachineryparts.com\/?post_type=product&#038;p=2917"},"modified":"2026-02-27T16:04:11","modified_gmt":"2026-02-27T14:04:11","slug":"pies-niveladores-en-diseno-extra-higienico-estante-con-husillo-con-funda-protectora","status":"publish","type":"product","link":"https:\/\/nhkmachineryparts.com\/es\/product\/levelling-feet-in-extra-hygienic-design-shlf-with-spindle-with-protecting-sleeve\/","title":{"rendered":"3-A authorized levelling feet"},"content":{"rendered":"<section class=\"vc_row vc_custom_1662993827263 liquid-row-shadowbox-69d3ca82cf1e8 vc_column-gap-0\"><div class=\"ld-container container\"><div class=\"row ld-row ld-row-outer\"><div class=\"wpb_column vc_column_container vc_col-sm-12 liquid-column-69d3ca82cf39e\"><div class=\"vc_column-inner\" ><div class=\"wpb_wrapper\"  >\n\t<div class=\"wpb_text_column wpb_content_element\" >\n\t\t<div class=\"wpb_wrapper\">\n\t\t\t<h2>Optimice la seguridad y la durabilidad con pies niveladores higi\u00e9nicos de \u00faltima generaci\u00f3n<\/h2>\n<p><a href=\"https:\/\/nhkmachineryparts.com\/es\/product-line\/stainless-steel-solid-base-feet\/\" data-internallinksmanager029f6b8e52c=\"7\" title=\"Pies niveladores de m\u00e1quina con placa base s\u00f3lida\">Pies niveladores<\/a> En dise\u00f1o higi\u00e9nico sellado con base de goma para reducci\u00f3n de vibraciones y propiedades antideslizantes<br \/>\nNuestro sellado <a href=\"https:\/\/nhkmachineryparts.com\/es\/product-line\/stainless-steel-solid-base-feet\/\" data-internallinksmanager029f6b8e52c=\"17\" title=\"Pies niveladores de m\u00e1quina con placa base s\u00f3lida\">pies niveladores higi\u00e9nicos<\/a> Se proporcionan con un certificado de la FDA (FDA CFR 21 177 2600) con un n\u00famero de identificaci\u00f3n de lote \u00fanico para la trazabilidad de la seguridad alimentaria.<\/p>\n<p><a href=\"https:\/\/nhkmachineryparts.com\/shop\/product-line\/machine-levelling-feet-in-a-hygienic-design\/levelling-feet-with-fully-threaded-spindle\/\">Pruebe nuestro selector de productos<\/a><\/p>\n<h3>Pies niveladores en dise\u00f1o higi\u00e9nico sellado caracter\u00edsticas y ventajas<\/h3>\n<p>Sellado <a href=\"https:\/\/nhkmachineryparts.com\/es\/product-line\/stainless-steel-solid-base-feet\/\" data-internallinksmanager029f6b8e52c=\"17\" title=\"Pies niveladores de m\u00e1quina con placa base s\u00f3lida\">pies niveladores higi\u00e9nicos<\/a> Tienen un dise\u00f1o redondeado e higi\u00e9nico que facilita su limpieza.<br \/>\nSellado <a href=\"https:\/\/nhkmachineryparts.com\/es\/product-line\/stainless-steel-solid-base-feet\/\" data-internallinksmanager029f6b8e52c=\"17\" title=\"Pies niveladores de m\u00e1quina con placa base s\u00f3lida\">pies niveladores higi\u00e9nicos<\/a> Puede soportar pendientes de hasta 10 grados en suelos y equipos.<\/p>\n<h3>Pies niveladores en materiales de dise\u00f1o higi\u00e9nico sellados<\/h3>\n<p>Sellado <a href=\"https:\/\/nhkmachineryparts.com\/es\/product-line\/stainless-steel-solid-base-feet\/\" data-internallinksmanager029f6b8e52c=\"17\" title=\"Pies niveladores de m\u00e1quina con placa base s\u00f3lida\">pies niveladores higi\u00e9nicos<\/a> pieza de caucho vulcanizado con certificado FDA seg\u00fan FDA CFR 21 177 2600.<\/p>\n<p>Descripci\u00f3n del material de la placa base:<br \/>\nAcero inoxidable Aisi 304 o Aisi 316<\/p>\n<p>Descripci\u00f3n del material del husillo:<br \/>\nAcero inoxidable A2-70 o A4-70<\/p>\n<p>Descripci\u00f3n del material base de caucho:<br \/>\nCaucho NBR (caucho de nitrilo CAS no. 9005-98-5)<br \/>\nCertificado FDA seg\u00fan FDA CFR 21 177 2600<\/p>\n<p>Todos los materiales son altamente resistentes a los productos qu\u00edmicos y agentes de limpieza com\u00fanmente utilizados, as\u00ed como a aceites y grasas resistentes.<\/p>\n<h3>Pies niveladores en tama\u00f1os de dise\u00f1o higi\u00e9nico sellados<\/h3>\n<p>Sellado <a href=\"https:\/\/nhkmachineryparts.com\/es\/product-line\/stainless-steel-solid-base-feet\/\" data-internallinksmanager029f6b8e52c=\"17\" title=\"Pies niveladores de m\u00e1quina con placa base s\u00f3lida\">pies niveladores higi\u00e9nicos<\/a> La base est\u00e1 disponible en una amplia gama, lo que brinda flexibilidad y elecci\u00f3n \u00f3ptimas.<\/p>\n<div class=\"dcf-overflow-x-auto\" tabindex=\"0\">\n<table class=\"dcf-table dcf-table-bordered dcf-w-100%\">\n<thead>\n<tr>\n<th scope=\"col\">Tama\u00f1o de la base<\/th>\n<th scope=\"col\">Di\u00e1metro de la base D<\/th>\n<th scope=\"col\">Di\u00e1metro D Nom. Carga<\/th>\n<\/tr>\n<\/thead>\n<tbody>\n<tr>\n<td data-label=\"EHMF Base Size \">HLF 50<\/td>\n<td data-label=\"Base Diameter D\">50mm<\/td>\n<td data-label=\"Diameter D Nom. Load \">5.000 norte<\/td>\n<\/tr>\n<tr>\n<td data-label=\"EHMF Base Size \">HLF 60<\/td>\n<td data-label=\"Base Diameter D\">60 mil\u00edmetros<\/td>\n<td data-label=\"Diameter D Nom. Load \">7.000 norte<\/td>\n<\/tr>\n<tr>\n<td data-label=\"EHMF Base Size \">HLF 80<\/td>\n<td data-label=\"Base Diameter D\">80 mil\u00edmetros<\/td>\n<td data-label=\"Diameter D Nom. Load \">15.000 norte<\/td>\n<\/tr>\n<tr>\n<td data-label=\"EHMF Base Size \">HLF 100<\/td>\n<td data-label=\"Base Diameter D\">100 mil\u00edmetros<\/td>\n<td data-label=\"Diameter D Nom. Load \">20.000 norte<\/td>\n<\/tr>\n<tr>\n<td data-label=\"EHMF Base Size \">HLF 120<\/td>\n<td data-label=\"Base Diameter D\">120 mil\u00edmetros<\/td>\n<td data-label=\"Diameter D Nom. Load \">30.000 norte<\/td>\n<\/tr>\n<tr>\n<td data-label=\"EHMF Base Size \">HLF 140<\/td>\n<td data-label=\"Base Diameter D\">140 mil\u00edmetros<\/td>\n<td data-label=\"Diameter D Nom. Load \">40.000 norte<\/td>\n<\/tr>\n<\/tbody>\n<\/table>\n<\/div>\n<p>Sellado <a href=\"https:\/\/nhkmachineryparts.com\/es\/product-line\/stainless-steel-solid-base-feet\/\" data-internallinksmanager029f6b8e52c=\"17\" title=\"Pies niveladores de m\u00e1quina con placa base s\u00f3lida\">pies niveladores higi\u00e9nicos<\/a> Los husillos con funda protectora est\u00e1n disponibles en una amplia gama, lo que brinda flexibilidad y elecci\u00f3n \u00f3ptimas.<\/p>\n<div class=\"dcf-overflow-x-auto\" tabindex=\"0\">\n<table class=\"dcf-table dcf-table-bordered dcf-w-100%\">\n<caption>SHLF Di\u00e1metro del husillo y manguito<\/caption>\n<tbody>\n<tr>\n<td>M16<\/td>\n<td>M20<\/td>\n<td>M24<\/td>\n<td>M30<\/td>\n<td>M36<\/td>\n<td>M42<\/td>\n<td>M48<\/td>\n<\/tr>\n<\/tbody>\n<\/table>\n<\/div>\n<div class=\"dcf-overflow-x-auto\" tabindex=\"0\">\n<table class=\"dcf-table dcf-table-bordered dcf-w-100%\">\n<caption>SHLF Longitud del husillo (L) y longitud de la manga (H)<\/caption>\n<tbody>\n<tr>\n<td>Largo=135 mm Alto=55 mm<\/td>\n<td>M\u00ednimo 80 mm a m\u00e1ximo 120 mm<\/td>\n<\/tr>\n<tr>\n<td>Largo=175 mm Alto=75 mm<\/td>\n<td>M\u00ednimo 100 mm a m\u00e1ximo 160 mm<\/td>\n<\/tr>\n<tr>\n<td>Largo=215 mm Alto=95 mm<\/td>\n<td>M\u00ednimo 120 mm a m\u00e1ximo 200 mm<\/td>\n<\/tr>\n<tr>\n<td>Largo=255 mm Alto=115 mm<\/td>\n<td>M\u00ednimo 140 mm a m\u00e1ximo 240 mm<\/td>\n<\/tr>\n<tr>\n<td>Largo=295 mm Alto=125 mm<\/td>\n<td>M\u00ednimo 180 mm a m\u00e1ximo 280 mm<\/td>\n<\/tr>\n<\/tbody>\n<\/table>\n<\/div>\n<p>Para otras longitudes de husillo roscado (L), cons\u00faltenos<br \/>\nRoscas en pulgadas est\u00e1n disponibles bajo pedido.<br \/>\nLa rosca tambi\u00e9n se puede personalizar seg\u00fan una solicitud espec\u00edfica, rosca extra trapezoidal, etc.<\/p>\n<h3>Pies niveladores en opci\u00f3n de entrega con dise\u00f1o higi\u00e9nico sellado<\/h3>\n<p>Para pedidos grandes ofrecemos suministrar la base y los husillos por separado.<br \/>\nLa ventaja es la flexibilidad para el cliente que utiliza muchos tama\u00f1os diferentes de husillos.<\/p>\n<h2 data-start=\"0\" data-end=\"84\">Pies niveladores higi\u00e9nicos con eje sellado y protegido<\/h2>\n<h3 data-start=\"0\" data-end=\"84\">Experimente una limpieza inigualable con soluciones avanzadas de husillo sellado y protegido<\/h3>\n<p data-start=\"86\" data-end=\"474\">En los entornos industriales y sanitarios de ritmo acelerado de la actualidad, mantener la higiene es primordial. <a href=\"https:\/\/nhkmachineryparts.com\/es\/product-line\/stainless-steel-solid-base-feet\/\" data-internallinksmanager029f6b8e52c=\"17\" title=\"Pies niveladores de m\u00e1quina con placa base s\u00f3lida\">pies niveladores higi\u00e9nicos<\/a> Con husillo sellado y protegido, est\u00e1n dise\u00f1ados meticulosamente para brindar limpieza, estabilidad y rendimiento inigualables en diversas aplicaciones. Este innovador producto garantiza que su equipo permanezca nivelado y seguro, al mismo tiempo que reduce el riesgo de contaminaci\u00f3n.<\/p>\n<h3 data-start=\"476\" data-end=\"517\">Dise\u00f1o innovador para una higiene superior<\/h3>\n<p data-start=\"518\" data-end=\"900\">Nuestros pies niveladores incorporan un eje sellado y protegido que impide eficazmente que el polvo, los l\u00edquidos y los residuos entren en los componentes cr\u00edticos. Este dise\u00f1o garantiza un entorno operativo est\u00e9ril, esencial para hospitales, laboratorios e instalaciones de procesamiento de alimentos. El dise\u00f1o higi\u00e9nico no solo prolonga la vida \u00fatil de su equipo, sino que tambi\u00e9n mejora la seguridad general del lugar de trabajo.<\/p>\n<h3 data-start=\"902\" data-end=\"930\">Dise\u00f1ado para durar<\/h3>\n<p data-start=\"931\" data-end=\"1251\">Fabricados con materiales de alta calidad y resistentes a la corrosi\u00f3n, estos pies niveladores est\u00e1n dise\u00f1ados para durar. El eje sellado y protegido ofrece un soporte robusto y un rendimiento constante incluso con cargas pesadas. Su construcci\u00f3n resistente minimiza el desgaste, lo que garantiza menores costos de mantenimiento y un funcionamiento confiable a lo largo del tiempo.<\/p>\n<h3 data-start=\"1253\" data-end=\"1292\">Facilidad de instalaci\u00f3n y mantenimiento<\/h3>\n<p data-start=\"1293\" data-end=\"1661\">Con un enfoque en la comodidad del usuario, nuestro <a href=\"https:\/\/nhkmachineryparts.com\/es\/product-line\/stainless-steel-solid-base-feet\/\" data-internallinksmanager029f6b8e52c=\"17\" title=\"Pies niveladores de m\u00e1quina con placa base s\u00f3lida\">pies niveladores higi\u00e9nicos<\/a> Est\u00e1n dise\u00f1ados para una instalaci\u00f3n sencilla y un mantenimiento sin complicaciones. El husillo sellado y protegido permite inspecciones r\u00e1pidas y una limpieza sin esfuerzo, lo que minimiza el tiempo de inactividad. Esta eficiencia los convierte en una opci\u00f3n ideal para <a href=\"https:\/\/nhkmachineryparts.com\/es\/our-industries\/\" data-internallinksmanager029f6b8e52c=\"4\" title=\"Nuestras industrias\">industrias<\/a> que exigen una productividad continua sin comprometer la seguridad.<\/p>\n<h3 data-start=\"1663\" data-end=\"1701\">Aplicaciones vers\u00e1tiles y beneficios<\/h3>\n<p data-start=\"1702\" data-end=\"2107\">Estos pies niveladores, adecuados para una amplia gama de entornos, desde talleres industriales hasta instalaciones m\u00e9dicas, proporcionan una estabilidad e higiene excepcionales. Ofrecen mayor seguridad, mayor longevidad del equipo y un control superior de la contaminaci\u00f3n. Mejore su espacio de trabajo con nuestros <a href=\"https:\/\/nhkmachineryparts.com\/es\/product-line\/stainless-steel-solid-base-feet\/\" data-internallinksmanager029f6b8e52c=\"17\" title=\"Pies niveladores de m\u00e1quina con placa base s\u00f3lida\">pies niveladores higi\u00e9nicos<\/a> con husillo sellado y protegido para experimentar una combinaci\u00f3n perfecta de innovaci\u00f3n, durabilidad y confiabilidad.<\/p>\n<h3 data-start=\"2109\" data-end=\"2443\">Revolucione la durabilidad de sus equipos sanitarios<\/h3>\n<p data-start=\"2109\" data-end=\"2443\" data-is-last-node=\"\" data-is-only-node=\"\">Al elegir nuestro <a href=\"https:\/\/nhkmachineryparts.com\/es\/product-line\/stainless-steel-solid-base-feet\/\" data-internallinksmanager029f6b8e52c=\"17\" title=\"Pies niveladores de m\u00e1quina con placa base s\u00f3lida\">pies niveladores higi\u00e9nicos<\/a> Con un husillo sellado y protegido, invierte en calidad e innovaci\u00f3n que satisfacen las demandas de los espacios de trabajo modernos. Disfrute de una mayor eficiencia, seguridad y durabilidad, al tiempo que mantiene estrictos est\u00e1ndares de higiene, lo que convierte a nuestro producto en la soluci\u00f3n preferida de los profesionales que buscan un rendimiento confiable.<\/p>\n\n\t\t<\/div>\n\t<\/div>\n<\/div><\/div><\/div><\/div><\/div><\/section>","protected":false},"excerpt":{"rendered":"Optimize Safety and Durability with Next-Generation Hygienic Levelling Feet Levelling feet in sealed hygienic design with rubber base for vibration reduction and anti-slip properties Our sealed hygienic levelling feet are provided with FDA certificate (FDA CFR 21 177 2600) with unique batch ID number for food safety traceability Try our product selector Levelling feet in [...]","protected":false},"featured_media":8509,"template":"","meta":[],"product_brand":[],"product_cat":[98],"product_tag":[],"class_list":{"0":"post-2917","1":"product","2":"type-product","3":"status-publish","4":"has-post-thumbnail","6":"product_cat-ehedg-certified-3a-ssi-standard-components","8":"first","9":"instock","10":"shipping-taxable","11":"product-type-simple"},"yoast_head":"<!-- This site is optimized with the Yoast SEO plugin v27.3 - https:\/\/yoast.com\/product\/yoast-seo-wordpress\/ -->\n<title>3-A authorized levelling feet | NHK Machinery Parts<\/title>\n<meta name=\"description\" content=\"Levelling feet in hygienic design with sealed protected spindle. Transform your production. Special engineered for durability in demanding environments.\" \/>\n<meta name=\"robots\" content=\"index, follow, max-snippet:-1, max-image-preview:large, max-video-preview:-1\" \/>\n<link rel=\"canonical\" href=\"https:\/\/nhkmachineryparts.com\/es\/producto\/pies-niveladores-en-diseno-extra-higienico-estante-con-husillo-con-funda-protectora\/\" \/>\n<meta property=\"og:locale\" content=\"es_ES\" \/>\n<meta property=\"og:type\" content=\"article\" \/>\n<meta property=\"og:title\" content=\"3-A authorized levelling feet | NHK Machinery Parts\" \/>\n<meta property=\"og:description\" content=\"Levelling feet in hygienic design with sealed protected spindle. Transform your production. Special engineered for durability in demanding environments.\" \/>\n<meta property=\"og:url\" content=\"https:\/\/nhkmachineryparts.com\/es\/producto\/pies-niveladores-en-diseno-extra-higienico-estante-con-husillo-con-funda-protectora\/\" \/>\n<meta property=\"og:site_name\" content=\"NHK Machinery Parts\" \/>\n<meta property=\"article:publisher\" content=\"https:\/\/www.facebook.com\/NHK.Group.aps\" \/>\n<meta property=\"article:modified_time\" content=\"2026-02-27T14:04:11+00:00\" \/>\n<meta property=\"og:image\" content=\"https:\/\/nhkmachineryparts.com\/wp-content\/uploads\/2023\/01\/Levelling-feet-in-sealed-hygienic-design-SHLF-with-spindle-with-protecting-sleeve.jpg\" \/>\n\t<meta property=\"og:image:width\" content=\"1000\" \/>\n\t<meta property=\"og:image:height\" content=\"1000\" \/>\n\t<meta property=\"og:image:type\" content=\"image\/jpeg\" \/>\n<meta name=\"twitter:card\" content=\"summary_large_image\" \/>\n<meta name=\"twitter:label1\" content=\"Tiempo de lectura\" \/>\n\t<meta name=\"twitter:data1\" content=\"4 minutos\" \/>\n<script type=\"application\/ld+json\" class=\"yoast-schema-graph\">{\"@context\":\"https:\\\/\\\/schema.org\",\"@graph\":[{\"@type\":\"WebPage\",\"@id\":\"https:\\\/\\\/nhkmachineryparts.com\\\/product\\\/levelling-feet-in-extra-hygienic-design-shlf-with-spindle-with-protecting-sleeve\\\/\",\"url\":\"https:\\\/\\\/nhkmachineryparts.com\\\/product\\\/levelling-feet-in-extra-hygienic-design-shlf-with-spindle-with-protecting-sleeve\\\/\",\"name\":\"3-A authorized levelling feet | NHK Machinery Parts\",\"isPartOf\":{\"@id\":\"https:\\\/\\\/nhkmachineryparts.com\\\/#website\"},\"primaryImageOfPage\":{\"@id\":\"https:\\\/\\\/nhkmachineryparts.com\\\/product\\\/levelling-feet-in-extra-hygienic-design-shlf-with-spindle-with-protecting-sleeve\\\/#primaryimage\"},\"image\":{\"@id\":\"https:\\\/\\\/nhkmachineryparts.com\\\/product\\\/levelling-feet-in-extra-hygienic-design-shlf-with-spindle-with-protecting-sleeve\\\/#primaryimage\"},\"thumbnailUrl\":\"https:\\\/\\\/nhkmachineryparts.com\\\/wp-content\\\/uploads\\\/2023\\\/01\\\/Levelling-feet-in-sealed-hygienic-design-SHLF-with-spindle-with-protecting-sleeve.jpg\",\"datePublished\":\"2023-01-07T20:44:11+00:00\",\"dateModified\":\"2026-02-27T14:04:11+00:00\",\"description\":\"Levelling feet in hygienic design with sealed protected spindle. Transform your production. Special engineered for durability in demanding environments.\",\"breadcrumb\":{\"@id\":\"https:\\\/\\\/nhkmachineryparts.com\\\/product\\\/levelling-feet-in-extra-hygienic-design-shlf-with-spindle-with-protecting-sleeve\\\/#breadcrumb\"},\"inLanguage\":\"es\",\"potentialAction\":[{\"@type\":\"ReadAction\",\"target\":[\"https:\\\/\\\/nhkmachineryparts.com\\\/product\\\/levelling-feet-in-extra-hygienic-design-shlf-with-spindle-with-protecting-sleeve\\\/\"]}]},{\"@type\":\"ImageObject\",\"inLanguage\":\"es\",\"@id\":\"https:\\\/\\\/nhkmachineryparts.com\\\/product\\\/levelling-feet-in-extra-hygienic-design-shlf-with-spindle-with-protecting-sleeve\\\/#primaryimage\",\"url\":\"https:\\\/\\\/nhkmachineryparts.com\\\/wp-content\\\/uploads\\\/2023\\\/01\\\/Levelling-feet-in-sealed-hygienic-design-SHLF-with-spindle-with-protecting-sleeve.jpg\",\"contentUrl\":\"https:\\\/\\\/nhkmachineryparts.com\\\/wp-content\\\/uploads\\\/2023\\\/01\\\/Levelling-feet-in-sealed-hygienic-design-SHLF-with-spindle-with-protecting-sleeve.jpg\",\"width\":1000,\"height\":1000,\"caption\":\"Levelling feet in sealed hygienic design SHLF with spindle with protecting sleeve\"},{\"@type\":\"BreadcrumbList\",\"@id\":\"https:\\\/\\\/nhkmachineryparts.com\\\/product\\\/levelling-feet-in-extra-hygienic-design-shlf-with-spindle-with-protecting-sleeve\\\/#breadcrumb\",\"itemListElement\":[{\"@type\":\"ListItem\",\"position\":1,\"name\":\"Home\",\"item\":\"https:\\\/\\\/nhkmachineryparts.com\\\/\"},{\"@type\":\"ListItem\",\"position\":2,\"name\":\"Product line\",\"item\":\"https:\\\/\\\/nhkmachineryparts.com\\\/product-line\\\/\"},{\"@type\":\"ListItem\",\"position\":3,\"name\":\"Certified EHEDG standard components\",\"item\":\"https:\\\/\\\/nhkmachineryparts.com\\\/product-line\\\/ehedg-certified-3a-ssi-standard-components\\\/\"},{\"@type\":\"ListItem\",\"position\":4,\"name\":\"3-A authorized levelling feet\"}]},{\"@type\":\"WebSite\",\"@id\":\"https:\\\/\\\/nhkmachineryparts.com\\\/#website\",\"url\":\"https:\\\/\\\/nhkmachineryparts.com\\\/\",\"name\":\"NHK Machinery Parts\",\"description\":\"Bearing Houses, seismic levelling feet and levelling castors\",\"publisher\":{\"@id\":\"https:\\\/\\\/nhkmachineryparts.com\\\/#organization\"},\"potentialAction\":[{\"@type\":\"SearchAction\",\"target\":{\"@type\":\"EntryPoint\",\"urlTemplate\":\"https:\\\/\\\/nhkmachineryparts.com\\\/?s={search_term_string}\"},\"query-input\":{\"@type\":\"PropertyValueSpecification\",\"valueRequired\":true,\"valueName\":\"search_term_string\"}}],\"inLanguage\":\"es\"},{\"@type\":\"Organization\",\"@id\":\"https:\\\/\\\/nhkmachineryparts.com\\\/#organization\",\"name\":\"Nhk Group ApS\",\"url\":\"https:\\\/\\\/nhkmachineryparts.com\\\/\",\"logo\":{\"@type\":\"ImageObject\",\"inLanguage\":\"es\",\"@id\":\"https:\\\/\\\/nhkmachineryparts.com\\\/#\\\/schema\\\/logo\\\/image\\\/\",\"url\":\"https:\\\/\\\/nhkmachineryparts.com\\\/wp-content\\\/uploads\\\/2022\\\/09\\\/NHKgroup_social.jpg\",\"contentUrl\":\"https:\\\/\\\/nhkmachineryparts.com\\\/wp-content\\\/uploads\\\/2022\\\/09\\\/NHKgroup_social.jpg\",\"width\":1200,\"height\":630,\"caption\":\"Nhk Group ApS\"},\"image\":{\"@id\":\"https:\\\/\\\/nhkmachineryparts.com\\\/#\\\/schema\\\/logo\\\/image\\\/\"},\"sameAs\":[\"https:\\\/\\\/www.facebook.com\\\/NHK.Group.aps\"]}]}<\/script>\n<!-- \/ Yoast SEO plugin. -->","yoast_head_json":{"title":"3-A authorized levelling feet | NHK Machinery Parts","description":"Pies niveladores de dise\u00f1o higi\u00e9nico con husillo sellado y protegido. Transforme su producci\u00f3n. Dise\u00f1ados especialmente para una mayor durabilidad en entornos exigentes.","robots":{"index":"index","follow":"follow","max-snippet":"max-snippet:-1","max-image-preview":"max-image-preview:large","max-video-preview":"max-video-preview:-1"},"canonical":"https:\/\/nhkmachineryparts.com\/es\/producto\/pies-niveladores-en-diseno-extra-higienico-estante-con-husillo-con-funda-protectora\/","og_locale":"es_ES","og_type":"article","og_title":"3-A authorized levelling feet | NHK Machinery Parts","og_description":"Levelling feet in hygienic design with sealed protected spindle. Transform your production. Special engineered for durability in demanding environments.","og_url":"https:\/\/nhkmachineryparts.com\/es\/producto\/pies-niveladores-en-diseno-extra-higienico-estante-con-husillo-con-funda-protectora\/","og_site_name":"NHK Machinery Parts","article_publisher":"https:\/\/www.facebook.com\/NHK.Group.aps","article_modified_time":"2026-02-27T14:04:11+00:00","og_image":[{"width":1000,"height":1000,"url":"https:\/\/nhkmachineryparts.com\/wp-content\/uploads\/2023\/01\/Levelling-feet-in-sealed-hygienic-design-SHLF-with-spindle-with-protecting-sleeve.jpg","type":"image\/jpeg"}],"twitter_card":"summary_large_image","twitter_misc":{"Tiempo de lectura":"4 minutos"},"schema":{"@context":"https:\/\/schema.org","@graph":[{"@type":"WebPage","@id":"https:\/\/nhkmachineryparts.com\/product\/levelling-feet-in-extra-hygienic-design-shlf-with-spindle-with-protecting-sleeve\/","url":"https:\/\/nhkmachineryparts.com\/product\/levelling-feet-in-extra-hygienic-design-shlf-with-spindle-with-protecting-sleeve\/","name":"3-A authorized levelling feet | NHK Machinery Parts","isPartOf":{"@id":"https:\/\/nhkmachineryparts.com\/#website"},"primaryImageOfPage":{"@id":"https:\/\/nhkmachineryparts.com\/product\/levelling-feet-in-extra-hygienic-design-shlf-with-spindle-with-protecting-sleeve\/#primaryimage"},"image":{"@id":"https:\/\/nhkmachineryparts.com\/product\/levelling-feet-in-extra-hygienic-design-shlf-with-spindle-with-protecting-sleeve\/#primaryimage"},"thumbnailUrl":"https:\/\/nhkmachineryparts.com\/wp-content\/uploads\/2023\/01\/Levelling-feet-in-sealed-hygienic-design-SHLF-with-spindle-with-protecting-sleeve.jpg","datePublished":"2023-01-07T20:44:11+00:00","dateModified":"2026-02-27T14:04:11+00:00","description":"Pies niveladores de dise\u00f1o higi\u00e9nico con husillo sellado y protegido. Transforme su producci\u00f3n. Dise\u00f1ados especialmente para una mayor durabilidad en entornos exigentes.","breadcrumb":{"@id":"https:\/\/nhkmachineryparts.com\/product\/levelling-feet-in-extra-hygienic-design-shlf-with-spindle-with-protecting-sleeve\/#breadcrumb"},"inLanguage":"es","potentialAction":[{"@type":"ReadAction","target":["https:\/\/nhkmachineryparts.com\/product\/levelling-feet-in-extra-hygienic-design-shlf-with-spindle-with-protecting-sleeve\/"]}]},{"@type":"ImageObject","inLanguage":"es","@id":"https:\/\/nhkmachineryparts.com\/product\/levelling-feet-in-extra-hygienic-design-shlf-with-spindle-with-protecting-sleeve\/#primaryimage","url":"https:\/\/nhkmachineryparts.com\/wp-content\/uploads\/2023\/01\/Levelling-feet-in-sealed-hygienic-design-SHLF-with-spindle-with-protecting-sleeve.jpg","contentUrl":"https:\/\/nhkmachineryparts.com\/wp-content\/uploads\/2023\/01\/Levelling-feet-in-sealed-hygienic-design-SHLF-with-spindle-with-protecting-sleeve.jpg","width":1000,"height":1000,"caption":"Levelling feet in sealed hygienic design SHLF with spindle with protecting sleeve"},{"@type":"BreadcrumbList","@id":"https:\/\/nhkmachineryparts.com\/product\/levelling-feet-in-extra-hygienic-design-shlf-with-spindle-with-protecting-sleeve\/#breadcrumb","itemListElement":[{"@type":"ListItem","position":1,"name":"Home","item":"https:\/\/nhkmachineryparts.com\/"},{"@type":"ListItem","position":2,"name":"Product line","item":"https:\/\/nhkmachineryparts.com\/product-line\/"},{"@type":"ListItem","position":3,"name":"Certified EHEDG standard components","item":"https:\/\/nhkmachineryparts.com\/product-line\/ehedg-certified-3a-ssi-standard-components\/"},{"@type":"ListItem","position":4,"name":"3-A authorized levelling feet"}]},{"@type":"WebSite","@id":"https:\/\/nhkmachineryparts.com\/#website","url":"https:\/\/nhkmachineryparts.com\/","name":"Piezas de maquinaria NHK","description":"Casas de rodamiento, pies niveladores s\u00edsmicos y ruedas niveladoras","publisher":{"@id":"https:\/\/nhkmachineryparts.com\/#organization"},"potentialAction":[{"@type":"SearchAction","target":{"@type":"EntryPoint","urlTemplate":"https:\/\/nhkmachineryparts.com\/?s={search_term_string}"},"query-input":{"@type":"PropertyValueSpecification","valueRequired":true,"valueName":"search_term_string"}}],"inLanguage":"es"},{"@type":"Organization","@id":"https:\/\/nhkmachineryparts.com\/#organization","name":"Grupo Nhk ApS","url":"https:\/\/nhkmachineryparts.com\/","logo":{"@type":"ImageObject","inLanguage":"es","@id":"https:\/\/nhkmachineryparts.com\/#\/schema\/logo\/image\/","url":"https:\/\/nhkmachineryparts.com\/wp-content\/uploads\/2022\/09\/NHKgroup_social.jpg","contentUrl":"https:\/\/nhkmachineryparts.com\/wp-content\/uploads\/2022\/09\/NHKgroup_social.jpg","width":1200,"height":630,"caption":"Nhk Group ApS"},"image":{"@id":"https:\/\/nhkmachineryparts.com\/#\/schema\/logo\/image\/"},"sameAs":["https:\/\/www.facebook.com\/NHK.Group.aps"]}]}},"_links":{"self":[{"href":"https:\/\/nhkmachineryparts.com\/es\/wp-json\/wp\/v2\/product\/2917","targetHints":{"allow":["GET"]}}],"collection":[{"href":"https:\/\/nhkmachineryparts.com\/es\/wp-json\/wp\/v2\/product"}],"about":[{"href":"https:\/\/nhkmachineryparts.com\/es\/wp-json\/wp\/v2\/types\/product"}],"wp:featuredmedia":[{"embeddable":true,"href":"https:\/\/nhkmachineryparts.com\/es\/wp-json\/wp\/v2\/media\/8509"}],"wp:attachment":[{"href":"https:\/\/nhkmachineryparts.com\/es\/wp-json\/wp\/v2\/media?parent=2917"}],"wp:term":[{"taxonomy":"product_brand","embeddable":true,"href":"https:\/\/nhkmachineryparts.com\/es\/wp-json\/wp\/v2\/product_brand?post=2917"},{"taxonomy":"product_cat","embeddable":true,"href":"https:\/\/nhkmachineryparts.com\/es\/wp-json\/wp\/v2\/product_cat?post=2917"},{"taxonomy":"product_tag","embeddable":true,"href":"https:\/\/nhkmachineryparts.com\/es\/wp-json\/wp\/v2\/product_tag?post=2917"}],"curies":[{"name":"Gracias","href":"https:\/\/api.w.org\/{rel}","templated":true}]}}