{"id":2094,"date":"2022-09-30T18:56:59","date_gmt":"2022-09-30T18:56:59","guid":{"rendered":"https:\/\/nhkmachineryparts.pawsfabrik.dk\/?post_type=product&#038;p=2094"},"modified":"2026-02-23T14:44:13","modified_gmt":"2026-02-23T12:44:13","slug":"motorreductor-317-en-acero-inoxidable-tipo-tefc","status":"publish","type":"product","link":"https:\/\/nhkmachineryparts.com\/es\/product\/317-gear-motor-in-stainless-steel-type-tefc\/","title":{"rendered":"Motorreductor en acero inoxidable tipo TEFC (Totally Enclosed Fan Cooled)"},"content":{"rendered":"<section class=\"vc_row vc_custom_1662993827263 liquid-row-shadowbox-69d139bb7781e vc_column-gap-0\"><div class=\"ld-container container\"><div class=\"row ld-row ld-row-outer\"><div class=\"wpb_column vc_column_container vc_col-sm-12 liquid-column-69d139bb77998\"><div class=\"vc_column-inner\" ><div class=\"wpb_wrapper\"  >\n\t<div class=\"wpb_text_column wpb_content_element\" >\n\t\t<div class=\"wpb_wrapper\">\n\t\t\t<h2>Motorreductores en la industria farmac\u00e9utica y de procesamiento de alimentos<\/h2>\n<p>Los motorreductores son un componente esencial en varios <a href=\"https:\/\/nhkmachineryparts.com\/es\/our-industries\/\" data-internallinksmanager029f6b8e52c=\"4\" title=\"Nuestras industrias\">industrias<\/a>, incluido el procesamiento de alimentos y los productos farmac\u00e9uticos. Se utilizan para proporcionar el par y la velocidad necesarios para impulsar equipos y m\u00e1quinas utilizados en la producci\u00f3n de alimentos y medicamentos. Sin embargo, estas industrias requieren tipos espec\u00edficos de motorreductores para cumplir con sus estrictos est\u00e1ndares de seguridad e higiene.<\/p>\n<p>Uno de esos tipos de motorreductor que est\u00e1 ganando popularidad en la industria farmac\u00e9utica y de procesamiento de alimentos es el motorreductor TEFC (totalmente cerrado y refrigerado por ventilador) de acero inoxidable. Este tipo de motorreductor ofrece varias ventajas que lo convierten en la opci\u00f3n preferida en estas industrias.<\/p>\n<h2>Alta resistencia a la corrosi\u00f3n y la contaminaci\u00f3n.<\/h2>\n<p>Los motores de engranajes TEFC de acero inoxidable est\u00e1n hechos de acero inoxidable de alta calidad, que es resistente a la corrosi\u00f3n y al \u00f3xido. Esta caracter\u00edstica es particularmente importante en la industria farmac\u00e9utica y de procesamiento de alimentos, donde la higiene y la limpieza son fundamentales. El uso de motorreductores de acero inoxidable garantiza que ning\u00fan contaminante, como bacterias, \u00f3xido u otros metales, entre en contacto con los alimentos o medicamentos.<\/p>\n<h2>F\u00e1cil de limpiar y mantener<\/h2>\n<p>Los motorreductores utilizados en la industria farmac\u00e9utica y de procesamiento de alimentos deben limpiarse y mantenerse peri\u00f3dicamente para garantizar que cumplan con los est\u00e1ndares de higiene. Los motorreductores TEFC de acero inoxidable son f\u00e1ciles de limpiar y mantener, ya que pueden soportar la limpieza a alta presi\u00f3n y diversas soluciones de limpieza sin sufrir da\u00f1os.<\/p>\n<h2>Seguridad mejorada<\/h2>\n<p>La industria farmac\u00e9utica y de procesamiento de alimentos est\u00e1 altamente regulada y la seguridad es una prioridad absoluta. Los motorreductores TEFC de acero inoxidable est\u00e1n dise\u00f1ados para cumplir con las normas y regulaciones de seguridad, lo que los convierte en una opci\u00f3n segura para su uso en estas industrias.<\/p>\n<h2>Eficiencia incrementada<\/h2>\n<p>Los motores de engranajes se utilizan para impulsar diversas m\u00e1quinas y equipos en la industria farmac\u00e9utica y de procesamiento de alimentos, como mezcladores, transportadores y bombas. Los motores de engranajes TEFC de acero inoxidable ofrecen alta eficiencia y capacidades de ahorro de energ\u00eda, lo que puede ayudar a reducir los costos operativos y aumentar la productividad.<\/p>\n<h2>Compatibilidad con entornos hostiles<\/h2>\n<p>La industria farmac\u00e9utica y de procesamiento de alimentos a menudo opera en entornos hostiles, como altas temperaturas, humedad y sustancias corrosivas. Los motores de engranajes TEFC de acero inoxidable est\u00e1n dise\u00f1ados para funcionar en dichos entornos sin da\u00f1os ni fallas, lo que garantiza un funcionamiento suave y una mayor longevidad.<\/p>\n<p>En conclusi\u00f3n, el uso de motorreductores en la industria farmac\u00e9utica y de procesamiento de alimentos es fundamental para el proceso de producci\u00f3n. Elegir el motorreductor adecuado, como el motorreductor TEFC de acero inoxidable, puede ayudar a mejorar la seguridad de los alimentos y medicamentos, aumentar la eficiencia y reducir los costos operativos. Al invertir en el motorreductor adecuado, las empresas pueden garantizar que su proceso de producci\u00f3n cumpla con los est\u00e1ndares de la industria, los requisitos reglamentarios y los m\u00e1s altos est\u00e1ndares de higiene y seguridad.<\/p>\n<h2>\u00bfListo para elevar tu precisi\u00f3n?<\/h2>\n<p>Como prometimos, ha obtenido informaci\u00f3n valiosa sobre el poder transformador de los componentes y piezas en el dise\u00f1o higi\u00e9nico de m\u00e1quinas de procesamiento de alimentos y productos farmac\u00e9uticos. Si est\u00e1 listo para mejorar la precisi\u00f3n, la confiabilidad y la excelencia operativa en sus procesos industriales, cont\u00e1ctenos ahora en nuestras ubicaciones globales:<\/p>\n<ul>\n<li><strong>Dinamarca:<\/strong> Staermosevej, 5610 Assens, (+45) 8988 2828<\/li>\n<li><strong>Alemania:<\/strong> Hamburger Landstra\u00dfe, Luneburgo, tel\u00e9fono: +(49) 17072 17358<\/li>\n<li><strong>Reino Unido:<\/strong> Marsh Way, Rainham, RM13 8EU<\/li>\n<li><strong>Hong Kong:<\/strong> Nathan Road, Kowloon<\/li>\n<\/ul>\n<p>Su viaje hacia una precisi\u00f3n y confiabilidad inigualables comienza con los componentes y piezas de NHK con dise\u00f1o higi\u00e9nico para m\u00e1quinas de procesamiento de alimentos y productos farmac\u00e9uticos. Transforme su panorama industrial: \u00a1cont\u00e1ctenos hoy!<\/p>\n<h2>Preguntas y contacto<\/h2>\n<p>\u00bfTiene alguna pregunta sobre nuestros productos? <a href=\"https:\/\/nhkmachineryparts.com\/es\/contacto\/\">Siempre puede contactarnos si tiene preguntas sobre el rendimiento y las soluciones para su m\u00e1quina o cualquier otra cosa. Puede leer m\u00e1s sobre c\u00f3mo contactarnos aqu\u00ed.<\/a>\u00a0Puede encontrarnos en Dinamarca, el Reino Unido, Alemania y Hong Kong.<\/p>\n<p>Consulte nuestra amplia <a href=\"https:\/\/nhkmachineryparts.com\/es\/linea-de-producto\/\">L\u00ednea de productos | Piezas de maquinaria NHK<\/a>\u00a0aqu\u00ed.<\/p>\n\n\t\t<\/div>\n\t<\/div>\n<\/div><\/div><\/div><\/div><\/div><\/section>","protected":false},"excerpt":{"rendered":"Gear Motors in the Food Processing and Pharmaceutical Industry Gear motors are an essential component in various industries, including food processing and pharmaceuticals. They are used to provide the necessary torque and speed to drive equipment and machines used in the production of food and medicine. However, these industries require specific types of gear motors [...]","protected":false},"featured_media":7853,"template":"","meta":[],"product_brand":[],"product_cat":[129],"product_tag":[],"class_list":{"0":"post-2094","1":"product","2":"type-product","3":"status-publish","4":"has-post-thumbnail","6":"product_cat-related-products","8":"first","9":"instock","10":"shipping-taxable","11":"product-type-simple"},"yoast_head":"<!-- This site is optimized with the Yoast SEO plugin v27.2 - https:\/\/yoast.com\/product\/yoast-seo-wordpress\/ -->\n<title>Gear motor in stainless steel type TEFC (Totally Enclosed Fan Cooled) | NHK Machinery Parts<\/title>\n<meta name=\"description\" content=\"Stainless steel TEFC (Totally Enclosed Fan Cooled) gear motors in the food processing and pharmaceutical Industry for improving food and medicine safety\" \/>\n<meta name=\"robots\" content=\"index, follow, max-snippet:-1, max-image-preview:large, max-video-preview:-1\" \/>\n<link rel=\"canonical\" href=\"https:\/\/nhkmachineryparts.com\/es\/producto\/motorreductor-317-en-acero-inoxidable-tipo-tefc\/\" \/>\n<meta property=\"og:locale\" content=\"es_ES\" \/>\n<meta property=\"og:type\" content=\"article\" \/>\n<meta property=\"og:title\" content=\"Gear motor in stainless steel type TEFC (Totally Enclosed Fan Cooled) | NHK Machinery Parts\" \/>\n<meta property=\"og:description\" content=\"Stainless steel TEFC (Totally Enclosed Fan Cooled) gear motors in the food processing and pharmaceutical Industry for improving food and medicine safety\" \/>\n<meta property=\"og:url\" content=\"https:\/\/nhkmachineryparts.com\/es\/producto\/motorreductor-317-en-acero-inoxidable-tipo-tefc\/\" \/>\n<meta property=\"og:site_name\" content=\"NHK Machinery Parts\" \/>\n<meta property=\"article:publisher\" content=\"https:\/\/www.facebook.com\/NHK.Group.aps\" \/>\n<meta property=\"article:modified_time\" content=\"2026-02-23T12:44:13+00:00\" \/>\n<meta property=\"og:image\" content=\"https:\/\/nhkmachineryparts.com\/wp-content\/uploads\/2023\/09\/TEFC-Stainless-Gear-motor.jpg\" \/>\n\t<meta property=\"og:image:width\" content=\"867\" \/>\n\t<meta property=\"og:image:height\" content=\"768\" \/>\n\t<meta property=\"og:image:type\" content=\"image\/jpeg\" \/>\n<meta name=\"twitter:card\" content=\"summary_large_image\" \/>\n<meta name=\"twitter:label1\" content=\"Tiempo de lectura\" \/>\n\t<meta name=\"twitter:data1\" content=\"3 minutos\" \/>\n<script type=\"application\/ld+json\" class=\"yoast-schema-graph\">{\"@context\":\"https:\/\/schema.org\",\"@graph\":[{\"@type\":\"WebPage\",\"@id\":\"https:\/\/nhkmachineryparts.com\/product\/317-gear-motor-in-stainless-steel-type-tefc\/\",\"url\":\"https:\/\/nhkmachineryparts.com\/product\/317-gear-motor-in-stainless-steel-type-tefc\/\",\"name\":\"Gear motor in stainless steel type TEFC (Totally Enclosed Fan Cooled) | NHK Machinery Parts\",\"isPartOf\":{\"@id\":\"https:\/\/nhkmachineryparts.com\/#website\"},\"primaryImageOfPage\":{\"@id\":\"https:\/\/nhkmachineryparts.com\/product\/317-gear-motor-in-stainless-steel-type-tefc\/#primaryimage\"},\"image\":{\"@id\":\"https:\/\/nhkmachineryparts.com\/product\/317-gear-motor-in-stainless-steel-type-tefc\/#primaryimage\"},\"thumbnailUrl\":\"https:\/\/nhkmachineryparts.com\/wp-content\/uploads\/2023\/09\/TEFC-Stainless-Gear-motor.jpg\",\"datePublished\":\"2022-09-30T18:56:59+00:00\",\"dateModified\":\"2026-02-23T12:44:13+00:00\",\"description\":\"Stainless steel TEFC (Totally Enclosed Fan Cooled) gear motors in the food processing and pharmaceutical Industry for improving food and medicine safety\",\"breadcrumb\":{\"@id\":\"https:\/\/nhkmachineryparts.com\/product\/317-gear-motor-in-stainless-steel-type-tefc\/#breadcrumb\"},\"inLanguage\":\"es\",\"potentialAction\":[{\"@type\":\"ReadAction\",\"target\":[\"https:\/\/nhkmachineryparts.com\/product\/317-gear-motor-in-stainless-steel-type-tefc\/\"]}]},{\"@type\":\"ImageObject\",\"inLanguage\":\"es\",\"@id\":\"https:\/\/nhkmachineryparts.com\/product\/317-gear-motor-in-stainless-steel-type-tefc\/#primaryimage\",\"url\":\"https:\/\/nhkmachineryparts.com\/wp-content\/uploads\/2023\/09\/TEFC-Stainless-Gear-motor.jpg\",\"contentUrl\":\"https:\/\/nhkmachineryparts.com\/wp-content\/uploads\/2023\/09\/TEFC-Stainless-Gear-motor.jpg\",\"width\":867,\"height\":768,\"caption\":\"TEFC Stainless Gear motors in the Food Processing and Pharmaceutical Industry\"},{\"@type\":\"BreadcrumbList\",\"@id\":\"https:\/\/nhkmachineryparts.com\/product\/317-gear-motor-in-stainless-steel-type-tefc\/#breadcrumb\",\"itemListElement\":[{\"@type\":\"ListItem\",\"position\":1,\"name\":\"Home\",\"item\":\"https:\/\/nhkmachineryparts.com\/\"},{\"@type\":\"ListItem\",\"position\":2,\"name\":\"Product line\",\"item\":\"https:\/\/nhkmachineryparts.com\/product-line\/\"},{\"@type\":\"ListItem\",\"position\":3,\"name\":\"Related products\",\"item\":\"https:\/\/nhkmachineryparts.com\/product-line\/related-products\/\"},{\"@type\":\"ListItem\",\"position\":4,\"name\":\"Gear motor in stainless steel type TEFC (Totally Enclosed Fan Cooled)\"}]},{\"@type\":\"WebSite\",\"@id\":\"https:\/\/nhkmachineryparts.com\/#website\",\"url\":\"https:\/\/nhkmachineryparts.com\/\",\"name\":\"NHK Machinery Parts\",\"description\":\"Bearing Houses, seismic levelling feet and levelling castors\",\"publisher\":{\"@id\":\"https:\/\/nhkmachineryparts.com\/#organization\"},\"potentialAction\":[{\"@type\":\"SearchAction\",\"target\":{\"@type\":\"EntryPoint\",\"urlTemplate\":\"https:\/\/nhkmachineryparts.com\/?s={search_term_string}\"},\"query-input\":{\"@type\":\"PropertyValueSpecification\",\"valueRequired\":true,\"valueName\":\"search_term_string\"}}],\"inLanguage\":\"es\"},{\"@type\":\"Organization\",\"@id\":\"https:\/\/nhkmachineryparts.com\/#organization\",\"name\":\"Nhk Group ApS\",\"url\":\"https:\/\/nhkmachineryparts.com\/\",\"logo\":{\"@type\":\"ImageObject\",\"inLanguage\":\"es\",\"@id\":\"https:\/\/nhkmachineryparts.com\/#\/schema\/logo\/image\/\",\"url\":\"https:\/\/nhkmachineryparts.com\/wp-content\/uploads\/2022\/09\/NHKgroup_social.jpg\",\"contentUrl\":\"https:\/\/nhkmachineryparts.com\/wp-content\/uploads\/2022\/09\/NHKgroup_social.jpg\",\"width\":1200,\"height\":630,\"caption\":\"Nhk Group ApS\"},\"image\":{\"@id\":\"https:\/\/nhkmachineryparts.com\/#\/schema\/logo\/image\/\"},\"sameAs\":[\"https:\/\/www.facebook.com\/NHK.Group.aps\"]}]}<\/script>\n<!-- \/ Yoast SEO plugin. -->","yoast_head_json":{"title":"Motorreductor en acero inoxidable tipo TEFC (Totally Enclosed Fan Cooled) | Piezas de maquinaria NHK","description":"Motores de engranajes TEFC (totalmente cerrados y refrigerados por ventilador) de acero inoxidable en la industria farmac\u00e9utica y de procesamiento de alimentos para mejorar la seguridad de los alimentos y los medicamentos","robots":{"index":"index","follow":"follow","max-snippet":"max-snippet:-1","max-image-preview":"max-image-preview:large","max-video-preview":"max-video-preview:-1"},"canonical":"https:\/\/nhkmachineryparts.com\/es\/producto\/motorreductor-317-en-acero-inoxidable-tipo-tefc\/","og_locale":"es_ES","og_type":"article","og_title":"Gear motor in stainless steel type TEFC (Totally Enclosed Fan Cooled) | NHK Machinery Parts","og_description":"Stainless steel TEFC (Totally Enclosed Fan Cooled) gear motors in the food processing and pharmaceutical Industry for improving food and medicine safety","og_url":"https:\/\/nhkmachineryparts.com\/es\/producto\/motorreductor-317-en-acero-inoxidable-tipo-tefc\/","og_site_name":"NHK Machinery Parts","article_publisher":"https:\/\/www.facebook.com\/NHK.Group.aps","article_modified_time":"2026-02-23T12:44:13+00:00","og_image":[{"width":867,"height":768,"url":"https:\/\/nhkmachineryparts.com\/wp-content\/uploads\/2023\/09\/TEFC-Stainless-Gear-motor.jpg","type":"image\/jpeg"}],"twitter_card":"summary_large_image","twitter_misc":{"Tiempo de lectura":"3 minutos"},"schema":{"@context":"https:\/\/schema.org","@graph":[{"@type":"WebPage","@id":"https:\/\/nhkmachineryparts.com\/product\/317-gear-motor-in-stainless-steel-type-tefc\/","url":"https:\/\/nhkmachineryparts.com\/product\/317-gear-motor-in-stainless-steel-type-tefc\/","name":"Motorreductor en acero inoxidable tipo TEFC (Totally Enclosed Fan Cooled) | Piezas de maquinaria NHK","isPartOf":{"@id":"https:\/\/nhkmachineryparts.com\/#website"},"primaryImageOfPage":{"@id":"https:\/\/nhkmachineryparts.com\/product\/317-gear-motor-in-stainless-steel-type-tefc\/#primaryimage"},"image":{"@id":"https:\/\/nhkmachineryparts.com\/product\/317-gear-motor-in-stainless-steel-type-tefc\/#primaryimage"},"thumbnailUrl":"https:\/\/nhkmachineryparts.com\/wp-content\/uploads\/2023\/09\/TEFC-Stainless-Gear-motor.jpg","datePublished":"2022-09-30T18:56:59+00:00","dateModified":"2026-02-23T12:44:13+00:00","description":"Motores de engranajes TEFC (totalmente cerrados y refrigerados por ventilador) de acero inoxidable en la industria farmac\u00e9utica y de procesamiento de alimentos para mejorar la seguridad de los alimentos y los medicamentos","breadcrumb":{"@id":"https:\/\/nhkmachineryparts.com\/product\/317-gear-motor-in-stainless-steel-type-tefc\/#breadcrumb"},"inLanguage":"es","potentialAction":[{"@type":"ReadAction","target":["https:\/\/nhkmachineryparts.com\/product\/317-gear-motor-in-stainless-steel-type-tefc\/"]}]},{"@type":"ImageObject","inLanguage":"es","@id":"https:\/\/nhkmachineryparts.com\/product\/317-gear-motor-in-stainless-steel-type-tefc\/#primaryimage","url":"https:\/\/nhkmachineryparts.com\/wp-content\/uploads\/2023\/09\/TEFC-Stainless-Gear-motor.jpg","contentUrl":"https:\/\/nhkmachineryparts.com\/wp-content\/uploads\/2023\/09\/TEFC-Stainless-Gear-motor.jpg","width":867,"height":768,"caption":"TEFC Stainless Gear motors in the Food Processing and Pharmaceutical Industry"},{"@type":"BreadcrumbList","@id":"https:\/\/nhkmachineryparts.com\/product\/317-gear-motor-in-stainless-steel-type-tefc\/#breadcrumb","itemListElement":[{"@type":"ListItem","position":1,"name":"Home","item":"https:\/\/nhkmachineryparts.com\/"},{"@type":"ListItem","position":2,"name":"Product line","item":"https:\/\/nhkmachineryparts.com\/product-line\/"},{"@type":"ListItem","position":3,"name":"Related products","item":"https:\/\/nhkmachineryparts.com\/product-line\/related-products\/"},{"@type":"ListItem","position":4,"name":"Gear motor in stainless steel type TEFC (Totally Enclosed Fan Cooled)"}]},{"@type":"WebSite","@id":"https:\/\/nhkmachineryparts.com\/#website","url":"https:\/\/nhkmachineryparts.com\/","name":"Piezas de maquinaria NHK","description":"Casas de rodamiento, pies niveladores s\u00edsmicos y ruedas niveladoras","publisher":{"@id":"https:\/\/nhkmachineryparts.com\/#organization"},"potentialAction":[{"@type":"SearchAction","target":{"@type":"EntryPoint","urlTemplate":"https:\/\/nhkmachineryparts.com\/?s={search_term_string}"},"query-input":{"@type":"PropertyValueSpecification","valueRequired":true,"valueName":"search_term_string"}}],"inLanguage":"es"},{"@type":"Organization","@id":"https:\/\/nhkmachineryparts.com\/#organization","name":"Grupo Nhk ApS","url":"https:\/\/nhkmachineryparts.com\/","logo":{"@type":"ImageObject","inLanguage":"es","@id":"https:\/\/nhkmachineryparts.com\/#\/schema\/logo\/image\/","url":"https:\/\/nhkmachineryparts.com\/wp-content\/uploads\/2022\/09\/NHKgroup_social.jpg","contentUrl":"https:\/\/nhkmachineryparts.com\/wp-content\/uploads\/2022\/09\/NHKgroup_social.jpg","width":1200,"height":630,"caption":"Nhk Group ApS"},"image":{"@id":"https:\/\/nhkmachineryparts.com\/#\/schema\/logo\/image\/"},"sameAs":["https:\/\/www.facebook.com\/NHK.Group.aps"]}]}},"_links":{"self":[{"href":"https:\/\/nhkmachineryparts.com\/es\/wp-json\/wp\/v2\/product\/2094","targetHints":{"allow":["GET"]}}],"collection":[{"href":"https:\/\/nhkmachineryparts.com\/es\/wp-json\/wp\/v2\/product"}],"about":[{"href":"https:\/\/nhkmachineryparts.com\/es\/wp-json\/wp\/v2\/types\/product"}],"wp:featuredmedia":[{"embeddable":true,"href":"https:\/\/nhkmachineryparts.com\/es\/wp-json\/wp\/v2\/media\/7853"}],"wp:attachment":[{"href":"https:\/\/nhkmachineryparts.com\/es\/wp-json\/wp\/v2\/media?parent=2094"}],"wp:term":[{"taxonomy":"product_brand","embeddable":true,"href":"https:\/\/nhkmachineryparts.com\/es\/wp-json\/wp\/v2\/product_brand?post=2094"},{"taxonomy":"product_cat","embeddable":true,"href":"https:\/\/nhkmachineryparts.com\/es\/wp-json\/wp\/v2\/product_cat?post=2094"},{"taxonomy":"product_tag","embeddable":true,"href":"https:\/\/nhkmachineryparts.com\/es\/wp-json\/wp\/v2\/product_tag?post=2094"}],"curies":[{"name":"Gracias","href":"https:\/\/api.w.org\/{rel}","templated":true}]}}