{"id":2052,"date":"2022-09-30T18:22:07","date_gmt":"2022-09-30T18:22:07","guid":{"rendered":"https:\/\/nhkmachineryparts.pawsfabrik.dk\/?post_type=product&#038;p=2052"},"modified":"2026-02-23T14:45:01","modified_gmt":"2026-02-23T12:45:01","slug":"329-tripode-en-poliamida-reforzada","status":"publish","type":"product","link":"https:\/\/nhkmachineryparts.com\/es\/product\/329-tripod-in-reinforced-polyamide\/","title":{"rendered":"Tr\u00edpode de poliamida reforzada con inserciones de lat\u00f3n."},"content":{"rendered":"<section class=\"vc_row vc_custom_1662993827263 liquid-row-shadowbox-69d3ca456b4e2 vc_column-gap-0\"><div class=\"ld-container container\"><div class=\"row ld-row ld-row-outer\"><div class=\"wpb_column vc_column_container vc_col-sm-12 liquid-column-69d3ca456b6a8\"><div class=\"vc_column-inner\" ><div class=\"wpb_wrapper\"  >\n\t<div class=\"wpb_text_column wpb_content_element\" >\n\t\t<div class=\"wpb_wrapper\">\n\t\t\t<h2>Tr\u00edpode de poliamida reforzada con inserciones de lat\u00f3n.<\/h2>\n<p>Especificaci\u00f3n del tr\u00edpode:<br \/>\n3SB482-M12 Di\u00e1metro interior del tubo 48,2 mm<br \/>\n3SB509-M12 Di\u00e1metro interior del tubo 50,9 mm<br \/>\n3SB603-M12 DI del tubo 60,3 mm<\/p>\n<p>3SB482-M16 DI del tubo 48,2 mm<br \/>\n3SB509-M16 Di\u00e1metro interior del tubo 50,9 mm<br \/>\n3SB603-M16 Di\u00e1metro interior del tubo 60,3 mm<\/p>\n<p>Di\u00e1metro exterior 500 mm<br \/>\nPerno y tuerca en acero inoxidable A2-70<br \/>\nCuerpo: PA6 \u2013 Poliamida reforzada con vidrio<br \/>\nInserto de lat\u00f3n: M12 o M16<br \/>\nColor: Negro o Azul<\/p>\n<h2>Componentes de soporte del transportador tr\u00edpode<\/h2>\n<p>El tubo se fija con dos tornillos inoxidables A2-70 para asegurar un correcto apriete.<br \/>\nLos tr\u00edpodes de poliamida reforzada est\u00e1n dise\u00f1ados para usarse con tubos huecos redondos.<br \/>\nEl tr\u00edpode se utiliza junto con <a href=\"https:\/\/nhkmachineryparts.com\/es\/product-line\/stainless-steel-solid-base-feet\/\" data-internallinksmanager029f6b8e52c=\"7\" title=\"Pies niveladores de m\u00e1quina con placa base s\u00f3lida\">pies niveladores<\/a><br \/>\nConecte el pie nivelador y el tubo redondo hueco al tr\u00edpode.<br \/>\nColoque el tubo redondo hueco en la maquinaria o marco deseado.<\/p>\n<p><a href=\"https:\/\/nhkmachineryparts.com\/es\/linea-de-producto\/categoria\/50-piezas-transportadoras-higienicas-en-diseno-de-acero-inoxidable\/\">Componentes de maquinaria en dise\u00f1o higi\u00e9nico.<\/a><\/p>\n<p><a href=\"https:\/\/nhkmachineryparts.com\/es\/contacto\/\">Para otro tama\u00f1o, por favor cont\u00e1ctenos.<\/a><\/p>\n\n\t\t<\/div>\n\t<\/div>\n<\/div><\/div><\/div><\/div><\/div><\/section>","protected":false},"excerpt":{"rendered":"Tripod in reinforced polyamide with brass inserts Tripod Specification: 3SB482-M12 Tube ID 48.2mm 3SB509-M12 Tube ID 50.9mm 3SB603-M12 Tube ID 60.3mm 3SB482-M16 Tube ID 48.2mm 3SB509-M16 Tube ID 50.9mm 3SB603-M16 Tube ID 60.3mm Outer diameter 500mm Bolt and nut in stainless steel A2-70 Body: PA6 \u2013 Polyamide glass reinforced Brass Insert: M12 or M16 Colour: [...]","protected":false},"featured_media":38323,"template":"","meta":[],"product_brand":[],"product_cat":[132,61],"product_tag":[],"class_list":{"0":"post-2052","1":"product","2":"type-product","3":"status-publish","4":"has-post-thumbnail","6":"product_cat-machinery-components","7":"product_cat-conveyor-components-and-machinery-parts","9":"first","10":"instock","11":"shipping-taxable","12":"product-type-simple"},"yoast_head":"<!-- This site is optimized with the Yoast SEO plugin v27.3 - https:\/\/yoast.com\/product\/yoast-seo-wordpress\/ -->\n<title>Tripod in reinforced polyamide with brass inserts | NHK Machinery Parts<\/title>\n<meta name=\"description\" content=\"Tripods are used with round hollow tubes and in conjunction with levelling feet, attach the round hollow tubes to desired machinery or frame\" \/>\n<meta name=\"robots\" content=\"index, follow, max-snippet:-1, max-image-preview:large, max-video-preview:-1\" \/>\n<link rel=\"canonical\" href=\"https:\/\/nhkmachineryparts.com\/es\/producto\/329-tripode-en-poliamida-reforzada\/\" \/>\n<meta property=\"og:locale\" content=\"es_ES\" \/>\n<meta property=\"og:type\" content=\"article\" \/>\n<meta property=\"og:title\" content=\"Tripod in reinforced polyamide with brass inserts | NHK Machinery Parts\" \/>\n<meta property=\"og:description\" content=\"Tripods are used with round hollow tubes and in conjunction with levelling feet, attach the round hollow tubes to desired machinery or frame\" \/>\n<meta property=\"og:url\" content=\"https:\/\/nhkmachineryparts.com\/es\/producto\/329-tripode-en-poliamida-reforzada\/\" \/>\n<meta property=\"og:site_name\" content=\"NHK Machinery Parts\" \/>\n<meta property=\"article:publisher\" content=\"https:\/\/www.facebook.com\/NHK.Group.aps\" \/>\n<meta property=\"article:modified_time\" content=\"2026-02-23T12:45:01+00:00\" \/>\n<meta property=\"og:image\" content=\"https:\/\/nhkmachineryparts.com\/wp-content\/uploads\/2022\/09\/Blue-Tripod-in-reinforced-polyamide-with-brass-inserts.jpg\" \/>\n\t<meta property=\"og:image:width\" content=\"500\" \/>\n\t<meta property=\"og:image:height\" content=\"500\" \/>\n\t<meta property=\"og:image:type\" content=\"image\/jpeg\" \/>\n<meta name=\"twitter:card\" content=\"summary_large_image\" \/>\n<meta name=\"twitter:label1\" content=\"Tiempo de lectura\" \/>\n\t<meta name=\"twitter:data1\" content=\"1 minuto\" \/>\n<script type=\"application\/ld+json\" class=\"yoast-schema-graph\">{\"@context\":\"https:\\\/\\\/schema.org\",\"@graph\":[{\"@type\":\"WebPage\",\"@id\":\"https:\\\/\\\/nhkmachineryparts.com\\\/product\\\/329-tripod-in-reinforced-polyamide\\\/\",\"url\":\"https:\\\/\\\/nhkmachineryparts.com\\\/product\\\/329-tripod-in-reinforced-polyamide\\\/\",\"name\":\"Tripod in reinforced polyamide with brass inserts | NHK Machinery Parts\",\"isPartOf\":{\"@id\":\"https:\\\/\\\/nhkmachineryparts.com\\\/#website\"},\"primaryImageOfPage\":{\"@id\":\"https:\\\/\\\/nhkmachineryparts.com\\\/product\\\/329-tripod-in-reinforced-polyamide\\\/#primaryimage\"},\"image\":{\"@id\":\"https:\\\/\\\/nhkmachineryparts.com\\\/product\\\/329-tripod-in-reinforced-polyamide\\\/#primaryimage\"},\"thumbnailUrl\":\"https:\\\/\\\/nhkmachineryparts.com\\\/wp-content\\\/uploads\\\/2022\\\/09\\\/Blue-Tripod-in-reinforced-polyamide-with-brass-inserts.jpg\",\"datePublished\":\"2022-09-30T18:22:07+00:00\",\"dateModified\":\"2026-02-23T12:45:01+00:00\",\"description\":\"Tripods are used with round hollow tubes and in conjunction with levelling feet, attach the round hollow tubes to desired machinery or frame\",\"breadcrumb\":{\"@id\":\"https:\\\/\\\/nhkmachineryparts.com\\\/product\\\/329-tripod-in-reinforced-polyamide\\\/#breadcrumb\"},\"inLanguage\":\"es\",\"potentialAction\":[{\"@type\":\"ReadAction\",\"target\":[\"https:\\\/\\\/nhkmachineryparts.com\\\/product\\\/329-tripod-in-reinforced-polyamide\\\/\"]}]},{\"@type\":\"ImageObject\",\"inLanguage\":\"es\",\"@id\":\"https:\\\/\\\/nhkmachineryparts.com\\\/product\\\/329-tripod-in-reinforced-polyamide\\\/#primaryimage\",\"url\":\"https:\\\/\\\/nhkmachineryparts.com\\\/wp-content\\\/uploads\\\/2022\\\/09\\\/Blue-Tripod-in-reinforced-polyamide-with-brass-inserts.jpg\",\"contentUrl\":\"https:\\\/\\\/nhkmachineryparts.com\\\/wp-content\\\/uploads\\\/2022\\\/09\\\/Blue-Tripod-in-reinforced-polyamide-with-brass-inserts.jpg\",\"width\":500,\"height\":500,\"caption\":\"Blue Tripod in reinforced polyamide with brass inserts\"},{\"@type\":\"BreadcrumbList\",\"@id\":\"https:\\\/\\\/nhkmachineryparts.com\\\/product\\\/329-tripod-in-reinforced-polyamide\\\/#breadcrumb\",\"itemListElement\":[{\"@type\":\"ListItem\",\"position\":1,\"name\":\"Home\",\"item\":\"https:\\\/\\\/nhkmachineryparts.com\\\/\"},{\"@type\":\"ListItem\",\"position\":2,\"name\":\"Product line\",\"item\":\"https:\\\/\\\/nhkmachineryparts.com\\\/product-line\\\/\"},{\"@type\":\"ListItem\",\"position\":3,\"name\":\"Machinery Components and Mounting Bracket\",\"item\":\"https:\\\/\\\/nhkmachineryparts.com\\\/product-line\\\/conveyor-components-and-machinery-parts\\\/\"},{\"@type\":\"ListItem\",\"position\":4,\"name\":\"Tripod in reinforced polyamide with brass inserts\"}]},{\"@type\":\"WebSite\",\"@id\":\"https:\\\/\\\/nhkmachineryparts.com\\\/#website\",\"url\":\"https:\\\/\\\/nhkmachineryparts.com\\\/\",\"name\":\"NHK Machinery Parts\",\"description\":\"Bearing Houses, seismic levelling feet and levelling castors\",\"publisher\":{\"@id\":\"https:\\\/\\\/nhkmachineryparts.com\\\/#organization\"},\"potentialAction\":[{\"@type\":\"SearchAction\",\"target\":{\"@type\":\"EntryPoint\",\"urlTemplate\":\"https:\\\/\\\/nhkmachineryparts.com\\\/?s={search_term_string}\"},\"query-input\":{\"@type\":\"PropertyValueSpecification\",\"valueRequired\":true,\"valueName\":\"search_term_string\"}}],\"inLanguage\":\"es\"},{\"@type\":\"Organization\",\"@id\":\"https:\\\/\\\/nhkmachineryparts.com\\\/#organization\",\"name\":\"Nhk Group ApS\",\"url\":\"https:\\\/\\\/nhkmachineryparts.com\\\/\",\"logo\":{\"@type\":\"ImageObject\",\"inLanguage\":\"es\",\"@id\":\"https:\\\/\\\/nhkmachineryparts.com\\\/#\\\/schema\\\/logo\\\/image\\\/\",\"url\":\"https:\\\/\\\/nhkmachineryparts.com\\\/wp-content\\\/uploads\\\/2022\\\/09\\\/NHKgroup_social.jpg\",\"contentUrl\":\"https:\\\/\\\/nhkmachineryparts.com\\\/wp-content\\\/uploads\\\/2022\\\/09\\\/NHKgroup_social.jpg\",\"width\":1200,\"height\":630,\"caption\":\"Nhk Group ApS\"},\"image\":{\"@id\":\"https:\\\/\\\/nhkmachineryparts.com\\\/#\\\/schema\\\/logo\\\/image\\\/\"},\"sameAs\":[\"https:\\\/\\\/www.facebook.com\\\/NHK.Group.aps\"]}]}<\/script>\n<!-- \/ Yoast SEO plugin. -->","yoast_head_json":{"title":"Tr\u00edpode de poliamida reforzada con inserciones de lat\u00f3n | Piezas de maquinaria NHK","description":"Los tr\u00edpodes se utilizan con tubos huecos redondos y, junto con pies niveladores, fijan los tubos huecos redondos a la maquinaria o estructura deseada.","robots":{"index":"index","follow":"follow","max-snippet":"max-snippet:-1","max-image-preview":"max-image-preview:large","max-video-preview":"max-video-preview:-1"},"canonical":"https:\/\/nhkmachineryparts.com\/es\/producto\/329-tripode-en-poliamida-reforzada\/","og_locale":"es_ES","og_type":"article","og_title":"Tripod in reinforced polyamide with brass inserts | NHK Machinery Parts","og_description":"Tripods are used with round hollow tubes and in conjunction with levelling feet, attach the round hollow tubes to desired machinery or frame","og_url":"https:\/\/nhkmachineryparts.com\/es\/producto\/329-tripode-en-poliamida-reforzada\/","og_site_name":"NHK Machinery Parts","article_publisher":"https:\/\/www.facebook.com\/NHK.Group.aps","article_modified_time":"2026-02-23T12:45:01+00:00","og_image":[{"width":500,"height":500,"url":"https:\/\/nhkmachineryparts.com\/wp-content\/uploads\/2022\/09\/Blue-Tripod-in-reinforced-polyamide-with-brass-inserts.jpg","type":"image\/jpeg"}],"twitter_card":"summary_large_image","twitter_misc":{"Tiempo de lectura":"1 minuto"},"schema":{"@context":"https:\/\/schema.org","@graph":[{"@type":"WebPage","@id":"https:\/\/nhkmachineryparts.com\/product\/329-tripod-in-reinforced-polyamide\/","url":"https:\/\/nhkmachineryparts.com\/product\/329-tripod-in-reinforced-polyamide\/","name":"Tr\u00edpode de poliamida reforzada con inserciones de lat\u00f3n | Piezas de maquinaria NHK","isPartOf":{"@id":"https:\/\/nhkmachineryparts.com\/#website"},"primaryImageOfPage":{"@id":"https:\/\/nhkmachineryparts.com\/product\/329-tripod-in-reinforced-polyamide\/#primaryimage"},"image":{"@id":"https:\/\/nhkmachineryparts.com\/product\/329-tripod-in-reinforced-polyamide\/#primaryimage"},"thumbnailUrl":"https:\/\/nhkmachineryparts.com\/wp-content\/uploads\/2022\/09\/Blue-Tripod-in-reinforced-polyamide-with-brass-inserts.jpg","datePublished":"2022-09-30T18:22:07+00:00","dateModified":"2026-02-23T12:45:01+00:00","description":"Los tr\u00edpodes se utilizan con tubos huecos redondos y, junto con pies niveladores, fijan los tubos huecos redondos a la maquinaria o estructura deseada.","breadcrumb":{"@id":"https:\/\/nhkmachineryparts.com\/product\/329-tripod-in-reinforced-polyamide\/#breadcrumb"},"inLanguage":"es","potentialAction":[{"@type":"ReadAction","target":["https:\/\/nhkmachineryparts.com\/product\/329-tripod-in-reinforced-polyamide\/"]}]},{"@type":"ImageObject","inLanguage":"es","@id":"https:\/\/nhkmachineryparts.com\/product\/329-tripod-in-reinforced-polyamide\/#primaryimage","url":"https:\/\/nhkmachineryparts.com\/wp-content\/uploads\/2022\/09\/Blue-Tripod-in-reinforced-polyamide-with-brass-inserts.jpg","contentUrl":"https:\/\/nhkmachineryparts.com\/wp-content\/uploads\/2022\/09\/Blue-Tripod-in-reinforced-polyamide-with-brass-inserts.jpg","width":500,"height":500,"caption":"Blue Tripod in reinforced polyamide with brass inserts"},{"@type":"BreadcrumbList","@id":"https:\/\/nhkmachineryparts.com\/product\/329-tripod-in-reinforced-polyamide\/#breadcrumb","itemListElement":[{"@type":"ListItem","position":1,"name":"Home","item":"https:\/\/nhkmachineryparts.com\/"},{"@type":"ListItem","position":2,"name":"Product line","item":"https:\/\/nhkmachineryparts.com\/product-line\/"},{"@type":"ListItem","position":3,"name":"Machinery Components and Mounting Bracket","item":"https:\/\/nhkmachineryparts.com\/product-line\/conveyor-components-and-machinery-parts\/"},{"@type":"ListItem","position":4,"name":"Tripod in reinforced polyamide with brass inserts"}]},{"@type":"WebSite","@id":"https:\/\/nhkmachineryparts.com\/#website","url":"https:\/\/nhkmachineryparts.com\/","name":"Piezas de maquinaria NHK","description":"Casas de rodamiento, pies niveladores s\u00edsmicos y ruedas niveladoras","publisher":{"@id":"https:\/\/nhkmachineryparts.com\/#organization"},"potentialAction":[{"@type":"SearchAction","target":{"@type":"EntryPoint","urlTemplate":"https:\/\/nhkmachineryparts.com\/?s={search_term_string}"},"query-input":{"@type":"PropertyValueSpecification","valueRequired":true,"valueName":"search_term_string"}}],"inLanguage":"es"},{"@type":"Organization","@id":"https:\/\/nhkmachineryparts.com\/#organization","name":"Grupo Nhk ApS","url":"https:\/\/nhkmachineryparts.com\/","logo":{"@type":"ImageObject","inLanguage":"es","@id":"https:\/\/nhkmachineryparts.com\/#\/schema\/logo\/image\/","url":"https:\/\/nhkmachineryparts.com\/wp-content\/uploads\/2022\/09\/NHKgroup_social.jpg","contentUrl":"https:\/\/nhkmachineryparts.com\/wp-content\/uploads\/2022\/09\/NHKgroup_social.jpg","width":1200,"height":630,"caption":"Nhk Group ApS"},"image":{"@id":"https:\/\/nhkmachineryparts.com\/#\/schema\/logo\/image\/"},"sameAs":["https:\/\/www.facebook.com\/NHK.Group.aps"]}]}},"_links":{"self":[{"href":"https:\/\/nhkmachineryparts.com\/es\/wp-json\/wp\/v2\/product\/2052","targetHints":{"allow":["GET"]}}],"collection":[{"href":"https:\/\/nhkmachineryparts.com\/es\/wp-json\/wp\/v2\/product"}],"about":[{"href":"https:\/\/nhkmachineryparts.com\/es\/wp-json\/wp\/v2\/types\/product"}],"wp:featuredmedia":[{"embeddable":true,"href":"https:\/\/nhkmachineryparts.com\/es\/wp-json\/wp\/v2\/media\/38323"}],"wp:attachment":[{"href":"https:\/\/nhkmachineryparts.com\/es\/wp-json\/wp\/v2\/media?parent=2052"}],"wp:term":[{"taxonomy":"product_brand","embeddable":true,"href":"https:\/\/nhkmachineryparts.com\/es\/wp-json\/wp\/v2\/product_brand?post=2052"},{"taxonomy":"product_cat","embeddable":true,"href":"https:\/\/nhkmachineryparts.com\/es\/wp-json\/wp\/v2\/product_cat?post=2052"},{"taxonomy":"product_tag","embeddable":true,"href":"https:\/\/nhkmachineryparts.com\/es\/wp-json\/wp\/v2\/product_tag?post=2052"}],"curies":[{"name":"Gracias","href":"https:\/\/api.w.org\/{rel}","templated":true}]}}